{"id":378,"date":"2021-03-14T21:11:05","date_gmt":"2021-03-14T21:11:05","guid":{"rendered":"https:\/\/manage.exporplas\/?page_id=378"},"modified":"2023-04-18T15:08:41","modified_gmt":"2023-04-18T15:08:41","slug":"projetos","status":"publish","type":"page","link":"https:\/\/exporplas.pt\/pt-pt\/projetos\/","title":{"rendered":"PROJETOS"},"content":{"rendered":"<p>[et_pb_section fb_built=&#8221;1&#8243; _builder_version=&#8221;4.16&#8243; _module_preset=&#8221;default&#8221; global_colors_info=&#8221;{}&#8221;][et_pb_row _builder_version=&#8221;4.16&#8243; _module_preset=&#8221;default&#8221; locked=&#8221;off&#8221; global_colors_info=&#8221;{}&#8221;][et_pb_column type=&#8221;4_4&#8243; _builder_version=&#8221;4.16&#8243; _module_preset=&#8221;default&#8221; global_colors_info=&#8221;{}&#8221;][et_pb_text _builder_version=&#8221;4.18.1&#8243; _module_preset=&#8221;ad3c469a-73a4-4c1e-8e67-4ce21c3633ec&#8221; text_text_color=&#8221;#6caf3f&#8221; text_font_size=&#8221;19px&#8221; header_2_text_align=&#8221;center&#8221; header_2_text_color=&#8221;#6caf3f&#8221; locked=&#8221;off&#8221; global_colors_info=&#8221;{}&#8221;]<\/p>\n<h2>PROJETOS DE INVESTIMENTO EM CURSO<\/h2>\n<p>[\/et_pb_text][et_pb_divider color=&#8221;#cccccc&#8221; divider_weight=&#8221;1px&#8221; _builder_version=&#8221;4.16&#8243; _module_preset=&#8221;default&#8221; z_index=&#8221;1&#8243; width=&#8221;250px&#8221; module_alignment=&#8221;center&#8221; global_colors_info=&#8221;{}&#8221;][\/et_pb_divider][et_pb_divider divider_weight=&#8221;4px&#8221; _builder_version=&#8221;4.16&#8243; _module_preset=&#8221;default&#8221; z_index=&#8221;1&#8243; width=&#8221;95px&#8221; module_alignment=&#8221;center&#8221; custom_margin=&#8221;-54px||||false|false&#8221; custom_padding=&#8221;0px||||false|false&#8221; global_colors_info=&#8221;{}&#8221;][\/et_pb_divider][\/et_pb_column][\/et_pb_row][\/et_pb_section][et_pb_section fb_built=&#8221;1&#8243; _builder_version=&#8221;4.16&#8243; _module_preset=&#8221;default&#8221; custom_padding=&#8221;0px||0px||true|false&#8221; global_colors_info=&#8221;{}&#8221;][et_pb_row _builder_version=&#8221;4.16&#8243; _module_preset=&#8221;default&#8221; global_colors_info=&#8221;{}&#8221;][et_pb_column type=&#8221;4_4&#8243; _builder_version=&#8221;4.16&#8243; _module_preset=&#8221;default&#8221; global_colors_info=&#8221;{}&#8221;][et_pb_text _builder_version=&#8221;4.18.1&#8243; _module_preset=&#8221;default&#8221; header_font=&#8221;||||||||&#8221; header_3_font=&#8221;Montserrat|300|||||||&#8221; header_3_text_color=&#8221;#6caf3f&#8221; header_3_font_size=&#8221;26px&#8221; global_colors_info=&#8221;{}&#8221;]<\/p>\n<h3>Projeto EXPORPL\u00c1S &#8211; COVID-19<\/h3>\n<p>[\/et_pb_text][et_pb_button button_text=&#8221;VER MAIS&#8221; module_class=&#8221;rv_button closed&#8221; _builder_version=&#8221;4.18.1&#8243; _module_preset=&#8221;default&#8221; custom_button=&#8221;on&#8221; button_text_size=&#8221;14px&#8221; button_text_color=&#8221;#6caf3f&#8221; button_border_width=&#8221;0px&#8221; button_font=&#8221;Montserrat||||||||&#8221; button_icon=&#8221;&#x33;||divi||400&#8243; button_icon_placement=&#8221;left&#8221; button_on_hover=&#8221;off&#8221; global_colors_info=&#8221;{}&#8221;][\/et_pb_button][\/et_pb_column][\/et_pb_row][et_pb_row module_id=&#8221;reveal&#8221; _builder_version=&#8221;4.16&#8243; _module_preset=&#8221;default&#8221; global_colors_info=&#8221;{}&#8221;][et_pb_column type=&#8221;4_4&#8243; _builder_version=&#8221;4.16&#8243; _module_preset=&#8221;default&#8221; global_colors_info=&#8221;{}&#8221;][et_pb_blurb image=&#8221;https:\/\/exporplas.pt\/wp-content\/uploads\/2021\/03\/POCentro_PT2020_FEDER_Bom.jpg&#8221; _builder_version=&#8221;4.16&#8243; _module_preset=&#8221;default&#8221; body_font=&#8221;||||||||&#8221; body_font_size=&#8221;17px&#8221; global_colors_info=&#8221;{}&#8221;]<\/p>\n<p>Designa\u00e7\u00e3o do projeto | EXPORPL\u00c1S &#8211; COVID-19<br \/>\nC\u00f3digo do projeto | CENTRO-02-0889-FEDER-060593<br \/>\nObjetivo principal| Refor\u00e7ar a Competitividade das PME<br \/>\nRegi\u00e3o de Interven\u00e7\u00e3o | CENTRO<br \/>\nEntidade benefici\u00e1ria | EXPORPL\u00c1S &#8211; IND\u00daSTRIA DE EXPORTA\u00c7\u00c3O DE PL\u00c1STICOS, S.A.<\/p>\n<p>Data de aprova\u00e7\u00e3o | 2020-07-24<br \/>\nData de in\u00edcio | 2020-05-25<br \/>\nData de conclus\u00e3o | 2020-11-15<br \/>\nCusto total eleg\u00edvel | 6.547,50\u20ac<br \/>\nApoio financeiro da Uni\u00e3o Europeia | FEDER 3.237,75\u20ac<\/p>\n<p>S\u00edntese do projeto:<br \/>\nO presente projeto visa a melhoria organizacional da empresa, no que refere a medidas de controlo da Pandemia do COVID-19, nomeadamente aquisi\u00e7\u00e3o de equipamento de controlo.<\/p>\n<p>[\/et_pb_blurb][et_pb_code _builder_version=&#8221;4.16&#8243; _module_preset=&#8221;default&#8221; global_colors_info=&#8221;{}&#8221;]<\/p>\n<style type=\"text\/css\"><!-- [et_pb_line_break_holder] -->.rv_button.closed:after {content:\"\\33\";}<!-- [et_pb_line_break_holder] -->.rv_button.opened:after{content:\"\\32\";}<!-- [et_pb_line_break_holder] --><\/style>\n<p><!-- [et_pb_line_break_holder] --><script type=\"text\/javascript\"><!-- [et_pb_line_break_holder] --> jQuery(document).ready(function() {<!-- [et_pb_line_break_holder] -->\/\/ Hide the div<!-- [et_pb_line_break_holder] -->jQuery('#reveal').hide();<!-- [et_pb_line_break_holder] -->jQuery('.rv_button').click(function(e){<!-- [et_pb_line_break_holder] -->e.preventDefault();jQuery(\"#reveal\").slideToggle();<!-- [et_pb_line_break_holder] -->jQuery('.rv_button').toggleClass('opened closed');<!-- [et_pb_line_break_holder] -->});<!-- [et_pb_line_break_holder] -->});<!-- [et_pb_line_break_holder] --><\/script>[\/et_pb_code][\/et_pb_column][\/et_pb_row][\/et_pb_section][et_pb_section fb_built=&#8221;1&#8243; _builder_version=&#8221;4.16&#8243; _module_preset=&#8221;default&#8221; custom_padding=&#8221;0px||0px||true|false&#8221; global_colors_info=&#8221;{}&#8221;][et_pb_row _builder_version=&#8221;4.16&#8243; _module_preset=&#8221;default&#8221; global_colors_info=&#8221;{}&#8221;][et_pb_column type=&#8221;4_4&#8243; _builder_version=&#8221;4.16&#8243; _module_preset=&#8221;default&#8221; global_colors_info=&#8221;{}&#8221;][et_pb_text _builder_version=&#8221;4.18.1&#8243; _module_preset=&#8221;default&#8221; header_3_font=&#8221;Montserrat|300|||||||&#8221; header_3_text_color=&#8221;#6caf3f&#8221; header_3_font_size=&#8221;26px&#8221; global_colors_info=&#8221;{}&#8221;]<\/p>\n<h3>Projeto EXPORPL\u00c1S &#8211; QUALIFICA\u00c7\u00c3O<\/h3>\n<p>[\/et_pb_text][et_pb_button button_text=&#8221;VER MAIS&#8221; module_class=&#8221;rv_button1 closed&#8221; _builder_version=&#8221;4.18.1&#8243; _module_preset=&#8221;default&#8221; custom_button=&#8221;on&#8221; button_text_size=&#8221;14px&#8221; button_text_color=&#8221;#6caf3f&#8221; button_border_width=&#8221;0px&#8221; button_font=&#8221;Montserrat||||||||&#8221; button_icon=&#8221;&#x33;||divi||400&#8243; button_icon_placement=&#8221;left&#8221; button_on_hover=&#8221;off&#8221; global_colors_info=&#8221;{}&#8221;][\/et_pb_button][\/et_pb_column][\/et_pb_row][et_pb_row module_id=&#8221;reveal1&#8243; _builder_version=&#8221;4.16&#8243; _module_preset=&#8221;default&#8221; global_colors_info=&#8221;{}&#8221;][et_pb_column type=&#8221;4_4&#8243; _builder_version=&#8221;4.16&#8243; _module_preset=&#8221;default&#8221; global_colors_info=&#8221;{}&#8221;][et_pb_blurb image=&#8221;https:\/\/exporplas.pt\/wp-content\/uploads\/2021\/03\/2020_1.png&#8221; _builder_version=&#8221;4.16&#8243; _module_preset=&#8221;default&#8221; body_font_size=&#8221;17px&#8221; global_colors_info=&#8221;{}&#8221;]<\/p>\n<p>PROJETO N\u00ba POCI-02-0853-FEDER-035163<br \/>\nDESIGNA\u00c7\u00c3O DO PROJETO | EXPORPL\u00c1S &#8211; QUALIFICA\u00c7\u00c3O<br \/>\nAPOIO NO \u00c2MBITO DO SISTEMA DE INCENTIVOS<br \/>\nOBJETIVO PRINCIPAL| REFOR\u00c7AR A COMPETITIVIDADE DAS PME<br \/>\nREGI\u00c3O DE INTERVEN\u00c7\u00c3O | CENTRO &#8211; CORTEGA\u00c7A.<br \/>\nENTIDADE BENEFICI\u00c1RIA | EXPORPL\u00c1S IND\u00daSTRIA EXPORTA\u00c7\u00c3O PL\u00c1STICOS S.A.<\/p>\n<p>DATA DE APROVA\u00c7\u00c3O | 18-01-2018<br \/>\nDATA DE IN\u00cdCIO | 01-08-2017<br \/>\nDATA DE CONCLUS\u00c3O | 31-12-2018<br \/>\nCUSTO TOTAL ELEG\u00cdVEL | \u20ac765.000,00<br \/>\nAPOIO FINANCEIRO DA UNI\u00c3O EUROPEIA | FEDER &#8211; \u20ac344.250,00<\/p>\n<p>S\u00cdNTESE DO PROJETO:<br \/>\nO presente projeto tem como principal prop\u00f3sito refor\u00e7ar as capacidades de organiza\u00e7\u00e3o e de gest\u00e3o da EXPORPL\u00c1S, contemplando para tal um conjunto de investimentos que incluem: plataformas que contribuem para o desenvolvimento de redes modernas de distribui\u00e7\u00e3o, equipamentos log\u00edsticos que contribuir\u00e3o para uma melhor organiza\u00e7\u00e3o e efici\u00eancia dos fluxos de trabalho da Empresa, o refor\u00e7o das capacidades laboratoriais da empresa e a implementa\u00e7\u00e3o de um projeto de transforma\u00e7\u00e3o operacional. S\u00e3o objetivos estrat\u00e9gicos do projeto os seguintes: i) atingir um Volume de Neg\u00f3cios pr\u00f3ximo dos 48 milh\u00f5es de euros, no ano p\u00f3s-projeto (2019); ii) consolidar a sua presen\u00e7a nos mercados internacionais; iii) aumentar o peso das exporta\u00e7\u00f5es no volume de neg\u00f3cios da Empresa; iv) ser detentora de um laborat\u00f3rio de I&#038;D devidamente apetrechado; v) alargar a sua gama de produtos (monofilamentos polim\u00e9ricos utilizados no fabrico de tapetes de relva artificial).<\/p>\n<p>[\/et_pb_blurb][et_pb_code _builder_version=&#8221;4.16&#8243; _module_preset=&#8221;default&#8221; global_colors_info=&#8221;{}&#8221;]<\/p>\n<style type=\"text\/css\"><!-- [et_pb_line_break_holder] -->.rv_button1.closed:after {content:\"\\33\";}<!-- [et_pb_line_break_holder] -->.rv_button1.opened:after{content:\"\\32\";}<!-- [et_pb_line_break_holder] --><\/style>\n<p><!-- [et_pb_line_break_holder] --><script type=\"text\/javascript\"><!-- [et_pb_line_break_holder] --> jQuery(document).ready(function() {<!-- [et_pb_line_break_holder] -->\/\/ Hide the div<!-- [et_pb_line_break_holder] -->jQuery('#reveal1').hide();<!-- [et_pb_line_break_holder] -->jQuery('.rv_button1').click(function(e){<!-- [et_pb_line_break_holder] -->e.preventDefault();jQuery(\"#reveal1\").slideToggle();<!-- [et_pb_line_break_holder] -->jQuery('.rv_button1').toggleClass('opened closed');<!-- [et_pb_line_break_holder] -->});<!-- [et_pb_line_break_holder] -->});<!-- [et_pb_line_break_holder] --><\/script>[\/et_pb_code][\/et_pb_column][\/et_pb_row][\/et_pb_section][et_pb_section fb_built=&#8221;1&#8243; _builder_version=&#8221;4.16&#8243; _module_preset=&#8221;default&#8221; custom_padding=&#8221;0px||0px||true|false&#8221; global_colors_info=&#8221;{}&#8221;][et_pb_row _builder_version=&#8221;4.16&#8243; _module_preset=&#8221;default&#8221; global_colors_info=&#8221;{}&#8221;][et_pb_column type=&#8221;4_4&#8243; _builder_version=&#8221;4.16&#8243; _module_preset=&#8221;default&#8221; global_colors_info=&#8221;{}&#8221;][et_pb_text _builder_version=&#8221;4.18.1&#8243; _module_preset=&#8221;default&#8221; header_3_font=&#8221;Montserrat|300|||||||&#8221; header_3_text_color=&#8221;#6caf3f&#8221; header_3_font_size=&#8221;26px&#8221; global_colors_info=&#8221;{}&#8221;]<\/p>\n<h3>Projeto INOVGRASS<\/h3>\n<p>[\/et_pb_text][et_pb_button button_text=&#8221;VER MAIS&#8221; module_class=&#8221;rv_button2 closed&#8221; _builder_version=&#8221;4.18.1&#8243; _module_preset=&#8221;default&#8221; custom_button=&#8221;on&#8221; button_text_size=&#8221;14px&#8221; button_text_color=&#8221;#6caf3f&#8221; button_border_width=&#8221;0px&#8221; button_font=&#8221;Montserrat||||||||&#8221; button_icon=&#8221;&#x33;||divi||400&#8243; button_icon_placement=&#8221;left&#8221; button_on_hover=&#8221;off&#8221; global_colors_info=&#8221;{}&#8221;][\/et_pb_button][\/et_pb_column][\/et_pb_row][et_pb_row module_id=&#8221;reveal2&#8243; _builder_version=&#8221;4.16&#8243; _module_preset=&#8221;default&#8221; global_colors_info=&#8221;{}&#8221;][et_pb_column type=&#8221;4_4&#8243; _builder_version=&#8221;4.16&#8243; _module_preset=&#8221;default&#8221; global_colors_info=&#8221;{}&#8221;][et_pb_blurb image=&#8221;https:\/\/exporplas.pt\/wp-content\/uploads\/2021\/03\/2020_1.png&#8221; _builder_version=&#8221;4.16&#8243; _module_preset=&#8221;default&#8221; body_font_size=&#8221;17px&#8221; global_colors_info=&#8221;{}&#8221;]<\/p>\n<p>C\u00f3digo do Projeto: POCI-02-0853-FEDER-000594<\/p>\n<p>PROJETO INOVGRASS<\/p>\n<p>Objetivo principal: Produ\u00e7\u00e3o de novos monofilamentos polim\u00e9ricos utilizados no fabrico de tapetes de relva artificial.<br \/>\nRegi\u00e3o de interven\u00e7\u00e3o: Norte<br \/>\nEntidade benefici\u00e1ria: Ind\u00fastria de Exporta\u00e7\u00e3o de Pl\u00e1sticos, S.A.<br \/>\nMontante eleg\u00edvel: 3.599.617,23 Euros<br \/>\nApoio financeiro da EU (FEDER): 1.799.808,62 Euros<\/p>\n<p>Projecto de Investimento:<\/p>\n<p>Encontra-se em execu\u00e7\u00e3o na empresa o Projecto de Investimento INOVGRASS, objecto de candidatura ao sistema de Incentivos Portugal 2020. Trata-se de um projecto aprovado de no \u00e2mbito da Inova\u00e7\u00e3o Produtiva.<\/p>\n<p>O projecto visa a produ\u00e7\u00e3o de novos monofilamentos polim\u00e9ricos utilizados no fabrico de tapetes de relva artificial.<br \/>\nOs objectivos do projecto passam por complementar a gama de produtos que a empresa oferece no segmento da relva sint\u00e9tica e com isso assumir uma posi\u00e7\u00e3o de lideran\u00e7a no mercado global.<\/p>\n<p>Com este projeto pretende-se uma otimiza\u00e7\u00e3o e controle de processos, a melhoria da informa\u00e7\u00e3o de gest\u00e3o e uma maior assertividade dos recursos utilizados.<\/p>\n<p>[\/et_pb_blurb][et_pb_code _builder_version=&#8221;4.16&#8243; _module_preset=&#8221;default&#8221; global_colors_info=&#8221;{}&#8221;]<\/p>\n<style type=\"text\/css\"><!-- [et_pb_line_break_holder] -->.rv_button2.closed:after {content:\"\\33\";}<!-- [et_pb_line_break_holder] -->.rv_button2.opened:after{content:\"\\32\";}<!-- [et_pb_line_break_holder] --><\/style>\n<p><!-- [et_pb_line_break_holder] --><script type=\"text\/javascript\"><!-- [et_pb_line_break_holder] --> jQuery(document).ready(function() {<!-- [et_pb_line_break_holder] -->\/\/ Hide the div<!-- [et_pb_line_break_holder] -->jQuery('#reveal2').hide();<!-- [et_pb_line_break_holder] -->jQuery('.rv_button2').click(function(e){<!-- [et_pb_line_break_holder] -->e.preventDefault();jQuery(\"#reveal2\").slideToggle();<!-- [et_pb_line_break_holder] -->jQuery('.rv_button2').toggleClass('opened closed');<!-- [et_pb_line_break_holder] -->});<!-- [et_pb_line_break_holder] -->});<!-- [et_pb_line_break_holder] --><\/script>[\/et_pb_code][\/et_pb_column][\/et_pb_row][\/et_pb_section][et_pb_section fb_built=&#8221;1&#8243; _builder_version=&#8221;4.16&#8243; _module_preset=&#8221;default&#8221; custom_padding=&#8221;0px||0px||true|false&#8221; global_colors_info=&#8221;{}&#8221;][et_pb_row _builder_version=&#8221;4.16&#8243; _module_preset=&#8221;default&#8221; global_colors_info=&#8221;{}&#8221;][et_pb_column type=&#8221;4_4&#8243; _builder_version=&#8221;4.16&#8243; _module_preset=&#8221;default&#8221; global_colors_info=&#8221;{}&#8221;][et_pb_text _builder_version=&#8221;4.18.1&#8243; _module_preset=&#8221;default&#8221; header_3_font=&#8221;Montserrat|300|||||||&#8221; header_3_text_color=&#8221;#6caf3f&#8221; header_3_font_size=&#8221;26px&#8221; global_colors_info=&#8221;{}&#8221;]<\/p>\n<h3>Projeto TECH GRASS<\/h3>\n<p>[\/et_pb_text][et_pb_button button_text=&#8221;VER MAIS&#8221; module_class=&#8221;rv_button3 closed&#8221; _builder_version=&#8221;4.18.1&#8243; _module_preset=&#8221;default&#8221; custom_button=&#8221;on&#8221; button_text_size=&#8221;14px&#8221; button_text_color=&#8221;#6caf3f&#8221; button_border_width=&#8221;0px&#8221; button_font=&#8221;Montserrat||||||||&#8221; button_icon=&#8221;&#x33;||divi||400&#8243; button_icon_placement=&#8221;left&#8221; button_on_hover=&#8221;off&#8221; global_colors_info=&#8221;{}&#8221;][\/et_pb_button][\/et_pb_column][\/et_pb_row][et_pb_row module_id=&#8221;reveal3&#8243; _builder_version=&#8221;4.16&#8243; _module_preset=&#8221;default&#8221; global_colors_info=&#8221;{}&#8221;][et_pb_column type=&#8221;4_4&#8243; _builder_version=&#8221;4.16&#8243; _module_preset=&#8221;default&#8221; global_colors_info=&#8221;{}&#8221;][et_pb_blurb image=&#8221;https:\/\/exporplas.pt\/wp-content\/uploads\/2021\/03\/POCentro_PT2020_FEDER_Bom.jpg&#8221; _builder_version=&#8221;4.18.1&#8243; _module_preset=&#8221;default&#8221; body_font_size=&#8221;17px&#8221; hover_enabled=&#8221;0&#8243; global_colors_info=&#8221;{}&#8221; sticky_enabled=&#8221;0&#8243;]<\/p>\n<p>Designa\u00e7\u00e3o do projeto | TECH GRASS<br \/>C\u00f3digo do projeto | CENTRO-02-0853-FEDER-044821<br \/>Objetivo principal| Refor\u00e7ar a Competitividade das PME<br \/>Regi\u00e3o de Interven\u00e7\u00e3o | CENTRO<br \/>Entidade benefici\u00e1ria | EXPORPL\u00c1S &#8211; IND\u00daSTRIA DE EXPORTA\u00c7\u00c3O DE PL\u00c1STICOS, S.A.<\/p>\n<p>Data de aprova\u00e7\u00e3o | 2019-07-03<br \/>Data de in\u00edcio | 2019-03-20<br \/>Data de conclus\u00e3o | 2022-12-30<br \/>Custo total eleg\u00edvel | 2.854.249,05\u20ac<br \/>Apoio financeiro da Uni\u00e3o Europeia | FEDER 828.652,95\u20ac<\/p>\n<p>S\u00edntese do projeto:<br \/>O presente projeto visa o refor\u00e7o da capacidade de produ\u00e7\u00e3o dos monofilamentos de polietileno de baixa densidade linear (LLDPE) para fabrico de relva artificial e o aumento da efici\u00eancia no uso de recursos, afirmando cada vez mais o perfil inovador e a voca\u00e7\u00e3o internacional da EXPORPL\u00c1S.<\/p>\n<p>[\/et_pb_blurb][et_pb_code _builder_version=&#8221;4.16&#8243; _module_preset=&#8221;default&#8221; global_colors_info=&#8221;{}&#8221;]<\/p>\n<style type=\"text\/css\"><!-- [et_pb_line_break_holder] -->.rv_button3.closed:after {content:\"\\33\";}<!-- [et_pb_line_break_holder] -->.rv_button3.opened:after{content:\"\\32\";}<!-- [et_pb_line_break_holder] --><\/style>\n<p><!-- [et_pb_line_break_holder] --><script type=\"text\/javascript\"><!-- [et_pb_line_break_holder] --> jQuery(document).ready(function() {<!-- [et_pb_line_break_holder] -->\/\/ Hide the div<!-- [et_pb_line_break_holder] -->jQuery('#reveal3').hide();<!-- [et_pb_line_break_holder] -->jQuery('.rv_button3').click(function(e){<!-- [et_pb_line_break_holder] -->e.preventDefault();jQuery(\"#reveal3\").slideToggle();<!-- [et_pb_line_break_holder] -->jQuery('.rv_button3').toggleClass('opened closed');<!-- [et_pb_line_break_holder] -->});<!-- [et_pb_line_break_holder] -->});<!-- [et_pb_line_break_holder] --><\/script>[\/et_pb_code][\/et_pb_column][\/et_pb_row][\/et_pb_section][et_pb_section fb_built=&#8221;1&#8243; _builder_version=&#8221;4.16&#8243; _module_preset=&#8221;default&#8221; custom_margin=&#8221;||50px||false|false&#8221; custom_margin_tablet=&#8221;||180px||false|false&#8221; custom_margin_phone=&#8221;||170px||false|false&#8221; custom_margin_last_edited=&#8221;on|phone&#8221; custom_padding=&#8221;0px||0px||true|false&#8221; global_colors_info=&#8221;{}&#8221;][et_pb_row _builder_version=&#8221;4.16&#8243; _module_preset=&#8221;default&#8221; global_colors_info=&#8221;{}&#8221;][et_pb_column type=&#8221;4_4&#8243; _builder_version=&#8221;4.16&#8243; _module_preset=&#8221;default&#8221; global_colors_info=&#8221;{}&#8221;][et_pb_text _builder_version=&#8221;4.18.1&#8243; _module_preset=&#8221;default&#8221; header_3_font=&#8221;Montserrat|300|||||||&#8221; header_3_text_color=&#8221;#6caf3f&#8221; header_3_font_size=&#8221;26px&#8221; global_colors_info=&#8221;{}&#8221;]<\/p>\n<h3>Projeto NG_TPfib<\/h3>\n<p>[\/et_pb_text][et_pb_button button_text=&#8221;VER MAIS&#8221; module_class=&#8221;rv_button4 closed&#8221; _builder_version=&#8221;4.18.1&#8243; _module_preset=&#8221;default&#8221; custom_button=&#8221;on&#8221; button_text_size=&#8221;14px&#8221; button_text_color=&#8221;#6caf3f&#8221; button_border_width=&#8221;0px&#8221; button_font=&#8221;Montserrat||||||||&#8221; button_icon=&#8221;&#x33;||divi||400&#8243; button_icon_placement=&#8221;left&#8221; button_on_hover=&#8221;off&#8221; global_colors_info=&#8221;{}&#8221;][\/et_pb_button][\/et_pb_column][\/et_pb_row][et_pb_row module_id=&#8221;reveal4&#8243; _builder_version=&#8221;4.16&#8243; _module_preset=&#8221;default&#8221; global_colors_info=&#8221;{}&#8221;][et_pb_column type=&#8221;4_4&#8243; _builder_version=&#8221;4.16&#8243; _module_preset=&#8221;default&#8221; global_colors_info=&#8221;{}&#8221;][et_pb_blurb image=&#8221;https:\/\/exporplas.pt\/wp-content\/uploads\/2021\/03\/2020_1.png&#8221; _builder_version=&#8221;4.16&#8243; _module_preset=&#8221;default&#8221; body_font_size=&#8221;17px&#8221; global_colors_info=&#8221;{}&#8221;]<\/p>\n<p>ACR\u00d3NIMO DO PROJETO:<br \/>\nNG_TPfib<\/p>\n<p>T\u00cdTULO DO PROJETO:<br \/>\nNova gera\u00e7\u00e3o de fibras para o refor\u00e7o de materiais de matriz ciment\u00edcia<\/p>\n<p>N\u00ba DO PROJETO:<br \/>\n033719<\/p>\n<p>DURA\u00c7\u00c3O DO PROJETO:<br \/>\n36 meses<\/p>\n<p>DATA DE IN\u00cdCIO DO PROJETO:<br \/>\n1 de julho de 2018<\/p>\n<p>[\/et_pb_blurb][et_pb_code _builder_version=&#8221;4.16&#8243; _module_preset=&#8221;default&#8221; global_colors_info=&#8221;{}&#8221;]<\/p>\n<style type=\"text\/css\"><!-- [et_pb_line_break_holder] -->.rv_button4.closed:after {content:\"\\33\";}<!-- [et_pb_line_break_holder] -->.rv_button4.opened:after{content:\"\\32\";}<!-- [et_pb_line_break_holder] --><\/style>\n<p><!-- [et_pb_line_break_holder] --><script type=\"text\/javascript\"><!-- [et_pb_line_break_holder] --> jQuery(document).ready(function() {<!-- [et_pb_line_break_holder] -->\/\/ Hide the div<!-- [et_pb_line_break_holder] -->jQuery('#reveal4').hide();<!-- [et_pb_line_break_holder] -->jQuery('.rv_button4').click(function(e){<!-- [et_pb_line_break_holder] -->e.preventDefault();jQuery(\"#reveal4\").slideToggle();<!-- [et_pb_line_break_holder] -->jQuery('.rv_button4').toggleClass('opened closed');<!-- [et_pb_line_break_holder] -->});<!-- [et_pb_line_break_holder] -->});<!-- [et_pb_line_break_holder] --><\/script>[\/et_pb_code][\/et_pb_column][\/et_pb_row][\/et_pb_section]<\/p>\n","protected":false},"excerpt":{"rendered":"<p>PROJETOS DE INVESTIMENTO EM CURSOProjeto EXPORPL\u00c1S &#8211; COVID-19Designa\u00e7\u00e3o do projeto | EXPORPL\u00c1S &#8211; COVID-19 C\u00f3digo do projeto | CENTRO-02-0889-FEDER-060593 Objetivo principal| Refor\u00e7ar a Competitividade das PME Regi\u00e3o de Interven\u00e7\u00e3o | CENTRO Entidade benefici\u00e1ria | EXPORPL\u00c1S &#8211; IND\u00daSTRIA DE EXPORTA\u00c7\u00c3O DE PL\u00c1STICOS, S.A. Data de aprova\u00e7\u00e3o | 2020-07-24 Data de in\u00edcio | 2020-05-25 Data de conclus\u00e3o | 2020-11-15 Custo total eleg\u00edvel | 6.547,50\u20ac Apoio financeiro da Uni\u00e3o Europeia | FEDER 3.237,75\u20ac S\u00edntese do projeto: O presente projeto visa a melhoria organizacional da empresa, no que refere a medidas de controlo da Pandemia do COVID-19, nomeadamente aquisi\u00e7\u00e3o de equipamento de controlo.Projeto EXPORPL\u00c1S &#8211; QUALIFICA\u00c7\u00c3OPROJETO N\u00ba POCI-02-0853-FEDER-035163 DESIGNA\u00c7\u00c3O DO PROJETO | EXPORPL\u00c1S &#8211; QUALIFICA\u00c7\u00c3O APOIO NO \u00c2MBITO DO SISTEMA DE INCENTIVOS OBJETIVO PRINCIPAL| REFOR\u00c7AR A COMPETITIVIDADE DAS PME REGI\u00c3O DE INTERVEN\u00c7\u00c3O | CENTRO &#8211; CORTEGA\u00c7A. ENTIDADE BENEFICI\u00c1RIA | EXPORPL\u00c1S IND\u00daSTRIA EXPORTA\u00c7\u00c3O PL\u00c1STICOS S.A. DATA DE APROVA\u00c7\u00c3O | 18-01-2018 DATA DE IN\u00cdCIO | 01-08-2017 DATA DE CONCLUS\u00c3O | 31-12-2018 CUSTO TOTAL ELEG\u00cdVEL | \u20ac765.000,00 APOIO FINANCEIRO DA UNI\u00c3O EUROPEIA | FEDER &#8211; \u20ac344.250,00 S\u00cdNTESE DO PROJETO: O presente projeto tem como principal prop\u00f3sito refor\u00e7ar as capacidades de organiza\u00e7\u00e3o e de gest\u00e3o da EXPORPL\u00c1S, contemplando para tal um conjunto de investimentos que incluem: plataformas que [&hellip;]<\/p>\n","protected":false},"author":0,"featured_media":0,"parent":0,"menu_order":0,"comment_status":"closed","ping_status":"closed","template":"","meta":{"_et_pb_use_builder":"on","_et_pb_old_content":"","_et_gb_content_width":"","footnotes":""},"class_list":["post-378","page","type-page","status-publish","hentry"],"_links":{"self":[{"href":"https:\/\/exporplas.pt\/pt-pt\/wp-json\/wp\/v2\/pages\/378","targetHints":{"allow":["GET"]}}],"collection":[{"href":"https:\/\/exporplas.pt\/pt-pt\/wp-json\/wp\/v2\/pages"}],"about":[{"href":"https:\/\/exporplas.pt\/pt-pt\/wp-json\/wp\/v2\/types\/page"}],"replies":[{"embeddable":true,"href":"https:\/\/exporplas.pt\/pt-pt\/wp-json\/wp\/v2\/comments?post=378"}],"version-history":[{"count":0,"href":"https:\/\/exporplas.pt\/pt-pt\/wp-json\/wp\/v2\/pages\/378\/revisions"}],"wp:attachment":[{"href":"https:\/\/exporplas.pt\/pt-pt\/wp-json\/wp\/v2\/media?parent=378"}],"curies":[{"name":"wp","href":"https:\/\/api.w.org\/{rel}","templated":true}]}}