{"id":329,"date":"2021-03-06T18:59:08","date_gmt":"2021-03-06T18:59:08","guid":{"rendered":"https:\/\/manage.exporplas\/?page_id=329"},"modified":"2025-03-07T16:13:24","modified_gmt":"2025-03-07T16:13:24","slug":"certificacao-de-qualidade","status":"publish","type":"page","link":"https:\/\/exporplas.pt\/pt-pt\/certificacao-de-qualidade\/","title":{"rendered":"QUALIDADE &#038; CERTIFICA\u00c7\u00c3O"},"content":{"rendered":"<p>[et_pb_section fb_built=&#8221;1&#8243; fullwidth=&#8221;on&#8221; _builder_version=&#8221;4.16&#8243; _module_preset=&#8221;default&#8221; global_colors_info=&#8221;{}&#8221;][et_pb_fullwidth_header _builder_version=&#8221;4.16&#8243; _module_preset=&#8221;default&#8221; background_enable_color=&#8221;off&#8221; background_image=&#8221;https:\/\/exporplas.pt\/wp-content\/uploads\/2021\/03\/big_1549983520.jpg&#8221; min_height=&#8221;275px&#8221; global_colors_info=&#8221;{}&#8221;][\/et_pb_fullwidth_header][\/et_pb_section][et_pb_section fb_built=&#8221;1&#8243; _builder_version=&#8221;4.16&#8243; _module_preset=&#8221;default&#8221; global_colors_info=&#8221;{}&#8221;][et_pb_row _builder_version=&#8221;4.16&#8243; _module_preset=&#8221;default&#8221; global_colors_info=&#8221;{}&#8221;][et_pb_column type=&#8221;4_4&#8243; _builder_version=&#8221;4.16&#8243; _module_preset=&#8221;default&#8221; global_colors_info=&#8221;{}&#8221;][et_pb_text _builder_version=&#8221;4.18.1&#8243; _module_preset=&#8221;ad3c469a-73a4-4c1e-8e67-4ce21c3633ec&#8221; text_text_color=&#8221;#6caf3f&#8221; text_font_size=&#8221;19px&#8221; header_2_text_align=&#8221;center&#8221; header_2_text_color=&#8221;#6caf3f&#8221; global_colors_info=&#8221;{}&#8221;]<\/p>\n<h2>QUALIDADE &amp;\u00a0CERTIFICA\u00c7\u00c3O<\/h2>\n<p>[\/et_pb_text][et_pb_divider color=&#8221;#cccccc&#8221; divider_weight=&#8221;1px&#8221; _builder_version=&#8221;4.16&#8243; _module_preset=&#8221;default&#8221; z_index=&#8221;1&#8243; width=&#8221;250px&#8221; module_alignment=&#8221;center&#8221; global_colors_info=&#8221;{}&#8221;][\/et_pb_divider][et_pb_divider divider_weight=&#8221;4px&#8221; _builder_version=&#8221;4.16&#8243; _module_preset=&#8221;default&#8221; z_index=&#8221;1&#8243; width=&#8221;95px&#8221; module_alignment=&#8221;center&#8221; custom_margin=&#8221;-54px||||false|false&#8221; custom_padding=&#8221;0px||||false|false&#8221; global_colors_info=&#8221;{}&#8221;][\/et_pb_divider][\/et_pb_column][\/et_pb_row][\/et_pb_section][et_pb_section fb_built=&#8221;1&#8243; _builder_version=&#8221;4.16&#8243; _module_preset=&#8221;default&#8221; custom_padding=&#8221;0px||||false|false&#8221; global_colors_info=&#8221;{}&#8221;][et_pb_row column_structure=&#8221;1_3,2_3&#8243; _builder_version=&#8221;4.16&#8243; _module_preset=&#8221;default&#8221; global_colors_info=&#8221;{}&#8221;][et_pb_column type=&#8221;1_3&#8243; _builder_version=&#8221;4.16&#8243; _module_preset=&#8221;default&#8221; global_colors_info=&#8221;{}&#8221;][et_pb_text _builder_version=&#8221;4.27.4&#8243; _module_preset=&#8221;default&#8221; global_colors_info=&#8221;{}&#8221;]<\/p>\n<p>A <strong>EXPORPL\u00c1S<\/strong> implementou um sistema de gest\u00e3o de qualidade, em conformidade com os requisitos da norma <strong>ISO 9001:2015<\/strong>, estando certificada pela entidade internacional <strong>T\u00dcV Rheinland<\/strong> no sentido de garantir que s\u00e3o respeitados todos os requisitos no desenvolvimento e produ\u00e7\u00e3o de fios, cordas e fibras sint\u00e9ticas.<\/p>\n<p>Em simult\u00e2neo, as nossas modernas linhas de extrus\u00e3o e tor\u00e7\u00e3o s\u00e3o controladas, de modo eletr\u00f3nico, sob supervis\u00e3o rigorosa dos nossos operadores especializados.<\/p>\n<p>Esta certifica\u00e7\u00e3o representa uma garantia adicional e independente da qualidade dos nossos produtos.<\/p>\n<p><b><\/b><\/p>\n<p><b>CONTROLO DE QUALIDADE:<\/b><\/p>\n<p>Conscientes da import\u00e2ncia da investiga\u00e7\u00e3o e da inova\u00e7\u00e3o tecnol\u00f3gica aplicada ao controlo de qualidade, a EXPORPL\u00c1S possui <strong>laborat\u00f3rios pr\u00f3prios<\/strong> para aferi\u00e7\u00e3o e testagem do processo de produ\u00e7\u00e3o, durante todas as fases do mesmo, de um modo cient\u00edfico e fi\u00e1vel.<\/p>\n<p>Estes laborat\u00f3rios est\u00e3o <strong>inteiramente adaptados e adequados \u00e0 testagem<\/strong> da nossa gama de produtos. Num dos nossos laborat\u00f3rios, testamos cordas e fios agr\u00edcolas e, no outro, testamos fibras t\u00e9cnicas e desenhamos o desenvolvimento de produto.<\/p>\n<p><b><\/b><\/p>\n<p><b>TESTES EFETUADOS NO LABORAT\u00d3RIO:<\/b><b><\/b><\/p>\n<p><span class=\"Apple-converted-space\">\u00a0 <\/span>\u2022 Densidade linear;<\/p>\n<p><span class=\"Apple-converted-space\">\u00a0 <\/span>\u2022 Metragem;<\/p>\n<p><span class=\"Apple-converted-space\">\u00a0 <\/span>\u2022 Resist\u00eancia de rutura;<\/p>\n<p><span class=\"Apple-converted-space\">\u00a0 <\/span>\u2022 Resist\u00eancia de rutura ao n\u00f3;<\/p>\n<p><span class=\"Apple-converted-space\">\u00a0 <\/span>\u2022 Resist\u00eancia \u00e0 abras\u00e3o;<\/p>\n<p><span class=\"Apple-converted-space\">\u00a0 <\/span>\u2022 Medi\u00e7\u00e3o do \u00edndice de flu\u00eddos a quente;<\/p>\n<p><span class=\"Apple-converted-space\">\u00a0 <\/span>\u2022 Resist\u00eancia \u00e0 degrada\u00e7\u00e3o UV;<\/p>\n<p><span class=\"Apple-converted-space\">\u00a0 <\/span>\u2022 Alongamento;<\/p>\n<p><span class=\"Apple-converted-space\">\u00a0 <\/span>\u2022 An\u00e1lise \u00f3tica (espectrofotometria);<\/p>\n<p><span class=\"Apple-converted-space\">\u00a0 <\/span>\u2022 Contra\u00e7\u00e3o;<\/p>\n<p><span class=\"Apple-converted-space\">\u00a0 <\/span>\u2022 An\u00e1lise de Espetroscopia de Infravermelhos.<\/p>\n<p>[\/et_pb_text][\/et_pb_column][et_pb_column type=&#8221;2_3&#8243; _builder_version=&#8221;4.16&#8243; _module_preset=&#8221;default&#8221; global_colors_info=&#8221;{}&#8221;][dsm_perspective_image src=&#8221;https:\/\/exporplas.pt\/wp-content\/uploads\/2021\/03\/moldura.png&#8221; title_text=&#8221;moldura&#8221; _builder_version=&#8221;4.16&#8243; _module_preset=&#8221;default&#8221; background_image=&#8221;https:\/\/exporplas.pt\/wp-content\/uploads\/2021\/03\/big_1552990092.jpg&#8221; global_colors_info=&#8221;{}&#8221;][\/dsm_perspective_image][\/et_pb_column][\/et_pb_row][\/et_pb_section][et_pb_section fb_built=&#8221;1&#8243; _builder_version=&#8221;4.16&#8243; _module_preset=&#8221;default&#8221; custom_margin=&#8221;||50px||false|false&#8221; custom_margin_tablet=&#8221;||180px||false|false&#8221; custom_margin_phone=&#8221;||170px||false|false&#8221; custom_margin_last_edited=&#8221;on|phone&#8221; global_colors_info=&#8221;{}&#8221;][et_pb_row column_structure=&#8221;1_3,1_3,1_3&#8243; use_custom_gutter=&#8221;on&#8221; make_equal=&#8221;on&#8221; _builder_version=&#8221;4.23.1&#8243; _dynamic_attributes=&#8221;link_option_url&#8221; _module_preset=&#8221;default&#8221; module_alignment=&#8221;center&#8221; link_option_url=&#8221;@ET-DC@eyJkeW5hbWljIjp0cnVlLCJjb250ZW50IjoicG9zdF9saW5rX3VybF9wYWdlIiwic2V0dGluZ3MiOnsicG9zdF9pZCI6IjIzMzk0NiJ9fQ==@&#8221; global_colors_info=&#8221;{}&#8221;][et_pb_column type=&#8221;1_3&#8243; _builder_version=&#8221;4.16&#8243; _module_preset=&#8221;default&#8221; global_colors_info=&#8221;{}&#8221;][et_pb_text _builder_version=&#8221;4.23.1&#8243; _module_preset=&#8221;default&#8221; text_font=&#8221;|700|||||||&#8221; text_text_color=&#8221;#8e8e8e&#8221; text_font_size=&#8221;16px&#8221; global_colors_info=&#8221;{}&#8221;]<\/p>\n<p>Certificado Exporpl\u00e1s ISO-9001<\/p>\n<p>[\/et_pb_text][et_pb_image src=&#8221;https:\/\/exporplas.pt\/wp-content\/uploads\/2025\/03\/Certificado-ISO9001_Exporplas_2025_PT-1-pdf.jpg&#8221; title_text=&#8221;Certificado ISO9001_Exporpl\u00e1s_2025_PT&#8221; show_in_lightbox=&#8221;on&#8221; _builder_version=&#8221;4.27.4&#8243; _module_preset=&#8221;default&#8221; hover_enabled=&#8221;0&#8243; border_width_all=&#8221;1px&#8221; border_color_all=&#8221;#ededed&#8221; box_shadow_style=&#8221;preset3&#8243; box_shadow_horizontal=&#8221;3px&#8221; box_shadow_vertical=&#8221;10px&#8221; box_shadow_blur=&#8221;7px&#8221; box_shadow_spread=&#8221;-5px&#8221; box_shadow_color=&#8221;rgba(0,0,0,0.25)&#8221; global_colors_info=&#8221;{}&#8221; sticky_enabled=&#8221;0&#8243;][\/et_pb_image][\/et_pb_column][et_pb_column type=&#8221;1_3&#8243; _builder_version=&#8221;4.16&#8243; _module_preset=&#8221;default&#8221; global_colors_info=&#8221;{}&#8221;][et_pb_text _builder_version=&#8221;4.23.1&#8243; _module_preset=&#8221;default&#8221; text_font=&#8221;|700|||||||&#8221; text_text_color=&#8221;#8e8e8e&#8221; text_font_size=&#8221;16px&#8221; global_colors_info=&#8221;{}&#8221;]<\/p>\n<p>Certificado Grupo Exporpl\u00e1s ISO-9001<\/p>\n<p>[\/et_pb_text][et_pb_image src=&#8221;https:\/\/exporplas.pt\/wp-content\/uploads\/2025\/03\/Certificado-ISO9001_Grupo_2025_PT-1-pdf.jpg&#8221; title_text=&#8221;Certificado ISO9001_Grupo_2025_PT&#8221; show_in_lightbox=&#8221;on&#8221; _builder_version=&#8221;4.27.4&#8243; _module_preset=&#8221;default&#8221; hover_enabled=&#8221;0&#8243; border_width_all=&#8221;1px&#8221; border_color_all=&#8221;#ededed&#8221; box_shadow_style=&#8221;preset3&#8243; box_shadow_horizontal=&#8221;3px&#8221; box_shadow_vertical=&#8221;10px&#8221; box_shadow_blur=&#8221;7px&#8221; box_shadow_spread=&#8221;-5px&#8221; box_shadow_color=&#8221;rgba(0,0,0,0.25)&#8221; global_colors_info=&#8221;{}&#8221; sticky_enabled=&#8221;0&#8243;][\/et_pb_image][\/et_pb_column][et_pb_column type=&#8221;1_3&#8243; _builder_version=&#8221;4.16&#8243; _module_preset=&#8221;default&#8221; global_colors_info=&#8221;{}&#8221;][et_pb_text _builder_version=&#8221;4.23.1&#8243; _module_preset=&#8221;default&#8221; text_font=&#8221;|700|||||||&#8221; text_text_color=&#8221;#8e8e8e&#8221; text_font_size=&#8221;16px&#8221; global_colors_info=&#8221;{}&#8221;]<\/p>\n<p>Certificado Omnicor ISO-9001<\/p>\n<p>[\/et_pb_text][et_pb_image src=&#8221;https:\/\/exporplas.pt\/wp-content\/uploads\/2025\/03\/Certificado-ISO9001_Omnicor_2025_PT-1-pdf.jpg&#8221; title_text=&#8221;Certificado ISO9001_Omnicor_2025_PT&#8221; show_in_lightbox=&#8221;on&#8221; _builder_version=&#8221;4.27.4&#8243; _module_preset=&#8221;default&#8221; hover_enabled=&#8221;0&#8243; border_width_all=&#8221;1px&#8221; border_color_all=&#8221;#ededed&#8221; box_shadow_style=&#8221;preset3&#8243; box_shadow_horizontal=&#8221;3px&#8221; box_shadow_vertical=&#8221;10px&#8221; box_shadow_blur=&#8221;7px&#8221; box_shadow_spread=&#8221;-5px&#8221; box_shadow_color=&#8221;rgba(0,0,0,0.25)&#8221; global_colors_info=&#8221;{}&#8221; sticky_enabled=&#8221;0&#8243;][\/et_pb_image][\/et_pb_column][\/et_pb_row][et_pb_row _builder_version=&#8221;4.24.0&#8243; _module_preset=&#8221;default&#8221; global_colors_info=&#8221;{}&#8221;][et_pb_column type=&#8221;4_4&#8243; _builder_version=&#8221;4.24.0&#8243; _module_preset=&#8221;default&#8221; global_colors_info=&#8221;{}&#8221;][et_pb_button button_url=&#8221;@ET-DC@eyJkeW5hbWljIjp0cnVlLCJjb250ZW50IjoicG9zdF9saW5rX3VybF9wYWdlIiwic2V0dGluZ3MiOnsicG9zdF9pZCI6IjIzMzk5OCJ9fQ==@&#8221; button_text=&#8221;Clique para ver a nossa Pol\u00edtica de Qualidade.&#8221; button_alignment=&#8221;center&#8221; _builder_version=&#8221;4.24.0&#8243; _dynamic_attributes=&#8221;button_url&#8221; _module_preset=&#8221;default&#8221; custom_button=&#8221;on&#8221; button_text_color=&#8221;#ffffff&#8221; button_bg_color=&#8221;#6CAF3F&#8221; button_font=&#8221;Montserrat|500|||||||&#8221; button_use_icon=&#8221;off&#8221; background_layout=&#8221;dark&#8221; button_text_size_tablet=&#8221;&#8221; button_text_size_phone=&#8221;14px&#8221; button_text_size_last_edited=&#8221;on|desktop&#8221; locked=&#8221;off&#8221; global_colors_info=&#8221;{}&#8221;][\/et_pb_button][\/et_pb_column][\/et_pb_row][\/et_pb_section]<\/p>\n","protected":false},"excerpt":{"rendered":"<p>QUALIDADE &amp;\u00a0CERTIFICA\u00c7\u00c3OA EXPORPL\u00c1S implementou um sistema de gest\u00e3o de qualidade, em conformidade com os requisitos da norma ISO 9001:2015, estando certificada pela entidade internacional T\u00dcV Rheinland no sentido de garantir que s\u00e3o respeitados todos os requisitos no desenvolvimento e produ\u00e7\u00e3o de fios, cordas e fibras sint\u00e9ticas. Em simult\u00e2neo, as nossas modernas linhas de extrus\u00e3o e tor\u00e7\u00e3o s\u00e3o controladas, de modo eletr\u00f3nico, sob supervis\u00e3o rigorosa dos nossos operadores especializados. Esta certifica\u00e7\u00e3o representa uma garantia adicional e independente da qualidade dos nossos produtos. CONTROLO DE QUALIDADE: Conscientes da import\u00e2ncia da investiga\u00e7\u00e3o e da inova\u00e7\u00e3o tecnol\u00f3gica aplicada ao controlo de qualidade, a EXPORPL\u00c1S possui laborat\u00f3rios pr\u00f3prios para aferi\u00e7\u00e3o e testagem do processo de produ\u00e7\u00e3o, durante todas as fases do mesmo, de um modo cient\u00edfico e fi\u00e1vel. Estes laborat\u00f3rios est\u00e3o inteiramente adaptados e adequados \u00e0 testagem da nossa gama de produtos. Num dos nossos laborat\u00f3rios, testamos cordas e fios agr\u00edcolas e, no outro, testamos fibras t\u00e9cnicas e desenhamos o desenvolvimento de produto. TESTES EFETUADOS NO LABORAT\u00d3RIO: \u00a0 \u2022 Densidade linear; \u00a0 \u2022 Metragem; \u00a0 \u2022 Resist\u00eancia de rutura; \u00a0 \u2022 Resist\u00eancia de rutura ao n\u00f3; \u00a0 \u2022 Resist\u00eancia \u00e0 abras\u00e3o; \u00a0 \u2022 Medi\u00e7\u00e3o do \u00edndice de flu\u00eddos a quente; \u00a0 \u2022 Resist\u00eancia \u00e0 degrada\u00e7\u00e3o [&hellip;]<\/p>\n","protected":false},"author":0,"featured_media":0,"parent":0,"menu_order":0,"comment_status":"closed","ping_status":"closed","template":"","meta":{"_et_pb_use_builder":"on","_et_pb_old_content":"","_et_gb_content_width":"","footnotes":""},"class_list":["post-329","page","type-page","status-publish","hentry"],"_links":{"self":[{"href":"https:\/\/exporplas.pt\/pt-pt\/wp-json\/wp\/v2\/pages\/329","targetHints":{"allow":["GET"]}}],"collection":[{"href":"https:\/\/exporplas.pt\/pt-pt\/wp-json\/wp\/v2\/pages"}],"about":[{"href":"https:\/\/exporplas.pt\/pt-pt\/wp-json\/wp\/v2\/types\/page"}],"replies":[{"embeddable":true,"href":"https:\/\/exporplas.pt\/pt-pt\/wp-json\/wp\/v2\/comments?post=329"}],"version-history":[{"count":0,"href":"https:\/\/exporplas.pt\/pt-pt\/wp-json\/wp\/v2\/pages\/329\/revisions"}],"wp:attachment":[{"href":"https:\/\/exporplas.pt\/pt-pt\/wp-json\/wp\/v2\/media?parent=329"}],"curies":[{"name":"wp","href":"https:\/\/api.w.org\/{rel}","templated":true}]}}