{"id":237163,"date":"2025-08-04T15:18:08","date_gmt":"2025-08-04T15:18:08","guid":{"rendered":"https:\/\/exporplas.pt\/?page_id=237163"},"modified":"2025-08-04T16:42:15","modified_gmt":"2025-08-04T16:42:15","slug":"comenda-ordem-de-merito","status":"publish","type":"page","link":"https:\/\/exporplas.pt\/pt-pt\/comenda-ordem-de-merito\/","title":{"rendered":"Comenda da Ordem de M\u00e9rito"},"content":{"rendered":"<p>[et_pb_section fb_built=&#8221;1&#8243; _builder_version=&#8221;4.27.0&#8243; _module_preset=&#8221;default&#8221; custom_margin=&#8221;||||false|false&#8221; custom_margin_tablet=&#8221;||||false|false&#8221; custom_margin_phone=&#8221;||||false|false&#8221; custom_margin_last_edited=&#8221;on|phone&#8221; locked=&#8221;off&#8221; global_colors_info=&#8221;{}&#8221;][et_pb_row _builder_version=&#8221;4.16&#8243; _module_preset=&#8221;default&#8221; animation_style=&#8221;slide&#8221; animation_direction=&#8221;bottom&#8221; global_colors_info=&#8221;{}&#8221;][et_pb_column type=&#8221;4_4&#8243; _builder_version=&#8221;4.16&#8243; _module_preset=&#8221;default&#8221; global_colors_info=&#8221;{}&#8221;][et_pb_text _builder_version=&#8221;4.27.4&#8243; _module_preset=&#8221;ad3c469a-73a4-4c1e-8e67-4ce21c3633ec&#8221; text_text_color=&#8221;#6caf3f&#8221; text_font_size=&#8221;19px&#8221; header_2_text_align=&#8221;center&#8221; header_2_text_color=&#8221;#6caf3f&#8221; animation_style=&#8221;none&#8221; hover_enabled=&#8221;0&#8243; locked=&#8221;off&#8221; global_colors_info=&#8221;{}&#8221; sticky_enabled=&#8221;0&#8243;]<\/p>\n<h2>Comenda da Ordem de M\u00e9rito<\/h2>\n<p>[\/et_pb_text][et_pb_divider color=&#8221;#cccccc&#8221; divider_weight=&#8221;1px&#8221; _builder_version=&#8221;4.16&#8243; _module_preset=&#8221;default&#8221; z_index=&#8221;1&#8243; width=&#8221;250px&#8221; module_alignment=&#8221;center&#8221; global_colors_info=&#8221;{}&#8221;][\/et_pb_divider][et_pb_divider divider_weight=&#8221;4px&#8221; _builder_version=&#8221;4.16&#8243; _module_preset=&#8221;default&#8221; z_index=&#8221;1&#8243; width=&#8221;95px&#8221; module_alignment=&#8221;center&#8221; custom_margin=&#8221;-54px||||false|false&#8221; custom_padding=&#8221;0px||||false|false&#8221; global_colors_info=&#8221;{}&#8221;][\/et_pb_divider][\/et_pb_column][\/et_pb_row][\/et_pb_section][et_pb_section fb_built=&#8221;1&#8243; custom_padding_last_edited=&#8221;on|tablet&#8221; _builder_version=&#8221;4.27.0&#8243; _module_preset=&#8221;default&#8221; background_enable_color=&#8221;off&#8221; custom_margin=&#8221;0px||||false|false&#8221; custom_margin_tablet=&#8221;||||false|false&#8221; custom_margin_phone=&#8221;||||false|false&#8221; custom_margin_last_edited=&#8221;on|desktop&#8221; custom_padding=&#8221;0px||||false|false&#8221; custom_padding_tablet=&#8221;75px||||false|false&#8221; custom_padding_phone=&#8221;50px||||false|false&#8221; background_last_edited=&#8221;on|phone&#8221; use_background_color_gradient_tablet=&#8221;on&#8221; use_background_color_gradient_phone=&#8221;on&#8221; background_color_gradient_stops_tablet=&#8221;#f7f7f7 0%|#ffffff 100%&#8221; background_color_gradient_stops_phone=&#8221;#f7f7f7 0%|#ffffff 99%&#8221; global_colors_info=&#8221;{}&#8221;][et_pb_row column_structure=&#8221;3_5,2_5&#8243; make_equal=&#8221;on&#8221; custom_padding_last_edited=&#8221;on|desktop&#8221; _builder_version=&#8221;4.27.0&#8243; _module_preset=&#8221;default&#8221; custom_margin=&#8221;0px||||false|false&#8221; custom_margin_tablet=&#8221;0px||||false|false&#8221; custom_margin_phone=&#8221;0px||||false|false&#8221; custom_margin_last_edited=&#8221;on|desktop&#8221; custom_padding=&#8221;0px||||false|false&#8221; custom_padding_tablet=&#8221;0px||||false|false&#8221; custom_padding_phone=&#8221;0px||||false|false&#8221; animation_style=&#8221;slide&#8221; animation_direction=&#8221;bottom&#8221; global_colors_info=&#8221;{}&#8221;][et_pb_column type=&#8221;3_5&#8243; _builder_version=&#8221;4.16&#8243; _module_preset=&#8221;default&#8221; global_colors_info=&#8221;{}&#8221;][et_pb_image src=&#8221;https:\/\/exporplas.pt\/wp-content\/uploads\/2025\/08\/Orlando_Sa_02.jpg&#8221; title_text=&#8221;Orlando_Sa_02&#8243; _builder_version=&#8221;4.27.4&#8243; _module_preset=&#8221;default&#8221; background_enable_color=&#8221;off&#8221; locked=&#8221;off&#8221; global_colors_info=&#8221;{}&#8221;][\/et_pb_image][\/et_pb_column][et_pb_column type=&#8221;2_5&#8243; _builder_version=&#8221;4.24.0&#8243; _module_preset=&#8221;default&#8221; custom_css_main_element=&#8221;margin: auto;&#8221; global_colors_info=&#8221;{}&#8221;][et_pb_text _builder_version=&#8221;4.27.4&#8243; _module_preset=&#8221;default&#8221; text_font=&#8221;Montserrat||||||||&#8221; header_2_font=&#8221;Montserrat|700|||||||&#8221; header_2_line_height=&#8221;1.3em&#8221; global_colors_info=&#8221;{}&#8221;]<\/p>\n<h1>Fundador do Grupo Exporpl\u00e1s distinguido com a <strong>Comenda da Ordem de M\u00e9rito<\/strong>.<\/h1>\n<p>&nbsp;<\/p>\n<p><span><span class=\"Apple-converted-space\">\u00a0<\/span><\/span>A 28 de julho, Orlando S\u00e1, fundador e presidente do Grupo Exporpl\u00e1s, foi condecorado com uma das mais altas distin\u00e7\u00f5es atribu\u00eddas pelo Estado Portugu\u00eas: a Comenda da Ordem de M\u00e9rito.<span class=\"Apple-converted-space\">\u00a0<\/span><\/p>\n<p>A ins\u00edgnia foi entregue por Sua Excel\u00eancia o Presidente da Rep\u00fablica, Professor Doutor Marcelo Rebelo de Sousa, numa cerim\u00f3nia que reconheceu o percurso \u00edmpar de um homem profundamente ligado \u00e0 sua terra e ao desenvolvimento do pa\u00eds.<span class=\"Apple-converted-space\">\u00a0<\/span><\/p>\n<p>[\/et_pb_text][\/et_pb_column][\/et_pb_row][\/et_pb_section][et_pb_section fb_built=&#8221;1&#8243; custom_padding_last_edited=&#8221;on|tablet&#8221; _builder_version=&#8221;4.27.0&#8243; _module_preset=&#8221;default&#8221; background_enable_color=&#8221;off&#8221; custom_margin=&#8221;0px||||false|false&#8221; custom_margin_tablet=&#8221;||||false|false&#8221; custom_margin_phone=&#8221;||||false|false&#8221; custom_margin_last_edited=&#8221;on|desktop&#8221; custom_padding=&#8221;0px||||false|false&#8221; custom_padding_tablet=&#8221;75px||||false|false&#8221; custom_padding_phone=&#8221;50px||||false|false&#8221; background_last_edited=&#8221;on|phone&#8221; use_background_color_gradient_tablet=&#8221;on&#8221; use_background_color_gradient_phone=&#8221;on&#8221; background_color_gradient_stops_tablet=&#8221;#f7f7f7 0%|#ffffff 100%&#8221; background_color_gradient_stops_phone=&#8221;#f7f7f7 0%|#ffffff 99%&#8221; global_colors_info=&#8221;{}&#8221;][et_pb_row column_structure=&#8221;2_5,3_5&#8243; make_equal=&#8221;on&#8221; _builder_version=&#8221;4.24.0&#8243; _module_preset=&#8221;default&#8221; animation_style=&#8221;slide&#8221; animation_direction=&#8221;bottom&#8221; global_colors_info=&#8221;{}&#8221;][et_pb_column type=&#8221;2_5&#8243; _builder_version=&#8221;4.24.0&#8243; _module_preset=&#8221;default&#8221; custom_css_main_element=&#8221;margin: auto;&#8221; global_colors_info=&#8221;{}&#8221;][et_pb_text _builder_version=&#8221;4.27.4&#8243; _module_preset=&#8221;default&#8221; text_font=&#8221;Montserrat||||||||&#8221; header_2_font=&#8221;Montserrat|700|||||||&#8221; header_2_line_height=&#8221;1.3em&#8221; custom_margin=&#8221;||25px||false|false&#8221; global_colors_info=&#8221;{}&#8221;]<\/p>\n<p>&nbsp;<\/p>\n<p><span><span class=\"Apple-converted-space\">\u00a0<\/span><\/span>Natural de Cortega\u00e7a, no concelho de Ovar, Orlando S\u00e1 sempre se destacou pelo esp\u00edrito de servi\u00e7o, pelo envolvimento c\u00edvico e pela promo\u00e7\u00e3o do desenvolvimento econ\u00f3mico e social da regi\u00e3o. O seu percurso inclui d\u00e9cadas de dedica\u00e7\u00e3o enquanto empres\u00e1rio, autarca e benem\u00e9rito, sempre movido pelo esp\u00edrito de miss\u00e3o e de proximidade \u00e0 comunidade.<span class=\"Apple-converted-space\">\u00a0<\/span><\/p>\n<p>Este reconhecimento \u00e9 motivo de enorme orgulho para todos os que com ele t\u00eam caminhado &#8211; colaboradores, parceiros, familiares, amigos e cortegacenses &#8211; e serve como testemunho do impacto que uma lideran\u00e7a comprometida com o bem comum pode ter na vida de uma comunidade.<span class=\"Apple-converted-space\">\u00a0<\/span><\/p>\n<p>[\/et_pb_text][\/et_pb_column][et_pb_column type=&#8221;3_5&#8243; _builder_version=&#8221;4.16&#8243; _module_preset=&#8221;default&#8221; global_colors_info=&#8221;{}&#8221;][et_pb_image src=&#8221;https:\/\/exporplas.pt\/wp-content\/uploads\/2025\/08\/Orlando_Sa_03.jpg&#8221; title_text=&#8221;Orlando_Sa_03&#8243; _builder_version=&#8221;4.27.4&#8243; _module_preset=&#8221;default&#8221; background_enable_color=&#8221;off&#8221; global_colors_info=&#8221;{}&#8221;][\/et_pb_image][\/et_pb_column][\/et_pb_row][\/et_pb_section][et_pb_section fb_built=&#8221;1&#8243; custom_padding_last_edited=&#8221;on|tablet&#8221; _builder_version=&#8221;4.27.0&#8243; _module_preset=&#8221;default&#8221; background_enable_color=&#8221;off&#8221; custom_margin=&#8221;0px||||false|false&#8221; custom_margin_tablet=&#8221;||||false|false&#8221; custom_margin_phone=&#8221;||||false|false&#8221; custom_margin_last_edited=&#8221;on|desktop&#8221; custom_padding=&#8221;0px||||false|false&#8221; custom_padding_tablet=&#8221;75px||||false|false&#8221; custom_padding_phone=&#8221;50px||||false|false&#8221; background_last_edited=&#8221;on|phone&#8221; use_background_color_gradient_tablet=&#8221;on&#8221; use_background_color_gradient_phone=&#8221;on&#8221; background_color_gradient_stops_tablet=&#8221;#f7f7f7 0%|#ffffff 100%&#8221; background_color_gradient_stops_phone=&#8221;#f7f7f7 0%|#ffffff 99%&#8221; global_colors_info=&#8221;{}&#8221;][et_pb_row column_structure=&#8221;3_5,2_5&#8243; make_equal=&#8221;on&#8221; _builder_version=&#8221;4.24.0&#8243; _module_preset=&#8221;default&#8221; animation_style=&#8221;slide&#8221; animation_direction=&#8221;bottom&#8221; global_colors_info=&#8221;{}&#8221;][et_pb_column type=&#8221;3_5&#8243; _builder_version=&#8221;4.16&#8243; _module_preset=&#8221;default&#8221; global_colors_info=&#8221;{}&#8221;][et_pb_image src=&#8221;https:\/\/exporplas.pt\/wp-content\/uploads\/2025\/08\/Orlando_Sa_04.jpg&#8221; title_text=&#8221;Orlando_Sa_04&#8243; _builder_version=&#8221;4.27.4&#8243; _module_preset=&#8221;default&#8221; background_enable_color=&#8221;off&#8221; global_colors_info=&#8221;{}&#8221;][\/et_pb_image][\/et_pb_column][et_pb_column type=&#8221;2_5&#8243; _builder_version=&#8221;4.24.0&#8243; _module_preset=&#8221;default&#8221; custom_css_main_element=&#8221;margin: auto;&#8221; global_colors_info=&#8221;{}&#8221;][et_pb_text _builder_version=&#8221;4.27.4&#8243; _module_preset=&#8221;default&#8221; text_font=&#8221;Montserrat||||||||&#8221; header_2_font=&#8221;Montserrat|700|||||||&#8221; header_2_line_height=&#8221;1.3em&#8221; global_colors_info=&#8221;{}&#8221;]<\/p>\n<p>&nbsp;<\/p>\n<p><span><span class=\"Apple-converted-space\">\u00a0<\/span><\/span>A distin\u00e7\u00e3o de Comendador da Ordem de M\u00e9rito assinala, de forma oficial, aquilo que h\u00e1 muito \u00e9 reconhecido por todos: o seu exemplo de integridade, dedica\u00e7\u00e3o e humanidade.<span class=\"Apple-converted-space\">\u00a0<\/span><\/p>\n<p>O Grupo Exporpl\u00e1s felicita o seu fundador e manifesta o mais profundo agradecimento pelo legado que continua a construir.<\/p>\n<p><b>Parab\u00e9ns e obrigado, Senhor Comendador Orlando S\u00e1.<span class=\"Apple-converted-space\">\u00a0<\/span><\/b><\/p>\n<p>[\/et_pb_text][\/et_pb_column][\/et_pb_row][\/et_pb_section]<\/p>\n","protected":false},"excerpt":{"rendered":"<p>Comenda da Ordem de M\u00e9ritoFundador do Grupo Exporpl\u00e1s distinguido com a Comenda da Ordem de M\u00e9rito. &nbsp; \u00a0A 28 de julho, Orlando S\u00e1, fundador e presidente do Grupo Exporpl\u00e1s, foi condecorado com uma das mais altas distin\u00e7\u00f5es atribu\u00eddas pelo Estado Portugu\u00eas: a Comenda da Ordem de M\u00e9rito.\u00a0 A ins\u00edgnia foi entregue por Sua Excel\u00eancia o Presidente da Rep\u00fablica, Professor Doutor Marcelo Rebelo de Sousa, numa cerim\u00f3nia que reconheceu o percurso \u00edmpar de um homem profundamente ligado \u00e0 sua terra e ao desenvolvimento do pa\u00eds.\u00a0&nbsp; \u00a0Natural de Cortega\u00e7a, no concelho de Ovar, Orlando S\u00e1 sempre se destacou pelo esp\u00edrito de servi\u00e7o, pelo envolvimento c\u00edvico e pela promo\u00e7\u00e3o do desenvolvimento econ\u00f3mico e social da regi\u00e3o. O seu percurso inclui d\u00e9cadas de dedica\u00e7\u00e3o enquanto empres\u00e1rio, autarca e benem\u00e9rito, sempre movido pelo esp\u00edrito de miss\u00e3o e de proximidade \u00e0 comunidade.\u00a0 Este reconhecimento \u00e9 motivo de enorme orgulho para todos os que com ele t\u00eam caminhado &#8211; colaboradores, parceiros, familiares, amigos e cortegacenses &#8211; e serve como testemunho do impacto que uma lideran\u00e7a comprometida com o bem comum pode ter na vida de uma comunidade.\u00a0&nbsp; \u00a0A distin\u00e7\u00e3o de Comendador da Ordem de M\u00e9rito assinala, de forma oficial, aquilo que h\u00e1 muito \u00e9 reconhecido por todos: [&hellip;]<\/p>\n","protected":false},"author":2,"featured_media":0,"parent":0,"menu_order":0,"comment_status":"closed","ping_status":"closed","template":"","meta":{"_et_pb_use_builder":"on","_et_pb_old_content":"","_et_gb_content_width":"","footnotes":""},"class_list":["post-237163","page","type-page","status-publish","hentry"],"_links":{"self":[{"href":"https:\/\/exporplas.pt\/pt-pt\/wp-json\/wp\/v2\/pages\/237163","targetHints":{"allow":["GET"]}}],"collection":[{"href":"https:\/\/exporplas.pt\/pt-pt\/wp-json\/wp\/v2\/pages"}],"about":[{"href":"https:\/\/exporplas.pt\/pt-pt\/wp-json\/wp\/v2\/types\/page"}],"author":[{"embeddable":true,"href":"https:\/\/exporplas.pt\/pt-pt\/wp-json\/wp\/v2\/users\/2"}],"replies":[{"embeddable":true,"href":"https:\/\/exporplas.pt\/pt-pt\/wp-json\/wp\/v2\/comments?post=237163"}],"version-history":[{"count":6,"href":"https:\/\/exporplas.pt\/pt-pt\/wp-json\/wp\/v2\/pages\/237163\/revisions"}],"predecessor-version":[{"id":237207,"href":"https:\/\/exporplas.pt\/pt-pt\/wp-json\/wp\/v2\/pages\/237163\/revisions\/237207"}],"wp:attachment":[{"href":"https:\/\/exporplas.pt\/pt-pt\/wp-json\/wp\/v2\/media?parent=237163"}],"curies":[{"name":"wp","href":"https:\/\/api.w.org\/{rel}","templated":true}]}}