{"id":236911,"date":"2025-04-08T12:37:05","date_gmt":"2025-04-08T12:37:05","guid":{"rendered":"https:\/\/manage.exporplas\/politica-de-cookies\/"},"modified":"2025-04-08T12:37:06","modified_gmt":"2025-04-08T12:37:06","slug":"politica-de-cookies","status":"publish","type":"page","link":"https:\/\/exporplas.pt\/pt-pt\/politica-de-cookies\/","title":{"rendered":"Pol\u00edtica de Cookies"},"content":{"rendered":"<p>[et_pb_section fb_built=&#8221;1&#8243; _builder_version=&#8221;4.27.4&#8243; _module_preset=&#8221;default&#8221; global_colors_info=&#8221;{}&#8221;][et_pb_row _builder_version=&#8221;4.27.4&#8243; _module_preset=&#8221;default&#8221; global_colors_info=&#8221;{}&#8221;][et_pb_column type=&#8221;4_4&#8243; _builder_version=&#8221;4.27.4&#8243; _module_preset=&#8221;default&#8221; global_colors_info=&#8221;{}&#8221;][et_pb_code _builder_version=&#8221;4.27.4&#8243; _module_preset=&#8221;default&#8221; global_colors_info=&#8221;{}&#8221;]<!-- [et_pb_line_break_holder] --><\/p>\n<h2>Exporpl\u00e1s \u2013 Ind\u00fastria de Exporta\u00e7\u00e3o de Pl\u00e1sticos, S.A. Pol\u00edtica de Cookies<\/h2>\n<p><!-- [et_pb_line_break_holder] --><pee>Data de Vig\u00eancia: 8 de Abril de 2025<\/pee><!-- [et_pb_line_break_holder] --><pee>Utilizamos cookies para ajudar a melhorar a sua experi\u00eancia no nosso website em <a href=\"https:\/\/exporplas.pt\/pt-pt\/\">https:\/\/exporplas.pt<\/a>. Esta pol\u00edtica de cookies \u00e9 parte da pol\u00edtica de privacidade da Exporpl\u00e1s \u2013 Ind\u00fastria de Exporta\u00e7\u00e3o de Pl\u00e1sticos, S.A. Cobre a utiliza\u00e7\u00e3o de cookies entre o seu dispositivo e o nosso site.<\/pee><!-- [et_pb_line_break_holder] --><pee>Fornecemos tamb\u00e9m informa\u00e7\u00f5es b\u00e1sicas sobre servi\u00e7os de terceiros que podemos utilizar, os quais podem tamb\u00e9m usar cookies como parte do seu servi\u00e7o. Esta pol\u00edtica n\u00e3o cobre os cookies deles.<\/pee><!-- [et_pb_line_break_holder] --><pee>Se n\u00e3o deseja aceitar cookies da nossa parte, deve instruir o seu navegador a recusar cookies do <a href=\"https:\/\/exporplas.pt\/pt-pt\/\">https:\/\/exporplas.pt<\/a>. Nesse caso, poderemos n\u00e3o conseguir fornecer-lhe alguns dos conte\u00fados e servi\u00e7os desejados.<\/pee><!-- [et_pb_line_break_holder] --><!-- --><!-- [et_pb_line_break_holder] --><\/p>\n<h3>O que \u00e9 um cookie?<\/h3>\n<p><!-- [et_pb_line_break_holder] --><pee>Um cookie \u00e9 uma pequena quantidade de dados que um website armazena no seu dispositivo quando o visita. Normalmente cont\u00e9m informa\u00e7\u00f5es sobre o pr\u00f3prio website, um identificador \u00fanico que permite ao site reconhecer o seu navegador quando regressa, dados adicionais que servem para o prop\u00f3sito do cookie e a dura\u00e7\u00e3o do pr\u00f3prio cookie.<\/pee><!-- [et_pb_line_break_holder] --><pee>Os cookies s\u00e3o utilizados para ativar certas funcionalidades (por exemplo, iniciar sess\u00e3o), rastrear a utiliza\u00e7\u00e3o do site (por exemplo, an\u00e1lises), armazenar as suas defini\u00e7\u00f5es (por exemplo, fuso hor\u00e1rio, prefer\u00eancias de notifica\u00e7\u00f5es) e personalizar o seu conte\u00fado (por exemplo, publicidade, idioma).<\/pee><!-- [et_pb_line_break_holder] --><pee>Os cookies definidos pelo website que est\u00e1 a visitar s\u00e3o geralmente referidos como cookies pr\u00f3prios. Normalmente rastreiam apenas a sua atividade nesse site espec\u00edfico.<\/pee><!-- [et_pb_line_break_holder] --><pee>Cookies definidos por outros sites e empresas (ou seja, terceiros) s\u00e3o chamados de cookies de terceiros. Eles podem ser usados para rastrear voc\u00ea em outros sites que utilizam o mesmo servi\u00e7o de terceiros.<\/pee><!-- [et_pb_line_break_holder] --><!-- --><!-- [et_pb_line_break_holder] --><\/p>\n<h3>Tipos de cookies e como os utilizamos<\/h3>\n<p><!-- [et_pb_line_break_holder] --><\/p>\n<h4>Cookies essenciais<\/h4>\n<p><!-- [et_pb_line_break_holder] --><pee>Os cookies essenciais s\u00e3o cruciais para a sua experi\u00eancia num website, permitindo funcionalidades b\u00e1sicas como logins de usu\u00e1rios, gest\u00e3o de contas, cestas de compras e processamento de pagamentos.<\/pee><!-- [et_pb_line_break_holder] --><pee>Utilizamos cookies essenciais para ativar certas fun\u00e7\u00f5es no nosso website.<\/pee><!-- [et_pb_line_break_holder] --><\/p>\n<h4>Cookies de desempenho<\/h4>\n<p><!-- [et_pb_line_break_holder] --><pee>Os cookies de desempenho rastreiam como voc\u00ea utiliza um website durante a sua visita. Normalmente, essas informa\u00e7\u00f5es s\u00e3o an\u00f4nimas e agregadas, com dados coletados entre todos os usu\u00e1rios do site. Eles ajudam as empresas a entender padr\u00f5es de uso dos visitantes, identificar e diagnosticar problemas ou erros que seus usu\u00e1rios possam encontrar e tomar melhores decis\u00f5es estrat\u00e9gicas para melhorar a experi\u00eancia geral do p\u00fablico no website. Esses cookies podem ser definidos pelo site que voc\u00ea est\u00e1 visitando (cookies pr\u00f3prios) ou por servi\u00e7os de terceiros. Eles n\u00e3o coletam informa\u00e7\u00f5es pessoais sobre voc\u00ea.<\/pee><!-- [et_pb_line_break_holder] --><pee>Utilizamos cookies de desempenho no nosso site.<\/pee><!-- [et_pb_line_break_holder] --><\/p>\n<h4>Cookies de funcionalidade<\/h4>\n<p><!-- [et_pb_line_break_holder] --><pee>Os cookies de funcionalidade s\u00e3o usados para coletar informa\u00e7\u00f5es sobre o seu dispositivo e quaisquer configura\u00e7\u00f5es que voc\u00ea possa definir no website que est\u00e1 visitando (como configura\u00e7\u00f5es de idioma e fuso hor\u00e1rio). Com essas informa\u00e7\u00f5es, os websites podem fornecer conte\u00fado e servi\u00e7os personalizados, aprimorados ou otimizados. Esses cookies podem ser definidos pelo site que voc\u00ea est\u00e1 visitando (cookies pr\u00f3prios) ou por servi\u00e7os de terceiros.<\/pee><!-- [et_pb_line_break_holder] --><pee>Utilizamos cookies de funcionalidade para caracter\u00edsticas selecionadas no nosso site.<\/pee><!-- [et_pb_line_break_holder] --><\/p>\n<h4>Cookies de targeting\/publicidade<\/h4>\n<p><!-- [et_pb_line_break_holder] --><pee>Os cookies de targeting\/publicidade ajudam a determinar qual conte\u00fado promocional \u00e9 mais relevante e apropriado para voc\u00ea e seus interesses. Os websites podem us\u00e1-los para entregar publicidade direcionada ou limitar o n\u00famero de vezes que voc\u00ea v\u00ea um an\u00fancio. Isso ajuda as empresas a melhorar a efic\u00e1cia das suas campanhas e a qualidade do conte\u00fado apresentado a voc\u00ea. Esses cookies podem ser definidos pelo website que voc\u00ea est\u00e1 visitando (cookies pr\u00f3prios) ou por servi\u00e7os de terceiros. Cookies de targeting\/publicidade definidos por terceiros podem ser usados para rastrear voc\u00ea em outros websites que utilizam o mesmo servi\u00e7o de terceiros.<\/pee><!-- [et_pb_line_break_holder] --><pee>Utilizamos cookies de targeting\/publicidade no nosso site.<\/pee><!-- [et_pb_line_break_holder] --><!-- --><!-- [et_pb_line_break_holder] --><\/p>\n<h3>Como Voc\u00ea Pode Controlar o Uso de Cookies no Nosso Website?<\/h3>\n<p><!-- [et_pb_line_break_holder] --><pee>Voc\u00ea tem o direito de decidir se aceita ou rejeita cookies no nosso Website. Voc\u00ea pode gerenciar suas prefer\u00eancias de cookies no nosso Gerenciador de Consentimento de Cookies. O Gerenciador de Consentimento de Cookies permite que voc\u00ea selecione quais categorias de cookies aceita ou rejeita. Cookies essenciais n\u00e3o podem ser rejeitados, pois s\u00e3o estritamente necess\u00e1rios para fornecer os servi\u00e7os no nosso Website.<\/pee><!-- [et_pb_line_break_holder] --><pee>Voc\u00ea tamb\u00e9m pode definir ou alterar suas prefer\u00eancias sobre cookies gerenciando as configura\u00e7\u00f5es do seu navegador web. Como cada navegador \u00e9 diferente, consulte as instru\u00e7\u00f5es fornecidas pelo seu navegador (geralmente na se\u00e7\u00e3o &#8220;ajuda&#8221;). Se voc\u00ea optar por recusar ou desativar cookies, ainda poder\u00e1 usar o Website, embora algumas funcionalidades possam n\u00e3o estar dispon\u00edveis para voc\u00ea.<\/pee><!-- [et_pb_line_break_holder] --><\/p>\n<h3>Com Que Frequ\u00eancia Atualizaremos Esta Pol\u00edtica de Cookies?<\/h3>\n<p><!-- [et_pb_line_break_holder] --><pee>Podemos atualizar esta Pol\u00edtica de Cookies de tempos em tempos para refletir quaisquer altera\u00e7\u00f5es nos cookies e tecnologias relacionadas que utilizamos, ou por outras raz\u00f5es operacionais, legais ou regulamentares.<\/pee><!-- [et_pb_line_break_holder] --><pee>Cada vez que voc\u00ea utilizar o nosso Website, a vers\u00e3o atual da Pol\u00edtica de Cookies ser\u00e1 aplic\u00e1vel. Ao usar o nosso Website, deve verificar a data desta Pol\u00edtica de Cookies (que aparece no topo deste documento) e rever quaisquer altera\u00e7\u00f5es desde a \u00faltima vers\u00e3o.<\/pee><!-- [et_pb_line_break_holder] --><!-- --><!-- [et_pb_line_break_holder] --><\/p>\n<h3>Onde Voc\u00ea Pode Obter Mais Informa\u00e7\u00f5es?<\/h3>\n<p><!-- [et_pb_line_break_holder] --><pee>Para qualquer d\u00favida ou preocupa\u00e7\u00e3o relacionada \u00e0 nossa Pol\u00edtica de Cookies, voc\u00ea pode entrar em contato conosco usando os seguintes detalhes:<\/pee><!-- [et_pb_line_break_holder] --><pee>Exporpl\u00e1s &#8211; Ind\u00fastria De Exporta\u00e7\u00e3o De Pl\u00e1sticos, S.A.<!\u2013- [et_pb_br_holder] -\u2013><!-- [et_pb_line_break_holder] -->R. dos Sobrais 89, 3885-307 Cortega\u00e7a<!\u2013- [et_pb_br_holder] -\u2013><!-- [et_pb_line_break_holder] -->info@exporplas.pt<\/pee><!-- [et_pb_line_break_holder] -->[\/et_pb_code][\/et_pb_column][\/et_pb_row][\/et_pb_section]<\/p>\n","protected":false},"excerpt":{"rendered":"","protected":false},"author":0,"featured_media":0,"parent":0,"menu_order":0,"comment_status":"closed","ping_status":"closed","template":"","meta":{"_et_pb_use_builder":"on","_et_pb_old_content":"","_et_gb_content_width":"","footnotes":""},"class_list":["post-236911","page","type-page","status-publish","hentry"],"_links":{"self":[{"href":"https:\/\/exporplas.pt\/pt-pt\/wp-json\/wp\/v2\/pages\/236911","targetHints":{"allow":["GET"]}}],"collection":[{"href":"https:\/\/exporplas.pt\/pt-pt\/wp-json\/wp\/v2\/pages"}],"about":[{"href":"https:\/\/exporplas.pt\/pt-pt\/wp-json\/wp\/v2\/types\/page"}],"replies":[{"embeddable":true,"href":"https:\/\/exporplas.pt\/pt-pt\/wp-json\/wp\/v2\/comments?post=236911"}],"version-history":[{"count":2,"href":"https:\/\/exporplas.pt\/pt-pt\/wp-json\/wp\/v2\/pages\/236911\/revisions"}],"predecessor-version":[{"id":236913,"href":"https:\/\/exporplas.pt\/pt-pt\/wp-json\/wp\/v2\/pages\/236911\/revisions\/236913"}],"wp:attachment":[{"href":"https:\/\/exporplas.pt\/pt-pt\/wp-json\/wp\/v2\/media?parent=236911"}],"curies":[{"name":"wp","href":"https:\/\/api.w.org\/{rel}","templated":true}]}}