{"id":234371,"date":"2024-05-02T16:00:03","date_gmt":"2024-05-02T16:00:03","guid":{"rendered":"https:\/\/manage.exporplas\/?page_id=234371"},"modified":"2024-05-02T18:11:04","modified_gmt":"2024-05-02T18:11:04","slug":"25-focus-smart","status":"publish","type":"page","link":"https:\/\/exporplas.pt\/pt-pt\/areas-de-negocios\/agricultura\/rede-agricola\/gama-25-focus\/25-focus-smart\/","title":{"rendered":"25 FOCUS SMART"},"content":{"rendered":"<p>[et_pb_section fb_built=&#8221;1&#8243; _builder_version=&#8221;4.16&#8243; _module_preset=&#8221;1aa77664-506e-4896-aba7-807e7db78016&#8243; locked=&#8221;off&#8221; global_colors_info=&#8221;{}&#8221;][et_pb_row _builder_version=&#8221;4.16&#8243; _module_preset=&#8221;default&#8221; max_width=&#8221;1230px&#8221; custom_margin=&#8221;||||false|false&#8221; custom_padding=&#8221;0px||0px||false|false&#8221; global_colors_info=&#8221;{}&#8221;][et_pb_column type=&#8221;4_4&#8243; _builder_version=&#8221;4.16&#8243; _module_preset=&#8221;default&#8221; global_colors_info=&#8221;{}&#8221;][dsm_breadcrumbs _builder_version=&#8221;4.16&#8243; _module_preset=&#8221;7726ac8d-7222-46bd-8a73-3088c2807996&#8243; global_colors_info=&#8221;{}&#8221;][\/dsm_breadcrumbs][\/et_pb_column][\/et_pb_row][\/et_pb_section][et_pb_section fb_built=&#8221;1&#8243; admin_label=&#8221;produto&#8221; _builder_version=&#8221;4.25.0&#8243; _module_preset=&#8221;default&#8221; background_color=&#8221;#000000&#8243; z_index=&#8221;3&#8243; custom_padding=&#8221;0px||||false|false&#8221; global_colors_info=&#8221;{}&#8221;][et_pb_row disabled_on=&#8221;on|off|off&#8221; _builder_version=&#8221;4.25.0&#8243; _module_preset=&#8221;default&#8221; global_colors_info=&#8221;{}&#8221;][et_pb_column type=&#8221;4_4&#8243; _builder_version=&#8221;4.16&#8243; _module_preset=&#8221;default&#8221; global_colors_info=&#8221;{}&#8221;][et_pb_text _builder_version=&#8221;4.25.0&#8243; _module_preset=&#8221;default&#8221; text_font=&#8221;Montserrat|600|||||||&#8221; text_text_color=&#8221;#E02B20&#8243; text_font_size=&#8221;19px&#8221; text_orientation=&#8221;center&#8221; global_colors_info=&#8221;{}&#8221;]<\/p>\n<p>AGRICULTURA | 25 FOCUS SMART<\/p>\n<p>[\/et_pb_text][et_pb_divider color=&#8221;#cccccc&#8221; divider_weight=&#8221;1px&#8221; _builder_version=&#8221;4.16&#8243; _module_preset=&#8221;default&#8221; z_index=&#8221;1&#8243; width=&#8221;250px&#8221; module_alignment=&#8221;center&#8221; locked=&#8221;off&#8221; global_colors_info=&#8221;{}&#8221;][\/et_pb_divider][et_pb_divider color=&#8221;#E02B20&#8243; divider_weight=&#8221;4px&#8221; _builder_version=&#8221;4.25.0&#8243; _module_preset=&#8221;default&#8221; z_index=&#8221;1&#8243; width=&#8221;95px&#8221; module_alignment=&#8221;center&#8221; custom_margin=&#8221;-54px||||false|false&#8221; custom_padding=&#8221;0px||||false|false&#8221; locked=&#8221;off&#8221; global_colors_info=&#8221;{}&#8221;][\/et_pb_divider][\/et_pb_column][\/et_pb_row][\/et_pb_section][et_pb_section fb_built=&#8221;1&#8243; module_id=&#8221;produto&#8221; _builder_version=&#8221;4.25.0&#8243; _module_preset=&#8221;default&#8221; background_color=&#8221;#000000&#8243; z_index=&#8221;3&#8243; custom_margin=&#8221;||||false|false&#8221; custom_margin_tablet=&#8221;||||false|false&#8221; custom_margin_phone=&#8221;||||false|false&#8221; custom_margin_last_edited=&#8221;on|phone&#8221; custom_padding=&#8221;0px||||false|false&#8221; global_colors_info=&#8221;{}&#8221;][et_pb_row column_structure=&#8221;1_2,1_2&#8243; _builder_version=&#8221;4.16&#8243; _module_preset=&#8221;default&#8221; global_colors_info=&#8221;{}&#8221;][et_pb_column type=&#8221;1_2&#8243; _builder_version=&#8221;4.16&#8243; _module_preset=&#8221;default&#8221; global_colors_info=&#8221;{}&#8221;][et_pb_text _builder_version=&#8221;4.25.0&#8243; _module_preset=&#8221;default&#8221; text_font=&#8221;Montserrat|300|||||||&#8221; text_text_color=&#8221;#FFFFFF&#8221; text_font_size=&#8221;45px&#8221; header_3_font=&#8221;Montserrat|600|||||||&#8221; header_3_text_color=&#8221;#FFFFFF&#8221; header_3_font_size=&#8221;45px&#8221; hover_enabled=&#8221;0&#8243; global_colors_info=&#8221;{}&#8221; sticky_enabled=&#8221;0&#8243;]<\/p>\n<h3>REDE AGR\u00cdCOLA<\/h3>\n<p><strong>25 FOCUS<\/strong> SMART<\/p>\n<p>[\/et_pb_text][et_pb_text _builder_version=&#8221;4.25.0&#8243; _module_preset=&#8221;default&#8221; text_text_color=&#8221;#FFFFFF&#8221; global_colors_info=&#8221;{}&#8221;]<\/p>\n<p>Descubra a linha <strong>FOCUS 25<\/strong> da EXPORPL\u00c1S, projetada para atender \u00e0 procura daqueles que buscam durabilidade, confiabilidade e excel\u00eancia em solu\u00e7\u00f5es de rede agr\u00edcola.<\/p>\n<p><strong>Com fios mais grossos, textura robusta e tramas espa\u00e7adas estrategicamente, nossa s\u00e9rie de rede premium oferece uma resist\u00eancia excecional mesmo perante as condi\u00e7\u00f5es mais adversas<\/strong>.<\/p>\n<p>Projetada com materiais de alta qualidade, garante um desempenho incompar\u00e1vel e protege ao m\u00e1ximo os seus fardos.<\/p>\n<p><strong>FOCUS 25 SMART<\/strong> caracteriza-se por sua resist\u00eancia excecional, proporcionando cortes limpos e cobertura borda a borda.<\/p>\n<p><strong>Oferece um \u00f3timo desempenho a um pre\u00e7o competitivo, tornando-a uma excelente<\/strong> <strong>op\u00e7\u00e3o para aqueles que procuram uma solu\u00e7\u00e3o s\u00f3lida e econ\u00f3mica.<\/strong><\/p>\n<p>&nbsp;<\/p>\n<p>Produzido por OMNICOR, uma empresa do Grupo EXPORPL\u00c1S.<\/p>\n<p>[\/et_pb_text][\/et_pb_column][et_pb_column type=&#8221;1_2&#8243; _builder_version=&#8221;4.16&#8243; _module_preset=&#8221;default&#8221; global_colors_info=&#8221;{}&#8221;][et_pb_image src=&#8221;https:\/\/exporplas.pt\/wp-content\/uploads\/2024\/05\/FOCUS_25_smart_image.png&#8221; title_text=&#8221;FOCUS_25_smart_image&#8221; _builder_version=&#8221;4.25.0&#8243; _module_preset=&#8221;default&#8221; animation_style=&#8221;slide&#8221; animation_direction=&#8221;right&#8221; global_colors_info=&#8221;{}&#8221;][\/et_pb_image][\/et_pb_column][\/et_pb_row][et_pb_row disabled_on=&#8221;off|off|off&#8221; _builder_version=&#8221;4.16&#8243; _module_preset=&#8221;default&#8221; locked=&#8221;off&#8221; global_colors_info=&#8221;{}&#8221;][et_pb_column type=&#8221;4_4&#8243; _builder_version=&#8221;4.16&#8243; _module_preset=&#8221;default&#8221; global_colors_info=&#8221;{}&#8221;][et_pb_text _builder_version=&#8221;4.16&#8243; _module_preset=&#8221;default&#8221; locked=&#8221;off&#8221; global_colors_info=&#8221;{}&#8221;]<\/p>\n<p><span style=\"text-decoration: underline;\"><strong><a href=\"mailto:info@exporplas.pt\">Para mais informa\u00e7\u00f5es, por favor entre em contacto connosco.<\/a><\/strong><\/span><\/p>\n<p>[\/et_pb_text][et_pb_button button_url=&#8221;@ET-DC@eyJkeW5hbWljIjp0cnVlLCJjb250ZW50IjoicG9zdF9saW5rX3VybF9wYWdlIiwic2V0dGluZ3MiOnsicG9zdF9pZCI6IjIzNDM0NSJ9fQ==@&#8221; button_text=&#8221; VOLTAR&#8221; _builder_version=&#8221;4.25.0&#8243; _dynamic_attributes=&#8221;button_url&#8221; _module_preset=&#8221;default&#8221; custom_button=&#8221;on&#8221; button_text_size=&#8221;9px&#8221; button_text_color=&#8221;#ffffff&#8221; button_bg_color=&#8221;#6caf3f&#8221; button_border_width=&#8221;10px&#8221; button_border_color=&#8221;rgba(47,56,84,0)&#8221; button_border_radius=&#8221;60px&#8221; button_letter_spacing=&#8221;1px&#8221; button_font=&#8221;|700||on|||||&#8221; button_use_icon=&#8221;off&#8221; animation_style=&#8221;fade&#8221; locked=&#8221;off&#8221; global_colors_info=&#8221;{}&#8221; button_border_radius__hover=&#8221;66px&#8221; button_border_radius__hover_enabled=&#8221;on&#8221; button_letter_spacing__hover=&#8221;1px&#8221; button_letter_spacing__hover_enabled=&#8221;on&#8221;][\/et_pb_button][\/et_pb_column][\/et_pb_row][\/et_pb_section]<\/p>\n","protected":false},"excerpt":{"rendered":"<p><div class=\"et_pb_module dsm_breadcrumbs dsm_breadcrumbs_0\">\n\t\t\t\t\n\t\t\t\t\n\t\t\t\t\n\t\t\t\t\n\t\t\t\t\n\t\t\t\t\n\t\t\t\t<div class=\"et_pb_module_inner\">\n\t\t\t\t\t<nav class=\"dsm_breadcrumbs_wrap\">\n\t\t\t\t<ul class=\"dsm_breadcrumbs\" itemscope itemtype=\"https:\/\/schema.org\/BreadcrumbList\">\t\t\t<li class=\"dsm_breadcrumbs_item dsm_home_item dsm_home_item_custom\" itemprop=\"itemListElement\" itemscope\n\t\t\titemtype=\"https:\/\/schema.org\/ListItem\">\n\t\t\t\t<a href=\"https:\/\/exporplas.pt\/pt-pt\/\" itemprop=\"item\" target=\"\">\n\t\t\t\t\t<span class='dsm_home_text_wrapper'>\n\t\t\t\t\t\t\t\t\t\t\t\t\t<span class=\"et-pb-icon dsm_home_icon\">\ue009<\/span>\n\t\t\t\t\t\t\t\t\t\t\t\t\t<span class=\"dsm_home_text\" itemprop=\"name\">\n\t\t\t\t\t\t\t\t \t\t\t\t\t\t\t<\/span>\n\t\t\t\t\t<\/span>\n\t\t\t\t<\/a>\n\t\t\t\t<meta itemprop=\"position\" content=\"1\" \/>\n\t\t\t<\/li>\n\n\t\t<li class=\"dsm_breadcrumbs_separator\"> <span class=\"et-pb-icon dsm_separator_icon\">5<\/span><\/li><\/ul>\n\t\t\t<\/nav>\n\t\t\t\t<\/div>\n\t\t\t<\/div>AGRICULTURA | 25 FOCUS SMARTREDE AGR\u00cdCOLA 25 FOCUS SMARTDescubra a linha FOCUS 25 da EXPORPL\u00c1S, projetada para atender \u00e0 procura daqueles que buscam durabilidade, confiabilidade e excel\u00eancia em solu\u00e7\u00f5es de rede agr\u00edcola. Com fios mais grossos, textura robusta e tramas espa\u00e7adas estrategicamente, nossa s\u00e9rie de rede premium oferece uma resist\u00eancia excecional mesmo perante as condi\u00e7\u00f5es mais adversas. Projetada com materiais de alta qualidade, garante um desempenho incompar\u00e1vel e protege ao m\u00e1ximo os seus fardos. FOCUS 25 SMART caracteriza-se por sua resist\u00eancia excecional, proporcionando cortes limpos e cobertura borda a borda. Oferece um \u00f3timo desempenho a um pre\u00e7o competitivo, tornando-a uma excelente op\u00e7\u00e3o para aqueles que procuram uma solu\u00e7\u00e3o s\u00f3lida e econ\u00f3mica. &nbsp; Produzido por OMNICOR, uma empresa do Grupo EXPORPL\u00c1S.Para mais informa\u00e7\u00f5es, por favor entre em contacto connosco.<\/p>\n","protected":false},"author":0,"featured_media":0,"parent":234345,"menu_order":0,"comment_status":"closed","ping_status":"closed","template":"","meta":{"_et_pb_use_builder":"on","_et_pb_old_content":"","_et_gb_content_width":"","footnotes":""},"class_list":["post-234371","page","type-page","status-publish","hentry"],"_links":{"self":[{"href":"https:\/\/exporplas.pt\/pt-pt\/wp-json\/wp\/v2\/pages\/234371","targetHints":{"allow":["GET"]}}],"collection":[{"href":"https:\/\/exporplas.pt\/pt-pt\/wp-json\/wp\/v2\/pages"}],"about":[{"href":"https:\/\/exporplas.pt\/pt-pt\/wp-json\/wp\/v2\/types\/page"}],"replies":[{"embeddable":true,"href":"https:\/\/exporplas.pt\/pt-pt\/wp-json\/wp\/v2\/comments?post=234371"}],"version-history":[{"count":0,"href":"https:\/\/exporplas.pt\/pt-pt\/wp-json\/wp\/v2\/pages\/234371\/revisions"}],"up":[{"embeddable":true,"href":"https:\/\/exporplas.pt\/pt-pt\/wp-json\/wp\/v2\/pages\/234345"}],"wp:attachment":[{"href":"https:\/\/exporplas.pt\/pt-pt\/wp-json\/wp\/v2\/media?parent=234371"}],"curies":[{"name":"wp","href":"https:\/\/api.w.org\/{rel}","templated":true}]}}