{"id":233998,"date":"2024-01-24T17:25:27","date_gmt":"2024-01-24T17:25:27","guid":{"rendered":"https:\/\/manage.exporplas\/?page_id=233998"},"modified":"2024-12-09T17:00:45","modified_gmt":"2024-12-09T17:00:45","slug":"politica-de-qualidade","status":"publish","type":"page","link":"https:\/\/exporplas.pt\/pt-pt\/politica-de-qualidade\/","title":{"rendered":"Pol\u00edtica de Qualidade"},"content":{"rendered":"<p>[et_pb_section fb_built=&#8221;1&#8243; _builder_version=&#8221;4.16&#8243; global_colors_info=&#8221;{}&#8221;][et_pb_row _builder_version=&#8221;4.16&#8243; background_size=&#8221;initial&#8221; background_position=&#8221;top_left&#8221; background_repeat=&#8221;repeat&#8221; global_colors_info=&#8221;{}&#8221;][et_pb_column type=&#8221;4_4&#8243; _builder_version=&#8221;4.16&#8243; custom_padding=&#8221;|||&#8221; global_colors_info=&#8221;{}&#8221; custom_padding__hover=&#8221;|||&#8221;][et_pb_text _builder_version=&#8221;4.27.4&#8243; background_size=&#8221;initial&#8221; background_position=&#8221;top_left&#8221; background_repeat=&#8221;repeat&#8221; global_colors_info=&#8221;{}&#8221;]<\/p>\n<h2>POL\u00cdTICA DA QUALIDADE<\/h2>\n<p><span class=\"Apple-converted-space\">Procuramos a excel\u00eancia em Qualidade em todas as atividades que desenvolvemos, objetivando a satisfa\u00e7\u00e3o das partes interessadas, a melhoria cont\u00ednua do Sistema de Gest\u00e3o da Qualidade e o cumprimento dos requisitos dos clientes, regulamentares, estatut\u00e1rios e normativos aplic\u00e1veis e outros que a organiza\u00e7\u00e3o subscreva aplic\u00e1veis ao produto. Para isso, O Grupo Exporpl\u00e1s fundamenta-se nos seguintes princ\u00edpios:<\/span><\/p>\n<p><span class=\"Apple-converted-space\"><\/span><\/p>\n<ul>\n<li><span><\/span>Conhecimento das necessidades das diversas partes interessadas;<\/li>\n<li>Busca da otimiza\u00e7\u00e3o dos nossos produtos e servi\u00e7os de forma a garantir uma melhoria cont\u00ednua;<\/li>\n<li>Capacidade de responder adequada, r\u00e1pida e qualitativamente \u00e0s expectativas dos clientes;<\/li>\n<li>Capacita\u00e7\u00e3o e valoriza\u00e7\u00e3o dos nossos recursos humanos;<\/li>\n<li>Melhoria cont\u00ednua das condi\u00e7\u00f5es de trabalho;<\/li>\n<li>Promo\u00e7\u00e3o da redu\u00e7\u00e3o de custos;<\/li>\n<li>Cria\u00e7\u00e3o de valor acrescentado que garanta a continuidade e rentabilidade da empresa;<\/li>\n<\/ul>\n<p>[\/et_pb_text][et_pb_text _builder_version=&#8221;4.27.4&#8243; background_size=&#8221;initial&#8221; background_position=&#8221;top_left&#8221; background_repeat=&#8221;repeat&#8221; hover_enabled=&#8221;0&#8243; global_colors_info=&#8221;{}&#8221; sticky_enabled=&#8221;0&#8243;]<\/p>\n<p><em>29-11-2024<\/em><\/p>\n<p>[\/et_pb_text][\/et_pb_column][\/et_pb_row][\/et_pb_section]<\/p>\n","protected":false},"excerpt":{"rendered":"<p>POL\u00cdTICA DA QUALIDADE Procuramos a excel\u00eancia em Qualidade em todas as atividades que desenvolvemos, objetivando a satisfa\u00e7\u00e3o das partes interessadas, a melhoria cont\u00ednua do Sistema de Gest\u00e3o da Qualidade e o cumprimento dos requisitos dos clientes, regulamentares, estatut\u00e1rios e normativos aplic\u00e1veis e outros que a organiza\u00e7\u00e3o subscreva aplic\u00e1veis ao produto. Para isso, O Grupo Exporpl\u00e1s fundamenta-se nos seguintes princ\u00edpios: Conhecimento das necessidades das diversas partes interessadas; Busca da otimiza\u00e7\u00e3o dos nossos produtos e servi\u00e7os de forma a garantir uma melhoria cont\u00ednua; Capacidade de responder adequada, r\u00e1pida e qualitativamente \u00e0s expectativas dos clientes; Capacita\u00e7\u00e3o e valoriza\u00e7\u00e3o dos nossos recursos humanos; Melhoria cont\u00ednua das condi\u00e7\u00f5es de trabalho; Promo\u00e7\u00e3o da redu\u00e7\u00e3o de custos; Cria\u00e7\u00e3o de valor acrescentado que garanta a continuidade e rentabilidade da empresa; 29-11-2024<\/p>\n","protected":false},"author":0,"featured_media":0,"parent":0,"menu_order":0,"comment_status":"closed","ping_status":"closed","template":"","meta":{"_et_pb_use_builder":"on","_et_pb_old_content":"","_et_gb_content_width":"","footnotes":""},"class_list":["post-233998","page","type-page","status-publish","hentry"],"_links":{"self":[{"href":"https:\/\/exporplas.pt\/pt-pt\/wp-json\/wp\/v2\/pages\/233998","targetHints":{"allow":["GET"]}}],"collection":[{"href":"https:\/\/exporplas.pt\/pt-pt\/wp-json\/wp\/v2\/pages"}],"about":[{"href":"https:\/\/exporplas.pt\/pt-pt\/wp-json\/wp\/v2\/types\/page"}],"replies":[{"embeddable":true,"href":"https:\/\/exporplas.pt\/pt-pt\/wp-json\/wp\/v2\/comments?post=233998"}],"version-history":[{"count":0,"href":"https:\/\/exporplas.pt\/pt-pt\/wp-json\/wp\/v2\/pages\/233998\/revisions"}],"wp:attachment":[{"href":"https:\/\/exporplas.pt\/pt-pt\/wp-json\/wp\/v2\/media?parent=233998"}],"curies":[{"name":"wp","href":"https:\/\/api.w.org\/{rel}","templated":true}]}}