{"id":233943,"date":"2024-01-19T11:39:39","date_gmt":"2024-01-19T11:39:39","guid":{"rendered":"https:\/\/manage.exporplas\/criterios-de-avaliacao-de-desempenho-de-fornecedores\/"},"modified":"2026-02-10T16:32:06","modified_gmt":"2026-02-10T16:32:06","slug":"criterios-de-avaliacao-de-desempenho-de-fornecedores","status":"publish","type":"page","link":"https:\/\/exporplas.pt\/pt-pt\/criterios-de-avaliacao-de-desempenho-de-fornecedores\/","title":{"rendered":"Crit\u00e9rios de Avalia\u00e7\u00e3o de Desempenho de Fornecedores"},"content":{"rendered":"<p>[et_pb_section fb_built=&#8221;1&#8243; _builder_version=&#8221;4.16&#8243; global_colors_info=&#8221;{}&#8221;][et_pb_row _builder_version=&#8221;4.16&#8243; background_size=&#8221;initial&#8221; background_position=&#8221;top_left&#8221; background_repeat=&#8221;repeat&#8221; global_colors_info=&#8221;{}&#8221;][et_pb_column type=&#8221;4_4&#8243; _builder_version=&#8221;4.16&#8243; custom_padding=&#8221;|||&#8221; global_colors_info=&#8221;{}&#8221; custom_padding__hover=&#8221;|||&#8221;][et_pb_text _builder_version=&#8221;4.27.4&#8243; background_size=&#8221;initial&#8221; background_position=&#8221;top_left&#8221; background_repeat=&#8221;repeat&#8221; hover_enabled=&#8221;0&#8243; global_colors_info=&#8221;{}&#8221; sticky_enabled=&#8221;0&#8243;]<\/p>\n<h2>Crit\u00e9rios de Avalia\u00e7\u00e3o de Desempenho de Fornecedores.<\/h2>\n<p>&nbsp;<\/p>\n<p>Prezados Fornecedores,<\/p>\n<p>Gostar\u00edamos de inform\u00e1-los sobre os nossos crit\u00e9rios de avalia\u00e7\u00e3o de desempenho de fornecedores. Esses crit\u00e9rios s\u00e3o projetados para garantir que estamos a trabalhar com fornecedores que consistentemente atendam aos nossos altos padr\u00f5es de qualidade, servi\u00e7o e confiabilidade, bem como prontid\u00e3o em atender a solicita\u00e7\u00f5es urgentes.<br \/>Os indicadores-chave de desempenho que usamos para avaliar os nossos fornecedores s\u00e3o os seguintes:<\/p>\n<ul>\n<li style=\"list-style-type: none;\">\n<ul>\n<li>Entrega pontual: Esperamos que nossos fornecedores entreguem os produtos pontualmente e na sua totalidade. Quaisquer atrasos ou discrep\u00e2ncias ser\u00e3o cuidadosamente analisados e podem afetar nosso relacionamento comercial futuro.<\/li>\n<li>Resposta a entregas urgentes: Reconhecemos a import\u00e2ncia de r\u00e1pida resposta para atender a entregas urgentes. Esperamos que nossos fornecedores se esforcem para atender a solicita\u00e7\u00f5es urgentes e forne\u00e7am atualiza\u00e7\u00f5es oportunas sobre o estado desses pedidos.<\/li>\n<li>Qualidade do produto: Exigimos a m\u00e1xima qualidade aos nossos fornecedores. Inspecionaremos cuidadosamente todos os produtos recebidos para garantir que atendem \u00e0s especifica\u00e7\u00f5es acordadas e \u00e0s necessidades dos nossos clientes. Quaisquer produtos n\u00e3o conformes poder\u00e3o ser rejeitados.<\/li>\n<li>Atendimento ao cliente: Valorizamos o nosso relacionamento com os nossos fornecedores e esperamos que eles nos forne\u00e7am um atendimento proativo e \u00fatil. Respostas r\u00e1pidas \u00e0s solicita\u00e7\u00f5es, solu\u00e7\u00e3o de problemas eficiente e um compromisso com a nossa satisfa\u00e7\u00e3o s\u00e3o elementos essenciais de nossa parceria.<\/li>\n<li>Gest\u00e3o de Energia: valorizamos o desempenho energ\u00e9tico na aquisi\u00e7\u00e3o de produtos ou servi\u00e7os que impactem o consumo de energia, promovendo efici\u00eancia e melhoria cont\u00ednua<\/li>\n<\/ul>\n<\/li>\n<\/ul>\n<p>Avalia\u00e7\u00f5es regulares de desempenho ser\u00e3o realizadas para avaliar os nossos fornecedores de acordo com estes crit\u00e9rios. Poderemos fornecer feedback aos nossos fornecedores dos resultados da avalia\u00e7\u00e3o para que eles possam entender nossas expectativas e tomar medidas para melhorar o seu desempenho<br \/>Agradecemos o cont\u00ednuo compromisso dos nossos fornecedores em fornecer produtos e servi\u00e7os de alta qualidade. Ao trabalharmos juntos, podemos garantir que a EXPORPL\u00c1S S.A.\/OMNICOR LTD. continuam a fornecer produtos e servi\u00e7os excecionais aos nossos clientes.<\/p>\n<p>Obrigado pela sua aten\u00e7\u00e3o a este assunto.<\/p>\n<p>[\/et_pb_text][\/et_pb_column][\/et_pb_row][\/et_pb_section]<\/p>\n","protected":false},"excerpt":{"rendered":"<p>Crit\u00e9rios de Avalia\u00e7\u00e3o de Desempenho de Fornecedores. &nbsp; Prezados Fornecedores, Gostar\u00edamos de inform\u00e1-los sobre os nossos crit\u00e9rios de avalia\u00e7\u00e3o de desempenho de fornecedores. Esses crit\u00e9rios s\u00e3o projetados para garantir que estamos a trabalhar com fornecedores que consistentemente atendam aos nossos altos padr\u00f5es de qualidade, servi\u00e7o e confiabilidade, bem como prontid\u00e3o em atender a solicita\u00e7\u00f5es urgentes.Os indicadores-chave de desempenho que usamos para avaliar os nossos fornecedores s\u00e3o os seguintes: Entrega pontual: Esperamos que nossos fornecedores entreguem os produtos pontualmente e na sua totalidade. Quaisquer atrasos ou discrep\u00e2ncias ser\u00e3o cuidadosamente analisados e podem afetar nosso relacionamento comercial futuro. Resposta a entregas urgentes: Reconhecemos a import\u00e2ncia de r\u00e1pida resposta para atender a entregas urgentes. Esperamos que nossos fornecedores se esforcem para atender a solicita\u00e7\u00f5es urgentes e forne\u00e7am atualiza\u00e7\u00f5es oportunas sobre o estado desses pedidos. Qualidade do produto: Exigimos a m\u00e1xima qualidade aos nossos fornecedores. Inspecionaremos cuidadosamente todos os produtos recebidos para garantir que atendem \u00e0s especifica\u00e7\u00f5es acordadas e \u00e0s necessidades dos nossos clientes. Quaisquer produtos n\u00e3o conformes poder\u00e3o ser rejeitados. Atendimento ao cliente: Valorizamos o nosso relacionamento com os nossos fornecedores e esperamos que eles nos forne\u00e7am um atendimento proativo e \u00fatil. Respostas r\u00e1pidas \u00e0s solicita\u00e7\u00f5es, solu\u00e7\u00e3o de problemas eficiente e um compromisso [&hellip;]<\/p>\n","protected":false},"author":0,"featured_media":0,"parent":0,"menu_order":0,"comment_status":"closed","ping_status":"closed","template":"","meta":{"_et_pb_use_builder":"on","_et_pb_old_content":"","_et_gb_content_width":"","footnotes":""},"class_list":["post-233943","page","type-page","status-publish","hentry"],"_links":{"self":[{"href":"https:\/\/exporplas.pt\/pt-pt\/wp-json\/wp\/v2\/pages\/233943","targetHints":{"allow":["GET"]}}],"collection":[{"href":"https:\/\/exporplas.pt\/pt-pt\/wp-json\/wp\/v2\/pages"}],"about":[{"href":"https:\/\/exporplas.pt\/pt-pt\/wp-json\/wp\/v2\/types\/page"}],"replies":[{"embeddable":true,"href":"https:\/\/exporplas.pt\/pt-pt\/wp-json\/wp\/v2\/comments?post=233943"}],"version-history":[{"count":4,"href":"https:\/\/exporplas.pt\/pt-pt\/wp-json\/wp\/v2\/pages\/233943\/revisions"}],"predecessor-version":[{"id":238312,"href":"https:\/\/exporplas.pt\/pt-pt\/wp-json\/wp\/v2\/pages\/233943\/revisions\/238312"}],"wp:attachment":[{"href":"https:\/\/exporplas.pt\/pt-pt\/wp-json\/wp\/v2\/media?parent=233943"}],"curies":[{"name":"wp","href":"https:\/\/api.w.org\/{rel}","templated":true}]}}