{"id":232969,"date":"2023-05-09T15:52:26","date_gmt":"2023-05-09T15:52:26","guid":{"rendered":"https:\/\/manage.exporplas\/?page_id=232969"},"modified":"2024-04-02T10:59:35","modified_gmt":"2024-04-02T10:59:35","slug":"carreira","status":"publish","type":"page","link":"https:\/\/exporplas.pt\/pt-pt\/carreira\/","title":{"rendered":"CARREIRA"},"content":{"rendered":"<p>[et_pb_section fb_built=&#8221;1&#8243; fullwidth=&#8221;on&#8221; _builder_version=&#8221;4.21.0&#8243; _module_preset=&#8221;default&#8221; global_colors_info=&#8221;{}&#8221;][et_pb_fullwidth_slider show_arrows=&#8221;off&#8221; show_pagination=&#8221;off&#8221; _builder_version=&#8221;4.21.0&#8243; _module_preset=&#8221;default&#8221; height=&#8221;350px&#8221; height_tablet=&#8221;230px&#8221; height_phone=&#8221;130px&#8221; height_last_edited=&#8221;on|desktop&#8221; auto=&#8221;on&#8221; auto_speed=&#8221;6000&#8243; auto_ignore_hover=&#8221;on&#8221; hover_transition_duration=&#8221;3000ms&#8221; global_colors_info=&#8221;{}&#8221;][et_pb_slide _builder_version=&#8221;4.21.0&#8243; _module_preset=&#8221;default&#8221; background_enable_color=&#8221;off&#8221; background_image=&#8221;https:\/\/exporplas.pt\/wp-content\/uploads\/2023\/06\/Banners_RH_001.jpg&#8221; background_enable_image=&#8221;on&#8221; global_colors_info=&#8221;{}&#8221; sticky_transition=&#8221;on&#8221;][\/et_pb_slide][et_pb_slide _builder_version=&#8221;4.21.0&#8243; _module_preset=&#8221;default&#8221; background_enable_color=&#8221;off&#8221; background_image=&#8221;https:\/\/exporplas.pt\/wp-content\/uploads\/2023\/06\/Banners_RH_002.jpg&#8221; background_enable_image=&#8221;on&#8221; global_colors_info=&#8221;{}&#8221; sticky_transition=&#8221;on&#8221;][\/et_pb_slide][et_pb_slide _builder_version=&#8221;4.21.0&#8243; _module_preset=&#8221;default&#8221; background_enable_color=&#8221;off&#8221; background_image=&#8221;https:\/\/exporplas.pt\/wp-content\/uploads\/2023\/06\/Banners_RH_003_.jpg&#8221; background_enable_image=&#8221;on&#8221; global_colors_info=&#8221;{}&#8221; sticky_transition=&#8221;on&#8221;][\/et_pb_slide][et_pb_slide _builder_version=&#8221;4.21.0&#8243; _module_preset=&#8221;default&#8221; background_enable_color=&#8221;off&#8221; background_image=&#8221;https:\/\/exporplas.pt\/wp-content\/uploads\/2023\/06\/Banners_RH_004.jpg&#8221; background_enable_image=&#8221;on&#8221; global_colors_info=&#8221;{}&#8221; sticky_transition=&#8221;on&#8221;][\/et_pb_slide][et_pb_slide _builder_version=&#8221;4.21.0&#8243; _module_preset=&#8221;default&#8221; background_enable_color=&#8221;off&#8221; background_image=&#8221;https:\/\/exporplas.pt\/wp-content\/uploads\/2023\/06\/Banners_RH_005.jpg&#8221; background_enable_image=&#8221;on&#8221; global_colors_info=&#8221;{}&#8221; sticky_transition=&#8221;on&#8221;][\/et_pb_slide][\/et_pb_fullwidth_slider][\/et_pb_section][et_pb_section fb_built=&#8221;1&#8243; _builder_version=&#8221;4.21.0&#8243; _module_preset=&#8221;default&#8221; min_height=&#8221;376.1px&#8221; custom_margin=&#8221;||||false|false&#8221; custom_margin_last_edited=&#8221;off|desktop&#8221; custom_padding=&#8221;||0px|||&#8221; top_divider_height_tablet=&#8221;&#8221; top_divider_height_phone=&#8221;&#8221; top_divider_height_last_edited=&#8221;on|desktop&#8221; global_colors_info=&#8221;{}&#8221;][et_pb_row _builder_version=&#8221;4.21.0&#8243; _module_preset=&#8221;default&#8221; custom_margin=&#8221;||||false|false&#8221; custom_margin_last_edited=&#8221;off|desktop&#8221; animation_style=&#8221;slide&#8221; animation_direction=&#8221;bottom&#8221; animation_delay=&#8221;350ms&#8221; animation_intensity_slide=&#8221;15%&#8221; animation_starting_opacity=&#8221;5%&#8221; global_colors_info=&#8221;{}&#8221;][et_pb_column type=&#8221;4_4&#8243; _builder_version=&#8221;4.16&#8243; _module_preset=&#8221;default&#8221; global_colors_info=&#8221;{}&#8221;][et_pb_text _builder_version=&#8221;4.23.1&#8243; _module_preset=&#8221;ad3c469a-73a4-4c1e-8e67-4ce21c3633ec&#8221; text_text_color=&#8221;#6caf3f&#8221; text_font_size=&#8221;19px&#8221; header_2_font=&#8221;Montserrat||||||||&#8221; header_2_text_align=&#8221;center&#8221; header_2_text_color=&#8221;#6caf3f&#8221; header_2_font_size=&#8221;45px&#8221; animation_style=&#8221;none&#8221; header_2_font_size_tablet=&#8221;45px&#8221; header_2_font_size_phone=&#8221;28px&#8221; header_2_font_size_last_edited=&#8221;on|phone&#8221; global_colors_info=&#8221;{}&#8221;]<\/p>\n<h2>OUR BRAND IS OUR PEOPLE<\/h2>\n<p>[\/et_pb_text][et_pb_divider color=&#8221;#cccccc&#8221; divider_weight=&#8221;1px&#8221; _builder_version=&#8221;4.21.0&#8243; _module_preset=&#8221;default&#8221; z_index=&#8221;1&#8243; width=&#8221;250px&#8221; module_alignment=&#8221;center&#8221; global_colors_info=&#8221;{}&#8221;][\/et_pb_divider][et_pb_divider divider_weight=&#8221;4px&#8221; _builder_version=&#8221;4.21.0&#8243; _module_preset=&#8221;default&#8221; z_index=&#8221;1&#8243; width=&#8221;95px&#8221; module_alignment=&#8221;center&#8221; custom_margin=&#8221;-54px||||false|false&#8221; custom_padding=&#8221;0px||||false|false&#8221; global_colors_info=&#8221;{}&#8221;][\/et_pb_divider][et_pb_text _builder_version=&#8221;4.23.1&#8243; _module_preset=&#8221;default&#8221; text_font=&#8221;Montserrat||||||||&#8221; global_colors_info=&#8221;{}&#8221;]<\/p>\n<p style=\"text-align: center;\"><span data-contrast=\"auto\" xml:lang=\"PT-PT\" lang=\"PT-PT\" class=\"TextRun SCXW140335171 BCX4\"><span class=\"NormalTextRun SCXW140335171 BCX4\">No Grupo EXPORPL\u00c1S, compartilhamos uma paix\u00e3o pela inova\u00e7\u00e3o e um compromisso com a excel\u00eancia.\u00a0<\/span><\/span><span data-contrast=\"auto\" xml:lang=\"PT-PT\" lang=\"PT-PT\" class=\"TextRun SCXW140335171 BCX4\"><span class=\"NormalTextRun SCXW140335171 BCX4\">A<\/span><span class=\"NormalTextRun SCXW140335171 BCX4\"> <\/span><span class=\"NormalTextRun SCXW140335171 BCX4\">n<\/span><span class=\"NormalTextRun SCXW140335171 BCX4\">ossa equip<\/span><span class=\"NormalTextRun SCXW140335171 BCX4\">a<\/span><span class=\"NormalTextRun SCXW140335171 BCX4\">, <\/span><span class=\"NormalTextRun SCXW140335171 BCX4\">as <\/span><span class=\"NormalTextRun SCXW140335171 BCX4\">noss<\/span><span class=\"NormalTextRun SCXW140335171 BCX4\">as<\/span><span class=\"NormalTextRun SCXW140335171 BCX4\"> p<\/span><span class=\"NormalTextRun SCXW140335171 BCX4\">essoas<\/span><span class=\"NormalTextRun SCXW140335171 BCX4\">, s\u00e3o o cora\u00e7\u00e3o e a alma d<\/span><span class=\"NormalTextRun SCXW140335171 BCX4\">o<\/span><span class=\"NormalTextRun SCXW140335171 BCX4\"> nosso sucesso.\u00a0<\/span><\/span><span><span data-contrast=\"auto\" xml:lang=\"PT-PT\" lang=\"PT-PT\" class=\"TextRun SCXW34754745 BCX4\"><span class=\"NormalTextRun SCXW34754745 BCX4\">Procuramos talentos excecionais para se juntarem \u00e0 nossa equipa. Se \u00e9s uma pessoa motivada, apaixonada pela excel\u00eancia e procuras um ambiente de trabalho din\u00e2mico e desafiador, junta-te a n\u00f3s!<\/span><\/span><\/span><\/p>\n<p style=\"text-align: center;\"><span><span data-contrast=\"auto\" xml:lang=\"PT-PT\" lang=\"PT-PT\" class=\"TextRun SCXW34754745 BCX4\"><span class=\"NormalTextRun SCXW34754745 BCX4\">Preenche o formul\u00e1rio abaixo e anexa o teu curr\u00edculo para iniciar o processo de sele\u00e7\u00e3o. Valorizamos a diversidade de compet\u00eancias e oferecemos oportunidades de desenvolvimento e crescimento<\/span><\/span>.<\/span><\/p>\n<p style=\"text-align: center;\"><strong>J<span>unta-te a n\u00f3s hoje mesmo e faz parte de uma organiza\u00e7\u00e3o inovadora em constante crescimento<\/span>.<\/strong><\/p>\n<p>[\/et_pb_text][\/et_pb_column][\/et_pb_row][et_pb_row column_structure=&#8221;1_3,1_3,1_3&#8243; _builder_version=&#8221;4.24.2&#8243; _module_preset=&#8221;default&#8221; custom_margin=&#8221;50px||50px||false|false&#8221; custom_margin_last_edited=&#8221;off|desktop&#8221; animation_style=&#8221;slide&#8221; animation_direction=&#8221;bottom&#8221; animation_delay=&#8221;350ms&#8221; animation_intensity_slide=&#8221;15%&#8221; animation_starting_opacity=&#8221;5%&#8221; hover_enabled=&#8221;0&#8243; global_colors_info=&#8221;{}&#8221; make_equal=&#8221;on&#8221; sticky_enabled=&#8221;0&#8243;][et_pb_column type=&#8221;1_3&#8243; _builder_version=&#8221;4.21.0&#8243; _module_preset=&#8221;default&#8221; global_colors_info=&#8221;{}&#8221; background_color=&#8221;#f5f5f5&#8243;][et_pb_testimonial author=&#8221;Catarina Freitas&#8221; portrait_url=&#8221;https:\/\/exporplas.pt\/wp-content\/uploads\/2023\/06\/EXPORPLAS-sessao-2_5_CATARINA.jpg&#8221; quote_icon_color=&#8221;#6CAF3F&#8221; use_icon_font_size=&#8221;on&#8221; icon_font_size=&#8221;50px&#8221; icon_font_size_tablet=&#8221;40px&#8221; icon_font_size_phone=&#8221;&#8221; icon_font_size_last_edited=&#8221;on|phone&#8221; _builder_version=&#8221;4.24.2&#8243; _module_preset=&#8221;default&#8221; body_font=&#8221;Montserrat||on||||||&#8221; body_text_align=&#8221;center&#8221; body_font_size=&#8221;13px&#8221; author_font=&#8221;Montserrat|700|||||||&#8221; author_text_align=&#8221;center&#8221; author_text_color=&#8221;#6CAF3F&#8221; author_font_size=&#8221;13px&#8221; custom_padding=&#8221;60px||||false|false&#8221; custom_padding_tablet=&#8221;50px||||false|false&#8221; custom_padding_phone=&#8221;60px||||false|false&#8221; custom_padding_last_edited=&#8221;on|phone&#8221; body_text_align_tablet=&#8221;left&#8221; body_text_align_phone=&#8221;center&#8221; body_text_align_last_edited=&#8221;on|desktop&#8221; global_colors_info=&#8221;{}&#8221; background_enable_color=&#8221;off&#8221;]<\/p>\n<p>A EXPORPL\u00c1S \u00e9 uma empresa que aposta na inova\u00e7\u00e3o e no desenvolvimento.<\/p>\n<p>[\/et_pb_testimonial][\/et_pb_column][et_pb_column type=&#8221;1_3&#8243; _builder_version=&#8221;4.21.0&#8243; _module_preset=&#8221;default&#8221; global_colors_info=&#8221;{}&#8221; background_color=&#8221;#f5f5f5&#8243;][et_pb_testimonial author=&#8221;V\u00edtor Correia &#8221; portrait_url=&#8221;https:\/\/exporplas.pt\/wp-content\/uploads\/2023\/12\/EXPORPLAS-sessao-2_3_VITOR.jpg&#8221; quote_icon_color=&#8221;#6CAF3F&#8221; use_icon_font_size=&#8221;on&#8221; icon_font_size=&#8221;50px&#8221; icon_font_size_tablet=&#8221;40px&#8221; icon_font_size_phone=&#8221;&#8221; icon_font_size_last_edited=&#8221;on|phone&#8221; _builder_version=&#8221;4.24.2&#8243; _module_preset=&#8221;default&#8221; body_font=&#8221;Montserrat||on||||||&#8221; body_text_align=&#8221;center&#8221; body_font_size=&#8221;13px&#8221; author_font=&#8221;Montserrat|700|||||||&#8221; author_text_align=&#8221;center&#8221; author_text_color=&#8221;#6CAF3F&#8221; author_font_size=&#8221;13px&#8221; custom_padding=&#8221;60px||||false|false&#8221; custom_padding_tablet=&#8221;50px||||false|false&#8221; custom_padding_phone=&#8221;60px||||false|false&#8221; custom_padding_last_edited=&#8221;on|phone&#8221; hover_enabled=&#8221;0&#8243; body_text_align_tablet=&#8221;left&#8221; body_text_align_phone=&#8221;center&#8221; body_text_align_last_edited=&#8221;on|desktop&#8221; global_colors_info=&#8221;{}&#8221; background_enable_color=&#8221;off&#8221; sticky_enabled=&#8221;0&#8243;]<\/p>\n<p>A EXPORPL\u00c1S permite-me novos desafios e crescer de forma sustent\u00e1vel.<\/p>\n<p>[\/et_pb_testimonial][\/et_pb_column][et_pb_column type=&#8221;1_3&#8243; _builder_version=&#8221;4.21.0&#8243; _module_preset=&#8221;default&#8221; global_colors_info=&#8221;{}&#8221; background_color=&#8221;#f5f5f5&#8243;][et_pb_testimonial author=&#8221;Carla Oliveira&#8221; portrait_url=&#8221;https:\/\/exporplas.pt\/wp-content\/uploads\/2023\/12\/EXPORPLAS-sessao-2_2_CARLA.jpg&#8221; quote_icon_color=&#8221;#6CAF3F&#8221; use_icon_font_size=&#8221;on&#8221; icon_font_size=&#8221;50px&#8221; icon_font_size_tablet=&#8221;40px&#8221; icon_font_size_phone=&#8221;&#8221; icon_font_size_last_edited=&#8221;on|phone&#8221; _builder_version=&#8221;4.24.2&#8243; _module_preset=&#8221;default&#8221; body_font=&#8221;Montserrat||on||||||&#8221; body_text_align=&#8221;center&#8221; body_font_size=&#8221;13px&#8221; author_font=&#8221;Montserrat|700|||||||&#8221; author_text_align=&#8221;center&#8221; author_text_color=&#8221;#6CAF3F&#8221; author_font_size=&#8221;13px&#8221; custom_padding=&#8221;60px||||false|false&#8221; custom_padding_tablet=&#8221;50px||||false|false&#8221; custom_padding_phone=&#8221;60px||||false|false&#8221; custom_padding_last_edited=&#8221;on|phone&#8221; body_text_align_tablet=&#8221;left&#8221; body_text_align_phone=&#8221;center&#8221; body_text_align_last_edited=&#8221;on|desktop&#8221; global_colors_info=&#8221;{}&#8221; background_enable_color=&#8221;off&#8221;]<\/p>\n<p>Trabalhar na EXPORPL\u00c1S \u00e9 uma experi\u00eancia din\u00e2mica e interativa.<\/p>\n<p>[\/et_pb_testimonial][\/et_pb_column][\/et_pb_row][\/et_pb_section][et_pb_section fb_built=&#8221;1&#8243; disabled_on=&#8221;off|off|off&#8221; _builder_version=&#8221;4.21.0&#8243; _module_preset=&#8221;default&#8221; background_enable_color=&#8221;off&#8221; custom_margin=&#8221;||50px||false|false&#8221; custom_margin_tablet=&#8221;||180px||false|false&#8221; custom_margin_phone=&#8221;||170px||false|false&#8221; custom_margin_last_edited=&#8221;on|phone&#8221; custom_padding=&#8221;1px|||||&#8221; global_colors_info=&#8221;{}&#8221;][et_pb_row _builder_version=&#8221;4.21.0&#8243; _module_preset=&#8221;default&#8221; animation_style=&#8221;slide&#8221; animation_direction=&#8221;bottom&#8221; animation_delay=&#8221;350ms&#8221; animation_intensity_slide=&#8221;15%&#8221; animation_starting_opacity=&#8221;5%&#8221; global_colors_info=&#8221;{}&#8221;][et_pb_column type=&#8221;4_4&#8243; _builder_version=&#8221;4.21.0&#8243; _module_preset=&#8221;default&#8221; global_colors_info=&#8221;{}&#8221;][et_pb_text _builder_version=&#8221;4.21.0&#8243; _module_preset=&#8221;default&#8221; text_font=&#8221;Montserrat||||||||&#8221; header_2_font=&#8221;Montserrat||||||||&#8221; header_2_text_color=&#8221;#6CAF3F&#8221; header_2_font_size=&#8221;22px&#8221; global_colors_info=&#8221;{}&#8221;]<\/p>\n<h2 style=\"text-align: center;\">ENVIAR CANDIDATURA<\/h2>\n<p>[\/et_pb_text][dsm_contact_form_7 cf7_library=&#8221;233510&#8243; show_validation=&#8221;on&#8221; file_padding=&#8221;||25px||false|false&#8221; _builder_version=&#8221;4.24.2&#8243; _module_preset=&#8221;default&#8221; custom_button_one=&#8221;on&#8221; button_one_text_size=&#8221;9px&#8221; button_one_text_color=&#8221;#ffffff&#8221; button_one_bg_color=&#8221;#6caf3f&#8221; button_one_border_width=&#8221;10px&#8221; button_one_border_color=&#8221;rgba(47,56,84,0)&#8221; button_one_border_radius=&#8221;60px&#8221; button_one_letter_spacing=&#8221;1px&#8221; button_one_font=&#8221;|700||on|||||&#8221; button_one_use_icon=&#8221;off&#8221; border_width_all_error_validation=&#8221;1px&#8221; border_width_all_validation_success=&#8221;1px&#8221; global_colors_info=&#8221;{}&#8221; button_one_border_radius__hover=&#8221;66px&#8221; button_one_border_radius__hover_enabled=&#8221;on|desktop&#8221; button_one_letter_spacing__hover=&#8221;1px&#8221; button_one_letter_spacing__hover_enabled=&#8221;on&#8221;][\/dsm_contact_form_7][\/et_pb_column][\/et_pb_row][\/et_pb_section]<\/p>\n","protected":false},"excerpt":{"rendered":"<p>OUR BRAND IS OUR PEOPLENo Grupo EXPORPL\u00c1S, compartilhamos uma paix\u00e3o pela inova\u00e7\u00e3o e um compromisso com a excel\u00eancia.\u00a0A nossa equipa, as nossas pessoas, s\u00e3o o cora\u00e7\u00e3o e a alma do nosso sucesso.\u00a0Procuramos talentos excecionais para se juntarem \u00e0 nossa equipa. Se \u00e9s uma pessoa motivada, apaixonada pela excel\u00eancia e procuras um ambiente de trabalho din\u00e2mico e desafiador, junta-te a n\u00f3s! Preenche o formul\u00e1rio abaixo e anexa o teu curr\u00edculo para iniciar o processo de sele\u00e7\u00e3o. Valorizamos a diversidade de compet\u00eancias e oferecemos oportunidades de desenvolvimento e crescimento. Junta-te a n\u00f3s hoje mesmo e faz parte de uma organiza\u00e7\u00e3o inovadora em constante crescimento.A EXPORPL\u00c1S \u00e9 uma empresa que aposta na inova\u00e7\u00e3o e no desenvolvimento.A EXPORPL\u00c1S permite-me novos desafios e crescer de forma sustent\u00e1vel.Trabalhar na EXPORPL\u00c1S \u00e9 uma experi\u00eancia din\u00e2mica e interativa.ENVIAR CANDIDATURA<div class=\"et_pb_with_border et_pb_module dsm_contact_form_7 dsm_contact_form_7_0 et_hover_enabled\">\n\t\t\t\t\n\t\t\t\t\n\t\t\t\t\n\t\t\t\t\n\t\t\t\t\n\t\t\t\t\n\t\t\t\t<div class=\"et_pb_module_inner\">\n\t\t\t\t\t<div class=\"\">\n\t\t\t\t\n<div class=\"wpcf7 no-js\" id=\"wpcf7-f233510-o1\" lang=\"pt-PT\" dir=\"ltr\" data-wpcf7-id=\"233510\">\n<div class=\"screen-reader-response\"><p role=\"status\" aria-live=\"polite\" aria-atomic=\"true\"><\/p> <ul><\/ul><\/div>\n<form action=\"\/pt-pt\/wp-json\/wp\/v2\/pages\/232969#wpcf7-f233510-o1\" method=\"post\" class=\"wpcf7-form init\" aria-label=\"Formul\u00e1rio de contacto\" enctype=\"multipart\/form-data\" novalidate=\"novalidate\" data-status=\"init\">\n<fieldset class=\"hidden-fields-container\"><input type=\"hidden\" name=\"_wpcf7\" value=\"233510\" \/><input type=\"hidden\" name=\"_wpcf7_version\" value=\"6.1.5\" \/><input type=\"hidden\" name=\"_wpcf7_locale\" value=\"pt_PT\" \/><input type=\"hidden\" name=\"_wpcf7_unit_tag\" value=\"wpcf7-f233510-o1\" \/><input type=\"hidden\" name=\"_wpcf7_container_post\" value=\"0\" \/><input type=\"hidden\" name=\"_wpcf7_posted_data_hash\" value=\"\" \/>\n<\/fieldset>\n<p><label> Nome Completo<br \/>\n<span class=\"wpcf7-form-control-wrap\" data-name=\"your-name\"><input size=\"40\" maxlength=\"400\" class=\"wpcf7-form-control wpcf7-text wpcf7-validates-as-required\" autocomplete=\"name\" aria-required=\"true\" aria-invalid=\"false\" value=\"\" type=\"text\" name=\"your-name\" \/><\/span> <\/label>\n<\/p>\n<p><label> Email<br \/>\n<span class=\"wpcf7-form-control-wrap\" data-name=\"your-email\"><input size=\"40\" maxlength=\"400\" class=\"wpcf7-form-control wpcf7-email wpcf7-validates-as-required wpcf7-text wpcf7-validates-as-email\" autocomplete=\"email\" aria-required=\"true\" aria-invalid=\"false\" value=\"\" type=\"email\" name=\"your-email\" \/><\/span> <\/label>\n<\/p>\n<p><label> Assunto<br \/>\n<span class=\"wpcf7-form-control-wrap\" data-name=\"your-subject\"><input size=\"40\" maxlength=\"400\" class=\"wpcf7-form-control wpcf7-text wpcf7-validates-as-required\" aria-required=\"true\" aria-invalid=\"false\" value=\"\" type=\"text\" name=\"your-subject\" \/><\/span> <\/label>\n<\/p>\n<p><label> Mensagem<br \/>\n<span class=\"wpcf7-form-control-wrap\" data-name=\"your-message\"><textarea cols=\"40\" rows=\"10\" maxlength=\"2000\" class=\"wpcf7-form-control wpcf7-textarea\" aria-invalid=\"false\" name=\"your-message\"><\/textarea><\/span> <\/label>\n<\/p>\n<p><label> Anexar ficheiro<br \/>\n<span class=\"wpcf7-form-control-wrap\" data-name=\"file-736\"><input size=\"40\" class=\"wpcf7-form-control wpcf7-file\" accept=\"image\/*,.docx,.doc,.pdf\" aria-invalid=\"false\" type=\"file\" name=\"file-736\" \/><\/span> <\/label>\n<\/p>\n<p><button class=\"wpcf7-form-control wpcf7-submit has-spinner et_pb_button et_pb_bg_layout_light\" type=\"submit\" value=\"ENVIAR CANDIDATURA\">ENVIAR CANDIDATURA<\/button>\n<\/p><div class=\"wpcf7-response-output\" aria-hidden=\"true\"><\/div>\n<\/form>\n<\/div>\n\n\t\t\t<\/div>\n\t\t\t\t<\/div>\n\t\t\t<\/div><\/p>\n","protected":false},"author":0,"featured_media":0,"parent":0,"menu_order":0,"comment_status":"closed","ping_status":"closed","template":"","meta":{"_et_pb_use_builder":"on","_et_pb_old_content":"","_et_gb_content_width":"","footnotes":""},"class_list":["post-232969","page","type-page","status-publish","hentry"],"_links":{"self":[{"href":"https:\/\/exporplas.pt\/pt-pt\/wp-json\/wp\/v2\/pages\/232969","targetHints":{"allow":["GET"]}}],"collection":[{"href":"https:\/\/exporplas.pt\/pt-pt\/wp-json\/wp\/v2\/pages"}],"about":[{"href":"https:\/\/exporplas.pt\/pt-pt\/wp-json\/wp\/v2\/types\/page"}],"replies":[{"embeddable":true,"href":"https:\/\/exporplas.pt\/pt-pt\/wp-json\/wp\/v2\/comments?post=232969"}],"version-history":[{"count":0,"href":"https:\/\/exporplas.pt\/pt-pt\/wp-json\/wp\/v2\/pages\/232969\/revisions"}],"wp:attachment":[{"href":"https:\/\/exporplas.pt\/pt-pt\/wp-json\/wp\/v2\/media?parent=232969"}],"curies":[{"name":"wp","href":"https:\/\/api.w.org\/{rel}","templated":true}]}}