{"id":230005,"date":"2022-12-14T17:08:55","date_gmt":"2022-12-14T17:08:55","guid":{"rendered":"https:\/\/manage.exporplas\/?page_id=230005"},"modified":"2023-03-14T10:20:58","modified_gmt":"2023-03-14T10:20:58","slug":"evopack","status":"publish","type":"page","link":"https:\/\/exporplas.pt\/pt-pt\/evopack\/","title":{"rendered":"Evopack"},"content":{"rendered":"<p>[et_pb_section fb_built=&#8221;1&#8243; _builder_version=&#8221;4.16&#8243; _module_preset=&#8221;default&#8221; background_color=&#8221;#FFFFFF&#8221; background_color_gradient_start=&#8221;#ffffff&#8221; background_color_gradient_end=&#8221;#dddddd&#8221; z_index=&#8221;3&#8243; custom_margin=&#8221;||1px||false|false&#8221; custom_margin_tablet=&#8221;||180px||false|false&#8221; custom_margin_phone=&#8221;||170px||false|false&#8221; custom_margin_last_edited=&#8221;on|phone&#8221; custom_padding=&#8221;45px||45px||false|false&#8221; global_colors_info=&#8221;{}&#8221;][et_pb_row column_structure=&#8221;1_2,1_2&#8243; _builder_version=&#8221;4.17.4&#8243; _module_preset=&#8221;default&#8221; custom_padding=&#8221;0px|||||&#8221; locked=&#8221;off&#8221; global_colors_info=&#8221;{}&#8221;][et_pb_column type=&#8221;1_2&#8243; _builder_version=&#8221;4.16&#8243; _module_preset=&#8221;default&#8221; global_colors_info=&#8221;{}&#8221;][et_pb_image src=&#8221;https:\/\/exporplas.pt\/wp-content\/uploads\/2022\/12\/EVOPACK_PT_01.jpg&#8221; title_text=&#8221;EVOPACK_PT_01&#8243; _builder_version=&#8221;4.18.1&#8243; _module_preset=&#8221;default&#8221; global_colors_info=&#8221;{}&#8221;][\/et_pb_image][et_pb_text _builder_version=&#8221;4.18.1&#8243; _module_preset=&#8221;default&#8221; text_font=&#8221;Montserrat|300|||||||&#8221; header_font=&#8221;Montserrat||||||||&#8221; header_text_color=&#8221;#2e2aa8&#8243; header_2_font=&#8221;Montserrat|600|||||||&#8221; header_3_font=&#8221;Montserrat||||||||&#8221; header_3_line_height=&#8221;1.3em&#8221; header_4_font=&#8221;Montserrat|500|||||||&#8221; header_5_font=&#8221;Montserrat||||||||&#8221; header_6_font=&#8221;Montserrat||||||||&#8221; locked=&#8221;off&#8221; global_colors_info=&#8221;{}&#8221;]<\/p>\n<h1><strong><span data-contrast=\"auto\" xml:lang=\"PT-PT\" lang=\"PT-PT\" class=\"TextRun SCXW15629349 BCX4\"><span class=\"NormalTextRun SCXW15629349 BCX4\">EVOPACK<SUP STYLE=\"font-size:50%\">\u00ae<\/sup><\/span><\/span><\/strong><\/h1>\n<h1><span data-contrast=\"auto\" xml:lang=\"PT-PT\" lang=\"PT-PT\" class=\"TextRun SCXW15629349 BCX4\"><span class=\"NormalTextRun SCXW15629349 BCX4\">Rede de <\/span><span class=\"SpellingError SCXW15629349 BCX4\">palet<\/span><span class=\"SpellingError SCXW15629349 BCX4\">iza\u00e7\u00e3o<\/span><\/span><\/h1>\n<p><span data-contrast=\"auto\" xml:lang=\"PT-PT\" lang=\"PT-PT\" class=\"TextRun SCXW15629349 BCX4\"><span class=\"NormalTextRun SCXW15629349 BCX4\"><\/span><\/span><\/p>\n<p><span data-contrast=\"auto\" xml:lang=\"PT-PT\" lang=\"PT-PT\" class=\"TextRun SCXW15629349 BCX4\"><span class=\"NormalTextRun SCXW15629349 BCX4\"><\/span><\/span><\/p>\n<p><span data-contrast=\"auto\" xml:lang=\"PT-PT\" lang=\"PT-PT\" class=\"TextRun SCXW15629349 BCX4\"><span class=\"NormalTextRun SCXW15629349 BCX4\"><\/span><\/span><\/p>\n<h3><strong>A evolu\u00e7\u00e3o do embalamento:<\/strong><\/h3>\n<h3>Proteja os seus produtos, de forma sustent\u00e1vel.<\/h3>\n<h3><\/h3>\n<p><strong><\/strong><\/p>\n<p><strong><\/strong><\/p>\n<p><strong><\/strong><\/p>\n<p><strong>A rede de paletizar \u00e9 a solu\u00e7\u00e3o ideal para utilizar na embalagem de qualquer produto que necessite de circula\u00e7\u00e3o de ar para preservar as suas propriedades.<\/strong><span data-ccp-props=\"{&quot;201341983&quot;:0,&quot;335559739&quot;:160,&quot;335559740&quot;:259}\">\u00a0<\/span><\/p>\n<p><span data-contrast=\"auto\"><\/span><\/p>\n<p><span data-contrast=\"auto\">Com uma ampla e diversificada gama de aplica\u00e7\u00f5es, \u00e9 frequentemente utilizada em frutas, vegetais, relva natural, madeira, flores, etc.<\/span><span data-ccp-props=\"{&quot;201341983&quot;:0,&quot;335559739&quot;:160,&quot;335559740&quot;:259}\">\u00a0<\/span><\/p>\n<p><span data-ccp-props=\"{&quot;201341983&quot;:0,&quot;335559739&quot;:160,&quot;335559740&quot;:259}\"><\/span><\/p>\n<p><strong>Garante a estabilidade das paletes e permite a n\u00e3o utiliza\u00e7\u00e3o de cantoneiras devido \u00e0 facilidade com que se ajusta mesmo em superf\u00edcies irregulares.<\/strong><\/p>\n<p><strong>\u00a0<\/strong><\/p>\n<ul>\n<li><span data-contrast=\"auto\"> Projetada como uma alternativa superior ao filme estir\u00e1vel;<\/span><span data-ccp-props=\"{&quot;201341983&quot;:0,&quot;335559739&quot;:160,&quot;335559740&quot;:259}\"><\/span><\/li>\n<li><span data-contrast=\"auto\"> Produzida a partir de mat\u00e9rias-primas \u201cAmigas do Ambiente\u201d;<\/span><span data-ccp-props=\"{&quot;201341983&quot;:0,&quot;335559739&quot;:160,&quot;335559740&quot;:259}\"><\/span><\/li>\n<li><span data-contrast=\"auto\"> Permite a circula\u00e7\u00e3o de ar;<\/span><span data-ccp-props=\"{&quot;201341983&quot;:0,&quot;335559739&quot;:160,&quot;335559740&quot;:259}\"><\/span><\/li>\n<li><span data-contrast=\"auto\"> \u00c9 altamente el\u00e1stica, permitindo muito mais cargas por rolo;<\/span><span data-ccp-props=\"{&quot;201341983&quot;:0,&quot;335559739&quot;:160,&quot;335559740&quot;:259}\"><\/span><\/li>\n<li><span data-contrast=\"auto\"> Compat\u00edvel com m\u00e1quinas de paletizar\/embalar;<\/span><span data-ccp-props=\"{&quot;201341983&quot;:0,&quot;335559739&quot;:160,&quot;335559740&quot;:259}\"><\/span><\/li>\n<li><span data-contrast=\"auto\"> Cobertura total em todas as arestas e curvas, sendo adequada para cargas irregulares;<\/span><span data-ccp-props=\"{&quot;201341983&quot;:0,&quot;335559739&quot;:160,&quot;335559740&quot;:259}\"><\/span><\/li>\n<li><span data-contrast=\"auto\"> Mant\u00e9m a tens\u00e3o;<\/span><span data-ccp-props=\"{&quot;201341983&quot;:0,&quot;335559739&quot;:160,&quot;335559740&quot;:259}\"><\/span><\/li>\n<li><span data-contrast=\"auto\"> F\u00e1cil de utilizar.<\/span><span data-ccp-props=\"{&quot;201341983&quot;:0,&quot;335559739&quot;:160,&quot;335559740&quot;:259}\"><\/span><\/li>\n<\/ul>\n<p>[\/et_pb_text][\/et_pb_column][et_pb_column type=&#8221;1_2&#8243; _builder_version=&#8221;4.17.4&#8243; _module_preset=&#8221;default&#8221; global_colors_info=&#8221;{}&#8221;][et_pb_text _builder_version=&#8221;4.18.1&#8243; _module_preset=&#8221;default&#8221; header_font=&#8221;Montserrat||||||||&#8221; header_text_color=&#8221;#2e2aa8&#8243; header_2_font=&#8221;Montserrat|600|||||||&#8221; header_3_font=&#8221;Montserrat||||||||&#8221; header_3_line_height=&#8221;1.3em&#8221; header_4_font=&#8221;Montserrat|500|||||||&#8221; header_5_font=&#8221;Montserrat||||||||&#8221; header_6_font=&#8221;Montserrat||||||||&#8221; locked=&#8221;off&#8221; global_colors_info=&#8221;{}&#8221;]<\/p>\n<h3 style=\"text-align: left;\">Sustentabilidade<\/h3>\n<p>&nbsp;<\/p>\n<h1 style=\"text-align: left;\"><strong><\/strong><\/h1>\n<h1 style=\"text-align: left;\"><strong>Seja parte ativa na\u00a0a\u00e7\u00e3o de redu\u00e7\u00e3o do lixo pl\u00e1stico.<\/strong><\/h1>\n<p><span data-ccp-props=\"{&quot;201341983&quot;:0,&quot;335559739&quot;:160,&quot;335559740&quot;:259}\"><\/span><\/p>\n<p><span data-ccp-props=\"{&quot;201341983&quot;:0,&quot;335559739&quot;:160,&quot;335559740&quot;:259}\"><\/span><\/p>\n<p><span data-contrast=\"auto\">\u00c9, hoje, tamb\u00e9m vista como uma alternativa superior ao tradicional filme de embalagem, sendo uma solu\u00e7\u00e3o incomparavelmente mais sustent\u00e1vel devido \u00e0 menor necessidade de pl\u00e1stico para embalar uma palete.<\/span><\/p>\n<p><span data-contrast=\"auto\"><\/span><\/p>\n<p><span data-contrast=\"auto\"><\/span><\/p>\n<p><span data-contrast=\"auto\"><\/span><\/p>\n<p><span data-contrast=\"auto\"><\/span><\/p>\n<h1><strong>Produto 100% recicl\u00e1vel.<\/strong><strong><\/strong><\/h1>\n<p><strong><\/strong><\/p>\n<p><strong><\/strong><\/p>\n<p><strong><\/strong><\/p>\n<h3><span data-contrast=\"auto\">Redu\u00e7\u00e3o de mais de 60% no consumo de pl\u00e1stico.<\/span><\/h3>\n<p>[\/et_pb_text][et_pb_image src=&#8221;https:\/\/exporplas.pt\/wp-content\/uploads\/2022\/12\/EVOPACK_PT_02.jpg&#8221; title_text=&#8221;EVOPACK_PT_02&#8243; _builder_version=&#8221;4.18.1&#8243; _module_preset=&#8221;default&#8221; global_colors_info=&#8221;{}&#8221;][\/et_pb_image][et_pb_text _builder_version=&#8221;4.18.1&#8243; _module_preset=&#8221;default&#8221; header_font=&#8221;Montserrat||||||||&#8221; header_2_font=&#8221;Montserrat|600|||||||&#8221; header_3_font=&#8221;Montserrat||||||||&#8221; header_3_line_height=&#8221;1.3em&#8221; header_4_font=&#8221;Montserrat|500|||||||&#8221; header_5_font=&#8221;Montserrat||||||||&#8221; header_6_font=&#8221;Montserrat||||||||&#8221; locked=&#8221;off&#8221; global_colors_info=&#8221;{}&#8221;]<\/p>\n<p><span data-contrast=\"auto\">Exemplo: Para cada 100 toneladas de filme de embalagem, voc\u00ea precisa apenas de 40 toneladas de EVOPACK<SUP STYLE=\"font-size:50%\">\u00ae<\/sup> para atingir a mesma performance.<\/span><\/p>\n<p><span data-ccp-props=\"{&quot;201341983&quot;:0,&quot;335559739&quot;:160,&quot;335559740&quot;:259}\"><\/span><\/p>\n<p><strong>Evopack<SUP STYLE=\"font-size:50%\">\u00ae<\/sup> | A solu\u00e7\u00e3o sustent\u00e1vel e multiuso de embalamento para os seus produtos.\u00a0<\/strong><\/p>\n<p>[\/et_pb_text][et_pb_button button_url=&#8221;@ET-DC@eyJkeW5hbWljIjp0cnVlLCJjb250ZW50IjoicG9zdF9saW5rX3VybF9wYWdlIiwic2V0dGluZ3MiOnsicG9zdF9pZCI6IjIyNDc3MSJ9fQ==@&#8221; button_text=&#8221;Gama EVOPACK &#8211; Ver aqui&#8221; button_alignment=&#8221;left&#8221; _builder_version=&#8221;4.18.1&#8243; _dynamic_attributes=&#8221;button_url&#8221; _module_preset=&#8221;default&#8221; custom_button=&#8221;on&#8221; button_text_size=&#8221;10px&#8221; button_text_color=&#8221;#ffffff&#8221; button_bg_color=&#8221;#6caf3f&#8221; button_border_width=&#8221;10px&#8221; button_border_color=&#8221;rgba(47,56,84,0)&#8221; button_border_radius=&#8221;60px&#8221; button_letter_spacing=&#8221;1px&#8221; button_font=&#8221;|700||on|||||&#8221; button_use_icon=&#8221;off&#8221; animation_style=&#8221;fade&#8221; hover_enabled=&#8221;0&#8243; locked=&#8221;off&#8221; global_colors_info=&#8221;{}&#8221; button_border_radius__hover=&#8221;66px&#8221; button_border_radius__hover_enabled=&#8221;on&#8221; button_letter_spacing__hover=&#8221;1px&#8221; button_letter_spacing__hover_enabled=&#8221;on&#8221; sticky_enabled=&#8221;0&#8243;][\/et_pb_button][\/et_pb_column][\/et_pb_row][\/et_pb_section]<\/p>\n","protected":false},"excerpt":{"rendered":"<p>EVOPACK\u00ae Rede de paletiza\u00e7\u00e3o A evolu\u00e7\u00e3o do embalamento: Proteja os seus produtos, de forma sustent\u00e1vel. A rede de paletizar \u00e9 a solu\u00e7\u00e3o ideal para utilizar na embalagem de qualquer produto que necessite de circula\u00e7\u00e3o de ar para preservar as suas propriedades.\u00a0 Com uma ampla e diversificada gama de aplica\u00e7\u00f5es, \u00e9 frequentemente utilizada em frutas, vegetais, relva natural, madeira, flores, etc.\u00a0 Garante a estabilidade das paletes e permite a n\u00e3o utiliza\u00e7\u00e3o de cantoneiras devido \u00e0 facilidade com que se ajusta mesmo em superf\u00edcies irregulares. \u00a0 Projetada como uma alternativa superior ao filme estir\u00e1vel; Produzida a partir de mat\u00e9rias-primas \u201cAmigas do Ambiente\u201d; Permite a circula\u00e7\u00e3o de ar; \u00c9 altamente el\u00e1stica, permitindo muito mais cargas por rolo; Compat\u00edvel com m\u00e1quinas de paletizar\/embalar; Cobertura total em todas as arestas e curvas, sendo adequada para cargas irregulares; Mant\u00e9m a tens\u00e3o; F\u00e1cil de utilizar. Sustentabilidade &nbsp; Seja parte ativa na\u00a0a\u00e7\u00e3o de redu\u00e7\u00e3o do lixo pl\u00e1stico. \u00c9, hoje, tamb\u00e9m vista como uma alternativa superior ao tradicional filme de embalagem, sendo uma solu\u00e7\u00e3o incomparavelmente mais sustent\u00e1vel devido \u00e0 menor necessidade de pl\u00e1stico para embalar uma palete. Produto 100% recicl\u00e1vel. Redu\u00e7\u00e3o de mais de 60% no consumo de pl\u00e1stico.Exemplo: Para cada 100 toneladas de filme de embalagem, voc\u00ea precisa [&hellip;]<\/p>\n","protected":false},"author":0,"featured_media":0,"parent":0,"menu_order":0,"comment_status":"closed","ping_status":"closed","template":"","meta":{"_et_pb_use_builder":"on","_et_pb_old_content":"","_et_gb_content_width":"","footnotes":""},"class_list":["post-230005","page","type-page","status-publish","hentry"],"_links":{"self":[{"href":"https:\/\/exporplas.pt\/pt-pt\/wp-json\/wp\/v2\/pages\/230005","targetHints":{"allow":["GET"]}}],"collection":[{"href":"https:\/\/exporplas.pt\/pt-pt\/wp-json\/wp\/v2\/pages"}],"about":[{"href":"https:\/\/exporplas.pt\/pt-pt\/wp-json\/wp\/v2\/types\/page"}],"replies":[{"embeddable":true,"href":"https:\/\/exporplas.pt\/pt-pt\/wp-json\/wp\/v2\/comments?post=230005"}],"version-history":[{"count":0,"href":"https:\/\/exporplas.pt\/pt-pt\/wp-json\/wp\/v2\/pages\/230005\/revisions"}],"wp:attachment":[{"href":"https:\/\/exporplas.pt\/pt-pt\/wp-json\/wp\/v2\/media?parent=230005"}],"curies":[{"name":"wp","href":"https:\/\/api.w.org\/{rel}","templated":true}]}}