{"id":237855,"date":"2025-11-02T17:43:29","date_gmt":"2025-11-02T17:43:29","guid":{"rendered":"https:\/\/exporplas.pt\/agriadvisor\/"},"modified":"2025-11-02T17:43:30","modified_gmt":"2025-11-02T17:43:30","slug":"agriadvisor","status":"publish","type":"page","link":"https:\/\/exporplas.pt\/pl\/agriadvisor\/","title":{"rendered":"AgriAdvisor"},"content":{"rendered":"<p>[et_pb_section fb_built=&#8221;1&#8243; disabled_on=&#8221;off|off|off&#8221; _builder_version=&#8221;4.27.4&#8243; _module_preset=&#8221;1aa77664-506e-4896-aba7-807e7db78016&#8243; background_color=&#8221;#2b532a&#8221; locked=&#8221;off&#8221; global_colors_info=&#8221;{}&#8221;][et_pb_row _builder_version=&#8221;4.16&#8243; _module_preset=&#8221;default&#8221; max_width=&#8221;1230px&#8221; custom_margin=&#8221;||||false|false&#8221; custom_padding=&#8221;0px||0px||false|false&#8221; global_colors_info=&#8221;{}&#8221;][et_pb_column type=&#8221;4_4&#8243; _builder_version=&#8221;4.16&#8243; _module_preset=&#8221;default&#8221; global_colors_info=&#8221;{}&#8221;][dsm_breadcrumbs _builder_version=&#8221;4.16&#8243; _module_preset=&#8221;7726ac8d-7222-46bd-8a73-3088c2807996&#8243; global_colors_info=&#8221;{}&#8221;][\/dsm_breadcrumbs][\/et_pb_column][\/et_pb_row][\/et_pb_section][et_pb_section fb_built=&#8221;1&#8243; admin_label=&#8221;produto&#8221; _builder_version=&#8221;4.27.4&#8243; _module_preset=&#8221;default&#8221; background_color=&#8221;#3dae2b&#8221; z_index=&#8221;3&#8243; custom_padding=&#8221;0px||||false|false&#8221; global_colors_info=&#8221;{}&#8221;][et_pb_row disabled_on=&#8221;on|off|off&#8221; _builder_version=&#8221;4.16&#8243; _module_preset=&#8221;default&#8221; global_colors_info=&#8221;{}&#8221;][et_pb_column type=&#8221;4_4&#8243; _builder_version=&#8221;4.16&#8243; _module_preset=&#8221;default&#8221; global_colors_info=&#8221;{}&#8221;][et_pb_text _builder_version=&#8221;4.27.4&#8243; _module_preset=&#8221;default&#8221; text_font=&#8221;Montserrat|600|||||||&#8221; text_text_color=&#8221;#FFFFFF&#8221; text_font_size=&#8221;19px&#8221; text_orientation=&#8221;center&#8221; global_colors_info=&#8221;{}&#8221;]<\/p>\n<p>ROLNICTWO | AgriAdvisor<\/p>\n<p>[\/et_pb_text][et_pb_divider color=&#8221;#cccccc&#8221; divider_weight=&#8221;1px&#8221; _builder_version=&#8221;4.16&#8243; _module_preset=&#8221;default&#8221; z_index=&#8221;1&#8243; width=&#8221;250px&#8221; module_alignment=&#8221;center&#8221; locked=&#8221;off&#8221; global_colors_info=&#8221;{}&#8221;][\/et_pb_divider][et_pb_divider color=&#8221;#2b532a&#8221; divider_weight=&#8221;4px&#8221; _builder_version=&#8221;4.27.4&#8243; _module_preset=&#8221;default&#8221; z_index=&#8221;1&#8243; width=&#8221;95px&#8221; module_alignment=&#8221;center&#8221; custom_margin=&#8221;-54px||||false|false&#8221; custom_padding=&#8221;0px||||false|false&#8221; locked=&#8221;off&#8221; global_colors_info=&#8221;{}&#8221;][\/et_pb_divider][\/et_pb_column][\/et_pb_row][\/et_pb_section][et_pb_section fb_built=&#8221;1&#8243; module_id=&#8221;produto&#8221; _builder_version=&#8221;4.27.4&#8243; _module_preset=&#8221;default&#8221; background_color=&#8221;#3dae2b&#8221; z_index=&#8221;3&#8243; custom_margin=&#8221;||||false|false&#8221; custom_margin_tablet=&#8221;||||false|false&#8221; custom_margin_phone=&#8221;||||false|false&#8221; custom_margin_last_edited=&#8221;on|phone&#8221; custom_padding=&#8221;0px||0px||false|false&#8221; global_colors_info=&#8221;{}&#8221;][et_pb_row _builder_version=&#8221;4.18.1&#8243; _module_preset=&#8221;default&#8221; width_tablet=&#8221;&#8221; width_phone=&#8221;90%&#8221; width_last_edited=&#8221;on|phone&#8221; locked=&#8221;off&#8221; global_colors_info=&#8221;{}&#8221;][et_pb_column type=&#8221;4_4&#8243; _builder_version=&#8221;4.16&#8243; _module_preset=&#8221;default&#8221; global_colors_info=&#8221;{}&#8221;][et_pb_text _builder_version=&#8221;4.27.4&#8243; _module_preset=&#8221;default&#8221; text_font=&#8221;Montserrat||||||||&#8221; header_font=&#8221;|300|||||||&#8221; header_text_align=&#8221;center&#8221; header_font_size=&#8221;45px&#8221; text_orientation=&#8221;center&#8221; background_layout=&#8221;dark&#8221; header_font_size_tablet=&#8221;45px&#8221; header_font_size_phone=&#8221;36px&#8221; header_font_size_last_edited=&#8221;on|tablet&#8221; global_colors_info=&#8221;{}&#8221;]<\/p>\n<h1><strong>Inteligentne wsparcie<\/strong> w Twoich r\u0119kach.<\/h1>\n<p>[\/et_pb_text][et_pb_image src=&#8221;https:\/\/exporplas.pt\/wp-content\/uploads\/2025\/10\/AgriAdvisor_Logo.png&#8221; title_text=&#8221;AgriAdvisor_Logo&#8221; align=&#8221;center&#8221; disabled_on=&#8221;off|off|off&#8221; _builder_version=&#8221;4.27.4&#8243; _module_preset=&#8221;default&#8221; width=&#8221;55%&#8221; width_tablet=&#8221;75%&#8221; width_phone=&#8221;75%&#8221; width_last_edited=&#8221;on|phone&#8221; max_width_tablet=&#8221;&#8221; max_width_phone=&#8221;90%&#8221; max_width_last_edited=&#8221;on|phone&#8221; module_alignment=&#8221;center&#8221; custom_margin=&#8221;50px||||false|false&#8221; custom_margin_tablet=&#8221;50px||||false|false&#8221; custom_margin_phone=&#8221;50px||||false|false&#8221; custom_margin_last_edited=&#8221;on|phone&#8221; custom_padding_tablet=&#8221;&#8221; custom_padding_phone=&#8221;&#8221; custom_padding_last_edited=&#8221;on|desktop&#8221; global_colors_info=&#8221;{}&#8221;][\/et_pb_image][et_pb_text _builder_version=&#8221;4.27.4&#8243; _module_preset=&#8221;default&#8221; text_font=&#8221;Montserrat||||||||&#8221; header_4_line_height=&#8221;1.4em&#8221; text_orientation=&#8221;center&#8221; background_layout=&#8221;dark&#8221; global_colors_info=&#8221;{}&#8221;]<\/p>\n<h4>Nowoczesne rolnictwo wymaga czego\u015b wi\u0119cej ni\u017c si\u0142y. <strong>Wymaga m\u0105drych decyzji.<\/strong> Przy tak wielu dost\u0119pnych opcjach znalezienie idealnego rozwi\u0105zania mo\u017ce by\u0107 wyzwaniem. <strong>AgriAdvisor<\/strong> u\u0142atwia znalezienie odpowiednich produkt\u00f3w Exporpl\u00e1s, dopasowanych do Twoich potrzeb.<\/h4>\n<p>[\/et_pb_text][\/et_pb_column][\/et_pb_row][\/et_pb_section][et_pb_section fb_built=&#8221;1&#8243; module_id=&#8221;produto&#8221; _builder_version=&#8221;4.27.4&#8243; _module_preset=&#8221;default&#8221; background_color=&#8221;#3dae2b&#8221; z_index=&#8221;3&#8243; custom_margin=&#8221;||0px||false|false&#8221; custom_margin_tablet=&#8221;||||false|false&#8221; custom_margin_phone=&#8221;||||false|false&#8221; custom_margin_last_edited=&#8221;off|desktop&#8221; custom_padding=&#8221;||0px||false|false&#8221; hover_enabled=&#8221;0&#8243; global_colors_info=&#8221;{}&#8221; sticky_enabled=&#8221;0&#8243;][et_pb_row _builder_version=&#8221;4.27.4&#8243; _module_preset=&#8221;default&#8221; global_colors_info=&#8221;{}&#8221;][et_pb_column type=&#8221;4_4&#8243; _builder_version=&#8221;4.27.4&#8243; _module_preset=&#8221;default&#8221; global_colors_info=&#8221;{}&#8221;][et_pb_code _builder_version=&#8221;4.27.4&#8243; _module_preset=&#8221;default&#8221; global_colors_info=&#8221;{}&#8221;]<iframe<!-- [et_pb_line_break_holder] --> id=&#8221;exporplas-widget-iframe&#8221;<!-- [et_pb_line_break_holder] --> src=&#8221;&#8221;<!-- [et_pb_line_break_holder] --> width=&#8221;100%&#8221;<!-- [et_pb_line_break_holder] --> height=&#8221;600px&#8221;<!-- [et_pb_line_break_holder] --> frameborder=&#8221;0&#8243;<!-- [et_pb_line_break_holder] --> style=&#8221;border: none; max-width: 100%;&#8221;><!-- [et_pb_line_break_holder] --><\/iframe>[\/et_pb_code][et_pb_code admin_label=&#8221;Code&#8221; _builder_version=&#8221;4.27.4&#8243; _module_preset=&#8221;default&#8221; global_colors_info=&#8221;{}&#8221;]<script><!-- [et_pb_line_break_holder] -->    (function() {<!-- [et_pb_line_break_holder] -->      var WIDGET_BASE_URL = 'https:\/\/agriadvisor.exporplas.pt\/widget';<!-- [et_pb_line_break_holder] --><!-- [et_pb_line_break_holder] -->      var LOCALE_MAP = {<!-- [et_pb_line_break_holder] -->        'pt': 'pt-PT',<!-- [et_pb_line_break_holder] -->        'pt-pt': 'pt-PT',<!-- [et_pb_line_break_holder] -->        'pt_PT': 'pt-PT',<!-- [et_pb_line_break_holder] -->        'en': 'en-US',<!-- [et_pb_line_break_holder] -->        'en-us': 'en-US',<!-- [et_pb_line_break_holder] -->        'en_US': 'en-US',<!-- [et_pb_line_break_holder] -->        'es': 'es-ES',<!-- [et_pb_line_break_holder] -->        'es-es': 'es-ES',<!-- [et_pb_line_break_holder] -->        'es_ES': 'es-ES',<!-- [et_pb_line_break_holder] -->        'fr': 'fr-FR',<!-- [et_pb_line_break_holder] -->        'fr-fr': 'fr-FR',<!-- [et_pb_line_break_holder] -->        'fr_FR': 'fr-FR'<!-- [et_pb_line_break_holder] -->      };<!-- [et_pb_line_break_holder] --><!-- [et_pb_line_break_holder] -->      var DEFAULT_LOCALE = 'en-US';<!-- [et_pb_line_break_holder] --><!-- [et_pb_line_break_holder] -->      function detectWordPressLocale() {<!-- [et_pb_line_break_holder] -->        var htmlLang = document.documentElement.getAttribute('lang');<!-- [et_pb_line_break_holder] -->        if (htmlLang) {<!-- [et_pb_line_break_holder] -->          console.log('Detected WordPress locale from html[lang]:', htmlLang);<!-- [et_pb_line_break_holder] -->          return htmlLang.toLowerCase();<!-- [et_pb_line_break_holder] -->        }<!-- [et_pb_line_break_holder] --><!-- [et_pb_line_break_holder] -->        var metaLang = document.querySelector('meta[http-equiv=\"content-language\"]');<!-- [et_pb_line_break_holder] -->        if (metaLang) {<!-- [et_pb_line_break_holder] -->          var lang = metaLang.getAttribute('content');<!-- [et_pb_line_break_holder] -->          console.log('Detected WordPress locale from meta tag:', lang);<!-- [et_pb_line_break_holder] -->          return lang.toLowerCase();<!-- [et_pb_line_break_holder] -->        }<!-- [et_pb_line_break_holder] --><!-- [et_pb_line_break_holder] -->        var bodyClasses = document.body.className;<!-- [et_pb_line_break_holder] -->        var localeMatch = bodyClasses.match(\/locale-([a-z]{2}[-_][a-z]{2})\/i);<!-- [et_pb_line_break_holder] -->        if (localeMatch) {<!-- [et_pb_line_break_holder] -->          console.log('Detected WordPress locale from body class:', localeMatch[1]);<!-- [et_pb_line_break_holder] -->          return localeMatch[1].toLowerCase();<!-- [et_pb_line_break_holder] -->        }<!-- [et_pb_line_break_holder] --><!-- [et_pb_line_break_holder] -->        console.log('Could not detect WordPress locale, using default');<!-- [et_pb_line_break_holder] -->        return null;<!-- [et_pb_line_break_holder] -->      }<!-- [et_pb_line_break_holder] --><!-- [et_pb_line_break_holder] -->      function mapToWidgetLocale(wpLocale) {<!-- [et_pb_line_break_holder] -->        if (!wpLocale) {<!-- [et_pb_line_break_holder] -->          return DEFAULT_LOCALE;<!-- [et_pb_line_break_holder] -->        }<!-- [et_pb_line_break_holder] --><!-- [et_pb_line_break_holder] -->        var normalized = wpLocale.toLowerCase().replace(\/_\/g, '-');<!-- [et_pb_line_break_holder] --><!-- [et_pb_line_break_holder] -->        if (LOCALE_MAP[normalized]) {<!-- [et_pb_line_break_holder] -->          return LOCALE_MAP[normalized];<!-- [et_pb_line_break_holder] -->        }<!-- [et_pb_line_break_holder] --><!-- [et_pb_line_break_holder] -->        var languageCode = normalized.split('-')[0];<!-- [et_pb_line_break_holder] -->        if (LOCALE_MAP[languageCode]) {<!-- [et_pb_line_break_holder] -->          return LOCALE_MAP[languageCode];<!-- [et_pb_line_break_holder] -->        }<!-- [et_pb_line_break_holder] --><!-- [et_pb_line_break_holder] -->        return DEFAULT_LOCALE;<!-- [et_pb_line_break_holder] -->      }<!-- [et_pb_line_break_holder] --><!-- [et_pb_line_break_holder] -->      window.addEventListener('message', function(event) {<!-- [et_pb_line_break_holder] -->        console.log('Received message:', event.data, 'from:', event.origin);<!-- [et_pb_line_break_holder] --><!-- [et_pb_line_break_holder] -->        \/\/ Match the correct message type from the widget<!-- [et_pb_line_break_holder] -->        if (event.data && event.data.type === 'exporplas-widget-resize' && event.data.height) {<!-- [et_pb_line_break_holder] -->          var iframe = document.getElementById('exporplas-widget-iframe');<!-- [et_pb_line_break_holder] -->          if (iframe) {<!-- [et_pb_line_break_holder] -->            console.log('Resizing iframe to:', event.data.height + 'px');<!-- [et_pb_line_break_holder] -->            iframe.style.height = event.data.height + 'px';<!-- [et_pb_line_break_holder] -->          } else {<!-- [et_pb_line_break_holder] -->            console.error('Iframe not found when trying to resize');<!-- [et_pb_line_break_holder] -->          }<!-- [et_pb_line_break_holder] -->        }<!-- [et_pb_line_break_holder] -->      });<!-- [et_pb_line_break_holder] --><!-- [et_pb_line_break_holder] -->      function initWidget() {<!-- [et_pb_line_break_holder] -->        var iframe = document.getElementById('exporplas-widget-iframe');<!-- [et_pb_line_break_holder] --><!-- [et_pb_line_break_holder] -->        if (!iframe) {<!-- [et_pb_line_break_holder] -->          console.error('Widget iframe not found');<!-- [et_pb_line_break_holder] -->          return;<!-- [et_pb_line_break_holder] -->        }<!-- [et_pb_line_break_holder] --><!-- [et_pb_line_break_holder] -->        var wpLocale = detectWordPressLocale();<!-- [et_pb_line_break_holder] -->        var widgetLocale = mapToWidgetLocale(wpLocale);<!-- [et_pb_line_break_holder] --><!-- [et_pb_line_break_holder] -->        console.log('WordPress locale:', wpLocale);<!-- [et_pb_line_break_holder] -->        console.log('Widget locale:', widgetLocale);<!-- [et_pb_line_break_holder] --><!-- [et_pb_line_break_holder] -->        var widgetUrl = WIDGET_BASE_URL + '?locale=' + encodeURIComponent(widgetLocale);<!-- [et_pb_line_break_holder] --><!-- [et_pb_line_break_holder] -->        iframe.src = widgetUrl;<!-- [et_pb_line_break_holder] --><!-- [et_pb_line_break_holder] -->        console.log('Loading widget from:', widgetUrl);<!-- [et_pb_line_break_holder] -->      }<!-- [et_pb_line_break_holder] --><!-- [et_pb_line_break_holder] -->      if (document.readyState === 'loading') {<!-- [et_pb_line_break_holder] -->        document.addEventListener('DOMContentLoaded', initWidget);<!-- [et_pb_line_break_holder] -->      } else {<!-- [et_pb_line_break_holder] -->        initWidget();<!-- [et_pb_line_break_holder] -->      }<!-- [et_pb_line_break_holder] -->    })();<!-- [et_pb_line_break_holder] -->  <\/script>[\/et_pb_code][\/et_pb_column][\/et_pb_row][\/et_pb_section][et_pb_section fb_built=&#8221;1&#8243; module_id=&#8221;produto&#8221; _builder_version=&#8221;4.27.4&#8243; _module_preset=&#8221;default&#8221; background_color=&#8221;#3dae2b&#8221; z_index=&#8221;3&#8243; custom_margin=&#8221;0px||||false|false&#8221; custom_margin_tablet=&#8221;||||false|false&#8221; custom_margin_phone=&#8221;||||false|false&#8221; custom_margin_last_edited=&#8221;off|desktop&#8221; custom_padding=&#8221;0px||||false|false&#8221; hover_enabled=&#8221;0&#8243; global_colors_info=&#8221;{}&#8221; sticky_enabled=&#8221;0&#8243;][et_pb_row _builder_version=&#8221;4.18.1&#8243; _module_preset=&#8221;default&#8221; width_tablet=&#8221;&#8221; width_phone=&#8221;90%&#8221; width_last_edited=&#8221;on|phone&#8221; locked=&#8221;off&#8221; global_colors_info=&#8221;{}&#8221;][et_pb_column type=&#8221;4_4&#8243; _builder_version=&#8221;4.16&#8243; _module_preset=&#8221;default&#8221; global_colors_info=&#8221;{}&#8221;][et_pb_text _builder_version=&#8221;4.27.4&#8243; _module_preset=&#8221;default&#8221; text_font=&#8221;Montserrat||||||||&#8221; header_font=&#8221;|300|||||||&#8221; header_text_align=&#8221;center&#8221; header_font_size=&#8221;35px&#8221; text_orientation=&#8221;center&#8221; background_layout=&#8221;dark&#8221; header_font_size_tablet=&#8221;30px&#8221; header_font_size_phone=&#8221;30px&#8221; header_font_size_last_edited=&#8221;on|desktop&#8221; global_colors_info=&#8221;{}&#8221;]<\/p>\n<h1><strong>AgriAdvisor<\/strong> jest dost\u0119pna na <strong>iOS<\/strong> i <strong>Android<\/strong>.<\/h1>\n<p>[\/et_pb_text][\/et_pb_column][\/et_pb_row][et_pb_row column_structure=&#8221;1_2,1_2&#8243; custom_padding_last_edited=&#8221;on|phone&#8221; module_class=&#8221;two-columns&#8221; _builder_version=&#8221;4.27.4&#8243; _module_preset=&#8221;default&#8221; width=&#8221;45%&#8221; width_tablet=&#8221;45%&#8221; width_phone=&#8221;80%&#8221; width_last_edited=&#8221;on|phone&#8221; module_alignment=&#8221;center&#8221; custom_padding_tablet=&#8221;&#8221; custom_padding_phone=&#8221;&#8221; global_colors_info=&#8221;{}&#8221;][et_pb_column type=&#8221;1_2&#8243; _builder_version=&#8221;4.27.4&#8243; _module_preset=&#8221;default&#8221; global_colors_info=&#8221;{}&#8221;][et_pb_image src=&#8221;https:\/\/exporplas.pt\/wp-content\/uploads\/2025\/10\/AgriAdvisor_Apple-Store.png&#8221; title_text=&#8221;AgriAdvisor_Apple-Store&#8221; url=&#8221;https:\/\/apps.apple.com\/pt\/app\/agriadvisor\/id1571337596&#8243; url_new_window=&#8221;on&#8221; align=&#8221;center&#8221; _builder_version=&#8221;4.27.4&#8243; _module_preset=&#8221;default&#8221; width=&#8221;55%&#8221; width_tablet=&#8221;&#8221; width_phone=&#8221;&#8221; width_last_edited=&#8221;on|phone&#8221; module_alignment=&#8221;center&#8221; custom_margin=&#8221;||||false|false&#8221; custom_padding=&#8221;|0px||0px|false|false&#8221; custom_padding_tablet=&#8221;|20px||20px|false|true&#8221; custom_padding_phone=&#8221;|15px||15px|false|true&#8221; custom_padding_last_edited=&#8221;on|desktop&#8221; global_colors_info=&#8221;{}&#8221;][\/et_pb_image][\/et_pb_column][et_pb_column type=&#8221;1_2&#8243; _builder_version=&#8221;4.27.4&#8243; _module_preset=&#8221;default&#8221; global_colors_info=&#8221;{}&#8221;][et_pb_image src=&#8221;https:\/\/exporplas.pt\/wp-content\/uploads\/2025\/10\/AgriAdvisor_Google-Play.png&#8221; title_text=&#8221;AgriAdvisor_Google-Play&#8221; url=&#8221;https:\/\/play.google.com\/store\/apps\/details?id=pt.propellerheads.agriadvisor&amp;pcampaignid=web_share&#8221; url_new_window=&#8221;on&#8221; align=&#8221;center&#8221; _builder_version=&#8221;4.27.4&#8243; _module_preset=&#8221;default&#8221; width=&#8221;55%&#8221; width_tablet=&#8221;&#8221; width_phone=&#8221;&#8221; width_last_edited=&#8221;on|phone&#8221; module_alignment=&#8221;center&#8221; custom_margin=&#8221;||||false|false&#8221; custom_padding=&#8221;|0px||0px|false|false&#8221; custom_padding_tablet=&#8221;|20px||20px|false|true&#8221; custom_padding_phone=&#8221;|15px||15px|false|true&#8221; custom_padding_last_edited=&#8221;on|desktop&#8221; global_colors_info=&#8221;{}&#8221;][\/et_pb_image][\/et_pb_column][\/et_pb_row][\/et_pb_section]<\/p>\n","protected":false},"excerpt":{"rendered":"<p><div class=\"et_pb_module dsm_breadcrumbs dsm_breadcrumbs_0\">\n\t\t\t\t\n\t\t\t\t\n\t\t\t\t\n\t\t\t\t\n\t\t\t\t\n\t\t\t\t\n\t\t\t\t<div class=\"et_pb_module_inner\">\n\t\t\t\t\t<nav class=\"dsm_breadcrumbs_wrap\">\n\t\t\t\t<ul class=\"dsm_breadcrumbs\" itemscope itemtype=\"https:\/\/schema.org\/BreadcrumbList\">\t\t\t<li class=\"dsm_breadcrumbs_item dsm_home_item dsm_home_item_custom\" itemprop=\"itemListElement\" itemscope\n\t\t\titemtype=\"https:\/\/schema.org\/ListItem\">\n\t\t\t\t<a href=\"https:\/\/exporplas.pt\/pl\/\" itemprop=\"item\" target=\"\">\n\t\t\t\t\t<span class='dsm_home_text_wrapper'>\n\t\t\t\t\t\t\t\t\t\t\t\t\t<span class=\"et-pb-icon dsm_home_icon\">\ue009<\/span>\n\t\t\t\t\t\t\t\t\t\t\t\t\t<span class=\"dsm_home_text\" itemprop=\"name\">\n\t\t\t\t\t\t\t\t \t\t\t\t\t\t\t<\/span>\n\t\t\t\t\t<\/span>\n\t\t\t\t<\/a>\n\t\t\t\t<meta itemprop=\"position\" content=\"1\" \/>\n\t\t\t<\/li>\n\n\t\t<li class=\"dsm_breadcrumbs_separator\"> <span class=\"et-pb-icon dsm_separator_icon\">5<\/span><\/li><\/ul>\n\t\t\t<\/nav>\n\t\t\t\t<\/div>\n\t\t\t<\/div>ROLNICTWO | AgriAdvisorInteligentne wsparcie w Twoich r\u0119kach.Nowoczesne rolnictwo wymaga czego\u015b wi\u0119cej ni\u017c si\u0142y. Wymaga m\u0105drych decyzji. Przy tak wielu dost\u0119pnych opcjach znalezienie idealnego rozwi\u0105zania mo\u017ce by\u0107 wyzwaniem. AgriAdvisor u\u0142atwia znalezienie odpowiednich produkt\u00f3w Exporpl\u00e1s, dopasowanych do Twoich potrzeb.AgriAdvisor jest dost\u0119pna na iOS i Android.<\/p>\n","protected":false},"author":2,"featured_media":0,"parent":0,"menu_order":0,"comment_status":"closed","ping_status":"closed","template":"","meta":{"_et_pb_use_builder":"on","_et_pb_old_content":"","_et_gb_content_width":"","footnotes":""},"class_list":["post-237855","page","type-page","status-publish","hentry"],"_links":{"self":[{"href":"https:\/\/exporplas.pt\/pl\/wp-json\/wp\/v2\/pages\/237855","targetHints":{"allow":["GET"]}}],"collection":[{"href":"https:\/\/exporplas.pt\/pl\/wp-json\/wp\/v2\/pages"}],"about":[{"href":"https:\/\/exporplas.pt\/pl\/wp-json\/wp\/v2\/types\/page"}],"author":[{"embeddable":true,"href":"https:\/\/exporplas.pt\/pl\/wp-json\/wp\/v2\/users\/2"}],"replies":[{"embeddable":true,"href":"https:\/\/exporplas.pt\/pl\/wp-json\/wp\/v2\/comments?post=237855"}],"version-history":[{"count":2,"href":"https:\/\/exporplas.pt\/pl\/wp-json\/wp\/v2\/pages\/237855\/revisions"}],"predecessor-version":[{"id":237857,"href":"https:\/\/exporplas.pt\/pl\/wp-json\/wp\/v2\/pages\/237855\/revisions\/237857"}],"wp:attachment":[{"href":"https:\/\/exporplas.pt\/pl\/wp-json\/wp\/v2\/media?parent=237855"}],"curies":[{"name":"wp","href":"https:\/\/api.w.org\/{rel}","templated":true}]}}