{"id":237843,"date":"2025-11-02T17:28:10","date_gmt":"2025-11-02T17:28:10","guid":{"rendered":"https:\/\/exporplas.pt\/obszary-dzialalnosci\/rolnictwo\/siatka-do-owijania-bel\/seria-versa\/versa-ultimate\/"},"modified":"2025-11-02T17:28:11","modified_gmt":"2025-11-02T17:28:11","slug":"versa-ultimate","status":"publish","type":"page","link":"https:\/\/exporplas.pt\/pl\/obszary-dzialalnosci\/rolnictwo\/siatka-do-owijania-bel\/seria-versa\/versa-ultimate\/","title":{"rendered":"VERSA ULTIMATE"},"content":{"rendered":"<p>[et_pb_section fb_built=&#8221;1&#8243; _builder_version=&#8221;4.16&#8243; _module_preset=&#8221;1aa77664-506e-4896-aba7-807e7db78016&#8243; locked=&#8221;off&#8221; global_colors_info=&#8221;{}&#8221;][et_pb_row _builder_version=&#8221;4.16&#8243; _module_preset=&#8221;default&#8221; max_width=&#8221;1230px&#8221; custom_margin=&#8221;||||false|false&#8221; custom_padding=&#8221;0px||0px||false|false&#8221; global_colors_info=&#8221;{}&#8221;][et_pb_column type=&#8221;4_4&#8243; _builder_version=&#8221;4.16&#8243; _module_preset=&#8221;default&#8221; global_colors_info=&#8221;{}&#8221;][dsm_breadcrumbs _builder_version=&#8221;4.16&#8243; _module_preset=&#8221;7726ac8d-7222-46bd-8a73-3088c2807996&#8243; global_colors_info=&#8221;{}&#8221;][\/dsm_breadcrumbs][\/et_pb_column][\/et_pb_row][\/et_pb_section][et_pb_section fb_built=&#8221;1&#8243; admin_label=&#8221;produto&#8221; _builder_version=&#8221;4.27.4&#8243; _module_preset=&#8221;default&#8221; background_color=&#8221;#ff6600&#8243; z_index=&#8221;3&#8243; custom_padding=&#8221;0px||||false|false&#8221; global_colors_info=&#8221;{}&#8221;][et_pb_row disabled_on=&#8221;on|off|off&#8221; _builder_version=&#8221;4.25.0&#8243; _module_preset=&#8221;default&#8221; global_colors_info=&#8221;{}&#8221;][et_pb_column type=&#8221;4_4&#8243; _builder_version=&#8221;4.16&#8243; _module_preset=&#8221;default&#8221; global_colors_info=&#8221;{}&#8221;][et_pb_text _builder_version=&#8221;4.27.4&#8243; _module_preset=&#8221;default&#8221; text_font=&#8221;Montserrat|600|||||||&#8221; text_font_size=&#8221;19px&#8221; text_orientation=&#8221;center&#8221; background_layout=&#8221;dark&#8221; global_colors_info=&#8221;{}&#8221;]<\/p>\n<p>ROLNICTWO | VERSA ULTIMATE<\/p>\n<p>[\/et_pb_text][et_pb_divider color=&#8221;#cccccc&#8221; divider_weight=&#8221;1px&#8221; _builder_version=&#8221;4.16&#8243; _module_preset=&#8221;default&#8221; z_index=&#8221;1&#8243; width=&#8221;250px&#8221; module_alignment=&#8221;center&#8221; locked=&#8221;off&#8221; global_colors_info=&#8221;{}&#8221;][\/et_pb_divider][et_pb_divider color=&#8221;#FFFFFF&#8221; divider_weight=&#8221;4px&#8221; _builder_version=&#8221;4.27.4&#8243; _module_preset=&#8221;default&#8221; z_index=&#8221;1&#8243; width=&#8221;95px&#8221; module_alignment=&#8221;center&#8221; custom_margin=&#8221;-54px||||false|false&#8221; custom_padding=&#8221;0px||||false|false&#8221; locked=&#8221;off&#8221; global_colors_info=&#8221;{}&#8221;][\/et_pb_divider][\/et_pb_column][\/et_pb_row][\/et_pb_section][et_pb_section fb_built=&#8221;1&#8243; module_id=&#8221;produkt        &#8221; _builder_version=&#8221;4.27.4&#8243; _module_preset=&#8221;default&#8221; background_color=&#8221;#ff6600&#8243; z_index=&#8221;3&#8243; custom_margin=&#8221;||||false|false&#8221; custom_margin_tablet=&#8221;||||false|false&#8221; custom_margin_phone=&#8221;||||false|false&#8221; custom_margin_last_edited=&#8221;on|phone&#8221; custom_padding=&#8221;0px||||false|false&#8221; global_colors_info=&#8221;{}&#8221;][et_pb_row column_structure=&#8221;1_2,1_2&#8243; _builder_version=&#8221;4.16&#8243; _module_preset=&#8221;default&#8221; global_colors_info=&#8221;{}&#8221;][et_pb_column type=&#8221;1_2&#8243; _builder_version=&#8221;4.16&#8243; _module_preset=&#8221;default&#8221; global_colors_info=&#8221;{}&#8221;][et_pb_text _builder_version=&#8221;4.27.4&#8243; _module_preset=&#8221;default&#8221; text_font=&#8221;Montserrat|300|||||||&#8221; text_font_size=&#8221;45px&#8221; header_3_font=&#8221;Montserrat|600|||||||&#8221; header_3_font_size=&#8221;45px&#8221; background_layout=&#8221;dark&#8221; custom_margin=&#8221;||0px||false|false&#8221; custom_padding=&#8221;||||false|false&#8221; global_colors_info=&#8221;{}&#8221;]<\/p>\n<h3>SIATKA DO BEL<\/h3>\n<p>[\/et_pb_text][et_pb_text _builder_version=&#8221;4.27.4&#8243; _module_preset=&#8221;default&#8221; text_font=&#8221;Montserrat|300|||||||&#8221; text_font_size=&#8221;45px&#8221; header_3_font=&#8221;Montserrat|600|||||||&#8221; header_3_font_size=&#8221;45px&#8221; background_layout=&#8221;dark&#8221; custom_margin=&#8221;0px||||false|false&#8221; custom_padding=&#8221;0px||||false|false&#8221; text_line_height_tablet=&#8221;&#8221; text_line_height_phone=&#8221;1em&#8221; text_line_height_last_edited=&#8221;on|tablet&#8221; global_colors_info=&#8221;{}&#8221;]<\/p>\n<p><strong>VERSA<\/strong> ULTIMATE<\/p>\n<p>[\/et_pb_text][et_pb_text _builder_version=&#8221;4.27.4&#8243; _module_preset=&#8221;default&#8221; background_layout=&#8221;dark&#8221; hover_enabled=&#8221;0&#8243; global_colors_info=&#8221;{}&#8221; sticky_enabled=&#8221;0&#8243;]<\/p>\n<h1>Najmocniejsza siatka do ekstremalnych warunk\u00f3w belowania.<\/h1>\n<p><\/p>\n<p style=\"font-weight: 400;\">Gdy warunki pracy Twojego sprz\u0119tu do belowania osi\u0105gaj\u0105 granice mo\u017cliwo\u015bci, <strong>VERSA Ultimate<\/strong> zapewnia bezkompromisow\u0105 wydajno\u015b\u0107. Stanowi ona szczytowe osi\u0105gni\u0119cie technologii siatek do belowania firmy Exporpl\u00e1s, skonstruowana dla wytrzyma\u0142o\u015bci, niezawodno\u015bci i ochrony ka\u017cdej beli.<\/p>\n<p><\/p>\n<p style=\"font-weight: 400;\">Zaprojektowana z my\u015bl\u0105 o najbardziej wymagaj\u0105cych warunkach belowania, ta wytrzyma\u0142a siatka rolnicza zapewnia do 25% wi\u0119ksz\u0105 wytrzyma\u0142o\u015b\u0107 ni\u017c standardowe rozwi\u0105zania, gwarantuj\u0105c bezpieczne i powtarzalne rezultaty nawet przy ekstremalnej sile prasowania.<\/p>\n<p><\/p>\n<p style=\"font-weight: 400;\">Chocia\u017c siatka <strong>VERSA Ultimate<\/strong> zosta\u0142a stworzona z my\u015bl\u0105 o najtrudniejszych warunkach, zachowuje ona charakterystyczn\u0105 dla serii <strong>VERSA<\/strong> \u0142atwo\u015b\u0107 u\u017cytkowania i elastyczno\u015b\u0107, co czyni j\u0105 idealnym wyborem dla profesjonalist\u00f3w, kt\u00f3rzy wymagaj\u0105 wy\u0142\u0105cznie doskona\u0142o\u015bci.<\/p>\n<p><\/p>\n<p>&nbsp;<\/p>\n<p><\/p>\n<p>Wyprodukowana przez OMNICOR, sp\u00f3\u0142k\u0119 z grupy EXPORPL\u00c1S.<\/p>\n<p>[\/et_pb_text][\/et_pb_column][et_pb_column type=&#8221;1_2&#8243; _builder_version=&#8221;4.16&#8243; _module_preset=&#8221;default&#8221; global_colors_info=&#8221;{}&#8221;][et_pb_image src=&#8221;https:\/\/exporplas.pt\/wp-content\/uploads\/2025\/10\/VERSA_ULTIMATE.png&#8221; title_text=&#8221;VERSA_ULTIMATE&#8221; _builder_version=&#8221;4.27.4&#8243; _module_preset=&#8221;default&#8221; animation_style=&#8221;slide&#8221; animation_direction=&#8221;right&#8221; global_colors_info=&#8221;{}&#8221;][\/et_pb_image][\/et_pb_column][\/et_pb_row][et_pb_row disabled_on=&#8221;off|off|off&#8221; _builder_version=&#8221;4.16&#8243; _module_preset=&#8221;default&#8221; locked=&#8221;off&#8221; global_colors_info=&#8221;{}&#8221;][et_pb_column type=&#8221;4_4&#8243; _builder_version=&#8221;4.16&#8243; _module_preset=&#8221;default&#8221; global_colors_info=&#8221;{}&#8221;][et_pb_text _builder_version=&#8221;4.27.4&#8243; _module_preset=&#8221;default&#8221; locked=&#8221;off&#8221; global_colors_info=&#8221;{}&#8221;]<\/p>\n<p><span style=\"text-decoration: underline; color: #ffffff;\"><strong><a style=\"color: #ffffff; text-decoration: underline;\" href=\"mailto:info@exporplas.pt\">Aby uzyska\u0107 wi\u0119cej informacji, prosimy o kontakt.<\/a><\/strong><\/span><\/p>\n<p>[\/et_pb_text][et_pb_button button_url=&#8221;@ET-DC@eyJkeW5hbWljIjp0cnVlLCJjb250ZW50IjoicG9zdF9saW5rX3VybF9wYWdlIiwic2V0dGluZ3MiOnsicG9zdF9pZCI6IjIzNzcwNCJ9fQ==@&#8221; button_text=&#8221; WSTECZ&#8221; _builder_version=&#8221;4.27.4&#8243; _dynamic_attributes=&#8221;button_url&#8221; _module_preset=&#8221;default&#8221; custom_button=&#8221;on&#8221; button_text_size=&#8221;9px&#8221; button_text_color=&#8221;#6CAF3F&#8221; button_bg_color=&#8221;#FFFFFF&#8221; button_border_width=&#8221;10px&#8221; button_border_color=&#8221;rgba(47,56,84,0)&#8221; button_border_radius=&#8221;60px&#8221; button_letter_spacing=&#8221;1px&#8221; button_font=&#8221;|700||on|||||&#8221; button_use_icon=&#8221;off&#8221; animation_style=&#8221;fade&#8221; locked=&#8221;off&#8221; global_colors_info=&#8221;{}&#8221; button_border_radius__hover=&#8221;66px&#8221; button_border_radius__hover_enabled=&#8221;on&#8221; button_letter_spacing__hover=&#8221;1px&#8221; button_letter_spacing__hover_enabled=&#8221;on&#8221;][\/et_pb_button][\/et_pb_column][\/et_pb_row][\/et_pb_section]<\/p>\n","protected":false},"excerpt":{"rendered":"<p><div class=\"et_pb_module dsm_breadcrumbs dsm_breadcrumbs_0\">\n\t\t\t\t\n\t\t\t\t\n\t\t\t\t\n\t\t\t\t\n\t\t\t\t\n\t\t\t\t\n\t\t\t\t<div class=\"et_pb_module_inner\">\n\t\t\t\t\t<nav class=\"dsm_breadcrumbs_wrap\">\n\t\t\t\t<ul class=\"dsm_breadcrumbs\" itemscope itemtype=\"https:\/\/schema.org\/BreadcrumbList\">\t\t\t<li class=\"dsm_breadcrumbs_item dsm_home_item dsm_home_item_custom\" itemprop=\"itemListElement\" itemscope\n\t\t\titemtype=\"https:\/\/schema.org\/ListItem\">\n\t\t\t\t<a href=\"https:\/\/exporplas.pt\/pl\/\" itemprop=\"item\" target=\"\">\n\t\t\t\t\t<span class='dsm_home_text_wrapper'>\n\t\t\t\t\t\t\t\t\t\t\t\t\t<span class=\"et-pb-icon dsm_home_icon\">\ue009<\/span>\n\t\t\t\t\t\t\t\t\t\t\t\t\t<span class=\"dsm_home_text\" itemprop=\"name\">\n\t\t\t\t\t\t\t\t \t\t\t\t\t\t\t<\/span>\n\t\t\t\t\t<\/span>\n\t\t\t\t<\/a>\n\t\t\t\t<meta itemprop=\"position\" content=\"1\" \/>\n\t\t\t<\/li>\n\n\t\t<li class=\"dsm_breadcrumbs_separator\"> <span class=\"et-pb-icon dsm_separator_icon\">5<\/span><\/li><\/ul>\n\t\t\t<\/nav>\n\t\t\t\t<\/div>\n\t\t\t<\/div>ROLNICTWO | VERSA ULTIMATESIATKA DO BELVERSA ULTIMATENajmocniejsza siatka do ekstremalnych warunk\u00f3w belowania.Gdy warunki pracy Twojego sprz\u0119tu do belowania osi\u0105gaj\u0105 granice mo\u017cliwo\u015bci, VERSA Ultimate zapewnia bezkompromisow\u0105 wydajno\u015b\u0107. Stanowi ona szczytowe osi\u0105gni\u0119cie technologii siatek do belowania firmy Exporpl\u00e1s, skonstruowana dla wytrzyma\u0142o\u015bci, niezawodno\u015bci i ochrony ka\u017cdej beli.Zaprojektowana z my\u015bl\u0105 o najbardziej wymagaj\u0105cych warunkach belowania, ta wytrzyma\u0142a siatka rolnicza zapewnia do 25% wi\u0119ksz\u0105 wytrzyma\u0142o\u015b\u0107 ni\u017c standardowe rozwi\u0105zania, gwarantuj\u0105c bezpieczne i powtarzalne rezultaty nawet przy ekstremalnej sile prasowania.Chocia\u017c siatka VERSA Ultimate zosta\u0142a stworzona z my\u015bl\u0105 o najtrudniejszych warunkach, zachowuje ona charakterystyczn\u0105 dla serii VERSA \u0142atwo\u015b\u0107 u\u017cytkowania i elastyczno\u015b\u0107, co czyni j\u0105 idealnym wyborem dla profesjonalist\u00f3w, kt\u00f3rzy wymagaj\u0105 wy\u0142\u0105cznie doskona\u0142o\u015bci.&nbsp;Wyprodukowana przez OMNICOR, sp\u00f3\u0142k\u0119 z grupy EXPORPL\u00c1S.Aby uzyska\u0107 wi\u0119cej informacji, prosimy o kontakt.<\/p>\n","protected":false},"author":2,"featured_media":0,"parent":237834,"menu_order":0,"comment_status":"closed","ping_status":"closed","template":"","meta":{"_et_pb_use_builder":"on","_et_pb_old_content":"","_et_gb_content_width":"","footnotes":""},"class_list":["post-237843","page","type-page","status-publish","hentry"],"_links":{"self":[{"href":"https:\/\/exporplas.pt\/pl\/wp-json\/wp\/v2\/pages\/237843","targetHints":{"allow":["GET"]}}],"collection":[{"href":"https:\/\/exporplas.pt\/pl\/wp-json\/wp\/v2\/pages"}],"about":[{"href":"https:\/\/exporplas.pt\/pl\/wp-json\/wp\/v2\/types\/page"}],"author":[{"embeddable":true,"href":"https:\/\/exporplas.pt\/pl\/wp-json\/wp\/v2\/users\/2"}],"replies":[{"embeddable":true,"href":"https:\/\/exporplas.pt\/pl\/wp-json\/wp\/v2\/comments?post=237843"}],"version-history":[{"count":2,"href":"https:\/\/exporplas.pt\/pl\/wp-json\/wp\/v2\/pages\/237843\/revisions"}],"predecessor-version":[{"id":237845,"href":"https:\/\/exporplas.pt\/pl\/wp-json\/wp\/v2\/pages\/237843\/revisions\/237845"}],"up":[{"embeddable":true,"href":"https:\/\/exporplas.pt\/pl\/wp-json\/wp\/v2\/pages\/237834"}],"wp:attachment":[{"href":"https:\/\/exporplas.pt\/pl\/wp-json\/wp\/v2\/media?parent=237843"}],"curies":[{"name":"wp","href":"https:\/\/api.w.org\/{rel}","templated":true}]}}