{"id":237203,"date":"2025-08-04T16:02:46","date_gmt":"2025-08-04T16:02:46","guid":{"rendered":"https:\/\/exporplas.pt\/orlando-sa\/"},"modified":"2025-08-04T16:53:53","modified_gmt":"2025-08-04T16:53:53","slug":"komandorem-orderu-zaslugi","status":"publish","type":"page","link":"https:\/\/exporplas.pt\/pl\/komandorem-orderu-zaslugi\/","title":{"rendered":"Komandorem Orderu Zas\u0142ugi"},"content":{"rendered":"<p>[et_pb_section fb_built=&#8221;1&#8243; _builder_version=&#8221;4.27.0&#8243; _module_preset=&#8221;default&#8221; custom_margin=&#8221;||||false|false&#8221; custom_margin_tablet=&#8221;||||false|false&#8221; custom_margin_phone=&#8221;||||false|false&#8221; custom_margin_last_edited=&#8221;on|phone&#8221; locked=&#8221;off&#8221; global_colors_info=&#8221;{}&#8221;][et_pb_row _builder_version=&#8221;4.16&#8243; _module_preset=&#8221;default&#8221; animation_style=&#8221;slide&#8221; animation_direction=&#8221;bottom&#8221; global_colors_info=&#8221;{}&#8221;][et_pb_column type=&#8221;4_4&#8243; _builder_version=&#8221;4.16&#8243; _module_preset=&#8221;default&#8221; global_colors_info=&#8221;{}&#8221;][et_pb_text _builder_version=&#8221;4.27.4&#8243; _module_preset=&#8221;ad3c469a-73a4-4c1e-8e67-4ce21c3633ec&#8221; text_text_color=&#8221;#6caf3f&#8221; text_font_size=&#8221;19px&#8221; header_2_text_align=&#8221;center&#8221; header_2_text_color=&#8221;#6caf3f&#8221; animation_style=&#8221;none&#8221; hover_enabled=&#8221;0&#8243; locked=&#8221;off&#8221; global_colors_info=&#8221;{}&#8221; sticky_enabled=&#8221;0&#8243;]<\/p>\n<h2>Komandorem Orderu Zas\u0142ugi<\/h2>\n<p>[\/et_pb_text][et_pb_divider color=&#8221;#cccccc&#8221; divider_weight=&#8221;1px&#8221; _builder_version=&#8221;4.16&#8243; _module_preset=&#8221;default&#8221; z_index=&#8221;1&#8243; width=&#8221;250px&#8221; module_alignment=&#8221;center&#8221; global_colors_info=&#8221;{}&#8221;][\/et_pb_divider][et_pb_divider divider_weight=&#8221;4px&#8221; _builder_version=&#8221;4.16&#8243; _module_preset=&#8221;default&#8221; z_index=&#8221;1&#8243; width=&#8221;95px&#8221; module_alignment=&#8221;center&#8221; custom_margin=&#8221;-54px||||false|false&#8221; custom_padding=&#8221;0px||||false|false&#8221; global_colors_info=&#8221;{}&#8221;][\/et_pb_divider][\/et_pb_column][\/et_pb_row][\/et_pb_section][et_pb_section fb_built=&#8221;1&#8243; custom_padding_last_edited=&#8221;on|tablet&#8221; _builder_version=&#8221;4.27.0&#8243; _module_preset=&#8221;default&#8221; background_enable_color=&#8221;off&#8221; custom_margin=&#8221;0px||||false|false&#8221; custom_margin_tablet=&#8221;||||false|false&#8221; custom_margin_phone=&#8221;||||false|false&#8221; custom_margin_last_edited=&#8221;on|desktop&#8221; custom_padding=&#8221;0px||||false|false&#8221; custom_padding_tablet=&#8221;75px||||false|false&#8221; custom_padding_phone=&#8221;50px||||false|false&#8221; background_last_edited=&#8221;on|phone&#8221; use_background_color_gradient_tablet=&#8221;on&#8221; use_background_color_gradient_phone=&#8221;on&#8221; background_color_gradient_stops_tablet=&#8221;#f7f7f7 0%|#ffffff 100%&#8221; background_color_gradient_stops_phone=&#8221;#f7f7f7 0%|#ffffff 99%&#8221; global_colors_info=&#8221;{}&#8221;][et_pb_row column_structure=&#8221;3_5,2_5&#8243; make_equal=&#8221;on&#8221; custom_padding_last_edited=&#8221;on|desktop&#8221; _builder_version=&#8221;4.27.0&#8243; _module_preset=&#8221;default&#8221; custom_margin=&#8221;0px||||false|false&#8221; custom_margin_tablet=&#8221;0px||||false|false&#8221; custom_margin_phone=&#8221;0px||||false|false&#8221; custom_margin_last_edited=&#8221;on|desktop&#8221; custom_padding=&#8221;0px||||false|false&#8221; custom_padding_tablet=&#8221;0px||||false|false&#8221; custom_padding_phone=&#8221;0px||||false|false&#8221; animation_style=&#8221;slide&#8221; animation_direction=&#8221;bottom&#8221; global_colors_info=&#8221;{}&#8221;][et_pb_column type=&#8221;3_5&#8243; _builder_version=&#8221;4.16&#8243; _module_preset=&#8221;default&#8221; global_colors_info=&#8221;{}&#8221;][et_pb_image src=&#8221;https:\/\/exporplas.pt\/wp-content\/uploads\/2025\/08\/Orlando_Sa_02.jpg&#8221; title_text=&#8221;Orlando_Sa_02&#8243; _builder_version=&#8221;4.27.4&#8243; _module_preset=&#8221;default&#8221; background_enable_color=&#8221;off&#8221; locked=&#8221;off&#8221; global_colors_info=&#8221;{}&#8221;][\/et_pb_image][\/et_pb_column][et_pb_column type=&#8221;2_5&#8243; _builder_version=&#8221;4.24.0&#8243; _module_preset=&#8221;default&#8221; custom_css_main_element=&#8221;margin: auto;&#8221; global_colors_info=&#8221;{}&#8221;][et_pb_text _builder_version=&#8221;4.27.4&#8243; _module_preset=&#8221;default&#8221; text_font=&#8221;Montserrat||||||||&#8221; header_2_font=&#8221;Montserrat|700|||||||&#8221; header_2_line_height=&#8221;1.3em&#8221; global_colors_info=&#8221;{}&#8221;]<\/p>\n<h1>Za\u0142o\u017cyciel Grupy Exporpl\u00e1s odznaczony <strong>Komandorem Orderu Zas\u0142ugi<\/strong>.<\/h1>\n<p><\/p>\n<p>&nbsp;<\/p>\n<p><\/p>\n<p><span class=\"Apple-converted-space\">\u00a0<\/span>28 lipca Orlando S\u00e1, za\u0142o\u017cyciel i Prezes Grupy Exporpl\u00e1s, zosta\u0142 uhonorowany jednym z najwy\u017cszych odznacze\u0144 przyznawanych przez pa\u0144stwo portugalskie: Komandorem Orderu Zas\u0142ugi.<span class=\"Apple-converted-space\">\u00a0<\/span><\/p>\n<p><\/p>\n<p>Odznaczenie zosta\u0142o wr\u0119czone przez Jego Ekscelencj\u0119 Prezydenta Republiki, profesora Marcelo Rebelo de Sousa, podczas ceremonii, kt\u00f3ra uczci\u0142a niezwyk\u0142\u0105 podr\u00f3\u017c cz\u0142owieka g\u0142\u0119boko zwi\u0105zanego z ojczyzn\u0105 i rozwojem kraju.<span class=\"Apple-converted-space\">\u00a0<\/span><\/p>\n<p>[\/et_pb_text][\/et_pb_column][\/et_pb_row][\/et_pb_section][et_pb_section fb_built=&#8221;1&#8243; custom_padding_last_edited=&#8221;on|tablet&#8221; _builder_version=&#8221;4.27.0&#8243; _module_preset=&#8221;default&#8221; background_enable_color=&#8221;off&#8221; custom_margin=&#8221;0px||||false|false&#8221; custom_margin_tablet=&#8221;||||false|false&#8221; custom_margin_phone=&#8221;||||false|false&#8221; custom_margin_last_edited=&#8221;on|desktop&#8221; custom_padding=&#8221;0px||||false|false&#8221; custom_padding_tablet=&#8221;75px||||false|false&#8221; custom_padding_phone=&#8221;50px||||false|false&#8221; background_last_edited=&#8221;on|phone&#8221; use_background_color_gradient_tablet=&#8221;on&#8221; use_background_color_gradient_phone=&#8221;on&#8221; background_color_gradient_stops_tablet=&#8221;#f7f7f7 0%|#ffffff 100%&#8221; background_color_gradient_stops_phone=&#8221;#f7f7f7 0%|#ffffff 99%&#8221; global_colors_info=&#8221;{}&#8221;][et_pb_row column_structure=&#8221;2_5,3_5&#8243; make_equal=&#8221;on&#8221; _builder_version=&#8221;4.24.0&#8243; _module_preset=&#8221;default&#8221; animation_style=&#8221;slide&#8221; animation_direction=&#8221;bottom&#8221; global_colors_info=&#8221;{}&#8221;][et_pb_column type=&#8221;2_5&#8243; _builder_version=&#8221;4.24.0&#8243; _module_preset=&#8221;default&#8221; custom_css_main_element=&#8221;margin: auto;&#8221; global_colors_info=&#8221;{}&#8221;][et_pb_text _builder_version=&#8221;4.27.4&#8243; _module_preset=&#8221;default&#8221; text_font=&#8221;Montserrat||||||||&#8221; header_2_font=&#8221;Montserrat|700|||||||&#8221; header_2_line_height=&#8221;1.3em&#8221; custom_margin=&#8221;||25px||false|false&#8221; global_colors_info=&#8221;{}&#8221;]<\/p>\n<p>&nbsp;<\/p>\n<p><\/p>\n<p><span class=\"Apple-converted-space\">\u00a0<\/span>Urodzony w Cortega\u00e7a, w gminie Ovar, Orlando S\u00e1 zawsze wyr\u00f3\u017cnia\u0142 si\u0119 duchem s\u0142u\u017cby, zaanga\u017cowaniem obywatelskim oraz promowaniem rozwoju gospodarczego i spo\u0142ecznego regionu. Jego droga obejmuje dziesi\u0119ciolecia po\u015bwi\u0119cenia jako przedsi\u0119biorcy, urz\u0119dnika pa\u0144stwowego i filantropa, zawsze kierowanego silnym poczuciem celu i zaanga\u017cowania na rzecz swojej spo\u0142eczno\u015bci.<span class=\"Apple-converted-space\">\u00a0<\/span><\/p>\n<p><\/p>\n<p>To wyr\u00f3\u017cnienie jest \u017ar\u00f3d\u0142em wielkiej dumy dla wszystkich, kt\u00f3rzy szli u jego boku &#8211; pracownik\u00f3w, partner\u00f3w, rodziny, przyjaci\u00f3\u0142 i mieszka\u0144c\u00f3w Cortega\u00e7a &#8211; i jest \u015bwiadectwem wp\u0142ywu, jaki przyw\u00f3dztwo zaanga\u017cowane we wsp\u00f3lne dobro mo\u017ce mie\u0107 na \u017cycie spo\u0142eczno\u015bci.<span class=\"Apple-converted-space\">\u00a0<\/span><\/p>\n<p>[\/et_pb_text][\/et_pb_column][et_pb_column type=&#8221;3_5&#8243; _builder_version=&#8221;4.16&#8243; _module_preset=&#8221;default&#8221; global_colors_info=&#8221;{}&#8221;][et_pb_image src=&#8221;https:\/\/exporplas.pt\/wp-content\/uploads\/2025\/08\/Orlando_Sa_03.jpg&#8221; title_text=&#8221;Orlando_Sa_03&#8243; _builder_version=&#8221;4.27.4&#8243; _module_preset=&#8221;default&#8221; background_enable_color=&#8221;off&#8221; global_colors_info=&#8221;{}&#8221;][\/et_pb_image][\/et_pb_column][\/et_pb_row][\/et_pb_section][et_pb_section fb_built=&#8221;1&#8243; custom_padding_last_edited=&#8221;on|tablet&#8221; _builder_version=&#8221;4.27.0&#8243; _module_preset=&#8221;default&#8221; background_enable_color=&#8221;off&#8221; custom_margin=&#8221;0px||||false|false&#8221; custom_margin_tablet=&#8221;||||false|false&#8221; custom_margin_phone=&#8221;||||false|false&#8221; custom_margin_last_edited=&#8221;on|desktop&#8221; custom_padding=&#8221;0px||||false|false&#8221; custom_padding_tablet=&#8221;75px||||false|false&#8221; custom_padding_phone=&#8221;50px||||false|false&#8221; background_last_edited=&#8221;on|phone&#8221; use_background_color_gradient_tablet=&#8221;on&#8221; use_background_color_gradient_phone=&#8221;on&#8221; background_color_gradient_stops_tablet=&#8221;#f7f7f7 0%|#ffffff 100%&#8221; background_color_gradient_stops_phone=&#8221;#f7f7f7 0%|#ffffff 99%&#8221; global_colors_info=&#8221;{}&#8221;][et_pb_row column_structure=&#8221;3_5,2_5&#8243; make_equal=&#8221;on&#8221; _builder_version=&#8221;4.24.0&#8243; _module_preset=&#8221;default&#8221; animation_style=&#8221;slide&#8221; animation_direction=&#8221;bottom&#8221; global_colors_info=&#8221;{}&#8221;][et_pb_column type=&#8221;3_5&#8243; _builder_version=&#8221;4.16&#8243; _module_preset=&#8221;default&#8221; global_colors_info=&#8221;{}&#8221;][et_pb_image src=&#8221;https:\/\/exporplas.pt\/wp-content\/uploads\/2025\/08\/Orlando_Sa_04.jpg&#8221; title_text=&#8221;Orlando_Sa_04&#8243; _builder_version=&#8221;4.27.4&#8243; _module_preset=&#8221;default&#8221; background_enable_color=&#8221;off&#8221; global_colors_info=&#8221;{}&#8221;][\/et_pb_image][\/et_pb_column][et_pb_column type=&#8221;2_5&#8243; _builder_version=&#8221;4.24.0&#8243; _module_preset=&#8221;default&#8221; custom_css_main_element=&#8221;margin: auto;&#8221; global_colors_info=&#8221;{}&#8221;][et_pb_text _builder_version=&#8221;4.27.4&#8243; _module_preset=&#8221;default&#8221; text_font=&#8221;Montserrat||||||||&#8221; header_2_font=&#8221;Montserrat|700|||||||&#8221; header_2_line_height=&#8221;1.3em&#8221; global_colors_info=&#8221;{}&#8221;]<\/p>\n<p>&nbsp;<\/p>\n<p><\/p>\n<p><span class=\"Apple-converted-space\">\u00a0<\/span>Otrzymanie tytu\u0142u Komandora Orderu Zas\u0142ugi jest oficjalnym potwierdzeniem tego, co od dawna jest doceniane przez wielu: jego przyk\u0142ad uczciwo\u015bci, po\u015bwi\u0119cenia i cz\u0142owiecze\u0144stwa.<span class=\"Apple-converted-space\">\u00a0<\/span><\/p>\n<p><\/p>\n<p>Exporpl\u00e1s gratuluje swojemu za\u0142o\u017cycielowi i wyra\u017ca najg\u0142\u0119bsz\u0105 wdzi\u0119czno\u015b\u0107 za dziedzictwo, kt\u00f3re nadal buduje.<\/p>\n<p><\/p>\n<p><b>Gratulujemy i dzi\u0119kujemy, Komandorze Orlando S\u00e1.<span class=\"Apple-converted-space\">\u00a0<\/span><\/b><\/p>\n<p>[\/et_pb_text][\/et_pb_column][\/et_pb_row][\/et_pb_section]<\/p>\n","protected":false},"excerpt":{"rendered":"<p>Komandorem Orderu Zas\u0142ugiZa\u0142o\u017cyciel Grupy Exporpl\u00e1s odznaczony Komandorem Orderu Zas\u0142ugi.&nbsp;\u00a028 lipca Orlando S\u00e1, za\u0142o\u017cyciel i Prezes Grupy Exporpl\u00e1s, zosta\u0142 uhonorowany jednym z najwy\u017cszych odznacze\u0144 przyznawanych przez pa\u0144stwo portugalskie: Komandorem Orderu Zas\u0142ugi.\u00a0Odznaczenie zosta\u0142o wr\u0119czone przez Jego Ekscelencj\u0119 Prezydenta Republiki, profesora Marcelo Rebelo de Sousa, podczas ceremonii, kt\u00f3ra uczci\u0142a niezwyk\u0142\u0105 podr\u00f3\u017c cz\u0142owieka g\u0142\u0119boko zwi\u0105zanego z ojczyzn\u0105 i rozwojem kraju.\u00a0&nbsp;\u00a0Urodzony w Cortega\u00e7a, w gminie Ovar, Orlando S\u00e1 zawsze wyr\u00f3\u017cnia\u0142 si\u0119 duchem s\u0142u\u017cby, zaanga\u017cowaniem obywatelskim oraz promowaniem rozwoju gospodarczego i spo\u0142ecznego regionu. Jego droga obejmuje dziesi\u0119ciolecia po\u015bwi\u0119cenia jako przedsi\u0119biorcy, urz\u0119dnika pa\u0144stwowego i filantropa, zawsze kierowanego silnym poczuciem celu i zaanga\u017cowania na rzecz swojej spo\u0142eczno\u015bci.\u00a0To wyr\u00f3\u017cnienie jest \u017ar\u00f3d\u0142em wielkiej dumy dla wszystkich, kt\u00f3rzy szli u jego boku &#8211; pracownik\u00f3w, partner\u00f3w, rodziny, przyjaci\u00f3\u0142 i mieszka\u0144c\u00f3w Cortega\u00e7a &#8211; i jest \u015bwiadectwem wp\u0142ywu, jaki przyw\u00f3dztwo zaanga\u017cowane we wsp\u00f3lne dobro mo\u017ce mie\u0107 na \u017cycie spo\u0142eczno\u015bci.\u00a0&nbsp;\u00a0Otrzymanie tytu\u0142u Komandora Orderu Zas\u0142ugi jest oficjalnym potwierdzeniem tego, co od dawna jest doceniane przez wielu: jego przyk\u0142ad uczciwo\u015bci, po\u015bwi\u0119cenia i cz\u0142owiecze\u0144stwa.\u00a0Exporpl\u00e1s gratuluje swojemu za\u0142o\u017cycielowi i wyra\u017ca najg\u0142\u0119bsz\u0105 wdzi\u0119czno\u015b\u0107 za dziedzictwo, kt\u00f3re nadal buduje.Gratulujemy i dzi\u0119kujemy, Komandorze Orlando S\u00e1.\u00a0<\/p>\n","protected":false},"author":2,"featured_media":0,"parent":0,"menu_order":0,"comment_status":"closed","ping_status":"closed","template":"","meta":{"_et_pb_use_builder":"on","_et_pb_old_content":"","_et_gb_content_width":"","footnotes":""},"class_list":["post-237203","page","type-page","status-publish","hentry"],"_links":{"self":[{"href":"https:\/\/exporplas.pt\/pl\/wp-json\/wp\/v2\/pages\/237203","targetHints":{"allow":["GET"]}}],"collection":[{"href":"https:\/\/exporplas.pt\/pl\/wp-json\/wp\/v2\/pages"}],"about":[{"href":"https:\/\/exporplas.pt\/pl\/wp-json\/wp\/v2\/types\/page"}],"author":[{"embeddable":true,"href":"https:\/\/exporplas.pt\/pl\/wp-json\/wp\/v2\/users\/2"}],"replies":[{"embeddable":true,"href":"https:\/\/exporplas.pt\/pl\/wp-json\/wp\/v2\/comments?post=237203"}],"version-history":[{"count":7,"href":"https:\/\/exporplas.pt\/pl\/wp-json\/wp\/v2\/pages\/237203\/revisions"}],"predecessor-version":[{"id":237226,"href":"https:\/\/exporplas.pt\/pl\/wp-json\/wp\/v2\/pages\/237203\/revisions\/237226"}],"wp:attachment":[{"href":"https:\/\/exporplas.pt\/pl\/wp-json\/wp\/v2\/media?parent=237203"}],"curies":[{"name":"wp","href":"https:\/\/api.w.org\/{rel}","templated":true}]}}