{"id":236894,"date":"2025-04-08T12:03:32","date_gmt":"2025-04-08T12:03:32","guid":{"rendered":"https:\/\/manage.exporplas\/politica-sui-cookie\/"},"modified":"2025-04-08T12:31:43","modified_gmt":"2025-04-08T12:31:43","slug":"polityka-cookies","status":"publish","type":"page","link":"https:\/\/exporplas.pt\/pl\/polityka-cookies\/","title":{"rendered":"Polityka Cookies"},"content":{"rendered":"<p>[et_pb_section fb_built=&#8221;1&#8243; _builder_version=&#8221;4.27.4&#8243; _module_preset=&#8221;default&#8221; global_colors_info=&#8221;{}&#8221;][et_pb_row _builder_version=&#8221;4.27.4&#8243; _module_preset=&#8221;default&#8221; global_colors_info=&#8221;{}&#8221;][et_pb_column type=&#8221;4_4&#8243; _builder_version=&#8221;4.27.4&#8243; _module_preset=&#8221;default&#8221; global_colors_info=&#8221;{}&#8221;][et_pb_code _builder_version=&#8221;4.27.4&#8243; _module_preset=&#8221;default&#8221; global_colors_info=&#8221;{}&#8221;]<!-- [et_pb_line_break_holder] --><\/p>\n<h2>Exporpl\u00e1s \u2013 Przemys\u0142 Eksportu Tworzyw Sztucznych, S.A. Polityka Cookies<\/h2>\n<p><!-- [et_pb_line_break_holder] --><pee>Data wej\u015bcia w \u017cycie: 8 kwietnia 2025<\/pee><!-- [et_pb_line_break_holder] --><pee>U\u017cywamy plik\u00f3w cookie, aby poprawi\u0107 Twoje do\u015bwiadczenia na naszej stronie internetowej pod adresem <a href=\"https:\/\/exporplas.pt\/pl\/\">https:\/\/exporplas.pt<\/a>. Ta polityka cookies jest cz\u0119\u015bci\u0105 polityki prywatno\u015bci Exporpl\u00e1s \u2013 Przemys\u0142 Eksportu Tworzyw Sztucznych, S.A. Dotyczy ona u\u017cycia plik\u00f3w cookie mi\u0119dzy Twoim urz\u0105dzeniem a nasz\u0105 stron\u0105.<\/pee><!-- [et_pb_line_break_holder] --><pee>Dostarczamy r\u00f3wnie\u017c podstawowe informacje o us\u0142ugach os\u00f3b trzecich, kt\u00f3re mo\u017cemy wykorzystywa\u0107 i kt\u00f3re mog\u0105 r\u00f3wnie\u017c korzysta\u0107 z plik\u00f3w cookie jako cz\u0119\u015bci swoich us\u0142ug. Ta polityka nie obejmuje ich plik\u00f3w cookie.<\/pee><!-- [et_pb_line_break_holder] --><pee>Je\u015bli nie chcesz akceptowa\u0107 plik\u00f3w cookie od nas, powiniene\u015b poinstruowa\u0107 swoj\u0105 przegl\u0105dark\u0119, aby odrzuci\u0142a pliki cookie z <a href=\"https:\/\/exporplas.pt\/pl\/\">https:\/\/exporplas.pt<\/a>. W takim przypadku mo\u017cemy by\u0107 niezdolni do dostarczenia Ci niekt\u00f3rych po\u017c\u0105danych tre\u015bci i us\u0142ug.<\/pee><!-- [et_pb_line_break_holder] --><!-- --><!-- [et_pb_line_break_holder] --><\/p>\n<h3>Czym jest plik cookie?<\/h3>\n<p><!-- [et_pb_line_break_holder] --><pee>Plik cookie to ma\u0142y fragment danych, kt\u00f3ry strona internetowa przechowuje na Twoim urz\u0105dzeniu podczas wizyty. Zwykle zawiera informacje o samej stronie internetowej, unikalny identyfikator umo\u017cliwiaj\u0105cy rozpoznanie Twojej przegl\u0105darki internetowej przy powrocie, dodatkowe dane s\u0142u\u017c\u0105ce celom pliku cookie oraz czas \u017cycia samego pliku cookie.<\/pee><!-- [et_pb_line_break_holder] --><pee>Pliki cookie s\u0105 u\u017cywane do umo\u017cliwienia okre\u015blonych funkcji (np. logowanie), \u015bledzenia u\u017cycia strony (np. analizy), przechowywania ustawie\u0144 u\u017cytkownika (np. strefa czasowa, preferencje powiadomie\u0144) oraz personalizacji tre\u015bci (np. reklama, j\u0119zyk).<\/pee><!-- [et_pb_line_break_holder] --><pee>Pliki cookie ustawione przez odwiedzan\u0105 stron\u0119 zazwyczaj nazywane s\u0105 pierwszoosobowymi plikami cookie. Zwykle \u015bledz\u0105 tylko Twoj\u0105 aktywno\u015b\u0107 na danej stronie.<\/pee><!-- [et_pb_line_break_holder] --><pee>Pliki cookie ustawione przez inne strony i firmy (tj. osoby trzecie) nazywane s\u0105 plikami cookie os\u00f3b trzecich. Mog\u0105 by\u0107 u\u017cywane do \u015bledzenia Twojej aktywno\u015bci na innych stronach internetowych, kt\u00f3re korzystaj\u0105 z tej samej us\u0142ugi os\u00f3b trzecich.<\/pee><!-- [et_pb_line_break_holder] --><!-- --><!-- [et_pb_line_break_holder] --><\/p>\n<h3>Rodzaje plik\u00f3w cookie i ich zastosowanie<\/h3>\n<p><!-- [et_pb_line_break_holder] --><\/p>\n<h4>Podstawowe pliki cookie<\/h4>\n<p><!-- [et_pb_line_break_holder] --><pee>Podstawowe pliki cookie s\u0105 kluczowe dla Twojego do\u015bwiadczenia na stronie internetowej, umo\u017cliwiaj\u0105c podstawowe funkcje, takie jak logowanie u\u017cytkownika, zarz\u0105dzanie kontem, koszyki zakupowe i przetwarzanie p\u0142atno\u015bci.<\/pee><!-- [et_pb_line_break_holder] --><pee>U\u017cywamy podstawowych plik\u00f3w cookie do w\u0142\u0105czenia niekt\u00f3rych funkcji na naszej stronie internetowej.<\/pee><!-- [et_pb_line_break_holder] --><\/p>\n<h4>Pliki cookie wydajno\u015bci<\/h4>\n<p><!-- [et_pb_line_break_holder] --><pee>Pliki cookie wydajno\u015bci \u015bledz\u0105 spos\u00f3b korzystania z witryny podczas wizyty. Zwykle informacje te s\u0105 anonimowe i agregowane, a dane s\u0105 zbierane od wszystkich u\u017cytkownik\u00f3w strony. Pomagaj\u0105 one firmom zrozumie\u0107 wzorce u\u017cycia przez odwiedzaj\u0105cych, identyfikowa\u0107 i diagnozowa\u0107 problemy lub b\u0142\u0119dy, kt\u00f3re mog\u0105 napotka\u0107 ich u\u017cytkownicy oraz podejmowa\u0107 lepsze decyzje strategiczne w celu poprawy og\u00f3lnego do\u015bwiadczenia u\u017cytkownik\u00f3w na stronie. Te pliki cookie mog\u0105 by\u0107 ustawione przez odwiedzan\u0105 stron\u0119 (pliki pierwszoosobowe) lub przez us\u0142ugi os\u00f3b trzecich. Nie zbieraj\u0105 one danych osobowych o Tobie.<\/pee><!-- [et_pb_line_break_holder] --><pee>U\u017cywamy plik\u00f3w cookie wydajno\u015bci na naszej stronie.<\/pee><!-- [et_pb_line_break_holder] --><\/p>\n<h4>Funkcjonalne pliki cookie<\/h4>\n<p><!-- [et_pb_line_break_holder] --><pee>Funkcjonalne pliki cookie s\u0142u\u017c\u0105 do zbierania informacji o Twoim urz\u0105dzeniu oraz wszelkich ustawieniach, kt\u00f3re mo\u017cesz skonfigurowa\u0107 na odwiedzanej stronie (takich jak ustawienia j\u0119zyka i strefy czasowej). Dzi\u0119ki tym informacjom strony internetowe mog\u0105 zapewni\u0107 Ci spersonalizowane, ulepszone lub zoptymalizowane tre\u015bci i us\u0142ugi. Te pliki cookie mog\u0105 by\u0107 ustawione przez odwiedzan\u0105 stron\u0119 (pliki pierwszoosobowe) lub przez us\u0142ugi os\u00f3b trzecich.<\/pee><!-- [et_pb_line_break_holder] --><pee>U\u017cywamy funkcjonalnych plik\u00f3w cookie do wybranych funkcji na naszej stronie.<\/pee><!-- [et_pb_line_break_holder] --><\/p>\n<h4>Pliki cookie do targetowania\/reklamowe<\/h4>\n<p><!-- [et_pb_line_break_holder] --><pee>Pliki cookie do targetowania\/reklamowe pomagaj\u0105 okre\u015bli\u0107, jaka tre\u015b\u0107 promocyjna jest dla Ciebie najbardziej odpowiednia i interesuj\u0105ca. Strony internetowe mog\u0105 ich u\u017cywa\u0107 do dostarczania reklam skierowanych do konkretnych u\u017cytkownik\u00f3w lub ograniczenia liczby razy, kiedy zobaczysz dan\u0105 reklam\u0119. Pomaga to firmom poprawi\u0107 skuteczno\u015b\u0107 ich kampanii oraz jako\u015b\u0107 tre\u015bci prezentowanych Tobie. Te pliki cookie mog\u0105 by\u0107 ustawione przez odwiedzan\u0105 stron\u0119 (pliki pierwszoosobowe) lub przez us\u0142ugi os\u00f3b trzecich. Pliki cookie do targetowania\/reklamowe ustawione przez osoby trzecie mog\u0105 by\u0107 u\u017cywane do \u015bledzenia Twojej aktywno\u015bci na innych stronach internetowych korzystaj\u0105cych z tej samej us\u0142ugi.<\/pee><!-- [et_pb_line_break_holder] --><pee>U\u017cywamy plik\u00f3w cookie do targetowania\/reklamowych na naszej stronie.<\/pee><!-- [et_pb_line_break_holder] --><!-- --><!-- [et_pb_line_break_holder] --><\/p>\n<h3>Jak mo\u017cesz kontrolowa\u0107 u\u017cycie plik\u00f3w cookie na naszej stronie?<\/h3>\n<p><!-- [et_pb_line_break_holder] --><pee>Masz prawo zdecydowa\u0107, czy zaakceptowa\u0107, czy odrzuci\u0107 pliki cookie na naszej stronie. Mo\u017cesz zarz\u0105dza\u0107 swoimi preferencjami dotycz\u0105cymi plik\u00f3w cookie w naszym Mened\u017cerze Zgody na Pliki Cookie. Mened\u017cer Zgody na Pliki Cookie pozwala Ci wybra\u0107, kt\u00f3re kategorie plik\u00f3w cookie akceptujesz lub odrzucasz. Podstawowych plik\u00f3w cookie nie mo\u017cna odrzuci\u0107, poniewa\u017c s\u0105 one niezb\u0119dne do \u015bwiadczenia us\u0142ug na naszej stronie.<\/pee><!-- [et_pb_line_break_holder] --><pee>Mog\u0105 r\u00f3wnie\u017c istnie\u0107 mo\u017cliwo\u015bci ustawienia lub zmiany preferencji dotycz\u0105cych plik\u00f3w cookie poprzez zarz\u0105dzanie ustawieniami przegl\u0105darki internetowej. Poniewa\u017c ka\u017cda przegl\u0105darka internetowa jest inna, prosimy o zapoznanie si\u0119 z instrukcjami dostarczonymi przez Twoj\u0105 przegl\u0105dark\u0119 (zazwyczaj w sekcji &#8222;pomoc&#8221;). Je\u015bli zdecydujesz si\u0119 odm\u00f3wi\u0107 lub wy\u0142\u0105czy\u0107 pliki cookie, nadal mo\u017cesz korzysta\u0107 ze strony, chocia\u017c niekt\u00f3re funkcje witryny mog\u0105 by\u0107 dla Ciebie niedost\u0119pne.<\/pee><!-- [et_pb_line_break_holder] --><!-- --><!-- [et_pb_line_break_holder] --><\/p>\n<h3>Jak cz\u0119sto b\u0119dziemy aktualizowa\u0107 t\u0119 Polityk\u0119 Cookies?<\/h3>\n<p><!-- [et_pb_line_break_holder] --><pee>Mo\u017cemy od czasu do czasu aktualizowa\u0107 t\u0119 Polityk\u0119 Cookies, aby odzwierciedli\u0107 wszelkie zmiany dotycz\u0105ce plik\u00f3w cookie i powi\u0105zanych technologii, kt\u00f3re wykorzystujemy, lub z innych powod\u00f3w operacyjnych, prawnych czy regulacyjnych.<\/pee><!-- [et_pb_line_break_holder] --><pee>Za ka\u017cdym razem, gdy korzystasz z naszej strony internetowej, obowi\u0105zuje aktualna wersja Polityki Cookies. Korzystaj\u0105c z naszej strony internetowej, powiniene\u015b sprawdzi\u0107 dat\u0119 tej Polityki Cookies (kt\u00f3ra znajduje si\u0119 na g\u00f3rze tego dokumentu) i zapozna\u0107 si\u0119 z wszelkimi zmianami od ostatniej wersji.<\/pee><!-- [et_pb_line_break_holder] --><!-- --><!-- [et_pb_line_break_holder] --><\/p>\n<h3>Gdzie mo\u017cesz uzyska\u0107 dodatkowe informacje?<\/h3>\n<p><!-- [et_pb_line_break_holder] --><pee>W przypadku jakichkolwiek pyta\u0144 lub w\u0105tpliwo\u015bci dotycz\u0105cych naszej Polityki Cookies, mo\u017cesz skontaktowa\u0107 si\u0119 z nami za pomoc\u0105 nast\u0119puj\u0105cych danych:<\/pee><!-- [et_pb_line_break_holder] --><pee>Exporpl\u00e1s &#8211; Ind\u00fastria De Exporta\u00e7\u00e3o De Pl\u00e1sticos, S.A.<!\u2013- [et_pb_br_holder] -\u2013><!-- [et_pb_line_break_holder] -->R. dos Sobrais 89, 3885-307 Cortega\u00e7a<!\u2013- [et_pb_br_holder] -\u2013><!-- [et_pb_line_break_holder] -->info@exporplas.pt<\/pee><!-- [et_pb_line_break_holder] -->[\/et_pb_code][\/et_pb_column][\/et_pb_row][\/et_pb_section]<\/p>\n","protected":false},"excerpt":{"rendered":"","protected":false},"author":0,"featured_media":0,"parent":0,"menu_order":0,"comment_status":"closed","ping_status":"closed","template":"","meta":{"_et_pb_use_builder":"on","_et_pb_old_content":"","_et_gb_content_width":"","footnotes":""},"class_list":["post-236894","page","type-page","status-publish","hentry"],"_links":{"self":[{"href":"https:\/\/exporplas.pt\/pl\/wp-json\/wp\/v2\/pages\/236894","targetHints":{"allow":["GET"]}}],"collection":[{"href":"https:\/\/exporplas.pt\/pl\/wp-json\/wp\/v2\/pages"}],"about":[{"href":"https:\/\/exporplas.pt\/pl\/wp-json\/wp\/v2\/types\/page"}],"replies":[{"embeddable":true,"href":"https:\/\/exporplas.pt\/pl\/wp-json\/wp\/v2\/comments?post=236894"}],"version-history":[{"count":10,"href":"https:\/\/exporplas.pt\/pl\/wp-json\/wp\/v2\/pages\/236894\/revisions"}],"predecessor-version":[{"id":236910,"href":"https:\/\/exporplas.pt\/pl\/wp-json\/wp\/v2\/pages\/236894\/revisions\/236910"}],"wp:attachment":[{"href":"https:\/\/exporplas.pt\/pl\/wp-json\/wp\/v2\/media?parent=236894"}],"curies":[{"name":"wp","href":"https:\/\/api.w.org\/{rel}","templated":true}]}}