{"id":236052,"date":"2024-10-04T14:40:47","date_gmt":"2024-10-04T14:40:47","guid":{"rendered":"https:\/\/manage.exporplas\/25-focus-prime\/"},"modified":"2024-10-04T14:53:18","modified_gmt":"2024-10-04T14:53:18","slug":"25-focus-prime","status":"publish","type":"page","link":"https:\/\/exporplas.pt\/pl\/obszary-dzialalnosci\/rolnictwo\/siatka-do-owijania-bel\/25-focus-range\/25-focus-prime\/","title":{"rendered":"25 FOCUS PRIME"},"content":{"rendered":"<p>[et_pb_section fb_built=&#8221;1&#8243; _builder_version=&#8221;4.16&#8243; _module_preset=&#8221;1aa77664-506e-4896-aba7-807e7db78016&#8243; locked=&#8221;off&#8221; global_colors_info=&#8221;{}&#8221;][et_pb_row _builder_version=&#8221;4.16&#8243; _module_preset=&#8221;default&#8221; max_width=&#8221;1230px&#8221; custom_margin=&#8221;||||false|false&#8221; custom_padding=&#8221;0px||0px||false|false&#8221; global_colors_info=&#8221;{}&#8221;][et_pb_column type=&#8221;4_4&#8243; _builder_version=&#8221;4.16&#8243; _module_preset=&#8221;default&#8221; global_colors_info=&#8221;{}&#8221;][dsm_breadcrumbs _builder_version=&#8221;4.16&#8243; _module_preset=&#8221;7726ac8d-7222-46bd-8a73-3088c2807996&#8243; global_colors_info=&#8221;{}&#8221;][\/dsm_breadcrumbs][\/et_pb_column][\/et_pb_row][\/et_pb_section][et_pb_section fb_built=&#8221;1&#8243; admin_label=&#8221;produto&#8221; _builder_version=&#8221;4.25.0&#8243; _module_preset=&#8221;default&#8221; background_color=&#8221;#000000&#8243; z_index=&#8221;3&#8243; custom_padding=&#8221;0px||||false|false&#8221; global_colors_info=&#8221;{}&#8221;][et_pb_row disabled_on=&#8221;on|off|off&#8221; _builder_version=&#8221;4.25.0&#8243; _module_preset=&#8221;default&#8221; global_colors_info=&#8221;{}&#8221;][et_pb_column type=&#8221;4_4&#8243; _builder_version=&#8221;4.16&#8243; _module_preset=&#8221;default&#8221; global_colors_info=&#8221;{}&#8221;][et_pb_text _builder_version=&#8221;4.25.0&#8243; _module_preset=&#8221;default&#8221; text_font=&#8221;Montserrat|600|||||||&#8221; text_text_color=&#8221;#E02B20&#8243; text_font_size=&#8221;19px&#8221; text_orientation=&#8221;center&#8221; global_colors_info=&#8221;{}&#8221;]<\/p>\n<p>ROLNICTWO | 25 FOCUS PRIME<\/p>\n<p>[\/et_pb_text][et_pb_divider color=&#8221;#cccccc&#8221; divider_weight=&#8221;1px&#8221; _builder_version=&#8221;4.16&#8243; _module_preset=&#8221;default&#8221; z_index=&#8221;1&#8243; width=&#8221;250px&#8221; module_alignment=&#8221;center&#8221; locked=&#8221;off&#8221; global_colors_info=&#8221;{}&#8221;][\/et_pb_divider][et_pb_divider color=&#8221;#E02B20&#8243; divider_weight=&#8221;4px&#8221; _builder_version=&#8221;4.25.0&#8243; _module_preset=&#8221;default&#8221; z_index=&#8221;1&#8243; width=&#8221;95px&#8221; module_alignment=&#8221;center&#8221; custom_margin=&#8221;-54px||||false|false&#8221; custom_padding=&#8221;0px||||false|false&#8221; locked=&#8221;off&#8221; global_colors_info=&#8221;{}&#8221;][\/et_pb_divider][\/et_pb_column][\/et_pb_row][\/et_pb_section][et_pb_section fb_built=&#8221;1&#8243; module_id=&#8221;produkt        &#8221; _builder_version=&#8221;4.25.0&#8243; _module_preset=&#8221;default&#8221; background_color=&#8221;#000000&#8243; z_index=&#8221;3&#8243; custom_margin=&#8221;||||false|false&#8221; custom_margin_tablet=&#8221;||180px||false|false&#8221; custom_margin_phone=&#8221;||170px||false|false&#8221; custom_margin_last_edited=&#8221;off|desktop&#8221; custom_padding=&#8221;0px||||false|false&#8221; hover_enabled=&#8221;0&#8243; global_colors_info=&#8221;{}&#8221; sticky_enabled=&#8221;0&#8243;][et_pb_row column_structure=&#8221;1_2,1_2&#8243; _builder_version=&#8221;4.16&#8243; _module_preset=&#8221;default&#8221; global_colors_info=&#8221;{}&#8221;][et_pb_column type=&#8221;1_2&#8243; _builder_version=&#8221;4.16&#8243; _module_preset=&#8221;default&#8221; global_colors_info=&#8221;{}&#8221;][et_pb_text _builder_version=&#8221;4.25.0&#8243; _module_preset=&#8221;default&#8221; text_font=&#8221;Montserrat|300|||||||&#8221; text_text_color=&#8221;#FFFFFF&#8221; text_font_size=&#8221;45px&#8221; header_3_font=&#8221;Montserrat|600|||||||&#8221; header_3_text_color=&#8221;#FFFFFF&#8221; header_3_font_size=&#8221;45px&#8221; global_colors_info=&#8221;{}&#8221;]<\/p>\n<h3>SIATKA DO BEL<\/h3>\n<p><strong>25 FOCUS<\/strong> PRIME<\/p>\n<p>[\/et_pb_text][et_pb_text _builder_version=&#8221;4.25.0&#8243; _module_preset=&#8221;default&#8221; text_text_color=&#8221;#FFFFFF&#8221; global_colors_info=&#8221;{}&#8221;]<\/p>\n<p>Odkryj seri\u0119 <strong>Focus 25<\/strong>, stworzon\u0105, aby sprosta\u0107 wymaganiom tych, kt\u00f3rzy szukaj\u0105 trwa\u0142o\u015bci, niezawodno\u015bci i doskona\u0142o\u015bci w rozwi\u0105zaniach do owijania siatk\u0105.<\/p>\n<p><strong>Dzi\u0119ki zastosowaniu grubszych w\u0105tk\u00f3w, solidnej tekstury i strategicznie rozmieszczonych \u0142a\u0144cuszk\u00f3w, nasza seria siatek premium oferuje wyj\u0105tkow\u0105 odporno\u015b\u0107 na najtrudniejsze warunki<\/strong>.<\/p>\n<p>Zaprojektowana z najwy\u017cszej jako\u015bci materia\u0142\u00f3w, zapewnia niezr\u00f3wnan\u0105 wydajno\u015b\u0107, zapewniaj\u0105c najwy\u017csz\u0105 ochron\u0119 bel.<\/p>\n<p>Aby uzyska\u0107 wi\u0119ksz\u0105 wytrzyma\u0142o\u015b\u0107 i wydajno\u015b\u0107, warto rozwa\u017cy\u0107 <b>Focus 25 Prime<\/b>.<span class=\"Apple-converted-space\">\u00a0<\/span>Ta siatka oferuje doskona\u0142\u0105 wytrzyma\u0142o\u015b\u0107 na zerwanie i zapewnia optymalne pokrycie beli oraz zapewnia doskona\u0142e ci\u0119cie. <span class=\"Apple-converted-space\">\u00a0<\/span><\/p>\n<p><strong>Znajduj\u0105ca si\u0119 w \u015bredniej cenie, Focus 25 Prime zapewnia r\u00f3wnowag\u0119 mi\u0119dzy przyst\u0119pn\u0105 cen\u0105 a wzmocnion\u0105 trwa\u0142o\u015bci\u0105.<\/strong><\/p>\n<p>&nbsp;<\/p>\n<p>Wyprodukowana przez OMNICOR, sp\u00f3\u0142k\u0119 nale\u017c\u0105c\u0105 do Grupy EXPORPL\u00c1S.<\/p>\n<p>[\/et_pb_text][\/et_pb_column][et_pb_column type=&#8221;1_2&#8243; _builder_version=&#8221;4.16&#8243; _module_preset=&#8221;default&#8221; global_colors_info=&#8221;{}&#8221;][et_pb_image src=&#8221;https:\/\/exporplas.pt\/wp-content\/uploads\/2024\/05\/FOCUS_25_prime_image.png&#8221; title_text=&#8221;FOCUS_25_prime_image&#8221; _builder_version=&#8221;4.25.0&#8243; _module_preset=&#8221;default&#8221; animation_style=&#8221;slide&#8221; animation_direction=&#8221;right&#8221; hover_enabled=&#8221;0&#8243; global_colors_info=&#8221;{}&#8221; sticky_enabled=&#8221;0&#8243;][\/et_pb_image][\/et_pb_column][\/et_pb_row][et_pb_row disabled_on=&#8221;off|off|off&#8221; _builder_version=&#8221;4.16&#8243; _module_preset=&#8221;default&#8221; locked=&#8221;off&#8221; global_colors_info=&#8221;{}&#8221;][et_pb_column type=&#8221;4_4&#8243; _builder_version=&#8221;4.16&#8243; _module_preset=&#8221;default&#8221; global_colors_info=&#8221;{}&#8221;][et_pb_text _builder_version=&#8221;4.16&#8243; _module_preset=&#8221;default&#8221; locked=&#8221;off&#8221; global_colors_info=&#8221;{}&#8221;]<\/p>\n<p><span style=\"text-decoration: underline;\"><strong><a href=\"mailto:info@exporplas.pt\">Aby uzyska\u0107 wi\u0119cej informacji, prosimy o kontakt.<\/a><\/strong><\/span><\/p>\n<p>[\/et_pb_text][et_pb_button button_url=&#8221;@ET-DC@eyJkeW5hbWljIjp0cnVlLCJjb250ZW50IjoicG9zdF9saW5rX3VybF9wYWdlIiwic2V0dGluZ3MiOnsicG9zdF9pZCI6IjIzNDM0NSJ9fQ==@&#8221; button_text=&#8221; WSTECZ        &#8221; _builder_version=&#8221;4.25.0&#8243; _dynamic_attributes=&#8221;button_url&#8221; _module_preset=&#8221;default&#8221; custom_button=&#8221;on&#8221; button_text_size=&#8221;9px&#8221; button_text_color=&#8221;#ffffff&#8221; button_bg_color=&#8221;#6caf3f&#8221; button_border_width=&#8221;10px&#8221; button_border_color=&#8221;rgba(47,56,84,0)&#8221; button_border_radius=&#8221;60px&#8221; button_letter_spacing=&#8221;1px&#8221; button_font=&#8221;|700||on|||||&#8221; button_use_icon=&#8221;off&#8221; animation_style=&#8221;fade&#8221; locked=&#8221;off&#8221; global_colors_info=&#8221;{}&#8221; button_border_radius__hover=&#8221;66px&#8221; button_border_radius__hover_enabled=&#8221;on&#8221; button_letter_spacing__hover=&#8221;1px&#8221; button_letter_spacing__hover_enabled=&#8221;on&#8221;][\/et_pb_button][\/et_pb_column][\/et_pb_row][\/et_pb_section]<\/p>\n","protected":false},"excerpt":{"rendered":"<p><div class=\"et_pb_module dsm_breadcrumbs dsm_breadcrumbs_0\">\n\t\t\t\t\n\t\t\t\t\n\t\t\t\t\n\t\t\t\t\n\t\t\t\t\n\t\t\t\t\n\t\t\t\t<div class=\"et_pb_module_inner\">\n\t\t\t\t\t<nav class=\"dsm_breadcrumbs_wrap\">\n\t\t\t\t<ul class=\"dsm_breadcrumbs\" itemscope itemtype=\"https:\/\/schema.org\/BreadcrumbList\">\t\t\t<li class=\"dsm_breadcrumbs_item dsm_home_item dsm_home_item_custom\" itemprop=\"itemListElement\" itemscope\n\t\t\titemtype=\"https:\/\/schema.org\/ListItem\">\n\t\t\t\t<a href=\"https:\/\/exporplas.pt\/pl\/\" itemprop=\"item\" target=\"\">\n\t\t\t\t\t<span class='dsm_home_text_wrapper'>\n\t\t\t\t\t\t\t\t\t\t\t\t\t<span class=\"et-pb-icon dsm_home_icon\">\ue009<\/span>\n\t\t\t\t\t\t\t\t\t\t\t\t\t<span class=\"dsm_home_text\" itemprop=\"name\">\n\t\t\t\t\t\t\t\t \t\t\t\t\t\t\t<\/span>\n\t\t\t\t\t<\/span>\n\t\t\t\t<\/a>\n\t\t\t\t<meta itemprop=\"position\" content=\"1\" \/>\n\t\t\t<\/li>\n\n\t\t<li class=\"dsm_breadcrumbs_separator\"> <span class=\"et-pb-icon dsm_separator_icon\">5<\/span><\/li><\/ul>\n\t\t\t<\/nav>\n\t\t\t\t<\/div>\n\t\t\t<\/div>ROLNICTWO | 25 FOCUS PRIMESIATKA DO BEL 25 FOCUS PRIMEOdkryj seri\u0119 Focus 25, stworzon\u0105, aby sprosta\u0107 wymaganiom tych, kt\u00f3rzy szukaj\u0105 trwa\u0142o\u015bci, niezawodno\u015bci i doskona\u0142o\u015bci w rozwi\u0105zaniach do owijania siatk\u0105. Dzi\u0119ki zastosowaniu grubszych w\u0105tk\u00f3w, solidnej tekstury i strategicznie rozmieszczonych \u0142a\u0144cuszk\u00f3w, nasza seria siatek premium oferuje wyj\u0105tkow\u0105 odporno\u015b\u0107 na najtrudniejsze warunki. Zaprojektowana z najwy\u017cszej jako\u015bci materia\u0142\u00f3w, zapewnia niezr\u00f3wnan\u0105 wydajno\u015b\u0107, zapewniaj\u0105c najwy\u017csz\u0105 ochron\u0119 bel. Aby uzyska\u0107 wi\u0119ksz\u0105 wytrzyma\u0142o\u015b\u0107 i wydajno\u015b\u0107, warto rozwa\u017cy\u0107 Focus 25 Prime.\u00a0Ta siatka oferuje doskona\u0142\u0105 wytrzyma\u0142o\u015b\u0107 na zerwanie i zapewnia optymalne pokrycie beli oraz zapewnia doskona\u0142e ci\u0119cie. \u00a0 Znajduj\u0105ca si\u0119 w \u015bredniej cenie, Focus 25 Prime zapewnia r\u00f3wnowag\u0119 mi\u0119dzy przyst\u0119pn\u0105 cen\u0105 a wzmocnion\u0105 trwa\u0142o\u015bci\u0105. &nbsp; Wyprodukowana przez OMNICOR, sp\u00f3\u0142k\u0119 nale\u017c\u0105c\u0105 do Grupy EXPORPL\u00c1S.Aby uzyska\u0107 wi\u0119cej informacji, prosimy o kontakt.<\/p>\n","protected":false},"author":0,"featured_media":0,"parent":236058,"menu_order":0,"comment_status":"closed","ping_status":"closed","template":"","meta":{"_et_pb_use_builder":"on","_et_pb_old_content":"","_et_gb_content_width":"","footnotes":""},"class_list":["post-236052","page","type-page","status-publish","hentry"],"_links":{"self":[{"href":"https:\/\/exporplas.pt\/pl\/wp-json\/wp\/v2\/pages\/236052","targetHints":{"allow":["GET"]}}],"collection":[{"href":"https:\/\/exporplas.pt\/pl\/wp-json\/wp\/v2\/pages"}],"about":[{"href":"https:\/\/exporplas.pt\/pl\/wp-json\/wp\/v2\/types\/page"}],"replies":[{"embeddable":true,"href":"https:\/\/exporplas.pt\/pl\/wp-json\/wp\/v2\/comments?post=236052"}],"version-history":[{"count":0,"href":"https:\/\/exporplas.pt\/pl\/wp-json\/wp\/v2\/pages\/236052\/revisions"}],"up":[{"embeddable":true,"href":"https:\/\/exporplas.pt\/pl\/wp-json\/wp\/v2\/pages\/236058"}],"wp:attachment":[{"href":"https:\/\/exporplas.pt\/pl\/wp-json\/wp\/v2\/media?parent=236052"}],"curies":[{"name":"wp","href":"https:\/\/api.w.org\/{rel}","templated":true}]}}