{"id":235078,"date":"2024-06-11T13:34:00","date_gmt":"2024-06-11T13:34:00","guid":{"rendered":"https:\/\/manage.exporplas\/polityka-jakosci\/"},"modified":"2024-12-09T17:47:25","modified_gmt":"2024-12-09T17:47:25","slug":"polityka-jakosci","status":"publish","type":"page","link":"https:\/\/exporplas.pt\/pl\/polityka-jakosci\/","title":{"rendered":"Polityka jako\u015bci"},"content":{"rendered":"<p>[et_pb_section fb_built=&#8221;1&#8243; _builder_version=&#8221;4.16&#8243; global_colors_info=&#8221;{}&#8221;][et_pb_row _builder_version=&#8221;4.16&#8243; background_size=&#8221;initial&#8221; background_position=&#8221;top_left&#8221; background_repeat=&#8221;repeat&#8221; global_colors_info=&#8221;{}&#8221;][et_pb_column type=&#8221;4_4&#8243; _builder_version=&#8221;4.16&#8243; custom_padding=&#8221;|||&#8221; global_colors_info=&#8221;{}&#8221; custom_padding__hover=&#8221;|||&#8221;][et_pb_text _builder_version=&#8221;4.27.4&#8243; background_size=&#8221;initial&#8221; background_position=&#8221;top_left&#8221; background_repeat=&#8221;repeat&#8221; global_colors_info=&#8221;{}&#8221;]<\/p>\n<h2>POLITYKA JAKO\u015aCI<\/h2>\n<p><span class=\"Apple-converted-space\">D\u0105\u017cymy do doskona\u0142o\u015bci w zakresie jako\u015bci we wszystkich naszych dzia\u0142aniach, d\u0105\u017c\u0105c do zadowolenia interesariuszy, ci\u0105g\u0142ego doskonalenia Systemu Zarz\u0105dzania Jako\u015bci\u0105 i zgodno\u015bci z obowi\u0105zuj\u0105cymi wymogami klienta, przepisami, ustawami i standardami, a tak\u017ce innymi, do kt\u00f3rych organizacja si\u0119 stosuje w odniesieniu do produktu. Aby to osi\u0105gn\u0105\u0107, Grupa Exporpl\u00e1s opiera si\u0119 na nast\u0119puj\u0105cych zasadach:<\/span><\/p>\n<p>&nbsp;<\/p>\n<ul>\n<li>Zrozumienie potrzeb r\u00f3\u017cnych interesariuszy;<\/li>\n<li>D\u0105\u017cenie do optymalizacji naszych produkt\u00f3w i us\u0142ug w celu zapewnienia ci\u0105g\u0142ego doskonalenia;<\/li>\n<li>Zdolno\u015b\u0107 do odpowiedniego, szybkiego i jako\u015bciowego reagowania na oczekiwania klient\u00f3w;<\/li>\n<li>Wzmocnienie i docenienie naszych zasob\u00f3w ludzkich;<\/li>\n<li>Ci\u0105g\u0142a poprawa warunk\u00f3w pracy;<\/li>\n<li>Promocja redukcji koszt\u00f3w;<\/li>\n<li>Tworzenie warto\u015bci dodanej, kt\u00f3ra zapewnia ci\u0105g\u0142o\u015b\u0107 i rentowno\u015b\u0107 firmy;<\/li>\n<\/ul>\n<p>[\/et_pb_text][et_pb_text _builder_version=&#8221;4.27.4&#8243; background_size=&#8221;initial&#8221; background_position=&#8221;top_left&#8221; background_repeat=&#8221;repeat&#8221; hover_enabled=&#8221;0&#8243; global_colors_info=&#8221;{}&#8221; sticky_enabled=&#8221;0&#8243;]<\/p>\n<p><em>29-11-2024<\/em><\/p>\n<p>[\/et_pb_text][\/et_pb_column][\/et_pb_row][\/et_pb_section]<\/p>\n","protected":false},"excerpt":{"rendered":"<p>POLITYKA JAKO\u015aCI D\u0105\u017cymy do doskona\u0142o\u015bci w zakresie jako\u015bci we wszystkich naszych dzia\u0142aniach, d\u0105\u017c\u0105c do zadowolenia interesariuszy, ci\u0105g\u0142ego doskonalenia Systemu Zarz\u0105dzania Jako\u015bci\u0105 i zgodno\u015bci z obowi\u0105zuj\u0105cymi wymogami klienta, przepisami, ustawami i standardami, a tak\u017ce innymi, do kt\u00f3rych organizacja si\u0119 stosuje w odniesieniu do produktu. Aby to osi\u0105gn\u0105\u0107, Grupa Exporpl\u00e1s opiera si\u0119 na nast\u0119puj\u0105cych zasadach: &nbsp; Zrozumienie potrzeb r\u00f3\u017cnych interesariuszy; D\u0105\u017cenie do optymalizacji naszych produkt\u00f3w i us\u0142ug w celu zapewnienia ci\u0105g\u0142ego doskonalenia; Zdolno\u015b\u0107 do odpowiedniego, szybkiego i jako\u015bciowego reagowania na oczekiwania klient\u00f3w; Wzmocnienie i docenienie naszych zasob\u00f3w ludzkich; Ci\u0105g\u0142a poprawa warunk\u00f3w pracy; Promocja redukcji koszt\u00f3w; Tworzenie warto\u015bci dodanej, kt\u00f3ra zapewnia ci\u0105g\u0142o\u015b\u0107 i rentowno\u015b\u0107 firmy; 29-11-2024<\/p>\n","protected":false},"author":0,"featured_media":0,"parent":0,"menu_order":0,"comment_status":"closed","ping_status":"closed","template":"","meta":{"_et_pb_use_builder":"on","_et_pb_old_content":"","_et_gb_content_width":"","footnotes":""},"class_list":["post-235078","page","type-page","status-publish","hentry"],"_links":{"self":[{"href":"https:\/\/exporplas.pt\/pl\/wp-json\/wp\/v2\/pages\/235078","targetHints":{"allow":["GET"]}}],"collection":[{"href":"https:\/\/exporplas.pt\/pl\/wp-json\/wp\/v2\/pages"}],"about":[{"href":"https:\/\/exporplas.pt\/pl\/wp-json\/wp\/v2\/types\/page"}],"replies":[{"embeddable":true,"href":"https:\/\/exporplas.pt\/pl\/wp-json\/wp\/v2\/comments?post=235078"}],"version-history":[{"count":0,"href":"https:\/\/exporplas.pt\/pl\/wp-json\/wp\/v2\/pages\/235078\/revisions"}],"wp:attachment":[{"href":"https:\/\/exporplas.pt\/pl\/wp-json\/wp\/v2\/media?parent=235078"}],"curies":[{"name":"wp","href":"https:\/\/api.w.org\/{rel}","templated":true}]}}