{"id":235059,"date":"2024-06-11T13:33:55","date_gmt":"2024-06-11T13:33:55","guid":{"rendered":"https:\/\/manage.exporplas\/kryteria-oceny-wynikow-dostawcy\/"},"modified":"2026-02-10T16:34:59","modified_gmt":"2026-02-10T16:34:59","slug":"kryteria-oceny-wynikow-dostawcy","status":"publish","type":"page","link":"https:\/\/exporplas.pt\/pl\/kryteria-oceny-wynikow-dostawcy\/","title":{"rendered":"Kryteria oceny wynik\u00f3w dostawcy"},"content":{"rendered":"<p>[et_pb_section fb_built=&#8221;1&#8243; _builder_version=&#8221;4.16&#8243; global_colors_info=&#8221;{}&#8221;][et_pb_row _builder_version=&#8221;4.16&#8243; background_size=&#8221;initial&#8221; background_position=&#8221;top_left&#8221; background_repeat=&#8221;repeat&#8221; global_colors_info=&#8221;{}&#8221;][et_pb_column type=&#8221;4_4&#8243; _builder_version=&#8221;4.16&#8243; custom_padding=&#8221;|||&#8221; global_colors_info=&#8221;{}&#8221; custom_padding__hover=&#8221;|||&#8221;][et_pb_text _builder_version=&#8221;4.27.4&#8243; background_size=&#8221;initial&#8221; background_position=&#8221;top_left&#8221; background_repeat=&#8221;repeat&#8221; hover_enabled=&#8221;0&#8243; global_colors_info=&#8221;{}&#8221; sticky_enabled=&#8221;0&#8243;]<\/p>\n<h2>Kryteria oceny wynik\u00f3w dostawcy.<\/h2>\n<p>&nbsp;<\/p>\n<p>Szanowni Dostawcy,<\/p>\n<p>Chcieliby\u015bmy poinformowa\u0107 o naszych kryteriach oceny wynik\u00f3w dostawc\u00f3w.<br \/>Kryteria te maj\u0105 na celu zapewnienie, \u017ce wsp\u00f3\u0142pracujemy z dostawcami, kt\u00f3rzy konsekwentnie spe\u0142niaj\u0105 nasze wysokie standardy jako\u015bci, obs\u0142ugi i niezawodno\u015bci.<br \/>Kluczowe wska\u017aniki, kt\u00f3rych b\u0119dziemy u\u017cywa\u0107 do oceny wynik\u00f3w naszych dostawc\u00f3w, s\u0105 nast\u0119puj\u0105ce:<\/p>\n<ul>\n<li style=\"list-style-type: none;\">\n<ul>\n<li>Dostawa na czas: oczekujemy, \u017ce nasi dostawcy b\u0119d\u0105 dostarcza\u0107 produkty na czas i w ca\u0142o\u015bci.<br \/>Wszelkie op\u00f3\u017anienia lub rozbie\u017cno\u015bci zostan\u0105 dok\u0142adnie przeanalizowane i mog\u0105 mie\u0107 wp\u0142yw na nasz\u0105 przysz\u0142\u0105 wsp\u00f3\u0142prac\u0119.<\/li>\n<li>Reakcja na pilne dostawy: zdajemy sobie spraw\u0119 ze znaczenia terminowej reakcji na pilne dostawy.<br \/>Oczekujemy, \u017ce nasi dostawcy do\u0142o\u017c\u0105 wszelkich stara\u0144, aby uwzgl\u0119dni\u0107 pilne pro\u015bby i zapewni\u0107 terminowe aktualizacje statusu takich zam\u00f3wie\u0144.<\/li>\n<li>Jako\u015b\u0107 produktu: od naszych dostawc\u00f3w wymagamy bezkompromisowej jako\u015bci.<br \/>Dok\u0142adnie sprawdzamy wszystkie przychodz\u0105ce produkty, aby upewni\u0107 si\u0119, \u017ce spe\u0142niaj\u0105 one nasze specyfikacje i potrzeby naszych klient\u00f3w.<br \/>Wszelkie produkty niespe\u0142niaj\u0105ce norm mog\u0105 zosta\u0107 odrzucone.<\/li>\n<li>Obs\u0142uga klienta: cenimy nasze relacje z dostawcami i oczekujemy od nich elastycznej i pomocnej obs\u0142ugi klienta.<br \/>Szybkie odpowiedzi na zapytania, sprawne rozwi\u0105zywanie problem\u00f3w i ch\u0119\u0107 zapewnienia zadowolenia klienta to podstawowe elementy naszej wsp\u00f3\u0142pracy.<\/li>\n<\/ul>\n<\/li>\n<\/ul>\n<p>W celu oceny naszych dostawc\u00f3w pod k\u0105tem tych kryteri\u00f3w przeprowadzane b\u0119d\u0105 regularne oceny wynik\u00f3w.<br \/>Mo\u017cemy przekazywa\u0107 naszym dostawcom opinie, aby mogli oni zrozumie\u0107 nasze oczekiwania i podj\u0105\u0107 kroki w celu poprawy swoich wynik\u00f3w.<br \/>Doceniamy ci\u0105g\u0142e zaanga\u017cowanie naszych dostawc\u00f3w w dostarczanie wysokiej jako\u015bci produkt\u00f3w i us\u0142ug.<br \/>Pracuj\u0105c razem, mo\u017cemy zapewni\u0107, \u017ce EXPORPL\u00c1S S.A.\/OMNICOR LTD. b\u0119dzie nadal dostarcza\u0107 naszym klientom wyj\u0105tkowe produkty i us\u0142ugi.<br \/>Dzi\u0119kujemy za po\u015bwi\u0119cenie uwagi tej sprawie.<\/p>\n<p>[\/et_pb_text][\/et_pb_column][\/et_pb_row][\/et_pb_section]<\/p>\n","protected":false},"excerpt":{"rendered":"<p>Kryteria oceny wynik\u00f3w dostawcy. &nbsp; Szanowni Dostawcy, Chcieliby\u015bmy poinformowa\u0107 o naszych kryteriach oceny wynik\u00f3w dostawc\u00f3w.Kryteria te maj\u0105 na celu zapewnienie, \u017ce wsp\u00f3\u0142pracujemy z dostawcami, kt\u00f3rzy konsekwentnie spe\u0142niaj\u0105 nasze wysokie standardy jako\u015bci, obs\u0142ugi i niezawodno\u015bci.Kluczowe wska\u017aniki, kt\u00f3rych b\u0119dziemy u\u017cywa\u0107 do oceny wynik\u00f3w naszych dostawc\u00f3w, s\u0105 nast\u0119puj\u0105ce: Dostawa na czas: oczekujemy, \u017ce nasi dostawcy b\u0119d\u0105 dostarcza\u0107 produkty na czas i w ca\u0142o\u015bci.Wszelkie op\u00f3\u017anienia lub rozbie\u017cno\u015bci zostan\u0105 dok\u0142adnie przeanalizowane i mog\u0105 mie\u0107 wp\u0142yw na nasz\u0105 przysz\u0142\u0105 wsp\u00f3\u0142prac\u0119. Reakcja na pilne dostawy: zdajemy sobie spraw\u0119 ze znaczenia terminowej reakcji na pilne dostawy.Oczekujemy, \u017ce nasi dostawcy do\u0142o\u017c\u0105 wszelkich stara\u0144, aby uwzgl\u0119dni\u0107 pilne pro\u015bby i zapewni\u0107 terminowe aktualizacje statusu takich zam\u00f3wie\u0144. Jako\u015b\u0107 produktu: od naszych dostawc\u00f3w wymagamy bezkompromisowej jako\u015bci.Dok\u0142adnie sprawdzamy wszystkie przychodz\u0105ce produkty, aby upewni\u0107 si\u0119, \u017ce spe\u0142niaj\u0105 one nasze specyfikacje i potrzeby naszych klient\u00f3w.Wszelkie produkty niespe\u0142niaj\u0105ce norm mog\u0105 zosta\u0107 odrzucone. Obs\u0142uga klienta: cenimy nasze relacje z dostawcami i oczekujemy od nich elastycznej i pomocnej obs\u0142ugi klienta.Szybkie odpowiedzi na zapytania, sprawne rozwi\u0105zywanie problem\u00f3w i ch\u0119\u0107 zapewnienia zadowolenia klienta to podstawowe elementy naszej wsp\u00f3\u0142pracy. W celu oceny naszych dostawc\u00f3w pod k\u0105tem tych kryteri\u00f3w przeprowadzane b\u0119d\u0105 regularne oceny wynik\u00f3w.Mo\u017cemy przekazywa\u0107 naszym dostawcom opinie, aby mogli oni zrozumie\u0107 nasze oczekiwania i podj\u0105\u0107 kroki w celu poprawy swoich wynik\u00f3w.Doceniamy ci\u0105g\u0142e [&hellip;]<\/p>\n","protected":false},"author":0,"featured_media":0,"parent":0,"menu_order":0,"comment_status":"closed","ping_status":"closed","template":"","meta":{"_et_pb_use_builder":"on","_et_pb_old_content":"","_et_gb_content_width":"","footnotes":""},"class_list":["post-235059","page","type-page","status-publish","hentry"],"_links":{"self":[{"href":"https:\/\/exporplas.pt\/pl\/wp-json\/wp\/v2\/pages\/235059","targetHints":{"allow":["GET"]}}],"collection":[{"href":"https:\/\/exporplas.pt\/pl\/wp-json\/wp\/v2\/pages"}],"about":[{"href":"https:\/\/exporplas.pt\/pl\/wp-json\/wp\/v2\/types\/page"}],"replies":[{"embeddable":true,"href":"https:\/\/exporplas.pt\/pl\/wp-json\/wp\/v2\/comments?post=235059"}],"version-history":[{"count":4,"href":"https:\/\/exporplas.pt\/pl\/wp-json\/wp\/v2\/pages\/235059\/revisions"}],"predecessor-version":[{"id":238315,"href":"https:\/\/exporplas.pt\/pl\/wp-json\/wp\/v2\/pages\/235059\/revisions\/238315"}],"wp:attachment":[{"href":"https:\/\/exporplas.pt\/pl\/wp-json\/wp\/v2\/media?parent=235059"}],"curies":[{"name":"wp","href":"https:\/\/api.w.org\/{rel}","templated":true}]}}