{"id":235050,"date":"2024-06-11T13:33:54","date_gmt":"2024-06-11T13:33:54","guid":{"rendered":"https:\/\/manage.exporplas\/evopack\/"},"modified":"2024-10-08T08:53:18","modified_gmt":"2024-10-08T08:53:18","slug":"evopack","status":"publish","type":"page","link":"https:\/\/exporplas.pt\/pl\/evopack\/","title":{"rendered":"Evopack"},"content":{"rendered":"<p>[et_pb_section fb_built=&#8221;1&#8243; _builder_version=&#8221;4.16&#8243; _module_preset=&#8221;default&#8221; background_color=&#8221;#FFFFFF&#8221; background_color_gradient_start=&#8221;#ffffff&#8221; background_color_gradient_end=&#8221;#dddddd&#8221; z_index=&#8221;3&#8243; custom_margin=&#8221;||1px||false|false&#8221; custom_margin_tablet=&#8221;||180px||false|false&#8221; custom_margin_phone=&#8221;||170px||false|false&#8221; custom_margin_last_edited=&#8221;on|phone&#8221; custom_padding=&#8221;45px||45px||false|false&#8221; global_colors_info=&#8221;{}&#8221;][et_pb_row column_structure=&#8221;1_2,1_2&#8243; _builder_version=&#8221;4.17.4&#8243; _module_preset=&#8221;default&#8221; custom_padding=&#8221;0px|||||&#8221; locked=&#8221;off&#8221; global_colors_info=&#8221;{}&#8221;][et_pb_column type=&#8221;1_2&#8243; _builder_version=&#8221;4.16&#8243; _module_preset=&#8221;default&#8221; global_colors_info=&#8221;{}&#8221;][et_pb_image src=&#8221;https:\/\/exporplas.pt\/wp-content\/uploads\/2022\/12\/EVOPACK_PT_01.jpg&#8221; title_text=&#8221;EVOPACK_ENG_01<br \/>\n        &#8221; _builder_version=&#8221;4.18.1&#8243; _module_preset=&#8221;default&#8221; hover_enabled=&#8221;0&#8243; global_colors_info=&#8221;{}&#8221; sticky_enabled=&#8221;0&#8243;][\/et_pb_image][et_pb_text _builder_version=&#8221;4.18.1&#8243; _module_preset=&#8221;default&#8221; text_font=&#8221;Montserrat|300|||||||&#8221; header_font=&#8221;Montserrat||||||||&#8221; header_text_color=&#8221;#2e2aa8&#8243; header_2_font=&#8221;Montserrat|600|||||||&#8221; header_3_font=&#8221;Montserrat||||||||&#8221; header_3_line_height=&#8221;1.3em&#8221; header_4_font=&#8221;Montserrat|500|||||||&#8221; header_5_font=&#8221;Montserrat||||||||&#8221; header_6_font=&#8221;Montserrat||||||||&#8221; locked=&#8221;off&#8221; global_colors_info=&#8221;{}&#8221;]<\/p>\n<h1><strong><span class=\"TextRun SCXW15629349 BCX4\" lang=\"PT-PT\" xml:lang=\"PT-PT\" data-contrast=\"auto\"><span class=\"NormalTextRun SCXW15629349 BCX4\">EVOPACK<sup style=\"font-size: 50%;\">\u00ae<\/sup><\/span><\/span><\/strong><\/h1>\n<h1>Siatka do owijania palet<br \/>\n        <\/h1>\n<p>&nbsp;<\/p>\n<p>&nbsp;<\/p>\n<p>&nbsp;<\/p>\n<h3><strong>Ewolucja opakowa\u0144<\/strong><strong>:<\/strong><\/h3>\n<h3>Zr\u00f3wnowa\u017cona ochrona produkt\u00f3w.<br \/>\n        <\/h3>\n<h3> <\/h3>\n<p>&nbsp;<\/p>\n<p>&nbsp;<\/p>\n<p>&nbsp;<\/p>\n<p><span data-ccp-props=\"{\"><strong><span class=\"NormalTextRun SCXW94209466 BCX4\">Siatka do owijania palet to idealne rozwi\u0105zanie <\/span><span class=\"NormalTextRun SCXW94209466 BCX4\">do<\/span><span class=\"NormalTextRun SCXW94209466 BCX4\"> pakowania wszelkich produkt\u00f3w, <\/span><span class=\"NormalTextRun SCXW94209466 BCX4\">kt\u00f3re wymagaj\u0105<\/span><span class=\"NormalTextRun SCXW94209466 BCX4\"> cyrkulacji powietrza w celu zachowania swoich w\u0142a\u015bciwo\u015bci<\/span>.<br \/>\n        <\/strong> <\/span><\/p>\n<p>&nbsp;<\/p>\n<p><span data-ccp-props=\"{\"><span class=\"NormalTextRun SCXW247052074 BCX4\">Dzi\u0119ki szerokiemu i zr\u00f3\u017cnicowanemu zakresowi zastosowa\u0144 <\/span><span class=\"NormalTextRun SCXW247052074 BCX4\">cz\u0119sto<\/span><span class=\"NormalTextRun SCXW247052074 BCX4\"> u\u017cywa si\u0119 jej <\/span><span class=\"NormalTextRun SCXW247052074 BCX4\">do<\/span><span class=\"NormalTextRun SCXW247052074 BCX4\">owoc\u00f3w, warzyw, trawy, drewna, kwiat\u00f3w itp.<\/span> <\/span><\/p>\n<p>&nbsp;<\/p>\n<p><strong><span class=\"NormalTextRun SCXW50095031 BCX4\">Gwarantuje stabilno\u015b\u0107 palet <\/span><span class=\"NormalTextRun SCXW50095031 BCX4\">bez konieczno\u015bci <\/span>stosowania<span class=\"NormalTextRun SCXW50095031 BCX4\"> k\u0105townik\u00f3w<\/span> <span class=\"SpellingError SCXW50095031 BCX4\"><\/span><span class=\"NormalTextRun SCXW50095031 BCX4\">nawet<\/span><span class=\"NormalTextRun SCXW50095031 BCX4\">na<\/span><span class=\"NormalTextRun SCXW50095031 BCX4\"> nieregularnych powierzchniach<\/span>.<br \/>\n        <\/strong><\/p>\n<p><strong> <\/strong><\/p>\n<ul>\n<li><span data-contrast=\"auto\">Zaprojektowana jako doskona\u0142a alternatywa dla folii stretch;<br \/>\n        <\/span><\/li>\n<li><span data-contrast=\"auto\">Wyprodukowana z surowc\u00f3w przyjaznych dla \u015brodowiska;<br \/>\n        <\/span><\/li>\n<li><span data-contrast=\"auto\">Umo\u017cliwia cyrkulacj\u0119 powietrza;<br \/>\n        <\/span><\/li>\n<li><span data-contrast=\"auto\">Wysoce elastyczna, co pozwala na uzyskanie wi\u0119kszej liczby owini\u0119tych \u0142adunk\u00f3w na rolk\u0119;<br \/>\n        <\/span><\/li>\n<li><span data-contrast=\"auto\">Kompatybilna z owijarkami;<br \/>\n        <\/span><\/li>\n<li><span data-contrast=\"auto\">Pe\u0142ne pokrycie ka\u017cdej kraw\u0119dzi i krzywizny, doskona\u0142e do \u0142adunk\u00f3w o nieregularnym kszta\u0142cie;<br \/>\n        <\/span><\/li>\n<li><span data-contrast=\"auto\">Utrzymuje napi\u0119cie;<br \/>\n        <\/span><\/li>\n<li><span data-contrast=\"auto\">\u0141atwa obs\u0142uga.<br \/>\n        <\/span><\/li>\n<\/ul>\n<p>[\/et_pb_text][\/et_pb_column][et_pb_column type=&#8221;1_2&#8243; _builder_version=&#8221;4.17.4&#8243; _module_preset=&#8221;default&#8221; global_colors_info=&#8221;{}&#8221;][et_pb_text _builder_version=&#8221;4.18.1&#8243; _module_preset=&#8221;default&#8221; header_font=&#8221;Montserrat||||||||&#8221; header_text_color=&#8221;#2e2aa8&#8243; header_2_font=&#8221;Montserrat|600|||||||&#8221; header_3_font=&#8221;Montserrat||||||||&#8221; header_3_line_height=&#8221;1.3em&#8221; header_4_font=&#8221;Montserrat|500|||||||&#8221; header_5_font=&#8221;Montserrat||||||||&#8221; header_6_font=&#8221;Montserrat||||||||&#8221; locked=&#8221;off&#8221; global_colors_info=&#8221;{}&#8221;]<\/p>\n<h3 style=\"text-align: left;\"><span class=\"TextRun SCXW42174941 BCX4\" lang=\"EN-GB\" xml:lang=\"EN-GB\" data-contrast=\"auto\"><span class=\"NormalTextRun SCXW42174941 BCX4\">Zr\u00f3wnowa\u017cony rozw\u00f3j<br \/>\n        <\/span><\/span><\/h3>\n<h1 style=\"text-align: left;\"> <\/h1>\n<h1 style=\"text-align: left;\"><strong><span class=\"TextRun SCXW209756767 BCX4\" lang=\"EN-GB\" data-contrast=\"auto\"><span class=\"NormalTextRun SCXW209756767 BCX4\">Podejmij dzia\u0142ania <\/span><span class=\"NormalTextRun SCXW209756767 BCX4\">przeciwko<\/span><span class=\"NormalTextRun SCXW209756767 BCX4\"> odpadom z tworzyw sztucznych<\/span><\/span>.<br \/>\n        <\/strong><\/h1>\n<p>&nbsp;<\/p>\n<p><span data-contrast=\"auto\"><span class=\"NormalTextRun SCXW12615105 BCX4\"><\/span><span class=\"NormalTextRun SCXW12615105 BCX4\">Obecnie<\/span><span class=\"NormalTextRun SCXW12615105 BCX4\">jest<\/span><span class=\"NormalTextRun SCXW12615105 BCX4\"> postrzegana jako<\/span><span class=\"NormalTextRun SCXW12615105 BCX4\"> doskona\u0142a <\/span><span class=\"NormalTextRun SCXW12615105 BCX4\">alternatywa dla tradycyjnej folii stretch, <\/span><span class=\"NormalTextRun SCXW12615105 BCX4\"><\/span><span class=\"NormalTextRun SCXW12615105 BCX4\">b\u0119d\u0105c niepor\u00f3wnywalnie bardziej zr\u00f3wnowa\u017conym <\/span><span class=\"NormalTextRun SCXW12615105 BCX4\">rozwi\u0105zaniem, poniewa\u017c<\/span><span class=\"NormalTextRun SCXW12615105 BCX4\"> do owini\u0119cia palety<\/span><span class=\"NormalTextRun SCXW12615105 BCX4\"> potrzeba <\/span><span class=\"NormalTextRun SCXW12615105 BCX4\">mniej tworzywa sztucznego<\/span>.<br \/>\n        <\/span><\/p>\n<p>&nbsp;<\/p>\n<h1><strong>W 100% nadaje si\u0119 do recyklingu.<br \/>\n        <\/strong><\/h1>\n<p>&nbsp;<\/p>\n<p>&nbsp;<\/p>\n<h3><span data-contrast=\"auto\"><span class=\"NormalTextRun SCXW197148619 BCX4\">Zmniejszenie zu\u017cycia<\/span><span class=\"NormalTextRun SCXW197148619 BCX4\"> tworzyw sztucznych o ponad 60%<\/span>.<br \/>\n        <\/span><\/h3>\n<p>[\/et_pb_text][et_pb_image src=&#8221;https:\/\/exporplas.pt\/wp-content\/uploads\/2022\/12\/EVOPACK_PT_02.jpg&#8221; title_text=&#8221;EVOPACK_ENG_02<br \/>\n        &#8221; _builder_version=&#8221;4.18.1&#8243; _module_preset=&#8221;default&#8221; global_colors_info=&#8221;{}&#8221;][\/et_pb_image][et_pb_text _builder_version=&#8221;4.27.2&#8243; _module_preset=&#8221;default&#8221; header_font=&#8221;Montserrat||||||||&#8221; header_2_font=&#8221;Montserrat|600|||||||&#8221; header_3_font=&#8221;Montserrat||||||||&#8221; header_3_line_height=&#8221;1.3em&#8221; header_4_font=&#8221;Montserrat|500|||||||&#8221; header_5_font=&#8221;Montserrat||||||||&#8221; header_6_font=&#8221;Montserrat||||||||&#8221; hover_enabled=&#8221;0&#8243; locked=&#8221;off&#8221; global_colors_info=&#8221;{}&#8221; sticky_enabled=&#8221;0&#8243;]<\/p>\n<p><span data-contrast=\"auto\"><span class=\"NormalTextRun SCXW241360677 BCX4\">Przyk\u0142ad: Na ka\u017cde 100 ton folii stretch potrzeba tylko 40 ton EVOPACK\u00ae<\/span>, <span class=\"NormalTextRun SCXW241360677 BCX4\">aby osi\u0105gn\u0105\u0107<\/span><span class=\"NormalTextRun SCXW241360677 BCX4\"> takie same<\/span> <span class=\"NormalTextRun SCXW241360677 BCX4\">wyniki<\/span>.<br \/>\n        <\/span><\/p>\n<p>&nbsp;<\/p>\n<p><strong>Evopack<sup style=\"font-size: 50%;\">\u00ae<\/sup> | <span class=\"NormalTextRun SCXW159770325 BCX4\">Zr\u00f3wnowa\u017cone,<\/span><span class=\"NormalTextRun SCXW159770325 BCX4\">wielofunkcyjne<\/span> <span class=\"NormalTextRun SCXW159770325 BCX4\">rozwi\u0105zanie dla Twoich produkt\u00f3w<\/span>.<br \/>\n         <\/strong><\/p>\n<p>[\/et_pb_text][et_pb_button button_url=&#8221;@ET-DC@eyJkeW5hbWljIjp0cnVlLCJjb250ZW50IjoicG9zdF9saW5rX3VybF9wYWdlIiwic2V0dGluZ3MiOnsicG9zdF9pZCI6IjIyNDc3MSJ9fQ==@&#8221; button_text=&#8221;Gama EVOPACK \u2013 zobacz tutaj<br \/>\n        &#8221; button_alignment=&#8221;left&#8221; _builder_version=&#8221;4.18.1&#8243; _dynamic_attributes=&#8221;button_url&#8221; _module_preset=&#8221;default&#8221; custom_button=&#8221;on&#8221; button_text_size=&#8221;10px&#8221; button_text_color=&#8221;#ffffff&#8221; button_bg_color=&#8221;#6caf3f&#8221; button_border_width=&#8221;10px&#8221; button_border_color=&#8221;rgba(47,56,84,0)&#8221; button_border_radius=&#8221;60px&#8221; button_letter_spacing=&#8221;1px&#8221; button_font=&#8221;|700||on|||||&#8221; button_use_icon=&#8221;off&#8221; animation_style=&#8221;fade&#8221; locked=&#8221;off&#8221; global_colors_info=&#8221;{}&#8221; button_border_radius__hover=&#8221;66px&#8221; button_border_radius__hover_enabled=&#8221;on&#8221; button_letter_spacing__hover=&#8221;1px&#8221; button_letter_spacing__hover_enabled=&#8221;on&#8221;][\/et_pb_button][\/et_pb_column][\/et_pb_row][\/et_pb_section]<\/p>\n","protected":false},"excerpt":{"rendered":"<p>EVOPACK\u00ae Siatka do owijania palet &nbsp; &nbsp; &nbsp; Ewolucja opakowa\u0144: Zr\u00f3wnowa\u017cona ochrona produkt\u00f3w. &nbsp; &nbsp; &nbsp; Siatka do owijania palet to idealne rozwi\u0105zanie do pakowania wszelkich produkt\u00f3w, kt\u00f3re wymagaj\u0105 cyrkulacji powietrza w celu zachowania swoich w\u0142a\u015bciwo\u015bci. &nbsp; Dzi\u0119ki szerokiemu i zr\u00f3\u017cnicowanemu zakresowi zastosowa\u0144 cz\u0119sto u\u017cywa si\u0119 jej doowoc\u00f3w, warzyw, trawy, drewna, kwiat\u00f3w itp. &nbsp; Gwarantuje stabilno\u015b\u0107 palet bez konieczno\u015bci stosowania k\u0105townik\u00f3w nawetna nieregularnych powierzchniach. Zaprojektowana jako doskona\u0142a alternatywa dla folii stretch; Wyprodukowana z surowc\u00f3w przyjaznych dla \u015brodowiska; Umo\u017cliwia cyrkulacj\u0119 powietrza; Wysoce elastyczna, co pozwala na uzyskanie wi\u0119kszej liczby owini\u0119tych \u0142adunk\u00f3w na rolk\u0119; Kompatybilna z owijarkami; Pe\u0142ne pokrycie ka\u017cdej kraw\u0119dzi i krzywizny, doskona\u0142e do \u0142adunk\u00f3w o nieregularnym kszta\u0142cie; Utrzymuje napi\u0119cie; \u0141atwa obs\u0142uga. Zr\u00f3wnowa\u017cony rozw\u00f3j Podejmij dzia\u0142ania przeciwko odpadom z tworzyw sztucznych. &nbsp; Obecniejest postrzegana jako doskona\u0142a alternatywa dla tradycyjnej folii stretch, b\u0119d\u0105c niepor\u00f3wnywalnie bardziej zr\u00f3wnowa\u017conym rozwi\u0105zaniem, poniewa\u017c do owini\u0119cia palety potrzeba mniej tworzywa sztucznego. &nbsp; W 100% nadaje si\u0119 do recyklingu. &nbsp; &nbsp; Zmniejszenie zu\u017cycia tworzyw sztucznych o ponad 60%. Przyk\u0142ad: Na ka\u017cde 100 ton folii stretch potrzeba tylko 40 ton EVOPACK\u00ae, aby osi\u0105gn\u0105\u0107 takie same wyniki. &nbsp; Evopack\u00ae | Zr\u00f3wnowa\u017cone,wielofunkcyjne rozwi\u0105zanie dla Twoich produkt\u00f3w.<\/p>\n","protected":false},"author":0,"featured_media":0,"parent":0,"menu_order":0,"comment_status":"closed","ping_status":"closed","template":"","meta":{"_et_pb_use_builder":"on","_et_pb_old_content":"","_et_gb_content_width":"","footnotes":""},"class_list":["post-235050","page","type-page","status-publish","hentry"],"_links":{"self":[{"href":"https:\/\/exporplas.pt\/pl\/wp-json\/wp\/v2\/pages\/235050","targetHints":{"allow":["GET"]}}],"collection":[{"href":"https:\/\/exporplas.pt\/pl\/wp-json\/wp\/v2\/pages"}],"about":[{"href":"https:\/\/exporplas.pt\/pl\/wp-json\/wp\/v2\/types\/page"}],"replies":[{"embeddable":true,"href":"https:\/\/exporplas.pt\/pl\/wp-json\/wp\/v2\/comments?post=235050"}],"version-history":[{"count":0,"href":"https:\/\/exporplas.pt\/pl\/wp-json\/wp\/v2\/pages\/235050\/revisions"}],"wp:attachment":[{"href":"https:\/\/exporplas.pt\/pl\/wp-json\/wp\/v2\/media?parent=235050"}],"curies":[{"name":"wp","href":"https:\/\/api.w.org\/{rel}","templated":true}]}}