{"id":235004,"date":"2024-06-11T09:39:14","date_gmt":"2024-06-11T09:39:14","guid":{"rendered":"https:\/\/manage.exporplas\/sznurek-rolniczy\/duze-kostki-gama-exporplas\/"},"modified":"2024-10-08T16:34:55","modified_gmt":"2024-10-08T16:34:55","slug":"duze-kostki-gama-exporplas","status":"publish","type":"page","link":"https:\/\/exporplas.pt\/pl\/obszary-dzialalnosci\/rolnictwo\/sznurek-rolniczy\/duze-kostki-gama-exporplas\/","title":{"rendered":"DU\u017bE KOSTKI | GAMA EXPORPL\u00c1S"},"content":{"rendered":"<p>[et_pb_section fb_built=&#8221;1&#8243; _builder_version=&#8221;4.16&#8243; _module_preset=&#8221;1aa77664-506e-4896-aba7-807e7db78016&#8243; locked=&#8221;off&#8221; global_colors_info=&#8221;{}&#8221;][et_pb_row _builder_version=&#8221;4.16&#8243; _module_preset=&#8221;default&#8221; max_width=&#8221;1230px&#8221; custom_margin=&#8221;||||false|false&#8221; custom_padding=&#8221;0px||0px||false|false&#8221; global_colors_info=&#8221;{}&#8221;][et_pb_column type=&#8221;4_4&#8243; _builder_version=&#8221;4.16&#8243; _module_preset=&#8221;default&#8221; global_colors_info=&#8221;{}&#8221;][dsm_breadcrumbs _builder_version=&#8221;4.16&#8243; _module_preset=&#8221;7726ac8d-7222-46bd-8a73-3088c2807996&#8243; global_colors_info=&#8221;{}&#8221;][\/dsm_breadcrumbs][\/et_pb_column][\/et_pb_row][\/et_pb_section][et_pb_section fb_built=&#8221;1&#8243; _builder_version=&#8221;4.16&#8243; _module_preset=&#8221;default&#8221; z_index=&#8221;3&#8243; global_colors_info=&#8221;{}&#8221;][et_pb_row disabled_on=&#8221;on|off|off&#8221; _builder_version=&#8221;4.16&#8243; _module_preset=&#8221;default&#8221; global_colors_info=&#8221;{}&#8221;][et_pb_column type=&#8221;4_4&#8243; _builder_version=&#8221;4.16&#8243; _module_preset=&#8221;default&#8221; global_colors_info=&#8221;{}&#8221;][et_pb_text _builder_version=&#8221;4.18.1&#8243; _module_preset=&#8221;default&#8221; text_font=&#8221;Montserrat|300|||||||&#8221; text_text_color=&#8221;#6caf3f&#8221; text_font_size=&#8221;24px&#8221; text_line_height=&#8221;1.2em&#8221; header_3_font=&#8221;Montserrat|600|||||||&#8221; header_3_text_color=&#8221;#6caf3f&#8221; header_3_font_size=&#8221;24px&#8221; text_orientation=&#8221;center&#8221; text_font_size_tablet=&#8221;24px&#8221; text_font_size_phone=&#8221;22px&#8221; text_font_size_last_edited=&#8221;on|desktop&#8221; header_3_font_size_tablet=&#8221;24px&#8221; header_3_font_size_phone=&#8221;22px&#8221; header_3_font_size_last_edited=&#8221;on|phone&#8221; global_colors_info=&#8221;{}&#8221;]<\/p>\n<h3>DU\u017bE KOSTKI<br \/>\n        <\/h3>\n<p>GAMA EXPORPL\u00c1S\n        <\/p>\n<p>[\/et_pb_text][et_pb_divider color=&#8221;#cccccc&#8221; divider_weight=&#8221;1px&#8221; _builder_version=&#8221;4.16&#8243; _module_preset=&#8221;default&#8221; z_index=&#8221;1&#8243; width=&#8221;250px&#8221; module_alignment=&#8221;center&#8221; global_colors_info=&#8221;{}&#8221;][\/et_pb_divider][et_pb_divider divider_weight=&#8221;4px&#8221; _builder_version=&#8221;4.16&#8243; _module_preset=&#8221;default&#8221; z_index=&#8221;1&#8243; width=&#8221;95px&#8221; module_alignment=&#8221;center&#8221; custom_margin=&#8221;-54px||||false|false&#8221; custom_padding=&#8221;0px||||false|false&#8221; global_colors_info=&#8221;{}&#8221;][\/et_pb_divider][\/et_pb_column][\/et_pb_row][et_pb_row _builder_version=&#8221;4.16&#8243; _module_preset=&#8221;default&#8221; locked=&#8221;off&#8221; global_colors_info=&#8221;{}&#8221;][et_pb_column type=&#8221;4_4&#8243; _builder_version=&#8221;4.16&#8243; _module_preset=&#8221;default&#8221; global_colors_info=&#8221;{}&#8221;][et_pb_text _builder_version=&#8221;4.21.0&#8243; _module_preset=&#8221;default&#8221; text_font=&#8221;Montserrat|300|||||||&#8221; text_text_color=&#8221;#6caf3f&#8221; text_font_size=&#8221;35px&#8221; text_line_height=&#8221;1.2em&#8221; header_3_font=&#8221;|600|||||||&#8221; header_3_text_color=&#8221;#6caf3f&#8221; header_3_font_size=&#8221;35px&#8221; text_orientation=&#8221;center&#8221; global_colors_info=&#8221;{}&#8221;]<\/p>\n<p>JAKO\u015a\u0106 I TECHNOLOGIA \/ <b>DOSKONA\u0141A WYDAJNO\u015a\u0106<\/b><\/p>\n<h4><\/h4>\n<h4><\/h4>\n<h4><\/h4>\n<h4><span class=\"TextRun SCXW72288987 BCX4\" lang=\"PT-PT\" xml:lang=\"PT-PT\" data-contrast=\"none\"><span class=\"NormalTextRun SCXW72288987 BCX4\"><span class=\"TextRun SCXW11710397 BCX4\" lang=\"EN-GB\" xml:lang=\"EN-GB\" data-contrast=\"auto\"><span class=\"NormalTextRun SCXW11710397 BCX4\">EXPORPL\u00c1S wykorzystuje wysokiej jako\u015bci surowce i zaawansowan\u0105 technologi\u0119 do produkcji sznurk\u00f3w rolniczych o doskona\u0142ych w\u0142a\u015bciwo\u015bciach.<br \/>\n        <\/span><\/span><span class=\"EOP SCXW11710397 BCX4\" data-ccp-props=\"{\"> <\/span><\/span><\/span><span class=\"EOP SCXW72288987 BCX4\" data-ccp-props=\"{\"> <\/span><\/h4>\n<p>[\/et_pb_text][\/et_pb_column][\/et_pb_row][\/et_pb_section][et_pb_section fb_built=&#8221;1&#8243; _builder_version=&#8221;4.16&#8243; _module_preset=&#8221;default&#8221; z_index=&#8221;3&#8243; custom_margin=&#8221;||50px||false|false&#8221; custom_margin_tablet=&#8221;||180px||false|false&#8221; custom_margin_phone=&#8221;||170px||false|false&#8221; custom_margin_last_edited=&#8221;on|phone&#8221; custom_padding=&#8221;0px||||false|false&#8221; locked=&#8221;off&#8221; global_colors_info=&#8221;{}&#8221;][et_pb_row column_structure=&#8221;1_4,1_4,1_4,1_4&#8243; use_custom_gutter=&#8221;on&#8221; make_equal=&#8221;on&#8221; module_class=&#8221;two-columns&#8221; _builder_version=&#8221;4.16&#8243; _module_preset=&#8221;default&#8221; width_tablet=&#8221;&#8221; width_phone=&#8221;&#8221; width_last_edited=&#8221;on|phone&#8221; custom_margin=&#8221;|auto|-1px|auto||&#8221; locked=&#8221;off&#8221; global_colors_info=&#8221;{}&#8221;][et_pb_column type=&#8221;1_4&#8243; _builder_version=&#8221;4.16&#8243; _module_preset=&#8221;default&#8221; custom_padding_tablet=&#8221;&#8221; custom_padding_phone=&#8221;15px|15px|15px|15px|true|true&#8221; custom_padding_last_edited=&#8221;on|phone&#8221; global_colors_info=&#8221;{}&#8221;][\/et_pb_column][et_pb_column type=&#8221;1_4&#8243; _builder_version=&#8221;4.16&#8243; _module_preset=&#8221;default&#8221; custom_padding_tablet=&#8221;&#8221; custom_padding_phone=&#8221;15px|15px|15px|15px|true|true&#8221; custom_padding_last_edited=&#8221;on|phone&#8221; global_colors_info=&#8221;{}&#8221;][et_pb_image src=&#8221;https:\/\/exporplas.pt\/wp-content\/uploads\/2021\/07\/Exporplas_130_10KG_Fio_Verde.jpg&#8221; title_text=&#8221;Exporplas_130_10KG_Fio_Verde<br \/>\n        &#8221; url=&#8221;@ET-DC@eyJkeW5hbWljIjp0cnVlLCJjb250ZW50IjoicG9zdF9saW5rX3VybF9wYWdlIiwic2V0dGluZ3MiOnsicG9zdF9pZCI6IjIzNDk4MyJ9fQ==@&#8221; _builder_version=&#8221;4.27.2&#8243; _module_preset=&#8221;default&#8221; hover_enabled=&#8221;0&#8243; global_colors_info=&#8221;{}&#8221; _dynamic_attributes=&#8221;url&#8221; sticky_enabled=&#8221;0&#8243;][\/et_pb_image][et_pb_divider color=&#8221;#cccccc&#8221; divider_weight=&#8221;1px&#8221; disabled_on=&#8221;on|off|off&#8221; _builder_version=&#8221;4.16&#8243; _module_preset=&#8221;default&#8221; z_index=&#8221;1&#8243; width=&#8221;250px&#8221; module_alignment=&#8221;center&#8221; global_colors_info=&#8221;{}&#8221;][\/et_pb_divider][et_pb_divider divider_weight=&#8221;4px&#8221; disabled_on=&#8221;on|off|off&#8221; _builder_version=&#8221;4.16&#8243; _module_preset=&#8221;default&#8221; z_index=&#8221;1&#8243; width=&#8221;95px&#8221; module_alignment=&#8221;center&#8221; custom_margin=&#8221;-54px||||false|false&#8221; custom_padding=&#8221;0px||||false|false&#8221; global_colors_info=&#8221;{}&#8221;][\/et_pb_divider][et_pb_text _builder_version=&#8221;4.27.2&#8243; _module_preset=&#8221;default&#8221; text_font=&#8221;Montserrat|600|||||||&#8221; text_text_color=&#8221;#6caf3f&#8221; text_font_size=&#8221;19px&#8221; text_orientation=&#8221;center&#8221; link_option_url=&#8221;@ET-DC@eyJkeW5hbWljIjp0cnVlLCJjb250ZW50IjoicG9zdF9saW5rX3VybF9wYWdlIiwic2V0dGluZ3MiOnsicG9zdF9pZCI6IjIzNDk4MyJ9fQ==@&#8221; hover_enabled=&#8221;0&#8243; global_colors_info=&#8221;{}&#8221; _dynamic_attributes=&#8221;link_option_url&#8221; sticky_enabled=&#8221;0&#8243;]<\/p>\n<p>EXPORPL\u00c1S <strong>130<\/strong><\/p>\n<p>[\/et_pb_text][\/et_pb_column][et_pb_column type=&#8221;1_4&#8243; _builder_version=&#8221;4.16&#8243; _module_preset=&#8221;default&#8221; custom_padding_tablet=&#8221;&#8221; custom_padding_phone=&#8221;15px|15px|15px|15px|true|true&#8221; custom_padding_last_edited=&#8221;on|phone&#8221; global_colors_info=&#8221;{}&#8221;][et_pb_image src=&#8221;https:\/\/exporplas.pt\/wp-content\/uploads\/2021\/07\/Exporplas_150_10KG_Fio_Branco.jpg&#8221; title_text=&#8221;Exporplas_150_10KG_Fio_Branco<br \/>\n        &#8221; url=&#8221;@ET-DC@eyJkeW5hbWljIjp0cnVlLCJjb250ZW50IjoicG9zdF9saW5rX3VybF9wYWdlIiwic2V0dGluZ3MiOnsicG9zdF9pZCI6IjIzNDk2OSJ9fQ==@&#8221; _builder_version=&#8221;4.27.2&#8243; _module_preset=&#8221;default&#8221; hover_enabled=&#8221;0&#8243; global_colors_info=&#8221;{}&#8221; _dynamic_attributes=&#8221;url&#8221; sticky_enabled=&#8221;0&#8243;][\/et_pb_image][et_pb_divider color=&#8221;#cccccc&#8221; divider_weight=&#8221;1px&#8221; disabled_on=&#8221;on|off|off&#8221; _builder_version=&#8221;4.16&#8243; _module_preset=&#8221;default&#8221; z_index=&#8221;1&#8243; width=&#8221;250px&#8221; module_alignment=&#8221;center&#8221; global_colors_info=&#8221;{}&#8221;][\/et_pb_divider][et_pb_divider divider_weight=&#8221;4px&#8221; disabled_on=&#8221;on|off|off&#8221; _builder_version=&#8221;4.16&#8243; _module_preset=&#8221;default&#8221; z_index=&#8221;1&#8243; width=&#8221;95px&#8221; module_alignment=&#8221;center&#8221; custom_margin=&#8221;-54px||||false|false&#8221; custom_padding=&#8221;0px||||false|false&#8221; global_colors_info=&#8221;{}&#8221;][\/et_pb_divider][et_pb_text _builder_version=&#8221;4.27.2&#8243; _module_preset=&#8221;default&#8221; text_font=&#8221;Montserrat|600|||||||&#8221; text_text_color=&#8221;#6caf3f&#8221; text_font_size=&#8221;19px&#8221; text_orientation=&#8221;center&#8221; link_option_url=&#8221;@ET-DC@eyJkeW5hbWljIjp0cnVlLCJjb250ZW50IjoicG9zdF9saW5rX3VybF9wYWdlIiwic2V0dGluZ3MiOnsicG9zdF9pZCI6IjIzNDk2OSJ9fQ==@&#8221; hover_enabled=&#8221;0&#8243; global_colors_info=&#8221;{}&#8221; _dynamic_attributes=&#8221;link_option_url&#8221; sticky_enabled=&#8221;0&#8243;]<\/p>\n<p>EXPORPL\u00c1S <strong>150<\/strong><\/p>\n<p>[\/et_pb_text][\/et_pb_column][et_pb_column type=&#8221;1_4&#8243; _builder_version=&#8221;4.16&#8243; _module_preset=&#8221;default&#8221; custom_padding_tablet=&#8221;&#8221; custom_padding_phone=&#8221;15px|15px|15px|15px|true|true&#8221; custom_padding_last_edited=&#8221;on|phone&#8221; global_colors_info=&#8221;{}&#8221;][\/et_pb_column][\/et_pb_row][et_pb_row disabled_on=&#8221;off|off|off&#8221; _builder_version=&#8221;4.16&#8243; _module_preset=&#8221;default&#8221; locked=&#8221;off&#8221; global_colors_info=&#8221;{}&#8221;][et_pb_column type=&#8221;4_4&#8243; _builder_version=&#8221;4.16&#8243; _module_preset=&#8221;default&#8221; global_colors_info=&#8221;{}&#8221;][et_pb_text _builder_version=&#8221;4.18.1&#8243; _module_preset=&#8221;default&#8221; text_font=&#8221;|300|||||||&#8221; text_text_color=&#8221;#6caf3f&#8221; text_font_size=&#8221;35px&#8221; text_line_height=&#8221;1.2em&#8221; header_3_font=&#8221;Montserrat|600|||||||&#8221; header_3_text_color=&#8221;#6caf3f&#8221; header_3_font_size=&#8221;35px&#8221; text_orientation=&#8221;center&#8221; global_colors_info=&#8221;{}&#8221;]<\/p>\n<h3>Obejrzyj film<br \/>\n        <\/h3>\n<p>[\/et_pb_text][et_pb_divider color=&#8221;#cccccc&#8221; divider_weight=&#8221;1px&#8221; _builder_version=&#8221;4.16&#8243; _module_preset=&#8221;default&#8221; z_index=&#8221;1&#8243; width=&#8221;250px&#8221; module_alignment=&#8221;center&#8221; global_colors_info=&#8221;{}&#8221;][\/et_pb_divider][et_pb_divider divider_weight=&#8221;4px&#8221; _builder_version=&#8221;4.16&#8243; _module_preset=&#8221;default&#8221; z_index=&#8221;1&#8243; width=&#8221;95px&#8221; module_alignment=&#8221;center&#8221; custom_margin=&#8221;-54px||||false|false&#8221; custom_padding=&#8221;0px||||false|false&#8221; global_colors_info=&#8221;{}&#8221;][\/et_pb_divider][\/et_pb_column][\/et_pb_row][et_pb_row disabled_on=&#8221;off|off|off&#8221; _builder_version=&#8221;4.16&#8243; _module_preset=&#8221;default&#8221; locked=&#8221;off&#8221; global_colors_info=&#8221;{}&#8221;][et_pb_column type=&#8221;4_4&#8243; _builder_version=&#8221;4.16&#8243; _module_preset=&#8221;default&#8221; global_colors_info=&#8221;{}&#8221;][et_pb_video src=&#8221;https:\/\/youtu.be\/1Tl53nhOwDc&#8221; _builder_version=&#8221;4.16&#8243; _module_preset=&#8221;default&#8221; global_colors_info=&#8221;{}&#8221;][\/et_pb_video][\/et_pb_column][\/et_pb_row][\/et_pb_section]<\/p>\n","protected":false},"excerpt":{"rendered":"<p><div class=\"et_pb_module dsm_breadcrumbs dsm_breadcrumbs_0\">\n\t\t\t\t\n\t\t\t\t\n\t\t\t\t\n\t\t\t\t\n\t\t\t\t\n\t\t\t\t\n\t\t\t\t<div class=\"et_pb_module_inner\">\n\t\t\t\t\t<nav class=\"dsm_breadcrumbs_wrap\">\n\t\t\t\t<ul class=\"dsm_breadcrumbs\" itemscope itemtype=\"https:\/\/schema.org\/BreadcrumbList\">\t\t\t<li class=\"dsm_breadcrumbs_item dsm_home_item dsm_home_item_custom\" itemprop=\"itemListElement\" itemscope\n\t\t\titemtype=\"https:\/\/schema.org\/ListItem\">\n\t\t\t\t<a href=\"https:\/\/exporplas.pt\/pl\/\" itemprop=\"item\" target=\"\">\n\t\t\t\t\t<span class='dsm_home_text_wrapper'>\n\t\t\t\t\t\t\t\t\t\t\t\t\t<span class=\"et-pb-icon dsm_home_icon\">\ue009<\/span>\n\t\t\t\t\t\t\t\t\t\t\t\t\t<span class=\"dsm_home_text\" itemprop=\"name\">\n\t\t\t\t\t\t\t\t \t\t\t\t\t\t\t<\/span>\n\t\t\t\t\t<\/span>\n\t\t\t\t<\/a>\n\t\t\t\t<meta itemprop=\"position\" content=\"1\" \/>\n\t\t\t<\/li>\n\n\t\t<li class=\"dsm_breadcrumbs_separator\"> <span class=\"et-pb-icon dsm_separator_icon\">5<\/span><\/li><\/ul>\n\t\t\t<\/nav>\n\t\t\t\t<\/div>\n\t\t\t<\/div>DU\u017bE KOSTKI GAMA EXPORPL\u00c1S JAKO\u015a\u0106 I TECHNOLOGIA \/ DOSKONA\u0141A WYDAJNO\u015a\u0106 EXPORPL\u00c1S wykorzystuje wysokiej jako\u015bci surowce i zaawansowan\u0105 technologi\u0119 do produkcji sznurk\u00f3w rolniczych o doskona\u0142ych w\u0142a\u015bciwo\u015bciach. EXPORPL\u00c1S 130EXPORPL\u00c1S 150Obejrzyj film<\/p>\n","protected":false},"author":0,"featured_media":0,"parent":234945,"menu_order":0,"comment_status":"closed","ping_status":"closed","template":"","meta":{"_et_pb_use_builder":"on","_et_pb_old_content":"","_et_gb_content_width":"","footnotes":""},"class_list":["post-235004","page","type-page","status-publish","hentry"],"_links":{"self":[{"href":"https:\/\/exporplas.pt\/pl\/wp-json\/wp\/v2\/pages\/235004","targetHints":{"allow":["GET"]}}],"collection":[{"href":"https:\/\/exporplas.pt\/pl\/wp-json\/wp\/v2\/pages"}],"about":[{"href":"https:\/\/exporplas.pt\/pl\/wp-json\/wp\/v2\/types\/page"}],"replies":[{"embeddable":true,"href":"https:\/\/exporplas.pt\/pl\/wp-json\/wp\/v2\/comments?post=235004"}],"version-history":[{"count":0,"href":"https:\/\/exporplas.pt\/pl\/wp-json\/wp\/v2\/pages\/235004\/revisions"}],"up":[{"embeddable":true,"href":"https:\/\/exporplas.pt\/pl\/wp-json\/wp\/v2\/pages\/234945"}],"wp:attachment":[{"href":"https:\/\/exporplas.pt\/pl\/wp-json\/wp\/v2\/media?parent=235004"}],"curies":[{"name":"wp","href":"https:\/\/api.w.org\/{rel}","templated":true}]}}