{"id":234986,"date":"2024-06-11T09:39:11","date_gmt":"2024-06-11T09:39:11","guid":{"rendered":"https:\/\/manage.exporplas\/srodowisko\/"},"modified":"2025-11-07T16:44:41","modified_gmt":"2025-11-07T16:44:41","slug":"srodowisko","status":"publish","type":"page","link":"https:\/\/exporplas.pt\/pl\/srodowisko\/","title":{"rendered":"\u015aRODOWISKO"},"content":{"rendered":"<p>[et_pb_section fb_built=&#8221;1&#8243; fullwidth=&#8221;on&#8221; _builder_version=&#8221;4.16&#8243; _module_preset=&#8221;default&#8221; global_colors_info=&#8221;{}&#8221;][et_pb_fullwidth_header _builder_version=&#8221;4.16&#8243; _module_preset=&#8221;default&#8221; background_enable_color=&#8221;off&#8221; background_image=&#8221;https:\/\/exporplas.pt\/wp-content\/uploads\/2021\/03\/big_1549983674.jpg&#8221; min_height=&#8221;275px&#8221; global_colors_info=&#8221;{}&#8221;][\/et_pb_fullwidth_header][\/et_pb_section][et_pb_section fb_built=&#8221;1&#8243; _builder_version=&#8221;4.16&#8243; _module_preset=&#8221;default&#8221; global_colors_info=&#8221;{}&#8221;][et_pb_row _builder_version=&#8221;4.16&#8243; _module_preset=&#8221;default&#8221; global_colors_info=&#8221;{}&#8221;][et_pb_column type=&#8221;4_4&#8243; _builder_version=&#8221;4.16&#8243; _module_preset=&#8221;default&#8221; global_colors_info=&#8221;{}&#8221;][et_pb_text _builder_version=&#8221;4.18.1&#8243; _module_preset=&#8221;ad3c469a-73a4-4c1e-8e67-4ce21c3633ec&#8221; header_2_text_align=&#8221;center&#8221; header_2_text_color=&#8221;#6caf3f&#8221; global_colors_info=&#8221;{}&#8221;]<\/p>\n<h2>\u015aRODOWISKO<\/h2>\n<p>[\/et_pb_text][et_pb_divider color=&#8221;#cccccc&#8221; divider_weight=&#8221;1px&#8221; _builder_version=&#8221;4.16&#8243; _module_preset=&#8221;default&#8221; z_index=&#8221;1&#8243; width=&#8221;250px&#8221; module_alignment=&#8221;center&#8221; global_colors_info=&#8221;{}&#8221;][\/et_pb_divider][et_pb_divider divider_weight=&#8221;4px&#8221; _builder_version=&#8221;4.16&#8243; _module_preset=&#8221;default&#8221; z_index=&#8221;1&#8243; width=&#8221;95px&#8221; module_alignment=&#8221;center&#8221; custom_margin=&#8221;-54px||||false|false&#8221; custom_padding=&#8221;0px||||false|false&#8221; global_colors_info=&#8221;{}&#8221;][\/et_pb_divider][\/et_pb_column][\/et_pb_row][\/et_pb_section][et_pb_section fb_built=&#8221;1&#8243; _builder_version=&#8221;4.16&#8243; _module_preset=&#8221;default&#8221; custom_margin=&#8221;||50px||false|false&#8221; custom_margin_tablet=&#8221;||180px||false|false&#8221; custom_margin_phone=&#8221;||170px||false|false&#8221; custom_margin_last_edited=&#8221;on|phone&#8221; custom_padding=&#8221;0px||||false|false&#8221; global_colors_info=&#8221;{}&#8221;][et_pb_row column_structure=&#8221;2_5,3_5&#8243; _builder_version=&#8221;4.16&#8243; _module_preset=&#8221;default&#8221; global_colors_info=&#8221;{}&#8221;][et_pb_column type=&#8221;2_5&#8243; _builder_version=&#8221;4.16&#8243; _module_preset=&#8221;default&#8221; global_colors_info=&#8221;{}&#8221;][et_pb_text _builder_version=&#8221;4.27.4&#8243; _module_preset=&#8221;default&#8221; hover_enabled=&#8221;0&#8243; global_colors_info=&#8221;{}&#8221; sticky_enabled=&#8221;0&#8243;]<\/p>\n<p>Wdra\u017canie zr\u00f3wnowa\u017conych praktyk jest postrzegane jako integralna cz\u0119\u015b\u0107 rygorystycznego planu zarz\u0105dzania \u015brodowiskiem i energi\u0105, kt\u00f3ry zosta\u0142 zainicjowany i w\u0142\u0105czony do kr\u00f3tkoterminowej strategii EXPORPL\u00c1S.<\/p>\n<p><\/p>\n<p>Zgodnie z duchem tej normy, jeste\u015bmy w r\u00f3wnym stopniu zainteresowani optymalizacj\u0105 naszego wp\u0142ywu na \u015brodowisko i zarz\u0105dzaniem nim.<\/p>\n<p><\/p>\n<p><b>Chcemy przyczynia\u0107 si\u0119 do zmniejszenia wp\u0142ywu naszej dzia\u0142alno\u015bci na \u015brodowisko w spos\u00f3b pozytywny, odpowiedzialny i dobrowolny.<\/b><\/p>\n<p><\/p>\n<p>Kszta\u0142tujemy wszystkie nasze procesy przemys\u0142owe tak, aby osi\u0105ga\u0107 lepsze praktyki \u015brodowiskowe, podejmuj\u0105c takie dzia\u0142ania, jak inwestowanie w czyst\u0105 energi\u0119, oszcz\u0119dzanie zasob\u00f3w energetycznych, oddzielanie i recykling odpad\u00f3w z produkcji, a tak\u017ce ocena i monitorowanie ha\u0142asu maszyn w naszych zak\u0142adach.<\/p>\n<p><\/p>\n<p>&nbsp;<\/p>\n<p><\/p>\n<p><b>RECYKLING I CZYSTA TECHNOLOGIA<\/b><\/p>\n<p><\/p>\n<p>Trafnie nazwana \u201eCzysta Technologia\u201d jest cz\u0119\u015bci\u0105 strategii \u015brodowiskowej w EXPORPL\u00c1S, kt\u00f3ra jest stosowana w procesie produkcyjnym w celu zwi\u0119kszenia wydajno\u015bci produkcji, a tak\u017ce zmniejszenia i zminimalizowania wp\u0142ywu na \u015brodowisko wynikaj\u0105cego z dzia\u0142alno\u015bci produkcyjnej.<\/p>\n<p><\/p>\n<p>Jednocze\u015bnie osi\u0105gn\u0119\u0142a ona przewag\u0119 konkurencyjn\u0105 dzi\u0119ki racjonalnemu wykorzystaniu zasob\u00f3w.<\/p>\n<p><\/p>\n<p>&nbsp;<\/p>\n<p><\/p>\n<p><b>REDUKCJA, PONOWNE WYKORZYSTANIE, RECYKLING<\/b><\/p>\n<p><\/p>\n<p>Recykling i ponowne wykorzystanie s\u0105 integralnymi narz\u0119dziami w tym nowym projekcie EXPORPL\u00c1S, poniewa\u017c odpady stanowi\u0105 strat\u0119 ekonomiczn\u0105 i utrat\u0119 zasob\u00f3w, a tak\u017ce powoduj\u0105 zanieczyszczenie \u015brodowiska.<\/p>\n<p><\/p>\n<p>Dlatego firma EXPORPL\u00c1S zobowi\u0105zuje si\u0119 redukowa\u0107 odpady i priorytetowo traktuje procedury, kt\u00f3re prowadz\u0105 do ponownego wykorzystania i recyklingu, zgodnie z najlepszymi praktykami zarz\u0105dzania.<\/p>\n<p><\/p>\n<p>Nasze produkty w 100% nadaj\u0105 si\u0119 do recyklingu, a my posiadamy w\u0142asn\u0105 jednostk\u0119 recyklingow\u0105, kt\u00f3ra przetwarza wszystkie odpady powsta\u0142e w wyniku naszej produkcji.<\/p>\n<p><\/p>\n<p>Je\u015bli chodzi o energi\u0119, zainstalowali\u015bmy po\u0142\u0105czon\u0105 jednostk\u0119 ciepln\u0105 i elektryczn\u0105, co skutkuje zwi\u0119kszon\u0105 wydajno\u015bci\u0105 i minimaln\u0105 utrat\u0105 niezb\u0119dnych zasob\u00f3w.<\/p>\n<p><\/p>\n<p>&nbsp;<\/p>\n<p><\/p>\n<p><b>FAKTY<\/b><b><\/b><\/p>\n<p><\/p>\n<p>\u2022 Praktyki przyjazne dla \u015brodowiska;<\/p>\n<p><\/p>\n<p>\u2022 Produktyw 100% nadaj\u0105 si\u0119 do recyklingu.<\/p>\n<p>[\/et_pb_text][\/et_pb_column][et_pb_column type=&#8221;3_5&#8243; _builder_version=&#8221;4.16&#8243; _module_preset=&#8221;default&#8221; global_colors_info=&#8221;{}&#8221;][et_pb_image src=&#8221;https:\/\/exporplas.pt\/wp-content\/uploads\/2021\/03\/moldura.png&#8221; title_text=&#8221;big_1549983961        &#8221; _builder_version=&#8221;4.16&#8243; _module_preset=&#8221;default&#8221; background_image=&#8221;https:\/\/exporplas.pt\/wp-content\/uploads\/2021\/03\/big_1549983961.jpg&#8221; global_colors_info=&#8221;{}&#8221;][\/et_pb_image][\/et_pb_column][\/et_pb_row][\/et_pb_section]<\/p>\n","protected":false},"excerpt":{"rendered":"<p>\u015aRODOWISKOWdra\u017canie zr\u00f3wnowa\u017conych praktyk jest postrzegane jako integralna cz\u0119\u015b\u0107 rygorystycznego planu zarz\u0105dzania \u015brodowiskiem i energi\u0105, kt\u00f3ry zosta\u0142 zainicjowany i w\u0142\u0105czony do kr\u00f3tkoterminowej strategii EXPORPL\u00c1S.Zgodnie z duchem tej normy, jeste\u015bmy w r\u00f3wnym stopniu zainteresowani optymalizacj\u0105 naszego wp\u0142ywu na \u015brodowisko i zarz\u0105dzaniem nim.Chcemy przyczynia\u0107 si\u0119 do zmniejszenia wp\u0142ywu naszej dzia\u0142alno\u015bci na \u015brodowisko w spos\u00f3b pozytywny, odpowiedzialny i dobrowolny.Kszta\u0142tujemy wszystkie nasze procesy przemys\u0142owe tak, aby osi\u0105ga\u0107 lepsze praktyki \u015brodowiskowe, podejmuj\u0105c takie dzia\u0142ania, jak inwestowanie w czyst\u0105 energi\u0119, oszcz\u0119dzanie zasob\u00f3w energetycznych, oddzielanie i recykling odpad\u00f3w z produkcji, a tak\u017ce ocena i monitorowanie ha\u0142asu maszyn w naszych zak\u0142adach.&nbsp;RECYKLING I CZYSTA TECHNOLOGIATrafnie nazwana \u201eCzysta Technologia\u201d jest cz\u0119\u015bci\u0105 strategii \u015brodowiskowej w EXPORPL\u00c1S, kt\u00f3ra jest stosowana w procesie produkcyjnym w celu zwi\u0119kszenia wydajno\u015bci produkcji, a tak\u017ce zmniejszenia i zminimalizowania wp\u0142ywu na \u015brodowisko wynikaj\u0105cego z dzia\u0142alno\u015bci produkcyjnej.Jednocze\u015bnie osi\u0105gn\u0119\u0142a ona przewag\u0119 konkurencyjn\u0105 dzi\u0119ki racjonalnemu wykorzystaniu zasob\u00f3w.&nbsp;REDUKCJA, PONOWNE WYKORZYSTANIE, RECYKLINGRecykling i ponowne wykorzystanie s\u0105 integralnymi narz\u0119dziami w tym nowym projekcie EXPORPL\u00c1S, poniewa\u017c odpady stanowi\u0105 strat\u0119 ekonomiczn\u0105 i utrat\u0119 zasob\u00f3w, a tak\u017ce powoduj\u0105 zanieczyszczenie \u015brodowiska.Dlatego firma EXPORPL\u00c1S zobowi\u0105zuje si\u0119 redukowa\u0107 odpady i priorytetowo traktuje procedury, kt\u00f3re prowadz\u0105 do ponownego wykorzystania i recyklingu, zgodnie z najlepszymi praktykami zarz\u0105dzania.Nasze produkty w 100% nadaj\u0105 si\u0119 do recyklingu, a my posiadamy w\u0142asn\u0105 jednostk\u0119 recyklingow\u0105, kt\u00f3ra przetwarza wszystkie [&hellip;]<\/p>\n","protected":false},"author":0,"featured_media":0,"parent":0,"menu_order":0,"comment_status":"closed","ping_status":"closed","template":"","meta":{"_et_pb_use_builder":"on","_et_pb_old_content":"","_et_gb_content_width":"","footnotes":""},"class_list":["post-234986","page","type-page","status-publish","hentry"],"_links":{"self":[{"href":"https:\/\/exporplas.pt\/pl\/wp-json\/wp\/v2\/pages\/234986","targetHints":{"allow":["GET"]}}],"collection":[{"href":"https:\/\/exporplas.pt\/pl\/wp-json\/wp\/v2\/pages"}],"about":[{"href":"https:\/\/exporplas.pt\/pl\/wp-json\/wp\/v2\/types\/page"}],"replies":[{"embeddable":true,"href":"https:\/\/exporplas.pt\/pl\/wp-json\/wp\/v2\/comments?post=234986"}],"version-history":[{"count":3,"href":"https:\/\/exporplas.pt\/pl\/wp-json\/wp\/v2\/pages\/234986\/revisions"}],"predecessor-version":[{"id":237979,"href":"https:\/\/exporplas.pt\/pl\/wp-json\/wp\/v2\/pages\/234986\/revisions\/237979"}],"wp:attachment":[{"href":"https:\/\/exporplas.pt\/pl\/wp-json\/wp\/v2\/media?parent=234986"}],"curies":[{"name":"wp","href":"https:\/\/api.w.org\/{rel}","templated":true}]}}