{"id":234974,"date":"2024-06-11T09:39:07","date_gmt":"2024-06-11T09:39:07","guid":{"rendered":"https:\/\/manage.exporplas\/kontakt\/"},"modified":"2024-07-17T16:35:58","modified_gmt":"2024-07-17T16:35:58","slug":"kontakt","status":"publish","type":"page","link":"https:\/\/exporplas.pt\/pl\/kontakt\/","title":{"rendered":"KONTAKT"},"content":{"rendered":"<p>[et_pb_section fb_built=&#8221;1&#8243; _builder_version=&#8221;4.18.1&#8243; _module_preset=&#8221;default&#8221; background_color=&#8221;#3dae2b&#8221; z_index=&#8221;3&#8243; animation_direction=&#8221;bottom&#8221; scroll_vertical_motion=&#8221;0|35|70|100|0.5|0|0&#8243; locked=&#8221;off&#8221; global_colors_info=&#8221;{}&#8221;][et_pb_row admin_label=&#8221;T\u00edtulo \u00c1reas de Neg\u00f3cio        &#8221; _builder_version=&#8221;4.18.1&#8243; _module_preset=&#8221;default&#8221; animation_direction=&#8221;bottom&#8221; scroll_vertical_motion_enable=&#8221;on&#8221; scroll_vertical_motion=&#8221;0|35|70|100|0.5|0|0&#8243; motion_trigger_start=&#8221;top&#8221; locked=&#8221;off&#8221; global_colors_info=&#8221;{}&#8221;][et_pb_column type=&#8221;4_4&#8243; _builder_version=&#8221;4.16&#8243; _module_preset=&#8221;default&#8221; global_colors_info=&#8221;{}&#8221;][et_pb_text _builder_version=&#8221;4.18.1&#8243; _module_preset=&#8221;ad3c469a-73a4-4c1e-8e67-4ce21c3633ec&#8221; header_2_font_size_tablet=&#8221;&#8221; header_2_font_size_phone=&#8221;&#8221; header_2_font_size_last_edited=&#8221;on|phone&#8221; global_colors_info=&#8221;{}&#8221;]<\/p>\n<h2 style=\"text-align: center;\"><span style=\"color: #ffffff;\">KONTAKT<br \/>\n        <\/span><\/h2>\n<p>[\/et_pb_text][et_pb_divider color=&#8221;#cccccc&#8221; divider_weight=&#8221;1px&#8221; divider_weight_tablet=&#8221;1px&#8221; divider_weight_phone=&#8221;1px&#8221; divider_weight_last_edited=&#8221;on|desktop&#8221; _builder_version=&#8221;4.18.1&#8243; _module_preset=&#8221;default&#8221; z_index=&#8221;1&#8243; width=&#8221;250px&#8221; width_tablet=&#8221;40%&#8221; width_phone=&#8221;60%&#8221; width_last_edited=&#8221;on|phone&#8221; module_alignment=&#8221;center&#8221; global_colors_info=&#8221;{}&#8221;][\/et_pb_divider][et_pb_divider color=&#8221;#FFFFFF&#8221; divider_weight=&#8221;4px&#8221; divider_weight_tablet=&#8221;&#8221; divider_weight_phone=&#8221;&#8221; divider_weight_last_edited=&#8221;on|tablet&#8221; _builder_version=&#8221;4.18.1&#8243; _module_preset=&#8221;default&#8221; z_index=&#8221;1&#8243; width=&#8221;95px&#8221; width_tablet=&#8221;20%&#8221; width_phone=&#8221;30%&#8221; width_last_edited=&#8221;on|phone&#8221; module_alignment=&#8221;center&#8221; custom_margin=&#8221;-54px||||false|false&#8221; custom_padding=&#8221;0px||||false|false&#8221; global_colors_info=&#8221;{}&#8221;][\/et_pb_divider][et_pb_text _builder_version=&#8221;4.18.1&#8243; _module_preset=&#8221;default&#8221; text_font=&#8221;Montserrat|300|||||||&#8221; text_text_color=&#8221;#FFFFFF&#8221; text_font_size=&#8221;22px&#8221; text_line_height=&#8221;1.3em&#8221; locked=&#8221;off&#8221; global_colors_info=&#8221;{}&#8221;]<\/p>\n<p style=\"text-align: center;\">Je\u015bli chcesz uzyska\u0107 dodatkowe informacje na temat naszych produkt\u00f3w i us\u0142ug, skontaktuj si\u0119 z nami, wype\u0142niaj\u0105c kr\u00f3tki formularz.<br \/>\n         Obiecujemy, \u017ce odpowied\u017a b\u0119dzie zwi\u0119z\u0142a.\n        <\/p>\n<p>[\/et_pb_text][\/et_pb_column][\/et_pb_row][\/et_pb_section][et_pb_section fb_built=&#8221;1&#8243; _builder_version=&#8221;4.25.0&#8243; _module_preset=&#8221;default&#8221; locked=&#8221;off&#8221; global_colors_info=&#8221;{}&#8221;][et_pb_row _builder_version=&#8221;4.25.0&#8243; _module_preset=&#8221;default&#8221; global_colors_info=&#8221;{}&#8221;][et_pb_column type=&#8221;4_4&#8243; _builder_version=&#8221;4.25.0&#8243; _module_preset=&#8221;default&#8221; global_colors_info=&#8221;{}&#8221;][et_pb_code disabled_on=&#8221;off|off|off&#8221; _builder_version=&#8221;4.26.1&#8243; _module_preset=&#8221;default&#8221; hover_enabled=&#8221;0&#8243; global_colors_info=&#8221;{}&#8221; sticky_enabled=&#8221;0&#8243;]<!DOCTYPE html><br \/>\n<html lang=\"pl\"><br \/>\n<head><br \/>\n    <meta charset=\"UTF-8\"><br \/>\n    <meta name=\"viewport\" content=\"width=device-width, initial-scale=1.0\"><br \/>\n    <title>Formularz kontaktowy<\/title><\/p>\n<style>\n        \/* Your CSS here *\/\n        @media (min-width: 981px) {\n            #div-1 {\n                padding-top: 2% !important;\n                padding-right: 0px !important;\n                padding-bottom: 2% !important;\n                padding-left: 0px !important;\n            }\n            #div-2 {\n                margin-right: 5.5% !important;\n                width: 47.25% !important;\n            }\n            #div-3 {\n                margin-bottom: 5.82% !important;\n            }\n            #div-4 {\n                margin-bottom: 5.82% !important;\n            }\n            #div-5 {\n                margin-bottom: 5.82% !important;\n            }\n            #div-6 {\n                margin-bottom: 5.82% !important;\n            }\n            #div-7 {\n                margin-right: 0px !important;\n                width: 47.25% !important;\n            }\n            #div-8 {\n                margin-bottom: 5.82% !important;\n            }\n            #div-9 {\n                margin-bottom: 5.82% !important;\n            }\n            #div-10 {\n                margin-bottom: 5.82% !important;\n            }\n        }\n        @media (max-width: 980px) {\n            #div-1 {\n                max-width: 1080px !important;\n                padding-top: 30px !important;\n                padding-right: 0px !important;\n                padding-bottom: 30px !important;\n                padding-left: 0px !important;\n            }\n            #div-2 {\n                width: 100% !important;\n                margin-bottom: 30px !important;\n            }\n            #div-3 {\n                margin-bottom: 30px !important;\n            }\n            #div-4 {\n                margin-bottom: 30px !important;\n            }\n            #div-5 {\n                margin-bottom: 30px !important;\n            }\n            #div-6 {\n                margin-bottom: 0px !important;\n            }\n            #div-7 {\n                width: 100% !important;\n                margin-bottom: 0px !important;\n            }\n            #div-8 {\n                margin-bottom: 30px !important;\n            }\n            #div-9 {\n                margin-bottom: 30px !important;\n            }\n            #div-10 {\n                margin-bottom: 0px !important;\n            }\n            #div-1 {\n                display: flex;\n                flex-direction: column-reverse;\n            }\n            #div-2, #div-7 {\n                width: 100%;\n            }\n        }\n        @media only (min-width: 1350px) {\n            #div-1 {\n                padding-top: 27px !important;\n                padding-right: 0px !important;\n                padding-bottom: 27px !important;\n                padding-left: 0px !important;\n            }\n        }\n        @media only (min-width: 768px) and (max-width: 980px) {\n            #div-1 {\n                display: none !important;\n            }\n        }\n        @media only (max-width: 767px) {\n            #div-1 {\n                display: none !important;\n            }\n        }\n        @media (max-width: 479px) {\n            #div-2 {\n                width: 100% !important;\n            }\n            #div-7 {\n                width: 100% !important;\n            }\n        }\n <\/style>\n<p>    <META HTTP-EQUIV=\"Content-type\" CONTENT=\"text\/html; charset=UTF-8\"><br \/>\n    <script src=\"https:\/\/www.google.com\/recaptcha\/api.js\"><\/script><br \/>\n    <script>\n     function timestamp() { var response = document.getElementById(\"g-recaptcha-response\"); if (response == null || response.value.trim() == \"\") {var elems = JSON.parse(document.getElementsByName(\"captcha_settings\")[0].value);elems[\"ts\"] = JSON.stringify(new Date().getTime());document.getElementsByName(\"captcha_settings\")[0].value = JSON.stringify(elems); } } setInterval(timestamp, 500); \n    <\/script><br \/>\n<\/head><br \/>\n<body><\/p>\n<div style=\"color: rgb(102, 102, 102); font-size: 14px; position: relative; width: 100%; max-width: 1080px\" id=\"div-1\">\n<div style=\"float: left; min-height: 1px\" id=\"div-2\">\n<div style=\"color: rgb(108, 175, 63); font-size: 18px; font-weight: 600\" id=\"div-3\">\n<div><span style=\"padding-bottom: 1em\">EXPORPL\u00c1S \u2013 Ind\u00fastria de Exporta\u00e7\u00e3o de Pl\u00e1sticos, S.A.<\/span><\/div>\n<\/p><\/div>\n<div style=\"color: rgb(141, 143, 146)\" id=\"div-4\">\n<div>\n                    <span>PO BOX 63. 3886-908 Cortega\u00e7a<!\u2013- [et_pb_br_holder] -\u2013>OVAR \u2013 Portugal<\/span>\n                <\/div>\n<\/p><\/div>\n<div style=\"color: rgb(141, 143, 146)\" id=\"div-5\">\n<div>\n                    <pee style=\"padding-bottom: 1em\">CENTRALA<\/pee>\n                    <pee style=\"padding-bottom: 1em\">R. dos Sobrais 89,<!\u2013- [et_pb_br_holder] -\u2013>3885-307 Cortega\u00e7a<\/pee>\n                <\/div>\n<\/p><\/div>\n<div style=\"color: rgb(141, 143, 146)\" id=\"div-6\">\n<div>\n                    <pee style=\"padding-bottom: 1em\">Tel.: (+351) 256 790 340 *<\/pee>\n                    <pee style=\"padding-bottom: 1em\">Faks: (+351) 256 791 825<\/pee>\n                    <pee style=\"padding-bottom: 1em\">Email: <a href=\"mailto:info@exporplas.pt\" style=\"color: rgb(108, 175, 63)\">info@exporplas.pt<\/a><\/pee>\n                    * Koszt po\u0142\u0105czenia do portugalskiej sieci stacjonarnej.\n                <\/div>\n<\/p><\/div>\n<\/p><\/div>\n<div style=\"float: left; position: relative; min-height: 1px\" id=\"div-7\">\n<div style=\"position: relative\" id=\"div-8\">\n<div style=\"position: relative; width: 100%\">\n<div>\n<div>\n<div style=\"bottom: 534px; clip-path: inset(50%); left: 0px; position: absolute; right: 512px; top: 0px; width: 1px; height: 1px; overflow: hidden\">\n<ul style=\"padding-bottom: 24px; padding-left: 1em; list-style-type: disc\"><\/ul>\n<\/p><\/div>\n<form action=\"https:\/\/webto.salesforce.com\/servlet\/servlet.WebToCase?encoding=UTF-8&#038;orgId=00D7R000004OowV\" method=\"POST\">\n<p>    <input type=hidden name='captcha_settings' value='{\"keyname\":\"recaptchav2\",\"fallback\":\"true\",\"orgId\":\"00D7R000004OowV\",\"ts\":\"\"}'><br \/>\n    <input type=hidden name=\"orgid\" value=\"00D7R000004OowV\"><br \/>\n    <input type=hidden name=\"retURL\" value=\"https:\/\/exporplas.pt\/submission-success\/\">\n                                <pee style=\"padding-bottom: 1em\"><!\u2013- [et_pb_br_holder] -\u2013><\/pee>\n                                <pee style=\"padding-bottom: 1em\"><label for=\"name\">Imi\u0119 i nazwisko<input id=\"name\" maxlength=\"80\" name=\"name\" size=\"20\" type=\"text\" style=\"color: rgb(100, 100, 100); background-color: rgb(238, 238, 238); cursor: text; display: inline-block; width: 100%; height: 51.2px; border-style: none; padding: 16px\" \/><\/label><\/pee>\n                                <pee style=\"padding-bottom: 1em\"><label for=\"email\">Email<input id=\"email\" maxlength=\"80\" name=\"email\" size=\"20\" type=\"text\" style=\"color: rgb(100, 100, 100); background-color: rgb(238, 238, 238); cursor: text; display: inline-block; width: 100%; height: 51.2px; border-style: none; padding: 16px\" \/><\/label><\/pee>\n                                <pee style=\"padding-bottom: 1em\"><label for=\"phone\">Telefon<input id=\"phone\" maxlength=\"40\" name=\"phone\" size=\"20\" type=\"text\" style=\"color: rgb(100, 100, 100); background-color: rgb(238, 238, 238); cursor: text; display: inline-block; width: 100%; height: 51.2px; border-style: none; padding: 16px\" \/><\/label><\/pee>\n                                <pee style=\"padding-bottom: 1em\"><label for=\"subject\">Temat<input id=\"subject\" maxlength=\"80\" name=\"subject\" size=\"20\" type=\"text\" style=\"color: rgb(100, 100, 100); background-color: rgb(238, 238, 238); cursor: text; display: inline-block; width: 100%; height: 51.2px; border-style: none; padding: 16px\" \/><\/label><\/pee>\n                                <pee style=\"padding-bottom: 1em\"><label for=\"description\">Wiadomo\u015b\u0107<textarea name=\"description\" id=\"description\" style=\"color: rgb(100, 100, 100); background-color: rgb(238, 238, 238); cursor: text; display: inline-block; width: 100%; height: 204.8px; border-style: none; padding: 16px\"><\/textarea><\/label><\/pee>\n<div class=\"g-recaptcha\" data-sitekey=\"6LdQ8AwqAAAAAFW19FqXcuLb-o2drhFByZF3mgf-\"><\/div>\n<p><!\u2013- [et_pb_br_holder] -\u2013><br \/>\n                                <input type=\"submit\" name=\"submit\" style=\"background-color: rgb(108, 175, 63); color: white; border: none; padding: 16px 32px; cursor: pointer;\"><br \/>\n                            <\/form>\n<div><\/div>\n<\/p><\/div>\n<\/p><\/div>\n<\/p><\/div>\n<\/p><\/div>\n<div id=\"div-9\"><\/div>\n<div id=\"div-10\"><\/div>\n<\/p><\/div>\n<\/p><\/div>\n<p>    <script>\n        function timestamp() { var response = document.getElementById(\"g-recaptcha-response\"); if (response == null || response.value.trim() == \"\") {var elems = JSON.parse(document.getElementsByName(\"captcha_settings\")[0].value);elems[\"ts\"] = JSON.stringify(new Date().getTime());document.getElementsByName(\"captcha_settings\")[0].value = JSON.stringify(elems); } } setInterval(timestamp, 500);\n    <\/script><br \/>\n<\/body><br \/>\n<\/html><br \/>\n[\/et_pb_code][\/et_pb_column][\/et_pb_row][\/et_pb_section][et_pb_section fb_built=&#8221;1&#8243; _builder_version=&#8221;4.16&#8243; _module_preset=&#8221;default&#8221; z_index=&#8221;3&#8243; custom_padding=&#8221;0px||0px||true|false&#8221; global_colors_info=&#8221;{}&#8221;][et_pb_row _builder_version=&#8221;4.16&#8243; _module_preset=&#8221;default&#8221; width=&#8221;100%&#8221; max_width=&#8221;100%&#8221; global_colors_info=&#8221;{}&#8221;][et_pb_column type=&#8221;4_4&#8243; _builder_version=&#8221;4.16&#8243; _module_preset=&#8221;default&#8221; global_colors_info=&#8221;{}&#8221;][dsm_embed_google_map address=&#8221;R. dos Sobrais 89, 3885-307 Cortega\u00e7a        &#8221; zoom=&#8221;12px&#8221; _builder_version=&#8221;4.9.3&#8243; _module_preset=&#8221;default&#8221; width=&#8221;100%&#8221; max_width=&#8221;100%&#8221; global_colors_info=&#8221;{}&#8221;][\/dsm_embed_google_map][\/et_pb_column][\/et_pb_row][\/et_pb_section]<\/p>\n","protected":false},"excerpt":{"rendered":"<p>KONTAKT Je\u015bli chcesz uzyska\u0107 dodatkowe informacje na temat naszych produkt\u00f3w i us\u0142ug, skontaktuj si\u0119 z nami, wype\u0142niaj\u0105c kr\u00f3tki formularz. Obiecujemy, \u017ce odpowied\u017a b\u0119dzie zwi\u0119z\u0142a. <div class=\"et_pb_module dsm_embed_google_map dsm_embed_google_map_0\">\n\t\t\t\t\n\t\t\t\t\n\t\t\t\t\n\t\t\t\t\n\t\t\t\t\n\t\t\t\t\n\t\t\t\t<div class=\"et_pb_module_inner\">\n\t\t\t\t\t<iframe loading=\"lazy\" frameborder=\"0\" scrolling=\"no\" marginheight=\"0\" marginwidth=\"0\" referrerPolicy=\"no-referrer-when-downgrade\" src=\"https:\/\/maps.google.com\/maps?q=R.%20dos%20Sobrais%2089%2C%203885-307%20Cortega%C3%A7a%20&amp;t=m&amp;z=12&amp;output=embed&amp;iwloc=near&hl=pl_PL\" aria-label=\"R. dos Sobrais 89, 3885-307 Cortega\u00e7a \"><\/iframe>\n\t\t\t\t<\/div>\n\t\t\t<\/div><\/p>\n","protected":false},"author":0,"featured_media":0,"parent":0,"menu_order":0,"comment_status":"closed","ping_status":"closed","template":"","meta":{"_et_pb_use_builder":"on","_et_pb_old_content":"","_et_gb_content_width":"","footnotes":""},"class_list":["post-234974","page","type-page","status-publish","hentry"],"_links":{"self":[{"href":"https:\/\/exporplas.pt\/pl\/wp-json\/wp\/v2\/pages\/234974","targetHints":{"allow":["GET"]}}],"collection":[{"href":"https:\/\/exporplas.pt\/pl\/wp-json\/wp\/v2\/pages"}],"about":[{"href":"https:\/\/exporplas.pt\/pl\/wp-json\/wp\/v2\/types\/page"}],"replies":[{"embeddable":true,"href":"https:\/\/exporplas.pt\/pl\/wp-json\/wp\/v2\/comments?post=234974"}],"version-history":[{"count":0,"href":"https:\/\/exporplas.pt\/pl\/wp-json\/wp\/v2\/pages\/234974\/revisions"}],"wp:attachment":[{"href":"https:\/\/exporplas.pt\/pl\/wp-json\/wp\/v2\/media?parent=234974"}],"curies":[{"name":"wp","href":"https:\/\/api.w.org\/{rel}","templated":true}]}}