{"id":234948,"date":"2024-06-11T09:39:02","date_gmt":"2024-06-11T09:39:02","guid":{"rendered":"https:\/\/manage.exporplas\/projekty\/"},"modified":"2024-06-11T09:39:20","modified_gmt":"2024-06-11T09:39:20","slug":"projekty","status":"publish","type":"page","link":"https:\/\/exporplas.pt\/pl\/projekty\/","title":{"rendered":"PROJEKTY"},"content":{"rendered":"<p>[et_pb_section fb_built=&#8221;1&#8243; _builder_version=&#8221;4.16&#8243; _module_preset=&#8221;default&#8221; global_colors_info=&#8221;{}&#8221;][et_pb_row _builder_version=&#8221;4.16&#8243; _module_preset=&#8221;default&#8221; locked=&#8221;off&#8221; global_colors_info=&#8221;{}&#8221;][et_pb_column type=&#8221;4_4&#8243; _builder_version=&#8221;4.16&#8243; _module_preset=&#8221;default&#8221; global_colors_info=&#8221;{}&#8221;][et_pb_text _builder_version=&#8221;4.18.1&#8243; _module_preset=&#8221;ad3c469a-73a4-4c1e-8e67-4ce21c3633ec&#8221; text_text_color=&#8221;#6caf3f&#8221; text_font_size=&#8221;19px&#8221; header_2_text_align=&#8221;center&#8221; header_2_text_color=&#8221;#6caf3f&#8221; locked=&#8221;off&#8221; global_colors_info=&#8221;{}&#8221;]<\/p>\n<h2>BIE\u017b\u0104CE PROJEKTY<br \/>\n        <\/h2>\n<p>[\/et_pb_text][et_pb_divider color=&#8221;#cccccc&#8221; divider_weight=&#8221;1px&#8221; _builder_version=&#8221;4.16&#8243; _module_preset=&#8221;default&#8221; z_index=&#8221;1&#8243; width=&#8221;250px&#8221; module_alignment=&#8221;center&#8221; global_colors_info=&#8221;{}&#8221;][\/et_pb_divider][et_pb_divider divider_weight=&#8221;4px&#8221; _builder_version=&#8221;4.16&#8243; _module_preset=&#8221;default&#8221; z_index=&#8221;1&#8243; width=&#8221;95px&#8221; module_alignment=&#8221;center&#8221; custom_margin=&#8221;-54px||||false|false&#8221; custom_padding=&#8221;0px||||false|false&#8221; global_colors_info=&#8221;{}&#8221;][\/et_pb_divider][\/et_pb_column][\/et_pb_row][\/et_pb_section][et_pb_section fb_built=&#8221;1&#8243; _builder_version=&#8221;4.16&#8243; _module_preset=&#8221;default&#8221; custom_padding=&#8221;0px||0px||true|false&#8221; global_colors_info=&#8221;{}&#8221;][et_pb_row _builder_version=&#8221;4.16&#8243; _module_preset=&#8221;default&#8221; global_colors_info=&#8221;{}&#8221;][et_pb_column type=&#8221;4_4&#8243; _builder_version=&#8221;4.16&#8243; _module_preset=&#8221;default&#8221; global_colors_info=&#8221;{}&#8221;][et_pb_text _builder_version=&#8221;4.18.1&#8243; _module_preset=&#8221;default&#8221; header_font=&#8221;||||||||&#8221; header_3_font=&#8221;Montserrat|300|||||||&#8221; header_3_text_color=&#8221;#6caf3f&#8221; header_3_font_size=&#8221;26px&#8221; global_colors_info=&#8221;{}&#8221;]<\/p>\n<h3>EXPORPL\u00c1S \u2013 COVID-19<br \/>\n        <\/h3>\n<h3>Projekt<br \/>\n        <\/h3>\n<p>[\/et_pb_text][et_pb_button button_text=&#8221;DOWIEDZ SI\u0118 WI\u0118CEJ<br \/>\n        &#8221; module_class=&#8221;rv_button closed&#8221; _builder_version=&#8221;4.18.1&#8243; _module_preset=&#8221;default&#8221; custom_button=&#8221;on&#8221; button_text_size=&#8221;14px&#8221; button_text_color=&#8221;#6caf3f&#8221; button_border_width=&#8221;0px&#8221; button_font=&#8221;Montserrat||||||||&#8221; button_icon=&#8221;&#x33;||divi||400&#8243; button_icon_placement=&#8221;left&#8221; button_on_hover=&#8221;off&#8221; global_colors_info=&#8221;{}&#8221;][\/et_pb_button][\/et_pb_column][\/et_pb_row][et_pb_row module_id=&#8221;reveal&#8221; _builder_version=&#8221;4.16&#8243; _module_preset=&#8221;default&#8221; global_colors_info=&#8221;{}&#8221;][et_pb_column type=&#8221;4_4&#8243; _builder_version=&#8221;4.16&#8243; _module_preset=&#8221;default&#8221; global_colors_info=&#8221;{}&#8221;][et_pb_blurb image=&#8221;https:\/\/exporplas.pt\/wp-content\/uploads\/2021\/03\/POCentro_PT2020_FEDER_Bom.jpg&#8221; _builder_version=&#8221;4.16&#8243; _module_preset=&#8221;default&#8221; body_font=&#8221;||||||||&#8221; body_font_size=&#8221;17px&#8221; global_colors_info=&#8221;{}&#8221;]<\/p>\n<p>Oznaczenie projektu | EXPORPL\u00c1S \u2013 COVID-19 Kod projektu | CENTRO-02-0889-FEDER-060593 G\u0142\u00f3wny cel| Wzmocnienie konkurencyjno\u015bci M\u015aP regionu interwencji | CENTRUM Beneficjent | EXPORPL\u00c1S \u2013 IND\u00daSTRIA DE EXPORTA\u00c7\u00c3O DE PLASTICOS, SA Data zatwierdzenia | 24.07.2020 Data rozpocz\u0119cia | 25.05.2020 Data zako\u0144czenia | 15.11.2020 Ca\u0142kowity koszt kwalifikowalny | 6547,50 \u20ac Wsparcie finansowe z Unii Europejskiej | EFRR 3237,75 \u20ac Podsumowanie projektu: Projekt ten ma na celu popraw\u0119 organizacji sp\u00f3\u0142ki w odniesieniu do \u015brodk\u00f3w kontroli pandemii COVID-19, a mianowicie zakup sprz\u0119tu do kontroli.\n        <\/p>\n<p>[\/et_pb_blurb][et_pb_code _builder_version=&#8221;4.16&#8243; _module_preset=&#8221;default&#8221; global_colors_info=&#8221;{}&#8221;]<pee>\n<style type=\"text\/css\"><!-- [et_pb_line_break_holder] -->.rv_button.closed:after {content:\"\";}<!-- [et_pb_line_break_holder] -->.rv_button.opened:after{content:\"\";}<!-- [et_pb_line_break_holder] --><\/style>\n<\/pee>\n<!-- [et_pb_line_break_holder] -->\n<pee><script type=\"text\/javascript\"><!-- [et_pb_line_break_holder] --> jQuery(document).ready(function() {<!-- [et_pb_line_break_holder] -->\/\/ Hide the div<!-- [et_pb_line_break_holder] -->jQuery('#reveal').hide();<!-- [et_pb_line_break_holder] -->jQuery('.rv_button').click(function(e){<!-- [et_pb_line_break_holder] -->e.preventDefault();jQuery(\"#reveal\").slideToggle();<!-- [et_pb_line_break_holder] -->jQuery('.rv_button').toggleClass('opened closed');<!-- [et_pb_line_break_holder] -->});<!-- [et_pb_line_break_holder] -->});<!-- [et_pb_line_break_holder] --><\/script><\/pee>[\/et_pb_code][\/et_pb_column][\/et_pb_row][\/et_pb_section][et_pb_section fb_built=&#8221;1&#8243; _builder_version=&#8221;4.16&#8243; _module_preset=&#8221;default&#8221; custom_padding=&#8221;0px||0px||true|false&#8221; global_colors_info=&#8221;{}&#8221;][et_pb_row _builder_version=&#8221;4.16&#8243; _module_preset=&#8221;default&#8221; global_colors_info=&#8221;{}&#8221;][et_pb_column type=&#8221;4_4&#8243; _builder_version=&#8221;4.16&#8243; _module_preset=&#8221;default&#8221; global_colors_info=&#8221;{}&#8221;][et_pb_text _builder_version=&#8221;4.18.1&#8243; _module_preset=&#8221;default&#8221; header_3_font=&#8221;Montserrat|300|||||||&#8221; header_3_text_color=&#8221;#6caf3f&#8221; header_3_font_size=&#8221;26px&#8221; global_colors_info=&#8221;{}&#8221;]<\/p>\n<h3>EXPORPL\u00c1S &#8211; Projekt KWALIFIKACJA<br \/>\n        <\/h3>\n<h3>Projekt<br \/>\n        <\/h3>\n<p>[\/et_pb_text][et_pb_button button_text=&#8221;DOWIEDZ SI\u0118 WI\u0118CEJ<br \/>\n        &#8221; module_class=&#8221;rv_button1 closed&#8221; _builder_version=&#8221;4.18.1&#8243; _module_preset=&#8221;default&#8221; custom_button=&#8221;on&#8221; button_text_size=&#8221;14px&#8221; button_text_color=&#8221;#6caf3f&#8221; button_border_width=&#8221;0px&#8221; button_font=&#8221;Montserrat||||||||&#8221; button_icon=&#8221;&#x33;||divi||400&#8243; button_icon_placement=&#8221;left&#8221; button_on_hover=&#8221;off&#8221; global_colors_info=&#8221;{}&#8221;][\/et_pb_button][\/et_pb_column][\/et_pb_row][et_pb_row module_id=&#8221;reveal1&#8243; _builder_version=&#8221;4.16&#8243; _module_preset=&#8221;default&#8221; global_colors_info=&#8221;{}&#8221;][et_pb_column type=&#8221;4_4&#8243; _builder_version=&#8221;4.16&#8243; _module_preset=&#8221;default&#8221; global_colors_info=&#8221;{}&#8221;][et_pb_blurb image=&#8221;https:\/\/exporplas.pt\/wp-content\/uploads\/2021\/03\/2020_1.png&#8221; _builder_version=&#8221;4.16&#8243; _module_preset=&#8221;default&#8221; body_font_size=&#8221;17px&#8221; global_colors_info=&#8221;{}&#8221;]<\/p>\n<p>Nr PROJEKTU<br \/>\n         POCI-02-0853-FEDER-035163 NAZWA PROJEKTU | EXPORPL\u00c1S \u2013 WSPARCIE KWALIFIKACJI W RAMACH SYSTEMU MOTYWACYJNEGO G\u0141\u00d3WNY CEL | WZMOCNIENIE KONKURENCYJNO\u015aCI M\u015aP REGIONU INTERWENCJI | CENTRUM CORTEGA\u00c7A.<br \/>\n         BENEFICJENT | EXPORPL\u00c1S IND\u00daSTRIA EXPORTA\u00c7\u00c3O PL\u00c1STICOS S.A. DATA ZATWIERDZENIA | 18.01.2018 DATA ROZPOCZ\u0118CIA | 01.08.2017 DATA ZAKO\u0143CZENIA | 31.12.2018 CA\u0141KOWITY KOSZT KWALIFIKOWALNY | 765 000,00 \u20ac WSPARCIE FINANSOWE Z UNII EUROPEJSKIEJ | EFRR \u2013 344 250,00 \u20ac PODSUMOWANIE PROJEKTU: G\u0142\u00f3wnym celem tego projektu jest wzmocnienie organizacji i zdolno\u015bci zarz\u0105dzania EXPORPL\u00c1S, rozwa\u017caj\u0105c zestaw inwestycji, kt\u00f3re obejmuj\u0105: platformy, kt\u00f3re przyczyniaj\u0105 si\u0119 do rozwoju nowoczesnych sieci dystrybucji, sprz\u0119t logistyczny, kt\u00f3ry przyczyni si\u0119 do lepszej organizacji i wydajno\u015bci przep\u0142yw\u00f3w pracy sp\u00f3\u0142ki, wzmocnienie zdolno\u015bci laboratoryjnych sp\u00f3\u0142ki i wdro\u017cenie projektu transformacji operacyjnej.<br \/>\n         Strategiczne cele projektu:<br \/>\n         i) osi\u0105gni\u0119cie obrot\u00f3w zbli\u017conych do 48 mln euro w roku nast\u0119puj\u0105cym po zako\u0144czeniu projektu (2019);<br \/>\n         ii) skonsolidowanie swojej obecno\u015bci na rynkach mi\u0119dzynarodowych;<br \/>\n         iii) zwi\u0119kszenie udzia\u0142u eksportu w obrotach Sp\u00f3\u0142ki;<br \/>\n         iv) bycie w\u0142a\u015bcicielem odpowiednio wyposa\u017conego laboratorium badawczo-rozwojowego;<br \/>\n         v) rozszerzenie oferty produktowej (polimerowe w\u0142\u00f3kna pojedyncze wykorzystywane do produkcji mat ze sztucznej trawy).\n        <\/p>\n<p>[\/et_pb_blurb][et_pb_code _builder_version=&#8221;4.16&#8243; _module_preset=&#8221;default&#8221; global_colors_info=&#8221;{}&#8221;]<pee>\n<style type=\"text\/css\"><!-- [et_pb_line_break_holder] -->.rv_button1.closed:after {content:\"\";}<!-- [et_pb_line_break_holder] -->.rv_button1.opened:after{content:\"\";}<!-- [et_pb_line_break_holder] --><\/style>\n<\/pee>\n<!-- [et_pb_line_break_holder] -->\n<pee><script type=\"text\/javascript\"><!-- [et_pb_line_break_holder] --> jQuery(document).ready(function() {<!-- [et_pb_line_break_holder] -->\/\/ Hide the div<!-- [et_pb_line_break_holder] -->jQuery('#reveal1').hide();<!-- [et_pb_line_break_holder] -->jQuery('.rv_button1').click(function(e){<!-- [et_pb_line_break_holder] -->e.preventDefault();jQuery(\"#reveal1\").slideToggle();<!-- [et_pb_line_break_holder] -->jQuery('.rv_button1').toggleClass('opened closed');<!-- [et_pb_line_break_holder] -->});<!-- [et_pb_line_break_holder] -->});<!-- [et_pb_line_break_holder] --><\/script><\/pee>[\/et_pb_code][\/et_pb_column][\/et_pb_row][\/et_pb_section][et_pb_section fb_built=&#8221;1&#8243; _builder_version=&#8221;4.16&#8243; _module_preset=&#8221;default&#8221; custom_padding=&#8221;0px||0px||true|false&#8221; global_colors_info=&#8221;{}&#8221;][et_pb_row _builder_version=&#8221;4.16&#8243; _module_preset=&#8221;default&#8221; global_colors_info=&#8221;{}&#8221;][et_pb_column type=&#8221;4_4&#8243; _builder_version=&#8221;4.16&#8243; _module_preset=&#8221;default&#8221; global_colors_info=&#8221;{}&#8221;][et_pb_text _builder_version=&#8221;4.18.1&#8243; _module_preset=&#8221;default&#8221; header_3_font=&#8221;Montserrat|300|||||||&#8221; header_3_text_color=&#8221;#6caf3f&#8221; header_3_font_size=&#8221;26px&#8221; global_colors_info=&#8221;{}&#8221;]<\/p>\n<h3>Projekt INOVGRASS<br \/>\n        <\/h3>\n<p>[\/et_pb_text][et_pb_button button_text=&#8221;DOWIEDZ SI\u0118 WI\u0118CEJ<br \/>\n        &#8221; module_class=&#8221;rv_button2 closed&#8221; _builder_version=&#8221;4.18.1&#8243; _module_preset=&#8221;default&#8221; custom_button=&#8221;on&#8221; button_text_size=&#8221;14px&#8221; button_text_color=&#8221;#6caf3f&#8221; button_border_width=&#8221;0px&#8221; button_font=&#8221;Montserrat||||||||&#8221; button_icon=&#8221;&#x33;||divi||400&#8243; button_icon_placement=&#8221;left&#8221; button_on_hover=&#8221;off&#8221; global_colors_info=&#8221;{}&#8221;][\/et_pb_button][\/et_pb_column][\/et_pb_row][et_pb_row module_id=&#8221;reveal2&#8243; _builder_version=&#8221;4.16&#8243; _module_preset=&#8221;default&#8221; global_colors_info=&#8221;{}&#8221;][et_pb_column type=&#8221;4_4&#8243; _builder_version=&#8221;4.16&#8243; _module_preset=&#8221;default&#8221; global_colors_info=&#8221;{}&#8221;][et_pb_blurb image=&#8221;https:\/\/exporplas.pt\/wp-content\/uploads\/2021\/03\/2020_1.png&#8221; _builder_version=&#8221;4.16&#8243; _module_preset=&#8221;default&#8221; body_font_size=&#8221;17px&#8221; global_colors_info=&#8221;{}&#8221;]<\/p>\n<p>Kod projektu: POCI-02-0853-FEDER-000594 PROJEKT INOVGRASS G\u0142\u00f3wny cel: Produkcja nowych polimerowych w\u0142\u00f3kien pojedynczych wykorzystywanych do produkcji mat ze sztucznej trawy.<br \/>\n         Region interwencji: P\u00f3\u0142noc Beneficjent: Ind\u00fastria de Exporta\u00e7\u00e3o de Pl\u00e1sticos, SA Kwota kwalifikowalna: 3 599 617,23 euro Wsparcie finansowe z UE (EFRR): 1 799 808,62 euro Inwestycja: W sp\u00f3\u0142ce realizowana jest inwestycja INOVGRASS, b\u0119d\u0105ca przedmiotem wniosku do systemu motywacyjnego Portugal 2020.<br \/>\n         Jest to projekt zatwierdzony w ramach Productive Innovation.<br \/>\n         Celem projektu jest produkcja nowych polimerowych w\u0142\u00f3kien pojedynczych wykorzystywanych do produkcji mat ze sztucznej trawy.<br \/>\n         Celem projektu jest uzupe\u0142nienie gamy produkt\u00f3w oferowanych przez sp\u00f3\u0142k\u0119 w segmencie trawy syntetycznej, a tym samym zaj\u0119cie wiod\u0105cej pozycji na rynku globalnym.<br \/>\n         Projekt ten ma na celu optymalizacj\u0119 i kontrol\u0119 proces\u00f3w, popraw\u0119 informowania zarz\u0105du i zwi\u0119kszenie asertywno\u015bci wykorzystywanych zasob\u00f3w.\n        <\/p>\n<p>[\/et_pb_blurb][et_pb_code _builder_version=&#8221;4.16&#8243; _module_preset=&#8221;default&#8221; global_colors_info=&#8221;{}&#8221;]<pee>\n<style type=\"text\/css\"><!-- [et_pb_line_break_holder] -->.rv_button2.closed:after {content:\"\";}<!-- [et_pb_line_break_holder] -->.rv_button2.opened:after{content:\"\";}<!-- [et_pb_line_break_holder] --><\/style>\n<\/pee>\n<!-- [et_pb_line_break_holder] -->\n<pee><script type=\"text\/javascript\"><!-- [et_pb_line_break_holder] --> jQuery(document).ready(function() {<!-- [et_pb_line_break_holder] -->\/\/ Hide the div<!-- [et_pb_line_break_holder] -->jQuery('#reveal2').hide();<!-- [et_pb_line_break_holder] -->jQuery('.rv_button2').click(function(e){<!-- [et_pb_line_break_holder] -->e.preventDefault();jQuery(\"#reveal2\").slideToggle();<!-- [et_pb_line_break_holder] -->jQuery('.rv_button2').toggleClass('opened closed');<!-- [et_pb_line_break_holder] -->});<!-- [et_pb_line_break_holder] -->});<!-- [et_pb_line_break_holder] --><\/script><\/pee>[\/et_pb_code][\/et_pb_column][\/et_pb_row][\/et_pb_section][et_pb_section fb_built=&#8221;1&#8243; _builder_version=&#8221;4.16&#8243; _module_preset=&#8221;default&#8221; custom_padding=&#8221;0px||0px||true|false&#8221; global_colors_info=&#8221;{}&#8221;][et_pb_row _builder_version=&#8221;4.16&#8243; _module_preset=&#8221;default&#8221; global_colors_info=&#8221;{}&#8221;][et_pb_column type=&#8221;4_4&#8243; _builder_version=&#8221;4.16&#8243; _module_preset=&#8221;default&#8221; global_colors_info=&#8221;{}&#8221;][et_pb_text _builder_version=&#8221;4.18.1&#8243; _module_preset=&#8221;default&#8221; header_3_font=&#8221;Montserrat|300|||||||&#8221; header_3_text_color=&#8221;#6caf3f&#8221; header_3_font_size=&#8221;26px&#8221; global_colors_info=&#8221;{}&#8221;]<\/p>\n<h3>Projekt TECH GRASS<br \/>\n        <\/h3>\n<p>[\/et_pb_text][et_pb_button button_text=&#8221;DOWIEDZ SI\u0118 WI\u0118CEJ<br \/>\n        &#8221; module_class=&#8221;rv_button3 closed&#8221; _builder_version=&#8221;4.18.1&#8243; _module_preset=&#8221;default&#8221; custom_button=&#8221;on&#8221; button_text_size=&#8221;14px&#8221; button_text_color=&#8221;#6caf3f&#8221; button_border_width=&#8221;0px&#8221; button_font=&#8221;Montserrat||||||||&#8221; button_icon=&#8221;&#x33;||divi||400&#8243; button_icon_placement=&#8221;left&#8221; button_on_hover=&#8221;off&#8221; global_colors_info=&#8221;{}&#8221;][\/et_pb_button][\/et_pb_column][\/et_pb_row][et_pb_row module_id=&#8221;reveal3&#8243; _builder_version=&#8221;4.16&#8243; _module_preset=&#8221;default&#8221; global_colors_info=&#8221;{}&#8221;][et_pb_column type=&#8221;4_4&#8243; _builder_version=&#8221;4.16&#8243; _module_preset=&#8221;default&#8221; global_colors_info=&#8221;{}&#8221;][et_pb_blurb image=&#8221;https:\/\/exporplas.pt\/wp-content\/uploads\/2021\/03\/POCentro_PT2020_FEDER_Bom.jpg&#8221; _builder_version=&#8221;4.18.1&#8243; _module_preset=&#8221;default&#8221; body_font_size=&#8221;17px&#8221; hover_enabled=&#8221;0&#8243; global_colors_info=&#8221;{}&#8221; sticky_enabled=&#8221;0&#8243;]<\/p>\n<p>Oznaczenie projektu | TECH GRASS<br \/>\n        <br \/>Kod projektu | CENTRO-02-0853-FEDER-044821<br \/>\n        <br \/>G\u0142\u00f3wny cel| Wzmocnienie konkurencyjno\u015bci M\u015aP regionu interwencji | CENTRUM<br \/>\n        <br \/>Beneficjent | EXPORPL\u00c1S \u2013 IND\u00daSTRIA DE EXPORTA\u00c7\u00c3O DE PLASTICOS, S.A.<br \/>\n        <br \/>Data zatwierdzenia | 03.07.2019<br \/>\n        <br \/>Data rozpocz\u0119cia | 20.03.2019<br \/>\n        <br \/>Data zako\u0144czenia | 30.12.2022<br \/>\n        <br \/>Ca\u0142kowity koszt kwalifikowalny | 2 854 249,05 \u20ac<br \/>\n        <br \/>Wsparcie finansowe z Unii Europejskiej | EFRR 828 652,95 \u20ac\n        <\/p>\n<p>Podsumowanie projektu:<br \/>\n        <br \/>Projekt ten ma na celu wzmocnienie zdolno\u015bci produkcyjnych w zakresie prz\u0119dzy jednow\u0142\u00f3knowej z liniowego polietylenu o niskiej g\u0119sto\u015bci (LLDPE) do produkcji sztucznej trawy i zwi\u0119kszenie efektywno\u015bci wykorzystania zasob\u00f3w, potwierdzaj\u0105c innowacyjny profil i mi\u0119dzynarodowy charakter dzia\u0142alno\u015bci EXPORPL\u00c1S.\n        <\/p>\n<p>[\/et_pb_blurb][et_pb_code _builder_version=&#8221;4.16&#8243; _module_preset=&#8221;default&#8221; global_colors_info=&#8221;{}&#8221;]<pee>\n<style type=\"text\/css\"><!-- [et_pb_line_break_holder] -->.rv_button3.closed:after {content:\"\";}<!-- [et_pb_line_break_holder] -->.rv_button3.opened:after{content:\"\";}<!-- [et_pb_line_break_holder] --><\/style>\n<\/pee>\n<!-- [et_pb_line_break_holder] -->\n<pee><script type=\"text\/javascript\"><!-- [et_pb_line_break_holder] --> jQuery(document).ready(function() {<!-- [et_pb_line_break_holder] -->\/\/ Hide the div<!-- [et_pb_line_break_holder] -->jQuery('#reveal3').hide();<!-- [et_pb_line_break_holder] -->jQuery('.rv_button3').click(function(e){<!-- [et_pb_line_break_holder] -->e.preventDefault();jQuery(\"#reveal3\").slideToggle();<!-- [et_pb_line_break_holder] -->jQuery('.rv_button3').toggleClass('opened closed');<!-- [et_pb_line_break_holder] -->});<!-- [et_pb_line_break_holder] -->});<!-- [et_pb_line_break_holder] --><\/script><\/pee>[\/et_pb_code][\/et_pb_column][\/et_pb_row][\/et_pb_section][et_pb_section fb_built=&#8221;1&#8243; _builder_version=&#8221;4.16&#8243; _module_preset=&#8221;default&#8221; custom_margin=&#8221;||50px||false|false&#8221; custom_margin_tablet=&#8221;||180px||false|false&#8221; custom_margin_phone=&#8221;||170px||false|false&#8221; custom_margin_last_edited=&#8221;on|phone&#8221; custom_padding=&#8221;0px||0px||true|false&#8221; global_colors_info=&#8221;{}&#8221;][et_pb_row _builder_version=&#8221;4.16&#8243; _module_preset=&#8221;default&#8221; global_colors_info=&#8221;{}&#8221;][et_pb_column type=&#8221;4_4&#8243; _builder_version=&#8221;4.16&#8243; _module_preset=&#8221;default&#8221; global_colors_info=&#8221;{}&#8221;][et_pb_text _builder_version=&#8221;4.18.1&#8243; _module_preset=&#8221;default&#8221; header_3_font=&#8221;Montserrat|300|||||||&#8221; header_3_text_color=&#8221;#6caf3f&#8221; header_3_font_size=&#8221;26px&#8221; global_colors_info=&#8221;{}&#8221;]<\/p>\n<h3>Projekt NG_TPfib<br \/>\n        <\/h3>\n<p>[\/et_pb_text][et_pb_button button_text=&#8221;DOWIEDZ SI\u0118 WI\u0118CEJ<br \/>\n        &#8221; module_class=&#8221;rv_button4 closed&#8221; _builder_version=&#8221;4.18.1&#8243; _module_preset=&#8221;default&#8221; custom_button=&#8221;on&#8221; button_text_size=&#8221;14px&#8221; button_text_color=&#8221;#6caf3f&#8221; button_border_width=&#8221;0px&#8221; button_font=&#8221;Montserrat||||||||&#8221; button_icon=&#8221;&#x33;||divi||400&#8243; button_icon_placement=&#8221;left&#8221; button_on_hover=&#8221;off&#8221; global_colors_info=&#8221;{}&#8221;][\/et_pb_button][\/et_pb_column][\/et_pb_row][et_pb_row module_id=&#8221;reveal4&#8243; _builder_version=&#8221;4.16&#8243; _module_preset=&#8221;default&#8221; global_colors_info=&#8221;{}&#8221;][et_pb_column type=&#8221;4_4&#8243; _builder_version=&#8221;4.16&#8243; _module_preset=&#8221;default&#8221; global_colors_info=&#8221;{}&#8221;][et_pb_blurb image=&#8221;https:\/\/exporplas.pt\/wp-content\/uploads\/2021\/03\/2020_1.png&#8221; _builder_version=&#8221;4.16&#8243; _module_preset=&#8221;default&#8221; body_font_size=&#8221;17px&#8221; global_colors_info=&#8221;{}&#8221;]<\/p>\n<p>AKRONIM PROJEKTU: NG_TPfib TYTU\u0141 PROJEKTU: W\u0142\u00f3kna nowej generacji do wzmacniania materia\u0142\u00f3w cementowych NR PROJEKTU: 033719 CZAS TRWANIA PROJEKTU: 36 miesi\u0119cy DATA ROZPOCZ\u0118CIA PROJEKTU: 1 lipca 2018 r.\n        <\/p>\n<p>[\/et_pb_blurb][et_pb_code _builder_version=&#8221;4.16&#8243; _module_preset=&#8221;default&#8221; global_colors_info=&#8221;{}&#8221;]<pee>\n<style type=\"text\/css\"><!-- [et_pb_line_break_holder] -->.rv_button4.closed:after {content:\"\";}<!-- [et_pb_line_break_holder] -->.rv_button4.opened:after{content:\"\";}<!-- [et_pb_line_break_holder] --><\/style>\n<\/pee>\n<!-- [et_pb_line_break_holder] -->\n<pee><script type=\"text\/javascript\"><!-- [et_pb_line_break_holder] --> jQuery(document).ready(function() {<!-- [et_pb_line_break_holder] -->\/\/ Hide the div<!-- [et_pb_line_break_holder] -->jQuery('#reveal4').hide();<!-- [et_pb_line_break_holder] -->jQuery('.rv_button4').click(function(e){<!-- [et_pb_line_break_holder] -->e.preventDefault();jQuery(\"#reveal4\").slideToggle();<!-- [et_pb_line_break_holder] -->jQuery('.rv_button4').toggleClass('opened closed');<!-- [et_pb_line_break_holder] -->});<!-- [et_pb_line_break_holder] -->});<!-- [et_pb_line_break_holder] --><\/script><\/pee>[\/et_pb_code][\/et_pb_column][\/et_pb_row][\/et_pb_section]<\/p>\n","protected":false},"excerpt":{"rendered":"<p>BIE\u017b\u0104CE PROJEKTY EXPORPL\u00c1S \u2013 COVID-19 Projekt Oznaczenie projektu | EXPORPL\u00c1S \u2013 COVID-19 Kod projektu | CENTRO-02-0889-FEDER-060593 G\u0142\u00f3wny cel| Wzmocnienie konkurencyjno\u015bci M\u015aP regionu interwencji | CENTRUM Beneficjent | EXPORPL\u00c1S \u2013 IND\u00daSTRIA DE EXPORTA\u00c7\u00c3O DE PLASTICOS, SA Data zatwierdzenia | 24.07.2020 Data rozpocz\u0119cia | 25.05.2020 Data zako\u0144czenia | 15.11.2020 Ca\u0142kowity koszt kwalifikowalny | 6547,50 \u20ac Wsparcie finansowe z Unii Europejskiej | EFRR 3237,75 \u20ac Podsumowanie projektu: Projekt ten ma na celu popraw\u0119 organizacji sp\u00f3\u0142ki w odniesieniu do \u015brodk\u00f3w kontroli pandemii COVID-19, a mianowicie zakup sprz\u0119tu do kontroli. EXPORPL\u00c1S &#8211; Projekt KWALIFIKACJA Projekt Nr PROJEKTU POCI-02-0853-FEDER-035163 NAZWA PROJEKTU | EXPORPL\u00c1S \u2013 WSPARCIE KWALIFIKACJI W RAMACH SYSTEMU MOTYWACYJNEGO G\u0141\u00d3WNY CEL | WZMOCNIENIE KONKURENCYJNO\u015aCI M\u015aP REGIONU INTERWENCJI | CENTRUM CORTEGA\u00c7A. BENEFICJENT | EXPORPL\u00c1S IND\u00daSTRIA EXPORTA\u00c7\u00c3O PL\u00c1STICOS S.A. DATA ZATWIERDZENIA | 18.01.2018 DATA ROZPOCZ\u0118CIA | 01.08.2017 DATA ZAKO\u0143CZENIA | 31.12.2018 CA\u0141KOWITY KOSZT KWALIFIKOWALNY | 765 000,00 \u20ac WSPARCIE FINANSOWE Z UNII EUROPEJSKIEJ | EFRR \u2013 344 250,00 \u20ac PODSUMOWANIE PROJEKTU: G\u0142\u00f3wnym celem tego projektu jest wzmocnienie organizacji i zdolno\u015bci zarz\u0105dzania EXPORPL\u00c1S, rozwa\u017caj\u0105c zestaw inwestycji, kt\u00f3re obejmuj\u0105: platformy, kt\u00f3re przyczyniaj\u0105 si\u0119 do rozwoju nowoczesnych sieci dystrybucji, sprz\u0119t logistyczny, kt\u00f3ry przyczyni si\u0119 do lepszej organizacji i wydajno\u015bci przep\u0142yw\u00f3w pracy sp\u00f3\u0142ki, wzmocnienie zdolno\u015bci laboratoryjnych sp\u00f3\u0142ki i wdro\u017cenie projektu transformacji [&hellip;]<\/p>\n","protected":false},"author":0,"featured_media":0,"parent":0,"menu_order":0,"comment_status":"closed","ping_status":"closed","template":"","meta":{"_et_pb_use_builder":"on","_et_pb_old_content":"","_et_gb_content_width":"","footnotes":""},"class_list":["post-234948","page","type-page","status-publish","hentry"],"_links":{"self":[{"href":"https:\/\/exporplas.pt\/pl\/wp-json\/wp\/v2\/pages\/234948","targetHints":{"allow":["GET"]}}],"collection":[{"href":"https:\/\/exporplas.pt\/pl\/wp-json\/wp\/v2\/pages"}],"about":[{"href":"https:\/\/exporplas.pt\/pl\/wp-json\/wp\/v2\/types\/page"}],"replies":[{"embeddable":true,"href":"https:\/\/exporplas.pt\/pl\/wp-json\/wp\/v2\/comments?post=234948"}],"version-history":[{"count":0,"href":"https:\/\/exporplas.pt\/pl\/wp-json\/wp\/v2\/pages\/234948\/revisions"}],"wp:attachment":[{"href":"https:\/\/exporplas.pt\/pl\/wp-json\/wp\/v2\/media?parent=234948"}],"curies":[{"name":"wp","href":"https:\/\/api.w.org\/{rel}","templated":true}]}}