{"id":234856,"date":"2024-06-11T09:38:27","date_gmt":"2024-06-11T09:38:27","guid":{"rendered":"https:\/\/manage.exporplas\/horizon\/"},"modified":"2024-10-09T15:25:36","modified_gmt":"2024-10-09T15:25:36","slug":"horizon","status":"publish","type":"page","link":"https:\/\/exporplas.pt\/pl\/obszary-dzialalnosci\/rolnictwo\/siatka-do-owijania-bel\/horizon\/","title":{"rendered":"HORIZON<sup style=\"font-size:50%\">\u00ae<\/sup>"},"content":{"rendered":"<p>[et_pb_section fb_built=&#8221;1&#8243; _builder_version=&#8221;4.16&#8243; _module_preset=&#8221;1aa77664-506e-4896-aba7-807e7db78016&#8243; locked=&#8221;off&#8221; global_colors_info=&#8221;{}&#8221;][et_pb_row _builder_version=&#8221;4.16&#8243; _module_preset=&#8221;default&#8221; max_width=&#8221;1230px&#8221; custom_margin=&#8221;||||false|false&#8221; custom_padding=&#8221;0px||0px||false|false&#8221; global_colors_info=&#8221;{}&#8221;][et_pb_column type=&#8221;4_4&#8243; _builder_version=&#8221;4.16&#8243; _module_preset=&#8221;default&#8221; global_colors_info=&#8221;{}&#8221;][dsm_breadcrumbs _builder_version=&#8221;4.16&#8243; _module_preset=&#8221;7726ac8d-7222-46bd-8a73-3088c2807996&#8243; global_colors_info=&#8221;{}&#8221;][\/dsm_breadcrumbs][\/et_pb_column][\/et_pb_row][\/et_pb_section][et_pb_section fb_built=&#8221;1&#8243; admin_label=&#8221;produto&#8221; _builder_version=&#8221;4.16&#8243; _module_preset=&#8221;default&#8221; z_index=&#8221;3&#8243; custom_padding=&#8221;0px||||false|false&#8221; global_colors_info=&#8221;{}&#8221;][et_pb_row disabled_on=&#8221;on|off|off&#8221; _builder_version=&#8221;4.16&#8243; _module_preset=&#8221;default&#8221; global_colors_info=&#8221;{}&#8221;][et_pb_column type=&#8221;4_4&#8243; _builder_version=&#8221;4.16&#8243; _module_preset=&#8221;default&#8221; global_colors_info=&#8221;{}&#8221;][et_pb_text _builder_version=&#8221;4.18.1&#8243; _module_preset=&#8221;default&#8221; text_font=&#8221;Montserrat|600|||||||&#8221; text_text_color=&#8221;#6caf3f&#8221; text_font_size=&#8221;19px&#8221; text_orientation=&#8221;center&#8221; global_colors_info=&#8221;{}&#8221;]<\/p>\n<p>ROLNICTWO | HORIZON<sup style=\"font-size: 50%;\">\u00ae<\/sup><\/p>\n<p>[\/et_pb_text][et_pb_divider color=&#8221;#cccccc&#8221; divider_weight=&#8221;1px&#8221; _builder_version=&#8221;4.16&#8243; _module_preset=&#8221;default&#8221; z_index=&#8221;1&#8243; width=&#8221;250px&#8221; module_alignment=&#8221;center&#8221; locked=&#8221;off&#8221; global_colors_info=&#8221;{}&#8221;][\/et_pb_divider][et_pb_divider divider_weight=&#8221;4px&#8221; _builder_version=&#8221;4.16&#8243; _module_preset=&#8221;default&#8221; z_index=&#8221;1&#8243; width=&#8221;95px&#8221; module_alignment=&#8221;center&#8221; custom_margin=&#8221;-54px||||false|false&#8221; custom_padding=&#8221;0px||||false|false&#8221; locked=&#8221;off&#8221; global_colors_info=&#8221;{}&#8221;][\/et_pb_divider][\/et_pb_column][\/et_pb_row][\/et_pb_section][et_pb_section fb_built=&#8221;1&#8243; module_id=&#8221;produkt        &#8221; _builder_version=&#8221;4.16&#8243; _module_preset=&#8221;default&#8221; z_index=&#8221;3&#8243; custom_margin=&#8221;||50px||false|false&#8221; custom_margin_tablet=&#8221;||180px||false|false&#8221; custom_margin_phone=&#8221;||170px||false|false&#8221; custom_margin_last_edited=&#8221;on|desktop&#8221; custom_padding=&#8221;0px||||false|false&#8221; global_colors_info=&#8221;{}&#8221;][et_pb_row column_structure=&#8221;1_2,1_2&#8243; _builder_version=&#8221;4.16&#8243; _module_preset=&#8221;default&#8221; global_colors_info=&#8221;{}&#8221;][et_pb_column type=&#8221;1_2&#8243; _builder_version=&#8221;4.16&#8243; _module_preset=&#8221;default&#8221; global_colors_info=&#8221;{}&#8221;][et_pb_text _builder_version=&#8221;4.18.1&#8243; _module_preset=&#8221;default&#8221; text_font=&#8221;Montserrat|300|||||||&#8221; text_text_color=&#8221;#6caf3f&#8221; text_font_size=&#8221;45px&#8221; header_3_font=&#8221;Montserrat|600|||||||&#8221; header_3_text_color=&#8221;#6caf3f&#8221; header_3_font_size=&#8221;45px&#8221; global_colors_info=&#8221;{}&#8221;]<\/p>\n<h3>SIATKA DO OWIJANIA BEL<br \/>\n        <\/h3>\n<p>HORIZON<sup style=\"font-size:50%\">\u00ae<\/sup><\/p>\n<p>[\/et_pb_text][et_pb_text _builder_version=&#8221;4.21.0&#8243; _module_preset=&#8221;default&#8221; global_colors_info=&#8221;{}&#8221;]<\/p>\n<p><span data-contrast=\"auto\">Odpowiedni dob\u00f3r surowc\u00f3w w po\u0142\u0105czeniu z najnowocze\u015bniejsz\u0105 technologi\u0105 daj\u0105 l\u017cejsz\u0105 siatk\u0119 i doskona\u0142e wyniki belowania na polu.<br \/>\n        <\/span><span data-ccp-props=\"{\"> <\/span><\/p>\n<p><span data-ccp-props=\"{\"> <\/span><\/p>\n<ul>\n<li><span data-contrast=\"auto\">Ekologiczna \u2013 przyczynia si\u0119 do zmniejszenia \u015bladu w\u0119glowego \u2013 mniejszy wp\u0142yw na \u015brodowisko;<br \/>\n        <\/span><\/li>\n<li><span data-contrast=\"auto\">Ekonomiczna \u2013 idealnie dopasowana do Twoich potrzeb;<br \/>\n        <\/span><\/li>\n<li><span data-contrast=\"auto\">Do belowania siana, s\u0142omy i sianokiszonki;<br \/>\n        <\/span><\/li>\n<li><span data-contrast=\"auto\">Odpowiednia do wszystkich pras beluj\u0105cych;<br \/>\n        <\/span><\/li>\n<li><span data-contrast=\"auto\">Odporna na promieniowanie UV;<br \/>\n        <\/span><\/li>\n<li><span data-contrast=\"auto\">Gwarantowana d\u0142ugo\u015b\u0107;<br \/>\n        <\/span><\/li>\n<li><span data-contrast=\"auto\">Ci\u0105g\u0142a kontrola jako\u015bci z indywidualnym identyfikatorem rolki;<br \/>\n        <\/span><\/li>\n<li><span data-contrast=\"auto\">Idealna bela w kilka obrot\u00f3w;<br \/>\n        <\/span><\/li>\n<li><span data-contrast=\"auto\">\u017b\u00f3\u0142ta ko\u0144c\u00f3wka na ostatnich metrach;<br \/>\n        <\/span><\/li>\n<li><span data-contrast=\"auto\">Wi\u0119cej rolek na palecie (oko\u0142o 30%).<br \/>\n        <\/span><\/li>\n<\/ul>\n<p><span data-contrast=\"auto\">Wyprodukowana przez OMNICOR, sp\u00f3\u0142k\u0119 nale\u017c\u0105c\u0105 do Grupy EXPORPL\u00c1S.<br \/>\n        <\/span><\/p>\n<p>[\/et_pb_text][et_pb_image src=&#8221;https:\/\/exporplas.pt\/wp-content\/uploads\/2024\/07\/Horizon_Pl.png&#8221; title_text=&#8221;Horizon_Pl&#8221; _builder_version=&#8221;4.27.2&#8243; _module_preset=&#8221;default&#8221; global_colors_info=&#8221;{}&#8221;][\/et_pb_image][\/et_pb_column][et_pb_column type=&#8221;1_2&#8243; _builder_version=&#8221;4.16&#8243; _module_preset=&#8221;default&#8221; global_colors_info=&#8221;{}&#8221;][et_pb_image src=&#8221;https:\/\/exporplas.pt\/wp-content\/uploads\/2024\/06\/Produto_EXPORPLAS_Horizon.jpg&#8221; title_text=&#8221;Produto_EXPORPLAS_Horizon&#8221; _builder_version=&#8221;4.25.1&#8243; _module_preset=&#8221;default&#8221; animation_style=&#8221;slide&#8221; animation_direction=&#8221;right&#8221; global_colors_info=&#8221;{}&#8221;][\/et_pb_image][\/et_pb_column][\/et_pb_row][et_pb_row disabled_on=&#8221;off|off|off&#8221; _builder_version=&#8221;4.16&#8243; _module_preset=&#8221;default&#8221; locked=&#8221;off&#8221; global_colors_info=&#8221;{}&#8221;][et_pb_column type=&#8221;4_4&#8243; _builder_version=&#8221;4.16&#8243; _module_preset=&#8221;default&#8221; global_colors_info=&#8221;{}&#8221;][et_pb_text _builder_version=&#8221;4.18.1&#8243; _module_preset=&#8221;default&#8221; text_font=&#8221;|300|||||||&#8221; text_text_color=&#8221;#6caf3f&#8221; text_font_size=&#8221;35px&#8221; text_line_height=&#8221;1.2em&#8221; header_3_font=&#8221;Montserrat|600|||||||&#8221; header_3_text_color=&#8221;#6caf3f&#8221; header_3_font_size=&#8221;35px&#8221; text_orientation=&#8221;center&#8221; global_colors_info=&#8221;{}&#8221;]<\/p>\n<h3>Obejrzyj film<br \/>\n        <\/h3>\n<p>[\/et_pb_text][et_pb_divider color=&#8221;#cccccc&#8221; divider_weight=&#8221;1px&#8221; _builder_version=&#8221;4.16&#8243; _module_preset=&#8221;default&#8221; z_index=&#8221;1&#8243; width=&#8221;250px&#8221; module_alignment=&#8221;center&#8221; global_colors_info=&#8221;{}&#8221;][\/et_pb_divider][et_pb_divider divider_weight=&#8221;4px&#8221; _builder_version=&#8221;4.16&#8243; _module_preset=&#8221;default&#8221; z_index=&#8221;1&#8243; width=&#8221;95px&#8221; module_alignment=&#8221;center&#8221; custom_margin=&#8221;-54px||||false|false&#8221; custom_padding=&#8221;0px||||false|false&#8221; global_colors_info=&#8221;{}&#8221;][\/et_pb_divider][\/et_pb_column][\/et_pb_row][et_pb_row disabled_on=&#8221;off|off|off&#8221; _builder_version=&#8221;4.16&#8243; _module_preset=&#8221;default&#8221; locked=&#8221;off&#8221; global_colors_info=&#8221;{}&#8221;][et_pb_column type=&#8221;4_4&#8243; _builder_version=&#8221;4.16&#8243; _module_preset=&#8221;default&#8221; global_colors_info=&#8221;{}&#8221;][et_pb_video src=&#8221;https:\/\/youtu.be\/dgbSiPYC7HM?si=osu5TX3yzesdYbLE&#8221; _builder_version=&#8221;4.27.2&#8243; _module_preset=&#8221;default&#8221; hover_enabled=&#8221;0&#8243; global_colors_info=&#8221;{}&#8221; sticky_enabled=&#8221;0&#8243;][\/et_pb_video][et_pb_text _builder_version=&#8221;4.16&#8243; _module_preset=&#8221;default&#8221; locked=&#8221;off&#8221; global_colors_info=&#8221;{}&#8221;]<\/p>\n<p><span style=\"text-decoration: underline;\"><strong><a href=\"mailto:info@exporplas.pt\">Je\u015bli chcesz dowiedzie\u0107 si\u0119 wi\u0119cej, skontaktuj si\u0119 z nami.<br \/>\n        <\/a><\/strong><\/span><\/p>\n<p>[\/et_pb_text][et_pb_button button_url=&#8221;@ET-DC@eyJkeW5hbWljIjp0cnVlLCJjb250ZW50IjoicG9zdF9saW5rX3VybF9wYWdlIiwic2V0dGluZ3MiOnsicG9zdF9pZCI6IjIyNDgxMyJ9fQ==@&#8221; button_text=&#8221; WSTECZ        &#8221; _builder_version=&#8221;4.16&#8243; _dynamic_attributes=&#8221;button_url&#8221; _module_preset=&#8221;default&#8221; custom_button=&#8221;on&#8221; button_text_size=&#8221;9px&#8221; button_text_color=&#8221;#ffffff&#8221; button_bg_color=&#8221;#6caf3f&#8221; button_border_width=&#8221;10px&#8221; button_border_color=&#8221;rgba(47,56,84,0)&#8221; button_border_radius=&#8221;60px&#8221; button_letter_spacing=&#8221;1px&#8221; button_font=&#8221;|700||on|||||&#8221; button_use_icon=&#8221;off&#8221; animation_style=&#8221;fade&#8221; locked=&#8221;off&#8221; global_colors_info=&#8221;{}&#8221; button_border_radius__hover=&#8221;66px&#8221; button_border_radius__hover_enabled=&#8221;on&#8221; button_letter_spacing__hover=&#8221;1px&#8221; button_letter_spacing__hover_enabled=&#8221;on&#8221;][\/et_pb_button][\/et_pb_column][\/et_pb_row][\/et_pb_section]<\/p>\n","protected":false},"excerpt":{"rendered":"<p><div class=\"et_pb_module dsm_breadcrumbs dsm_breadcrumbs_0\">\n\t\t\t\t\n\t\t\t\t\n\t\t\t\t\n\t\t\t\t\n\t\t\t\t\n\t\t\t\t\n\t\t\t\t<div class=\"et_pb_module_inner\">\n\t\t\t\t\t<nav class=\"dsm_breadcrumbs_wrap\">\n\t\t\t\t<ul class=\"dsm_breadcrumbs\" itemscope itemtype=\"https:\/\/schema.org\/BreadcrumbList\">\t\t\t<li class=\"dsm_breadcrumbs_item dsm_home_item dsm_home_item_custom\" itemprop=\"itemListElement\" itemscope\n\t\t\titemtype=\"https:\/\/schema.org\/ListItem\">\n\t\t\t\t<a href=\"https:\/\/exporplas.pt\/pl\/\" itemprop=\"item\" target=\"\">\n\t\t\t\t\t<span class='dsm_home_text_wrapper'>\n\t\t\t\t\t\t\t\t\t\t\t\t\t<span class=\"et-pb-icon dsm_home_icon\">\ue009<\/span>\n\t\t\t\t\t\t\t\t\t\t\t\t\t<span class=\"dsm_home_text\" itemprop=\"name\">\n\t\t\t\t\t\t\t\t \t\t\t\t\t\t\t<\/span>\n\t\t\t\t\t<\/span>\n\t\t\t\t<\/a>\n\t\t\t\t<meta itemprop=\"position\" content=\"1\" \/>\n\t\t\t<\/li>\n\n\t\t<li class=\"dsm_breadcrumbs_separator\"> <span class=\"et-pb-icon dsm_separator_icon\">5<\/span><\/li><\/ul>\n\t\t\t<\/nav>\n\t\t\t\t<\/div>\n\t\t\t<\/div>ROLNICTWO | HORIZON\u00aeSIATKA DO OWIJANIA BEL HORIZON\u00aeOdpowiedni dob\u00f3r surowc\u00f3w w po\u0142\u0105czeniu z najnowocze\u015bniejsz\u0105 technologi\u0105 daj\u0105 l\u017cejsz\u0105 siatk\u0119 i doskona\u0142e wyniki belowania na polu. Ekologiczna \u2013 przyczynia si\u0119 do zmniejszenia \u015bladu w\u0119glowego \u2013 mniejszy wp\u0142yw na \u015brodowisko; Ekonomiczna \u2013 idealnie dopasowana do Twoich potrzeb; Do belowania siana, s\u0142omy i sianokiszonki; Odpowiednia do wszystkich pras beluj\u0105cych; Odporna na promieniowanie UV; Gwarantowana d\u0142ugo\u015b\u0107; Ci\u0105g\u0142a kontrola jako\u015bci z indywidualnym identyfikatorem rolki; Idealna bela w kilka obrot\u00f3w; \u017b\u00f3\u0142ta ko\u0144c\u00f3wka na ostatnich metrach; Wi\u0119cej rolek na palecie (oko\u0142o 30%). Wyprodukowana przez OMNICOR, sp\u00f3\u0142k\u0119 nale\u017c\u0105c\u0105 do Grupy EXPORPL\u00c1S. Obejrzyj film Je\u015bli chcesz dowiedzie\u0107 si\u0119 wi\u0119cej, skontaktuj si\u0119 z nami.<\/p>\n","protected":false},"author":0,"featured_media":0,"parent":234887,"menu_order":0,"comment_status":"closed","ping_status":"closed","template":"","meta":{"_et_pb_use_builder":"on","_et_pb_old_content":"","_et_gb_content_width":"","footnotes":""},"class_list":["post-234856","page","type-page","status-publish","hentry"],"_links":{"self":[{"href":"https:\/\/exporplas.pt\/pl\/wp-json\/wp\/v2\/pages\/234856","targetHints":{"allow":["GET"]}}],"collection":[{"href":"https:\/\/exporplas.pt\/pl\/wp-json\/wp\/v2\/pages"}],"about":[{"href":"https:\/\/exporplas.pt\/pl\/wp-json\/wp\/v2\/types\/page"}],"replies":[{"embeddable":true,"href":"https:\/\/exporplas.pt\/pl\/wp-json\/wp\/v2\/comments?post=234856"}],"version-history":[{"count":0,"href":"https:\/\/exporplas.pt\/pl\/wp-json\/wp\/v2\/pages\/234856\/revisions"}],"up":[{"embeddable":true,"href":"https:\/\/exporplas.pt\/pl\/wp-json\/wp\/v2\/pages\/234887"}],"wp:attachment":[{"href":"https:\/\/exporplas.pt\/pl\/wp-json\/wp\/v2\/media?parent=234856"}],"curies":[{"name":"wp","href":"https:\/\/api.w.org\/{rel}","templated":true}]}}