{"id":234763,"date":"2024-06-09T19:02:42","date_gmt":"2024-06-09T19:02:42","guid":{"rendered":"https:\/\/manage.exporplas\/przedze-przemyslowe-przedze-jednowloknowe-polyex\/"},"modified":"2024-06-11T13:33:52","modified_gmt":"2024-06-11T13:33:52","slug":"przedze-przemyslowe-przedze-jednowloknowe-polyex","status":"publish","type":"page","link":"https:\/\/exporplas.pt\/pl\/obszary-dzialalnosci\/przemysl\/przedze-przemyslowe-przedze-jednowloknowe-polyex\/","title":{"rendered":"PRZ\u0118DZE PRZEMYS\u0141OWE | PRZ\u0118DZE JEDNOW\u0141\u00d3KNOWE POLYEX"},"content":{"rendered":"<p>[et_pb_section fb_built=&#8221;1&#8243; _builder_version=&#8221;4.16&#8243; _module_preset=&#8221;5f1d06ef-1c72-433a-84a9-f771e2c020d4&#8243; locked=&#8221;off&#8221; global_colors_info=&#8221;{}&#8221;][et_pb_row _builder_version=&#8221;4.16&#8243; _module_preset=&#8221;default&#8221; max_width=&#8221;1230px&#8221; custom_margin=&#8221;||||false|false&#8221; custom_padding=&#8221;0px||0px||false|false&#8221; global_colors_info=&#8221;{}&#8221;][et_pb_column type=&#8221;4_4&#8243; _builder_version=&#8221;4.16&#8243; _module_preset=&#8221;default&#8221; global_colors_info=&#8221;{}&#8221;][dsm_breadcrumbs _builder_version=&#8221;4.16&#8243; _module_preset=&#8221;7726ac8d-7222-46bd-8a73-3088c2807996&#8243; global_colors_info=&#8221;{}&#8221;][\/dsm_breadcrumbs][\/et_pb_column][\/et_pb_row][\/et_pb_section][et_pb_section fb_built=&#8221;1&#8243; _builder_version=&#8221;4.16&#8243; _module_preset=&#8221;default&#8221; z_index=&#8221;3&#8243; custom_padding=&#8221;0px||0px||true|false&#8221; global_colors_info=&#8221;{}&#8221;][et_pb_row _builder_version=&#8221;4.16&#8243; _module_preset=&#8221;default&#8221; global_colors_info=&#8221;{}&#8221;][et_pb_column type=&#8221;4_4&#8243; _builder_version=&#8221;4.16&#8243; _module_preset=&#8221;default&#8221; global_colors_info=&#8221;{}&#8221;][et_pb_text _builder_version=&#8221;4.18.1&#8243; _module_preset=&#8221;default&#8221; text_font=&#8221;Montserrat|600|||||||&#8221; text_text_color=&#8221;#0047BA&#8221; text_font_size=&#8221;19px&#8221; text_orientation=&#8221;center&#8221; global_colors_info=&#8221;{}&#8221;]<\/p>\n<p>PRODUKTY | PRZEMYS\u0141\n        <\/p>\n<p>[\/et_pb_text][et_pb_divider color=&#8221;#cccccc&#8221; divider_weight=&#8221;1px&#8221; _builder_version=&#8221;4.16&#8243; _module_preset=&#8221;default&#8221; z_index=&#8221;1&#8243; width=&#8221;250px&#8221; module_alignment=&#8221;center&#8221; locked=&#8221;off&#8221; global_colors_info=&#8221;{}&#8221;][\/et_pb_divider][et_pb_divider color=&#8221;#0047BA&#8221; divider_weight=&#8221;4px&#8221; _builder_version=&#8221;4.16&#8243; _module_preset=&#8221;default&#8221; z_index=&#8221;1&#8243; width=&#8221;95px&#8221; module_alignment=&#8221;center&#8221; custom_margin=&#8221;-54px||||false|false&#8221; custom_padding=&#8221;0px||||false|false&#8221; locked=&#8221;off&#8221; global_colors_info=&#8221;{}&#8221;][\/et_pb_divider][\/et_pb_column][\/et_pb_row][\/et_pb_section][et_pb_section fb_built=&#8221;1&#8243; _builder_version=&#8221;4.16&#8243; _module_preset=&#8221;default&#8221; z_index=&#8221;3&#8243; custom_padding=&#8221;0px||||false|false&#8221; global_colors_info=&#8221;{}&#8221;][et_pb_row column_structure=&#8221;1_4,1_4,1_4,1_4&#8243; module_class=&#8221;two-columns&#8221; _builder_version=&#8221;4.18.1&#8243; _module_preset=&#8221;default&#8221; width_tablet=&#8221;&#8221; width_phone=&#8221;&#8221; width_last_edited=&#8221;on|desktop&#8221; global_colors_info=&#8221;{}&#8221;][et_pb_column type=&#8221;1_4&#8243; _builder_version=&#8221;4.16&#8243; _module_preset=&#8221;default&#8221; global_colors_info=&#8221;{}&#8221;][dsm_perspective_image src=&#8221;https:\/\/exporplas.pt\/wp-content\/uploads\/2021\/04\/1555319191.jpg&#8221; title_text=&#8221;1555319191&#8243; url=&#8221;#produto<br \/>\n        &#8221; _builder_version=&#8221;4.16&#8243; _module_preset=&#8221;default&#8221; global_colors_info=&#8221;{}&#8221;][\/dsm_perspective_image][et_pb_text _builder_version=&#8221;4.18.1&#8243; _module_preset=&#8221;default&#8221; text_font=&#8221;Montserrat|700|||||||&#8221; text_text_color=&#8221;#0047BA&#8221; text_font_size=&#8221;18px&#8221; text_orientation=&#8221;center&#8221; link_option_url=&#8221;#produto<br \/>\n        &#8221; text_font_size_tablet=&#8221;18px&#8221; text_font_size_phone=&#8221;16px&#8221; text_font_size_last_edited=&#8221;on|phone&#8221; global_colors_info=&#8221;{}&#8221;]<\/p>\n<p><span class=\"TextRun SCXW214625831 BCX4\" lang=\"EN-GB\" xml:lang=\"EN-GB\" data-contrast=\"none\"><span class=\"NormalTextRun SCXW214625831 BCX4\" data-ccp-parastyle=\"heading 4\">PRZ\u0118DZE JEDNOW\u0141\u00d3KNOWE POLYEX<br \/>\n        <\/span><\/span><\/p>\n<p>[\/et_pb_text][\/et_pb_column][et_pb_column type=&#8221;1_4&#8243; _builder_version=&#8221;4.16&#8243; _module_preset=&#8221;default&#8221; global_colors_info=&#8221;{}&#8221;][dsm_perspective_image src=&#8221;https:\/\/exporplas.pt\/wp-content\/uploads\/2021\/04\/1555319729.jpg&#8221; title_text=&#8221;1555319729&#8243; url=&#8221;@ET-DC@eyJkeW5hbWljIjp0cnVlLCJjb250ZW50IjoicG9zdF9saW5rX3VybF9wYWdlIiwic2V0dGluZ3MiOnsicG9zdF9pZCI6IjI3NjcifX0=@&#8221; _builder_version=&#8221;4.18.1&#8243; _dynamic_attributes=&#8221;url&#8221; _module_preset=&#8221;default&#8221; global_colors_info=&#8221;{}&#8221;][\/dsm_perspective_image][et_pb_text _builder_version=&#8221;4.18.1&#8243; _dynamic_attributes=&#8221;link_option_url&#8221; _module_preset=&#8221;default&#8221; text_font=&#8221;Montserrat|600|||||||&#8221; text_text_color=&#8221;#8e8e8e&#8221; text_font_size=&#8221;18px&#8221; text_orientation=&#8221;center&#8221; link_option_url=&#8221;@ET-DC@eyJkeW5hbWljIjp0cnVlLCJjb250ZW50IjoicG9zdF9saW5rX3VybF9wYWdlIiwic2V0dGluZ3MiOnsicG9zdF9pZCI6IjI3NjcifX0=@&#8221; text_font_size_tablet=&#8221;18px&#8221; text_font_size_phone=&#8221;16px&#8221; text_font_size_last_edited=&#8221;on|phone&#8221; global_colors_info=&#8221;{}&#8221;]<\/p>\n<p>TA\u015aMY PP\n        <\/p>\n<p>[\/et_pb_text][\/et_pb_column][et_pb_column type=&#8221;1_4&#8243; _builder_version=&#8221;4.16&#8243; _module_preset=&#8221;default&#8221; global_colors_info=&#8221;{}&#8221;][dsm_perspective_image src=&#8221;https:\/\/exporplas.pt\/wp-content\/uploads\/2021\/04\/1555319508.jpg&#8221; title_text=&#8221;1555319508&#8243; url=&#8221;@ET-DC@eyJkeW5hbWljIjp0cnVlLCJjb250ZW50IjoicG9zdF9saW5rX3VybF9wYWdlIiwic2V0dGluZ3MiOnsicG9zdF9pZCI6IjI3NzUifX0=@&#8221; _builder_version=&#8221;4.18.1&#8243; _dynamic_attributes=&#8221;url&#8221; _module_preset=&#8221;default&#8221; global_colors_info=&#8221;{}&#8221;][\/dsm_perspective_image][et_pb_text _builder_version=&#8221;4.18.1&#8243; _dynamic_attributes=&#8221;link_option_url&#8221; _module_preset=&#8221;default&#8221; text_font=&#8221;Montserrat|600|||||||&#8221; text_text_color=&#8221;#8e8e8e&#8221; text_font_size=&#8221;18px&#8221; text_orientation=&#8221;center&#8221; link_option_url=&#8221;@ET-DC@eyJkeW5hbWljIjp0cnVlLCJjb250ZW50IjoicG9zdF9saW5rX3VybF9wYWdlIiwic2V0dGluZ3MiOnsicG9zdF9pZCI6IjI3NzUifX0=@&#8221; text_font_size_tablet=&#8221;18px&#8221; text_font_size_phone=&#8221;16px&#8221; text_font_size_last_edited=&#8221;on|phone&#8221; global_colors_info=&#8221;{}&#8221;]<\/p>\n<p><span class=\"TextRun SCXW64988380 BCX4\" lang=\"EN-GB\" xml:lang=\"EN-GB\" data-contrast=\"none\"><span class=\"NormalTextRun SCXW64988380 BCX4\" data-ccp-parastyle=\"heading 4\">PRZ\u0118DZE JEDNOW\u0141\u00d3KNOWE HDPE I PP<br \/>\n        <\/span><\/span><\/p>\n<p>[\/et_pb_text][\/et_pb_column][et_pb_column type=&#8221;1_4&#8243; _builder_version=&#8221;4.16&#8243; _module_preset=&#8221;default&#8221; global_colors_info=&#8221;{}&#8221;][dsm_perspective_image src=&#8221;https:\/\/exporplas.pt\/wp-content\/uploads\/2021\/04\/1555318865.jpg&#8221; title_text=&#8221;1555318865&#8243; url=&#8221;@ET-DC@eyJkeW5hbWljIjp0cnVlLCJjb250ZW50IjoicG9zdF9saW5rX3VybF9wYWdlIiwic2V0dGluZ3MiOnsicG9zdF9pZCI6IjI3ODIifX0=@&#8221; _builder_version=&#8221;4.18.1&#8243; _dynamic_attributes=&#8221;url&#8221; _module_preset=&#8221;default&#8221; global_colors_info=&#8221;{}&#8221;][\/dsm_perspective_image][et_pb_text _builder_version=&#8221;4.18.1&#8243; _dynamic_attributes=&#8221;link_option_url&#8221; _module_preset=&#8221;default&#8221; text_font=&#8221;Montserrat|600|||||||&#8221; text_text_color=&#8221;#8e8e8e&#8221; text_font_size=&#8221;18px&#8221; text_orientation=&#8221;center&#8221; link_option_url=&#8221;@ET-DC@eyJkeW5hbWljIjp0cnVlLCJjb250ZW50IjoicG9zdF9saW5rX3VybF9wYWdlIiwic2V0dGluZ3MiOnsicG9zdF9pZCI6IjI3ODIifX0=@&#8221; text_font_size_tablet=&#8221;18px&#8221; text_font_size_phone=&#8221;16px&#8221; text_font_size_last_edited=&#8221;on|phone&#8221; global_colors_info=&#8221;{}&#8221;]<\/p>\n<p><span class=\"TextRun SCXW245390724 BCX4\" lang=\"EN-GB\" xml:lang=\"EN-GB\" data-contrast=\"none\"><span class=\"NormalTextRun SCXW245390724 BCX4\" data-ccp-parastyle=\"heading 4\">PRZ\u0118DZE WIELOW\u0141\u00d3KNOWE PP<br \/>\n        <\/span><\/span><\/p>\n<p>[\/et_pb_text][\/et_pb_column][\/et_pb_row][\/et_pb_section][et_pb_section fb_built=&#8221;1&#8243; disabled_on=&#8221;on|off|off&#8221; admin_label=&#8221;produto&#8221; _builder_version=&#8221;4.16&#8243; _module_preset=&#8221;default&#8221; z_index=&#8221;3&#8243; custom_padding=&#8221;0px||||false|false&#8221; global_colors_info=&#8221;{}&#8221;][et_pb_row _builder_version=&#8221;4.16&#8243; _module_preset=&#8221;default&#8221; global_colors_info=&#8221;{}&#8221;][et_pb_column type=&#8221;4_4&#8243; _builder_version=&#8221;4.16&#8243; _module_preset=&#8221;default&#8221; global_colors_info=&#8221;{}&#8221;][et_pb_text _builder_version=&#8221;4.18.1&#8243; _module_preset=&#8221;default&#8221; text_font=&#8221;Montserrat|600|||||||&#8221; text_text_color=&#8221;#0047BA&#8221; text_font_size=&#8221;19px&#8221; text_orientation=&#8221;center&#8221; global_colors_info=&#8221;{}&#8221;]<\/p>\n<p>PRZEMYS\u0141 | <span class=\"TextRun SCXW214625831 BCX4\" lang=\"EN-GB\" data-contrast=\"none\"><span class=\"NormalTextRun SCXW214625831 BCX4\" data-ccp-parastyle=\"heading 4\">PRZ\u0118DZE JEDNOW\u0141\u00d3KNOWE POLYEX<\/span><\/span><\/p>\n<p>[\/et_pb_text][et_pb_divider color=&#8221;#cccccc&#8221; divider_weight=&#8221;1px&#8221; _builder_version=&#8221;4.16&#8243; _module_preset=&#8221;default&#8221; z_index=&#8221;1&#8243; width=&#8221;250px&#8221; module_alignment=&#8221;center&#8221; locked=&#8221;off&#8221; global_colors_info=&#8221;{}&#8221;][\/et_pb_divider][et_pb_divider color=&#8221;#0047BA&#8221; divider_weight=&#8221;4px&#8221; _builder_version=&#8221;4.16&#8243; _module_preset=&#8221;default&#8221; z_index=&#8221;1&#8243; width=&#8221;95px&#8221; module_alignment=&#8221;center&#8221; custom_margin=&#8221;-54px||||false|false&#8221; custom_padding=&#8221;0px||||false|false&#8221; locked=&#8221;off&#8221; global_colors_info=&#8221;{}&#8221;][\/et_pb_divider][\/et_pb_column][\/et_pb_row][\/et_pb_section][et_pb_section fb_built=&#8221;1&#8243; module_id=&#8221;produkt<br \/>\n        &#8221; _builder_version=&#8221;4.16&#8243; _module_preset=&#8221;default&#8221; z_index=&#8221;3&#8243; custom_margin=&#8221;||50px||false|false&#8221; custom_margin_tablet=&#8221;||180px||false|false&#8221; custom_margin_phone=&#8221;||170px||false|false&#8221; custom_margin_last_edited=&#8221;on|desktop&#8221; custom_padding=&#8221;0px||||false|false&#8221; global_colors_info=&#8221;{}&#8221;][et_pb_row column_structure=&#8221;1_2,1_2&#8243; _builder_version=&#8221;4.16&#8243; _module_preset=&#8221;default&#8221; global_colors_info=&#8221;{}&#8221;][et_pb_column type=&#8221;1_2&#8243; _builder_version=&#8221;4.16&#8243; _module_preset=&#8221;default&#8221; global_colors_info=&#8221;{}&#8221;][et_pb_text _builder_version=&#8221;4.18.1&#8243; _module_preset=&#8221;default&#8221; text_font=&#8221;Montserrat|300|||||||&#8221; text_text_color=&#8221;#0047BA&#8221; text_font_size=&#8221;45px&#8221; header_3_font=&#8221;Montserrat|600|||||||&#8221; header_3_text_color=&#8221;#0047BA&#8221; header_3_font_size=&#8221;45px&#8221; custom_margin=&#8221;|-15px||||&#8221; hover_enabled=&#8221;0&#8243; global_colors_info=&#8221;{}&#8221; text_font_size_last_edited=&#8221;on|phone&#8221; sticky_enabled=&#8221;0&#8243; text_font_size_phone=&#8221;25px&#8221; text_line_height=&#8221;1em&#8221; text_font_size_tablet=&#8221;45px&#8221;]<\/p>\n<h3>FIOS<br \/>\n        <\/h3>\n<p>W\u0141\u00d3KNA POJEDYNCZE POLYEX\n        <\/p>\n<p>[\/et_pb_text][et_pb_text _builder_version=&#8221;4.16&#8243; _module_preset=&#8221;default&#8221; global_colors_info=&#8221;{}&#8221;]<\/p>\n<p><span data-contrast=\"auto\">W\u0142\u00f3kna pojedyncze Polyex wykonane s\u0105 z mieszanki polipropylenu i polietylenu o wysokiej g\u0119sto\u015bci.<br \/>\n        <\/span><span data-ccp-props=\"{\"> <\/span><span data-ccp-props=\"{\"> <\/span><\/p>\n<p><strong>ZASTOSOWANIA I FUNKCJE<br \/>\n        <\/strong><span data-ccp-props=\"{\"> <\/span><\/p>\n<p><span data-contrast=\"auto\">Charakteryzuj\u0105 si\u0119 wyj\u0105tkowo wysok\u0105 odporno\u015bci\u0105 na \u015bcieranie i starzenie, w po\u0142\u0105czeniu z wyj\u0105tkowo doskona\u0142\u0105 odporno\u015bci\u0105 na naci\u0105ganie i niskim poziomem wyd\u0142u\u017cenia.<br \/>\n        <\/span><span data-ccp-props=\"{\"> <\/span><\/p>\n<p><strong>SPECYFIKACJA<br \/>\n         <\/strong><\/p>\n<p><strong>| POJEDYNCZE ODCINKI:<br \/>\n         <\/strong><\/p>\n<ol>\n<li><span data-contrast=\"auto\"> Zakres denier: od 1500 do 3000<br \/>\n        <\/span><\/li>\n<li><span data-contrast=\"auto\"> 1 do 5 w\u0142\u00f3kien pojedynczych<br \/>\n        <\/span><\/li>\n<li><span data-contrast=\"auto\"> P\u0142askie<br \/>\n        <\/span><\/li>\n<li><span data-contrast=\"auto\"> Odporne na promienie UV<br \/>\n        <\/span><\/li>\n<li><span data-contrast=\"auto\"> Szeroka gama naszych prz\u0119dz jednow\u0142\u00f3knowych Polyex dost\u0119pna jest w zr\u00f3\u017cnicowanych kolorach \u2013 naturalnym, czarnym, zielonym i innych.<br \/>\n        <\/span><\/li>\n<li><span data-contrast=\"auto\"> Wszystkie oferuj\u0105 doskona\u0142e parametry techniczne, w tym wysok\u0105 odporno\u015b\u0107 na zu\u017cycie, wysok\u0105 wytrzyma\u0142o\u015b\u0107 na zerwanie, wytrzyma\u0142o\u015b\u0107 na rozci\u0105ganie, odporno\u015b\u0107 na \u015bcieranie i starzenie.<br \/>\n        <\/span><\/li>\n<li><span data-contrast=\"auto\"> Dost\u0119pne w standardowych k\u0142\u0119bkach 10-20 kg.<br \/>\n        <\/span><\/li>\n<\/ol>\n<p><strong>| SKR\u0118CONE:<br \/>\n        <\/strong><\/p>\n<ol>\n<li><span data-contrast=\"auto\"> Zakres denier: od 12 000 do 60 000<br \/>\n        <\/span><\/li>\n<li><span data-contrast=\"auto\"> 20-60 TPM, skr\u0119t Z lub S<br \/>\n        <\/span><\/li>\n<\/ol>\n<p><strong>ZASTOSOWANIA<br \/>\n         <\/strong><\/p>\n<p><span data-contrast=\"auto\">Produkt ten jest idealny dla przemys\u0142u rybnego i innych og\u00f3lnych zastosowa\u0144.<br \/>\n         Stosowany jest g\u0142\u00f3wnie w produkcji lin, a tak\u017ce do produkcji sieci rybackich oraz innych zastosowa\u0144 morskich i og\u00f3lnych.<br \/>\n        <\/span><\/p>\n<p>[\/et_pb_text][et_pb_text _builder_version=&#8221;4.16&#8243; _module_preset=&#8221;default&#8221; link_text_color=&#8221;#0047BA&#8221; global_colors_info=&#8221;{}&#8221;]<\/p>\n<p><span style=\"text-decoration: underline;\"><strong><a href=\"mailto:info@exporplas.pt\">Je\u015bli chcesz dowiedzie\u0107 si\u0119 wi\u0119cej, skontaktuj si\u0119 z nami.<br \/>\n        <\/a><\/strong><\/span><\/p>\n<p>[\/et_pb_text][et_pb_button button_url=&#8221;@ET-DC@eyJkeW5hbWljIjp0cnVlLCJjb250ZW50IjoicG9zdF9saW5rX3VybF9wYWdlIiwic2V0dGluZ3MiOnsicG9zdF9pZCI6IjY1MCJ9fQ==@&#8221; button_text=&#8221; WSTECZ<br \/>\n        &#8221; button_alignment=&#8221;left&#8221; _builder_version=&#8221;4.18.1&#8243; _dynamic_attributes=&#8221;button_url&#8221; _module_preset=&#8221;default&#8221; custom_button=&#8221;on&#8221; button_text_size=&#8221;9px&#8221; button_text_color=&#8221;#ffffff&#8221; button_bg_color=&#8221;#0047BA&#8221; button_border_width=&#8221;10px&#8221; button_border_color=&#8221;rgba(47,56,84,0)&#8221; button_border_radius=&#8221;60px&#8221; button_letter_spacing=&#8221;1px&#8221; button_font=&#8221;|700||on|||||&#8221; button_use_icon=&#8221;off&#8221; animation_style=&#8221;fade&#8221; global_colors_info=&#8221;{}&#8221; button_border_radius__hover=&#8221;66px&#8221; button_border_radius__hover_enabled=&#8221;on&#8221; button_letter_spacing__hover=&#8221;1px&#8221; button_letter_spacing__hover_enabled=&#8221;on&#8221;][\/et_pb_button][\/et_pb_column][et_pb_column type=&#8221;1_2&#8243; _builder_version=&#8221;4.16&#8243; _module_preset=&#8221;default&#8221; global_colors_info=&#8221;{}&#8221;][et_pb_image src=&#8221;https:\/\/exporplas.pt\/wp-content\/uploads\/2021\/04\/POLYEX_Moldura.jpg&#8221; title_text=&#8221;POLYEX_Moldura<br \/>\n        &#8221; _builder_version=&#8221;4.16&#8243; _module_preset=&#8221;default&#8221; animation_style=&#8221;slide&#8221; animation_direction=&#8221;right&#8221; global_colors_info=&#8221;{}&#8221;][\/et_pb_image][\/et_pb_column][\/et_pb_row][\/et_pb_section]<\/p>\n","protected":false},"excerpt":{"rendered":"<p><div class=\"et_pb_module dsm_breadcrumbs dsm_breadcrumbs_0\">\n\t\t\t\t\n\t\t\t\t\n\t\t\t\t\n\t\t\t\t\n\t\t\t\t\n\t\t\t\t\n\t\t\t\t<div class=\"et_pb_module_inner\">\n\t\t\t\t\t<nav class=\"dsm_breadcrumbs_wrap\">\n\t\t\t\t<ul class=\"dsm_breadcrumbs\" itemscope itemtype=\"https:\/\/schema.org\/BreadcrumbList\">\t\t\t<li class=\"dsm_breadcrumbs_item dsm_home_item dsm_home_item_custom\" itemprop=\"itemListElement\" itemscope\n\t\t\titemtype=\"https:\/\/schema.org\/ListItem\">\n\t\t\t\t<a href=\"https:\/\/exporplas.pt\/pl\/\" itemprop=\"item\" target=\"\">\n\t\t\t\t\t<span class='dsm_home_text_wrapper'>\n\t\t\t\t\t\t\t\t\t\t\t\t\t<span class=\"et-pb-icon dsm_home_icon\">\ue009<\/span>\n\t\t\t\t\t\t\t\t\t\t\t\t\t<span class=\"dsm_home_text\" itemprop=\"name\">\n\t\t\t\t\t\t\t\t \t\t\t\t\t\t\t<\/span>\n\t\t\t\t\t<\/span>\n\t\t\t\t<\/a>\n\t\t\t\t<meta itemprop=\"position\" content=\"1\" \/>\n\t\t\t<\/li>\n\n\t\t<li class=\"dsm_breadcrumbs_separator\"> <span class=\"et-pb-icon dsm_separator_icon\">5<\/span><\/li><\/ul>\n\t\t\t<\/nav>\n\t\t\t\t<\/div>\n\t\t\t<\/div>PRODUKTY | PRZEMYS\u0141 <div class=\"et_pb_module dsm_perspective_image dsm_perspective_image_0\">\n\t\t\t\t\n\t\t\t\t\n\t\t\t\t\n\t\t\t\t\n\t\t\t\t\n\t\t\t\t\n\t\t\t\t<div class=\"et_pb_module_inner\">\n\t\t\t\t\t<div class=\"dsm-perspective-image-wrapper et_always_center_on_mobile\">\n\t\t\t\t\n\t\t\t\t\n\t\t\t\t<a href=\"#produto%20\" class=\"\" data-dsm-lightbox-id=\"dsm_perspective_image_0\"><span class=\"et_pb_image_wrap \"><img decoding=\"async\" src=\"https:\/\/exporplas.pt\/wp-content\/uploads\/2021\/04\/1555319191.jpg\" alt=\"\" title=\"1555319191\" \/><\/span><\/a>\n\t\t\t<\/div>\n\t\t\t\t<\/div>\n\t\t\t<\/div>PRZ\u0118DZE JEDNOW\u0141\u00d3KNOWE POLYEX <div class=\"et_pb_module dsm_perspective_image dsm_perspective_image_1\">\n\t\t\t\t\n\t\t\t\t\n\t\t\t\t\n\t\t\t\t\n\t\t\t\t\n\t\t\t\t\n\t\t\t\t<div class=\"et_pb_module_inner\">\n\t\t\t\t\t<div class=\"dsm-perspective-image-wrapper et_always_center_on_mobile\">\n\t\t\t\t\n\t\t\t\t\n\t\t\t\t<span class=\"et_pb_image_wrap \"><img decoding=\"async\" src=\"https:\/\/exporplas.pt\/wp-content\/uploads\/2021\/04\/1555319729.jpg\" alt=\"\" title=\"1555319729\" \/><\/span>\n\t\t\t<\/div>\n\t\t\t\t<\/div>\n\t\t\t<\/div>TA\u015aMY PP <div class=\"et_pb_module dsm_perspective_image dsm_perspective_image_2\">\n\t\t\t\t\n\t\t\t\t\n\t\t\t\t\n\t\t\t\t\n\t\t\t\t\n\t\t\t\t\n\t\t\t\t<div class=\"et_pb_module_inner\">\n\t\t\t\t\t<div class=\"dsm-perspective-image-wrapper et_always_center_on_mobile\">\n\t\t\t\t\n\t\t\t\t\n\t\t\t\t<span class=\"et_pb_image_wrap \"><img decoding=\"async\" src=\"https:\/\/exporplas.pt\/wp-content\/uploads\/2021\/04\/1555319508.jpg\" alt=\"\" title=\"1555319508\" \/><\/span>\n\t\t\t<\/div>\n\t\t\t\t<\/div>\n\t\t\t<\/div>PRZ\u0118DZE JEDNOW\u0141\u00d3KNOWE HDPE I PP <div class=\"et_pb_module dsm_perspective_image dsm_perspective_image_3\">\n\t\t\t\t\n\t\t\t\t\n\t\t\t\t\n\t\t\t\t\n\t\t\t\t\n\t\t\t\t\n\t\t\t\t<div class=\"et_pb_module_inner\">\n\t\t\t\t\t<div class=\"dsm-perspective-image-wrapper et_always_center_on_mobile\">\n\t\t\t\t\n\t\t\t\t\n\t\t\t\t<span class=\"et_pb_image_wrap \"><img decoding=\"async\" src=\"https:\/\/exporplas.pt\/wp-content\/uploads\/2021\/04\/1555318865.jpg\" alt=\"\" title=\"1555318865\" \/><\/span>\n\t\t\t<\/div>\n\t\t\t\t<\/div>\n\t\t\t<\/div>PRZ\u0118DZE WIELOW\u0141\u00d3KNOWE PP PRZEMYS\u0141 | PRZ\u0118DZE JEDNOW\u0141\u00d3KNOWE POLYEXFIOS W\u0141\u00d3KNA POJEDYNCZE POLYEX W\u0142\u00f3kna pojedyncze Polyex wykonane s\u0105 z mieszanki polipropylenu i polietylenu o wysokiej g\u0119sto\u015bci. ZASTOSOWANIA I FUNKCJE Charakteryzuj\u0105 si\u0119 wyj\u0105tkowo wysok\u0105 odporno\u015bci\u0105 na \u015bcieranie i starzenie, w po\u0142\u0105czeniu z wyj\u0105tkowo doskona\u0142\u0105 odporno\u015bci\u0105 na naci\u0105ganie i niskim poziomem wyd\u0142u\u017cenia. SPECYFIKACJA | POJEDYNCZE ODCINKI: Zakres denier: od 1500 do 3000 1 do 5 w\u0142\u00f3kien pojedynczych P\u0142askie Odporne na promienie UV Szeroka gama naszych prz\u0119dz jednow\u0142\u00f3knowych Polyex dost\u0119pna jest w zr\u00f3\u017cnicowanych kolorach \u2013 naturalnym, czarnym, zielonym i innych. Wszystkie oferuj\u0105 doskona\u0142e parametry techniczne, w tym wysok\u0105 odporno\u015b\u0107 na zu\u017cycie, wysok\u0105 wytrzyma\u0142o\u015b\u0107 na zerwanie, wytrzyma\u0142o\u015b\u0107 na rozci\u0105ganie, odporno\u015b\u0107 na \u015bcieranie i starzenie. Dost\u0119pne w standardowych k\u0142\u0119bkach 10-20 kg. | SKR\u0118CONE: Zakres denier: od 12 000 do 60 000 20-60 TPM, skr\u0119t Z lub S ZASTOSOWANIA Produkt ten jest idealny dla przemys\u0142u rybnego i innych og\u00f3lnych zastosowa\u0144. Stosowany jest g\u0142\u00f3wnie w produkcji lin, a tak\u017ce do produkcji sieci rybackich oraz innych [&hellip;]<\/p>\n","protected":false},"author":0,"featured_media":0,"parent":235035,"menu_order":0,"comment_status":"closed","ping_status":"closed","template":"","meta":{"_et_pb_use_builder":"on","_et_pb_old_content":"","_et_gb_content_width":"","footnotes":""},"class_list":["post-234763","page","type-page","status-publish","hentry"],"_links":{"self":[{"href":"https:\/\/exporplas.pt\/pl\/wp-json\/wp\/v2\/pages\/234763","targetHints":{"allow":["GET"]}}],"collection":[{"href":"https:\/\/exporplas.pt\/pl\/wp-json\/wp\/v2\/pages"}],"about":[{"href":"https:\/\/exporplas.pt\/pl\/wp-json\/wp\/v2\/types\/page"}],"replies":[{"embeddable":true,"href":"https:\/\/exporplas.pt\/pl\/wp-json\/wp\/v2\/comments?post=234763"}],"version-history":[{"count":0,"href":"https:\/\/exporplas.pt\/pl\/wp-json\/wp\/v2\/pages\/234763\/revisions"}],"up":[{"embeddable":true,"href":"https:\/\/exporplas.pt\/pl\/wp-json\/wp\/v2\/pages\/235035"}],"wp:attachment":[{"href":"https:\/\/exporplas.pt\/pl\/wp-json\/wp\/v2\/media?parent=234763"}],"curies":[{"name":"wp","href":"https:\/\/api.w.org\/{rel}","templated":true}]}}