{"id":238565,"date":"2026-02-24T16:48:57","date_gmt":"2026-02-24T16:48:57","guid":{"rendered":"https:\/\/exporplas.pt\/cookie-policy\/"},"modified":"2026-02-25T15:00:11","modified_gmt":"2026-02-25T15:00:11","slug":"informativa-sui-cookie","status":"publish","type":"page","link":"https:\/\/exporplas.pt\/it\/informativa-sui-cookie\/","title":{"rendered":"Informativa sui Cookie"},"content":{"rendered":"<p>[et_pb_section fb_built=&#8221;1&#8243; _builder_version=&#8221;4.27.4&#8243; _module_preset=&#8221;default&#8221; global_colors_info=&#8221;{}&#8221;][et_pb_row _builder_version=&#8221;4.27.4&#8243; _module_preset=&#8221;default&#8221; global_colors_info=&#8221;{}&#8221;][et_pb_column type=&#8221;4_4&#8243; _builder_version=&#8221;4.27.4&#8243; _module_preset=&#8221;default&#8221; global_colors_info=&#8221;{}&#8221;][et_pb_code _builder_version=&#8221;4.27.4&#8243; _module_preset=&#8221;default&#8221; global_colors_info=&#8221;{}&#8221;]<!-- [et_pb_line_break_holder] --><!\u2013- [et_pb_br_holder] -\u2013><\/p>\n<h2>Informativa sui Cookie di Exporpl\u00e1s \u2013 Industria de Exporta\u00e7\u00e3o de Pl\u00e1sticos, S.A<\/h2>\n<p><!\u2013- [et_pb_br_holder] -\u2013><!-- [et_pb_line_break_holder] --><!\u2013- [et_pb_br_holder] -\u2013><pee>Data di entrata in vigore: 8 aprile 2025<\/pee><!\u2013- [et_pb_br_holder] -\u2013><!-- [et_pb_line_break_holder] --><!\u2013- [et_pb_br_holder] -\u2013><pee>Utilizziamo cookie per migliorare la tua esperienza sul sito <a href=\"https:\/\/exporplas.pt\/it\/\">https:\/\/exporplas.pt<\/a>. La presente Cookie Policy costituisce parte integrante della Privacy Policy di Exporpl\u00e1s \u2013 Industria de Exporta\u00e7\u00e3o de Pl\u00e1sticos, S.A. e disciplina l\u2019utilizzo dei cookie tra il tuo dispositivo e il nostro sito.<\/pee><!\u2013- [et_pb_br_holder] -\u2013><!-- [et_pb_line_break_holder] --><!\u2013- [et_pb_br_holder] -\u2013><pee>Forniamo inoltre informazioni di base sui servizi di terze parti che potremmo utilizzare e che, a loro volta, possono impiegare cookie nell\u2019ambito dei loro servizi. La presente policy non copre i cookie utilizzati da tali terze parti.<\/pee><!\u2013- [et_pb_br_holder] -\u2013><!-- [et_pb_line_break_holder] --><!\u2013- [et_pb_br_holder] -\u2013><pee>Se non desideri accettare i cookie, puoi configurare il tuo browser affinch\u00e9 rifiuti i cookie provenienti da <a href=\"https:\/\/exporplas.pt\/it\/\">https:\/\/exporplas.pt<\/a>. In tal caso, potremmo non essere in grado di offrirti alcuni contenuti o servizi.<\/pee><!\u2013- [et_pb_br_holder] -\u2013><!-- [et_pb_line_break_holder] --><!-- --><!-- [et_pb_line_break_holder] --><!\u2013- [et_pb_br_holder] -\u2013><\/p>\n<h3>Che cos\u2019\u00e8 un cookie?<\/h3>\n<p><!\u2013- [et_pb_br_holder] -\u2013><!-- [et_pb_line_break_holder] --><!\u2013- [et_pb_br_holder] -\u2013><pee>Un cookie \u00e8 un piccolo file di dati che un sito web memorizza sul tuo dispositivo quando lo visiti. Contiene generalmente:<\/pee><!\u2013- [et_pb_br_holder] -\u2013><pee>\u2022 informazioni relative al sito web;<\/pee><!\u2013- [et_pb_br_holder] -\u2013><pee>\u2022 un identificatore univoco che consente al sito di riconoscere il browser al tuo ritorno;<\/pee><!\u2013- [et_pb_br_holder] -\u2013><pee>\u2022 eventuali dati aggiuntivi necessari alla sua funzione;<\/pee><!\u2013- [et_pb_br_holder] -\u2013><pee>\u2022 la durata di conservazione del cookie.<\/pee><!\u2013- [et_pb_br_holder] -\u2013><pee>I cookie vengono utilizzati per:<\/pee><!\u2013- [et_pb_br_holder] -\u2013><pee>\u2022 abilitare funzionalit\u00e0 essenziali (es. login);<\/pee><!\u2013- [et_pb_br_holder] -\u2013><pee>\u2022 monitorare l\u2019utilizzo del sito (es. analytics);<\/pee><!\u2013- [et_pb_br_holder] -\u2013><pee>\u2022 memorizzare impostazioni utente (es. fuso orario, preferenze di notifica);<\/pee><!\u2013- [et_pb_br_holder] -\u2013><pee>\u2022 personalizzare i contenuti (es. lingua, pubblicit\u00e0).<\/pee><!\u2013- [et_pb_br_holder] -\u2013><pee>I cookie impostati dal sito che stai visitando sono definiti cookie di prima parte. Quelli impostati da siti o aziende terze sono definiti cookie di terza parte e possono tracciare la tua attivit\u00e0 su altri siti che utilizzano lo stesso servizio.<\/pee><!\u2013- [et_pb_br_holder] -\u2013><!-- [et_pb_line_break_holder] --><!-- --><!-- [et_pb_line_break_holder] --><!\u2013- [et_pb_br_holder] -\u2013><\/p>\n<h3>Tipologie di cookie e loro utilizzo<\/h3>\n<p><!\u2013- [et_pb_br_holder] -\u2013><!-- [et_pb_line_break_holder] --><!\u2013- [et_pb_br_holder] -\u2013><\/p>\n<h4>Cookie essenziali<\/h4>\n<p><!\u2013- [et_pb_br_holder] -\u2013><!-- [et_pb_line_break_holder] --><!\u2013- [et_pb_br_holder] -\u2013><pee>Sono fondamentali per l\u2019esperienza di navigazione e abilitano funzionalit\u00e0 come login, gestione account, carrelli e pagamenti. Utilizziamo cookie essenziali per abilitare alcune funzioni del nostro sito.<\/pee><!\u2013- [et_pb_br_holder] -\u2013><!-- [et_pb_line_break_holder] --><!\u2013- [et_pb_br_holder] -\u2013><\/p>\n<h4>Cookie di performance<\/h4>\n<p><!\u2013- [et_pb_br_holder] -\u2013><!-- [et_pb_line_break_holder] --><!\u2013- [et_pb_br_holder] -\u2013><pee>Monitorano l\u2019utilizzo del sito durante la visita. Le informazioni raccolte sono anonime e aggregate. Aiutano a comprendere i comportamenti degli utenti, identificare errori e migliorare l\u2019esperienza complessiva. Possono essere cookie di prima o terza parte. Utilizziamo cookie di performance sul nostro sito.<\/pee><!\u2013- [et_pb_br_holder] -\u2013><!-- [et_pb_line_break_holder] --><!\u2013- [et_pb_br_holder] -\u2013><\/p>\n<h4>Cookie di funzionalit\u00e0<\/h4>\n<p><!\u2013- [et_pb_br_holder] -\u2013><!-- [et_pb_line_break_holder] --><!\u2013- [et_pb_br_holder] -\u2013><pee>Raccolgono informazioni sul dispositivo e sulle impostazioni configurate (es. lingua, fuso orario). Consentono al sito di offrire contenuti e servizi personalizzati. Possono essere cookie di prima o terza parte. Utilizziamo cookie di funzionalit\u00e0 per alcune funzionalit\u00e0 del sito.<\/pee><!\u2013- [et_pb_br_holder] -\u2013><!-- [et_pb_line_break_holder] --><!\u2013- [et_pb_br_holder] -\u2013><\/p>\n<h4>Cookie di targeting\/pubblicit\u00e0<\/h4>\n<p><!\u2013- [et_pb_br_holder] -\u2013><!-- [et_pb_line_break_holder] --><!\u2013- [et_pb_br_holder] -\u2013><pee>Determinano i contenuti promozionali pi\u00f9 pertinenti per l\u2019utente. Possono limitare il numero di visualizzazioni di un annuncio e migliorare l\u2019efficacia delle campagne. Possono essere cookie di prima o terza parte e possono tracciare l\u2019utente su altri siti. Utilizziamo cookie di targeting\/pubblicit\u00e0 sul nostro sito.<\/pee><!\u2013- [et_pb_br_holder] -\u2013><!-- [et_pb_line_break_holder] --><!-- --><!-- [et_pb_line_break_holder] --><!\u2013- [et_pb_br_holder] -\u2013><\/p>\n<h3>Come puoi controllare l\u2019uso dei cookie?<\/h3>\n<p><!\u2013- [et_pb_br_holder] -\u2013><!-- [et_pb_line_break_holder] --><!\u2013- [et_pb_br_holder] -\u2013><pee>Hai il diritto di decidere se accettare o rifiutare i cookie. Puoi gestire le tue preferenze tramite il Cookie Consent Manager, che consente di selezionare quali categorie accettare o rifiutare. I cookie essenziali non possono essere disabilitati poich\u00e9 necessari al funzionamento del sito. Puoi inoltre modificare le impostazioni del browser per gestire o bloccare i cookie. Le istruzioni variano a seconda del browser (solitamente nella sezione \u201cAiuto\u201d). Se scegli di rifiutare o disabilitare i cookie, potrai comunque utilizzare il sito, ma alcune funzionalit\u00e0 potrebbero non essere disponibili.<\/pee><!\u2013- [et_pb_br_holder] -\u2013><!-- [et_pb_line_break_holder] --><!\u2013- [et_pb_br_holder] -\u2013><\/p>\n<h3>Aggiornamenti della Cookie Policy<\/h3>\n<p><!\u2013- [et_pb_br_holder] -\u2013><!-- [et_pb_line_break_holder] --><!\u2013- [et_pb_br_holder] -\u2013><pee>Potremmo aggiornare periodicamente questa Cookie Policy per riflettere modifiche ai cookie utilizzati o per ragioni operative, legali o normative. A ogni utilizzo del sito si applica la versione pi\u00f9 recente della Cookie Policy. Ti invitiamo a verificare la data riportata all\u2019inizio del documento per controllare eventuali aggiornamenti.<\/pee><!\u2013- [et_pb_br_holder] -\u2013><!-- [et_pb_line_break_holder] --><!-- --><!-- [et_pb_line_break_holder] --><!\u2013- [et_pb_br_holder] -\u2013><\/p>\n<h3>Ulteriori informazioni<\/h3>\n<p><!\u2013- [et_pb_br_holder] -\u2013><!-- [et_pb_line_break_holder] --><!\u2013- [et_pb_br_holder] -\u2013><pee>Per domande o chiarimenti relativi alla Cookie Policy, puoi contattarci ai seguenti recapiti:<\/pee><!\u2013- [et_pb_br_holder] -\u2013><!-- [et_pb_line_break_holder] --><!\u2013- [et_pb_br_holder] -\u2013><pee>Exporpl\u00e1s &#8211; Ind\u00fastria De Exporta\u00e7\u00e3o De Pl\u00e1sticos, S.A.<!\u2013- [et_pb_br_holder] -\u2013><!-- [et_pb_line_break_holder] -->R. dos Sobrais 89, 3885-307 Cortega\u00e7a<!\u2013- [et_pb_br_holder] -\u2013><!-- [et_pb_line_break_holder] -->info@exporplas.pt<\/pee><!\u2013- [et_pb_br_holder] -\u2013><!-- [et_pb_line_break_holder] -->[\/et_pb_code][\/et_pb_column][\/et_pb_row][\/et_pb_section]<\/p>\n","protected":false},"excerpt":{"rendered":"","protected":false},"author":2,"featured_media":0,"parent":0,"menu_order":0,"comment_status":"closed","ping_status":"closed","template":"","meta":{"_et_pb_use_builder":"on","_et_pb_old_content":"","_et_gb_content_width":"","footnotes":""},"class_list":["post-238565","page","type-page","status-publish","hentry"],"_links":{"self":[{"href":"https:\/\/exporplas.pt\/it\/wp-json\/wp\/v2\/pages\/238565","targetHints":{"allow":["GET"]}}],"collection":[{"href":"https:\/\/exporplas.pt\/it\/wp-json\/wp\/v2\/pages"}],"about":[{"href":"https:\/\/exporplas.pt\/it\/wp-json\/wp\/v2\/types\/page"}],"author":[{"embeddable":true,"href":"https:\/\/exporplas.pt\/it\/wp-json\/wp\/v2\/users\/2"}],"replies":[{"embeddable":true,"href":"https:\/\/exporplas.pt\/it\/wp-json\/wp\/v2\/comments?post=238565"}],"version-history":[{"count":8,"href":"https:\/\/exporplas.pt\/it\/wp-json\/wp\/v2\/pages\/238565\/revisions"}],"predecessor-version":[{"id":238583,"href":"https:\/\/exporplas.pt\/it\/wp-json\/wp\/v2\/pages\/238565\/revisions\/238583"}],"wp:attachment":[{"href":"https:\/\/exporplas.pt\/it\/wp-json\/wp\/v2\/media?parent=238565"}],"curies":[{"name":"wp","href":"https:\/\/api.w.org\/{rel}","templated":true}]}}