{"id":238282,"date":"2026-02-10T13:08:28","date_gmt":"2026-02-10T13:08:28","guid":{"rendered":"https:\/\/exporplas.pt\/progetti\/"},"modified":"2026-02-10T13:08:29","modified_gmt":"2026-02-10T13:08:29","slug":"progetti","status":"publish","type":"page","link":"https:\/\/exporplas.pt\/it\/progetti\/","title":{"rendered":"PROGETTI"},"content":{"rendered":"<p>[et_pb_section fb_built=&#8221;1&#8243; _builder_version=&#8221;4.16&#8243; _module_preset=&#8221;default&#8221; global_colors_info=&#8221;{}&#8221;][et_pb_row _builder_version=&#8221;4.16&#8243; _module_preset=&#8221;default&#8221; locked=&#8221;off&#8221; global_colors_info=&#8221;{}&#8221;][et_pb_column type=&#8221;4_4&#8243; _builder_version=&#8221;4.16&#8243; _module_preset=&#8221;default&#8221; global_colors_info=&#8221;{}&#8221;][et_pb_text _builder_version=&#8221;4.18.1&#8243; _module_preset=&#8221;ad3c469a-73a4-4c1e-8e67-4ce21c3633ec&#8221; text_text_color=&#8221;#6caf3f&#8221; text_font_size=&#8221;19px&#8221; header_2_text_align=&#8221;center&#8221; header_2_text_color=&#8221;#6caf3f&#8221; locked=&#8221;off&#8221; global_colors_info=&#8221;{}&#8221;]<\/p>\n<h2>PROGETTI D\u2019INVESTIMENTO IN CORSO<\/h2>\n<p>[\/et_pb_text][et_pb_divider color=&#8221;#cccccc&#8221; divider_weight=&#8221;1px&#8221; _builder_version=&#8221;4.16&#8243; _module_preset=&#8221;default&#8221; z_index=&#8221;1&#8243; width=&#8221;250px&#8221; module_alignment=&#8221;center&#8221; global_colors_info=&#8221;{}&#8221;][\/et_pb_divider][et_pb_divider divider_weight=&#8221;4px&#8221; _builder_version=&#8221;4.16&#8243; _module_preset=&#8221;default&#8221; z_index=&#8221;1&#8243; width=&#8221;95px&#8221; module_alignment=&#8221;center&#8221; custom_margin=&#8221;-54px||||false|false&#8221; custom_padding=&#8221;0px||||false|false&#8221; global_colors_info=&#8221;{}&#8221;][\/et_pb_divider][\/et_pb_column][\/et_pb_row][\/et_pb_section][et_pb_section fb_built=&#8221;1&#8243; _builder_version=&#8221;4.16&#8243; _module_preset=&#8221;default&#8221; custom_padding=&#8221;0px||0px||true|false&#8221; global_colors_info=&#8221;{}&#8221;][et_pb_row _builder_version=&#8221;4.16&#8243; _module_preset=&#8221;default&#8221; global_colors_info=&#8221;{}&#8221;][et_pb_column type=&#8221;4_4&#8243; _builder_version=&#8221;4.16&#8243; _module_preset=&#8221;default&#8221; global_colors_info=&#8221;{}&#8221;][et_pb_text _builder_version=&#8221;4.18.1&#8243; _module_preset=&#8221;default&#8221; header_font=&#8221;||||||||&#8221; header_3_font=&#8221;Montserrat|300|||||||&#8221; header_3_text_color=&#8221;#6caf3f&#8221; header_3_font_size=&#8221;26px&#8221; global_colors_info=&#8221;{}&#8221;]<\/p>\n<h3>Progetto EXPORPL\u00c1S &#8211; COVID-19<\/h3>\n<p>[\/et_pb_text][et_pb_button button_text=&#8221;VEDERE DI PI\u00d9&#8221; module_class=&#8221;rv_button closed&#8221; _builder_version=&#8221;4.18.1&#8243; _module_preset=&#8221;default&#8221; custom_button=&#8221;on&#8221; button_text_size=&#8221;14px&#8221; button_text_color=&#8221;#6caf3f&#8221; button_border_width=&#8221;0px&#8221; button_font=&#8221;Montserrat||||||||&#8221; button_icon=&#8221;&#x33;||divi||400&#8243; button_icon_placement=&#8221;left&#8221; button_on_hover=&#8221;off&#8221; global_colors_info=&#8221;{}&#8221;][\/et_pb_button][\/et_pb_column][\/et_pb_row][et_pb_row module_id=&#8221;reveal&#8221; _builder_version=&#8221;4.16&#8243; _module_preset=&#8221;default&#8221; global_colors_info=&#8221;{}&#8221;][et_pb_column type=&#8221;4_4&#8243; _builder_version=&#8221;4.16&#8243; _module_preset=&#8221;default&#8221; global_colors_info=&#8221;{}&#8221;][et_pb_blurb image=&#8221;https:\/\/exporplas.pt\/wp-content\/uploads\/2021\/03\/POCentro_PT2020_FEDER_Bom.jpg&#8221; _builder_version=&#8221;4.16&#8243; _module_preset=&#8221;default&#8221; body_font=&#8221;||||||||&#8221; body_font_size=&#8221;17px&#8221; global_colors_info=&#8221;{}&#8221;]<\/p>\n<p>Designazione del progetto | EXPORPL\u00c1S &#8211; COVID-19 Codice progetto | CENTRO-02-0889-FEDER-060593 Obiettivo principale | Rafforzare la competitivit\u00e0 delle PMI Regione di intervento | CENTRAL Ente beneficiario | EXPORPL\u00c1S &#8211; IND\u00daSTRIA DE EXPORTA\u00c7\u00c3O DE PL\u00c1STICOS, S.A. Data di approvazione | 24\/07\/2020 Data di inizio | 25\/05\/2020 Data di completamento | 15\/11\/2020 Costo totale ammissibile | 6.547,50\u20ac Sostegno finanziario dell&#8217;Unione Europea | FEDER 3.237,75\u20ac Riepilogo del progetto: Questo progetto mira a migliorare la struttura organizzativa dell&#8217;azienda, in particolare per quanto riguarda le misure di controllo della pandemia di COVID-19, in particolare l&#8217;acquisizione di attrezzature di controllo.<\/p>\n<p>[\/et_pb_blurb][et_pb_code _builder_version=&#8221;4.16&#8243; _module_preset=&#8221;default&#8221; global_colors_info=&#8221;{}&#8221;]<\/p>\n<style type=\"text\/css\"><!-- [et_pb_line_break_holder] -->.rv_button.closed:after {content:\"\";}<!-- [et_pb_line_break_holder] -->.rv_button.opened:after{content:\"\";}<!-- [et_pb_line_break_holder] --><\/style>\n<p><!-- [et_pb_line_break_holder] --><script type=\"text\/javascript\"><!-- [et_pb_line_break_holder] --> jQuery(document).ready(function() {<!-- [et_pb_line_break_holder] -->\/\/ Hide the div<!-- [et_pb_line_break_holder] -->jQuery('#reveal').hide();<!-- [et_pb_line_break_holder] -->jQuery('.rv_button').click(function(e){<!-- [et_pb_line_break_holder] -->e.preventDefault();jQuery(\"#reveal\").slideToggle();<!-- [et_pb_line_break_holder] -->jQuery('.rv_button').toggleClass('opened closed');<!-- [et_pb_line_break_holder] -->});<!-- [et_pb_line_break_holder] -->});<!-- [et_pb_line_break_holder] --><\/script>[\/et_pb_code][\/et_pb_column][\/et_pb_row][\/et_pb_section][et_pb_section fb_built=&#8221;1&#8243; _builder_version=&#8221;4.16&#8243; _module_preset=&#8221;default&#8221; custom_padding=&#8221;0px||0px||true|false&#8221; global_colors_info=&#8221;{}&#8221;][et_pb_row _builder_version=&#8221;4.16&#8243; _module_preset=&#8221;default&#8221; global_colors_info=&#8221;{}&#8221;][et_pb_column type=&#8221;4_4&#8243; _builder_version=&#8221;4.16&#8243; _module_preset=&#8221;default&#8221; global_colors_info=&#8221;{}&#8221;][et_pb_text _builder_version=&#8221;4.18.1&#8243; _module_preset=&#8221;default&#8221; header_3_font=&#8221;Montserrat|300|||||||&#8221; header_3_text_color=&#8221;#6caf3f&#8221; header_3_font_size=&#8221;26px&#8221; global_colors_info=&#8221;{}&#8221;]<\/p>\n<h3>Progetto EXPORPL\u00c1S &#8211; QUALIFICAZIONE<\/h3>\n<p>[\/et_pb_text][et_pb_button button_text=&#8221;VEDERE DI PI\u00d9&#8221; module_class=&#8221;rv_button1 closed&#8221; _builder_version=&#8221;4.18.1&#8243; _module_preset=&#8221;default&#8221; custom_button=&#8221;on&#8221; button_text_size=&#8221;14px&#8221; button_text_color=&#8221;#6caf3f&#8221; button_border_width=&#8221;0px&#8221; button_font=&#8221;Montserrat||||||||&#8221; button_icon=&#8221;&#x33;||divi||400&#8243; button_icon_placement=&#8221;left&#8221; button_on_hover=&#8221;off&#8221; global_colors_info=&#8221;{}&#8221;][\/et_pb_button][\/et_pb_column][\/et_pb_row][et_pb_row module_id=&#8221;reveal1&#8243; _builder_version=&#8221;4.16&#8243; _module_preset=&#8221;default&#8221; global_colors_info=&#8221;{}&#8221;][et_pb_column type=&#8221;4_4&#8243; _builder_version=&#8221;4.16&#8243; _module_preset=&#8221;default&#8221; global_colors_info=&#8221;{}&#8221;][et_pb_blurb image=&#8221;https:\/\/exporplas.pt\/wp-content\/uploads\/2021\/03\/2020_1.png&#8221; _builder_version=&#8221;4.16&#8243; _module_preset=&#8221;default&#8221; body_font_size=&#8221;17px&#8221; global_colors_info=&#8221;{}&#8221;]<\/p>\n<p>PROGETTO N. POCI-02-0853-FEDER-035163 TITOLO DEL PROGETTO | EXPORPL\u00c1S &#8211; SUPPORTO ALLA QUALIFICAZIONE NELL&#8217;AMBITO DEL SISTEMA DI INCENTIVAZIONE OBIETTIVO PRINCIPALE | RAFFORZARE LA COMPETITIVIT\u00c0 DELLE PMI REGIONE DI INTERVENTO | REGIONE CENTRALE &#8211; CORTEGA\u00c7A. ENTE BENEFICIARIO | EXPORPL\u00c1S IND\u00daSTRIA EXPORTA\u00c7\u00c3O PL\u00c1STICOS S.A. DATA DI APPROVAZIONE | 18-01-2018 DATA DI INIZIO | 01-08-2017 DATA DI COMPLETAMENTO | 31-12-2018 COSTO TOTALE AMMISSIBILI | \u20ac765.000,00 SOSTEGNO FINANZIARIO DELL&#8217;UNIONE EUROPEA | FESR &#8211; \u20ac344.250,00 SINTESI DEL PROGETTO: L&#8217;obiettivo principale di questo progetto \u00e8 rafforzare le capacit\u00e0 organizzative e gestionali di EXPORPL\u00c1S, comprendendo una serie di investimenti che includono: piattaforme che contribuiscono allo sviluppo di moderne reti di distribuzione, attrezzature logistiche che contribuiranno a una migliore organizzazione ed efficienza dei flussi di lavoro dell&#8217;azienda, il rafforzamento delle capacit\u00e0 di laboratorio dell&#8217;azienda e l&#8217;attuazione di un progetto di trasformazione operativa. Gli obiettivi strategici del progetto sono i seguenti: i) raggiungere un fatturato prossimo ai 48 milioni di euro nell&#8217;anno successivo al progetto (2019); ii) consolidare la propria presenza sui mercati internazionali; iii) aumentare il peso delle esportazioni nel fatturato dell&#8217;azienda; iv) disporre di un laboratorio di ricerca e sviluppo adeguatamente attrezzato; (v) ampliare la propria gamma di prodotti (monofilamenti polimerici utilizzati nella produzione di tappeti erbosi artificiali).<\/p>\n<p>[\/et_pb_blurb][et_pb_code _builder_version=&#8221;4.16&#8243; _module_preset=&#8221;default&#8221; global_colors_info=&#8221;{}&#8221;]<\/p>\n<style type=\"text\/css\"><!-- [et_pb_line_break_holder] -->.rv_button1.closed:after {content:\"\";}<!-- [et_pb_line_break_holder] -->.rv_button1.opened:after{content:\"\";}<!-- [et_pb_line_break_holder] --><\/style>\n<p><!-- [et_pb_line_break_holder] --><script type=\"text\/javascript\"><!-- [et_pb_line_break_holder] --> jQuery(document).ready(function() {<!-- [et_pb_line_break_holder] -->\/\/ Hide the div<!-- [et_pb_line_break_holder] -->jQuery('#reveal1').hide();<!-- [et_pb_line_break_holder] -->jQuery('.rv_button1').click(function(e){<!-- [et_pb_line_break_holder] -->e.preventDefault();jQuery(\"#reveal1\").slideToggle();<!-- [et_pb_line_break_holder] -->jQuery('.rv_button1').toggleClass('opened closed');<!-- [et_pb_line_break_holder] -->});<!-- [et_pb_line_break_holder] -->});<!-- [et_pb_line_break_holder] --><\/script>[\/et_pb_code][\/et_pb_column][\/et_pb_row][\/et_pb_section][et_pb_section fb_built=&#8221;1&#8243; _builder_version=&#8221;4.16&#8243; _module_preset=&#8221;default&#8221; custom_padding=&#8221;0px||0px||true|false&#8221; global_colors_info=&#8221;{}&#8221;][et_pb_row _builder_version=&#8221;4.16&#8243; _module_preset=&#8221;default&#8221; global_colors_info=&#8221;{}&#8221;][et_pb_column type=&#8221;4_4&#8243; _builder_version=&#8221;4.16&#8243; _module_preset=&#8221;default&#8221; global_colors_info=&#8221;{}&#8221;][et_pb_text _builder_version=&#8221;4.18.1&#8243; _module_preset=&#8221;default&#8221; header_3_font=&#8221;Montserrat|300|||||||&#8221; header_3_text_color=&#8221;#6caf3f&#8221; header_3_font_size=&#8221;26px&#8221; global_colors_info=&#8221;{}&#8221;]<\/p>\n<h3>Progetto INOVGRASS<\/h3>\n<p>[\/et_pb_text][et_pb_button button_text=&#8221;VEDERE DI PI\u00d9&#8221; module_class=&#8221;rv_button2 closed&#8221; _builder_version=&#8221;4.18.1&#8243; _module_preset=&#8221;default&#8221; custom_button=&#8221;on&#8221; button_text_size=&#8221;14px&#8221; button_text_color=&#8221;#6caf3f&#8221; button_border_width=&#8221;0px&#8221; button_font=&#8221;Montserrat||||||||&#8221; button_icon=&#8221;&#x33;||divi||400&#8243; button_icon_placement=&#8221;left&#8221; button_on_hover=&#8221;off&#8221; global_colors_info=&#8221;{}&#8221;][\/et_pb_button][\/et_pb_column][\/et_pb_row][et_pb_row module_id=&#8221;reveal2&#8243; _builder_version=&#8221;4.16&#8243; _module_preset=&#8221;default&#8221; global_colors_info=&#8221;{}&#8221;][et_pb_column type=&#8221;4_4&#8243; _builder_version=&#8221;4.16&#8243; _module_preset=&#8221;default&#8221; global_colors_info=&#8221;{}&#8221;][et_pb_blurb image=&#8221;https:\/\/exporplas.pt\/wp-content\/uploads\/2021\/03\/2020_1.png&#8221; _builder_version=&#8221;4.16&#8243; _module_preset=&#8221;default&#8221; body_font_size=&#8221;17px&#8221; global_colors_info=&#8221;{}&#8221;]<\/p>\n<p>Codice Progetto: POCI-02-0853-FEDER-000594 PROGETTO INOVGRASS Obiettivo Principale: Produzione di nuovi monofilamenti polimerici utilizzati nella produzione di tappeti erbosi artificiali. Regione di Intervento: Nord Ente Beneficiario: Ind\u00fastria de Exporta\u00e7\u00e3o de Pl\u00e1sticos, S.A. Importo Ammissibile: \u20ac3.599.617,23 Sostegno Finanziario UE (FEDER): \u20ac1.799.808,62 Progetto di Investimento: Il Progetto di Investimento INOVGRASS, presentato al Sistema Incentivi Portogallo 2020, \u00e8 attualmente in corso presso l&#8217;azienda. Si tratta di un progetto approvato nell&#8217;ambito dell&#8217;Innovazione Produttiva. Il progetto mira a produrre nuovi monofilamenti polimerici utilizzati nella produzione di tappeti erbosi artificiali. Gli obiettivi del progetto includono il completamento della gamma di prodotti offerti dall&#8217;azienda nel segmento dell&#8217;erba sintetica e l&#8217;assunzione di una posizione di leadership nel mercato globale. Questo progetto mira a ottimizzare e controllare i processi, migliorare le informazioni gestionali e aumentare l&#8217;efficacia dell&#8217;utilizzo delle risorse.<\/p>\n<p>[\/et_pb_blurb][et_pb_code _builder_version=&#8221;4.16&#8243; _module_preset=&#8221;default&#8221; global_colors_info=&#8221;{}&#8221;]<pee>\n<style type=\"text\/css\"><!-- [et_pb_line_break_holder] -->.rv_button2.closed:after {content:\"\";}<!-- [et_pb_line_break_holder] -->.rv_button2.opened:after{content:\"\";}<!-- [et_pb_line_break_holder] --><\/style>\n<\/pee><!\u2013- [et_pb_br_holder] -\u2013><!-- [et_pb_line_break_holder] --><!\u2013- [et_pb_br_holder] -\u2013><pee><script type=\"text\/javascript\"><!-- [et_pb_line_break_holder] --> jQuery(document).ready(function() {<!-- [et_pb_line_break_holder] -->\/\/ Hide the div<!-- [et_pb_line_break_holder] -->jQuery('#reveal2').hide();<!-- [et_pb_line_break_holder] -->jQuery('.rv_button2').click(function(e){<!-- [et_pb_line_break_holder] -->e.preventDefault();jQuery(\"#reveal2\").slideToggle();<!-- [et_pb_line_break_holder] -->jQuery('.rv_button2').toggleClass('opened closed');<!-- [et_pb_line_break_holder] -->});<!-- [et_pb_line_break_holder] -->});<!-- [et_pb_line_break_holder] --><\/script><\/pee>[\/et_pb_code][\/et_pb_column][\/et_pb_row][\/et_pb_section][et_pb_section fb_built=&#8221;1&#8243; _builder_version=&#8221;4.16&#8243; _module_preset=&#8221;default&#8221; custom_padding=&#8221;0px||0px||true|false&#8221; global_colors_info=&#8221;{}&#8221;][et_pb_row _builder_version=&#8221;4.16&#8243; _module_preset=&#8221;default&#8221; global_colors_info=&#8221;{}&#8221;][et_pb_column type=&#8221;4_4&#8243; _builder_version=&#8221;4.16&#8243; _module_preset=&#8221;default&#8221; global_colors_info=&#8221;{}&#8221;][et_pb_text _builder_version=&#8221;4.18.1&#8243; _module_preset=&#8221;default&#8221; header_3_font=&#8221;Montserrat|300|||||||&#8221; header_3_text_color=&#8221;#6caf3f&#8221; header_3_font_size=&#8221;26px&#8221; global_colors_info=&#8221;{}&#8221;]<\/p>\n<h3>Progetto TECH GRASS<\/h3>\n<p>[\/et_pb_text][et_pb_button button_text=&#8221;VEDERE DI PI\u00d9&#8221; module_class=&#8221;rv_button3 closed&#8221; _builder_version=&#8221;4.18.1&#8243; _module_preset=&#8221;default&#8221; custom_button=&#8221;on&#8221; button_text_size=&#8221;14px&#8221; button_text_color=&#8221;#6caf3f&#8221; button_border_width=&#8221;0px&#8221; button_font=&#8221;Montserrat||||||||&#8221; button_icon=&#8221;&#x33;||divi||400&#8243; button_icon_placement=&#8221;left&#8221; button_on_hover=&#8221;off&#8221; global_colors_info=&#8221;{}&#8221;][\/et_pb_button][\/et_pb_column][\/et_pb_row][et_pb_row module_id=&#8221;reveal3&#8243; _builder_version=&#8221;4.16&#8243; _module_preset=&#8221;default&#8221; global_colors_info=&#8221;{}&#8221;][et_pb_column type=&#8221;4_4&#8243; _builder_version=&#8221;4.16&#8243; _module_preset=&#8221;default&#8221; global_colors_info=&#8221;{}&#8221;][et_pb_blurb image=&#8221;https:\/\/exporplas.pt\/wp-content\/uploads\/2021\/03\/POCentro_PT2020_FEDER_Bom.jpg&#8221; _builder_version=&#8221;4.18.1&#8243; _module_preset=&#8221;default&#8221; body_font_size=&#8221;17px&#8221; hover_enabled=&#8221;0&#8243; global_colors_info=&#8221;{}&#8221; sticky_enabled=&#8221;0&#8243;]<\/p>\n<p>Designazione del progetto | ERBA TECNICA<br \/>Codice progetto | CENTRO-02-0853-FEDER-044821<br \/>Obiettivo principale | Rafforzare la competitivit\u00e0 delle PMI<br \/>Regione di intervento | CENTRALE<br \/>Soggetto Beneficiario | EXPORPL\u00c1S &#8211; IND\u00daSTRIA DE EXPORTA\u00c7\u00c3O DE PL\u00c1STICOS, S.A.<\/p>\n<p><\/p>\n<p>Data di approvazione | 2019-07-03<br \/>Data di inizio | 20\/03\/2019<br \/>Data di completamento | 2022-12-30<br \/>Costo totale ammissibile | 2.854.249,05\u20ac<br \/>Sostegno finanziario dell&#8217;Unione europea | FEDER 828.652,95\u20ac<\/p>\n<p><\/p>\n<p>Riepilogo del progetto:<br \/>Questo progetto mira a rafforzare la capacit\u00e0 produttiva di monofilamenti lineari in polietilene a bassa densit\u00e0 (LLDPE) per la produzione di erba sintetica e ad aumentare l&#8217;efficienza nell&#8217;uso delle risorse, affermando ulteriormente il profilo innovativo e la vocazione internazionale di EXPORPL\u00c1S.<\/p>\n<p>[\/et_pb_blurb][et_pb_code _builder_version=&#8221;4.16&#8243; _module_preset=&#8221;default&#8221; global_colors_info=&#8221;{}&#8221;]<\/p>\n<style type=\"text\/css\"><!-- [et_pb_line_break_holder] -->.rv_button3.closed:after {content:\"\";}<!-- [et_pb_line_break_holder] -->.rv_button3.opened:after{content:\"\";}<!-- [et_pb_line_break_holder] --><\/style>\n<p><!-- [et_pb_line_break_holder] --><script type=\"text\/javascript\"><!-- [et_pb_line_break_holder] --> jQuery(document).ready(function() {<!-- [et_pb_line_break_holder] -->\/\/ Hide the div<!-- [et_pb_line_break_holder] -->jQuery('#reveal3').hide();<!-- [et_pb_line_break_holder] -->jQuery('.rv_button3').click(function(e){<!-- [et_pb_line_break_holder] -->e.preventDefault();jQuery(\"#reveal3\").slideToggle();<!-- [et_pb_line_break_holder] -->jQuery('.rv_button3').toggleClass('opened closed');<!-- [et_pb_line_break_holder] -->});<!-- [et_pb_line_break_holder] -->});<!-- [et_pb_line_break_holder] --><\/script>[\/et_pb_code][\/et_pb_column][\/et_pb_row][\/et_pb_section][et_pb_section fb_built=&#8221;1&#8243; _builder_version=&#8221;4.16&#8243; _module_preset=&#8221;default&#8221; custom_margin=&#8221;||50px||false|false&#8221; custom_margin_tablet=&#8221;||180px||false|false&#8221; custom_margin_phone=&#8221;||170px||false|false&#8221; custom_margin_last_edited=&#8221;on|phone&#8221; custom_padding=&#8221;0px||0px||true|false&#8221; global_colors_info=&#8221;{}&#8221;][et_pb_row _builder_version=&#8221;4.16&#8243; _module_preset=&#8221;default&#8221; global_colors_info=&#8221;{}&#8221;][et_pb_column type=&#8221;4_4&#8243; _builder_version=&#8221;4.16&#8243; _module_preset=&#8221;default&#8221; global_colors_info=&#8221;{}&#8221;][et_pb_text _builder_version=&#8221;4.18.1&#8243; _module_preset=&#8221;default&#8221; header_3_font=&#8221;Montserrat|300|||||||&#8221; header_3_text_color=&#8221;#6caf3f&#8221; header_3_font_size=&#8221;26px&#8221; global_colors_info=&#8221;{}&#8221;]<\/p>\n<h3>Progetto NG_TPfib<\/h3>\n<p>[\/et_pb_text][et_pb_button button_text=&#8221;VEDERE DI PI\u00d9&#8221; module_class=&#8221;rv_button4 closed&#8221; _builder_version=&#8221;4.18.1&#8243; _module_preset=&#8221;default&#8221; custom_button=&#8221;on&#8221; button_text_size=&#8221;14px&#8221; button_text_color=&#8221;#6caf3f&#8221; button_border_width=&#8221;0px&#8221; button_font=&#8221;Montserrat||||||||&#8221; button_icon=&#8221;&#x33;||divi||400&#8243; button_icon_placement=&#8221;left&#8221; button_on_hover=&#8221;off&#8221; global_colors_info=&#8221;{}&#8221;][\/et_pb_button][\/et_pb_column][\/et_pb_row][et_pb_row module_id=&#8221;reveal4&#8243; _builder_version=&#8221;4.16&#8243; _module_preset=&#8221;default&#8221; global_colors_info=&#8221;{}&#8221;][et_pb_column type=&#8221;4_4&#8243; _builder_version=&#8221;4.16&#8243; _module_preset=&#8221;default&#8221; global_colors_info=&#8221;{}&#8221;][et_pb_blurb image=&#8221;https:\/\/exporplas.pt\/wp-content\/uploads\/2021\/03\/2020_1.png&#8221; _builder_version=&#8221;4.16&#8243; _module_preset=&#8221;default&#8221; body_font_size=&#8221;17px&#8221; global_colors_info=&#8221;{}&#8221;]<\/p>\n<p>ACRONIMO DEL PROGETTO: NG_TPfib TITOLO DEL PROGETTO: Nuova generazione di fibre per il rinforzo di materiali a matrice cementizia NUMERO DEL PROGETTO: 033719 DURATA DEL PROGETTO: 36 mesi DATA DI INIZIO DEL PROGETTO: 1 luglio 2018<\/p>\n<p>[\/et_pb_blurb][et_pb_code _builder_version=&#8221;4.16&#8243; _module_preset=&#8221;default&#8221; global_colors_info=&#8221;{}&#8221;]<\/p>\n<style type=\"text\/css\"><!-- [et_pb_line_break_holder] -->.rv_button4.closed:after {content:\"\";}<!-- [et_pb_line_break_holder] -->.rv_button4.opened:after{content:\"\";}<!-- [et_pb_line_break_holder] --><\/style>\n<p><!-- [et_pb_line_break_holder] --><script type=\"text\/javascript\"><!-- [et_pb_line_break_holder] --> jQuery(document).ready(function() {<!-- [et_pb_line_break_holder] -->\/\/ Hide the div<!-- [et_pb_line_break_holder] -->jQuery('#reveal4').hide();<!-- [et_pb_line_break_holder] -->jQuery('.rv_button4').click(function(e){<!-- [et_pb_line_break_holder] -->e.preventDefault();jQuery(\"#reveal4\").slideToggle();<!-- [et_pb_line_break_holder] -->jQuery('.rv_button4').toggleClass('opened closed');<!-- [et_pb_line_break_holder] -->});<!-- [et_pb_line_break_holder] -->});<!-- [et_pb_line_break_holder] --><\/script>[\/et_pb_code][\/et_pb_column][\/et_pb_row][\/et_pb_section]<\/p>\n","protected":false},"excerpt":{"rendered":"<p>PROGETTI D\u2019INVESTIMENTO IN CORSOProgetto EXPORPL\u00c1S &#8211; COVID-19Designazione del progetto | EXPORPL\u00c1S &#8211; COVID-19 Codice progetto | CENTRO-02-0889-FEDER-060593 Obiettivo principale | Rafforzare la competitivit\u00e0 delle PMI Regione di intervento | CENTRAL Ente beneficiario | EXPORPL\u00c1S &#8211; IND\u00daSTRIA DE EXPORTA\u00c7\u00c3O DE PL\u00c1STICOS, S.A. Data di approvazione | 24\/07\/2020 Data di inizio | 25\/05\/2020 Data di completamento | 15\/11\/2020 Costo totale ammissibile | 6.547,50\u20ac Sostegno finanziario dell&#8217;Unione Europea | FEDER 3.237,75\u20ac Riepilogo del progetto: Questo progetto mira a migliorare la struttura organizzativa dell&#8217;azienda, in particolare per quanto riguarda le misure di controllo della pandemia di COVID-19, in particolare l&#8217;acquisizione di attrezzature di controllo.Progetto EXPORPL\u00c1S &#8211; QUALIFICAZIONEPROGETTO N. POCI-02-0853-FEDER-035163 TITOLO DEL PROGETTO | EXPORPL\u00c1S &#8211; SUPPORTO ALLA QUALIFICAZIONE NELL&#8217;AMBITO DEL SISTEMA DI INCENTIVAZIONE OBIETTIVO PRINCIPALE | RAFFORZARE LA COMPETITIVIT\u00c0 DELLE PMI REGIONE DI INTERVENTO | REGIONE CENTRALE &#8211; CORTEGA\u00c7A. ENTE BENEFICIARIO | EXPORPL\u00c1S IND\u00daSTRIA EXPORTA\u00c7\u00c3O PL\u00c1STICOS S.A. DATA DI APPROVAZIONE | 18-01-2018 DATA DI INIZIO | 01-08-2017 DATA DI COMPLETAMENTO | 31-12-2018 COSTO TOTALE AMMISSIBILI | \u20ac765.000,00 SOSTEGNO FINANZIARIO DELL&#8217;UNIONE EUROPEA | FESR &#8211; \u20ac344.250,00 SINTESI DEL PROGETTO: L&#8217;obiettivo principale di questo progetto \u00e8 rafforzare le capacit\u00e0 organizzative e gestionali di EXPORPL\u00c1S, comprendendo una serie di investimenti che includono: piattaforme che contribuiscono allo sviluppo [&hellip;]<\/p>\n","protected":false},"author":0,"featured_media":0,"parent":0,"menu_order":0,"comment_status":"closed","ping_status":"closed","template":"","meta":{"_et_pb_use_builder":"on","_et_pb_old_content":"","_et_gb_content_width":"","footnotes":""},"class_list":["post-238282","page","type-page","status-publish","hentry"],"_links":{"self":[{"href":"https:\/\/exporplas.pt\/it\/wp-json\/wp\/v2\/pages\/238282","targetHints":{"allow":["GET"]}}],"collection":[{"href":"https:\/\/exporplas.pt\/it\/wp-json\/wp\/v2\/pages"}],"about":[{"href":"https:\/\/exporplas.pt\/it\/wp-json\/wp\/v2\/types\/page"}],"replies":[{"embeddable":true,"href":"https:\/\/exporplas.pt\/it\/wp-json\/wp\/v2\/comments?post=238282"}],"version-history":[{"count":2,"href":"https:\/\/exporplas.pt\/it\/wp-json\/wp\/v2\/pages\/238282\/revisions"}],"predecessor-version":[{"id":238284,"href":"https:\/\/exporplas.pt\/it\/wp-json\/wp\/v2\/pages\/238282\/revisions\/238284"}],"wp:attachment":[{"href":"https:\/\/exporplas.pt\/it\/wp-json\/wp\/v2\/media?parent=238282"}],"curies":[{"name":"wp","href":"https:\/\/api.w.org\/{rel}","templated":true}]}}