{"id":238241,"date":"2025-12-09T11:33:06","date_gmt":"2025-12-09T11:33:06","guid":{"rendered":"https:\/\/exporplas.pt\/greentech-amsterdam-2022\/"},"modified":"2025-12-09T11:33:07","modified_gmt":"2025-12-09T11:33:07","slug":"greentech-amsterdam-2022","status":"publish","type":"page","link":"https:\/\/exporplas.pt\/it\/greentech-amsterdam-2022\/","title":{"rendered":"GreenTech Amsterdam 2022"},"content":{"rendered":"<p>[et_pb_section fb_built=&#8221;1&#8243; _builder_version=&#8221;4.16&#8243; _module_preset=&#8221;default&#8221; background_color=&#8221;#FFFFFF&#8221; background_color_gradient_start=&#8221;#ffffff&#8221; background_color_gradient_end=&#8221;#dddddd&#8221; z_index=&#8221;3&#8243; custom_margin=&#8221;||1px||false|false&#8221; custom_margin_tablet=&#8221;||180px||false|false&#8221; custom_margin_phone=&#8221;||170px||false|false&#8221; custom_margin_last_edited=&#8221;on|phone&#8221; custom_padding=&#8221;45px||45px||false|false&#8221; global_colors_info=&#8221;{}&#8221;][et_pb_row column_structure=&#8221;1_2,1_2&#8243; _builder_version=&#8221;4.17.4&#8243; _module_preset=&#8221;default&#8221; custom_padding=&#8221;0px|||||&#8221; locked=&#8221;off&#8221; global_colors_info=&#8221;{}&#8221;][et_pb_column type=&#8221;1_2&#8243; _builder_version=&#8221;4.16&#8243; _module_preset=&#8221;default&#8221; global_colors_info=&#8221;{}&#8221;][et_pb_image src=&#8221;https:\/\/exporplas.pt\/wp-content\/uploads\/2022\/06\/GREENTECH_2022.png&#8221; title_text=&#8221;GREENTECH_2022&#8243; _builder_version=&#8221;4.17.4&#8243; _module_preset=&#8221;default&#8221; global_colors_info=&#8221;{}&#8221;][\/et_pb_image][et_pb_text _builder_version=&#8221;4.18.1&#8243; _module_preset=&#8221;default&#8221; text_font=&#8221;|300|||||||&#8221; text_text_color=&#8221;#1174ee&#8221; text_font_size=&#8221;35px&#8221; text_line_height=&#8221;1.2em&#8221; header_3_font=&#8221;Montserrat|600|||||||&#8221; header_3_text_color=&#8221;#6CAF3F&#8221; header_3_font_size=&#8221;35px&#8221; text_orientation=&#8221;center&#8221; text_font_size_tablet=&#8221;35px&#8221; text_font_size_phone=&#8221;35px&#8221; text_font_size_last_edited=&#8221;on|phone&#8221; header_font_size_tablet=&#8221;&#8221; header_font_size_phone=&#8221;30px&#8221; header_font_size_last_edited=&#8221;on|phone&#8221; header_3_font_size_tablet=&#8221;35px&#8221; header_3_font_size_phone=&#8221;26px&#8221; header_3_font_size_last_edited=&#8221;on|phone&#8221; global_colors_info=&#8221;{}&#8221;]<\/p>\n<h3>EXPORPL\u00c1S NELLA GREENTECH AMSTERDAM<\/h3>\n<p>[\/et_pb_text][et_pb_text _builder_version=&#8221;4.18.1&#8243; _module_preset=&#8221;default&#8221; header_font=&#8221;Montserrat||||||||&#8221; locked=&#8221;off&#8221; global_colors_info=&#8221;{}&#8221;]<\/p>\n<h1 style=\"text-align: left;\"><em>Non \u00e8 cos\u00ec semplice come si pu\u00f2 pensare!<\/em><\/h1>\n<p><\/p>\n<p>Sapevate che il filo per orticoltura deve soddisfare una serie di requisiti tecnici prima di poter essere utilizzato, che sembrano semplici, ma fanno la differenza nelle sue prestazioni? Non \u00e8 cos\u00ec semplice come si pu\u00f2 pensare.<\/p>\n<p>[\/et_pb_text][et_pb_text _builder_version=&#8221;4.17.4&#8243; _module_preset=&#8221;default&#8221; locked=&#8221;off&#8221; global_colors_info=&#8221;{}&#8221;]<\/p>\n<p><span class=\"NormalTextRun SCXW188059292 BCX4\">Caratteristiche come la resistenza all&#8217;usura, la capacit\u00e0 di caduta libera, la morbidezza e la flessibilit\u00e0 o la stabilit\u00e0 nella protezione dai raggi UV fanno parte della continua ricerca e sviluppo del reparto R&amp;S di EXPORPL\u00c1S. Cerchiamo sempre di migliorare l&#8217;equilibrio tra tutte le diverse propriet\u00e0 che determinano le prestazioni della nostra gamma di prodotti.<\/span><\/p>\n<p>[\/et_pb_text][\/et_pb_column][et_pb_column type=&#8221;1_2&#8243; _builder_version=&#8221;4.17.4&#8243; _module_preset=&#8221;default&#8221; global_colors_info=&#8221;{}&#8221;][et_pb_text _builder_version=&#8221;4.18.1&#8243; _module_preset=&#8221;default&#8221; header_font=&#8221;Montserrat||||||||&#8221; hover_enabled=&#8221;0&#8243; locked=&#8221;off&#8221; global_colors_info=&#8221;{}&#8221; sticky_enabled=&#8221;0&#8243;]<\/p>\n<h1 style=\"text-align: left;\">100% Riciclabile<\/h1>\n<p><\/p>\n<p><span class=\"NormalTextRun SCXW144939303 BCX4\">In questa edizione di GREENTECH AMSTERDAM presenteremo anche una gamma di prodotti trasversale a diversi settori di attivit\u00e0, la gamma EVOPACK \u2013 una soluzione efficace ed ecologica per proteggere i vostri prodotti. La nostra gamma EVOPACK oltre a essere multiuso \u00e8 anche SOSTENIBILE.<\/span><\/p>\n<p><\/p>\n<p>&nbsp;<\/p>\n<p><\/p>\n<h1 style=\"text-align: left;\">Troviamoci li!<\/h1>\n<p>[\/et_pb_text][et_pb_image src=&#8221;https:\/\/exporplas.pt\/wp-content\/uploads\/2022\/06\/Stand1_Op.jpg&#8221; title_text=&#8221;Stand1_Op&#8221; _builder_version=&#8221;4.17.4&#8243; _module_preset=&#8221;default&#8221; global_colors_info=&#8221;{}&#8221;][\/et_pb_image][et_pb_image src=&#8221;https:\/\/exporplas.pt\/wp-content\/uploads\/2022\/06\/Entrance1_Op.jpg&#8221; title_text=&#8221;Entrance1_Op&#8221; _builder_version=&#8221;4.17.4&#8243; _module_preset=&#8221;default&#8221; global_colors_info=&#8221;{}&#8221;][\/et_pb_image][\/et_pb_column][\/et_pb_row][\/et_pb_section]<\/p>\n","protected":false},"excerpt":{"rendered":"<p>EXPORPL\u00c1S NELLA GREENTECH AMSTERDAMNon \u00e8 cos\u00ec semplice come si pu\u00f2 pensare!Sapevate che il filo per orticoltura deve soddisfare una serie di requisiti tecnici prima di poter essere utilizzato, che sembrano semplici, ma fanno la differenza nelle sue prestazioni? Non \u00e8 cos\u00ec semplice come si pu\u00f2 pensare.Caratteristiche come la resistenza all&#8217;usura, la capacit\u00e0 di caduta libera, la morbidezza e la flessibilit\u00e0 o la stabilit\u00e0 nella protezione dai raggi UV fanno parte della continua ricerca e sviluppo del reparto R&amp;S di EXPORPL\u00c1S. Cerchiamo sempre di migliorare l&#8217;equilibrio tra tutte le diverse propriet\u00e0 che determinano le prestazioni della nostra gamma di prodotti.100% RiciclabileIn questa edizione di GREENTECH AMSTERDAM presenteremo anche una gamma di prodotti trasversale a diversi settori di attivit\u00e0, la gamma EVOPACK \u2013 una soluzione efficace ed ecologica per proteggere i vostri prodotti. La nostra gamma EVOPACK oltre a essere multiuso \u00e8 anche SOSTENIBILE.&nbsp;Troviamoci li!<\/p>\n","protected":false},"author":0,"featured_media":0,"parent":0,"menu_order":0,"comment_status":"closed","ping_status":"closed","template":"","meta":{"_et_pb_use_builder":"on","_et_pb_old_content":"","_et_gb_content_width":"","footnotes":""},"class_list":["post-238241","page","type-page","status-publish","hentry"],"_links":{"self":[{"href":"https:\/\/exporplas.pt\/it\/wp-json\/wp\/v2\/pages\/238241","targetHints":{"allow":["GET"]}}],"collection":[{"href":"https:\/\/exporplas.pt\/it\/wp-json\/wp\/v2\/pages"}],"about":[{"href":"https:\/\/exporplas.pt\/it\/wp-json\/wp\/v2\/types\/page"}],"replies":[{"embeddable":true,"href":"https:\/\/exporplas.pt\/it\/wp-json\/wp\/v2\/comments?post=238241"}],"version-history":[{"count":2,"href":"https:\/\/exporplas.pt\/it\/wp-json\/wp\/v2\/pages\/238241\/revisions"}],"predecessor-version":[{"id":238243,"href":"https:\/\/exporplas.pt\/it\/wp-json\/wp\/v2\/pages\/238241\/revisions\/238243"}],"wp:attachment":[{"href":"https:\/\/exporplas.pt\/it\/wp-json\/wp\/v2\/media?parent=238241"}],"curies":[{"name":"wp","href":"https:\/\/api.w.org\/{rel}","templated":true}]}}