{"id":238222,"date":"2025-12-04T17:49:38","date_gmt":"2025-12-04T17:49:38","guid":{"rendered":"https:\/\/exporplas.pt\/criteri-di-valutazione-delle-prestazioni-dei-fornitori\/"},"modified":"2026-02-10T16:29:52","modified_gmt":"2026-02-10T16:29:52","slug":"criteri-di-valutazione-delle-prestazioni-dei-fornitori","status":"publish","type":"page","link":"https:\/\/exporplas.pt\/it\/criteri-di-valutazione-delle-prestazioni-dei-fornitori\/","title":{"rendered":"Criteri di Valutazione delle Prestazioni dei Fornitori"},"content":{"rendered":"<p>[et_pb_section fb_built=&#8221;1&#8243; _builder_version=&#8221;4.16&#8243; global_colors_info=&#8221;{}&#8221;][et_pb_row _builder_version=&#8221;4.16&#8243; background_size=&#8221;initial&#8221; background_position=&#8221;top_left&#8221; background_repeat=&#8221;repeat&#8221; global_colors_info=&#8221;{}&#8221;][et_pb_column type=&#8221;4_4&#8243; _builder_version=&#8221;4.16&#8243; custom_padding=&#8221;|||&#8221; global_colors_info=&#8221;{}&#8221; custom_padding__hover=&#8221;|||&#8221;][et_pb_text _builder_version=&#8221;4.27.4&#8243; background_size=&#8221;initial&#8221; background_position=&#8221;top_left&#8221; background_repeat=&#8221;repeat&#8221; hover_enabled=&#8221;0&#8243; global_colors_info=&#8221;{}&#8221; sticky_enabled=&#8221;0&#8243;]<\/p>\n<h2>Criteri di Valutazione delle Prestazioni dei Fornitori.\u00a0<\/h2>\n<p>&nbsp;<\/p>\n<p>Egregi Fornitori,<\/p>\n<p>Vorremmo informarVi sui nostri criteri di valutazione delle prestazioni dei fornitori. Questi criteri sono progettati per garantire che stiamo lavorando con fornitori che soddisfano costantemente i nostri elevati standard di qualit\u00e0, servizio e affidabilit\u00e0, nonch\u00e9 la prontezza nel soddisfare le richieste urgenti.<\/p>\n<p>Gli indicatori chiave di prestazione che utilizziamo per valutare i nostri fornitori sono i seguenti:\u00a0<\/p>\n<ul>\n<li style=\"list-style-type: none;\">\n<ul>\n<li style=\"list-style-type: none;\">\n<ul>\n<li>Consegna puntuale: Ci aspettiamo che i nostri fornitori consegnino i prodotti in tempo e per intero. Eventuali ritardi o discrepanze saranno attentamente esaminati e potrebbero influire sul nostro futuro rapporto commerciale.<\/li>\n<li>Risposta a consegne urgenti: Riconosciamo l&#8217;importanza di una risposta rapida per soddisfare consegne urgenti. Ci aspettiamo che i nostri fornitori si sforzino di soddisfare le richieste urgenti e forniscano aggiornamenti tempestivi sullo stato di tali ordini.<\/li>\n<li>Qualit\u00e0 del prodotto: Pretendiamo la massima qualit\u00e0 ai nostri fornitori. Ispezioneremo attentamente tutti i prodotti ricevuti per garantire che soddisfino le specifiche concordate e le esigenze dei nostri clienti. Eventuali prodotti non conformi possono essere rifiutati.<\/li>\n<li>Servizio clienti: Valorizziamo il nostro rapporto con i nostri fornitori e ci aspettiamo che ci forniscano un servizio proattivo e utile. Risposte rapide alle richieste, risoluzione efficiente dei problemi e impegno per la nostra soddisfazione sono elementi essenziali della nostra partnership.<\/li>\n<li>Gestione dell&#8217;energia: diamo valore alle prestazioni energetiche quando acquistiamo prodotti o servizi che hanno un impatto sul consumo energetico, promuovendo l&#8217;efficienza e il miglioramento continuo.<\/li>\n<\/ul>\n<\/li>\n<\/ul>\n<\/li>\n<\/ul>\n<p>Valutazioni periodiche delle prestazioni saranno effettuate per valutare i nostri fornitori in base a questi criteri. Potremo fornire dei feedback ai nostri fornitori sui risultati della valutazione in modo che possano comprendere le nostre aspettative e agire per migliorare le loro prestazioni.<\/p>\n<p>Ringraziamo l&#8217;impegno continuo dei nostri fornitori nel fornire prodotti e servizi di alta qualit\u00e0. Lavorando insieme, possiamo garantire che EXPORPL\u00c1S S.A.\/OMNICOR LTD. continuino a fornire prodotti e servizi eccezionali ai nostri clienti.\u00a0<\/p>\n<p>Grazie per la Vostra attenzione a questo argomento.<\/p>\n<p>[\/et_pb_text][\/et_pb_column][\/et_pb_row][\/et_pb_section]<\/p>\n","protected":false},"excerpt":{"rendered":"<p>Criteri di Valutazione delle Prestazioni dei Fornitori.\u00a0 &nbsp; Egregi Fornitori, Vorremmo informarVi sui nostri criteri di valutazione delle prestazioni dei fornitori. Questi criteri sono progettati per garantire che stiamo lavorando con fornitori che soddisfano costantemente i nostri elevati standard di qualit\u00e0, servizio e affidabilit\u00e0, nonch\u00e9 la prontezza nel soddisfare le richieste urgenti. Gli indicatori chiave di prestazione che utilizziamo per valutare i nostri fornitori sono i seguenti:\u00a0 Consegna puntuale: Ci aspettiamo che i nostri fornitori consegnino i prodotti in tempo e per intero. Eventuali ritardi o discrepanze saranno attentamente esaminati e potrebbero influire sul nostro futuro rapporto commerciale. Risposta a consegne urgenti: Riconosciamo l&#8217;importanza di una risposta rapida per soddisfare consegne urgenti. Ci aspettiamo che i nostri fornitori si sforzino di soddisfare le richieste urgenti e forniscano aggiornamenti tempestivi sullo stato di tali ordini. Qualit\u00e0 del prodotto: Pretendiamo la massima qualit\u00e0 ai nostri fornitori. Ispezioneremo attentamente tutti i prodotti ricevuti per garantire che soddisfino le specifiche concordate e le esigenze dei nostri clienti. Eventuali prodotti non conformi possono essere rifiutati. Servizio clienti: Valorizziamo il nostro rapporto con i nostri fornitori e ci aspettiamo che ci forniscano un servizio proattivo e utile. Risposte rapide alle richieste, risoluzione efficiente dei problemi e [&hellip;]<\/p>\n","protected":false},"author":0,"featured_media":0,"parent":0,"menu_order":0,"comment_status":"closed","ping_status":"closed","template":"","meta":{"_et_pb_use_builder":"on","_et_pb_old_content":"","_et_gb_content_width":"","footnotes":""},"class_list":["post-238222","page","type-page","status-publish","hentry"],"_links":{"self":[{"href":"https:\/\/exporplas.pt\/it\/wp-json\/wp\/v2\/pages\/238222","targetHints":{"allow":["GET"]}}],"collection":[{"href":"https:\/\/exporplas.pt\/it\/wp-json\/wp\/v2\/pages"}],"about":[{"href":"https:\/\/exporplas.pt\/it\/wp-json\/wp\/v2\/types\/page"}],"replies":[{"embeddable":true,"href":"https:\/\/exporplas.pt\/it\/wp-json\/wp\/v2\/comments?post=238222"}],"version-history":[{"count":3,"href":"https:\/\/exporplas.pt\/it\/wp-json\/wp\/v2\/pages\/238222\/revisions"}],"predecessor-version":[{"id":238311,"href":"https:\/\/exporplas.pt\/it\/wp-json\/wp\/v2\/pages\/238222\/revisions\/238311"}],"wp:attachment":[{"href":"https:\/\/exporplas.pt\/it\/wp-json\/wp\/v2\/media?parent=238222"}],"curies":[{"name":"wp","href":"https:\/\/api.w.org\/{rel}","templated":true}]}}