{"id":238219,"date":"2025-12-04T17:44:14","date_gmt":"2025-12-04T17:44:14","guid":{"rendered":"https:\/\/exporplas.pt\/politica-della-qualita\/"},"modified":"2025-12-04T17:44:15","modified_gmt":"2025-12-04T17:44:15","slug":"politica-della-qualita","status":"publish","type":"page","link":"https:\/\/exporplas.pt\/it\/politica-della-qualita\/","title":{"rendered":"Politica della Qualit\u00e0"},"content":{"rendered":"<p>[et_pb_section fb_built=&#8221;1&#8243; _builder_version=&#8221;4.16&#8243; global_colors_info=&#8221;{}&#8221;][et_pb_row _builder_version=&#8221;4.16&#8243; background_size=&#8221;initial&#8221; background_position=&#8221;top_left&#8221; background_repeat=&#8221;repeat&#8221; global_colors_info=&#8221;{}&#8221;][et_pb_column type=&#8221;4_4&#8243; _builder_version=&#8221;4.16&#8243; custom_padding=&#8221;|||&#8221; global_colors_info=&#8221;{}&#8221; custom_padding__hover=&#8221;|||&#8221;][et_pb_text _builder_version=&#8221;4.27.4&#8243; background_size=&#8221;initial&#8221; background_position=&#8221;top_left&#8221; background_repeat=&#8221;repeat&#8221; global_colors_info=&#8221;{}&#8221;]<\/p>\n<h2>POLITICA DELLA QUALIT\u00c0<\/h2>\n<p><\/p>\n<p><span class=\"Apple-converted-space\">Cerchiamo l&#8217;eccellenza nella Qualit\u00e0 in tutte le attivit\u00e0 che sviluppiamo, puntando alla soddisfazione delle parti interessate, al miglioramento continuo del Sistema di Gestione della Qualit\u00e0 e al rispetto dei requisiti dei clienti, regolamentari, statutari e normativi applicabili e altri che l&#8217;organizzazione sottoscrive applicabili al prodotto. Per questo, il Gruppo Exporpl\u00e1s si basa sui seguenti principi:<\/span><\/p>\n<p><\/p>\n<p>&nbsp;<\/p>\n<p><\/p>\n<ul>\n<li>Conoscenza delle esigenze delle varie parti interessate;<\/li>\n<li>Ricerca dell&#8217;ottimizzazione dei nostri prodotti e servizi al fine di garantire un miglioramento continuo;<\/li>\n<li>Capacit\u00e0 di rispondere in modo adeguato, rapido e qualitativo alle aspettative dei clienti;<\/li>\n<li>Empowerment e valorizzazione delle nostre risorse umane;<\/li>\n<li>Miglioramento continuo delle condizioni di lavoro;<\/li>\n<li>Promozione della riduzione dei costi;<\/li>\n<li>Creazione di valore aggiunto che garantisca la continuit\u00e0 e la redditivit\u00e0 dell&#8217;azienda;\/li>\n<\/ul>\n<p>[\/et_pb_text][et_pb_text _builder_version=&#8221;4.27.4&#8243; background_size=&#8221;initial&#8221; background_position=&#8221;top_left&#8221; background_repeat=&#8221;repeat&#8221; hover_enabled=&#8221;0&#8243; global_colors_info=&#8221;{}&#8221; sticky_enabled=&#8221;0&#8243;]<\/p>\n<p><em>29-11-2024<\/em><\/p>\n<p>[\/et_pb_text][\/et_pb_column][\/et_pb_row][\/et_pb_section]<\/p>\n","protected":false},"excerpt":{"rendered":"<p>POLITICA DELLA QUALIT\u00c0Cerchiamo l&#8217;eccellenza nella Qualit\u00e0 in tutte le attivit\u00e0 che sviluppiamo, puntando alla soddisfazione delle parti interessate, al miglioramento continuo del Sistema di Gestione della Qualit\u00e0 e al rispetto dei requisiti dei clienti, regolamentari, statutari e normativi applicabili e altri che l&#8217;organizzazione sottoscrive applicabili al prodotto. Per questo, il Gruppo Exporpl\u00e1s si basa sui seguenti principi:&nbsp; Conoscenza delle esigenze delle varie parti interessate; Ricerca dell&#8217;ottimizzazione dei nostri prodotti e servizi al fine di garantire un miglioramento continuo; Capacit\u00e0 di rispondere in modo adeguato, rapido e qualitativo alle aspettative dei clienti; Empowerment e valorizzazione delle nostre risorse umane; Miglioramento continuo delle condizioni di lavoro; Promozione della riduzione dei costi; Creazione di valore aggiunto che garantisca la continuit\u00e0 e la redditivit\u00e0 dell&#8217;azienda;\/li> 29-11-2024<\/p>\n","protected":false},"author":0,"featured_media":0,"parent":0,"menu_order":0,"comment_status":"closed","ping_status":"closed","template":"","meta":{"_et_pb_use_builder":"on","_et_pb_old_content":"","_et_gb_content_width":"","footnotes":""},"class_list":["post-238219","page","type-page","status-publish","hentry"],"_links":{"self":[{"href":"https:\/\/exporplas.pt\/it\/wp-json\/wp\/v2\/pages\/238219","targetHints":{"allow":["GET"]}}],"collection":[{"href":"https:\/\/exporplas.pt\/it\/wp-json\/wp\/v2\/pages"}],"about":[{"href":"https:\/\/exporplas.pt\/it\/wp-json\/wp\/v2\/types\/page"}],"replies":[{"embeddable":true,"href":"https:\/\/exporplas.pt\/it\/wp-json\/wp\/v2\/comments?post=238219"}],"version-history":[{"count":2,"href":"https:\/\/exporplas.pt\/it\/wp-json\/wp\/v2\/pages\/238219\/revisions"}],"predecessor-version":[{"id":238221,"href":"https:\/\/exporplas.pt\/it\/wp-json\/wp\/v2\/pages\/238219\/revisions\/238221"}],"wp:attachment":[{"href":"https:\/\/exporplas.pt\/it\/wp-json\/wp\/v2\/media?parent=238219"}],"curies":[{"name":"wp","href":"https:\/\/api.w.org\/{rel}","templated":true}]}}