{"id":238216,"date":"2025-12-04T17:40:23","date_gmt":"2025-12-04T17:40:23","guid":{"rendered":"https:\/\/exporplas.pt\/qualita-certificazione\/"},"modified":"2026-02-10T15:20:42","modified_gmt":"2026-02-10T15:20:42","slug":"qualita-certificazione","status":"publish","type":"page","link":"https:\/\/exporplas.pt\/it\/qualita-certificazione\/","title":{"rendered":"QUALIT\u00c0 &#038; CERTIFICAZIONE"},"content":{"rendered":"<p>[et_pb_section fb_built=&#8221;1&#8243; fullwidth=&#8221;on&#8221; _builder_version=&#8221;4.16&#8243; _module_preset=&#8221;default&#8221; global_colors_info=&#8221;{}&#8221;][et_pb_fullwidth_header _builder_version=&#8221;4.16&#8243; _module_preset=&#8221;default&#8221; background_enable_color=&#8221;off&#8221; background_image=&#8221;https:\/\/exporplas.pt\/wp-content\/uploads\/2021\/03\/big_1549983520.jpg&#8221; min_height=&#8221;275px&#8221; global_colors_info=&#8221;{}&#8221;][\/et_pb_fullwidth_header][\/et_pb_section][et_pb_section fb_built=&#8221;1&#8243; _builder_version=&#8221;4.16&#8243; _module_preset=&#8221;default&#8221; global_colors_info=&#8221;{}&#8221;][et_pb_row _builder_version=&#8221;4.16&#8243; _module_preset=&#8221;default&#8221; global_colors_info=&#8221;{}&#8221;][et_pb_column type=&#8221;4_4&#8243; _builder_version=&#8221;4.16&#8243; _module_preset=&#8221;default&#8221; global_colors_info=&#8221;{}&#8221;][et_pb_text _builder_version=&#8221;4.18.1&#8243; _module_preset=&#8221;ad3c469a-73a4-4c1e-8e67-4ce21c3633ec&#8221; text_text_color=&#8221;#6caf3f&#8221; text_font_size=&#8221;19px&#8221; header_2_text_align=&#8221;center&#8221; header_2_text_color=&#8221;#6caf3f&#8221; global_colors_info=&#8221;{}&#8221;]<\/p>\n<h2>QUALIT\u00c0 &amp; CERTIFICAZIONE<\/h2>\n<p>[\/et_pb_text][et_pb_divider color=&#8221;#cccccc&#8221; divider_weight=&#8221;1px&#8221; _builder_version=&#8221;4.16&#8243; _module_preset=&#8221;default&#8221; z_index=&#8221;1&#8243; width=&#8221;250px&#8221; module_alignment=&#8221;center&#8221; global_colors_info=&#8221;{}&#8221;][\/et_pb_divider][et_pb_divider divider_weight=&#8221;4px&#8221; _builder_version=&#8221;4.16&#8243; _module_preset=&#8221;default&#8221; z_index=&#8221;1&#8243; width=&#8221;95px&#8221; module_alignment=&#8221;center&#8221; custom_margin=&#8221;-54px||||false|false&#8221; custom_padding=&#8221;0px||||false|false&#8221; global_colors_info=&#8221;{}&#8221;][\/et_pb_divider][\/et_pb_column][\/et_pb_row][\/et_pb_section][et_pb_section fb_built=&#8221;1&#8243; _builder_version=&#8221;4.16&#8243; _module_preset=&#8221;default&#8221; custom_padding=&#8221;0px||||false|false&#8221; global_colors_info=&#8221;{}&#8221;][et_pb_row column_structure=&#8221;1_3,2_3&#8243; _builder_version=&#8221;4.16&#8243; _module_preset=&#8221;default&#8221; global_colors_info=&#8221;{}&#8221;][et_pb_column type=&#8221;1_3&#8243; _builder_version=&#8221;4.16&#8243; _module_preset=&#8221;default&#8221; global_colors_info=&#8221;{}&#8221;][et_pb_text _builder_version=&#8221;4.27.4&#8243; _module_preset=&#8221;default&#8221; hover_enabled=&#8221;0&#8243; global_colors_info=&#8221;{}&#8221; sticky_enabled=&#8221;0&#8243;]<\/p>\n<p><strong>EXPORPL\u00c1S<\/strong> ha implementato un sistema di gestione della qualit\u00e0, in conformit\u00e0 con i requisiti della norma <strong>ISO 9001:2015<\/strong>, essendo certificata dall&#8217;ente internazionale <strong>T\u00dcV Rheinland<\/strong> al fine di garantire che tutti i requisiti siano rispettati nello sviluppo e nella produzione di fili, corde e fibre sintetiche.<\/p>\n<p>Contemporaneamente, le nostre moderne linee di estrusione e torsione sono controllate elettronicamente sotto la rigorosa supervisione dei nostri operatori specializzati.<\/p>\n<p>Questa certificazione rappresenta una garanzia aggiuntiva e indipendente della qualit\u00e0 dei nostri prodotti.<br \/><strong><\/strong><\/p>\n<p><strong><\/strong><\/p>\n<p><strong>CONTROLLO DI QUALIT\u00c0:<\/strong><\/p>\n<p>Consapevoli dell&#8217;importanza della ricerca e dell&#8217;innovazione tecnologica applicata al controllo di qualit\u00e0, EXPORPL\u00c1S dispone di <strong>propri laboratori<\/strong> per la misurazione e la sperimentazione del processo produttivo, durante tutte le sue fasi, in modo scientifico e affidabile.<\/p>\n<p>Questi laboratori sono <strong>completamente adattati e adatti per testare<\/strong> la nostra gamma di prodotti. In uno dei nostri laboratori, testiamo corde e fili agricoli e, nell&#8217;altro, testiamo fibre tecniche e progettiamo lo sviluppo del prodotto.<br \/><strong><\/strong><\/p>\n<p><strong><\/strong><\/p>\n<p><strong>TEST EFFETTUATI IN LABORATORIO<\/strong>:<\/p>\n<ul>\n<li>Densit\u00e0 lineare;<\/li>\n<li>Metratura;<\/li>\n<li>Resistenza alla rottura;<\/li>\n<li>Resistenza alla rottura del nodo;<\/li>\n<li>Resistenza all\u2019abrasione;<\/li>\n<li>Misurazione dell&#8217;indice dei fluidi a caldo;<\/li>\n<li>Resistenza alla degradazione UV;<\/li>\n<li>Allungamento;<\/li>\n<li>Analisi ottica (spettrofotometria);<\/li>\n<li>Contrazione;<\/li>\n<li>Analisi di Spettroscopia Infrarossa.<\/li>\n<\/ul>\n<p>[\/et_pb_text][\/et_pb_column][et_pb_column type=&#8221;2_3&#8243; _builder_version=&#8221;4.16&#8243; _module_preset=&#8221;default&#8221; global_colors_info=&#8221;{}&#8221;][dsm_perspective_image src=&#8221;https:\/\/exporplas.pt\/wp-content\/uploads\/2021\/03\/moldura.png&#8221; title_text=&#8221;moldura&#8221; _builder_version=&#8221;4.16&#8243; _module_preset=&#8221;default&#8221; background_image=&#8221;https:\/\/exporplas.pt\/wp-content\/uploads\/2021\/03\/big_1552990092.jpg&#8221; global_colors_info=&#8221;{}&#8221;][\/dsm_perspective_image][\/et_pb_column][\/et_pb_row][\/et_pb_section][et_pb_section fb_built=&#8221;1&#8243; _builder_version=&#8221;4.16&#8243; _module_preset=&#8221;default&#8221; custom_margin=&#8221;||50px||false|false&#8221; custom_margin_tablet=&#8221;||180px||false|false&#8221; custom_margin_phone=&#8221;||170px||false|false&#8221; custom_margin_last_edited=&#8221;on|phone&#8221; global_colors_info=&#8221;{}&#8221;][et_pb_row column_structure=&#8221;1_3,1_3,1_3&#8243; use_custom_gutter=&#8221;on&#8221; make_equal=&#8221;on&#8221; _builder_version=&#8221;4.23.1&#8243; _dynamic_attributes=&#8221;link_option_url&#8221; _module_preset=&#8221;default&#8221; module_alignment=&#8221;center&#8221; link_option_url=&#8221;@ET-DC@eyJkeW5hbWljIjp0cnVlLCJjb250ZW50IjoicG9zdF9saW5rX3VybF9wYWdlIiwic2V0dGluZ3MiOnsicG9zdF9pZCI6IjIzMzk0NiJ9fQ==@&#8221; global_colors_info=&#8221;{}&#8221;][et_pb_column type=&#8221;1_3&#8243; _builder_version=&#8221;4.16&#8243; _module_preset=&#8221;default&#8221; global_colors_info=&#8221;{}&#8221;][et_pb_text _builder_version=&#8221;4.23.1&#8243; _module_preset=&#8221;default&#8221; text_font=&#8221;|700|||||||&#8221; text_text_color=&#8221;#8e8e8e&#8221; text_font_size=&#8221;16px&#8221; global_colors_info=&#8221;{}&#8221;]<\/p>\n<p>Certificato Exporpl\u00e1s ISO-9001<\/p>\n<p>[\/et_pb_text][et_pb_image src=&#8221;https:\/\/exporplas.pt\/wp-content\/uploads\/2025\/03\/Certificado-ISO9001_Exporplas_2025_PT-1-pdf.jpg&#8221; title_text=&#8221;Certificado ISO9001_Exporpl\u00e1s_2025_PT&#8221; show_in_lightbox=&#8221;on&#8221; _builder_version=&#8221;4.27.4&#8243; _module_preset=&#8221;default&#8221; border_width_all=&#8221;1px&#8221; border_color_all=&#8221;#ededed&#8221; box_shadow_style=&#8221;preset3&#8243; box_shadow_horizontal=&#8221;3px&#8221; box_shadow_vertical=&#8221;10px&#8221; box_shadow_blur=&#8221;7px&#8221; box_shadow_spread=&#8221;-5px&#8221; box_shadow_color=&#8221;rgba(0,0,0,0.25)&#8221; global_colors_info=&#8221;{}&#8221;][\/et_pb_image][\/et_pb_column][et_pb_column type=&#8221;1_3&#8243; _builder_version=&#8221;4.16&#8243; _module_preset=&#8221;default&#8221; global_colors_info=&#8221;{}&#8221;][et_pb_text _builder_version=&#8221;4.23.1&#8243; _module_preset=&#8221;default&#8221; text_font=&#8221;|700|||||||&#8221; text_text_color=&#8221;#8e8e8e&#8221; text_font_size=&#8221;16px&#8221; global_colors_info=&#8221;{}&#8221;]<\/p>\n<p>Certificato Gruppo Exporpl\u00e1s ISO-9001<\/p>\n<p>[\/et_pb_text][et_pb_image src=&#8221;https:\/\/exporplas.pt\/wp-content\/uploads\/2025\/03\/Certificado-ISO9001_Grupo_2025_PT-1-pdf.jpg&#8221; title_text=&#8221;Certificado ISO9001_Grupo_2025_PT&#8221; show_in_lightbox=&#8221;on&#8221; _builder_version=&#8221;4.27.4&#8243; _module_preset=&#8221;default&#8221; border_width_all=&#8221;1px&#8221; border_color_all=&#8221;#ededed&#8221; box_shadow_style=&#8221;preset3&#8243; box_shadow_horizontal=&#8221;3px&#8221; box_shadow_vertical=&#8221;10px&#8221; box_shadow_blur=&#8221;7px&#8221; box_shadow_spread=&#8221;-5px&#8221; box_shadow_color=&#8221;rgba(0,0,0,0.25)&#8221; global_colors_info=&#8221;{}&#8221;][\/et_pb_image][\/et_pb_column][et_pb_column type=&#8221;1_3&#8243; _builder_version=&#8221;4.16&#8243; _module_preset=&#8221;default&#8221; global_colors_info=&#8221;{}&#8221;][et_pb_text _builder_version=&#8221;4.23.1&#8243; _module_preset=&#8221;default&#8221; text_font=&#8221;|700|||||||&#8221; text_text_color=&#8221;#8e8e8e&#8221; text_font_size=&#8221;16px&#8221; global_colors_info=&#8221;{}&#8221;]<\/p>\n<p>Certificato Omnicor ISO-9001<\/p>\n<p>[\/et_pb_text][et_pb_image src=&#8221;https:\/\/exporplas.pt\/wp-content\/uploads\/2025\/03\/Certificado-ISO9001_Omnicor_2025_PT-1-pdf.jpg&#8221; title_text=&#8221;Certificado ISO9001_Omnicor_2025_PT&#8221; show_in_lightbox=&#8221;on&#8221; _builder_version=&#8221;4.27.4&#8243; _module_preset=&#8221;default&#8221; border_width_all=&#8221;1px&#8221; border_color_all=&#8221;#ededed&#8221; box_shadow_style=&#8221;preset3&#8243; box_shadow_horizontal=&#8221;3px&#8221; box_shadow_vertical=&#8221;10px&#8221; box_shadow_blur=&#8221;7px&#8221; box_shadow_spread=&#8221;-5px&#8221; box_shadow_color=&#8221;rgba(0,0,0,0.25)&#8221; global_colors_info=&#8221;{}&#8221;][\/et_pb_image][\/et_pb_column][\/et_pb_row][et_pb_row _builder_version=&#8221;4.24.0&#8243; _module_preset=&#8221;default&#8221; global_colors_info=&#8221;{}&#8221;][et_pb_column type=&#8221;4_4&#8243; _builder_version=&#8221;4.24.0&#8243; _module_preset=&#8221;default&#8221; global_colors_info=&#8221;{}&#8221;][et_pb_button button_url=&#8221;@ET-DC@eyJkeW5hbWljIjp0cnVlLCJjb250ZW50IjoicG9zdF9saW5rX3VybF9wYWdlIiwic2V0dGluZ3MiOnsicG9zdF9pZCI6IjIzMzk5OCJ9fQ==@&#8221; button_text=&#8221;Cliccare per vedere la nostra Politica di Qualit\u00e0.&#8221; button_alignment=&#8221;center&#8221; _builder_version=&#8221;4.24.0&#8243; _dynamic_attributes=&#8221;button_url&#8221; _module_preset=&#8221;default&#8221; custom_button=&#8221;on&#8221; button_text_color=&#8221;#ffffff&#8221; button_bg_color=&#8221;#6CAF3F&#8221; button_font=&#8221;Montserrat|500|||||||&#8221; button_use_icon=&#8221;off&#8221; background_layout=&#8221;dark&#8221; button_text_size_tablet=&#8221;&#8221; button_text_size_phone=&#8221;14px&#8221; button_text_size_last_edited=&#8221;on|desktop&#8221; locked=&#8221;off&#8221; global_colors_info=&#8221;{}&#8221;][\/et_pb_button][\/et_pb_column][\/et_pb_row][\/et_pb_section]<\/p>\n","protected":false},"excerpt":{"rendered":"<p>QUALIT\u00c0 &amp; CERTIFICAZIONEEXPORPL\u00c1S ha implementato un sistema di gestione della qualit\u00e0, in conformit\u00e0 con i requisiti della norma ISO 9001:2015, essendo certificata dall&#8217;ente internazionale T\u00dcV Rheinland al fine di garantire che tutti i requisiti siano rispettati nello sviluppo e nella produzione di fili, corde e fibre sintetiche. Contemporaneamente, le nostre moderne linee di estrusione e torsione sono controllate elettronicamente sotto la rigorosa supervisione dei nostri operatori specializzati. Questa certificazione rappresenta una garanzia aggiuntiva e indipendente della qualit\u00e0 dei nostri prodotti. CONTROLLO DI QUALIT\u00c0: Consapevoli dell&#8217;importanza della ricerca e dell&#8217;innovazione tecnologica applicata al controllo di qualit\u00e0, EXPORPL\u00c1S dispone di propri laboratori per la misurazione e la sperimentazione del processo produttivo, durante tutte le sue fasi, in modo scientifico e affidabile. Questi laboratori sono completamente adattati e adatti per testare la nostra gamma di prodotti. In uno dei nostri laboratori, testiamo corde e fili agricoli e, nell&#8217;altro, testiamo fibre tecniche e progettiamo lo sviluppo del prodotto. TEST EFFETTUATI IN LABORATORIO: Densit\u00e0 lineare; Metratura; Resistenza alla rottura; Resistenza alla rottura del nodo; Resistenza all\u2019abrasione; Misurazione dell&#8217;indice dei fluidi a caldo; Resistenza alla degradazione UV; Allungamento; Analisi ottica (spettrofotometria); Contrazione; Analisi di Spettroscopia Infrarossa. <div class=\"et_pb_module dsm_perspective_image dsm_perspective_image_0\">\n\t\t\t\t\n\t\t\t\t\n\t\t\t\t\n\t\t\t\t\n\t\t\t\t\n\t\t\t\t\n\t\t\t\t<div class=\"et_pb_module_inner\">\n\t\t\t\t\t<div class=\"dsm-perspective-image-wrapper et_always_center_on_mobile\">\n\t\t\t\t\n\t\t\t\t\n\t\t\t\t<span class=\"et_pb_image_wrap \"><img decoding=\"async\" src=\"https:\/\/exporplas.pt\/wp-content\/uploads\/2021\/03\/moldura.png\" alt=\"\" title=\"moldura\" \/><\/span>\n\t\t\t<\/div>\n\t\t\t\t<\/div>\n\t\t\t<\/div>Certificato Exporpl\u00e1s ISO-9001Certificato Gruppo [&hellip;]<\/p>\n","protected":false},"author":0,"featured_media":0,"parent":0,"menu_order":0,"comment_status":"closed","ping_status":"closed","template":"","meta":{"_et_pb_use_builder":"on","_et_pb_old_content":"","_et_gb_content_width":"","footnotes":""},"class_list":["post-238216","page","type-page","status-publish","hentry"],"_links":{"self":[{"href":"https:\/\/exporplas.pt\/it\/wp-json\/wp\/v2\/pages\/238216","targetHints":{"allow":["GET"]}}],"collection":[{"href":"https:\/\/exporplas.pt\/it\/wp-json\/wp\/v2\/pages"}],"about":[{"href":"https:\/\/exporplas.pt\/it\/wp-json\/wp\/v2\/types\/page"}],"replies":[{"embeddable":true,"href":"https:\/\/exporplas.pt\/it\/wp-json\/wp\/v2\/comments?post=238216"}],"version-history":[{"count":3,"href":"https:\/\/exporplas.pt\/it\/wp-json\/wp\/v2\/pages\/238216\/revisions"}],"predecessor-version":[{"id":238287,"href":"https:\/\/exporplas.pt\/it\/wp-json\/wp\/v2\/pages\/238216\/revisions\/238287"}],"wp:attachment":[{"href":"https:\/\/exporplas.pt\/it\/wp-json\/wp\/v2\/media?parent=238216"}],"curies":[{"name":"wp","href":"https:\/\/api.w.org\/{rel}","templated":true}]}}