{"id":238213,"date":"2025-12-04T17:31:32","date_gmt":"2025-12-04T17:31:32","guid":{"rendered":"https:\/\/exporplas.pt\/ambiente\/"},"modified":"2025-12-04T17:31:34","modified_gmt":"2025-12-04T17:31:34","slug":"ambiente","status":"publish","type":"page","link":"https:\/\/exporplas.pt\/it\/ambiente\/","title":{"rendered":"AMBIENTE"},"content":{"rendered":"<p>[et_pb_section fb_built=&#8221;1&#8243; fullwidth=&#8221;on&#8221; _builder_version=&#8221;4.16&#8243; _module_preset=&#8221;default&#8221; global_colors_info=&#8221;{}&#8221;][et_pb_fullwidth_header _builder_version=&#8221;4.16&#8243; _module_preset=&#8221;default&#8221; background_enable_color=&#8221;off&#8221; background_image=&#8221;https:\/\/exporplas.pt\/wp-content\/uploads\/2021\/03\/big_1549983674.jpg&#8221; min_height=&#8221;275px&#8221; global_colors_info=&#8221;{}&#8221;][\/et_pb_fullwidth_header][\/et_pb_section][et_pb_section fb_built=&#8221;1&#8243; _builder_version=&#8221;4.16&#8243; _module_preset=&#8221;default&#8221; global_colors_info=&#8221;{}&#8221;][et_pb_row _builder_version=&#8221;4.16&#8243; _module_preset=&#8221;default&#8221; global_colors_info=&#8221;{}&#8221;][et_pb_column type=&#8221;4_4&#8243; _builder_version=&#8221;4.16&#8243; _module_preset=&#8221;default&#8221; global_colors_info=&#8221;{}&#8221;][et_pb_text _builder_version=&#8221;4.18.1&#8243; _module_preset=&#8221;ad3c469a-73a4-4c1e-8e67-4ce21c3633ec&#8221; header_2_text_align=&#8221;center&#8221; header_2_text_color=&#8221;#6caf3f&#8221; global_colors_info=&#8221;{}&#8221;]<\/p>\n<h2>AMBIENTE<\/h2>\n<p>[\/et_pb_text][et_pb_divider color=&#8221;#cccccc&#8221; divider_weight=&#8221;1px&#8221; _builder_version=&#8221;4.16&#8243; _module_preset=&#8221;default&#8221; z_index=&#8221;1&#8243; width=&#8221;250px&#8221; module_alignment=&#8221;center&#8221; global_colors_info=&#8221;{}&#8221;][\/et_pb_divider][et_pb_divider divider_weight=&#8221;4px&#8221; _builder_version=&#8221;4.16&#8243; _module_preset=&#8221;default&#8221; z_index=&#8221;1&#8243; width=&#8221;95px&#8221; module_alignment=&#8221;center&#8221; custom_margin=&#8221;-54px||||false|false&#8221; custom_padding=&#8221;0px||||false|false&#8221; global_colors_info=&#8221;{}&#8221;][\/et_pb_divider][\/et_pb_column][\/et_pb_row][\/et_pb_section][et_pb_section fb_built=&#8221;1&#8243; _builder_version=&#8221;4.16&#8243; _module_preset=&#8221;default&#8221; custom_margin=&#8221;||50px||false|false&#8221; custom_margin_tablet=&#8221;||180px||false|false&#8221; custom_margin_phone=&#8221;||170px||false|false&#8221; custom_margin_last_edited=&#8221;on|phone&#8221; custom_padding=&#8221;0px||||false|false&#8221; global_colors_info=&#8221;{}&#8221;][et_pb_row column_structure=&#8221;2_5,3_5&#8243; _builder_version=&#8221;4.16&#8243; _module_preset=&#8221;default&#8221; global_colors_info=&#8221;{}&#8221;][et_pb_column type=&#8221;2_5&#8243; _builder_version=&#8221;4.16&#8243; _module_preset=&#8221;default&#8221; global_colors_info=&#8221;{}&#8221;][et_pb_text _builder_version=&#8221;4.27.4&#8243; _module_preset=&#8221;default&#8221; hover_enabled=&#8221;0&#8243; global_colors_info=&#8221;{}&#8221; sticky_enabled=&#8221;0&#8243;]<\/p>\n<p>L&#8217;adozione di pratiche sostenibili \u00e8 considerata parte integrante di un rigoroso piano di gestione ambientale ed energetica, avviato e incluso nella strategia a breve termine di EXPORPL\u00c1S.<\/p>\n<p><\/p>\n<p>Rispettando lo spirito della norma, siamo impegnati anche a ottimizzare e gestire il nostro impatto ambientale.<\/p>\n<p><\/p>\n<p><b>Ci impegniamo a ridurre l&#8217;impatto ambientale della nostra azienda, in modo positivo, responsabile e volontario.<\/b><\/p>\n<p><\/p>\n<p>Abbiamo definito i nostri processi industriali per raggiungere le migliori pratiche ambientali, portando a termine diverse azioni, come la ricerca nel campo delle energie verdi, il risparmio delle risorse energetiche, la separazione e il riciclaggio dei rifiuti derivanti dalla produzione, nonch\u00e9 la valutazione e il monitoraggio dei rumori delle macchine nei nostri stabilimenti.<\/p>\n<p><\/p>\n<p>&nbsp;<\/p>\n<p><\/p>\n<p><b>RICICLAGGIO E TECNOLOGIA PULITA<\/b><\/p>\n<p><\/p>\n<p>La cosiddetta &#8220;Tecnologia Pulita&#8221; fa parte della strategia ambientale di EXPORPL\u00c1S che viene attuata nel processo di produzione al fine di aumentare l&#8217;efficienza produttiva, nonch\u00e9 ridurre e minimizzare l&#8217;impatto ambientale derivante dall&#8217;attivit\u00e0 produttiva.<\/p>\n<p><\/p>\n<p>Contemporaneamente, \u00e8 stato raggiunto un vantaggio competitivo, attraverso l&#8217;uso razionale delle risorse.<\/p>\n<p><\/p>\n<p>&nbsp;<\/p>\n<p><\/p>\n<p><b>RIDURRE, RIUTILIZZARE, RICICLARE<\/b><\/p>\n<p><\/p>\n<p>Il riciclaggio e il riutilizzo sono strumenti integrali di questo nuovo progetto di EXPORPL\u00c1S, in quanto i rifiuti rappresentano una perdita economica e una perdita di risorse, oltre a provocare inquinamento ambientale.<\/p>\n<p><\/p>\n<p>Per questo motivo, EXPORPL\u00c1S s\u2019impegna a ridurre i propri rifiuti e a dare priorit\u00e0 alle procedure che portano al riutilizzo e al riciclaggio, secondo le migliori pratiche di gestione.<\/p>\n<p><\/p>\n<p>I nostri prodotti sono riciclabili al 100% e abbiamo un nostro impianto di riciclaggio, che tratta tutti i rifiuti derivanti dalla nostra produzione.<\/p>\n<p><\/p>\n<p>Per quanto riguarda l&#8217;energia, abbiamo installato un&#8217;unit\u00e0 termoelettrica combinata, con conseguente maggiore efficienza e minima perdita di risorse essenziali.<\/p>\n<p><\/p>\n<p>&nbsp;<\/p>\n<p><\/p>\n<p><b>ALCUNI FATTI<\/b><b><\/b><\/p>\n<p><\/p>\n<p>\u2022 Pratiche ecocompatibili;<\/p>\n<p><\/p>\n<p>\u2022 Prodotti riciclabili al 100%.<\/p>\n<p>[\/et_pb_text][\/et_pb_column][et_pb_column type=&#8221;3_5&#8243; _builder_version=&#8221;4.16&#8243; _module_preset=&#8221;default&#8221; global_colors_info=&#8221;{}&#8221;][et_pb_image src=&#8221;https:\/\/exporplas.pt\/wp-content\/uploads\/2021\/03\/moldura.png&#8221; title_text=&#8221;big_1549983961&#8243; _builder_version=&#8221;4.16&#8243; _module_preset=&#8221;default&#8221; background_image=&#8221;https:\/\/exporplas.pt\/wp-content\/uploads\/2021\/03\/big_1549983961.jpg&#8221; global_colors_info=&#8221;{}&#8221;][\/et_pb_image][\/et_pb_column][\/et_pb_row][\/et_pb_section]<\/p>\n","protected":false},"excerpt":{"rendered":"<p>AMBIENTEL&#8217;adozione di pratiche sostenibili \u00e8 considerata parte integrante di un rigoroso piano di gestione ambientale ed energetica, avviato e incluso nella strategia a breve termine di EXPORPL\u00c1S.Rispettando lo spirito della norma, siamo impegnati anche a ottimizzare e gestire il nostro impatto ambientale.Ci impegniamo a ridurre l&#8217;impatto ambientale della nostra azienda, in modo positivo, responsabile e volontario.Abbiamo definito i nostri processi industriali per raggiungere le migliori pratiche ambientali, portando a termine diverse azioni, come la ricerca nel campo delle energie verdi, il risparmio delle risorse energetiche, la separazione e il riciclaggio dei rifiuti derivanti dalla produzione, nonch\u00e9 la valutazione e il monitoraggio dei rumori delle macchine nei nostri stabilimenti.&nbsp;RICICLAGGIO E TECNOLOGIA PULITALa cosiddetta &#8220;Tecnologia Pulita&#8221; fa parte della strategia ambientale di EXPORPL\u00c1S che viene attuata nel processo di produzione al fine di aumentare l&#8217;efficienza produttiva, nonch\u00e9 ridurre e minimizzare l&#8217;impatto ambientale derivante dall&#8217;attivit\u00e0 produttiva.Contemporaneamente, \u00e8 stato raggiunto un vantaggio competitivo, attraverso l&#8217;uso razionale delle risorse.&nbsp;RIDURRE, RIUTILIZZARE, RICICLAREIl riciclaggio e il riutilizzo sono strumenti integrali di questo nuovo progetto di EXPORPL\u00c1S, in quanto i rifiuti rappresentano una perdita economica e una perdita di risorse, oltre a provocare inquinamento ambientale.Per questo motivo, EXPORPL\u00c1S s\u2019impegna a ridurre i propri rifiuti e a dare priorit\u00e0 [&hellip;]<\/p>\n","protected":false},"author":0,"featured_media":0,"parent":0,"menu_order":0,"comment_status":"closed","ping_status":"closed","template":"","meta":{"_et_pb_use_builder":"on","_et_pb_old_content":"","_et_gb_content_width":"","footnotes":""},"class_list":["post-238213","page","type-page","status-publish","hentry"],"_links":{"self":[{"href":"https:\/\/exporplas.pt\/it\/wp-json\/wp\/v2\/pages\/238213","targetHints":{"allow":["GET"]}}],"collection":[{"href":"https:\/\/exporplas.pt\/it\/wp-json\/wp\/v2\/pages"}],"about":[{"href":"https:\/\/exporplas.pt\/it\/wp-json\/wp\/v2\/types\/page"}],"replies":[{"embeddable":true,"href":"https:\/\/exporplas.pt\/it\/wp-json\/wp\/v2\/comments?post=238213"}],"version-history":[{"count":2,"href":"https:\/\/exporplas.pt\/it\/wp-json\/wp\/v2\/pages\/238213\/revisions"}],"predecessor-version":[{"id":238215,"href":"https:\/\/exporplas.pt\/it\/wp-json\/wp\/v2\/pages\/238213\/revisions\/238215"}],"wp:attachment":[{"href":"https:\/\/exporplas.pt\/it\/wp-json\/wp\/v2\/media?parent=238213"}],"curies":[{"name":"wp","href":"https:\/\/api.w.org\/{rel}","templated":true}]}}