{"id":238201,"date":"2025-12-04T16:30:17","date_gmt":"2025-12-04T16:30:17","guid":{"rendered":"https:\/\/exporplas.pt\/aree-strategiche-di-business\/settore-edile\/rinforzo-strutturale-piani-industriali\/"},"modified":"2025-12-04T16:30:19","modified_gmt":"2025-12-04T16:30:19","slug":"rinforzo-strutturale-piani-industriali","status":"publish","type":"page","link":"https:\/\/exporplas.pt\/it\/aree-strategiche-di-business\/settore-edile\/rinforzo-strutturale-piani-industriali\/","title":{"rendered":"RINFORZO STRUTTURALE, PIANI INDUSTRIALI"},"content":{"rendered":"<p>[et_pb_section fb_built=&#8221;1&#8243; _builder_version=&#8221;4.16&#8243; _module_preset=&#8221;a04f6cf9-58b3-4941-ae02-09de3db7d9b7&#8243; locked=&#8221;off&#8221; global_colors_info=&#8221;{}&#8221; box_shadow_style=&#8221;preset3&#8243; box_shadow_vertical=&#8221;5px&#8221; box_shadow_blur=&#8221;8px&#8221; box_shadow_color=&#8221;rgba(0,0,0,0.2)&#8221;][et_pb_row _builder_version=&#8221;4.16&#8243; _module_preset=&#8221;default&#8221; max_width=&#8221;1230px&#8221; custom_margin=&#8221;||||false|false&#8221; custom_padding=&#8221;0px||0px||false|false&#8221; global_colors_info=&#8221;{}&#8221;][et_pb_column type=&#8221;4_4&#8243; _builder_version=&#8221;4.16&#8243; _module_preset=&#8221;default&#8221; global_colors_info=&#8221;{}&#8221;][dsm_breadcrumbs _builder_version=&#8221;4.16&#8243; _module_preset=&#8221;7726ac8d-7222-46bd-8a73-3088c2807996&#8243; global_colors_info=&#8221;{}&#8221;][\/dsm_breadcrumbs][\/et_pb_column][\/et_pb_row][\/et_pb_section][et_pb_section fb_built=&#8221;1&#8243; admin_label=&#8221;produto&#8221; _builder_version=&#8221;4.24.2&#8243; _module_preset=&#8221;default&#8221; background_color=&#8221;#FF5100&#8243; z_index=&#8221;3&#8243; custom_padding=&#8221;0px||||false|false&#8221; global_colors_info=&#8221;{}&#8221;][et_pb_row disabled_on=&#8221;on|off|off&#8221; _builder_version=&#8221;4.16&#8243; _module_preset=&#8221;default&#8221; global_colors_info=&#8221;{}&#8221;][et_pb_column type=&#8221;4_4&#8243; _builder_version=&#8221;4.16&#8243; _module_preset=&#8221;default&#8221; global_colors_info=&#8221;{}&#8221;][et_pb_text _builder_version=&#8221;4.24.2&#8243; _module_preset=&#8221;default&#8221; text_font=&#8221;Montserrat|600|||||||&#8221; text_text_color=&#8221;#FFFFFF&#8221; text_font_size=&#8221;19px&#8221; text_orientation=&#8221;center&#8221; global_colors_info=&#8221;{}&#8221;]<\/p>\n<p>SETTORE EDILE | RINFORZO STRUTTURALE, PIANI INDUSTRIALI<\/p>\n<p>[\/et_pb_text][et_pb_divider color=&#8221;#FFFFFF&#8221; divider_weight=&#8221;1px&#8221; _builder_version=&#8221;4.24.2&#8243; _module_preset=&#8221;default&#8221; z_index=&#8221;1&#8243; width=&#8221;250px&#8221; module_alignment=&#8221;center&#8221; locked=&#8221;off&#8221; global_colors_info=&#8221;{}&#8221;][\/et_pb_divider][et_pb_divider color=&#8221;#FFFFFF&#8221; divider_weight=&#8221;4px&#8221; _builder_version=&#8221;4.24.2&#8243; _module_preset=&#8221;default&#8221; z_index=&#8221;1&#8243; width=&#8221;95px&#8221; module_alignment=&#8221;center&#8221; custom_margin=&#8221;-54px||||false|false&#8221; custom_padding=&#8221;0px||||false|false&#8221; locked=&#8221;off&#8221; global_colors_info=&#8221;{}&#8221;][\/et_pb_divider][\/et_pb_column][\/et_pb_row][\/et_pb_section][et_pb_section fb_built=&#8221;1&#8243; module_id=&#8221;product&#8221; _builder_version=&#8221;4.24.2&#8243; _module_preset=&#8221;default&#8221; background_color=&#8221;#FF5100&#8243; z_index=&#8221;3&#8243; custom_margin=&#8221;||||false|false&#8221; custom_margin_tablet=&#8221;||180px||false|false&#8221; custom_margin_phone=&#8221;||170px||false|false&#8221; custom_margin_last_edited=&#8221;off|desktop&#8221; custom_padding=&#8221;0px||||false|false&#8221; global_colors_info=&#8221;{}&#8221;][et_pb_row column_structure=&#8221;1_2,1_2&#8243; _builder_version=&#8221;4.16&#8243; _module_preset=&#8221;default&#8221; global_colors_info=&#8221;{}&#8221;][et_pb_column type=&#8221;1_2&#8243; _builder_version=&#8221;4.16&#8243; _module_preset=&#8221;default&#8221; global_colors_info=&#8221;{}&#8221;][et_pb_text _builder_version=&#8221;4.24.2&#8243; _module_preset=&#8221;default&#8221; text_font=&#8221;Montserrat|300|||||||&#8221; text_text_color=&#8221;#FF5100&#8243; text_font_size=&#8221;45px&#8221; text_line_height=&#8221;1em&#8221; header_3_font=&#8221;Montserrat|600|||||||&#8221; header_3_text_color=&#8221;#FFFFFF&#8221; header_3_font_size=&#8221;45px&#8221; global_colors_info=&#8221;{}&#8221;]<\/p>\n<h3>RINFORZO STRUTTURALE, PIANI INDUSTRIALI<\/h3>\n<p>[\/et_pb_text][et_pb_text _builder_version=&#8221;4.24.2&#8243; _module_preset=&#8221;default&#8221; text_text_color=&#8221;#FFFFFF&#8221; global_colors_info=&#8221;{}&#8221;]<\/p>\n<ul>\n<li>Questa fibra semplifica il processo di costruzione, fornendo una rifinitura perfetta del piano;\u00a0<\/li>\n<li>Migliora le seguenti propriet\u00e0 del calcestruzzo: Duttilit\u00e0, Tenacit\u00e0, Resistenza agli urti e alla fatica;\u00a0<\/li>\n<li>Inibisce le crepe iniziali mediante la retrazione della plastica;\u00a0<\/li>\n<li>Riduce la possibilit\u00e0 di sgretolamento dei bordi del calcestruzzo;\u00a0<\/li>\n<li>Migliora la miscela riducendo il potenziale di segregazione del calcestruzzo;\u00a0<\/li>\n<li>Aumenta la coesione del calcestruzzo;\u00a0<\/li>\n<li>Si distribuisce uniformemente nel calcestruzzo formando una rete di rinforzo multidirezionale;\u00a0<\/li>\n<li>Pi\u00f9 redditizio rispetto alla rete d&#8217;acciaio;\u00a0<\/li>\n<li>Permette di ridurre parte della rete e quindi i costi di produzione e i tempi di lavoro;\u00a0<\/li>\n<li>Ecologica, pi\u00f9 sicura e leggera rispetto all\u2019acciaio.\u00a0<\/li>\n<li>Questa fibra \u00e8 conforme alla norma EN 14889-2.<\/li>\n<\/ul>\n<p>[\/et_pb_text][et_pb_text _builder_version=&#8221;4.24.2&#8243; _module_preset=&#8221;default&#8221; locked=&#8221;off&#8221; global_colors_info=&#8221;{}&#8221;]<\/p>\n<p><span style=\"text-decoration: underline; color: #ffffff;\"><strong><a style=\"color: #ffffff; text-decoration: underline;\" href=\"mailto:info@exporplas.pt\">Per ulteriori informazioni, contattateci.<\/a><\/strong><\/span><\/p>\n<p>[\/et_pb_text][et_pb_button button_url=&#8221;@ET-DC@eyJkeW5hbWljIjp0cnVlLCJjb250ZW50IjoicG9zdF9saW5rX3VybF9wYWdlIiwic2V0dGluZ3MiOnsicG9zdF9pZCI6IjIzNDE1NCJ9fQ==@&#8221; button_text=&#8221;INDIETRO&#8221; button_alignment=&#8221;left&#8221; _builder_version=&#8221;4.24.2&#8243; _dynamic_attributes=&#8221;button_url&#8221; _module_preset=&#8221;default&#8221; custom_button=&#8221;on&#8221; button_text_size=&#8221;9px&#8221; button_text_color=&#8221;#FF5100&#8243; button_bg_color=&#8221;#FFFFFF&#8221; button_border_width=&#8221;10px&#8221; button_border_color=&#8221;rgba(47,56,84,0)&#8221; button_border_radius=&#8221;60px&#8221; button_letter_spacing=&#8221;1px&#8221; button_font=&#8221;|700||on|||||&#8221; button_use_icon=&#8221;off&#8221; animation_style=&#8221;fade&#8221; global_colors_info=&#8221;{}&#8221; button_border_radius__hover=&#8221;66px&#8221; button_border_radius__hover_enabled=&#8221;on&#8221; button_letter_spacing__hover=&#8221;1px&#8221; button_letter_spacing__hover_enabled=&#8221;on&#8221;][\/et_pb_button][\/et_pb_column][et_pb_column type=&#8221;1_2&#8243; _builder_version=&#8221;4.16&#8243; _module_preset=&#8221;default&#8221; global_colors_info=&#8221;{}&#8221;][et_pb_image src=&#8221;https:\/\/exporplas.pt\/wp-content\/uploads\/2024\/04\/Flooring-and-Slabs_Aplication_B.png&#8221; title_text=&#8221;Flooring-and-Slabs_Aplication_B&#8221; _builder_version=&#8221;4.24.2&#8243; _module_preset=&#8221;default&#8221; animation_style=&#8221;slide&#8221; animation_direction=&#8221;right&#8221; global_colors_info=&#8221;{}&#8221;][\/et_pb_image][\/et_pb_column][\/et_pb_row][\/et_pb_section]<\/p>\n","protected":false},"excerpt":{"rendered":"<p><div class=\"et_pb_module dsm_breadcrumbs dsm_breadcrumbs_0\">\n\t\t\t\t\n\t\t\t\t\n\t\t\t\t\n\t\t\t\t\n\t\t\t\t\n\t\t\t\t\n\t\t\t\t<div class=\"et_pb_module_inner\">\n\t\t\t\t\t<nav class=\"dsm_breadcrumbs_wrap\">\n\t\t\t\t<ul class=\"dsm_breadcrumbs\" itemscope itemtype=\"https:\/\/schema.org\/BreadcrumbList\">\t\t\t<li class=\"dsm_breadcrumbs_item dsm_home_item dsm_home_item_custom\" itemprop=\"itemListElement\" itemscope\n\t\t\titemtype=\"https:\/\/schema.org\/ListItem\">\n\t\t\t\t<a href=\"https:\/\/exporplas.pt\/it\/\" itemprop=\"item\" target=\"\">\n\t\t\t\t\t<span class='dsm_home_text_wrapper'>\n\t\t\t\t\t\t\t\t\t\t\t\t\t<span class=\"et-pb-icon dsm_home_icon\">\ue009<\/span>\n\t\t\t\t\t\t\t\t\t\t\t\t\t<span class=\"dsm_home_text\" itemprop=\"name\">\n\t\t\t\t\t\t\t\t \t\t\t\t\t\t\t<\/span>\n\t\t\t\t\t<\/span>\n\t\t\t\t<\/a>\n\t\t\t\t<meta itemprop=\"position\" content=\"1\" \/>\n\t\t\t<\/li>\n\n\t\t<li class=\"dsm_breadcrumbs_separator\"> <span class=\"et-pb-icon dsm_separator_icon\">5<\/span><\/li><\/ul>\n\t\t\t<\/nav>\n\t\t\t\t<\/div>\n\t\t\t<\/div>SETTORE EDILE | RINFORZO STRUTTURALE, PIANI INDUSTRIALIRINFORZO STRUTTURALE, PIANI INDUSTRIALI Questa fibra semplifica il processo di costruzione, fornendo una rifinitura perfetta del piano;\u00a0 Migliora le seguenti propriet\u00e0 del calcestruzzo: Duttilit\u00e0, Tenacit\u00e0, Resistenza agli urti e alla fatica;\u00a0 Inibisce le crepe iniziali mediante la retrazione della plastica;\u00a0 Riduce la possibilit\u00e0 di sgretolamento dei bordi del calcestruzzo;\u00a0 Migliora la miscela riducendo il potenziale di segregazione del calcestruzzo;\u00a0 Aumenta la coesione del calcestruzzo;\u00a0 Si distribuisce uniformemente nel calcestruzzo formando una rete di rinforzo multidirezionale;\u00a0 Pi\u00f9 redditizio rispetto alla rete d&#8217;acciaio;\u00a0 Permette di ridurre parte della rete e quindi i costi di produzione e i tempi di lavoro;\u00a0 Ecologica, pi\u00f9 sicura e leggera rispetto all\u2019acciaio.\u00a0 Questa fibra \u00e8 conforme alla norma EN 14889-2. Per ulteriori informazioni, contattateci.<\/p>\n","protected":false},"author":0,"featured_media":0,"parent":238003,"menu_order":0,"comment_status":"closed","ping_status":"closed","template":"","meta":{"_et_pb_use_builder":"on","_et_pb_old_content":"","_et_gb_content_width":"","footnotes":""},"class_list":["post-238201","page","type-page","status-publish","hentry"],"_links":{"self":[{"href":"https:\/\/exporplas.pt\/it\/wp-json\/wp\/v2\/pages\/238201","targetHints":{"allow":["GET"]}}],"collection":[{"href":"https:\/\/exporplas.pt\/it\/wp-json\/wp\/v2\/pages"}],"about":[{"href":"https:\/\/exporplas.pt\/it\/wp-json\/wp\/v2\/types\/page"}],"replies":[{"embeddable":true,"href":"https:\/\/exporplas.pt\/it\/wp-json\/wp\/v2\/comments?post=238201"}],"version-history":[{"count":2,"href":"https:\/\/exporplas.pt\/it\/wp-json\/wp\/v2\/pages\/238201\/revisions"}],"predecessor-version":[{"id":238203,"href":"https:\/\/exporplas.pt\/it\/wp-json\/wp\/v2\/pages\/238201\/revisions\/238203"}],"up":[{"embeddable":true,"href":"https:\/\/exporplas.pt\/it\/wp-json\/wp\/v2\/pages\/238003"}],"wp:attachment":[{"href":"https:\/\/exporplas.pt\/it\/wp-json\/wp\/v2\/media?parent=238201"}],"curies":[{"name":"wp","href":"https:\/\/api.w.org\/{rel}","templated":true}]}}