{"id":238135,"date":"2025-12-02T18:06:25","date_gmt":"2025-12-02T18:06:25","guid":{"rendered":"https:\/\/exporplas.pt\/aree-strategiche-di-business\/agricoltura\/film-per-insilato-agriforce\/"},"modified":"2026-02-23T11:52:31","modified_gmt":"2026-02-23T11:52:31","slug":"film-per-insilato-agriforce","status":"publish","type":"page","link":"https:\/\/exporplas.pt\/it\/aree-strategiche-di-business\/agricoltura\/film-per-insilato-agriforce\/","title":{"rendered":"FILM PER INSILATO | AGRIFORCE<SUP STYLE=\"font-size:50%\">\u00ae<\/sup>"},"content":{"rendered":"<p>[et_pb_section fb_built=&#8221;1&#8243; _builder_version=&#8221;4.16&#8243; _module_preset=&#8221;1aa77664-506e-4896-aba7-807e7db78016&#8243; locked=&#8221;off&#8221; global_colors_info=&#8221;{}&#8221;][et_pb_row _builder_version=&#8221;4.16&#8243; _module_preset=&#8221;default&#8221; max_width=&#8221;1230px&#8221; custom_margin=&#8221;||||false|false&#8221; custom_padding=&#8221;0px||0px||false|false&#8221; global_colors_info=&#8221;{}&#8221;][et_pb_column type=&#8221;4_4&#8243; _builder_version=&#8221;4.16&#8243; _module_preset=&#8221;default&#8221; global_colors_info=&#8221;{}&#8221;][dsm_breadcrumbs _builder_version=&#8221;4.16&#8243; _module_preset=&#8221;7726ac8d-7222-46bd-8a73-3088c2807996&#8243; global_colors_info=&#8221;{}&#8221;][\/dsm_breadcrumbs][\/et_pb_column][\/et_pb_row][\/et_pb_section][et_pb_section fb_built=&#8221;1&#8243; admin_label=&#8221;produto&#8221; _builder_version=&#8221;4.16&#8243; _module_preset=&#8221;default&#8221; z_index=&#8221;3&#8243; custom_padding=&#8221;0px||||false|false&#8221; global_colors_info=&#8221;{}&#8221;][et_pb_row disabled_on=&#8221;on|off|off&#8221; admin_label=&#8221;T\u00edtulo \u00c1reas de Neg\u00f3cio&#8221; _builder_version=&#8221;4.18.1&#8243; _module_preset=&#8221;default&#8221; animation_direction=&#8221;bottom&#8221; scroll_vertical_motion_enable=&#8221;on&#8221; scroll_vertical_motion=&#8221;0|35|70|100|0.5|0|0&#8243; motion_trigger_start=&#8221;top&#8221; locked=&#8221;off&#8221; global_colors_info=&#8221;{}&#8221;][et_pb_column type=&#8221;4_4&#8243; _builder_version=&#8221;4.16&#8243; _module_preset=&#8221;default&#8221; global_colors_info=&#8221;{}&#8221;][et_pb_text _builder_version=&#8221;4.18.1&#8243; _module_preset=&#8221;ad3c469a-73a4-4c1e-8e67-4ce21c3633ec&#8221; header_2_font_size=&#8221;24px&#8221; header_2_font_size_tablet=&#8221;&#8221; header_2_font_size_phone=&#8221;22px&#8221; header_2_font_size_last_edited=&#8221;on|tablet&#8221; global_colors_info=&#8221;{}&#8221;]<\/p>\n<h2 style=\"text-align: center;\"><span style=\"color: #6caf3f;\">AGRICOLTURA | AGRIFORCE<sup style=\"font-size: 50%;\">\u00ae<\/sup><\/span><\/h2>\n<p>[\/et_pb_text][et_pb_divider color=&#8221;#cccccc&#8221; divider_weight=&#8221;1px&#8221; divider_weight_tablet=&#8221;1px&#8221; divider_weight_phone=&#8221;1px&#8221; divider_weight_last_edited=&#8221;on|desktop&#8221; _builder_version=&#8221;4.18.1&#8243; _module_preset=&#8221;default&#8221; z_index=&#8221;1&#8243; width=&#8221;250px&#8221; width_tablet=&#8221;40%&#8221; width_phone=&#8221;60%&#8221; width_last_edited=&#8221;on|phone&#8221; module_alignment=&#8221;center&#8221; global_colors_info=&#8221;{}&#8221;][\/et_pb_divider][et_pb_divider divider_weight=&#8221;4px&#8221; divider_weight_tablet=&#8221;&#8221; divider_weight_phone=&#8221;&#8221; divider_weight_last_edited=&#8221;on|tablet&#8221; _builder_version=&#8221;4.16&#8243; _module_preset=&#8221;default&#8221; z_index=&#8221;1&#8243; width=&#8221;95px&#8221; width_tablet=&#8221;20%&#8221; width_phone=&#8221;30%&#8221; width_last_edited=&#8221;on|phone&#8221; module_alignment=&#8221;center&#8221; custom_margin=&#8221;-54px||||false|false&#8221; custom_padding=&#8221;0px||||false|false&#8221; global_colors_info=&#8221;{}&#8221;][\/et_pb_divider][\/et_pb_column][\/et_pb_row][\/et_pb_section][et_pb_section fb_built=&#8221;1&#8243; module_id=&#8221;produto&#8221; _builder_version=&#8221;4.16&#8243; _module_preset=&#8221;default&#8221; z_index=&#8221;3&#8243; custom_margin=&#8221;||50px||false|false&#8221; custom_margin_tablet=&#8221;||180px||false|false&#8221; custom_margin_phone=&#8221;||170px||false|false&#8221; custom_margin_last_edited=&#8221;on|desktop&#8221; custom_padding=&#8221;0px||||false|false&#8221; global_colors_info=&#8221;{}&#8221;][et_pb_row column_structure=&#8221;1_2,1_2&#8243; _builder_version=&#8221;4.16&#8243; _module_preset=&#8221;default&#8221; global_colors_info=&#8221;{}&#8221;][et_pb_column type=&#8221;1_2&#8243; _builder_version=&#8221;4.16&#8243; _module_preset=&#8221;default&#8221; global_colors_info=&#8221;{}&#8221;][et_pb_text _builder_version=&#8221;4.27.4&#8243; _module_preset=&#8221;default&#8221; text_font=&#8221;Montserrat|300|||||||&#8221; text_text_color=&#8221;#6caf3f&#8221; text_font_size=&#8221;45px&#8221; text_line_height=&#8221;1em&#8221; header_3_font=&#8221;Montserrat|600|||||||&#8221; header_3_text_color=&#8221;#6caf3f&#8221; header_3_font_size=&#8221;45px&#8221; hover_enabled=&#8221;0&#8243; text_font_size_tablet=&#8221;45px&#8221; text_font_size_phone=&#8221;25px&#8221; text_font_size_last_edited=&#8221;on|phone&#8221; global_colors_info=&#8221;{}&#8221; sticky_enabled=&#8221;0&#8243;]<\/p>\n<h3>AGRIFORCE<sup style=\"font-size: 50%;\">\u00ae<\/sup><\/h3>\n<p>FILM PER INSILATO<\/p>\n<p>[\/et_pb_text][et_pb_text _builder_version=&#8221;4.27.4&#8243; _module_preset=&#8221;default&#8221; hover_enabled=&#8221;0&#8243; global_colors_info=&#8221;{}&#8221; sticky_enabled=&#8221;0&#8243;]<\/p>\n<p><span data-contrast=\"none\">AgriForce \u00e8 prodotto da LLDPE di alta qualit\u00e0 e con la pi\u00f9 alta tecnologia (5 strati coestrusi), assicurando cos\u00ec un&#8217;elevata resistenza alla rottura.<\/span><\/p>\n<p><span data-contrast=\"none\"><\/span><span data-contrast=\"none\">La sua formulazione contiene additivi di protezione UV per una protezione fino a 12 mesi sotto radiazione solare.<\/span><\/p>\n<p><span data-contrast=\"none\"><\/span><span data-contrast=\"none\">AgriForce \u00e9 100% riciclabile.<\/span><span data-ccp-props=\"{&quot;201341983&quot;:0,&quot;335559685&quot;:720,&quot;335559739&quot;:160,&quot;335559740&quot;:240,&quot;335559991&quot;:720}\">\u00a0<\/span><\/p>\n<p>[\/et_pb_text][et_pb_image src=&#8221;https:\/\/exporplas.pt\/wp-content\/uploads\/2021\/04\/AGRIFORCE_Tabela.png&#8221; title_text=&#8221;AGRIFORCE_Tabela&#8221; _builder_version=&#8221;4.16&#8243; _module_preset=&#8221;default&#8221; global_colors_info=&#8221;{}&#8221;][\/et_pb_image][et_pb_text disabled_on=&#8221;on|on|on&#8221; _builder_version=&#8221;4.16&#8243; _module_preset=&#8221;default&#8221; disabled=&#8221;on&#8221; global_colors_info=&#8221;{}&#8221;]<\/p>\n<p><span style=\"text-decoration: underline;\"><strong><a href=\"mailto:info@exporplas.pt\">Per ulteriori informazioni, contattateci.<\/a><\/strong><\/span><\/p>\n<p>[\/et_pb_text][et_pb_button button_url=&#8221;https:\/\/exporplas.pt\/it\/aree-strategiche-di-business\/agricoltura\/&#8221; button_text=&#8221;INDIETRO&#8221; disabled_on=&#8221;on|on|on&#8221; _builder_version=&#8221;4.16&#8243; _module_preset=&#8221;default&#8221; custom_button=&#8221;on&#8221; button_text_size=&#8221;9px&#8221; button_text_color=&#8221;#ffffff&#8221; button_bg_color=&#8221;#6caf3f&#8221; button_border_width=&#8221;10px&#8221; button_border_color=&#8221;rgba(47,56,84,0)&#8221; button_border_radius=&#8221;60px&#8221; button_letter_spacing=&#8221;1px&#8221; button_font=&#8221;|700||on|||||&#8221; button_use_icon=&#8221;off&#8221; animation_style=&#8221;fade&#8221; disabled=&#8221;on&#8221; global_colors_info=&#8221;{}&#8221; button_border_radius__hover=&#8221;66px&#8221; button_border_radius__hover_enabled=&#8221;on&#8221; button_letter_spacing__hover=&#8221;1px&#8221; button_letter_spacing__hover_enabled=&#8221;on&#8221;][\/et_pb_button][\/et_pb_column][et_pb_column type=&#8221;1_2&#8243; _builder_version=&#8221;4.16&#8243; _module_preset=&#8221;default&#8221; global_colors_info=&#8221;{}&#8221;][et_pb_image src=&#8221;https:\/\/exporplas.pt\/wp-content\/uploads\/2022\/07\/Agriforce_2022.jpg&#8221; title_text=&#8221;Agriforce_2022&#8243; _builder_version=&#8221;4.17.6&#8243; _module_preset=&#8221;default&#8221; animation_style=&#8221;slide&#8221; animation_direction=&#8221;right&#8221; global_colors_info=&#8221;{}&#8221;][\/et_pb_image][\/et_pb_column][\/et_pb_row][et_pb_row disabled_on=&#8221;off|off|off&#8221; _builder_version=&#8221;4.16&#8243; _module_preset=&#8221;default&#8221; locked=&#8221;off&#8221; global_colors_info=&#8221;{}&#8221;][et_pb_column type=&#8221;4_4&#8243; _builder_version=&#8221;4.16&#8243; _module_preset=&#8221;default&#8221; global_colors_info=&#8221;{}&#8221;][et_pb_text _builder_version=&#8221;4.18.1&#8243; _module_preset=&#8221;default&#8221; text_font=&#8221;|300|||||||&#8221; text_text_color=&#8221;#6caf3f&#8221; text_font_size=&#8221;35px&#8221; text_line_height=&#8221;1.2em&#8221; header_3_font=&#8221;Montserrat|600|||||||&#8221; header_3_text_color=&#8221;#6caf3f&#8221; header_3_font_size=&#8221;35px&#8221; text_orientation=&#8221;center&#8221; global_colors_info=&#8221;{}&#8221;]<\/p>\n<h3>Guardare il video<\/h3>\n<p>[\/et_pb_text][et_pb_divider color=&#8221;#cccccc&#8221; divider_weight=&#8221;1px&#8221; _builder_version=&#8221;4.16&#8243; _module_preset=&#8221;default&#8221; z_index=&#8221;1&#8243; width=&#8221;250px&#8221; module_alignment=&#8221;center&#8221; global_colors_info=&#8221;{}&#8221;][\/et_pb_divider][et_pb_divider divider_weight=&#8221;4px&#8221; _builder_version=&#8221;4.16&#8243; _module_preset=&#8221;default&#8221; z_index=&#8221;1&#8243; width=&#8221;95px&#8221; module_alignment=&#8221;center&#8221; custom_margin=&#8221;-54px||||false|false&#8221; custom_padding=&#8221;0px||||false|false&#8221; global_colors_info=&#8221;{}&#8221;][\/et_pb_divider][\/et_pb_column][\/et_pb_row][et_pb_row disabled_on=&#8221;off|off|off&#8221; _builder_version=&#8221;4.16&#8243; _module_preset=&#8221;default&#8221; locked=&#8221;off&#8221; global_colors_info=&#8221;{}&#8221;][et_pb_column type=&#8221;4_4&#8243; _builder_version=&#8221;4.16&#8243; _module_preset=&#8221;default&#8221; global_colors_info=&#8221;{}&#8221;][et_pb_video src=&#8221;https:\/\/youtu.be\/5xTLo3_FfKM&#8221; _builder_version=&#8221;4.18.0&#8243; _module_preset=&#8221;default&#8221; global_colors_info=&#8221;{}&#8221;][\/et_pb_video][et_pb_text _builder_version=&#8221;4.16&#8243; _module_preset=&#8221;default&#8221; locked=&#8221;off&#8221; global_colors_info=&#8221;{}&#8221;]<\/p>\n<p><span style=\"text-decoration: underline;\"><strong><a href=\"mailto:info@exporplas.pt\">Per ulteriori informazioni, contattateci.<\/a><\/strong><\/span><\/p>\n<p>[\/et_pb_text][et_pb_button button_url=&#8221;https:\/\/exporplas.pt\/it\/aree-strategiche-di-business\/agricoltura\/&#8221; button_text=&#8221;INDIETRO&#8221; _builder_version=&#8221;4.16&#8243; _module_preset=&#8221;default&#8221; custom_button=&#8221;on&#8221; button_text_size=&#8221;9px&#8221; button_text_color=&#8221;#ffffff&#8221; button_bg_color=&#8221;#6caf3f&#8221; button_border_width=&#8221;10px&#8221; button_border_color=&#8221;rgba(47,56,84,0)&#8221; button_border_radius=&#8221;60px&#8221; button_letter_spacing=&#8221;1px&#8221; button_font=&#8221;|700||on|||||&#8221; button_use_icon=&#8221;off&#8221; animation_style=&#8221;fade&#8221; locked=&#8221;off&#8221; global_colors_info=&#8221;{}&#8221; button_border_radius__hover=&#8221;66px&#8221; button_border_radius__hover_enabled=&#8221;on&#8221; button_letter_spacing__hover=&#8221;1px&#8221; button_letter_spacing__hover_enabled=&#8221;on&#8221;][\/et_pb_button][\/et_pb_column][\/et_pb_row][\/et_pb_section]<\/p>\n","protected":false},"excerpt":{"rendered":"<p><div class=\"et_pb_module dsm_breadcrumbs dsm_breadcrumbs_0\">\n\t\t\t\t\n\t\t\t\t\n\t\t\t\t\n\t\t\t\t\n\t\t\t\t\n\t\t\t\t\n\t\t\t\t<div class=\"et_pb_module_inner\">\n\t\t\t\t\t<nav class=\"dsm_breadcrumbs_wrap\">\n\t\t\t\t<ul class=\"dsm_breadcrumbs\" itemscope itemtype=\"https:\/\/schema.org\/BreadcrumbList\">\t\t\t<li class=\"dsm_breadcrumbs_item dsm_home_item dsm_home_item_custom\" itemprop=\"itemListElement\" itemscope\n\t\t\titemtype=\"https:\/\/schema.org\/ListItem\">\n\t\t\t\t<a href=\"https:\/\/exporplas.pt\/it\/\" itemprop=\"item\" target=\"\">\n\t\t\t\t\t<span class='dsm_home_text_wrapper'>\n\t\t\t\t\t\t\t\t\t\t\t\t\t<span class=\"et-pb-icon dsm_home_icon\">\ue009<\/span>\n\t\t\t\t\t\t\t\t\t\t\t\t\t<span class=\"dsm_home_text\" itemprop=\"name\">\n\t\t\t\t\t\t\t\t \t\t\t\t\t\t\t<\/span>\n\t\t\t\t\t<\/span>\n\t\t\t\t<\/a>\n\t\t\t\t<meta itemprop=\"position\" content=\"1\" \/>\n\t\t\t<\/li>\n\n\t\t<li class=\"dsm_breadcrumbs_separator\"> <span class=\"et-pb-icon dsm_separator_icon\">5<\/span><\/li><\/ul>\n\t\t\t<\/nav>\n\t\t\t\t<\/div>\n\t\t\t<\/div>AGRICOLTURA | AGRIFORCE\u00aeAGRIFORCE\u00ae FILM PER INSILATOAgriForce \u00e8 prodotto da LLDPE di alta qualit\u00e0 e con la pi\u00f9 alta tecnologia (5 strati coestrusi), assicurando cos\u00ec un&#8217;elevata resistenza alla rottura. La sua formulazione contiene additivi di protezione UV per una protezione fino a 12 mesi sotto radiazione solare. AgriForce \u00e9 100% riciclabile.\u00a0Per ulteriori informazioni, contattateci.Guardare il videoPer ulteriori informazioni, contattateci.<\/p>\n","protected":false},"author":0,"featured_media":0,"parent":237991,"menu_order":0,"comment_status":"closed","ping_status":"closed","template":"","meta":{"_et_pb_use_builder":"on","_et_pb_old_content":"","_et_gb_content_width":"","footnotes":""},"class_list":["post-238135","page","type-page","status-publish","hentry"],"_links":{"self":[{"href":"https:\/\/exporplas.pt\/it\/wp-json\/wp\/v2\/pages\/238135","targetHints":{"allow":["GET"]}}],"collection":[{"href":"https:\/\/exporplas.pt\/it\/wp-json\/wp\/v2\/pages"}],"about":[{"href":"https:\/\/exporplas.pt\/it\/wp-json\/wp\/v2\/types\/page"}],"replies":[{"embeddable":true,"href":"https:\/\/exporplas.pt\/it\/wp-json\/wp\/v2\/comments?post=238135"}],"version-history":[{"count":3,"href":"https:\/\/exporplas.pt\/it\/wp-json\/wp\/v2\/pages\/238135\/revisions"}],"predecessor-version":[{"id":238455,"href":"https:\/\/exporplas.pt\/it\/wp-json\/wp\/v2\/pages\/238135\/revisions\/238455"}],"up":[{"embeddable":true,"href":"https:\/\/exporplas.pt\/it\/wp-json\/wp\/v2\/pages\/237991"}],"wp:attachment":[{"href":"https:\/\/exporplas.pt\/it\/wp-json\/wp\/v2\/media?parent=238135"}],"curies":[{"name":"wp","href":"https:\/\/api.w.org\/{rel}","templated":true}]}}