{"id":237197,"date":"2025-08-04T15:56:12","date_gmt":"2025-08-04T15:56:12","guid":{"rendered":"https:\/\/exporplas.pt\/orlando-sa\/"},"modified":"2025-08-04T16:53:36","modified_gmt":"2025-08-04T16:53:36","slug":"commande-de-le-ordre-du-merite","status":"publish","type":"page","link":"https:\/\/exporplas.pt\/fr\/commande-de-le-ordre-du-merite\/","title":{"rendered":"Commande de l\u2019Ordre du M\u00e9rite"},"content":{"rendered":"<p>[et_pb_section fb_built=\u00a0\u00bb1&Prime; _builder_version=\u00a0\u00bb4.27.0&Prime; _module_preset=\u00a0\u00bbdefault\u00a0\u00bb custom_margin=\u00a0\u00bb||||false|false\u00a0\u00bb custom_margin_tablet=\u00a0\u00bb||||false|false\u00a0\u00bb custom_margin_phone=\u00a0\u00bb||||false|false\u00a0\u00bb custom_margin_last_edited=\u00a0\u00bbon|phone\u00a0\u00bb locked=\u00a0\u00bboff\u00a0\u00bb global_colors_info=\u00a0\u00bb{}\u00a0\u00bb][et_pb_row _builder_version=\u00a0\u00bb4.16&Prime; _module_preset=\u00a0\u00bbdefault\u00a0\u00bb animation_style=\u00a0\u00bbslide\u00a0\u00bb animation_direction=\u00a0\u00bbbottom\u00a0\u00bb global_colors_info=\u00a0\u00bb{}\u00a0\u00bb][et_pb_column type=\u00a0\u00bb4_4&Prime; _builder_version=\u00a0\u00bb4.16&Prime; _module_preset=\u00a0\u00bbdefault\u00a0\u00bb global_colors_info=\u00a0\u00bb{}\u00a0\u00bb][et_pb_text _builder_version=\u00a0\u00bb4.27.4&Prime; _module_preset=\u00a0\u00bbad3c469a-73a4-4c1e-8e67-4ce21c3633ec\u00a0\u00bb text_text_color=\u00a0\u00bb#6caf3f\u00a0\u00bb text_font_size=\u00a0\u00bb19px\u00a0\u00bb header_2_text_align=\u00a0\u00bbcenter\u00a0\u00bb header_2_text_color=\u00a0\u00bb#6caf3f\u00a0\u00bb animation_style=\u00a0\u00bbnone\u00a0\u00bb hover_enabled=\u00a0\u00bb0&Prime; locked=\u00a0\u00bboff\u00a0\u00bb global_colors_info=\u00a0\u00bb{}\u00a0\u00bb sticky_enabled=\u00a0\u00bb0&Prime;]<\/p>\n<h2>Commande de l\u2019Ordre du M\u00e9rite<\/h2>\n<p>[\/et_pb_text][et_pb_divider color=\u00a0\u00bb#cccccc\u00a0\u00bb divider_weight=\u00a0\u00bb1px\u00a0\u00bb _builder_version=\u00a0\u00bb4.16&Prime; _module_preset=\u00a0\u00bbdefault\u00a0\u00bb z_index=\u00a0\u00bb1&Prime; width=\u00a0\u00bb250px\u00a0\u00bb module_alignment=\u00a0\u00bbcenter\u00a0\u00bb global_colors_info=\u00a0\u00bb{}\u00a0\u00bb][\/et_pb_divider][et_pb_divider divider_weight=\u00a0\u00bb4px\u00a0\u00bb _builder_version=\u00a0\u00bb4.16&Prime; _module_preset=\u00a0\u00bbdefault\u00a0\u00bb z_index=\u00a0\u00bb1&Prime; width=\u00a0\u00bb95px\u00a0\u00bb module_alignment=\u00a0\u00bbcenter\u00a0\u00bb custom_margin=\u00a0\u00bb-54px||||false|false\u00a0\u00bb custom_padding=\u00a0\u00bb0px||||false|false\u00a0\u00bb global_colors_info=\u00a0\u00bb{}\u00a0\u00bb][\/et_pb_divider][\/et_pb_column][\/et_pb_row][\/et_pb_section][et_pb_section fb_built=\u00a0\u00bb1&Prime; custom_padding_last_edited=\u00a0\u00bbon|tablet\u00a0\u00bb _builder_version=\u00a0\u00bb4.27.0&Prime; _module_preset=\u00a0\u00bbdefault\u00a0\u00bb background_enable_color=\u00a0\u00bboff\u00a0\u00bb custom_margin=\u00a0\u00bb0px||||false|false\u00a0\u00bb custom_margin_tablet=\u00a0\u00bb||||false|false\u00a0\u00bb custom_margin_phone=\u00a0\u00bb||||false|false\u00a0\u00bb custom_margin_last_edited=\u00a0\u00bbon|desktop\u00a0\u00bb custom_padding=\u00a0\u00bb0px||||false|false\u00a0\u00bb custom_padding_tablet=\u00a0\u00bb75px||||false|false\u00a0\u00bb custom_padding_phone=\u00a0\u00bb50px||||false|false\u00a0\u00bb background_last_edited=\u00a0\u00bbon|phone\u00a0\u00bb use_background_color_gradient_tablet=\u00a0\u00bbon\u00a0\u00bb use_background_color_gradient_phone=\u00a0\u00bbon\u00a0\u00bb background_color_gradient_stops_tablet=\u00a0\u00bb#f7f7f7 0%|#ffffff 100%\u00a0\u00bb background_color_gradient_stops_phone=\u00a0\u00bb#f7f7f7 0%|#ffffff 99%\u00a0\u00bb global_colors_info=\u00a0\u00bb{}\u00a0\u00bb][et_pb_row column_structure=\u00a0\u00bb3_5,2_5&Prime; make_equal=\u00a0\u00bbon\u00a0\u00bb custom_padding_last_edited=\u00a0\u00bbon|desktop\u00a0\u00bb _builder_version=\u00a0\u00bb4.27.0&Prime; _module_preset=\u00a0\u00bbdefault\u00a0\u00bb custom_margin=\u00a0\u00bb0px||||false|false\u00a0\u00bb custom_margin_tablet=\u00a0\u00bb0px||||false|false\u00a0\u00bb custom_margin_phone=\u00a0\u00bb0px||||false|false\u00a0\u00bb custom_margin_last_edited=\u00a0\u00bbon|desktop\u00a0\u00bb custom_padding=\u00a0\u00bb0px||||false|false\u00a0\u00bb custom_padding_tablet=\u00a0\u00bb0px||||false|false\u00a0\u00bb custom_padding_phone=\u00a0\u00bb0px||||false|false\u00a0\u00bb animation_style=\u00a0\u00bbslide\u00a0\u00bb animation_direction=\u00a0\u00bbbottom\u00a0\u00bb global_colors_info=\u00a0\u00bb{}\u00a0\u00bb][et_pb_column type=\u00a0\u00bb3_5&Prime; _builder_version=\u00a0\u00bb4.16&Prime; _module_preset=\u00a0\u00bbdefault\u00a0\u00bb global_colors_info=\u00a0\u00bb{}\u00a0\u00bb][et_pb_image src=\u00a0\u00bbhttps:\/\/exporplas.pt\/wp-content\/uploads\/2025\/08\/Orlando_Sa_02.jpg\u00a0\u00bb title_text=\u00a0\u00bbOrlando_Sa_02&Prime; _builder_version=\u00a0\u00bb4.27.4&Prime; _module_preset=\u00a0\u00bbdefault\u00a0\u00bb background_enable_color=\u00a0\u00bboff\u00a0\u00bb locked=\u00a0\u00bboff\u00a0\u00bb global_colors_info=\u00a0\u00bb{}\u00a0\u00bb][\/et_pb_image][\/et_pb_column][et_pb_column type=\u00a0\u00bb2_5&Prime; _builder_version=\u00a0\u00bb4.24.0&Prime; _module_preset=\u00a0\u00bbdefault\u00a0\u00bb custom_css_main_element=\u00a0\u00bbmargin: auto;\u00a0\u00bb global_colors_info=\u00a0\u00bb{}\u00a0\u00bb][et_pb_text _builder_version=\u00a0\u00bb4.27.4&Prime; _module_preset=\u00a0\u00bbdefault\u00a0\u00bb text_font=\u00a0\u00bbMontserrat||||||||\u00a0\u00bb header_2_font=\u00a0\u00bbMontserrat|700|||||||\u00a0\u00bb header_2_line_height=\u00a0\u00bb1.3em\u00a0\u00bb global_colors_info=\u00a0\u00bb{}\u00a0\u00bb]<\/p>\n<h1>Le fondateur du Groupe Exporpl\u00e1s d\u00e9cor\u00e9 de la <strong>Commande de l\u2019Ordre du M\u00e9rite<\/strong>.<\/h1>\n<p><\/p>\n<p>&nbsp;<\/p>\n<p><\/p>\n<p><span class=\"Apple-converted-space\">\u00a0<\/span>Le 28 juillet, Orlando S\u00e1, fondateur et pr\u00e9sident du Groupe \u2019Exporpl\u00e1s, a \u00e9t\u00e9 distingu\u00e9 de l\u2019une des plus hautes distinctions attribu\u00e9es par l\u2019\u00c9tat portugais : la Commanderie de l\u2019Ordre du M\u00e9rite.<span class=\"Apple-converted-space\">\u00a0<\/span><\/p>\n<p><\/p>\n<p>L\u2019insigne lui a \u00e9t\u00e9 remis par Son Excellence le Pr\u00e9sident de la R\u00e9publique, Professeur Marcelo Rebelo de Sousa, lors d\u2019une c\u00e9r\u00e9monie qui a pour reconnu le parcours exceptionnel d\u2019un homme profond\u00e9ment attach\u00e9 \u00e0 sa terre natale et au d\u00e9veloppement du pays.<span class=\"Apple-converted-space\">\u00a0<\/span><\/p>\n<p>[\/et_pb_text][\/et_pb_column][\/et_pb_row][\/et_pb_section][et_pb_section fb_built=\u00a0\u00bb1&Prime; custom_padding_last_edited=\u00a0\u00bbon|tablet\u00a0\u00bb _builder_version=\u00a0\u00bb4.27.0&Prime; _module_preset=\u00a0\u00bbdefault\u00a0\u00bb background_enable_color=\u00a0\u00bboff\u00a0\u00bb custom_margin=\u00a0\u00bb0px||||false|false\u00a0\u00bb custom_margin_tablet=\u00a0\u00bb||||false|false\u00a0\u00bb custom_margin_phone=\u00a0\u00bb||||false|false\u00a0\u00bb custom_margin_last_edited=\u00a0\u00bbon|desktop\u00a0\u00bb custom_padding=\u00a0\u00bb0px||||false|false\u00a0\u00bb custom_padding_tablet=\u00a0\u00bb75px||||false|false\u00a0\u00bb custom_padding_phone=\u00a0\u00bb50px||||false|false\u00a0\u00bb background_last_edited=\u00a0\u00bbon|phone\u00a0\u00bb use_background_color_gradient_tablet=\u00a0\u00bbon\u00a0\u00bb use_background_color_gradient_phone=\u00a0\u00bbon\u00a0\u00bb background_color_gradient_stops_tablet=\u00a0\u00bb#f7f7f7 0%|#ffffff 100%\u00a0\u00bb background_color_gradient_stops_phone=\u00a0\u00bb#f7f7f7 0%|#ffffff 99%\u00a0\u00bb global_colors_info=\u00a0\u00bb{}\u00a0\u00bb][et_pb_row column_structure=\u00a0\u00bb2_5,3_5&Prime; make_equal=\u00a0\u00bbon\u00a0\u00bb _builder_version=\u00a0\u00bb4.24.0&Prime; _module_preset=\u00a0\u00bbdefault\u00a0\u00bb animation_style=\u00a0\u00bbslide\u00a0\u00bb animation_direction=\u00a0\u00bbbottom\u00a0\u00bb global_colors_info=\u00a0\u00bb{}\u00a0\u00bb][et_pb_column type=\u00a0\u00bb2_5&Prime; _builder_version=\u00a0\u00bb4.24.0&Prime; _module_preset=\u00a0\u00bbdefault\u00a0\u00bb custom_css_main_element=\u00a0\u00bbmargin: auto;\u00a0\u00bb global_colors_info=\u00a0\u00bb{}\u00a0\u00bb][et_pb_text _builder_version=\u00a0\u00bb4.27.4&Prime; _module_preset=\u00a0\u00bbdefault\u00a0\u00bb text_font=\u00a0\u00bbMontserrat||||||||\u00a0\u00bb header_2_font=\u00a0\u00bbMontserrat|700|||||||\u00a0\u00bb header_2_line_height=\u00a0\u00bb1.3em\u00a0\u00bb custom_margin=\u00a0\u00bb||25px||false|false\u00a0\u00bb global_colors_info=\u00a0\u00bb{}\u00a0\u00bb]<\/p>\n<p>&nbsp;<\/p>\n<p><\/p>\n<p><span class=\"Apple-converted-space\">\u00a0<\/span>Originaire de Cortega\u00e7a, dans la municipalit\u00e9 d\u2019Ovar, Orlando S\u00e1 s\u2019est toujours distingu\u00e9 par son sens du service, son engagement civique et son r\u00f4le dans le d\u00e9veloppement \u00e9conomique et social de la r\u00e9gion. Son parcours t\u00e9moigne de plusieurs d\u00e9cennies de d\u00e9vouement en tant qu\u2019entrepreneur, \u00e9lu local et bienfaiteur, toujours anim\u00e9 par un esprit de mission et une grande proximit\u00e9 avec la communaut\u00e9.<span class=\"Apple-converted-space\">\u00a0<\/span><\/p>\n<p><\/p>\n<p>Cette distinction est une source de grande fiert\u00e9 pour tous ceux qui l\u2019ont accompagn\u00e9 \u2013 collaborateurs, partenaires, famille, amis et habitants de Cortega\u00e7a \u2013 et elle t\u00e9moigne de l\u2019impact qu\u2019un leadership engag\u00e9 pour le bien commun peut avoir dans la vie d\u2019une communaut\u00e9.<span class=\"Apple-converted-space\">\u00a0<\/span><\/p>\n<p>[\/et_pb_text][\/et_pb_column][et_pb_column type=\u00a0\u00bb3_5&Prime; _builder_version=\u00a0\u00bb4.16&Prime; _module_preset=\u00a0\u00bbdefault\u00a0\u00bb global_colors_info=\u00a0\u00bb{}\u00a0\u00bb][et_pb_image src=\u00a0\u00bbhttps:\/\/exporplas.pt\/wp-content\/uploads\/2025\/08\/Orlando_Sa_03.jpg\u00a0\u00bb title_text=\u00a0\u00bbOrlando_Sa_03&Prime; _builder_version=\u00a0\u00bb4.27.4&Prime; _module_preset=\u00a0\u00bbdefault\u00a0\u00bb background_enable_color=\u00a0\u00bboff\u00a0\u00bb global_colors_info=\u00a0\u00bb{}\u00a0\u00bb][\/et_pb_image][\/et_pb_column][\/et_pb_row][\/et_pb_section][et_pb_section fb_built=\u00a0\u00bb1&Prime; custom_padding_last_edited=\u00a0\u00bbon|tablet\u00a0\u00bb _builder_version=\u00a0\u00bb4.27.0&Prime; _module_preset=\u00a0\u00bbdefault\u00a0\u00bb background_enable_color=\u00a0\u00bboff\u00a0\u00bb custom_margin=\u00a0\u00bb0px||||false|false\u00a0\u00bb custom_margin_tablet=\u00a0\u00bb||||false|false\u00a0\u00bb custom_margin_phone=\u00a0\u00bb||||false|false\u00a0\u00bb custom_margin_last_edited=\u00a0\u00bbon|desktop\u00a0\u00bb custom_padding=\u00a0\u00bb0px||||false|false\u00a0\u00bb custom_padding_tablet=\u00a0\u00bb75px||||false|false\u00a0\u00bb custom_padding_phone=\u00a0\u00bb50px||||false|false\u00a0\u00bb background_last_edited=\u00a0\u00bbon|phone\u00a0\u00bb use_background_color_gradient_tablet=\u00a0\u00bbon\u00a0\u00bb use_background_color_gradient_phone=\u00a0\u00bbon\u00a0\u00bb background_color_gradient_stops_tablet=\u00a0\u00bb#f7f7f7 0%|#ffffff 100%\u00a0\u00bb background_color_gradient_stops_phone=\u00a0\u00bb#f7f7f7 0%|#ffffff 99%\u00a0\u00bb global_colors_info=\u00a0\u00bb{}\u00a0\u00bb][et_pb_row column_structure=\u00a0\u00bb3_5,2_5&Prime; make_equal=\u00a0\u00bbon\u00a0\u00bb _builder_version=\u00a0\u00bb4.24.0&Prime; _module_preset=\u00a0\u00bbdefault\u00a0\u00bb animation_style=\u00a0\u00bbslide\u00a0\u00bb animation_direction=\u00a0\u00bbbottom\u00a0\u00bb global_colors_info=\u00a0\u00bb{}\u00a0\u00bb][et_pb_column type=\u00a0\u00bb3_5&Prime; _builder_version=\u00a0\u00bb4.16&Prime; _module_preset=\u00a0\u00bbdefault\u00a0\u00bb global_colors_info=\u00a0\u00bb{}\u00a0\u00bb][et_pb_image src=\u00a0\u00bbhttps:\/\/exporplas.pt\/wp-content\/uploads\/2025\/08\/Orlando_Sa_04.jpg\u00a0\u00bb title_text=\u00a0\u00bbOrlando_Sa_04&Prime; _builder_version=\u00a0\u00bb4.27.4&Prime; _module_preset=\u00a0\u00bbdefault\u00a0\u00bb background_enable_color=\u00a0\u00bboff\u00a0\u00bb global_colors_info=\u00a0\u00bb{}\u00a0\u00bb][\/et_pb_image][\/et_pb_column][et_pb_column type=\u00a0\u00bb2_5&Prime; _builder_version=\u00a0\u00bb4.24.0&Prime; _module_preset=\u00a0\u00bbdefault\u00a0\u00bb custom_css_main_element=\u00a0\u00bbmargin: auto;\u00a0\u00bb global_colors_info=\u00a0\u00bb{}\u00a0\u00bb][et_pb_text _builder_version=\u00a0\u00bb4.27.4&Prime; _module_preset=\u00a0\u00bbdefault\u00a0\u00bb text_font=\u00a0\u00bbMontserrat||||||||\u00a0\u00bb header_2_font=\u00a0\u00bbMontserrat|700|||||||\u00a0\u00bb header_2_line_height=\u00a0\u00bb1.3em\u00a0\u00bb global_colors_info=\u00a0\u00bb{}\u00a0\u00bb]<\/p>\n<p>&nbsp;<\/p>\n<p><\/p>\n<p><span class=\"Apple-converted-space\">\u00a0<\/span>Le titre de Commandeur de l\u2019Ordre du M\u00e9rite vient consacrer officiellement ce qui est reconnu depuis longtemps : son exemple d\u2019int\u00e9grit\u00e9, de d\u00e9vouement et d\u2019humanit\u00e9.<span class=\"Apple-converted-space\">\u00a0<\/span><\/p>\n<p><\/p>\n<p>Exporpl\u00e1s f\u00e9licite son fondateur et exprime sa plus profonde gratitude pour l\u2019h\u00e9ritage qu\u2019il continue \u00e0 b\u00e2tir.<\/p>\n<p><\/p>\n<p><b>F\u00e9licitations et merci, Monsieur le Commandeur Orlando S\u00e1.<span class=\"Apple-converted-space\">\u00a0<\/span><\/b><\/p>\n<p>[\/et_pb_text][\/et_pb_column][\/et_pb_row][\/et_pb_section]<\/p>\n","protected":false},"excerpt":{"rendered":"<p>Commande de l\u2019Ordre du M\u00e9riteLe fondateur du Groupe Exporpl\u00e1s d\u00e9cor\u00e9 de la Commande de l\u2019Ordre du M\u00e9rite.&nbsp;\u00a0Le 28 juillet, Orlando S\u00e1, fondateur et pr\u00e9sident du Groupe \u2019Exporpl\u00e1s, a \u00e9t\u00e9 distingu\u00e9 de l\u2019une des plus hautes distinctions attribu\u00e9es par l\u2019\u00c9tat portugais : la Commanderie de l\u2019Ordre du M\u00e9rite.\u00a0L\u2019insigne lui a \u00e9t\u00e9 remis par Son Excellence le Pr\u00e9sident de la R\u00e9publique, Professeur Marcelo Rebelo de Sousa, lors d\u2019une c\u00e9r\u00e9monie qui a pour reconnu le parcours exceptionnel d\u2019un homme profond\u00e9ment attach\u00e9 \u00e0 sa terre natale et au d\u00e9veloppement du pays.\u00a0&nbsp;\u00a0Originaire de Cortega\u00e7a, dans la municipalit\u00e9 d\u2019Ovar, Orlando S\u00e1 s\u2019est toujours distingu\u00e9 par son sens du service, son engagement civique et son r\u00f4le dans le d\u00e9veloppement \u00e9conomique et social de la r\u00e9gion. Son parcours t\u00e9moigne de plusieurs d\u00e9cennies de d\u00e9vouement en tant qu\u2019entrepreneur, \u00e9lu local et bienfaiteur, toujours anim\u00e9 par un esprit de mission et une grande proximit\u00e9 avec la communaut\u00e9.\u00a0Cette distinction est une source de grande fiert\u00e9 pour tous ceux qui l\u2019ont accompagn\u00e9 \u2013 collaborateurs, partenaires, famille, amis et habitants de Cortega\u00e7a \u2013 et elle t\u00e9moigne de l\u2019impact qu\u2019un leadership engag\u00e9 pour le bien commun peut avoir dans la vie d\u2019une communaut\u00e9.\u00a0&nbsp;\u00a0Le titre de Commandeur de l\u2019Ordre du M\u00e9rite vient consacrer officiellement ce [&hellip;]<\/p>\n","protected":false},"author":2,"featured_media":0,"parent":0,"menu_order":0,"comment_status":"closed","ping_status":"closed","template":"","meta":{"_et_pb_use_builder":"on","_et_pb_old_content":"","_et_gb_content_width":"","footnotes":""},"class_list":["post-237197","page","type-page","status-publish","hentry"],"_links":{"self":[{"href":"https:\/\/exporplas.pt\/fr\/wp-json\/wp\/v2\/pages\/237197","targetHints":{"allow":["GET"]}}],"collection":[{"href":"https:\/\/exporplas.pt\/fr\/wp-json\/wp\/v2\/pages"}],"about":[{"href":"https:\/\/exporplas.pt\/fr\/wp-json\/wp\/v2\/types\/page"}],"author":[{"embeddable":true,"href":"https:\/\/exporplas.pt\/fr\/wp-json\/wp\/v2\/users\/2"}],"replies":[{"embeddable":true,"href":"https:\/\/exporplas.pt\/fr\/wp-json\/wp\/v2\/comments?post=237197"}],"version-history":[{"count":7,"href":"https:\/\/exporplas.pt\/fr\/wp-json\/wp\/v2\/pages\/237197\/revisions"}],"predecessor-version":[{"id":237224,"href":"https:\/\/exporplas.pt\/fr\/wp-json\/wp\/v2\/pages\/237197\/revisions\/237224"}],"wp:attachment":[{"href":"https:\/\/exporplas.pt\/fr\/wp-json\/wp\/v2\/media?parent=237197"}],"curies":[{"name":"wp","href":"https:\/\/api.w.org\/{rel}","templated":true}]}}