{"id":236891,"date":"2025-04-08T11:58:18","date_gmt":"2025-04-08T11:58:18","guid":{"rendered":"https:\/\/manage.exporplas\/politique-de-cookies\/"},"modified":"2025-04-08T12:29:35","modified_gmt":"2025-04-08T12:29:35","slug":"politique-de-cookies","status":"publish","type":"page","link":"https:\/\/exporplas.pt\/fr\/politique-de-cookies\/","title":{"rendered":"Politique de Cookies"},"content":{"rendered":"<p>[et_pb_section fb_built=\u00a0\u00bb1&Prime; _builder_version=\u00a0\u00bb4.27.4&Prime; _module_preset=\u00a0\u00bbdefault\u00a0\u00bb global_colors_info=\u00a0\u00bb{}\u00a0\u00bb][et_pb_row _builder_version=\u00a0\u00bb4.27.4&Prime; _module_preset=\u00a0\u00bbdefault\u00a0\u00bb global_colors_info=\u00a0\u00bb{}\u00a0\u00bb][et_pb_column type=\u00a0\u00bb4_4&Prime; _builder_version=\u00a0\u00bb4.27.4&Prime; _module_preset=\u00a0\u00bbdefault\u00a0\u00bb global_colors_info=\u00a0\u00bb{}\u00a0\u00bb][et_pb_code _builder_version=\u00a0\u00bb4.27.4&Prime; _module_preset=\u00a0\u00bbdefault\u00a0\u00bb global_colors_info=\u00a0\u00bb{}\u00a0\u00bb]<!-- [et_pb_line_break_holder] --><\/p>\n<h2>Exporpl\u00e1s \u2013 Industria de Exporta\u00e7\u00e3o de Pl\u00e1sticos, S.A. Politique de Cookies<\/h2>\n<p><!-- [et_pb_line_break_holder] --><pee>Date d&rsquo;entr\u00e9e en vigueur : 8 avril 2025<\/pee><!-- [et_pb_line_break_holder] --><pee>Nous utilisons des cookies pour am\u00e9liorer votre exp\u00e9rience sur notre site web \u00e0 <a href=\"https:\/\/exporplas.pt\/fr\/\">https:\/\/exporplas.pt<\/a>. Cette politique de cookies fait partie de la politique de confidentialit\u00e9 d&rsquo;Exporpl\u00e1s \u2013 Industrie d&rsquo;Exportation de Plastiques, S.A. Elle couvre l&rsquo;utilisation des cookies entre votre appareil et notre site.<\/pee><!-- [et_pb_line_break_holder] --><pee>Nous fournissons \u00e9galement des informations de base sur les services tiers que nous pouvons utiliser, qui peuvent \u00e9galement utiliser des cookies dans le cadre de leur service. Cette politique ne couvre pas leurs cookies.<\/pee><!-- [et_pb_line_break_holder] --><pee>Si vous ne souhaitez pas accepter les cookies de notre part, vous devez demander \u00e0 votre navigateur de refuser les cookies provenant de <a href=\"https:\/\/exporplas.pt\/fr\/\">https:\/\/exporplas.pt<\/a>. Dans ce cas, nous pourrions \u00eatre incapables de vous fournir certains contenus et services souhait\u00e9s.<\/pee><!-- [et_pb_line_break_holder] --><!-- --><!-- [et_pb_line_break_holder] --><\/p>\n<h3>Qu&rsquo;est-ce qu&rsquo;un cookie ?<\/h3>\n<p><!-- [et_pb_line_break_holder] --><pee>Un cookie est un petit morceau de donn\u00e9es qu&rsquo;un site web stocke sur votre appareil lorsque vous le visitez. Il contient g\u00e9n\u00e9ralement des informations sur le site lui-m\u00eame, un identifiant unique qui permet au site de reconna\u00eetre votre navigateur lorsque vous revenez, des donn\u00e9es suppl\u00e9mentaires servant \u00e0 l&rsquo;objectif du cookie et la dur\u00e9e de vie du cookie lui-m\u00eame.<\/pee><!-- [et_pb_line_break_holder] --><pee>Les cookies sont utilis\u00e9s pour activer certaines fonctionnalit\u00e9s (par exemple, se connecter), suivre l&rsquo;utilisation du site (par exemple, analyses), stocker vos param\u00e8tres utilisateur (par exemple, fuseau horaire, pr\u00e9f\u00e9rences de notification) et personnaliser votre contenu (par exemple, publicit\u00e9, langue).<\/pee><!-- [et_pb_line_break_holder] --><pee>Les cookies d\u00e9finis par le site que vous visitez sont g\u00e9n\u00e9ralement appel\u00e9s cookies propri\u00e9taires. Ils suivent g\u00e9n\u00e9ralement uniquement votre activit\u00e9 sur ce site particulier.<\/pee><!-- [et_pb_line_break_holder] --><pee>Les cookies d\u00e9finis par d&rsquo;autres sites et entreprises (c&rsquo;est-\u00e0-dire des tiers) sont appel\u00e9s cookies tiers. Ils peuvent \u00eatre utilis\u00e9s pour vous suivre sur d&rsquo;autres sites web qui utilisent le m\u00eame service tiers.<\/pee><!-- [et_pb_line_break_holder] --><!-- --><!-- [et_pb_line_break_holder] --><\/p>\n<h3>Types de cookies et comment nous les utilisons<\/h3>\n<p><!-- [et_pb_line_break_holder] --><\/p>\n<h4>Cookies essentiels<\/h4>\n<p><!-- [et_pb_line_break_holder] --><pee>Les cookies essentiels sont cruciaux pour votre exp\u00e9rience sur un site web, permettant des fonctionnalit\u00e9s de base telles que les connexions utilisateur, la gestion des comptes, les paniers d&rsquo;achat et le traitement des paiements.<\/pee><!-- [et_pb_line_break_holder] --><pee>Nous utilisons des cookies essentiels pour activer certaines fonctions sur notre site web.<\/pee><!-- [et_pb_line_break_holder] --><\/p>\n<h4>Cookies de performance<\/h4>\n<p><!-- [et_pb_line_break_holder] --><pee>Les cookies de performance suivent comment vous utilisez un site web pendant votre visite. En g\u00e9n\u00e9ral, ces informations sont anonymes et agr\u00e9g\u00e9es, avec des donn\u00e9es suivies \u00e0 travers tous les utilisateurs du site. Ils aident les entreprises \u00e0 comprendre les habitudes d&rsquo;utilisation des visiteurs, \u00e0 identifier et diagnostiquer les probl\u00e8mes ou erreurs que leurs utilisateurs peuvent rencontrer, et \u00e0 prendre de meilleures d\u00e9cisions strat\u00e9giques pour am\u00e9liorer l&rsquo;exp\u00e9rience globale du site pour leur audience. Ces cookies peuvent \u00eatre d\u00e9finis par le site que vous visitez (cookies propri\u00e9taires) ou par des services tiers. Ils ne collectent pas d&rsquo;informations personnelles vous concernant.<\/pee><!-- [et_pb_line_break_holder] --><pee>Nous utilisons des cookies de performance sur notre site.<\/pee><!-- [et_pb_line_break_holder] --><\/p>\n<h4>Cookies de fonctionnalit\u00e9<\/h4>\n<p><!-- [et_pb_line_break_holder] --><pee>Les cookies de fonctionnalit\u00e9 sont utilis\u00e9s pour collecter des informations sur votre appareil et tout param\u00e8tre que vous pourriez configurer sur le site que vous visitez (comme les param\u00e8tres de langue et de fuseau horaire). Avec ces informations, les sites web peuvent vous fournir un contenu et des services personnalis\u00e9s, am\u00e9lior\u00e9s ou optimis\u00e9s. Ces cookies peuvent \u00eatre d\u00e9finis par le site que vous visitez (cookies propri\u00e9taires) ou par des services tiers.<\/pee><!-- [et_pb_line_break_holder] --><pee>Nous utilisons des cookies de fonctionnalit\u00e9 pour certaines fonctionnalit\u00e9s s\u00e9lectionn\u00e9es sur notre site.<\/pee><!-- [et_pb_line_break_holder] --><\/p>\n<h4>Cookies de ciblage\/publicit\u00e9<\/h4>\n<p><!-- [et_pb_line_break_holder] --><pee>Les cookies de ciblage\/publicit\u00e9 aident \u00e0 d\u00e9terminer quel contenu promotionnel est le plus pertinent et appropri\u00e9 pour vous et vos int\u00e9r\u00eats. Les sites web peuvent les utiliser pour diffuser des publicit\u00e9s cibl\u00e9es ou limiter le nombre de fois que vous voyez une publicit\u00e9. Cela aide les entreprises \u00e0 am\u00e9liorer l&rsquo;efficacit\u00e9 de leurs campagnes et la qualit\u00e9 du contenu qui vous est pr\u00e9sent\u00e9. Ces cookies peuvent \u00eatre d\u00e9finis par le site que vous visitez (cookies propri\u00e9taires) ou par des services tiers. Les cookies de ciblage\/publicit\u00e9 d\u00e9finis par des tiers peuvent \u00eatre utilis\u00e9s pour vous suivre sur d&rsquo;autres sites web utilisant le m\u00eame service tiers.<\/pee><!-- [et_pb_line_break_holder] --><pee>Nous utilisons des cookies de ciblage\/publicit\u00e9 sur notre site.<\/pee><!-- [et_pb_line_break_holder] --><!-- --><!-- [et_pb_line_break_holder] --><\/p>\n<h3>Comment pouvez-vous contr\u00f4ler l&rsquo;utilisation des cookies sur notre site web ?<\/h3>\n<p><!-- [et_pb_line_break_holder] --><pee>Vous avez le droit de d\u00e9cider d&rsquo;accepter ou de refuser les cookies sur notre site web. Vous pouvez g\u00e9rer vos pr\u00e9f\u00e9rences en mati\u00e8re de cookies dans notre gestionnaire de consentement aux cookies. Le gestionnaire de consentement aux cookies vous permet de s\u00e9lectionner les cat\u00e9gories de cookies que vous acceptez ou refusez. Les cookies essentiels ne peuvent pas \u00eatre refus\u00e9s car ils sont strictement n\u00e9cessaires pour vous fournir les services sur notre site.<\/pee><!-- [et_pb_line_break_holder] --><pee>Vous pouvez \u00e9galement \u00eatre en mesure de d\u00e9finir ou d&rsquo;amender vos pr\u00e9f\u00e9rences en mati\u00e8re de cookies en g\u00e9rant les param\u00e8tres de votre navigateur web. Comme chaque navigateur est diff\u00e9rent, veuillez consulter les instructions fournies par votre navigateur (g\u00e9n\u00e9ralement dans la section \u00ab\u00a0aide\u00a0\u00bb). Si vous choisissez de refuser ou d\u00e9sactiver les cookies, vous pourrez toujours utiliser le site, bien que certaines fonctionnalit\u00e9s du site puissent ne pas \u00eatre disponibles pour vous.<\/pee><!-- [et_pb_line_break_holder] --><!-- --><!-- [et_pb_line_break_holder] --><\/p>\n<h3>\u00c0 quelle fr\u00e9quence mettrons-nous \u00e0 jour cette politique relative aux cookies ?<\/h3>\n<p><!-- [et_pb_line_break_holder] --><pee>Nous pouvons mettre \u00e0 jour cette politique relative aux cookies de temps \u00e0 autre afin de refl\u00e9ter tout changement dans les cookies et les technologies connexes que nous utilisons, ou pour d&rsquo;autres raisons op\u00e9rationnelles, l\u00e9gales ou r\u00e9glementaires.<\/pee><!-- [et_pb_line_break_holder] --><pee>Chaque fois que vous utilisez notre site web, la version actuelle de la politique relative aux cookies s&rsquo;appliquera. Lorsque vous utilisez notre site web, vous devez v\u00e9rifier la date de cette politique relative aux cookies (qui appara\u00eet en haut de ce document) et examiner tout changement depuis la derni\u00e8re version.<\/pee><!-- [et_pb_line_break_holder] --><!-- --><!-- [et_pb_line_break_holder] --><\/p>\n<h3>O\u00f9 pouvez-vous obtenir plus d&rsquo;informations ?<\/h3>\n<p><!-- [et_pb_line_break_holder] --><pee>Pour toute question ou pr\u00e9occupation concernant notre politique relative aux cookies, vous pouvez nous contacter en utilisant les coordonn\u00e9es suivantes :<\/pee><!-- [et_pb_line_break_holder] --><pee>Exporpl\u00e1s &#8211; Ind\u00fastria De Exporta\u00e7\u00e3o De Pl\u00e1sticos, S.A.<!\u2013- [et_pb_br_holder] -\u2013><!-- [et_pb_line_break_holder] -->R. dos Sobrais 89, 3885-307 Cortega\u00e7a<!\u2013- [et_pb_br_holder] -\u2013><!-- [et_pb_line_break_holder] -->info@exporplas.pt<\/pee><!-- [et_pb_line_break_holder] -->[\/et_pb_code][\/et_pb_column][\/et_pb_row][\/et_pb_section]<\/p>\n","protected":false},"excerpt":{"rendered":"","protected":false},"author":0,"featured_media":0,"parent":0,"menu_order":0,"comment_status":"closed","ping_status":"closed","template":"","meta":{"_et_pb_use_builder":"on","_et_pb_old_content":"","_et_gb_content_width":"","footnotes":""},"class_list":["post-236891","page","type-page","status-publish","hentry"],"_links":{"self":[{"href":"https:\/\/exporplas.pt\/fr\/wp-json\/wp\/v2\/pages\/236891","targetHints":{"allow":["GET"]}}],"collection":[{"href":"https:\/\/exporplas.pt\/fr\/wp-json\/wp\/v2\/pages"}],"about":[{"href":"https:\/\/exporplas.pt\/fr\/wp-json\/wp\/v2\/types\/page"}],"replies":[{"embeddable":true,"href":"https:\/\/exporplas.pt\/fr\/wp-json\/wp\/v2\/comments?post=236891"}],"version-history":[{"count":8,"href":"https:\/\/exporplas.pt\/fr\/wp-json\/wp\/v2\/pages\/236891\/revisions"}],"predecessor-version":[{"id":236905,"href":"https:\/\/exporplas.pt\/fr\/wp-json\/wp\/v2\/pages\/236891\/revisions\/236905"}],"wp:attachment":[{"href":"https:\/\/exporplas.pt\/fr\/wp-json\/wp\/v2\/media?parent=236891"}],"curies":[{"name":"wp","href":"https:\/\/api.w.org\/{rel}","templated":true}]}}