{"id":234006,"date":"2024-01-24T17:30:49","date_gmt":"2024-01-24T17:30:49","guid":{"rendered":"https:\/\/manage.exporplas\/politique-de-la-qualite\/"},"modified":"2024-12-09T17:03:01","modified_gmt":"2024-12-09T17:03:01","slug":"politique-de-la-qualite","status":"publish","type":"page","link":"https:\/\/exporplas.pt\/fr\/politique-de-la-qualite\/","title":{"rendered":"Politique de la Qualit\u00e9"},"content":{"rendered":"<p>[et_pb_section fb_built=\u00a0\u00bb1&Prime; _builder_version=\u00a0\u00bb4.16&Prime; global_colors_info=\u00a0\u00bb{}\u00a0\u00bb][et_pb_row _builder_version=\u00a0\u00bb4.16&Prime; background_size=\u00a0\u00bbinitial\u00a0\u00bb background_position=\u00a0\u00bbtop_left\u00a0\u00bb background_repeat=\u00a0\u00bbrepeat\u00a0\u00bb global_colors_info=\u00a0\u00bb{}\u00a0\u00bb][et_pb_column type=\u00a0\u00bb4_4&Prime; _builder_version=\u00a0\u00bb4.16&Prime; custom_padding=\u00a0\u00bb|||\u00a0\u00bb global_colors_info=\u00a0\u00bb{}\u00a0\u00bb custom_padding__hover=\u00a0\u00bb|||\u00a0\u00bb][et_pb_text _builder_version=\u00a0\u00bb4.27.4&Prime; background_size=\u00a0\u00bbinitial\u00a0\u00bb background_position=\u00a0\u00bbtop_left\u00a0\u00bb background_repeat=\u00a0\u00bbrepeat\u00a0\u00bb global_colors_info=\u00a0\u00bb{}\u00a0\u00bb]<\/p>\n<h2>POLITIQUE DE QUALIT\u00c9<\/h2>\n<p>Nous visons l&rsquo;excellence en mati\u00e8re de Qualit\u00e9 dans toutes les activit\u00e9s que nous d\u00e9veloppons, en visant la satisfaction des parties prenantes, l&rsquo;am\u00e9lioration continue du Syst\u00e8me de Gestion de la Qualit\u00e9 et le respect des exigences des clients, r\u00e9glementaires, statutaires et normatives applicables, ainsi que d&rsquo;autres engagements souscrits par l&rsquo;organisation applicables au produit. Pour cela, le Groupe Exporpl\u00e1s s\u2019appuie sur les principes suivants:<\/p>\n<p>&nbsp;<\/p>\n<ul>\n<li>Compr\u00e9hension des besoins des diff\u00e9rentes parties prenantes;<\/li>\n<li>Recherche de l&rsquo;optimisation de nos produits et services afin de garantir une am\u00e9lioration continue;<\/li>\n<li>Capacit\u00e9 \u00e0 r\u00e9pondre de mani\u00e8re ad\u00e9quate, rapide et qualitative aux attentes des clients;<\/li>\n<li>Formation et valorisation de nos ressources humaines;<\/li>\n<li>Am\u00e9lioration continue des conditions de travail;<\/li>\n<li>Promotion de la r\u00e9duction des co\u00fbts;<\/li>\n<li>Cr\u00e9ation de valeur ajout\u00e9e garantissant la continuit\u00e9 et la rentabilit\u00e9 de l&rsquo;entreprise;<\/li>\n<\/ul>\n<p>[\/et_pb_text][et_pb_text _builder_version=\u00a0\u00bb4.27.4&Prime; background_size=\u00a0\u00bbinitial\u00a0\u00bb background_position=\u00a0\u00bbtop_left\u00a0\u00bb background_repeat=\u00a0\u00bbrepeat\u00a0\u00bb hover_enabled=\u00a0\u00bb0&Prime; global_colors_info=\u00a0\u00bb{}\u00a0\u00bb sticky_enabled=\u00a0\u00bb0&Prime;]<\/p>\n<p><em>29-11-2024<\/em><\/p>\n<p>[\/et_pb_text][\/et_pb_column][\/et_pb_row][\/et_pb_section]<\/p>\n","protected":false},"excerpt":{"rendered":"<p>POLITIQUE DE QUALIT\u00c9 Nous visons l&rsquo;excellence en mati\u00e8re de Qualit\u00e9 dans toutes les activit\u00e9s que nous d\u00e9veloppons, en visant la satisfaction des parties prenantes, l&rsquo;am\u00e9lioration continue du Syst\u00e8me de Gestion de la Qualit\u00e9 et le respect des exigences des clients, r\u00e9glementaires, statutaires et normatives applicables, ainsi que d&rsquo;autres engagements souscrits par l&rsquo;organisation applicables au produit. Pour cela, le Groupe Exporpl\u00e1s s\u2019appuie sur les principes suivants: &nbsp; Compr\u00e9hension des besoins des diff\u00e9rentes parties prenantes; Recherche de l&rsquo;optimisation de nos produits et services afin de garantir une am\u00e9lioration continue; Capacit\u00e9 \u00e0 r\u00e9pondre de mani\u00e8re ad\u00e9quate, rapide et qualitative aux attentes des clients; Formation et valorisation de nos ressources humaines; Am\u00e9lioration continue des conditions de travail; Promotion de la r\u00e9duction des co\u00fbts; Cr\u00e9ation de valeur ajout\u00e9e garantissant la continuit\u00e9 et la rentabilit\u00e9 de l&rsquo;entreprise; 29-11-2024<\/p>\n","protected":false},"author":0,"featured_media":0,"parent":0,"menu_order":0,"comment_status":"closed","ping_status":"closed","template":"","meta":{"_et_pb_use_builder":"on","_et_pb_old_content":"","_et_gb_content_width":"","footnotes":""},"class_list":["post-234006","page","type-page","status-publish","hentry"],"_links":{"self":[{"href":"https:\/\/exporplas.pt\/fr\/wp-json\/wp\/v2\/pages\/234006","targetHints":{"allow":["GET"]}}],"collection":[{"href":"https:\/\/exporplas.pt\/fr\/wp-json\/wp\/v2\/pages"}],"about":[{"href":"https:\/\/exporplas.pt\/fr\/wp-json\/wp\/v2\/types\/page"}],"replies":[{"embeddable":true,"href":"https:\/\/exporplas.pt\/fr\/wp-json\/wp\/v2\/comments?post=234006"}],"version-history":[{"count":0,"href":"https:\/\/exporplas.pt\/fr\/wp-json\/wp\/v2\/pages\/234006\/revisions"}],"wp:attachment":[{"href":"https:\/\/exporplas.pt\/fr\/wp-json\/wp\/v2\/media?parent=234006"}],"curies":[{"name":"wp","href":"https:\/\/api.w.org\/{rel}","templated":true}]}}