{"id":233940,"date":"2024-01-19T11:36:11","date_gmt":"2024-01-19T11:36:11","guid":{"rendered":"https:\/\/manage.exporplas\/criteres-devaluation-des-performances-des-fournisseurs\/"},"modified":"2026-02-10T16:33:09","modified_gmt":"2026-02-10T16:33:09","slug":"criteres-devaluation-des-performances-des-fournisseurs","status":"publish","type":"page","link":"https:\/\/exporplas.pt\/fr\/criteres-devaluation-des-performances-des-fournisseurs\/","title":{"rendered":"Crit\u00e8res d&rsquo;\u00e9valuation des performances des fournisseurs"},"content":{"rendered":"<p>[et_pb_section fb_built=\u00a0\u00bb1&Prime; _builder_version=\u00a0\u00bb4.16&Prime; global_colors_info=\u00a0\u00bb{}\u00a0\u00bb][et_pb_row _builder_version=\u00a0\u00bb4.16&Prime; background_size=\u00a0\u00bbinitial\u00a0\u00bb background_position=\u00a0\u00bbtop_left\u00a0\u00bb background_repeat=\u00a0\u00bbrepeat\u00a0\u00bb global_colors_info=\u00a0\u00bb{}\u00a0\u00bb][et_pb_column type=\u00a0\u00bb4_4&Prime; _builder_version=\u00a0\u00bb4.16&Prime; custom_padding=\u00a0\u00bb|||\u00a0\u00bb global_colors_info=\u00a0\u00bb{}\u00a0\u00bb custom_padding__hover=\u00a0\u00bb|||\u00a0\u00bb][et_pb_text _builder_version=\u00a0\u00bb4.27.4&Prime; background_size=\u00a0\u00bbinitial\u00a0\u00bb background_position=\u00a0\u00bbtop_left\u00a0\u00bb background_repeat=\u00a0\u00bbrepeat\u00a0\u00bb hover_enabled=\u00a0\u00bb0&Prime; global_colors_info=\u00a0\u00bb{}\u00a0\u00bb sticky_enabled=\u00a0\u00bb0&Prime;]<\/p>\n<h2>Crit\u00e8res d&rsquo;\u00e9valuation des performances des fournisseurs.\u00a0<\/h2>\n<p>&nbsp;<\/p>\n<p>Chers fournisseurs,<\/p>\n<p>Nous avons le plaisir de vous informer de nos crit\u00e8res d&rsquo;\u00e9valuation des performances des fournisseurs. Ces crit\u00e8res sont con\u00e7us pour garantir que nous travaillons avec des fournisseurs qui r\u00e9pondent constamment \u00e0 nos normes \u00e9lev\u00e9es de qualit\u00e9, de service, de fiabilit\u00e9.<br \/>Les indicateurs cl\u00e9s de performance que nous utiliserons pour \u00e9valuer nos fournisseurs sont les suivants:<\/p>\n<ul>\n<li style=\"list-style-type: none;\">\n<ul>\n<li>Livraison en temps voulu : Nous attendons de nos fournisseurs qu&rsquo;ils livrent les produits en temps opportun et en int\u00e9gralit\u00e9. Tout retard ou toute divergence sera soigneusement examin\u00e9 et pourrait affecter notre relation commerciale future.<\/li>\n<li>R\u00e9activit\u00e9 aux livraisons urgentes : Nous reconnaissons l&rsquo;importance d&rsquo;une r\u00e9activit\u00e9 opportune aux livraisons urgentes. Nous attendons de nos fournisseurs qu&rsquo;ils fassent tout leur possible pour r\u00e9pondre aux demandes urgentes et fournir des mises \u00e0 jour opportunes sur l&rsquo;\u00e9tat de ces commandes.<\/li>\n<li>Qualit\u00e9 du produit : Nous exigeons une qualit\u00e9 sans compromis de nos fournisseurs. Nous inspecterons soigneusement tous les produits re\u00e7us afin de nous assurer qu&rsquo;ils r\u00e9pondent \u00e0 nos sp\u00e9cifications et r\u00e9pondent aux besoins de nos clients. Tout produit non conforme peut \u00eatre rejet\u00e9.<\/li>\n<li>Service client : Nous appr\u00e9cions nos relations avec nos fournisseurs et nous attendons d&rsquo;eux qu&rsquo;ils fournissent un service client r\u00e9actif et utile. Des r\u00e9ponses rapides aux demandes, une r\u00e9solution de probl\u00e8mes efficace et un engagement envers la satisfaction du client sont des \u00e9l\u00e9ments essentiels de notre partenariat.<\/li>\n<\/ul>\n<\/li>\n<\/ul>\n<p>Des \u00e9valuations de performance r\u00e9guli\u00e8res seront men\u00e9es pour \u00e9valuer nos fournisseurs selon ces crit\u00e8res. Nous pouvons fournir des commentaires \u00e0 nos fournisseurs afin qu&rsquo;ils puissent comprendre nos attentes et prendre des mesures pour am\u00e9liorer leurs performances.<br \/>Nous appr\u00e9cions l&rsquo;engagement continu de nos fournisseurs \u00e0 fournir des produits et services de haute qualit\u00e9. En travaillant ensemble, nous pouvons garantir que EXPORPL\u00c1S S.A.\/OMNICOR LTD. continue d&rsquo;offrir des produits et services exceptionnels \u00e0 nos clients.<br \/>Merci de votre attention \u00e0 ce sujet.<\/p>\n<p>[\/et_pb_text][\/et_pb_column][\/et_pb_row][\/et_pb_section]<\/p>\n","protected":false},"excerpt":{"rendered":"<p>Crit\u00e8res d&rsquo;\u00e9valuation des performances des fournisseurs.\u00a0 &nbsp; Chers fournisseurs, Nous avons le plaisir de vous informer de nos crit\u00e8res d&rsquo;\u00e9valuation des performances des fournisseurs. Ces crit\u00e8res sont con\u00e7us pour garantir que nous travaillons avec des fournisseurs qui r\u00e9pondent constamment \u00e0 nos normes \u00e9lev\u00e9es de qualit\u00e9, de service, de fiabilit\u00e9.Les indicateurs cl\u00e9s de performance que nous utiliserons pour \u00e9valuer nos fournisseurs sont les suivants: Livraison en temps voulu : Nous attendons de nos fournisseurs qu&rsquo;ils livrent les produits en temps opportun et en int\u00e9gralit\u00e9. Tout retard ou toute divergence sera soigneusement examin\u00e9 et pourrait affecter notre relation commerciale future. R\u00e9activit\u00e9 aux livraisons urgentes : Nous reconnaissons l&rsquo;importance d&rsquo;une r\u00e9activit\u00e9 opportune aux livraisons urgentes. Nous attendons de nos fournisseurs qu&rsquo;ils fassent tout leur possible pour r\u00e9pondre aux demandes urgentes et fournir des mises \u00e0 jour opportunes sur l&rsquo;\u00e9tat de ces commandes. Qualit\u00e9 du produit : Nous exigeons une qualit\u00e9 sans compromis de nos fournisseurs. Nous inspecterons soigneusement tous les produits re\u00e7us afin de nous assurer qu&rsquo;ils r\u00e9pondent \u00e0 nos sp\u00e9cifications et r\u00e9pondent aux besoins de nos clients. Tout produit non conforme peut \u00eatre rejet\u00e9. Service client : Nous appr\u00e9cions nos relations avec nos fournisseurs et nous attendons d&rsquo;eux qu&rsquo;ils fournissent un service [&hellip;]<\/p>\n","protected":false},"author":0,"featured_media":0,"parent":0,"menu_order":0,"comment_status":"closed","ping_status":"closed","template":"","meta":{"_et_pb_use_builder":"on","_et_pb_old_content":"","_et_gb_content_width":"","footnotes":""},"class_list":["post-233940","page","type-page","status-publish","hentry"],"_links":{"self":[{"href":"https:\/\/exporplas.pt\/fr\/wp-json\/wp\/v2\/pages\/233940","targetHints":{"allow":["GET"]}}],"collection":[{"href":"https:\/\/exporplas.pt\/fr\/wp-json\/wp\/v2\/pages"}],"about":[{"href":"https:\/\/exporplas.pt\/fr\/wp-json\/wp\/v2\/types\/page"}],"replies":[{"embeddable":true,"href":"https:\/\/exporplas.pt\/fr\/wp-json\/wp\/v2\/comments?post=233940"}],"version-history":[{"count":4,"href":"https:\/\/exporplas.pt\/fr\/wp-json\/wp\/v2\/pages\/233940\/revisions"}],"predecessor-version":[{"id":238313,"href":"https:\/\/exporplas.pt\/fr\/wp-json\/wp\/v2\/pages\/233940\/revisions\/238313"}],"wp:attachment":[{"href":"https:\/\/exporplas.pt\/fr\/wp-json\/wp\/v2\/media?parent=233940"}],"curies":[{"name":"wp","href":"https:\/\/api.w.org\/{rel}","templated":true}]}}