{"id":230408,"date":"2022-12-19T18:44:23","date_gmt":"2022-12-19T18:44:23","guid":{"rendered":"https:\/\/manage.exporplas\/?page_id=230408"},"modified":"2023-03-14T10:40:50","modified_gmt":"2023-03-14T10:40:50","slug":"evopack","status":"publish","type":"page","link":"https:\/\/exporplas.pt\/fr\/evopack\/","title":{"rendered":"Evopack"},"content":{"rendered":"<p>[et_pb_section fb_built=\u00a0\u00bb1&Prime; _builder_version=\u00a0\u00bb4.16&Prime; _module_preset=\u00a0\u00bbdefault\u00a0\u00bb background_color=\u00a0\u00bb#FFFFFF\u00a0\u00bb background_color_gradient_start=\u00a0\u00bb#ffffff\u00a0\u00bb background_color_gradient_end=\u00a0\u00bb#dddddd\u00a0\u00bb z_index=\u00a0\u00bb3&Prime; custom_margin=\u00a0\u00bb||1px||false|false\u00a0\u00bb custom_margin_tablet=\u00a0\u00bb||180px||false|false\u00a0\u00bb custom_margin_phone=\u00a0\u00bb||170px||false|false\u00a0\u00bb custom_margin_last_edited=\u00a0\u00bbon|phone\u00a0\u00bb custom_padding=\u00a0\u00bb45px||45px||false|false\u00a0\u00bb global_colors_info=\u00a0\u00bb{}\u00a0\u00bb][et_pb_row column_structure=\u00a0\u00bb1_2,1_2&Prime; _builder_version=\u00a0\u00bb4.17.4&Prime; _module_preset=\u00a0\u00bbdefault\u00a0\u00bb custom_padding=\u00a0\u00bb0px|||||\u00a0\u00bb locked=\u00a0\u00bboff\u00a0\u00bb global_colors_info=\u00a0\u00bb{}\u00a0\u00bb][et_pb_column type=\u00a0\u00bb1_2&Prime; _builder_version=\u00a0\u00bb4.16&Prime; _module_preset=\u00a0\u00bbdefault\u00a0\u00bb global_colors_info=\u00a0\u00bb{}\u00a0\u00bb][et_pb_image src=\u00a0\u00bbhttps:\/\/exporplas.pt\/wp-content\/uploads\/2023\/01\/EVOPACK_FR_01.jpg\u00a0\u00bb title_text=\u00a0\u00bbEVOPACK_FR_01&Prime; _builder_version=\u00a0\u00bb4.18.1&Prime; _module_preset=\u00a0\u00bbdefault\u00a0\u00bb global_colors_info=\u00a0\u00bb{}\u00a0\u00bb][\/et_pb_image][et_pb_text _builder_version=\u00a0\u00bb4.18.1&Prime; _module_preset=\u00a0\u00bbdefault\u00a0\u00bb text_font=\u00a0\u00bbMontserrat|300|||||||\u00a0\u00bb header_font=\u00a0\u00bbMontserrat||||||||\u00a0\u00bb header_text_color=\u00a0\u00bb#2e2aa8&Prime; header_2_font=\u00a0\u00bbMontserrat|600|||||||\u00a0\u00bb header_3_font=\u00a0\u00bbMontserrat||||||||\u00a0\u00bb header_3_line_height=\u00a0\u00bb1.3em\u00a0\u00bb header_4_font=\u00a0\u00bbMontserrat|500|||||||\u00a0\u00bb header_5_font=\u00a0\u00bbMontserrat||||||||\u00a0\u00bb header_6_font=\u00a0\u00bbMontserrat||||||||\u00a0\u00bb locked=\u00a0\u00bboff\u00a0\u00bb global_colors_info=\u00a0\u00bb{}\u00a0\u00bb]<\/p>\n<h1><strong><span class=\"TextRun SCXW15629349 BCX4\" lang=\"PT-PT\" xml:lang=\"PT-PT\" data-contrast=\"auto\"><span class=\"NormalTextRun SCXW15629349 BCX4\">EVOPACK<sup style=\"font-size: 50%;\">\u00ae<\/sup><\/span><\/span><\/strong><\/h1>\n<h1><span class=\"NormalTextRun SCXW14599180 BCX4\">Filet<\/span><span class=\"NormalTextRun SCXW14599180 BCX4\"> de palettisation<\/span><\/h1>\n<p>&nbsp;<\/p>\n<h3><strong>L\u2019\u00e9volution de l\u2019emballage<\/strong><strong>:<\/strong><\/h3>\n<h3>Prot\u00e9gez vos produits, de mani\u00e8re durable.<\/h3>\n<p>&nbsp;<\/p>\n<p><strong><span class=\"NormalTextRun SCXW230208558 BCX4\">Le filet<\/span><span class=\"NormalTextRun SCXW230208558 BCX4\"> de palettisation est la solution id\u00e9ale \u00e0 utiliser dans l\u2019emballage de tout produit qui n\u00e9cessite une circulation d\u2019air pour pr\u00e9server ses propri\u00e9t\u00e9s<\/span>.<\/strong><span data-ccp-props=\"{&quot;201341983&quot;:0,&quot;335559739&quot;:160,&quot;335559740&quot;:259}\">\u00a0<\/span>\u00a0<\/p>\n<p><span data-contrast=\"auto\"><span class=\"NormalTextRun SCXW186298469 BCX4\">Avec une gamme d\u2019applications large et divers<\/span><span class=\"NormalTextRun SCXW186298469 BCX4\">ifi\u00e9e<\/span><span class=\"NormalTextRun SCXW186298469 BCX4\">, il est <\/span><span class=\"NormalTextRun SCXW186298469 BCX4\">fr\u00e9quemment<\/span><span class=\"NormalTextRun SCXW186298469 BCX4\">utilis\u00e9 pour les fruits, les l\u00e9gumes, l\u2019herbe naturelle, le bois, les fleurs, etc<\/span>.<\/span><span data-ccp-props=\"{&quot;201341983&quot;:0,&quot;335559739&quot;:160,&quot;335559740&quot;:259}\">\u00a0<\/span><\/p>\n<p><strong><span class=\"NormalTextRun SCXW105069574 BCX4\">Il garantit la stabilit\u00e9 des palettes et permet de ne pas utiliser de corni\u00e8res<\/span><span class=\"NormalTextRun SCXW105069574 BCX4\">, <\/span><span class=\"NormalTextRun SCXW105069574 BCX4\">gr\u00e2ce \u00e0 la facilit\u00e9 avec laquelle il s\u2019adapte m\u00eame sur des surfaces <\/span><span class=\"NormalTextRun SCXW105069574 BCX4\">irr\u00e9guli\u00e8res<\/span>.<\/strong><\/p>\n<p><strong><\/strong><\/p>\n<ul>\n<li data-leveltext=\"\uf0b7\" data-font=\"Symbol\" data-listid=\"1\" data-list-defn-props=\"{&quot;335552541&quot;:1,&quot;335559684&quot;:-2,&quot;335559685&quot;:720,&quot;335559991&quot;:360,&quot;469769226&quot;:&quot;Symbol&quot;,&quot;469769242&quot;:[8226],&quot;469777803&quot;:&quot;left&quot;,&quot;469777804&quot;:&quot;\uf0b7&quot;,&quot;469777815&quot;:&quot;hybridMultilevel&quot;}\" aria-setsize=\"-1\" data-aria-posinset=\"1\" data-aria-level=\"1\"><span data-contrast=\"auto\">Con\u00e7u comme une alternative sup\u00e9rieure au film \u00e9tirable;<\/span><span data-ccp-props=\"{&quot;201341983&quot;:0,&quot;335559685&quot;:0,&quot;335559731&quot;:0,&quot;335559739&quot;:160,&quot;335559740&quot;:360,&quot;469777462&quot;:[284],&quot;469777927&quot;:[0],&quot;469777928&quot;:[1]}\">\u00a0<\/span><\/li>\n<li data-leveltext=\"\uf0b7\" data-font=\"Symbol\" data-listid=\"1\" data-list-defn-props=\"{&quot;335552541&quot;:1,&quot;335559684&quot;:-2,&quot;335559685&quot;:720,&quot;335559991&quot;:360,&quot;469769226&quot;:&quot;Symbol&quot;,&quot;469769242&quot;:[8226],&quot;469777803&quot;:&quot;left&quot;,&quot;469777804&quot;:&quot;\uf0b7&quot;,&quot;469777815&quot;:&quot;hybridMultilevel&quot;}\" aria-setsize=\"-1\" data-aria-posinset=\"2\" data-aria-level=\"1\"><span data-contrast=\"auto\">Fabriqu\u00e9 \u00e0 partir de mati\u00e8res premi\u00e8res \u00ab\u202frespectueuses de l\u2019environnement\u202f\u00bb;<\/span><span data-ccp-props=\"{&quot;201341983&quot;:0,&quot;335559685&quot;:0,&quot;335559731&quot;:0,&quot;335559739&quot;:160,&quot;335559740&quot;:360,&quot;469777462&quot;:[284],&quot;469777927&quot;:[0],&quot;469777928&quot;:[1]}\">\u00a0<\/span><\/li>\n<li data-leveltext=\"\uf0b7\" data-font=\"Symbol\" data-listid=\"1\" data-list-defn-props=\"{&quot;335552541&quot;:1,&quot;335559684&quot;:-2,&quot;335559685&quot;:720,&quot;335559991&quot;:360,&quot;469769226&quot;:&quot;Symbol&quot;,&quot;469769242&quot;:[8226],&quot;469777803&quot;:&quot;left&quot;,&quot;469777804&quot;:&quot;\uf0b7&quot;,&quot;469777815&quot;:&quot;hybridMultilevel&quot;}\" aria-setsize=\"-1\" data-aria-posinset=\"3\" data-aria-level=\"1\"><span data-contrast=\"auto\">Permet la circulation de l\u2019air;<\/span><span data-ccp-props=\"{&quot;201341983&quot;:0,&quot;335559685&quot;:0,&quot;335559731&quot;:0,&quot;335559739&quot;:160,&quot;335559740&quot;:360,&quot;469777462&quot;:[284],&quot;469777927&quot;:[0],&quot;469777928&quot;:[1]}\">\u00a0<\/span><\/li>\n<\/ul>\n<ul>\n<li data-leveltext=\"\uf0b7\" data-font=\"Symbol\" data-listid=\"1\" data-list-defn-props=\"{&quot;335552541&quot;:1,&quot;335559684&quot;:-2,&quot;335559685&quot;:720,&quot;335559991&quot;:360,&quot;469769226&quot;:&quot;Symbol&quot;,&quot;469769242&quot;:[8226],&quot;469777803&quot;:&quot;left&quot;,&quot;469777804&quot;:&quot;\uf0b7&quot;,&quot;469777815&quot;:&quot;hybridMultilevel&quot;}\" aria-setsize=\"-1\" data-aria-posinset=\"1\" data-aria-level=\"1\"><span data-contrast=\"auto\">Il est tr\u00e8s \u00e9lastique, permettant d\u2019emballer beaucoup plus de charges par rouleau;<\/span><span data-ccp-props=\"{&quot;201341983&quot;:0,&quot;335559685&quot;:0,&quot;335559731&quot;:0,&quot;335559739&quot;:160,&quot;335559740&quot;:360,&quot;469777462&quot;:[284],&quot;469777927&quot;:[0],&quot;469777928&quot;:[1]}\">\u00a0<\/span><\/li>\n<li data-leveltext=\"\uf0b7\" data-font=\"Symbol\" data-listid=\"1\" data-list-defn-props=\"{&quot;335552541&quot;:1,&quot;335559684&quot;:-2,&quot;335559685&quot;:720,&quot;335559991&quot;:360,&quot;469769226&quot;:&quot;Symbol&quot;,&quot;469769242&quot;:[8226],&quot;469777803&quot;:&quot;left&quot;,&quot;469777804&quot;:&quot;\uf0b7&quot;,&quot;469777815&quot;:&quot;hybridMultilevel&quot;}\" aria-setsize=\"-1\" data-aria-posinset=\"2\" data-aria-level=\"1\"><span data-contrast=\"auto\">Compatible avec les machines de palettisation\/emballage;<\/span><span data-ccp-props=\"{&quot;201341983&quot;:0,&quot;335559685&quot;:0,&quot;335559731&quot;:0,&quot;335559739&quot;:160,&quot;335559740&quot;:360,&quot;469777462&quot;:[284],&quot;469777927&quot;:[0],&quot;469777928&quot;:[1]}\">\u00a0<\/span><\/li>\n<li data-leveltext=\"\uf0b7\" data-font=\"Symbol\" data-listid=\"1\" data-list-defn-props=\"{&quot;335552541&quot;:1,&quot;335559684&quot;:-2,&quot;335559685&quot;:720,&quot;335559991&quot;:360,&quot;469769226&quot;:&quot;Symbol&quot;,&quot;469769242&quot;:[8226],&quot;469777803&quot;:&quot;left&quot;,&quot;469777804&quot;:&quot;\uf0b7&quot;,&quot;469777815&quot;:&quot;hybridMultilevel&quot;}\" aria-setsize=\"-1\" data-aria-posinset=\"3\" data-aria-level=\"1\"><span data-contrast=\"auto\">Couverture compl\u00e8te de tous les bords et courbes, \u00e9tant ainsi adapt\u00e9 aux charges irr\u00e9guli\u00e8res;<\/span><span data-ccp-props=\"{&quot;201341983&quot;:0,&quot;335559685&quot;:0,&quot;335559731&quot;:0,&quot;335559737&quot;:-427,&quot;335559739&quot;:160,&quot;335559740&quot;:360,&quot;469777462&quot;:[284],&quot;469777927&quot;:[0],&quot;469777928&quot;:[1]}\">\u00a0<\/span><\/li>\n<li data-leveltext=\"\uf0b7\" data-font=\"Symbol\" data-listid=\"1\" data-list-defn-props=\"{&quot;335552541&quot;:1,&quot;335559684&quot;:-2,&quot;335559685&quot;:720,&quot;335559991&quot;:360,&quot;469769226&quot;:&quot;Symbol&quot;,&quot;469769242&quot;:[8226],&quot;469777803&quot;:&quot;left&quot;,&quot;469777804&quot;:&quot;\uf0b7&quot;,&quot;469777815&quot;:&quot;hybridMultilevel&quot;}\" aria-setsize=\"-1\" data-aria-posinset=\"4\" data-aria-level=\"1\"><span data-contrast=\"auto\">Maintient sa tension;<\/span><span data-ccp-props=\"{&quot;201341983&quot;:0,&quot;335559685&quot;:0,&quot;335559731&quot;:0,&quot;335559739&quot;:160,&quot;335559740&quot;:360,&quot;469777462&quot;:[284],&quot;469777927&quot;:[0],&quot;469777928&quot;:[1]}\">\u00a0<\/span><\/li>\n<li data-leveltext=\"\uf0b7\" data-font=\"Symbol\" data-listid=\"1\" data-list-defn-props=\"{&quot;335552541&quot;:1,&quot;335559684&quot;:-2,&quot;335559685&quot;:720,&quot;335559991&quot;:360,&quot;469769226&quot;:&quot;Symbol&quot;,&quot;469769242&quot;:[8226],&quot;469777803&quot;:&quot;left&quot;,&quot;469777804&quot;:&quot;\uf0b7&quot;,&quot;469777815&quot;:&quot;hybridMultilevel&quot;}\" aria-setsize=\"-1\" data-aria-posinset=\"5\" data-aria-level=\"1\"><span data-contrast=\"auto\">Facile \u00e0 utiliser.<\/span><\/li>\n<\/ul>\n<p>[\/et_pb_text][\/et_pb_column][et_pb_column type=\u00a0\u00bb1_2&Prime; _builder_version=\u00a0\u00bb4.17.4&Prime; _module_preset=\u00a0\u00bbdefault\u00a0\u00bb global_colors_info=\u00a0\u00bb{}\u00a0\u00bb][et_pb_text _builder_version=\u00a0\u00bb4.18.1&Prime; _module_preset=\u00a0\u00bbdefault\u00a0\u00bb header_font=\u00a0\u00bbMontserrat||||||||\u00a0\u00bb header_text_color=\u00a0\u00bb#2e2aa8&Prime; header_2_font=\u00a0\u00bbMontserrat|600|||||||\u00a0\u00bb header_3_font=\u00a0\u00bbMontserrat||||||||\u00a0\u00bb header_3_line_height=\u00a0\u00bb1.3em\u00a0\u00bb header_4_font=\u00a0\u00bbMontserrat|500|||||||\u00a0\u00bb header_5_font=\u00a0\u00bbMontserrat||||||||\u00a0\u00bb header_6_font=\u00a0\u00bbMontserrat||||||||\u00a0\u00bb locked=\u00a0\u00bboff\u00a0\u00bb global_colors_info=\u00a0\u00bb{}\u00a0\u00bb]<\/p>\n<h3 style=\"text-align: left;\"><span class=\"TextRun SCXW178883578 BCX4\" lang=\"FR-FR\" xml:lang=\"FR-FR\" data-contrast=\"auto\"><span class=\"NormalTextRun SCXW178883578 BCX4\">Durabilit\u00e9<\/span><\/span><\/h3>\n<h1 style=\"text-align: left;\">\u00a0<\/h1>\n<h1 style=\"text-align: left;\"><strong>Participez \u00e0 l&rsquo;action visant \u00e0 r\u00e9duire les d\u00e9chets plastiques.<\/strong><\/h1>\n<p>&nbsp;<\/p>\n<p><span data-contrast=\"auto\">Aujourd&rsquo;hui, il est \u00e9galement consid\u00e9r\u00e9 comme une alternative sup\u00e9rieure au film d&#8217;emballage traditionnel, \u00e9tant une solution incomparablement plus durable en raison du besoin r\u00e9duit de plastique pour emballer une palette.<\/span><\/p>\n<p>&nbsp;<\/p>\n<h1><strong>Produit 100% recyclable.<\/strong><\/h1>\n<p>&nbsp;<\/p>\n<p>&nbsp;<\/p>\n<h3><span data-contrast=\"auto\">R\u00e9duction de plus de 60% de la consommation de plastique.<\/span><\/h3>\n<p>[\/et_pb_text][et_pb_image src=\u00a0\u00bbhttps:\/\/exporplas.pt\/wp-content\/uploads\/2023\/01\/EVOPACK_FR_02.jpg\u00a0\u00bb title_text=\u00a0\u00bbEVOPACK_FR_02&Prime; _builder_version=\u00a0\u00bb4.18.1&Prime; _module_preset=\u00a0\u00bbdefault\u00a0\u00bb global_colors_info=\u00a0\u00bb{}\u00a0\u00bb][\/et_pb_image][et_pb_text _builder_version=\u00a0\u00bb4.18.1&Prime; _module_preset=\u00a0\u00bbdefault\u00a0\u00bb header_font=\u00a0\u00bbMontserrat||||||||\u00a0\u00bb header_2_font=\u00a0\u00bbMontserrat|600|||||||\u00a0\u00bb header_3_font=\u00a0\u00bbMontserrat||||||||\u00a0\u00bb header_3_line_height=\u00a0\u00bb1.3em\u00a0\u00bb header_4_font=\u00a0\u00bbMontserrat|500|||||||\u00a0\u00bb header_5_font=\u00a0\u00bbMontserrat||||||||\u00a0\u00bb header_6_font=\u00a0\u00bbMontserrat||||||||\u00a0\u00bb locked=\u00a0\u00bboff\u00a0\u00bb global_colors_info=\u00a0\u00bb{}\u00a0\u00bb]<\/p>\n<p><span data-contrast=\"auto\">Exemple : pour 100 tonnes de film d\u2019emballage, il suffit seulement de 40 tonnes d\u2019EVOPACK<sup style=\"font-size: 50%;\">\u00ae<\/sup> pour obtenir les m\u00eames performances.<\/span><\/p>\n<p><strong>Evopack<sup style=\"font-size: 50%;\">\u00ae<\/sup> | La solution d\u2019emballage durable et polyvalente pour vos produits.\u00a0<\/strong><\/p>\n<p>[\/et_pb_text][et_pb_button button_url=\u00a0\u00bb@ET-DC@eyJkeW5hbWljIjp0cnVlLCJjb250ZW50IjoicG9zdF9saW5rX3VybF9wYWdlIiwic2V0dGluZ3MiOnsicG9zdF9pZCI6IjIyNDc3MSJ9fQ==@\u00a0\u00bb button_text=\u00a0\u00bbGamme EVOPACK &#8211; Voir ici\u00a0\u00bb button_alignment=\u00a0\u00bbleft\u00a0\u00bb _builder_version=\u00a0\u00bb4.18.1&Prime; _dynamic_attributes=\u00a0\u00bbbutton_url\u00a0\u00bb _module_preset=\u00a0\u00bbdefault\u00a0\u00bb custom_button=\u00a0\u00bbon\u00a0\u00bb button_text_size=\u00a0\u00bb10px\u00a0\u00bb button_text_color=\u00a0\u00bb#ffffff\u00a0\u00bb button_bg_color=\u00a0\u00bb#6caf3f\u00a0\u00bb button_border_width=\u00a0\u00bb10px\u00a0\u00bb button_border_color=\u00a0\u00bbrgba(47,56,84,0)\u00a0\u00bb button_border_radius=\u00a0\u00bb60px\u00a0\u00bb button_letter_spacing=\u00a0\u00bb1px\u00a0\u00bb button_font=\u00a0\u00bb|700||on|||||\u00a0\u00bb button_use_icon=\u00a0\u00bboff\u00a0\u00bb animation_style=\u00a0\u00bbfade\u00a0\u00bb locked=\u00a0\u00bboff\u00a0\u00bb global_colors_info=\u00a0\u00bb{}\u00a0\u00bb button_border_radius__hover=\u00a0\u00bb66px\u00a0\u00bb button_border_radius__hover_enabled=\u00a0\u00bbon\u00a0\u00bb button_letter_spacing__hover=\u00a0\u00bb1px\u00a0\u00bb button_letter_spacing__hover_enabled=\u00a0\u00bbon\u00a0\u00bb][\/et_pb_button][\/et_pb_column][\/et_pb_row][\/et_pb_section]<\/p>\n","protected":false},"excerpt":{"rendered":"<p>EVOPACK\u00ae Filet de palettisation &nbsp; L\u2019\u00e9volution de l\u2019emballage: Prot\u00e9gez vos produits, de mani\u00e8re durable. &nbsp; Le filet de palettisation est la solution id\u00e9ale \u00e0 utiliser dans l\u2019emballage de tout produit qui n\u00e9cessite une circulation d\u2019air pour pr\u00e9server ses propri\u00e9t\u00e9s.\u00a0\u00a0 Avec une gamme d\u2019applications large et diversifi\u00e9e, il est fr\u00e9quemmentutilis\u00e9 pour les fruits, les l\u00e9gumes, l\u2019herbe naturelle, le bois, les fleurs, etc.\u00a0 Il garantit la stabilit\u00e9 des palettes et permet de ne pas utiliser de corni\u00e8res, gr\u00e2ce \u00e0 la facilit\u00e9 avec laquelle il s\u2019adapte m\u00eame sur des surfaces irr\u00e9guli\u00e8res. Con\u00e7u comme une alternative sup\u00e9rieure au film \u00e9tirable;\u00a0 Fabriqu\u00e9 \u00e0 partir de mati\u00e8res premi\u00e8res \u00ab\u202frespectueuses de l\u2019environnement\u202f\u00bb;\u00a0 Permet la circulation de l\u2019air;\u00a0 Il est tr\u00e8s \u00e9lastique, permettant d\u2019emballer beaucoup plus de charges par rouleau;\u00a0 Compatible avec les machines de palettisation\/emballage;\u00a0 Couverture compl\u00e8te de tous les bords et courbes, \u00e9tant ainsi adapt\u00e9 aux charges irr\u00e9guli\u00e8res;\u00a0 Maintient sa tension;\u00a0 Facile \u00e0 utiliser. Durabilit\u00e9 \u00a0 Participez \u00e0 l&rsquo;action visant \u00e0 r\u00e9duire les d\u00e9chets plastiques. &nbsp; Aujourd&rsquo;hui, il est \u00e9galement consid\u00e9r\u00e9 comme une alternative sup\u00e9rieure au film d&#8217;emballage traditionnel, \u00e9tant une solution incomparablement plus durable en raison du besoin r\u00e9duit de plastique pour emballer une palette. &nbsp; Produit 100% recyclable. &nbsp; &nbsp; R\u00e9duction de plus de [&hellip;]<\/p>\n","protected":false},"author":0,"featured_media":0,"parent":0,"menu_order":0,"comment_status":"closed","ping_status":"closed","template":"","meta":{"_et_pb_use_builder":"on","_et_pb_old_content":"","_et_gb_content_width":"","footnotes":""},"class_list":["post-230408","page","type-page","status-publish","hentry"],"_links":{"self":[{"href":"https:\/\/exporplas.pt\/fr\/wp-json\/wp\/v2\/pages\/230408","targetHints":{"allow":["GET"]}}],"collection":[{"href":"https:\/\/exporplas.pt\/fr\/wp-json\/wp\/v2\/pages"}],"about":[{"href":"https:\/\/exporplas.pt\/fr\/wp-json\/wp\/v2\/types\/page"}],"replies":[{"embeddable":true,"href":"https:\/\/exporplas.pt\/fr\/wp-json\/wp\/v2\/comments?post=230408"}],"version-history":[{"count":0,"href":"https:\/\/exporplas.pt\/fr\/wp-json\/wp\/v2\/pages\/230408\/revisions"}],"wp:attachment":[{"href":"https:\/\/exporplas.pt\/fr\/wp-json\/wp\/v2\/media?parent=230408"}],"curies":[{"name":"wp","href":"https:\/\/api.w.org\/{rel}","templated":true}]}}