{"id":229707,"date":"2022-06-15T17:23:10","date_gmt":"2022-06-15T17:23:10","guid":{"rendered":"https:\/\/manage.exporplas\/greentech-amsterdam-2022\/"},"modified":"2023-01-13T17:38:56","modified_gmt":"2023-01-13T17:38:56","slug":"greentech-amsterdam-2022","status":"publish","type":"page","link":"https:\/\/exporplas.pt\/fr\/greentech-amsterdam-2022\/","title":{"rendered":"GreenTech Amsterdam 2022"},"content":{"rendered":"<p>[et_pb_section fb_built=\u00a0\u00bb1&Prime; _builder_version=\u00a0\u00bb4.16&Prime; _module_preset=\u00a0\u00bbdefault\u00a0\u00bb background_color=\u00a0\u00bb#FFFFFF\u00a0\u00bb background_color_gradient_start=\u00a0\u00bb#ffffff\u00a0\u00bb background_color_gradient_end=\u00a0\u00bb#dddddd\u00a0\u00bb z_index=\u00a0\u00bb3&Prime; custom_margin=\u00a0\u00bb||1px||false|false\u00a0\u00bb custom_margin_tablet=\u00a0\u00bb||180px||false|false\u00a0\u00bb custom_margin_phone=\u00a0\u00bb||170px||false|false\u00a0\u00bb custom_margin_last_edited=\u00a0\u00bbon|phone\u00a0\u00bb custom_padding=\u00a0\u00bb45px||45px||false|false\u00a0\u00bb global_colors_info=\u00a0\u00bb{}\u00a0\u00bb][et_pb_row column_structure=\u00a0\u00bb1_2,1_2&Prime; _builder_version=\u00a0\u00bb4.17.4&Prime; _module_preset=\u00a0\u00bbdefault\u00a0\u00bb custom_padding=\u00a0\u00bb0px|||||\u00a0\u00bb locked=\u00a0\u00bboff\u00a0\u00bb global_colors_info=\u00a0\u00bb{}\u00a0\u00bb][et_pb_column type=\u00a0\u00bb1_2&Prime; _builder_version=\u00a0\u00bb4.16&Prime; _module_preset=\u00a0\u00bbdefault\u00a0\u00bb global_colors_info=\u00a0\u00bb{}\u00a0\u00bb][et_pb_image src=\u00a0\u00bbhttps:\/\/exporplas.pt\/wp-content\/uploads\/2022\/06\/GREENTECH_2022.png\u00a0\u00bb title_text=\u00a0\u00bbGREENTECH_2022&Prime; _builder_version=\u00a0\u00bb4.17.4&Prime; _module_preset=\u00a0\u00bbdefault\u00a0\u00bb global_colors_info=\u00a0\u00bb{}\u00a0\u00bb][\/et_pb_image][et_pb_text _builder_version=\u00a0\u00bb4.18.1&Prime; _module_preset=\u00a0\u00bbdefault\u00a0\u00bb text_font=\u00a0\u00bb|300|||||||\u00a0\u00bb text_text_color=\u00a0\u00bb#1174ee\u00a0\u00bb text_font_size=\u00a0\u00bb35px\u00a0\u00bb text_line_height=\u00a0\u00bb1.2em\u00a0\u00bb header_3_font=\u00a0\u00bbMontserrat|600|||||||\u00a0\u00bb header_3_text_color=\u00a0\u00bb#6CAF3F\u00a0\u00bb header_3_font_size=\u00a0\u00bb35px\u00a0\u00bb text_orientation=\u00a0\u00bbcenter\u00a0\u00bb hover_enabled=\u00a0\u00bb0&Prime; text_font_size_tablet=\u00a0\u00bb35px\u00a0\u00bb text_font_size_phone=\u00a0\u00bb35px\u00a0\u00bb text_font_size_last_edited=\u00a0\u00bbon|phone\u00a0\u00bb header_font_size_tablet=\u00a0\u00bb\u00a0\u00bb header_font_size_phone=\u00a0\u00bb30px\u00a0\u00bb header_font_size_last_edited=\u00a0\u00bbon|phone\u00a0\u00bb header_3_font_size_tablet=\u00a0\u00bb35px\u00a0\u00bb header_3_font_size_phone=\u00a0\u00bb26px\u00a0\u00bb header_3_font_size_last_edited=\u00a0\u00bbon|phone\u00a0\u00bb global_colors_info=\u00a0\u00bb{}\u00a0\u00bb sticky_enabled=\u00a0\u00bb0&Prime;]<\/p>\n<h3 style=\"text-align: left;\">EXPORPL\u00c1S \u00c0 GREENTECH AMSTERDAM<\/h3>\n<p>[\/et_pb_text][et_pb_text _builder_version=\u00a0\u00bb4.18.1&Prime; _module_preset=\u00a0\u00bbdefault\u00a0\u00bb hover_enabled=\u00a0\u00bb0&Prime; locked=\u00a0\u00bboff\u00a0\u00bb global_colors_info=\u00a0\u00bb{}\u00a0\u00bb header_font=\u00a0\u00bbMontserrat||||||||\u00a0\u00bb sticky_enabled=\u00a0\u00bb0&Prime;]<\/p>\n<h1 style=\"text-align: left;\"><em>Ce n&rsquo;est pas aussi simple que vous le pensez!<\/em><\/h1>\n<p>&nbsp;<\/p>\n<p>Saviez-vous qu&rsquo;avant d&rsquo;\u00eatre utilis\u00e9, le fil horticole doit r\u00e9pondre \u00e0 une liste d&rsquo;exigences techniques qui, apparemment simples, font toute la diff\u00e9rence dans ses performances? Ce n&rsquo;est pas aussi simple que vous le pensez.[\/et_pb_text][et_pb_text _builder_version=\u00a0\u00bb4.17.4&Prime; _module_preset=\u00a0\u00bbdefault\u00a0\u00bb locked=\u00a0\u00bboff\u00a0\u00bb global_colors_info=\u00a0\u00bb{}\u00a0\u00bb]Des caract\u00e9ristiques telles que la r\u00e9sistance \u00e0 l&rsquo;usure, la capacit\u00e9 de chute libre, la souplesse et la flexibilit\u00e9 ou la stabilit\u00e9 dans la protection contre les rayons UV font partie de la recherche et du d\u00e9veloppement continus du d\u00e9partement R&amp;D d&rsquo;EXPORPL\u00c1S.<\/p>\n<p>&nbsp;<\/p>\n<p>Nous cherchons toujours \u00e0 am\u00e9liorer l&rsquo;\u00e9quilibre entre toutes les diff\u00e9rentes propri\u00e9t\u00e9s bien d\u00e9terminantes dans la performance de notre gamme de produits.[\/et_pb_text][\/et_pb_column][et_pb_column type=\u00a0\u00bb1_2&Prime; _builder_version=\u00a0\u00bb4.17.4&Prime; _module_preset=\u00a0\u00bbdefault\u00a0\u00bb global_colors_info=\u00a0\u00bb{}\u00a0\u00bb][et_pb_text _builder_version=\u00a0\u00bb4.18.1&Prime; _module_preset=\u00a0\u00bbdefault\u00a0\u00bb hover_enabled=\u00a0\u00bb0&Prime; locked=\u00a0\u00bboff\u00a0\u00bb global_colors_info=\u00a0\u00bb{}\u00a0\u00bb header_font=\u00a0\u00bbMontserrat||||||||\u00a0\u00bb sticky_enabled=\u00a0\u00bb0&Prime;]<\/p>\n<h1 style=\"text-align: left;\">100% Recyclable<\/h1>\n<p>&nbsp;<\/p>\n<p>Au cours de cette \u00e9dition de GREENTECH AMSTERDAM, nous vous pr\u00e9senterons \u00e9galement une gamme de produits couvrant plusieurs secteurs d&rsquo;activit\u00e9, la gamme EVOPACK &#8211; une solution efficace et respectueuse de l&rsquo;environnement pour prot\u00e9ger vos produits.<br \/>\nNotre gamme EVOPACK est non seulement polyvalente mais \u00e9galement DURABLE.<\/p>\n<p>&nbsp;<\/p>\n<h1 style=\"text-align: left;\">On se retrouve l\u00e0-bas!<\/h1>\n<p>[\/et_pb_text][et_pb_image src=\u00a0\u00bbhttps:\/\/exporplas.pt\/wp-content\/uploads\/2022\/06\/Stand1_Op.jpg\u00a0\u00bb title_text=\u00a0\u00bbStand1_Op\u00a0\u00bb _builder_version=\u00a0\u00bb4.17.4&Prime; _module_preset=\u00a0\u00bbdefault\u00a0\u00bb global_colors_info=\u00a0\u00bb{}\u00a0\u00bb][\/et_pb_image][et_pb_image src=\u00a0\u00bbhttps:\/\/exporplas.pt\/wp-content\/uploads\/2022\/06\/Entrance1_Op.jpg\u00a0\u00bb title_text=\u00a0\u00bbEntrance1_Op\u00a0\u00bb _builder_version=\u00a0\u00bb4.17.4&Prime; _module_preset=\u00a0\u00bbdefault\u00a0\u00bb global_colors_info=\u00a0\u00bb{}\u00a0\u00bb][\/et_pb_image][\/et_pb_column][\/et_pb_row][\/et_pb_section]<\/p>\n","protected":false},"excerpt":{"rendered":"<p>EXPORPL\u00c1S \u00c0 GREENTECH AMSTERDAMCe n&rsquo;est pas aussi simple que vous le pensez! &nbsp; Saviez-vous qu&rsquo;avant d&rsquo;\u00eatre utilis\u00e9, le fil horticole doit r\u00e9pondre \u00e0 une liste d&rsquo;exigences techniques qui, apparemment simples, font toute la diff\u00e9rence dans ses performances? Ce n&rsquo;est pas aussi simple que vous le pensez.Des caract\u00e9ristiques telles que la r\u00e9sistance \u00e0 l&rsquo;usure, la capacit\u00e9 de chute libre, la souplesse et la flexibilit\u00e9 ou la stabilit\u00e9 dans la protection contre les rayons UV font partie de la recherche et du d\u00e9veloppement continus du d\u00e9partement R&amp;D d&rsquo;EXPORPL\u00c1S. &nbsp; Nous cherchons toujours \u00e0 am\u00e9liorer l&rsquo;\u00e9quilibre entre toutes les diff\u00e9rentes propri\u00e9t\u00e9s bien d\u00e9terminantes dans la performance de notre gamme de produits.100% Recyclable &nbsp; Au cours de cette \u00e9dition de GREENTECH AMSTERDAM, nous vous pr\u00e9senterons \u00e9galement une gamme de produits couvrant plusieurs secteurs d&rsquo;activit\u00e9, la gamme EVOPACK &#8211; une solution efficace et respectueuse de l&rsquo;environnement pour prot\u00e9ger vos produits. Notre gamme EVOPACK est non seulement polyvalente mais \u00e9galement DURABLE. &nbsp; On se retrouve l\u00e0-bas!<\/p>\n","protected":false},"author":0,"featured_media":0,"parent":0,"menu_order":0,"comment_status":"closed","ping_status":"closed","template":"","meta":{"_et_pb_use_builder":"on","_et_pb_old_content":"","_et_gb_content_width":"","footnotes":""},"class_list":["post-229707","page","type-page","status-publish","hentry"],"_links":{"self":[{"href":"https:\/\/exporplas.pt\/fr\/wp-json\/wp\/v2\/pages\/229707","targetHints":{"allow":["GET"]}}],"collection":[{"href":"https:\/\/exporplas.pt\/fr\/wp-json\/wp\/v2\/pages"}],"about":[{"href":"https:\/\/exporplas.pt\/fr\/wp-json\/wp\/v2\/types\/page"}],"replies":[{"embeddable":true,"href":"https:\/\/exporplas.pt\/fr\/wp-json\/wp\/v2\/comments?post=229707"}],"version-history":[{"count":0,"href":"https:\/\/exporplas.pt\/fr\/wp-json\/wp\/v2\/pages\/229707\/revisions"}],"wp:attachment":[{"href":"https:\/\/exporplas.pt\/fr\/wp-json\/wp\/v2\/media?parent=229707"}],"curies":[{"name":"wp","href":"https:\/\/api.w.org\/{rel}","templated":true}]}}