{"id":226208,"date":"2021-10-11T15:15:50","date_gmt":"2021-10-11T15:15:50","guid":{"rendered":"https:\/\/manage.exporplas\/projets\/"},"modified":"2023-04-18T15:13:42","modified_gmt":"2023-04-18T15:13:42","slug":"projets","status":"publish","type":"page","link":"https:\/\/exporplas.pt\/fr\/projets\/","title":{"rendered":"PROJETS"},"content":{"rendered":"<p>[et_pb_section fb_built=\u00a0\u00bb1&Prime; _builder_version=\u00a0\u00bb4.16&Prime; _module_preset=\u00a0\u00bbdefault\u00a0\u00bb global_colors_info=\u00a0\u00bb{}\u00a0\u00bb][et_pb_row _builder_version=\u00a0\u00bb4.16&Prime; _module_preset=\u00a0\u00bbdefault\u00a0\u00bb locked=\u00a0\u00bboff\u00a0\u00bb global_colors_info=\u00a0\u00bb{}\u00a0\u00bb][et_pb_column type=\u00a0\u00bb4_4&Prime; _builder_version=\u00a0\u00bb4.16&Prime; _module_preset=\u00a0\u00bbdefault\u00a0\u00bb global_colors_info=\u00a0\u00bb{}\u00a0\u00bb][et_pb_text _builder_version=\u00a0\u00bb4.18.1&Prime; _module_preset=\u00a0\u00bbad3c469a-73a4-4c1e-8e67-4ce21c3633ec\u00a0\u00bb text_text_color=\u00a0\u00bb#6caf3f\u00a0\u00bb text_font_size=\u00a0\u00bb19px\u00a0\u00bb header_2_text_align=\u00a0\u00bbcenter\u00a0\u00bb header_2_text_color=\u00a0\u00bb#6caf3f\u00a0\u00bb locked=\u00a0\u00bboff\u00a0\u00bb global_colors_info=\u00a0\u00bb{}\u00a0\u00bb]<\/p>\n<h2>PROJETS D\u2019INVESTISSEMENT EN COURS<\/h2>\n<p>[\/et_pb_text][et_pb_divider color=\u00a0\u00bb#cccccc\u00a0\u00bb divider_weight=\u00a0\u00bb1px\u00a0\u00bb _builder_version=\u00a0\u00bb4.16&Prime; _module_preset=\u00a0\u00bbdefault\u00a0\u00bb z_index=\u00a0\u00bb1&Prime; width=\u00a0\u00bb250px\u00a0\u00bb module_alignment=\u00a0\u00bbcenter\u00a0\u00bb global_colors_info=\u00a0\u00bb{}\u00a0\u00bb][\/et_pb_divider][et_pb_divider divider_weight=\u00a0\u00bb4px\u00a0\u00bb _builder_version=\u00a0\u00bb4.16&Prime; _module_preset=\u00a0\u00bbdefault\u00a0\u00bb z_index=\u00a0\u00bb1&Prime; width=\u00a0\u00bb95px\u00a0\u00bb module_alignment=\u00a0\u00bbcenter\u00a0\u00bb custom_margin=\u00a0\u00bb-54px||||false|false\u00a0\u00bb custom_padding=\u00a0\u00bb0px||||false|false\u00a0\u00bb global_colors_info=\u00a0\u00bb{}\u00a0\u00bb][\/et_pb_divider][\/et_pb_column][\/et_pb_row][\/et_pb_section][et_pb_section fb_built=\u00a0\u00bb1&Prime; _builder_version=\u00a0\u00bb4.16&Prime; _module_preset=\u00a0\u00bbdefault\u00a0\u00bb custom_padding=\u00a0\u00bb0px||0px||true|false\u00a0\u00bb global_colors_info=\u00a0\u00bb{}\u00a0\u00bb][et_pb_row _builder_version=\u00a0\u00bb4.16&Prime; _module_preset=\u00a0\u00bbdefault\u00a0\u00bb global_colors_info=\u00a0\u00bb{}\u00a0\u00bb][et_pb_column type=\u00a0\u00bb4_4&Prime; _builder_version=\u00a0\u00bb4.16&Prime; _module_preset=\u00a0\u00bbdefault\u00a0\u00bb global_colors_info=\u00a0\u00bb{}\u00a0\u00bb][et_pb_text _builder_version=\u00a0\u00bb4.18.1&Prime; _module_preset=\u00a0\u00bbdefault\u00a0\u00bb header_font=\u00a0\u00bb||||||||\u00a0\u00bb header_3_font=\u00a0\u00bbMontserrat|300|||||||\u00a0\u00bb header_3_text_color=\u00a0\u00bb#6caf3f\u00a0\u00bb header_3_font_size=\u00a0\u00bb26px\u00a0\u00bb global_colors_info=\u00a0\u00bb{}\u00a0\u00bb]<\/p>\n<h3>Projet<\/h3>\n<h3>EXPORPL\u00c1S &#8211; COVID-19<\/h3>\n<p>[\/et_pb_text][et_pb_button button_text=\u00a0\u00bbSAVOIR PLUS\u00a0\u00bb module_class=\u00a0\u00bbrv_button closed\u00a0\u00bb _builder_version=\u00a0\u00bb4.18.1&Prime; _module_preset=\u00a0\u00bbdefault\u00a0\u00bb custom_button=\u00a0\u00bbon\u00a0\u00bb button_text_size=\u00a0\u00bb14px\u00a0\u00bb button_text_color=\u00a0\u00bb#6caf3f\u00a0\u00bb button_border_width=\u00a0\u00bb0px\u00a0\u00bb button_font=\u00a0\u00bbMontserrat||||||||\u00a0\u00bb button_icon=\u00a0\u00bb&#x33;||divi||400&Prime; button_icon_placement=\u00a0\u00bbleft\u00a0\u00bb button_on_hover=\u00a0\u00bboff\u00a0\u00bb global_colors_info=\u00a0\u00bb{}\u00a0\u00bb][\/et_pb_button][\/et_pb_column][\/et_pb_row][et_pb_row module_id=\u00a0\u00bbreveal\u00a0\u00bb _builder_version=\u00a0\u00bb4.16&Prime; _module_preset=\u00a0\u00bbdefault\u00a0\u00bb global_colors_info=\u00a0\u00bb{}\u00a0\u00bb][et_pb_column type=\u00a0\u00bb4_4&Prime; _builder_version=\u00a0\u00bb4.16&Prime; _module_preset=\u00a0\u00bbdefault\u00a0\u00bb global_colors_info=\u00a0\u00bb{}\u00a0\u00bb][et_pb_blurb image=\u00a0\u00bbhttps:\/\/exporplas.pt\/wp-content\/uploads\/2021\/03\/POCentro_PT2020_FEDER_Bom.jpg\u00a0\u00bb _builder_version=\u00a0\u00bb4.16&Prime; _module_preset=\u00a0\u00bbdefault\u00a0\u00bb body_font=\u00a0\u00bb||||||||\u00a0\u00bb body_font_size=\u00a0\u00bb17px\u00a0\u00bb global_colors_info=\u00a0\u00bb{}\u00a0\u00bb]<\/p>\n<p>D\u00e9signation du projet | EXPORPLS &#8211; COVID-19 Code du projet | CENTRO-02-0889-FEDER-060593 Objectif principal| Renforcer la comp\u00e9titivit\u00e9 des PME de la r\u00e9gion d&rsquo;intervention | CENTRE Entit\u00e9 b\u00e9n\u00e9ficiaire | EXPORPL\u00c1S &#8211; IND\u00daSTRIA DE EXPORTA\u00c7\u00c3O DE PLASTICOS, SA Date d&rsquo;agr\u00e9ment | 2020-07-24 Date de d\u00e9but | 2020-05-25 Date d&rsquo;ach\u00e8vement | 2020-11-15 Co\u00fbt total \u00e9ligible | 6 547,50\u20ac Soutien financier de l&rsquo;Union europ\u00e9enne | FEDER 3 237,75 \u20ac R\u00e9sum\u00e9 du projet : Ce projet vise \u00e0 am\u00e9liorer l&rsquo;organisation de l&rsquo;entreprise, en ce qui concerne les mesures de contr\u00f4le de la pand\u00e9mie COVID-19, \u00e0 savoir l&rsquo;acquisition d&rsquo;\u00e9quipements de contr\u00f4le.<\/p>\n<p>[\/et_pb_blurb][et_pb_code _builder_version=\u00a0\u00bb4.16&Prime; _module_preset=\u00a0\u00bbdefault\u00a0\u00bb global_colors_info=\u00a0\u00bb{}\u00a0\u00bb]<\/p>\n<style type=\"text\/css\"><!-- [et_pb_line_break_holder] -->.rv_button.closed:after {content:\"\";}<!-- [et_pb_line_break_holder] -->.rv_button.opened:after{content:\"\";}<!-- [et_pb_line_break_holder] --><\/style>\n<p><!-- [et_pb_line_break_holder] --><script type=\"text\/javascript\"><!-- [et_pb_line_break_holder] --> jQuery(document).ready(function() {<!-- [et_pb_line_break_holder] -->\/\/ Hide the div<!-- [et_pb_line_break_holder] -->jQuery('#reveal').hide();<!-- [et_pb_line_break_holder] -->jQuery('.rv_button').click(function(e){<!-- [et_pb_line_break_holder] -->e.preventDefault();jQuery(\"#reveal\").slideToggle();<!-- [et_pb_line_break_holder] -->jQuery('.rv_button').toggleClass('opened closed');<!-- [et_pb_line_break_holder] -->});<!-- [et_pb_line_break_holder] -->});<!-- [et_pb_line_break_holder] --><\/script>[\/et_pb_code][\/et_pb_column][\/et_pb_row][\/et_pb_section][et_pb_section fb_built=\u00a0\u00bb1&Prime; _builder_version=\u00a0\u00bb4.16&Prime; _module_preset=\u00a0\u00bbdefault\u00a0\u00bb custom_padding=\u00a0\u00bb0px||0px||true|false\u00a0\u00bb global_colors_info=\u00a0\u00bb{}\u00a0\u00bb][et_pb_row _builder_version=\u00a0\u00bb4.16&Prime; _module_preset=\u00a0\u00bbdefault\u00a0\u00bb global_colors_info=\u00a0\u00bb{}\u00a0\u00bb][et_pb_column type=\u00a0\u00bb4_4&Prime; _builder_version=\u00a0\u00bb4.16&Prime; _module_preset=\u00a0\u00bbdefault\u00a0\u00bb global_colors_info=\u00a0\u00bb{}\u00a0\u00bb][et_pb_text _builder_version=\u00a0\u00bb4.18.1&Prime; _module_preset=\u00a0\u00bbdefault\u00a0\u00bb header_3_font=\u00a0\u00bbMontserrat|300|||||||\u00a0\u00bb header_3_text_color=\u00a0\u00bb#6caf3f\u00a0\u00bb header_3_font_size=\u00a0\u00bb26px\u00a0\u00bb global_colors_info=\u00a0\u00bb{}\u00a0\u00bb]<\/p>\n<h3>Projet<\/h3>\n<h3>EXPORPL\u00c1S &#8211; QUALIFICATION<\/h3>\n<p>[\/et_pb_text][et_pb_button button_text=\u00a0\u00bbSAVOIR PLUS\u00a0\u00bb module_class=\u00a0\u00bbrv_button1 closed\u00a0\u00bb _builder_version=\u00a0\u00bb4.18.1&Prime; _module_preset=\u00a0\u00bbdefault\u00a0\u00bb custom_button=\u00a0\u00bbon\u00a0\u00bb button_text_size=\u00a0\u00bb14px\u00a0\u00bb button_text_color=\u00a0\u00bb#6caf3f\u00a0\u00bb button_border_width=\u00a0\u00bb0px\u00a0\u00bb button_font=\u00a0\u00bbMontserrat||||||||\u00a0\u00bb button_icon=\u00a0\u00bb&#x33;||divi||400&Prime; button_icon_placement=\u00a0\u00bbleft\u00a0\u00bb button_on_hover=\u00a0\u00bboff\u00a0\u00bb global_colors_info=\u00a0\u00bb{}\u00a0\u00bb][\/et_pb_button][\/et_pb_column][\/et_pb_row][et_pb_row module_id=\u00a0\u00bbreveal1&Prime; _builder_version=\u00a0\u00bb4.16&Prime; _module_preset=\u00a0\u00bbdefault\u00a0\u00bb global_colors_info=\u00a0\u00bb{}\u00a0\u00bb][et_pb_column type=\u00a0\u00bb4_4&Prime; _builder_version=\u00a0\u00bb4.16&Prime; _module_preset=\u00a0\u00bbdefault\u00a0\u00bb global_colors_info=\u00a0\u00bb{}\u00a0\u00bb][et_pb_blurb image=\u00a0\u00bbhttps:\/\/exporplas.pt\/wp-content\/uploads\/2021\/03\/2020_1.png\u00a0\u00bb _builder_version=\u00a0\u00bb4.16&Prime; _module_preset=\u00a0\u00bbdefault\u00a0\u00bb body_font_size=\u00a0\u00bb17px\u00a0\u00bb global_colors_info=\u00a0\u00bb{}\u00a0\u00bb]<\/p>\n<p>PROJET N\u00b0 POCI-02-0853-FEDER-035163 NOM DU PROJET | EXPORPL\u00c1S &#8211; SOUTIEN \u00c0 LA QUALIFICATION DANS LE CADRE DU SYST\u00c8ME D&rsquo;INCITATION OBJECTIF PRINCIPAL | RENFORCEMENT DE LA COMPETITIVITE DES PME REGION D&rsquo;INTERVENTION | CENTRE &#8211; COURTAGE. ENTIT\u00c9 B\u00c9N\u00c9FICIAIRE | EXPORPL\u00c1S IND\u00daSTRIA EXPORTA\u00c7\u00c3O PL\u00c1STICOS S.A. DATE D&rsquo;APPROBATION | 18-01-2018 DATE DE D\u00c9BUT | 01-08-2017 DATE D&rsquo;ACH\u00c8VEMENT | 31\/12\/2018 COT TOTAL \u00c9LIGIBLE | 765 000,00 \u20ac SOUTIEN FINANCIER DE L&rsquo;UNION EUROPEENNE | FEDER &#8211; 344 250,00 \u20ac SYNTH\u00c8SE DU PROJET : L&rsquo;objectif principal de ce projet est de renforcer les capacit\u00e9s d&rsquo;organisation et de gestion d&rsquo;EXPORPL\u00c1S, en envisageant un ensemble d&rsquo;investissements comprenant : des plateformes qui contribuent au d\u00e9veloppement de r\u00e9seaux de distribution modernes, des \u00e9quipements logistiques qui contribueront \u00e0 un une meilleure organisation et efficacit\u00e9 des flux de travail de l&rsquo;entreprise, le renforcement des capacit\u00e9s de laboratoire de l&rsquo;entreprise et la mise en place d&rsquo;un projet de transformation op\u00e9rationnelle. Les objectifs strat\u00e9giques du projet sont : i) d&rsquo;atteindre un chiffre d&rsquo;affaires proche de 48 millions d&rsquo;euros, dans l&rsquo;ann\u00e9e suivant le projet (2019) ; ii) consolider sa pr\u00e9sence sur les march\u00e9s internationaux ; iii) accro\u00eetre le poids des exportations dans le chiffre d&rsquo;affaires de la Soci\u00e9t\u00e9 ; iv) \u00eatre propri\u00e9taire d&rsquo;un laboratoire de R&amp;D correctement \u00e9quip\u00e9 ; v) \u00e9largir sa gamme de produits (monofilaments polym\u00e8res utilis\u00e9s dans la fabrication de tapis en gazon synth\u00e9tique).<\/p>\n<p>[\/et_pb_blurb][et_pb_code _builder_version=\u00a0\u00bb4.16&Prime; _module_preset=\u00a0\u00bbdefault\u00a0\u00bb global_colors_info=\u00a0\u00bb{}\u00a0\u00bb]<\/p>\n<style type=\"text\/css\"><!-- [et_pb_line_break_holder] -->.rv_button1.closed:after {content:\"\";}<!-- [et_pb_line_break_holder] -->.rv_button1.opened:after{content:\"\";}<!-- [et_pb_line_break_holder] --><\/style>\n<p><!-- [et_pb_line_break_holder] --><script type=\"text\/javascript\"><!-- [et_pb_line_break_holder] --> jQuery(document).ready(function() {<!-- [et_pb_line_break_holder] -->\/\/ Hide the div<!-- [et_pb_line_break_holder] -->jQuery('#reveal1').hide();<!-- [et_pb_line_break_holder] -->jQuery('.rv_button1').click(function(e){<!-- [et_pb_line_break_holder] -->e.preventDefault();jQuery(\"#reveal1\").slideToggle();<!-- [et_pb_line_break_holder] -->jQuery('.rv_button1').toggleClass('opened closed');<!-- [et_pb_line_break_holder] -->});<!-- [et_pb_line_break_holder] -->});<!-- [et_pb_line_break_holder] --><\/script>[\/et_pb_code][\/et_pb_column][\/et_pb_row][\/et_pb_section][et_pb_section fb_built=\u00a0\u00bb1&Prime; _builder_version=\u00a0\u00bb4.16&Prime; _module_preset=\u00a0\u00bbdefault\u00a0\u00bb custom_padding=\u00a0\u00bb0px||0px||true|false\u00a0\u00bb global_colors_info=\u00a0\u00bb{}\u00a0\u00bb][et_pb_row _builder_version=\u00a0\u00bb4.16&Prime; _module_preset=\u00a0\u00bbdefault\u00a0\u00bb global_colors_info=\u00a0\u00bb{}\u00a0\u00bb][et_pb_column type=\u00a0\u00bb4_4&Prime; _builder_version=\u00a0\u00bb4.16&Prime; _module_preset=\u00a0\u00bbdefault\u00a0\u00bb global_colors_info=\u00a0\u00bb{}\u00a0\u00bb][et_pb_text _builder_version=\u00a0\u00bb4.18.1&Prime; _module_preset=\u00a0\u00bbdefault\u00a0\u00bb header_3_font=\u00a0\u00bbMontserrat|300|||||||\u00a0\u00bb header_3_text_color=\u00a0\u00bb#6caf3f\u00a0\u00bb header_3_font_size=\u00a0\u00bb26px\u00a0\u00bb global_colors_info=\u00a0\u00bb{}\u00a0\u00bb]<\/p>\n<h3>Projet<\/h3>\n<h3>INOVGRASS<\/h3>\n<p>[\/et_pb_text][et_pb_button button_text=\u00a0\u00bbSAVOIR PLUS\u00a0\u00bb module_class=\u00a0\u00bbrv_button2 closed\u00a0\u00bb _builder_version=\u00a0\u00bb4.18.1&Prime; _module_preset=\u00a0\u00bbdefault\u00a0\u00bb custom_button=\u00a0\u00bbon\u00a0\u00bb button_text_size=\u00a0\u00bb14px\u00a0\u00bb button_text_color=\u00a0\u00bb#6caf3f\u00a0\u00bb button_border_width=\u00a0\u00bb0px\u00a0\u00bb button_font=\u00a0\u00bbMontserrat||||||||\u00a0\u00bb button_icon=\u00a0\u00bb&#x33;||divi||400&Prime; button_icon_placement=\u00a0\u00bbleft\u00a0\u00bb button_on_hover=\u00a0\u00bboff\u00a0\u00bb global_colors_info=\u00a0\u00bb{}\u00a0\u00bb][\/et_pb_button][\/et_pb_column][\/et_pb_row][et_pb_row module_id=\u00a0\u00bbreveal2&Prime; _builder_version=\u00a0\u00bb4.16&Prime; _module_preset=\u00a0\u00bbdefault\u00a0\u00bb global_colors_info=\u00a0\u00bb{}\u00a0\u00bb][et_pb_column type=\u00a0\u00bb4_4&Prime; _builder_version=\u00a0\u00bb4.16&Prime; _module_preset=\u00a0\u00bbdefault\u00a0\u00bb global_colors_info=\u00a0\u00bb{}\u00a0\u00bb][et_pb_blurb image=\u00a0\u00bbhttps:\/\/exporplas.pt\/wp-content\/uploads\/2021\/03\/2020_1.png\u00a0\u00bb _builder_version=\u00a0\u00bb4.16&Prime; _module_preset=\u00a0\u00bbdefault\u00a0\u00bb body_font_size=\u00a0\u00bb17px\u00a0\u00bb global_colors_info=\u00a0\u00bb{}\u00a0\u00bb]<\/p>\n<p>Code du projet : POCI-02-0853-FEDER-000594 PROJET INOVGRASS Objectif principal : Production de nouveaux monofilaments polym\u00e8res utilis\u00e9s dans la fabrication de tapis de gazon artificiel. R\u00e9gion d&rsquo;intervention : Nord Entit\u00e9 b\u00e9n\u00e9ficiaire : Ind\u00fastria de Exporta\u00e7\u00e3o de Pl\u00e1sticos, SA Montant \u00e9ligible : 3 599 617,23 Euros Soutien financier de l&rsquo;UE (FEDER) : 1 799 808,62 Euros Projet d&rsquo;investissement : Est en cours dans l&rsquo;entreprise o Projet d&rsquo;investissement INOVGRASS, objet de candidature au Portugal 2020 Syst\u00e8me d&rsquo;incitations. Il s&rsquo;agit d&rsquo;un projet approuv\u00e9 dans le cadre de l&rsquo;innovation productive. Le projet vise \u00e0 produire de nouveaux monofilaments polym\u00e8res utilis\u00e9s dans la fabrication de tapis en gazon synth\u00e9tique. Les objectifs du projet sont de compl\u00e9ter la gamme de produits que l&rsquo;entreprise propose dans le segment du gazon synth\u00e9tique et d&rsquo;assumer ainsi une position de leader sur le march\u00e9 mondial. Ce projet vise \u00e0 optimiser et ma\u00eetriser les processus, am\u00e9liorer l&rsquo;information de gestion et accro\u00eetre l&rsquo;assertivit\u00e9 des ressources utilis\u00e9es.<\/p>\n<p>[\/et_pb_blurb][et_pb_code _builder_version=\u00a0\u00bb4.16&Prime; _module_preset=\u00a0\u00bbdefault\u00a0\u00bb global_colors_info=\u00a0\u00bb{}\u00a0\u00bb]<\/p>\n<style type=\"text\/css\"><!-- [et_pb_line_break_holder] -->.rv_button2.closed:after {content:\"\";}<!-- [et_pb_line_break_holder] -->.rv_button2.opened:after{content:\"\";}<!-- [et_pb_line_break_holder] --><\/style>\n<p><!-- [et_pb_line_break_holder] --><script type=\"text\/javascript\"><!-- [et_pb_line_break_holder] --> jQuery(document).ready(function() {<!-- [et_pb_line_break_holder] -->\/\/ Hide the div<!-- [et_pb_line_break_holder] -->jQuery('#reveal2').hide();<!-- [et_pb_line_break_holder] -->jQuery('.rv_button2').click(function(e){<!-- [et_pb_line_break_holder] -->e.preventDefault();jQuery(\"#reveal2\").slideToggle();<!-- [et_pb_line_break_holder] -->jQuery('.rv_button2').toggleClass('opened closed');<!-- [et_pb_line_break_holder] -->});<!-- [et_pb_line_break_holder] -->});<!-- [et_pb_line_break_holder] --><\/script>[\/et_pb_code][\/et_pb_column][\/et_pb_row][\/et_pb_section][et_pb_section fb_built=\u00a0\u00bb1&Prime; _builder_version=\u00a0\u00bb4.16&Prime; _module_preset=\u00a0\u00bbdefault\u00a0\u00bb custom_padding=\u00a0\u00bb0px||0px||true|false\u00a0\u00bb global_colors_info=\u00a0\u00bb{}\u00a0\u00bb][et_pb_row _builder_version=\u00a0\u00bb4.16&Prime; _module_preset=\u00a0\u00bbdefault\u00a0\u00bb global_colors_info=\u00a0\u00bb{}\u00a0\u00bb][et_pb_column type=\u00a0\u00bb4_4&Prime; _builder_version=\u00a0\u00bb4.16&Prime; _module_preset=\u00a0\u00bbdefault\u00a0\u00bb global_colors_info=\u00a0\u00bb{}\u00a0\u00bb][et_pb_text _builder_version=\u00a0\u00bb4.18.1&Prime; _module_preset=\u00a0\u00bbdefault\u00a0\u00bb header_3_font=\u00a0\u00bbMontserrat|300|||||||\u00a0\u00bb header_3_text_color=\u00a0\u00bb#6caf3f\u00a0\u00bb header_3_font_size=\u00a0\u00bb26px\u00a0\u00bb global_colors_info=\u00a0\u00bb{}\u00a0\u00bb]<\/p>\n<h3>Projet<\/h3>\n<h3>TECH GRASS<\/h3>\n<p>[\/et_pb_text][et_pb_button button_text=\u00a0\u00bbSAVOIR PLUS\u00a0\u00bb module_class=\u00a0\u00bbrv_button3 closed\u00a0\u00bb _builder_version=\u00a0\u00bb4.18.1&Prime; _module_preset=\u00a0\u00bbdefault\u00a0\u00bb custom_button=\u00a0\u00bbon\u00a0\u00bb button_text_size=\u00a0\u00bb14px\u00a0\u00bb button_text_color=\u00a0\u00bb#6caf3f\u00a0\u00bb button_border_width=\u00a0\u00bb0px\u00a0\u00bb button_font=\u00a0\u00bbMontserrat||||||||\u00a0\u00bb button_icon=\u00a0\u00bb&#x33;||divi||400&Prime; button_icon_placement=\u00a0\u00bbleft\u00a0\u00bb button_on_hover=\u00a0\u00bboff\u00a0\u00bb global_colors_info=\u00a0\u00bb{}\u00a0\u00bb][\/et_pb_button][\/et_pb_column][\/et_pb_row][et_pb_row module_id=\u00a0\u00bbreveal3&Prime; _builder_version=\u00a0\u00bb4.16&Prime; _module_preset=\u00a0\u00bbdefault\u00a0\u00bb global_colors_info=\u00a0\u00bb{}\u00a0\u00bb][et_pb_column type=\u00a0\u00bb4_4&Prime; _builder_version=\u00a0\u00bb4.16&Prime; _module_preset=\u00a0\u00bbdefault\u00a0\u00bb global_colors_info=\u00a0\u00bb{}\u00a0\u00bb][et_pb_blurb image=\u00a0\u00bbhttps:\/\/exporplas.pt\/wp-content\/uploads\/2021\/03\/POCentro_PT2020_FEDER_Bom.jpg\u00a0\u00bb _builder_version=\u00a0\u00bb4.18.1&Prime; _module_preset=\u00a0\u00bbdefault\u00a0\u00bb body_font_size=\u00a0\u00bb17px\u00a0\u00bb hover_enabled=\u00a0\u00bb0&Prime; global_colors_info=\u00a0\u00bb{}\u00a0\u00bb sticky_enabled=\u00a0\u00bb0&Prime;]<\/p>\n<p>D\u00e9signation du projet | Code de projet TECH GRASS | CENTRO-02-0853-FEDER-044821 Objectif principal| Renforcer la comp\u00e9titivit\u00e9 des PME de la r\u00e9gion d&rsquo;intervention | CENTRE Entit\u00e9 b\u00e9n\u00e9ficiaire | EXPORPL\u00c1S &#8211; IND\u00daSTRIA DE EXPORTA\u00c7\u00c3O DE PLASTICOS, SA Date d&rsquo;agr\u00e9ment | 2019-07-03 Date de d\u00e9but | 2019-03-20 Date d&rsquo;ach\u00e8vement | 2022-12-30 Co\u00fbt total \u00e9ligible | 2 854 249,05 \u20ac Soutien financier de l&rsquo;Union europ\u00e9enne | FEDER 828 652,95 \u20ac Pr\u00e9sentation du projet : Ce projet vise \u00e0 renforcer la capacit\u00e9 de production de monofilaments lin\u00e9aires en poly\u00e9thyl\u00e8ne basse densit\u00e9 (LLDPE) pour la fabrication de gazon synth\u00e9tique et \u00e0 augmenter l&rsquo;efficacit\u00e9 dans l&rsquo;utilisation des ressources, en affirmant de plus en plus le profil innovant et international d&rsquo;EXPORPL\u00c1S. vocation.<\/p>\n<p>[\/et_pb_blurb][et_pb_code _builder_version=\u00a0\u00bb4.16&Prime; _module_preset=\u00a0\u00bbdefault\u00a0\u00bb global_colors_info=\u00a0\u00bb{}\u00a0\u00bb]<\/p>\n<style type=\"text\/css\"><!-- [et_pb_line_break_holder] -->.rv_button3.closed:after {content:\"\";}<!-- [et_pb_line_break_holder] -->.rv_button3.opened:after{content:\"\";}<!-- [et_pb_line_break_holder] --><\/style>\n<p><!-- [et_pb_line_break_holder] --><script type=\"text\/javascript\"><!-- [et_pb_line_break_holder] --> jQuery(document).ready(function() {<!-- [et_pb_line_break_holder] -->\/\/ Hide the div<!-- [et_pb_line_break_holder] -->jQuery('#reveal3').hide();<!-- [et_pb_line_break_holder] -->jQuery('.rv_button3').click(function(e){<!-- [et_pb_line_break_holder] -->e.preventDefault();jQuery(\"#reveal3\").slideToggle();<!-- [et_pb_line_break_holder] -->jQuery('.rv_button3').toggleClass('opened closed');<!-- [et_pb_line_break_holder] -->});<!-- [et_pb_line_break_holder] -->});<!-- [et_pb_line_break_holder] --><\/script>[\/et_pb_code][\/et_pb_column][\/et_pb_row][\/et_pb_section][et_pb_section fb_built=\u00a0\u00bb1&Prime; _builder_version=\u00a0\u00bb4.16&Prime; _module_preset=\u00a0\u00bbdefault\u00a0\u00bb custom_margin=\u00a0\u00bb||50px||false|false\u00a0\u00bb custom_margin_tablet=\u00a0\u00bb||180px||false|false\u00a0\u00bb custom_margin_phone=\u00a0\u00bb||170px||false|false\u00a0\u00bb custom_margin_last_edited=\u00a0\u00bbon|phone\u00a0\u00bb custom_padding=\u00a0\u00bb0px||0px||true|false\u00a0\u00bb global_colors_info=\u00a0\u00bb{}\u00a0\u00bb][et_pb_row _builder_version=\u00a0\u00bb4.16&Prime; _module_preset=\u00a0\u00bbdefault\u00a0\u00bb global_colors_info=\u00a0\u00bb{}\u00a0\u00bb][et_pb_column type=\u00a0\u00bb4_4&Prime; _builder_version=\u00a0\u00bb4.16&Prime; _module_preset=\u00a0\u00bbdefault\u00a0\u00bb global_colors_info=\u00a0\u00bb{}\u00a0\u00bb][et_pb_text _builder_version=\u00a0\u00bb4.18.1&Prime; _module_preset=\u00a0\u00bbdefault\u00a0\u00bb header_3_font=\u00a0\u00bbMontserrat|300|||||||\u00a0\u00bb header_3_text_color=\u00a0\u00bb#6caf3f\u00a0\u00bb header_3_font_size=\u00a0\u00bb26px\u00a0\u00bb global_colors_info=\u00a0\u00bb{}\u00a0\u00bb]<\/p>\n<h3>Projet<\/h3>\n<h3>NG_TPfib<\/h3>\n<p>[\/et_pb_text][et_pb_button button_text=\u00a0\u00bbSAVOIR PLUS\u00a0\u00bb module_class=\u00a0\u00bbrv_button4 closed\u00a0\u00bb _builder_version=\u00a0\u00bb4.18.1&Prime; _module_preset=\u00a0\u00bbdefault\u00a0\u00bb custom_button=\u00a0\u00bbon\u00a0\u00bb button_text_size=\u00a0\u00bb14px\u00a0\u00bb button_text_color=\u00a0\u00bb#6caf3f\u00a0\u00bb button_border_width=\u00a0\u00bb0px\u00a0\u00bb button_font=\u00a0\u00bbMontserrat||||||||\u00a0\u00bb button_icon=\u00a0\u00bb&#x33;||divi||400&Prime; button_icon_placement=\u00a0\u00bbleft\u00a0\u00bb button_on_hover=\u00a0\u00bboff\u00a0\u00bb global_colors_info=\u00a0\u00bb{}\u00a0\u00bb][\/et_pb_button][\/et_pb_column][\/et_pb_row][et_pb_row module_id=\u00a0\u00bbreveal4&Prime; _builder_version=\u00a0\u00bb4.16&Prime; _module_preset=\u00a0\u00bbdefault\u00a0\u00bb global_colors_info=\u00a0\u00bb{}\u00a0\u00bb][et_pb_column type=\u00a0\u00bb4_4&Prime; _builder_version=\u00a0\u00bb4.16&Prime; _module_preset=\u00a0\u00bbdefault\u00a0\u00bb global_colors_info=\u00a0\u00bb{}\u00a0\u00bb][et_pb_blurb image=\u00a0\u00bbhttps:\/\/exporplas.pt\/wp-content\/uploads\/2021\/03\/2020_1.png\u00a0\u00bb _builder_version=\u00a0\u00bb4.16&Prime; _module_preset=\u00a0\u00bbdefault\u00a0\u00bb body_font_size=\u00a0\u00bb17px\u00a0\u00bb global_colors_info=\u00a0\u00bb{}\u00a0\u00bb]<\/p>\n<p>ACRONYME DU PROJET : NG_TPfib TITRE DU PROJET : Nouvelle g\u00e9n\u00e9ration de fibres pour le renforcement des mat\u00e9riaux \u00e0 matrice cimentaire N\u00b0 DE PROJET : 033719 DUR\u00c9E DU PROJET : 36 mois DATE DE D\u00c9BUT DU PROJET : 1er juillet 2018<\/p>\n<p>[\/et_pb_blurb][et_pb_code _builder_version=\u00a0\u00bb4.16&Prime; _module_preset=\u00a0\u00bbdefault\u00a0\u00bb global_colors_info=\u00a0\u00bb{}\u00a0\u00bb]<pee>\n<style type=\"text\/css\"><!-- [et_pb_line_break_holder] -->.rv_button4.closed:after {content:\"\";}<!-- [et_pb_line_break_holder] -->.rv_button4.opened:after{content:\"\";}<!-- [et_pb_line_break_holder] --><\/style>\n<\/pee>\n<!-- [et_pb_line_break_holder] -->\n<pee><script type=\"text\/javascript\"><!-- [et_pb_line_break_holder] --> jQuery(document).ready(function() {<!-- [et_pb_line_break_holder] -->\/\/ Hide the div<!-- [et_pb_line_break_holder] -->jQuery('#reveal4').hide();<!-- [et_pb_line_break_holder] -->jQuery('.rv_button4').click(function(e){<!-- [et_pb_line_break_holder] -->e.preventDefault();jQuery(\"#reveal4\").slideToggle();<!-- [et_pb_line_break_holder] -->jQuery('.rv_button4').toggleClass('opened closed');<!-- [et_pb_line_break_holder] -->});<!-- [et_pb_line_break_holder] -->});<!-- [et_pb_line_break_holder] --><\/script><\/pee>[\/et_pb_code][\/et_pb_column][\/et_pb_row][\/et_pb_section]<\/p>\n","protected":false},"excerpt":{"rendered":"<p>PROJETS D\u2019INVESTISSEMENT EN COURSProjet EXPORPL\u00c1S &#8211; COVID-19D\u00e9signation du projet | EXPORPLS &#8211; COVID-19 Code du projet | CENTRO-02-0889-FEDER-060593 Objectif principal| Renforcer la comp\u00e9titivit\u00e9 des PME de la r\u00e9gion d&rsquo;intervention | CENTRE Entit\u00e9 b\u00e9n\u00e9ficiaire | EXPORPL\u00c1S &#8211; IND\u00daSTRIA DE EXPORTA\u00c7\u00c3O DE PLASTICOS, SA Date d&rsquo;agr\u00e9ment | 2020-07-24 Date de d\u00e9but | 2020-05-25 Date d&rsquo;ach\u00e8vement | 2020-11-15 Co\u00fbt total \u00e9ligible | 6 547,50\u20ac Soutien financier de l&rsquo;Union europ\u00e9enne | FEDER 3 237,75 \u20ac R\u00e9sum\u00e9 du projet : Ce projet vise \u00e0 am\u00e9liorer l&rsquo;organisation de l&rsquo;entreprise, en ce qui concerne les mesures de contr\u00f4le de la pand\u00e9mie COVID-19, \u00e0 savoir l&rsquo;acquisition d&rsquo;\u00e9quipements de contr\u00f4le.Projet EXPORPL\u00c1S &#8211; QUALIFICATIONPROJET N\u00b0 POCI-02-0853-FEDER-035163 NOM DU PROJET | EXPORPL\u00c1S &#8211; SOUTIEN \u00c0 LA QUALIFICATION DANS LE CADRE DU SYST\u00c8ME D&rsquo;INCITATION OBJECTIF PRINCIPAL | RENFORCEMENT DE LA COMPETITIVITE DES PME REGION D&rsquo;INTERVENTION | CENTRE &#8211; COURTAGE. ENTIT\u00c9 B\u00c9N\u00c9FICIAIRE | EXPORPL\u00c1S IND\u00daSTRIA EXPORTA\u00c7\u00c3O PL\u00c1STICOS S.A. DATE D&rsquo;APPROBATION | 18-01-2018 DATE DE D\u00c9BUT | 01-08-2017 DATE D&rsquo;ACH\u00c8VEMENT | 31\/12\/2018 COT TOTAL \u00c9LIGIBLE | 765 000,00 \u20ac SOUTIEN FINANCIER DE L&rsquo;UNION EUROPEENNE | FEDER &#8211; 344 250,00 \u20ac SYNTH\u00c8SE DU PROJET : L&rsquo;objectif principal de ce projet est de renforcer les capacit\u00e9s d&rsquo;organisation et de gestion d&rsquo;EXPORPL\u00c1S, en envisageant un ensemble d&rsquo;investissements [&hellip;]<\/p>\n","protected":false},"author":0,"featured_media":0,"parent":0,"menu_order":0,"comment_status":"closed","ping_status":"closed","template":"","meta":{"_et_pb_use_builder":"on","_et_pb_old_content":"","_et_gb_content_width":"","footnotes":""},"class_list":["post-226208","page","type-page","status-publish","hentry"],"_links":{"self":[{"href":"https:\/\/exporplas.pt\/fr\/wp-json\/wp\/v2\/pages\/226208","targetHints":{"allow":["GET"]}}],"collection":[{"href":"https:\/\/exporplas.pt\/fr\/wp-json\/wp\/v2\/pages"}],"about":[{"href":"https:\/\/exporplas.pt\/fr\/wp-json\/wp\/v2\/types\/page"}],"replies":[{"embeddable":true,"href":"https:\/\/exporplas.pt\/fr\/wp-json\/wp\/v2\/comments?post=226208"}],"version-history":[{"count":0,"href":"https:\/\/exporplas.pt\/fr\/wp-json\/wp\/v2\/pages\/226208\/revisions"}],"wp:attachment":[{"href":"https:\/\/exporplas.pt\/fr\/wp-json\/wp\/v2\/media?parent=226208"}],"curies":[{"name":"wp","href":"https:\/\/api.w.org\/{rel}","templated":true}]}}