{"id":226108,"date":"2021-10-11T11:31:30","date_gmt":"2021-10-11T11:31:30","guid":{"rendered":"https:\/\/manage.exporplas\/environnment\/"},"modified":"2025-11-07T16:47:40","modified_gmt":"2025-11-07T16:47:40","slug":"environnment","status":"publish","type":"page","link":"https:\/\/exporplas.pt\/fr\/environnment\/","title":{"rendered":"ENVIRONNMENT"},"content":{"rendered":"<p>[et_pb_section fb_built=\u00a0\u00bb1&Prime; fullwidth=\u00a0\u00bbon\u00a0\u00bb _builder_version=\u00a0\u00bb4.16&Prime; _module_preset=\u00a0\u00bbdefault\u00a0\u00bb global_colors_info=\u00a0\u00bb{}\u00a0\u00bb][et_pb_fullwidth_header _builder_version=\u00a0\u00bb4.16&Prime; _module_preset=\u00a0\u00bbdefault\u00a0\u00bb background_enable_color=\u00a0\u00bboff\u00a0\u00bb background_image=\u00a0\u00bbhttps:\/\/exporplas.pt\/wp-content\/uploads\/2021\/03\/big_1549983674.jpg\u00a0\u00bb min_height=\u00a0\u00bb275px\u00a0\u00bb global_colors_info=\u00a0\u00bb{}\u00a0\u00bb][\/et_pb_fullwidth_header][\/et_pb_section][et_pb_section fb_built=\u00a0\u00bb1&Prime; _builder_version=\u00a0\u00bb4.16&Prime; _module_preset=\u00a0\u00bbdefault\u00a0\u00bb global_colors_info=\u00a0\u00bb{}\u00a0\u00bb][et_pb_row _builder_version=\u00a0\u00bb4.16&Prime; _module_preset=\u00a0\u00bbdefault\u00a0\u00bb global_colors_info=\u00a0\u00bb{}\u00a0\u00bb][et_pb_column type=\u00a0\u00bb4_4&Prime; _builder_version=\u00a0\u00bb4.16&Prime; _module_preset=\u00a0\u00bbdefault\u00a0\u00bb global_colors_info=\u00a0\u00bb{}\u00a0\u00bb][et_pb_text _builder_version=\u00a0\u00bb4.18.1&Prime; _module_preset=\u00a0\u00bbad3c469a-73a4-4c1e-8e67-4ce21c3633ec\u00a0\u00bb header_2_text_align=\u00a0\u00bbcenter\u00a0\u00bb header_2_text_color=\u00a0\u00bb#6caf3f\u00a0\u00bb global_colors_info=\u00a0\u00bb{}\u00a0\u00bb]<\/p>\n<h2>ENVIRONNMENT<\/h2>\n<p>[\/et_pb_text][et_pb_divider color=\u00a0\u00bb#cccccc\u00a0\u00bb divider_weight=\u00a0\u00bb1px\u00a0\u00bb _builder_version=\u00a0\u00bb4.16&Prime; _module_preset=\u00a0\u00bbdefault\u00a0\u00bb z_index=\u00a0\u00bb1&Prime; width=\u00a0\u00bb250px\u00a0\u00bb module_alignment=\u00a0\u00bbcenter\u00a0\u00bb global_colors_info=\u00a0\u00bb{}\u00a0\u00bb][\/et_pb_divider][et_pb_divider divider_weight=\u00a0\u00bb4px\u00a0\u00bb _builder_version=\u00a0\u00bb4.16&Prime; _module_preset=\u00a0\u00bbdefault\u00a0\u00bb z_index=\u00a0\u00bb1&Prime; width=\u00a0\u00bb95px\u00a0\u00bb module_alignment=\u00a0\u00bbcenter\u00a0\u00bb custom_margin=\u00a0\u00bb-54px||||false|false\u00a0\u00bb custom_padding=\u00a0\u00bb0px||||false|false\u00a0\u00bb global_colors_info=\u00a0\u00bb{}\u00a0\u00bb][\/et_pb_divider][\/et_pb_column][\/et_pb_row][\/et_pb_section][et_pb_section fb_built=\u00a0\u00bb1&Prime; _builder_version=\u00a0\u00bb4.16&Prime; _module_preset=\u00a0\u00bbdefault\u00a0\u00bb custom_margin=\u00a0\u00bb||50px||false|false\u00a0\u00bb custom_margin_tablet=\u00a0\u00bb||180px||false|false\u00a0\u00bb custom_margin_phone=\u00a0\u00bb||170px||false|false\u00a0\u00bb custom_margin_last_edited=\u00a0\u00bbon|phone\u00a0\u00bb custom_padding=\u00a0\u00bb0px||||false|false\u00a0\u00bb global_colors_info=\u00a0\u00bb{}\u00a0\u00bb][et_pb_row column_structure=\u00a0\u00bb2_5,3_5&Prime; _builder_version=\u00a0\u00bb4.16&Prime; _module_preset=\u00a0\u00bbdefault\u00a0\u00bb global_colors_info=\u00a0\u00bb{}\u00a0\u00bb][et_pb_column type=\u00a0\u00bb2_5&Prime; _builder_version=\u00a0\u00bb4.16&Prime; _module_preset=\u00a0\u00bbdefault\u00a0\u00bb global_colors_info=\u00a0\u00bb{}\u00a0\u00bb][et_pb_text _builder_version=\u00a0\u00bb4.27.4&Prime; _module_preset=\u00a0\u00bbdefault\u00a0\u00bb hover_enabled=\u00a0\u00bb0&Prime; global_colors_info=\u00a0\u00bb{}\u00a0\u00bb sticky_enabled=\u00a0\u00bb0&Prime;]<\/p>\n<p>L&rsquo;adoption de pratiques durables est consid\u00e9r\u00e9e comme faisant partie int\u00e9grante d\u2019un programme rigoureux de gestion environnementale et \u00e9nerg\u00e9tique qui a \u00e9t\u00e9 lanc\u00e9 et ins\u00e9r\u00e9 dans la strat\u00e9gie \u00e0 court terme d\u2019EXPORPL\u00c1S.<\/p>\n<p><\/p>\n<p>Nous sommes \u00e9galement soucieux de l\u2019optimisation et de la gestion de notre impact environnemental.<\/p>\n<p><\/p>\n<p><b>Nous sommes d\u00e9termin\u00e9s \u00e0 contribuer \u00e0 la r\u00e9duction de l\u2019impact environnemental de notre entreprise de mani\u00e8re positive, responsable et volontaire.<\/b><\/p>\n<p><\/p>\n<p>Nous fa\u00e7onnons tous nos processus industriels afin de parvenir \u00e0 de meilleures pratiques environnementales, en entreprenant es actions telles que l\u2019investissement dans les \u00e9nergies propres, l\u2019\u00e9conomie de ressources \u00e9nerg\u00e9tiques, le tri et le recyclage des d\u00e9chets de notre production, ainsi que l\u2019\u00e9valuation et le contr\u00f4le du bruit des machines dans notre site.<\/p>\n<p><\/p>\n<p>&nbsp;<\/p>\n<p><\/p>\n<p><b>RECYCLAGE ET TECHNOLOGIE PROPRE<\/b><\/p>\n<p><\/p>\n<p>La bien nomm\u00e9e \u00ab technologie propre \u00bb fait partie de la strat\u00e9gie environnementale d\u2019EXPORPL\u00c1S. Elle est appliqu\u00e9e au processus de fabrication afin d\u2019augmenter l\u2019efficacit\u00e9 de la production et de r\u00e9duire et minimiser l\u2019impact environnemental r\u00e9sultant de son activit\u00e9 de production.<\/p>\n<p><\/p>\n<p>Dans le m\u00eame temps, elle a obtenu un avantage concurrentiel en utilisant rationnellement ses ressources.<\/p>\n<p><\/p>\n<p>&nbsp;<\/p>\n<p><\/p>\n<p><b>R\u00c9DUIRE, R\u00c9UTILISER, RECYCLER<\/b><\/p>\n<p><\/p>\n<p>Le recyclage et la r\u00e9utilisation font partie int\u00e9grante de ce nouveau projet d\u2019EXPORPL\u00c1S, car les d\u00e9chets repr\u00e9sentent une perte \u00e9conomique et de ressources, et entra\u00eenent une pollution environnementale.<\/p>\n<p><\/p>\n<p>C\u2019est pourquoi EXPORPL\u00c1S s\u2019engage \u00e0 r\u00e9duire ses d\u00e9chets et \u00e0 privil\u00e9gier les proc\u00e9dures qui conduisent \u00e0 la r\u00e9utilisation et au recyclage, conform\u00e9ment aux meilleures pratiques de gestion.<\/p>\n<p><\/p>\n<p>Nos produits sont 100% recyclables, et nous disposons de notre propre unit\u00e9 de recyclage qui traite tous les d\u00e9chets provenant de notre production.<\/p>\n<p><\/p>\n<p>En ce qui concerne l\u2019\u00e9nergie, nous avons install\u00e9 un groupe thermique et \u00e9lectrique combin\u00e9e, ce qui permet d\u2019accro\u00eetre l\u2019efficacit\u00e9 et de r\u00e9duire au minimum la perte de ressources essentielles.<\/p>\n<p><\/p>\n<p>&nbsp;<\/p>\n<p><\/p>\n<p><b>QUELQUES FAITS<\/b><b><\/b><\/p>\n<p><\/p>\n<p>\u2022 Pratiques respectueuses de l&rsquo;environnement;<\/p>\n<p><\/p>\n<p>\u2022 Produits 100% recyclables.<\/p>\n<p>[\/et_pb_text][\/et_pb_column][et_pb_column type=\u00a0\u00bb3_5&Prime; _builder_version=\u00a0\u00bb4.16&Prime; _module_preset=\u00a0\u00bbdefault\u00a0\u00bb global_colors_info=\u00a0\u00bb{}\u00a0\u00bb][et_pb_image src=\u00a0\u00bbhttps:\/\/exporplas.pt\/wp-content\/uploads\/2021\/03\/moldura.png\u00a0\u00bb title_text=\u00a0\u00bbbig_1549983961&Prime; _builder_version=\u00a0\u00bb4.16&Prime; _module_preset=\u00a0\u00bbdefault\u00a0\u00bb background_image=\u00a0\u00bbhttps:\/\/exporplas.pt\/wp-content\/uploads\/2021\/03\/big_1549983961.jpg\u00a0\u00bb global_colors_info=\u00a0\u00bb{}\u00a0\u00bb][\/et_pb_image][\/et_pb_column][\/et_pb_row][\/et_pb_section]<\/p>\n","protected":false},"excerpt":{"rendered":"<p>ENVIRONNMENTL&rsquo;adoption de pratiques durables est consid\u00e9r\u00e9e comme faisant partie int\u00e9grante d\u2019un programme rigoureux de gestion environnementale et \u00e9nerg\u00e9tique qui a \u00e9t\u00e9 lanc\u00e9 et ins\u00e9r\u00e9 dans la strat\u00e9gie \u00e0 court terme d\u2019EXPORPL\u00c1S.Nous sommes \u00e9galement soucieux de l\u2019optimisation et de la gestion de notre impact environnemental.Nous sommes d\u00e9termin\u00e9s \u00e0 contribuer \u00e0 la r\u00e9duction de l\u2019impact environnemental de notre entreprise de mani\u00e8re positive, responsable et volontaire.Nous fa\u00e7onnons tous nos processus industriels afin de parvenir \u00e0 de meilleures pratiques environnementales, en entreprenant es actions telles que l\u2019investissement dans les \u00e9nergies propres, l\u2019\u00e9conomie de ressources \u00e9nerg\u00e9tiques, le tri et le recyclage des d\u00e9chets de notre production, ainsi que l\u2019\u00e9valuation et le contr\u00f4le du bruit des machines dans notre site.&nbsp;RECYCLAGE ET TECHNOLOGIE PROPRELa bien nomm\u00e9e \u00ab technologie propre \u00bb fait partie de la strat\u00e9gie environnementale d\u2019EXPORPL\u00c1S. Elle est appliqu\u00e9e au processus de fabrication afin d\u2019augmenter l\u2019efficacit\u00e9 de la production et de r\u00e9duire et minimiser l\u2019impact environnemental r\u00e9sultant de son activit\u00e9 de production.Dans le m\u00eame temps, elle a obtenu un avantage concurrentiel en utilisant rationnellement ses ressources.&nbsp;R\u00c9DUIRE, R\u00c9UTILISER, RECYCLERLe recyclage et la r\u00e9utilisation font partie int\u00e9grante de ce nouveau projet d\u2019EXPORPL\u00c1S, car les d\u00e9chets repr\u00e9sentent une perte \u00e9conomique et de ressources, et entra\u00eenent une pollution environnementale.C\u2019est pourquoi [&hellip;]<\/p>\n","protected":false},"author":0,"featured_media":0,"parent":0,"menu_order":0,"comment_status":"closed","ping_status":"closed","template":"","meta":{"_et_pb_use_builder":"on","_et_pb_old_content":"","_et_gb_content_width":"","footnotes":""},"class_list":["post-226108","page","type-page","status-publish","hentry"],"_links":{"self":[{"href":"https:\/\/exporplas.pt\/fr\/wp-json\/wp\/v2\/pages\/226108","targetHints":{"allow":["GET"]}}],"collection":[{"href":"https:\/\/exporplas.pt\/fr\/wp-json\/wp\/v2\/pages"}],"about":[{"href":"https:\/\/exporplas.pt\/fr\/wp-json\/wp\/v2\/types\/page"}],"replies":[{"embeddable":true,"href":"https:\/\/exporplas.pt\/fr\/wp-json\/wp\/v2\/comments?post=226108"}],"version-history":[{"count":3,"href":"https:\/\/exporplas.pt\/fr\/wp-json\/wp\/v2\/pages\/226108\/revisions"}],"predecessor-version":[{"id":237983,"href":"https:\/\/exporplas.pt\/fr\/wp-json\/wp\/v2\/pages\/226108\/revisions\/237983"}],"wp:attachment":[{"href":"https:\/\/exporplas.pt\/fr\/wp-json\/wp\/v2\/media?parent=226108"}],"curies":[{"name":"wp","href":"https:\/\/api.w.org\/{rel}","templated":true}]}}