{"id":226102,"date":"2021-10-11T11:18:10","date_gmt":"2021-10-11T11:18:10","guid":{"rendered":"https:\/\/manage.exporplas\/contacts\/"},"modified":"2024-07-16T10:26:24","modified_gmt":"2024-07-16T10:26:24","slug":"contacts","status":"publish","type":"page","link":"https:\/\/exporplas.pt\/fr\/contacts\/","title":{"rendered":"CONTACTS"},"content":{"rendered":"<p>[et_pb_section fb_built=\u00a0\u00bb1&Prime; _builder_version=\u00a0\u00bb4.18.1&Prime; _module_preset=\u00a0\u00bbdefault\u00a0\u00bb background_color=\u00a0\u00bb#3dae2b\u00a0\u00bb z_index=\u00a0\u00bb3&Prime; animation_direction=\u00a0\u00bbbottom\u00a0\u00bb scroll_vertical_motion=\u00a0\u00bb0|35|70|100|0.5|0|0&Prime; locked=\u00a0\u00bboff\u00a0\u00bb global_colors_info=\u00a0\u00bb{}\u00a0\u00bb][et_pb_row admin_label=\u00a0\u00bbT\u00edtulo \u00c1reas de Neg\u00f3cio\u00a0\u00bb _builder_version=\u00a0\u00bb4.18.1&Prime; _module_preset=\u00a0\u00bbdefault\u00a0\u00bb animation_direction=\u00a0\u00bbbottom\u00a0\u00bb scroll_vertical_motion_enable=\u00a0\u00bbon\u00a0\u00bb scroll_vertical_motion=\u00a0\u00bb0|35|70|100|0.5|0|0&Prime; motion_trigger_start=\u00a0\u00bbtop\u00a0\u00bb locked=\u00a0\u00bboff\u00a0\u00bb global_colors_info=\u00a0\u00bb{}\u00a0\u00bb][et_pb_column type=\u00a0\u00bb4_4&Prime; _builder_version=\u00a0\u00bb4.16&Prime; _module_preset=\u00a0\u00bbdefault\u00a0\u00bb global_colors_info=\u00a0\u00bb{}\u00a0\u00bb][et_pb_text _builder_version=\u00a0\u00bb4.18.1&Prime; _module_preset=\u00a0\u00bbad3c469a-73a4-4c1e-8e67-4ce21c3633ec\u00a0\u00bb header_2_font_size_tablet=\u00a0\u00bb\u00a0\u00bb header_2_font_size_phone=\u00a0\u00bb\u00a0\u00bb header_2_font_size_last_edited=\u00a0\u00bbon|phone\u00a0\u00bb global_colors_info=\u00a0\u00bb{}\u00a0\u00bb]<\/p>\n<h2 style=\"text-align: center;\"><span style=\"color: #ffffff;\">CONTACTS<\/span><\/h2>\n<p>[\/et_pb_text][et_pb_divider color=\u00a0\u00bb#cccccc\u00a0\u00bb divider_weight=\u00a0\u00bb1px\u00a0\u00bb divider_weight_tablet=\u00a0\u00bb1px\u00a0\u00bb divider_weight_phone=\u00a0\u00bb1px\u00a0\u00bb divider_weight_last_edited=\u00a0\u00bbon|desktop\u00a0\u00bb _builder_version=\u00a0\u00bb4.18.1&Prime; _module_preset=\u00a0\u00bbdefault\u00a0\u00bb z_index=\u00a0\u00bb1&Prime; width=\u00a0\u00bb250px\u00a0\u00bb width_tablet=\u00a0\u00bb40%\u00a0\u00bb width_phone=\u00a0\u00bb60%\u00a0\u00bb width_last_edited=\u00a0\u00bbon|phone\u00a0\u00bb module_alignment=\u00a0\u00bbcenter\u00a0\u00bb global_colors_info=\u00a0\u00bb{}\u00a0\u00bb][\/et_pb_divider][et_pb_divider color=\u00a0\u00bb#FFFFFF\u00a0\u00bb divider_weight=\u00a0\u00bb4px\u00a0\u00bb divider_weight_tablet=\u00a0\u00bb\u00a0\u00bb divider_weight_phone=\u00a0\u00bb\u00a0\u00bb divider_weight_last_edited=\u00a0\u00bbon|tablet\u00a0\u00bb _builder_version=\u00a0\u00bb4.18.1&Prime; _module_preset=\u00a0\u00bbdefault\u00a0\u00bb z_index=\u00a0\u00bb1&Prime; width=\u00a0\u00bb95px\u00a0\u00bb width_tablet=\u00a0\u00bb20%\u00a0\u00bb width_phone=\u00a0\u00bb30%\u00a0\u00bb width_last_edited=\u00a0\u00bbon|phone\u00a0\u00bb module_alignment=\u00a0\u00bbcenter\u00a0\u00bb custom_margin=\u00a0\u00bb-54px||||false|false\u00a0\u00bb custom_padding=\u00a0\u00bb0px||||false|false\u00a0\u00bb global_colors_info=\u00a0\u00bb{}\u00a0\u00bb][\/et_pb_divider][et_pb_text _builder_version=\u00a0\u00bb4.18.1&Prime; _module_preset=\u00a0\u00bbdefault\u00a0\u00bb text_font=\u00a0\u00bbMontserrat|300|||||||\u00a0\u00bb text_text_color=\u00a0\u00bb#FFFFFF\u00a0\u00bb text_font_size=\u00a0\u00bb22px\u00a0\u00bb text_line_height=\u00a0\u00bb1.3em\u00a0\u00bb locked=\u00a0\u00bboff\u00a0\u00bb global_colors_info=\u00a0\u00bb{}\u00a0\u00bb]<\/p>\n<p style=\"text-align: center;\">Si vous souhaitez des informations suppl\u00e9mentaires sur nos produits et services, veuillez nous contacter en remplissant un court formulaire. Nous promettons d&rsquo;\u00eatre bref en r\u00e9ponse.<\/p>\n<p>[\/et_pb_text][\/et_pb_column][\/et_pb_row][\/et_pb_section][et_pb_section fb_built=\u00a0\u00bb1&Prime; _builder_version=\u00a0\u00bb4.25.0&Prime; _module_preset=\u00a0\u00bbdefault\u00a0\u00bb locked=\u00a0\u00bboff\u00a0\u00bb global_colors_info=\u00a0\u00bb{}\u00a0\u00bb][et_pb_row _builder_version=\u00a0\u00bb4.25.0&Prime; _module_preset=\u00a0\u00bbdefault\u00a0\u00bb global_colors_info=\u00a0\u00bb{}\u00a0\u00bb][et_pb_column type=\u00a0\u00bb4_4&Prime; _builder_version=\u00a0\u00bb4.25.0&Prime; _module_preset=\u00a0\u00bbdefault\u00a0\u00bb global_colors_info=\u00a0\u00bb{}\u00a0\u00bb][et_pb_code disabled_on=\u00a0\u00bboff|off|off\u00a0\u00bb _builder_version=\u00a0\u00bb4.26.1&Prime; _module_preset=\u00a0\u00bbdefault\u00a0\u00bb hover_enabled=\u00a0\u00bb0&Prime; global_colors_info=\u00a0\u00bb{}\u00a0\u00bb sticky_enabled=\u00a0\u00bb0&Prime;]<!DOCTYPE html><br \/>\n<html lang=\"fr\"><br \/>\n<head><br \/>\n    <meta charset=\"UTF-8\"><br \/>\n    <meta name=\"viewport\" content=\"width=device-width, initial-scale=1.0\"><br \/>\n    <title>Formulaire de Contact<\/title><\/p>\n<style>\n        \/* Votre CSS ici *\/\n        @media (min-width: 981px) {\n            #div-1 {\n                padding-top: 2% !important;\n                padding-right: 0px !important;\n                padding-bottom: 2% !important;\n                padding-left: 0px !important;\n            }\n            #div-2 {\n                margin-right: 5.5% !important;\n                width: 47.25% !important;\n            }\n            #div-3 {\n                margin-bottom: 5.82% !important;\n            }\n            #div-4 {\n                margin-bottom: 5.82% !important;\n            }\n            #div-5 {\n                margin-bottom: 5.82% !important;\n            }\n            #div-6 {\n                margin-bottom: 5.82% !important;\n            }\n            #div-7 {\n                margin-right: 0px !important;\n                width: 47.25% !important;\n            }\n            #div-8 {\n                margin-bottom: 5.82% !important;\n            }\n            #div-9 {\n                margin-bottom: 5.82% !important;\n            }\n            #div-10 {\n                margin-bottom: 5.82% !important;\n            }\n        }\n        @media (max-width: 980px) {\n            #div-1 {\n                max-width: 1080px !important;\n                padding-top: 30px !important;\n                padding-right: 0px !important;\n                padding-bottom: 30px !important;\n                padding-left: 0px !important;\n            }\n            #div-2 {\n                width: 100% !important;\n                margin-bottom: 30px !important;\n            }\n            #div-3 {\n                margin-bottom: 30px !important;\n            }\n            #div-4 {\n                margin-bottom: 30px !important;\n            }\n            #div-5 {\n                margin-bottom: 30px !important;\n            }\n            #div-6 {\n                margin-bottom: 0px !important;\n            }\n            #div-7 {\n                width: 100% !important;\n                margin-bottom: 0px !important;\n            }\n            #div-8 {\n                margin-bottom: 30px !important;\n            }\n            #div-9 {\n                margin-bottom: 30px !important;\n            }\n            #div-10 {\n                margin-bottom: 0px !important;\n            }\n            #div-1 {\n                display: flex;\n                flex-direction: column-reverse;\n            }\n            #div-2, #div-7 {\n                width: 100%;\n            }\n        }\n        @media only (min-width: 1350px) {\n            #div-1 {\n                padding-top: 27px !important;\n                padding-right: 0px !important;\n                padding-bottom: 27px !important;\n                padding-left: 0px !important;\n            }\n        }\n        @media only (min-width: 768px) and (max-width: 980px) {\n            #div-1 {\n                display: none !important;\n            }\n        }\n        @media only (max-width: 767px) {\n            #div-1 {\n                display: none !important;\n            }\n        }\n        @media (max-width: 479px) {\n            #div-2 {\n                width: 100% !important;\n            }\n            #div-7 {\n                width: 100% !important;\n            }\n        }\n    <\/style>\n<p>    <META HTTP-EQUIV=\"Content-type\" CONTENT=\"text\/html; charset=UTF-8\"><br \/>\n    <script src=\"https:\/\/www.google.com\/recaptcha\/api.js\"><\/script><br \/>\n    <script>\n     function timestamp() { var response = document.getElementById(\"g-recaptcha-response\"); if (response == null || response.value.trim() == \"\") {var elems = JSON.parse(document.getElementsByName(\"captcha_settings\")[0].value);elems[\"ts\"] = JSON.stringify(new Date().getTime());document.getElementsByName(\"captcha_settings\")[0].value = JSON.stringify(elems); } } setInterval(timestamp, 500); \n    <\/script><br \/>\n<\/head><br \/>\n<body><\/p>\n<div style=\"color: rgb(102, 102, 102); font-size: 14px; position: relative; width: 100%; max-width: 1080px\" id=\"div-1\">\n<div style=\"float: left; min-height: 1px\" id=\"div-2\">\n<div style=\"color: rgb(108, 175, 63); font-size: 18px; font-weight: 600\" id=\"div-3\">\n<div><span style=\"padding-bottom: 1em\">EXPORPL\u00c1S \u2013 Ind\u00fastria de Exporta\u00e7\u00e3o de Pl\u00e1sticos, S.A.<\/span><\/div>\n<\/p><\/div>\n<div style=\"color: rgb(141, 143, 146)\" id=\"div-4\">\n<div>\n                    <span>PO BOX 63. 3886-908 Cortega\u00e7a<!\u2013- [et_pb_br_holder] -\u2013>OVAR \u2013 Portugal<\/span>\n                <\/div>\n<\/p><\/div>\n<div style=\"color: rgb(141, 143, 146)\" id=\"div-5\">\n<div>\n                    <pee style=\"padding-bottom: 1em\">HEAD OFFICE<\/pee>\n                    <pee style=\"padding-bottom: 1em\">R. dos Sobrais 89,<!\u2013- [et_pb_br_holder] -\u2013>3885-307 Cortega\u00e7a<\/pee>\n                <\/div>\n<\/p><\/div>\n<div style=\"color: rgb(141, 143, 146)\" id=\"div-6\">\n<div>\n                    <pee style=\"padding-bottom: 1em\">Tel.: (+351) 256 790 340 *<\/pee>\n                    <pee style=\"padding-bottom: 1em\">Fax.: (+351) 256 791 825<\/pee>\n                    <pee style=\"padding-bottom: 1em\">Email: <a href=\"mailto:info@exporplas.pt\" style=\"color: rgb(108, 175, 63)\">info@exporplas.pt<\/a><\/pee>\n                    * Co\u00fbt d&rsquo;un appel vers le r\u00e9seau fixe national.\n                <\/div>\n<\/p><\/div>\n<\/p><\/div>\n<div style=\"float: left; position: relative; min-height: 1px\" id=\"div-7\">\n<div style=\"position: relative\" id=\"div-8\">\n<div style=\"position: relative; width: 100%\">\n<div>\n<div>\n<div style=\"bottom: 534px; clip-path: inset(50%); left: 0px; position: absolute; right: 512px; top: 0px; width: 1px; height: 1px; overflow: hidden\">\n<ul style=\"padding-bottom: 24px; padding-left: 1em; list-style-type: disc\"><\/ul>\n<\/p><\/div>\n<form action=\"https:\/\/webto.salesforce.com\/servlet\/servlet.WebToCase?encoding=UTF-8&#038;orgId=00D7R000004OowV\" method=\"POST\">\n<p>    <input type=hidden name='captcha_settings' value='{\"keyname\":\"recaptchav2\",\"fallback\":\"true\",\"orgId\":\"00D7R000004OowV\",\"ts\":\"\"}'><br \/>\n    <input type=hidden name=\"orgid\" value=\"00D7R000004OowV\"><br \/>\n    <input type=hidden name=\"retURL\" value=\"https:\/\/exporplas.pt\/fr\/succes-dexpedition\/\">\n                                <pee style=\"padding-bottom: 1em\"><!\u2013- [et_pb_br_holder] -\u2013><\/pee>\n                                <pee style=\"padding-bottom: 1em\"><label for=\"name\">Nom<input id=\"name\" maxlength=\"80\" name=\"name\" size=\"20\" type=\"text\" style=\"color: rgb(100, 100, 100); background-color: rgb(238, 238, 238); cursor: text; display: inline-block; width: 100%; height: 51.2px; border-style: none; padding: 16px\" \/><\/label><\/pee>\n                                <pee style=\"padding-bottom: 1em\"><label for=\"email\">Email<input id=\"email\" maxlength=\"80\" name=\"email\" size=\"20\" type=\"text\" style=\"color: rgb(100, 100, 100); background-color: rgb(238, 238, 238); cursor: text; display: inline-block; width: 100%; height: 51.2px; border-style: none; padding: 16px\" \/><\/label><\/pee>\n                                <pee style=\"padding-bottom: 1em\"><label for=\"phone\">T\u00e9l\u00e9phone<input id=\"phone\" maxlength=\"40\" name=\"phone\" size=\"20\" type=\"text\" style=\"color: rgb(100, 100, 100); background-color: rgb(238, 238, 238); cursor: text; display: inline-block; width: 100%; height: 51.2px; border-style: none; padding: 16px\" \/><\/label><\/pee>\n                                <pee style=\"padding-bottom: 1em\"><label for=\"subject\">Sujet<input id=\"subject\" maxlength=\"80\" name=\"subject\" size=\"20\" type=\"text\" style=\"color: rgb(100, 100, 100); background-color: rgb(238, 238, 238); cursor: text; display: inline-block; width: 100%; height: 51.2px; border-style: none; padding: 16px\" \/><\/label><\/pee>\n                                <pee style=\"padding-bottom: 1em\"><label for=\"description\">Message<textarea name=\"description\" id=\"description\" style=\"color: rgb(100, 100, 100); background-color: rgb(238, 238, 238); cursor: text; display: inline-block; width: 100%; height: 204.8px; border-style: none; padding: 16px\"><\/textarea><\/label><\/pee>\n<div class=\"g-recaptcha\" data-sitekey=\"6LdQ8AwqAAAAAFW19FqXcuLb-o2drhFByZF3mgf-\"><\/div>\n<p><!\u2013- [et_pb_br_holder] -\u2013><br \/>\n                                <input type=\"submit\" name=\"submit\" style=\"background-color: rgb(108, 175, 63); color: white; border: none; padding: 16px 32px; cursor: pointer;\"><br \/>\n                            <\/form>\n<div><\/div>\n<\/p><\/div>\n<\/p><\/div>\n<\/p><\/div>\n<\/p><\/div>\n<div id=\"div-9\"><\/div>\n<div id=\"div-10\"><\/div>\n<\/p><\/div>\n<\/p><\/div>\n<p>    <script>\n        function timestamp() { var response = document.getElementById(\"g-recaptcha-response\"); if (response == null || response.value.trim() == \"\") {var elems = JSON.parse(document.getElementsByName(\"captcha_settings\")[0].value);elems[\"ts\"] = JSON.stringify(new Date().getTime());document.getElementsByName(\"captcha_settings\")[0].value = JSON.stringify(elems); } } setInterval(timestamp, 500);\n    <\/script><br \/>\n<\/body><br \/>\n<\/html><br \/>\n[\/et_pb_code][\/et_pb_column][\/et_pb_row][\/et_pb_section][et_pb_section fb_built=\u00a0\u00bb1&Prime; _builder_version=\u00a0\u00bb4.16&Prime; _module_preset=\u00a0\u00bbdefault\u00a0\u00bb z_index=\u00a0\u00bb3&Prime; custom_padding=\u00a0\u00bb0px||0px||true|false\u00a0\u00bb global_colors_info=\u00a0\u00bb{}\u00a0\u00bb][et_pb_row _builder_version=\u00a0\u00bb4.16&Prime; _module_preset=\u00a0\u00bbdefault\u00a0\u00bb width=\u00a0\u00bb100%\u00a0\u00bb max_width=\u00a0\u00bb100%\u00a0\u00bb global_colors_info=\u00a0\u00bb{}\u00a0\u00bb][et_pb_column type=\u00a0\u00bb4_4&Prime; _builder_version=\u00a0\u00bb4.16&Prime; _module_preset=\u00a0\u00bbdefault\u00a0\u00bb global_colors_info=\u00a0\u00bb{}\u00a0\u00bb][dsm_embed_google_map address=\u00a0\u00bbR. dos Sobrais 89, 3885-307 Cortega\u00e7a\u00a0\u00bb zoom=\u00a0\u00bb12px\u00a0\u00bb _builder_version=\u00a0\u00bb4.9.3&Prime; _module_preset=\u00a0\u00bbdefault\u00a0\u00bb width=\u00a0\u00bb100%\u00a0\u00bb max_width=\u00a0\u00bb100%\u00a0\u00bb global_colors_info=\u00a0\u00bb{}\u00a0\u00bb][\/dsm_embed_google_map][\/et_pb_column][\/et_pb_row][\/et_pb_section]<\/p>\n","protected":false},"excerpt":{"rendered":"<p>CONTACTSSi vous souhaitez des informations suppl\u00e9mentaires sur nos produits et services, veuillez nous contacter en remplissant un court formulaire. Nous promettons d&rsquo;\u00eatre bref en r\u00e9ponse.<div class=\"et_pb_module dsm_embed_google_map dsm_embed_google_map_0\">\n\t\t\t\t\n\t\t\t\t\n\t\t\t\t\n\t\t\t\t\n\t\t\t\t\n\t\t\t\t\n\t\t\t\t<div class=\"et_pb_module_inner\">\n\t\t\t\t\t<iframe loading=\"lazy\" frameborder=\"0\" scrolling=\"no\" marginheight=\"0\" marginwidth=\"0\" referrerPolicy=\"no-referrer-when-downgrade\" src=\"https:\/\/maps.google.com\/maps?q=R.%20dos%20Sobrais%2089%2C%203885-307%20Cortega%C3%A7a&amp;t=m&amp;z=12&amp;output=embed&amp;iwloc=near&hl=fr_FR\" aria-label=\"R. dos Sobrais 89, 3885-307 Cortega\u00e7a\"><\/iframe>\n\t\t\t\t<\/div>\n\t\t\t<\/div><\/p>\n","protected":false},"author":0,"featured_media":0,"parent":0,"menu_order":0,"comment_status":"closed","ping_status":"closed","template":"","meta":{"_et_pb_use_builder":"on","_et_pb_old_content":"","_et_gb_content_width":"","footnotes":""},"class_list":["post-226102","page","type-page","status-publish","hentry"],"_links":{"self":[{"href":"https:\/\/exporplas.pt\/fr\/wp-json\/wp\/v2\/pages\/226102","targetHints":{"allow":["GET"]}}],"collection":[{"href":"https:\/\/exporplas.pt\/fr\/wp-json\/wp\/v2\/pages"}],"about":[{"href":"https:\/\/exporplas.pt\/fr\/wp-json\/wp\/v2\/types\/page"}],"replies":[{"embeddable":true,"href":"https:\/\/exporplas.pt\/fr\/wp-json\/wp\/v2\/comments?post=226102"}],"version-history":[{"count":0,"href":"https:\/\/exporplas.pt\/fr\/wp-json\/wp\/v2\/pages\/226102\/revisions"}],"wp:attachment":[{"href":"https:\/\/exporplas.pt\/fr\/wp-json\/wp\/v2\/media?parent=226102"}],"curies":[{"name":"wp","href":"https:\/\/api.w.org\/{rel}","templated":true}]}}