{"id":237849,"date":"2025-11-02T17:37:42","date_gmt":"2025-11-02T17:37:42","guid":{"rendered":"https:\/\/exporplas.pt\/agriadvisor\/"},"modified":"2025-11-02T17:37:44","modified_gmt":"2025-11-02T17:37:44","slug":"agriadvisor","status":"publish","type":"page","link":"https:\/\/exporplas.pt\/es\/agriadvisor\/","title":{"rendered":"AgriAdvisor"},"content":{"rendered":"<p>[et_pb_section fb_built=\u00bb1&#8243; disabled_on=\u00bboff|off|off\u00bb _builder_version=\u00bb4.27.4&#8243; _module_preset=\u00bb1aa77664-506e-4896-aba7-807e7db78016&#8243; background_color=\u00bb#2b532a\u00bb locked=\u00bboff\u00bb global_colors_info=\u00bb{}\u00bb][et_pb_row _builder_version=\u00bb4.16&#8243; _module_preset=\u00bbdefault\u00bb max_width=\u00bb1230px\u00bb custom_margin=\u00bb||||false|false\u00bb custom_padding=\u00bb0px||0px||false|false\u00bb global_colors_info=\u00bb{}\u00bb][et_pb_column type=\u00bb4_4&#8243; _builder_version=\u00bb4.16&#8243; _module_preset=\u00bbdefault\u00bb global_colors_info=\u00bb{}\u00bb][dsm_breadcrumbs _builder_version=\u00bb4.16&#8243; _module_preset=\u00bb7726ac8d-7222-46bd-8a73-3088c2807996&#8243; global_colors_info=\u00bb{}\u00bb][\/dsm_breadcrumbs][\/et_pb_column][\/et_pb_row][\/et_pb_section][et_pb_section fb_built=\u00bb1&#8243; admin_label=\u00bbproduto\u00bb _builder_version=\u00bb4.27.4&#8243; _module_preset=\u00bbdefault\u00bb background_color=\u00bb#3dae2b\u00bb z_index=\u00bb3&#8243; custom_padding=\u00bb0px||||false|false\u00bb global_colors_info=\u00bb{}\u00bb][et_pb_row disabled_on=\u00bbon|off|off\u00bb _builder_version=\u00bb4.16&#8243; _module_preset=\u00bbdefault\u00bb global_colors_info=\u00bb{}\u00bb][et_pb_column type=\u00bb4_4&#8243; _builder_version=\u00bb4.16&#8243; _module_preset=\u00bbdefault\u00bb global_colors_info=\u00bb{}\u00bb][et_pb_text _builder_version=\u00bb4.27.4&#8243; _module_preset=\u00bbdefault\u00bb text_font=\u00bbMontserrat|600|||||||\u00bb text_text_color=\u00bb#FFFFFF\u00bb text_font_size=\u00bb19px\u00bb text_orientation=\u00bbcenter\u00bb global_colors_info=\u00bb{}\u00bb]<\/p>\n<p>AGRICULTURA | AgriAdvisor<\/p>\n<p>[\/et_pb_text][et_pb_divider color=\u00bb#cccccc\u00bb divider_weight=\u00bb1px\u00bb _builder_version=\u00bb4.16&#8243; _module_preset=\u00bbdefault\u00bb z_index=\u00bb1&#8243; width=\u00bb250px\u00bb module_alignment=\u00bbcenter\u00bb locked=\u00bboff\u00bb global_colors_info=\u00bb{}\u00bb][\/et_pb_divider][et_pb_divider color=\u00bb#2b532a\u00bb divider_weight=\u00bb4px\u00bb _builder_version=\u00bb4.27.4&#8243; _module_preset=\u00bbdefault\u00bb z_index=\u00bb1&#8243; width=\u00bb95px\u00bb module_alignment=\u00bbcenter\u00bb custom_margin=\u00bb-54px||||false|false\u00bb custom_padding=\u00bb0px||||false|false\u00bb locked=\u00bboff\u00bb global_colors_info=\u00bb{}\u00bb][\/et_pb_divider][\/et_pb_column][\/et_pb_row][\/et_pb_section][et_pb_section fb_built=\u00bb1&#8243; module_id=\u00bbproduto\u00bb _builder_version=\u00bb4.27.4&#8243; _module_preset=\u00bbdefault\u00bb background_color=\u00bb#3dae2b\u00bb z_index=\u00bb3&#8243; custom_margin=\u00bb||||false|false\u00bb custom_margin_tablet=\u00bb||||false|false\u00bb custom_margin_phone=\u00bb||||false|false\u00bb custom_margin_last_edited=\u00bbon|phone\u00bb custom_padding=\u00bb0px||0px||false|false\u00bb global_colors_info=\u00bb{}\u00bb][et_pb_row _builder_version=\u00bb4.18.1&#8243; _module_preset=\u00bbdefault\u00bb width_tablet=\u00bb\u00bb width_phone=\u00bb90%\u00bb width_last_edited=\u00bbon|phone\u00bb locked=\u00bboff\u00bb global_colors_info=\u00bb{}\u00bb][et_pb_column type=\u00bb4_4&#8243; _builder_version=\u00bb4.16&#8243; _module_preset=\u00bbdefault\u00bb global_colors_info=\u00bb{}\u00bb][et_pb_text _builder_version=\u00bb4.27.4&#8243; _module_preset=\u00bbdefault\u00bb text_font=\u00bbMontserrat||||||||\u00bb header_font=\u00bb|300|||||||\u00bb header_text_align=\u00bbcenter\u00bb header_font_size=\u00bb45px\u00bb text_orientation=\u00bbcenter\u00bb background_layout=\u00bbdark\u00bb header_font_size_tablet=\u00bb45px\u00bb header_font_size_phone=\u00bb36px\u00bb header_font_size_last_edited=\u00bbon|tablet\u00bb global_colors_info=\u00bb{}\u00bb]<\/p>\n<h1><strong>Asistencia inteligente<\/strong> en tus manos.<\/h1>\n<p>[\/et_pb_text][et_pb_image src=\u00bbhttps:\/\/exporplas.pt\/wp-content\/uploads\/2025\/10\/AgriAdvisor_Logo.png\u00bb title_text=\u00bbAgriAdvisor_Logo\u00bb align=\u00bbcenter\u00bb disabled_on=\u00bboff|off|off\u00bb _builder_version=\u00bb4.27.4&#8243; _module_preset=\u00bbdefault\u00bb width=\u00bb55%\u00bb width_tablet=\u00bb75%\u00bb width_phone=\u00bb75%\u00bb width_last_edited=\u00bbon|phone\u00bb max_width_tablet=\u00bb\u00bb max_width_phone=\u00bb90%\u00bb max_width_last_edited=\u00bbon|phone\u00bb module_alignment=\u00bbcenter\u00bb custom_margin=\u00bb50px||||false|false\u00bb custom_margin_tablet=\u00bb50px||||false|false\u00bb custom_margin_phone=\u00bb50px||||false|false\u00bb custom_margin_last_edited=\u00bbon|phone\u00bb custom_padding_tablet=\u00bb\u00bb custom_padding_phone=\u00bb\u00bb custom_padding_last_edited=\u00bbon|desktop\u00bb global_colors_info=\u00bb{}\u00bb][\/et_pb_image][et_pb_text _builder_version=\u00bb4.27.4&#8243; _module_preset=\u00bbdefault\u00bb text_font=\u00bbMontserrat||||||||\u00bb header_4_line_height=\u00bb1.4em\u00bb text_orientation=\u00bbcenter\u00bb background_layout=\u00bbdark\u00bb global_colors_info=\u00bb{}\u00bb]<\/p>\n<h4>La agricultura moderna exige m\u00e1s que fuerza. <strong>Requiere decisiones inteligentes.<\/strong> Con tantas opciones disponibles, encontrar la soluci\u00f3n perfecta puede ser un desaf\u00edo. <strong>AgriAdvisor<\/strong> facilita la b\u00fasqueda de los productos Exporpl\u00e1s ideales, adaptados a tus necesidades.<\/h4>\n<p>[\/et_pb_text][\/et_pb_column][\/et_pb_row][\/et_pb_section][et_pb_section fb_built=\u00bb1&#8243; module_id=\u00bbproduto\u00bb _builder_version=\u00bb4.27.4&#8243; _module_preset=\u00bbdefault\u00bb background_color=\u00bb#3dae2b\u00bb z_index=\u00bb3&#8243; custom_margin=\u00bb||0px||false|false\u00bb custom_margin_tablet=\u00bb||||false|false\u00bb custom_margin_phone=\u00bb||||false|false\u00bb custom_margin_last_edited=\u00bboff|desktop\u00bb custom_padding=\u00bb||0px||false|false\u00bb hover_enabled=\u00bb0&#8243; global_colors_info=\u00bb{}\u00bb sticky_enabled=\u00bb0&#8243;][et_pb_row _builder_version=\u00bb4.27.4&#8243; _module_preset=\u00bbdefault\u00bb global_colors_info=\u00bb{}\u00bb][et_pb_column type=\u00bb4_4&#8243; _builder_version=\u00bb4.27.4&#8243; _module_preset=\u00bbdefault\u00bb global_colors_info=\u00bb{}\u00bb][et_pb_code _builder_version=\u00bb4.27.4&#8243; _module_preset=\u00bbdefault\u00bb global_colors_info=\u00bb{}\u00bb]<iframe<!-- [et_pb_line_break_holder] --> id=\u00bbexporplas-widget-iframe\u00bb<!-- [et_pb_line_break_holder] --> src=\u00bb\u00bb<!-- [et_pb_line_break_holder] --> width=\u00bb100%\u00bb<!-- [et_pb_line_break_holder] --> height=\u00bb600px\u00bb<!-- [et_pb_line_break_holder] --> frameborder=\u00bb0&#8243;<!-- [et_pb_line_break_holder] --> style=\u00bbborder: none; max-width: 100%;\u00bb><!-- [et_pb_line_break_holder] --><\/iframe>[\/et_pb_code][et_pb_code admin_label=\u00bbCode\u00bb _builder_version=\u00bb4.27.4&#8243; _module_preset=\u00bbdefault\u00bb global_colors_info=\u00bb{}\u00bb]<script><!-- [et_pb_line_break_holder] -->    (function() {<!-- [et_pb_line_break_holder] -->      var WIDGET_BASE_URL = 'https:\/\/agriadvisor.exporplas.pt\/widget';<!-- [et_pb_line_break_holder] --><!-- [et_pb_line_break_holder] -->      var LOCALE_MAP = {<!-- [et_pb_line_break_holder] -->        'pt': 'pt-PT',<!-- [et_pb_line_break_holder] -->        'pt-pt': 'pt-PT',<!-- [et_pb_line_break_holder] -->        'pt_PT': 'pt-PT',<!-- [et_pb_line_break_holder] -->        'en': 'en-US',<!-- [et_pb_line_break_holder] -->        'en-us': 'en-US',<!-- [et_pb_line_break_holder] -->        'en_US': 'en-US',<!-- [et_pb_line_break_holder] -->        'es': 'es-ES',<!-- [et_pb_line_break_holder] -->        'es-es': 'es-ES',<!-- [et_pb_line_break_holder] -->        'es_ES': 'es-ES',<!-- [et_pb_line_break_holder] -->        'fr': 'fr-FR',<!-- [et_pb_line_break_holder] -->        'fr-fr': 'fr-FR',<!-- [et_pb_line_break_holder] -->        'fr_FR': 'fr-FR'<!-- [et_pb_line_break_holder] -->      };<!-- [et_pb_line_break_holder] --><!-- [et_pb_line_break_holder] -->      var DEFAULT_LOCALE = 'en-US';<!-- [et_pb_line_break_holder] --><!-- [et_pb_line_break_holder] -->      function detectWordPressLocale() {<!-- [et_pb_line_break_holder] -->        var htmlLang = document.documentElement.getAttribute('lang');<!-- [et_pb_line_break_holder] -->        if (htmlLang) {<!-- [et_pb_line_break_holder] -->          console.log('Detected WordPress locale from html[lang]:', htmlLang);<!-- [et_pb_line_break_holder] -->          return htmlLang.toLowerCase();<!-- [et_pb_line_break_holder] -->        }<!-- [et_pb_line_break_holder] --><!-- [et_pb_line_break_holder] -->        var metaLang = document.querySelector('meta[http-equiv=\"content-language\"]');<!-- [et_pb_line_break_holder] -->        if (metaLang) {<!-- [et_pb_line_break_holder] -->          var lang = metaLang.getAttribute('content');<!-- [et_pb_line_break_holder] -->          console.log('Detected WordPress locale from meta tag:', lang);<!-- [et_pb_line_break_holder] -->          return lang.toLowerCase();<!-- [et_pb_line_break_holder] -->        }<!-- [et_pb_line_break_holder] --><!-- [et_pb_line_break_holder] -->        var bodyClasses = document.body.className;<!-- [et_pb_line_break_holder] -->        var localeMatch = bodyClasses.match(\/locale-([a-z]{2}[-_][a-z]{2})\/i);<!-- [et_pb_line_break_holder] -->        if (localeMatch) {<!-- [et_pb_line_break_holder] -->          console.log('Detected WordPress locale from body class:', localeMatch[1]);<!-- [et_pb_line_break_holder] -->          return localeMatch[1].toLowerCase();<!-- [et_pb_line_break_holder] -->        }<!-- [et_pb_line_break_holder] --><!-- [et_pb_line_break_holder] -->        console.log('Could not detect WordPress locale, using default');<!-- [et_pb_line_break_holder] -->        return null;<!-- [et_pb_line_break_holder] -->      }<!-- [et_pb_line_break_holder] --><!-- [et_pb_line_break_holder] -->      function mapToWidgetLocale(wpLocale) {<!-- [et_pb_line_break_holder] -->        if (!wpLocale) {<!-- [et_pb_line_break_holder] -->          return DEFAULT_LOCALE;<!-- [et_pb_line_break_holder] -->        }<!-- [et_pb_line_break_holder] --><!-- [et_pb_line_break_holder] -->        var normalized = wpLocale.toLowerCase().replace(\/_\/g, '-');<!-- [et_pb_line_break_holder] --><!-- [et_pb_line_break_holder] -->        if (LOCALE_MAP[normalized]) {<!-- [et_pb_line_break_holder] -->          return LOCALE_MAP[normalized];<!-- [et_pb_line_break_holder] -->        }<!-- [et_pb_line_break_holder] --><!-- [et_pb_line_break_holder] -->        var languageCode = normalized.split('-')[0];<!-- [et_pb_line_break_holder] -->        if (LOCALE_MAP[languageCode]) {<!-- [et_pb_line_break_holder] -->          return LOCALE_MAP[languageCode];<!-- [et_pb_line_break_holder] -->        }<!-- [et_pb_line_break_holder] --><!-- [et_pb_line_break_holder] -->        return DEFAULT_LOCALE;<!-- [et_pb_line_break_holder] -->      }<!-- [et_pb_line_break_holder] --><!-- [et_pb_line_break_holder] -->      window.addEventListener('message', function(event) {<!-- [et_pb_line_break_holder] -->        console.log('Received message:', event.data, 'from:', event.origin);<!-- [et_pb_line_break_holder] --><!-- [et_pb_line_break_holder] -->        \/\/ Match the correct message type from the widget<!-- [et_pb_line_break_holder] -->        if (event.data && event.data.type === 'exporplas-widget-resize' && event.data.height) {<!-- [et_pb_line_break_holder] -->          var iframe = document.getElementById('exporplas-widget-iframe');<!-- [et_pb_line_break_holder] -->          if (iframe) {<!-- [et_pb_line_break_holder] -->            console.log('Resizing iframe to:', event.data.height + 'px');<!-- [et_pb_line_break_holder] -->            iframe.style.height = event.data.height + 'px';<!-- [et_pb_line_break_holder] -->          } else {<!-- [et_pb_line_break_holder] -->            console.error('Iframe not found when trying to resize');<!-- [et_pb_line_break_holder] -->          }<!-- [et_pb_line_break_holder] -->        }<!-- [et_pb_line_break_holder] -->      });<!-- [et_pb_line_break_holder] --><!-- [et_pb_line_break_holder] -->      function initWidget() {<!-- [et_pb_line_break_holder] -->        var iframe = document.getElementById('exporplas-widget-iframe');<!-- [et_pb_line_break_holder] --><!-- [et_pb_line_break_holder] -->        if (!iframe) {<!-- [et_pb_line_break_holder] -->          console.error('Widget iframe not found');<!-- [et_pb_line_break_holder] -->          return;<!-- [et_pb_line_break_holder] -->        }<!-- [et_pb_line_break_holder] --><!-- [et_pb_line_break_holder] -->        var wpLocale = detectWordPressLocale();<!-- [et_pb_line_break_holder] -->        var widgetLocale = mapToWidgetLocale(wpLocale);<!-- [et_pb_line_break_holder] --><!-- [et_pb_line_break_holder] -->        console.log('WordPress locale:', wpLocale);<!-- [et_pb_line_break_holder] -->        console.log('Widget locale:', widgetLocale);<!-- [et_pb_line_break_holder] --><!-- [et_pb_line_break_holder] -->        var widgetUrl = WIDGET_BASE_URL + '?locale=' + encodeURIComponent(widgetLocale);<!-- [et_pb_line_break_holder] --><!-- [et_pb_line_break_holder] -->        iframe.src = widgetUrl;<!-- [et_pb_line_break_holder] --><!-- [et_pb_line_break_holder] -->        console.log('Loading widget from:', widgetUrl);<!-- [et_pb_line_break_holder] -->      }<!-- [et_pb_line_break_holder] --><!-- [et_pb_line_break_holder] -->      if (document.readyState === 'loading') {<!-- [et_pb_line_break_holder] -->        document.addEventListener('DOMContentLoaded', initWidget);<!-- [et_pb_line_break_holder] -->      } else {<!-- [et_pb_line_break_holder] -->        initWidget();<!-- [et_pb_line_break_holder] -->      }<!-- [et_pb_line_break_holder] -->    })();<!-- [et_pb_line_break_holder] -->  <\/script>[\/et_pb_code][\/et_pb_column][\/et_pb_row][\/et_pb_section][et_pb_section fb_built=\u00bb1&#8243; module_id=\u00bbproduto\u00bb _builder_version=\u00bb4.27.4&#8243; _module_preset=\u00bbdefault\u00bb background_color=\u00bb#3dae2b\u00bb z_index=\u00bb3&#8243; custom_margin=\u00bb0px||||false|false\u00bb custom_margin_tablet=\u00bb||||false|false\u00bb custom_margin_phone=\u00bb||||false|false\u00bb custom_margin_last_edited=\u00bboff|desktop\u00bb custom_padding=\u00bb0px||||false|false\u00bb hover_enabled=\u00bb0&#8243; global_colors_info=\u00bb{}\u00bb sticky_enabled=\u00bb0&#8243;][et_pb_row _builder_version=\u00bb4.18.1&#8243; _module_preset=\u00bbdefault\u00bb width_tablet=\u00bb\u00bb width_phone=\u00bb90%\u00bb width_last_edited=\u00bbon|phone\u00bb locked=\u00bboff\u00bb global_colors_info=\u00bb{}\u00bb][et_pb_column type=\u00bb4_4&#8243; _builder_version=\u00bb4.16&#8243; _module_preset=\u00bbdefault\u00bb global_colors_info=\u00bb{}\u00bb][et_pb_text _builder_version=\u00bb4.27.4&#8243; _module_preset=\u00bbdefault\u00bb text_font=\u00bbMontserrat||||||||\u00bb header_font=\u00bb|300|||||||\u00bb header_text_align=\u00bbcenter\u00bb header_font_size=\u00bb35px\u00bb text_orientation=\u00bbcenter\u00bb background_layout=\u00bbdark\u00bb header_font_size_tablet=\u00bb30px\u00bb header_font_size_phone=\u00bb30px\u00bb header_font_size_last_edited=\u00bbon|desktop\u00bb global_colors_info=\u00bb{}\u00bb]<\/p>\n<h1><strong>AgriAdvisor<\/strong> est\u00e1 disponible para <strong>iOS<\/strong> y <strong>Android<\/strong>.<\/h1>\n<p>[\/et_pb_text][\/et_pb_column][\/et_pb_row][et_pb_row column_structure=\u00bb1_2,1_2&#8243; custom_padding_last_edited=\u00bbon|phone\u00bb module_class=\u00bbtwo-columns\u00bb _builder_version=\u00bb4.27.4&#8243; _module_preset=\u00bbdefault\u00bb width=\u00bb45%\u00bb width_tablet=\u00bb45%\u00bb width_phone=\u00bb80%\u00bb width_last_edited=\u00bbon|phone\u00bb module_alignment=\u00bbcenter\u00bb custom_padding_tablet=\u00bb\u00bb custom_padding_phone=\u00bb\u00bb global_colors_info=\u00bb{}\u00bb][et_pb_column type=\u00bb1_2&#8243; _builder_version=\u00bb4.27.4&#8243; _module_preset=\u00bbdefault\u00bb global_colors_info=\u00bb{}\u00bb][et_pb_image src=\u00bbhttps:\/\/exporplas.pt\/wp-content\/uploads\/2025\/10\/AgriAdvisor_Apple-Store.png\u00bb title_text=\u00bbAgriAdvisor_Apple-Store\u00bb url=\u00bbhttps:\/\/apps.apple.com\/pt\/app\/agriadvisor\/id1571337596&#8243; url_new_window=\u00bbon\u00bb align=\u00bbcenter\u00bb _builder_version=\u00bb4.27.4&#8243; _module_preset=\u00bbdefault\u00bb width=\u00bb55%\u00bb width_tablet=\u00bb\u00bb width_phone=\u00bb\u00bb width_last_edited=\u00bbon|phone\u00bb module_alignment=\u00bbcenter\u00bb custom_margin=\u00bb||||false|false\u00bb custom_padding=\u00bb|0px||0px|false|false\u00bb custom_padding_tablet=\u00bb|20px||20px|false|true\u00bb custom_padding_phone=\u00bb|15px||15px|false|true\u00bb custom_padding_last_edited=\u00bbon|desktop\u00bb global_colors_info=\u00bb{}\u00bb][\/et_pb_image][\/et_pb_column][et_pb_column type=\u00bb1_2&#8243; _builder_version=\u00bb4.27.4&#8243; _module_preset=\u00bbdefault\u00bb global_colors_info=\u00bb{}\u00bb][et_pb_image src=\u00bbhttps:\/\/exporplas.pt\/wp-content\/uploads\/2025\/10\/AgriAdvisor_Google-Play.png\u00bb title_text=\u00bbAgriAdvisor_Google-Play\u00bb url=\u00bbhttps:\/\/play.google.com\/store\/apps\/details?id=pt.propellerheads.agriadvisor&amp;pcampaignid=web_share\u00bb url_new_window=\u00bbon\u00bb align=\u00bbcenter\u00bb _builder_version=\u00bb4.27.4&#8243; _module_preset=\u00bbdefault\u00bb width=\u00bb55%\u00bb width_tablet=\u00bb\u00bb width_phone=\u00bb\u00bb width_last_edited=\u00bbon|phone\u00bb module_alignment=\u00bbcenter\u00bb custom_margin=\u00bb||||false|false\u00bb custom_padding=\u00bb|0px||0px|false|false\u00bb custom_padding_tablet=\u00bb|20px||20px|false|true\u00bb custom_padding_phone=\u00bb|15px||15px|false|true\u00bb custom_padding_last_edited=\u00bbon|desktop\u00bb global_colors_info=\u00bb{}\u00bb][\/et_pb_image][\/et_pb_column][\/et_pb_row][\/et_pb_section]<\/p>\n","protected":false},"excerpt":{"rendered":"<p><div class=\"et_pb_module dsm_breadcrumbs dsm_breadcrumbs_0\">\n\t\t\t\t\n\t\t\t\t\n\t\t\t\t\n\t\t\t\t\n\t\t\t\t\n\t\t\t\t\n\t\t\t\t<div class=\"et_pb_module_inner\">\n\t\t\t\t\t<nav class=\"dsm_breadcrumbs_wrap\">\n\t\t\t\t<ul class=\"dsm_breadcrumbs\" itemscope itemtype=\"https:\/\/schema.org\/BreadcrumbList\">\t\t\t<li class=\"dsm_breadcrumbs_item dsm_home_item dsm_home_item_custom\" itemprop=\"itemListElement\" itemscope\n\t\t\titemtype=\"https:\/\/schema.org\/ListItem\">\n\t\t\t\t<a href=\"https:\/\/exporplas.pt\/es\/\" itemprop=\"item\" target=\"\">\n\t\t\t\t\t<span class='dsm_home_text_wrapper'>\n\t\t\t\t\t\t\t\t\t\t\t\t\t<span class=\"et-pb-icon dsm_home_icon\">\ue009<\/span>\n\t\t\t\t\t\t\t\t\t\t\t\t\t<span class=\"dsm_home_text\" itemprop=\"name\">\n\t\t\t\t\t\t\t\t \t\t\t\t\t\t\t<\/span>\n\t\t\t\t\t<\/span>\n\t\t\t\t<\/a>\n\t\t\t\t<meta itemprop=\"position\" content=\"1\" \/>\n\t\t\t<\/li>\n\n\t\t<li class=\"dsm_breadcrumbs_separator\"> <span class=\"et-pb-icon dsm_separator_icon\">5<\/span><\/li><\/ul>\n\t\t\t<\/nav>\n\t\t\t\t<\/div>\n\t\t\t<\/div>AGRICULTURA | AgriAdvisorAsistencia inteligente en tus manos.La agricultura moderna exige m\u00e1s que fuerza. Requiere decisiones inteligentes. Con tantas opciones disponibles, encontrar la soluci\u00f3n perfecta puede ser un desaf\u00edo. AgriAdvisor facilita la b\u00fasqueda de los productos Exporpl\u00e1s ideales, adaptados a tus necesidades.AgriAdvisor est\u00e1 disponible para iOS y Android.<\/p>\n","protected":false},"author":2,"featured_media":0,"parent":0,"menu_order":0,"comment_status":"closed","ping_status":"closed","template":"","meta":{"_et_pb_use_builder":"on","_et_pb_old_content":"","_et_gb_content_width":"","footnotes":""},"class_list":["post-237849","page","type-page","status-publish","hentry"],"_links":{"self":[{"href":"https:\/\/exporplas.pt\/es\/wp-json\/wp\/v2\/pages\/237849","targetHints":{"allow":["GET"]}}],"collection":[{"href":"https:\/\/exporplas.pt\/es\/wp-json\/wp\/v2\/pages"}],"about":[{"href":"https:\/\/exporplas.pt\/es\/wp-json\/wp\/v2\/types\/page"}],"author":[{"embeddable":true,"href":"https:\/\/exporplas.pt\/es\/wp-json\/wp\/v2\/users\/2"}],"replies":[{"embeddable":true,"href":"https:\/\/exporplas.pt\/es\/wp-json\/wp\/v2\/comments?post=237849"}],"version-history":[{"count":2,"href":"https:\/\/exporplas.pt\/es\/wp-json\/wp\/v2\/pages\/237849\/revisions"}],"predecessor-version":[{"id":237851,"href":"https:\/\/exporplas.pt\/es\/wp-json\/wp\/v2\/pages\/237849\/revisions\/237851"}],"wp:attachment":[{"href":"https:\/\/exporplas.pt\/es\/wp-json\/wp\/v2\/media?parent=237849"}],"curies":[{"name":"wp","href":"https:\/\/api.w.org\/{rel}","templated":true}]}}