{"id":237200,"date":"2025-08-04T15:59:13","date_gmt":"2025-08-04T15:59:13","guid":{"rendered":"https:\/\/exporplas.pt\/orlando-sa\/"},"modified":"2025-08-04T16:54:10","modified_gmt":"2025-08-04T16:54:10","slug":"encomienda-de-la-orden-del-merito","status":"publish","type":"page","link":"https:\/\/exporplas.pt\/es\/encomienda-de-la-orden-del-merito\/","title":{"rendered":"Encomienda de la Orden del M\u00e9rito"},"content":{"rendered":"<p>[et_pb_section fb_built=\u00bb1&#8243; _builder_version=\u00bb4.27.0&#8243; _module_preset=\u00bbdefault\u00bb custom_margin=\u00bb||||false|false\u00bb custom_margin_tablet=\u00bb||||false|false\u00bb custom_margin_phone=\u00bb||||false|false\u00bb custom_margin_last_edited=\u00bbon|phone\u00bb locked=\u00bboff\u00bb global_colors_info=\u00bb{}\u00bb][et_pb_row _builder_version=\u00bb4.16&#8243; _module_preset=\u00bbdefault\u00bb animation_style=\u00bbslide\u00bb animation_direction=\u00bbbottom\u00bb global_colors_info=\u00bb{}\u00bb][et_pb_column type=\u00bb4_4&#8243; _builder_version=\u00bb4.16&#8243; _module_preset=\u00bbdefault\u00bb global_colors_info=\u00bb{}\u00bb][et_pb_text _builder_version=\u00bb4.27.4&#8243; _module_preset=\u00bbad3c469a-73a4-4c1e-8e67-4ce21c3633ec\u00bb text_text_color=\u00bb#6caf3f\u00bb text_font_size=\u00bb19px\u00bb header_2_text_align=\u00bbcenter\u00bb header_2_text_color=\u00bb#6caf3f\u00bb animation_style=\u00bbnone\u00bb hover_enabled=\u00bb0&#8243; locked=\u00bboff\u00bb global_colors_info=\u00bb{}\u00bb sticky_enabled=\u00bb0&#8243;]<\/p>\n<h2>Encomienda de la Orden del M\u00e9rito<\/h2>\n<p>[\/et_pb_text][et_pb_divider color=\u00bb#cccccc\u00bb divider_weight=\u00bb1px\u00bb _builder_version=\u00bb4.16&#8243; _module_preset=\u00bbdefault\u00bb z_index=\u00bb1&#8243; width=\u00bb250px\u00bb module_alignment=\u00bbcenter\u00bb global_colors_info=\u00bb{}\u00bb][\/et_pb_divider][et_pb_divider divider_weight=\u00bb4px\u00bb _builder_version=\u00bb4.16&#8243; _module_preset=\u00bbdefault\u00bb z_index=\u00bb1&#8243; width=\u00bb95px\u00bb module_alignment=\u00bbcenter\u00bb custom_margin=\u00bb-54px||||false|false\u00bb custom_padding=\u00bb0px||||false|false\u00bb global_colors_info=\u00bb{}\u00bb][\/et_pb_divider][\/et_pb_column][\/et_pb_row][\/et_pb_section][et_pb_section fb_built=\u00bb1&#8243; custom_padding_last_edited=\u00bbon|tablet\u00bb _builder_version=\u00bb4.27.0&#8243; _module_preset=\u00bbdefault\u00bb background_enable_color=\u00bboff\u00bb custom_margin=\u00bb0px||||false|false\u00bb custom_margin_tablet=\u00bb||||false|false\u00bb custom_margin_phone=\u00bb||||false|false\u00bb custom_margin_last_edited=\u00bbon|desktop\u00bb custom_padding=\u00bb0px||||false|false\u00bb custom_padding_tablet=\u00bb75px||||false|false\u00bb custom_padding_phone=\u00bb50px||||false|false\u00bb background_last_edited=\u00bbon|phone\u00bb use_background_color_gradient_tablet=\u00bbon\u00bb use_background_color_gradient_phone=\u00bbon\u00bb background_color_gradient_stops_tablet=\u00bb#f7f7f7 0%|#ffffff 100%\u00bb background_color_gradient_stops_phone=\u00bb#f7f7f7 0%|#ffffff 99%\u00bb global_colors_info=\u00bb{}\u00bb][et_pb_row column_structure=\u00bb3_5,2_5&#8243; make_equal=\u00bbon\u00bb custom_padding_last_edited=\u00bbon|desktop\u00bb _builder_version=\u00bb4.27.0&#8243; _module_preset=\u00bbdefault\u00bb custom_margin=\u00bb0px||||false|false\u00bb custom_margin_tablet=\u00bb0px||||false|false\u00bb custom_margin_phone=\u00bb0px||||false|false\u00bb custom_margin_last_edited=\u00bbon|desktop\u00bb custom_padding=\u00bb0px||||false|false\u00bb custom_padding_tablet=\u00bb0px||||false|false\u00bb custom_padding_phone=\u00bb0px||||false|false\u00bb animation_style=\u00bbslide\u00bb animation_direction=\u00bbbottom\u00bb global_colors_info=\u00bb{}\u00bb][et_pb_column type=\u00bb3_5&#8243; _builder_version=\u00bb4.16&#8243; _module_preset=\u00bbdefault\u00bb global_colors_info=\u00bb{}\u00bb][et_pb_image src=\u00bbhttps:\/\/exporplas.pt\/wp-content\/uploads\/2025\/08\/Orlando_Sa_02.jpg\u00bb title_text=\u00bbOrlando_Sa_02&#8243; _builder_version=\u00bb4.27.4&#8243; _module_preset=\u00bbdefault\u00bb background_enable_color=\u00bboff\u00bb locked=\u00bboff\u00bb global_colors_info=\u00bb{}\u00bb][\/et_pb_image][\/et_pb_column][et_pb_column type=\u00bb2_5&#8243; _builder_version=\u00bb4.24.0&#8243; _module_preset=\u00bbdefault\u00bb custom_css_main_element=\u00bbmargin: auto;\u00bb global_colors_info=\u00bb{}\u00bb][et_pb_text _builder_version=\u00bb4.27.4&#8243; _module_preset=\u00bbdefault\u00bb text_font=\u00bbMontserrat||||||||\u00bb header_2_font=\u00bbMontserrat|700|||||||\u00bb header_2_line_height=\u00bb1.3em\u00bb global_colors_info=\u00bb{}\u00bb]<\/p>\n<h1>Fundador del Grupo Exporpl\u00e1s distinguido con la <strong>Encomienda de la Orden del M\u00e9rito<\/strong>.<\/h1>\n<p><\/p>\n<p>&nbsp;<\/p>\n<p><\/p>\n<p><span class=\"Apple-converted-space\">\u00a0<\/span>El 28 de julio, Orlando S\u00e1, fundador y presidente del Grupo Exporpl\u00e1s, fue condecorado con una de las m\u00e1s altas distinciones otorgadas por el Estado portugu\u00e9s: la Encomienda de la Orden del M\u00e9rito.<span class=\"Apple-converted-space\">\u00a0<\/span><\/p>\n<p><\/p>\n<p>La insignia fue entregada por Su Excelencia el Presidente de la Rep\u00fablica, Profesor Marcelo Rebelo de Sousa, en una ceremonia que reconoci\u00f3 el recorrido excepcional de un hombre profundamente vinculado a su tierra y al desarrollo del pa\u00eds.<span class=\"Apple-converted-space\">\u00a0<\/span><\/p>\n<p>[\/et_pb_text][\/et_pb_column][\/et_pb_row][\/et_pb_section][et_pb_section fb_built=\u00bb1&#8243; custom_padding_last_edited=\u00bbon|tablet\u00bb _builder_version=\u00bb4.27.0&#8243; _module_preset=\u00bbdefault\u00bb background_enable_color=\u00bboff\u00bb custom_margin=\u00bb0px||||false|false\u00bb custom_margin_tablet=\u00bb||||false|false\u00bb custom_margin_phone=\u00bb||||false|false\u00bb custom_margin_last_edited=\u00bbon|desktop\u00bb custom_padding=\u00bb0px||||false|false\u00bb custom_padding_tablet=\u00bb75px||||false|false\u00bb custom_padding_phone=\u00bb50px||||false|false\u00bb background_last_edited=\u00bbon|phone\u00bb use_background_color_gradient_tablet=\u00bbon\u00bb use_background_color_gradient_phone=\u00bbon\u00bb background_color_gradient_stops_tablet=\u00bb#f7f7f7 0%|#ffffff 100%\u00bb background_color_gradient_stops_phone=\u00bb#f7f7f7 0%|#ffffff 99%\u00bb global_colors_info=\u00bb{}\u00bb][et_pb_row column_structure=\u00bb2_5,3_5&#8243; make_equal=\u00bbon\u00bb _builder_version=\u00bb4.24.0&#8243; _module_preset=\u00bbdefault\u00bb animation_style=\u00bbslide\u00bb animation_direction=\u00bbbottom\u00bb global_colors_info=\u00bb{}\u00bb][et_pb_column type=\u00bb2_5&#8243; _builder_version=\u00bb4.24.0&#8243; _module_preset=\u00bbdefault\u00bb custom_css_main_element=\u00bbmargin: auto;\u00bb global_colors_info=\u00bb{}\u00bb][et_pb_text _builder_version=\u00bb4.27.4&#8243; _module_preset=\u00bbdefault\u00bb text_font=\u00bbMontserrat||||||||\u00bb header_2_font=\u00bbMontserrat|700|||||||\u00bb header_2_line_height=\u00bb1.3em\u00bb custom_margin=\u00bb||25px||false|false\u00bb global_colors_info=\u00bb{}\u00bb]<\/p>\n<p>&nbsp;<\/p>\n<p><\/p>\n<p><span class=\"Apple-converted-space\">\u00a0<\/span>Natural de Cortega\u00e7a, en el municipio de Ovar, Orlando S\u00e1 siempre se ha destacado por su esp\u00edritu de servicio, compromiso c\u00edvico y promoci\u00f3n del desarrollo econ\u00f3mico y social de la regi\u00f3n. Su trayectoria incluye d\u00e9cadas de dedicaci\u00f3n como empresario, dirigente local y benefactor, siempre guiado por un fuerte sentido de misi\u00f3n y cercan\u00eda a la comunidad.<span class=\"Apple-converted-space\">\u00a0<\/span><\/p>\n<p><\/p>\n<p>Este reconocimiento es motivo de enorme orgullo para todos los que han caminado a su lado &#8211; colaboradores, parceros, familiares, amigos y vecinos de Cortega\u00e7a &#8211; y sirve como testimonio del impacto que puede tener un liderazgo comprometido con el bien com\u00fan en la vida de una comunidad.<span class=\"Apple-converted-space\">\u00a0<\/span><\/p>\n<p>[\/et_pb_text][\/et_pb_column][et_pb_column type=\u00bb3_5&#8243; _builder_version=\u00bb4.16&#8243; _module_preset=\u00bbdefault\u00bb global_colors_info=\u00bb{}\u00bb][et_pb_image src=\u00bbhttps:\/\/exporplas.pt\/wp-content\/uploads\/2025\/08\/Orlando_Sa_03.jpg\u00bb title_text=\u00bbOrlando_Sa_03&#8243; _builder_version=\u00bb4.27.4&#8243; _module_preset=\u00bbdefault\u00bb background_enable_color=\u00bboff\u00bb global_colors_info=\u00bb{}\u00bb][\/et_pb_image][\/et_pb_column][\/et_pb_row][\/et_pb_section][et_pb_section fb_built=\u00bb1&#8243; custom_padding_last_edited=\u00bbon|tablet\u00bb _builder_version=\u00bb4.27.0&#8243; _module_preset=\u00bbdefault\u00bb background_enable_color=\u00bboff\u00bb custom_margin=\u00bb0px||||false|false\u00bb custom_margin_tablet=\u00bb||||false|false\u00bb custom_margin_phone=\u00bb||||false|false\u00bb custom_margin_last_edited=\u00bbon|desktop\u00bb custom_padding=\u00bb0px||||false|false\u00bb custom_padding_tablet=\u00bb75px||||false|false\u00bb custom_padding_phone=\u00bb50px||||false|false\u00bb background_last_edited=\u00bbon|phone\u00bb use_background_color_gradient_tablet=\u00bbon\u00bb use_background_color_gradient_phone=\u00bbon\u00bb background_color_gradient_stops_tablet=\u00bb#f7f7f7 0%|#ffffff 100%\u00bb background_color_gradient_stops_phone=\u00bb#f7f7f7 0%|#ffffff 99%\u00bb global_colors_info=\u00bb{}\u00bb][et_pb_row column_structure=\u00bb3_5,2_5&#8243; make_equal=\u00bbon\u00bb _builder_version=\u00bb4.24.0&#8243; _module_preset=\u00bbdefault\u00bb animation_style=\u00bbslide\u00bb animation_direction=\u00bbbottom\u00bb global_colors_info=\u00bb{}\u00bb][et_pb_column type=\u00bb3_5&#8243; _builder_version=\u00bb4.16&#8243; _module_preset=\u00bbdefault\u00bb global_colors_info=\u00bb{}\u00bb][et_pb_image src=\u00bbhttps:\/\/exporplas.pt\/wp-content\/uploads\/2025\/08\/Orlando_Sa_04.jpg\u00bb title_text=\u00bbOrlando_Sa_04&#8243; _builder_version=\u00bb4.27.4&#8243; _module_preset=\u00bbdefault\u00bb background_enable_color=\u00bboff\u00bb global_colors_info=\u00bb{}\u00bb][\/et_pb_image][\/et_pb_column][et_pb_column type=\u00bb2_5&#8243; _builder_version=\u00bb4.24.0&#8243; _module_preset=\u00bbdefault\u00bb custom_css_main_element=\u00bbmargin: auto;\u00bb global_colors_info=\u00bb{}\u00bb][et_pb_text _builder_version=\u00bb4.27.4&#8243; _module_preset=\u00bbdefault\u00bb text_font=\u00bbMontserrat||||||||\u00bb header_2_font=\u00bbMontserrat|700|||||||\u00bb header_2_line_height=\u00bb1.3em\u00bb global_colors_info=\u00bb{}\u00bb]<\/p>\n<p>&nbsp;<\/p>\n<p><\/p>\n<p><span class=\"Apple-converted-space\">\u00a0<\/span>La distinci\u00f3n de Comendador de la Orden del M\u00e9rito confirma oficialmente lo que desde hace mucho es reconocido por todos: su ejemplo de integridad, dedicaci\u00f3n y humanidad.<span class=\"Apple-converted-space\">\u00a0<\/span><\/p>\n<p><\/p>\n<p>Exporpl\u00e1s felicita a su fundador y expresa su m\u00e1s profundo agradecimiento por el legado que sigue construyendo.<\/p>\n<p><\/p>\n<p><b>Enhorabuena y gracias, Se\u00f1or Comendador Orlando S\u00e1.<span class=\"Apple-converted-space\">\u00a0<\/span><\/b><\/p>\n<p>[\/et_pb_text][\/et_pb_column][\/et_pb_row][\/et_pb_section]<\/p>\n","protected":false},"excerpt":{"rendered":"<p>Encomienda de la Orden del M\u00e9ritoFundador del Grupo Exporpl\u00e1s distinguido con la Encomienda de la Orden del M\u00e9rito.&nbsp;\u00a0El 28 de julio, Orlando S\u00e1, fundador y presidente del Grupo Exporpl\u00e1s, fue condecorado con una de las m\u00e1s altas distinciones otorgadas por el Estado portugu\u00e9s: la Encomienda de la Orden del M\u00e9rito.\u00a0La insignia fue entregada por Su Excelencia el Presidente de la Rep\u00fablica, Profesor Marcelo Rebelo de Sousa, en una ceremonia que reconoci\u00f3 el recorrido excepcional de un hombre profundamente vinculado a su tierra y al desarrollo del pa\u00eds.\u00a0&nbsp;\u00a0Natural de Cortega\u00e7a, en el municipio de Ovar, Orlando S\u00e1 siempre se ha destacado por su esp\u00edritu de servicio, compromiso c\u00edvico y promoci\u00f3n del desarrollo econ\u00f3mico y social de la regi\u00f3n. Su trayectoria incluye d\u00e9cadas de dedicaci\u00f3n como empresario, dirigente local y benefactor, siempre guiado por un fuerte sentido de misi\u00f3n y cercan\u00eda a la comunidad.\u00a0Este reconocimiento es motivo de enorme orgullo para todos los que han caminado a su lado &#8211; colaboradores, parceros, familiares, amigos y vecinos de Cortega\u00e7a &#8211; y sirve como testimonio del impacto que puede tener un liderazgo comprometido con el bien com\u00fan en la vida de una comunidad.\u00a0&nbsp;\u00a0La distinci\u00f3n de Comendador de la Orden del M\u00e9rito confirma oficialmente lo [&hellip;]<\/p>\n","protected":false},"author":2,"featured_media":0,"parent":0,"menu_order":0,"comment_status":"closed","ping_status":"closed","template":"","meta":{"_et_pb_use_builder":"on","_et_pb_old_content":"","_et_gb_content_width":"","footnotes":""},"class_list":["post-237200","page","type-page","status-publish","hentry"],"_links":{"self":[{"href":"https:\/\/exporplas.pt\/es\/wp-json\/wp\/v2\/pages\/237200","targetHints":{"allow":["GET"]}}],"collection":[{"href":"https:\/\/exporplas.pt\/es\/wp-json\/wp\/v2\/pages"}],"about":[{"href":"https:\/\/exporplas.pt\/es\/wp-json\/wp\/v2\/types\/page"}],"author":[{"embeddable":true,"href":"https:\/\/exporplas.pt\/es\/wp-json\/wp\/v2\/users\/2"}],"replies":[{"embeddable":true,"href":"https:\/\/exporplas.pt\/es\/wp-json\/wp\/v2\/comments?post=237200"}],"version-history":[{"count":7,"href":"https:\/\/exporplas.pt\/es\/wp-json\/wp\/v2\/pages\/237200\/revisions"}],"predecessor-version":[{"id":237228,"href":"https:\/\/exporplas.pt\/es\/wp-json\/wp\/v2\/pages\/237200\/revisions\/237228"}],"wp:attachment":[{"href":"https:\/\/exporplas.pt\/es\/wp-json\/wp\/v2\/media?parent=237200"}],"curies":[{"name":"wp","href":"https:\/\/api.w.org\/{rel}","templated":true}]}}