{"id":236914,"date":"2025-04-08T12:39:22","date_gmt":"2025-04-08T12:39:22","guid":{"rendered":"https:\/\/manage.exporplas\/politica-de-cookies\/"},"modified":"2025-04-08T12:39:24","modified_gmt":"2025-04-08T12:39:24","slug":"politica-de-cookies","status":"publish","type":"page","link":"https:\/\/exporplas.pt\/es\/politica-de-cookies\/","title":{"rendered":"Pol\u00edtica de Cookies"},"content":{"rendered":"<p>[et_pb_section fb_built=\u00bb1&#8243; _builder_version=\u00bb4.27.4&#8243; _module_preset=\u00bbdefault\u00bb global_colors_info=\u00bb{}\u00bb][et_pb_row _builder_version=\u00bb4.27.4&#8243; _module_preset=\u00bbdefault\u00bb global_colors_info=\u00bb{}\u00bb][et_pb_column type=\u00bb4_4&#8243; _builder_version=\u00bb4.27.4&#8243; _module_preset=\u00bbdefault\u00bb global_colors_info=\u00bb{}\u00bb][et_pb_code _builder_version=\u00bb4.27.4&#8243; _module_preset=\u00bbdefault\u00bb global_colors_info=\u00bb{}\u00bb]<!-- [et_pb_line_break_holder] --><\/p>\n<h2>Exporpl\u00e1s \u2013 Industria de Exportaci\u00f3n de Pl\u00e1sticos, S.A. Pol\u00edtica de Cookies<\/h2>\n<p><!-- [et_pb_line_break_holder] --><pee>Fecha de entrada en vigor: 8 de abril de 2025<\/pee><!-- [et_pb_line_break_holder] --><pee>Utilizamos cookies para ayudar a mejorar su experiencia en nuestro sitio web en <a href=\"https:\/\/exporplas.pt\/es\/\">https:\/\/exporplas.pt<\/a>. Esta pol\u00edtica de cookies es parte de la pol\u00edtica de privacidad de Exporpl\u00e1s \u2013 Industria de Exportaci\u00f3n de Pl\u00e1sticos, S.A. Cubre el uso de cookies entre su dispositivo y nuestro sitio.<\/pee><!-- [et_pb_line_break_holder] --><pee>Tambi\u00e9n proporcionamos informaci\u00f3n b\u00e1sica sobre los servicios de terceros que podemos utilizar, quienes tambi\u00e9n pueden usar cookies como parte de su servicio. Esta pol\u00edtica no cubre sus cookies.<\/pee><!-- [et_pb_line_break_holder] --><pee>Si no desea aceptar cookies por nuestra parte, debe indicar a su navegador que rechace las cookies del <a href=\"https:\/\/exporplas.pt\/es\/\">https:\/\/exporplas.pt<\/a>. En tal caso, puede que no podamos proporcionarle parte del contenido y servicios que desea.<\/pee><!-- [et_pb_line_break_holder] --><!-- --><!-- [et_pb_line_break_holder] --><\/p>\n<h3>\u00bfQu\u00e9 es una cookie?<\/h3>\n<p><!-- [et_pb_line_break_holder] --><pee>Una cookie es un peque\u00f1o fragmento de datos que un sitio web almacena en su dispositivo cuando lo visita. T\u00edpicamente contiene informaci\u00f3n sobre el propio sitio web, un identificador \u00fanico que permite al sitio reconocer su navegador web cuando regresa, datos adicionales que sirven para el prop\u00f3sito de la cookie y la duraci\u00f3n de la propia cookie.<\/pee><!-- [et_pb_line_break_holder] --><pee>Las cookies se utilizan para habilitar ciertas funciones (por ejemplo, iniciar sesi\u00f3n), rastrear el uso del sitio (por ejemplo, anal\u00edticas), almacenar sus configuraciones (por ejemplo, zona horaria, preferencias de notificaci\u00f3n) y personalizar su contenido (por ejemplo, publicidad, idioma).<\/pee><!-- [et_pb_line_break_holder] --><pee>Las cookies establecidas por el sitio web que est\u00e1 visitando suelen denominarse cookies propias. Normalmente solo rastrean su actividad en ese sitio particular.<\/pee><!-- [et_pb_line_break_holder] --><!-- [et_pb_line_break_holder] --><pee>Las cookies establecidas por otros sitios y empresas (es decir, terceros) se llaman cookies de terceros. Pueden usarse para rastrear su actividad en otros sitios web que utilizan el mismo servicio de terceros.<\/pee><!-- [et_pb_line_break_holder] --><!-- --><!-- [et_pb_line_break_holder] --><\/p>\n<h3>Tipos de cookies y c\u00f3mo las usamos<\/h3>\n<p><!-- [et_pb_line_break_holder] --><\/p>\n<h4>Cookies esenciales<\/h4>\n<p><!-- [et_pb_line_break_holder] --><pee>Las cookies esenciales son cruciales para su experiencia en un sitio web, habilitando funciones b\u00e1sicas como inicios de sesi\u00f3n de usuario, gesti\u00f3n de cuentas, carritos de compra y procesamiento de pagos.<\/pee><!-- [et_pb_line_break_holder] --><pee>Utilizamos cookies esenciales para habilitar ciertas funciones en nuestro sitio web.<\/pee><!-- [et_pb_line_break_holder] --><\/p>\n<h4>Cookies de rendimiento<\/h4>\n<p><!-- [et_pb_line_break_holder] --><pee>Las cookies de rendimiento rastrean c\u00f3mo utiliza un sitio web durante su visita. T\u00edpicamente, esta informaci\u00f3n es an\u00f3nima y agregada, con datos rastreados entre todos los usuarios del sitio. Ayudan a las empresas a comprender los patrones de uso de los visitantes, identificar y diagnosticar problemas o errores que sus usuarios pueden encontrar y tomar mejores decisiones estrat\u00e9gicas para mejorar la experiencia general del sitio web para su audiencia. Estas cookies pueden ser establecidas por el sitio web que est\u00e1 visitando (cookies propias) o por servicios de terceros. No recogen informaci\u00f3n personal sobre usted.<\/pee><!-- [et_pb_line_break_holder] --><pee>Utilizamos cookies de rendimiento en nuestro sitio.<\/pee><!-- [et_pb_line_break_holder] --><\/p>\n<h4>Cookies funcionales<\/h4>\n<p><!-- [et_pb_line_break_holder] --><pee>Las cookies funcionales se utilizan para recopilar informaci\u00f3n sobre su dispositivo y cualquier configuraci\u00f3n que pueda configurar en el sitio web que est\u00e1 visitando (como configuraciones de idioma y zona horaria). Con esta informaci\u00f3n, los sitios web pueden ofrecerle contenido y servicios personalizados, mejorados u optimizados. Estas cookies pueden ser establecidas por el sitio web que est\u00e1 visitando (cookies propias) o por servicios de terceros.<\/pee><!-- [et_pb_line_break_holder] --><!-- [et_pb_line_break_holder] --><pee>Utilizamos cookies funcionales para caracter\u00edsticas seleccionadas en nuestro sitio.<\/pee><!-- [et_pb_line_break_holder] --><\/p>\n<h4>Cookies de segmentaci\u00f3n\/publicidad<\/h4>\n<p><!-- [et_pb_line_break_holder] --><pee>Las cookies de segmentaci\u00f3n\/publicidad ayudan a determinar qu\u00e9 contenido promocional es m\u00e1s relevante y apropiado para usted y sus intereses. Los sitios web pueden usarlas para entregar publicidad dirigida o limitar la cantidad de veces que ve un anuncio. Esto ayuda a las empresas a mejorar la efectividad de sus campa\u00f1as y la calidad del contenido presentado. Estas cookies pueden ser establecidas por el sitio web que est\u00e1 visitando (cookies propias) o por servicios de terceros. Las cookies de segmentaci\u00f3n\/publicidad establecidas por terceros pueden utilizarse para rastrearlo en otros sitios web que utilizan el mismo servicio de terceros.<\/pee><!-- [et_pb_line_break_holder] --><pee>Utilizamos cookies de segmentaci\u00f3n\/publicidad en nuestro sitio.<\/pee><!-- [et_pb_line_break_holder] --><!-- --><!-- [et_pb_line_break_holder] --><\/p>\n<h3>\u00bfC\u00f3mo puede controlar el uso de cookies en nuestro sitio web?<\/h3>\n<p><!-- [et_pb_line_break_holder] --><pee>Tiene derecho a decidir si acepta o rechaza las cookies en nuestro sitio web. Puede gestionar sus preferencias de cookies en nuestro Gestor de Consentimiento de Cookies. El Gestor de Consentimiento le permite seleccionar qu\u00e9 categor\u00edas de cookies acepta o rechaza. Las cookies esenciales no se pueden rechazar ya que son estrictamente necesarias para proporcionarle los servicios en nuestro sitio.<\/pee><!-- [et_pb_line_break_holder] --><pee>Tambi\u00e9n puede establecer o modificar sus preferencias de cookies gestionando la configuraci\u00f3n de su navegador web. Dado que cada navegador es diferente, consulte las instrucciones proporcionadas por su navegador (t\u00edpicamente en la secci\u00f3n \u00abayuda\u00bb). Si decide rechazar o desactivar las cookies, a\u00fan podr\u00e1 usar el sitio web, aunque algunas funcionalidades del mismo pueden no estar disponibles para usted.<\/pee><!-- [et_pb_line_break_holder] --><!-- --><!-- [et_pb_line_break_holder] --><\/p>\n<h3>\u00bfCon qu\u00e9 frecuencia actualizaremos esta Pol\u00edtica de Cookies?<\/h3>\n<p><!-- [et_pb_line_break_holder] --><!-- [et_pb_line_break_holder] --><pee>Podemos actualizar esta Pol\u00edtica de Cookies de vez en cuando para reflejar cualquier cambio en las cookies y tecnolog\u00edas relacionadas que utilizamos, o por otras razones operativas, legales o regulatorias.<\/pee><!-- [et_pb_line_break_holder] --><pee>Cada vez que utilice nuestro sitio web, se aplicar\u00e1 la versi\u00f3n actual de la Pol\u00edtica de Cookies. Al utilizar nuestro sitio web, debe verificar la fecha de esta Pol\u00edtica de Cookies (que aparece en la parte superior de este documento) y revisar cualquier cambio desde la \u00faltima versi\u00f3n.<\/pee><!-- [et_pb_line_break_holder] --><!-- --><!-- [et_pb_line_break_holder] --><\/p>\n<h3>\u00bfD\u00f3nde puede obtener m\u00e1s informaci\u00f3n?<\/h3>\n<p><!-- [et_pb_line_break_holder] --><pee>Para cualquier pregunta o inquietud relacionada con nuestra Pol\u00edtica de Cookies, puede contactarnos utilizando los siguientes datos:<\/pee><!-- [et_pb_line_break_holder] --><pee>Exporpl\u00e1s &#8211; Ind\u00fastria De Exporta\u00e7\u00e3o De Pl\u00e1sticos, S.A.<!\u2013- [et_pb_br_holder] -\u2013><!-- [et_pb_line_break_holder] -->R. dos Sobrais 89, 3885-307 Cortega\u00e7a<!\u2013- [et_pb_br_holder] -\u2013><!-- [et_pb_line_break_holder] -->info@exporplas.pt<\/pee><!-- [et_pb_line_break_holder] -->[\/et_pb_code][\/et_pb_column][\/et_pb_row][\/et_pb_section]<\/p>\n","protected":false},"excerpt":{"rendered":"","protected":false},"author":0,"featured_media":0,"parent":0,"menu_order":0,"comment_status":"closed","ping_status":"closed","template":"","meta":{"_et_pb_use_builder":"on","_et_pb_old_content":"","_et_gb_content_width":"","footnotes":""},"class_list":["post-236914","page","type-page","status-publish","hentry"],"_links":{"self":[{"href":"https:\/\/exporplas.pt\/es\/wp-json\/wp\/v2\/pages\/236914","targetHints":{"allow":["GET"]}}],"collection":[{"href":"https:\/\/exporplas.pt\/es\/wp-json\/wp\/v2\/pages"}],"about":[{"href":"https:\/\/exporplas.pt\/es\/wp-json\/wp\/v2\/types\/page"}],"replies":[{"embeddable":true,"href":"https:\/\/exporplas.pt\/es\/wp-json\/wp\/v2\/comments?post=236914"}],"version-history":[{"count":2,"href":"https:\/\/exporplas.pt\/es\/wp-json\/wp\/v2\/pages\/236914\/revisions"}],"predecessor-version":[{"id":236916,"href":"https:\/\/exporplas.pt\/es\/wp-json\/wp\/v2\/pages\/236914\/revisions\/236916"}],"wp:attachment":[{"href":"https:\/\/exporplas.pt\/es\/wp-json\/wp\/v2\/media?parent=236914"}],"curies":[{"name":"wp","href":"https:\/\/api.w.org\/{rel}","templated":true}]}}