{"id":235264,"date":"2024-06-28T10:31:52","date_gmt":"2024-06-28T10:31:52","guid":{"rendered":"https:\/\/manage.exporplas\/areas-de-negocio\/agricultura\/hilo-de-empacar\/r1-gen-2-0\/"},"modified":"2024-06-28T10:52:19","modified_gmt":"2024-06-28T10:52:19","slug":"r1-gen-2-0","status":"publish","type":"page","link":"https:\/\/exporplas.pt\/es\/areas-de-negocio\/agricultura\/hilo-de-empacar\/r1-gen-2-0\/","title":{"rendered":"R1 GEN 2.0"},"content":{"rendered":"<p>[et_pb_section fb_built=\u00bb1&#8243; _builder_version=\u00bb4.16&#8243; _module_preset=\u00bb1aa77664-506e-4896-aba7-807e7db78016&#8243; locked=\u00bboff\u00bb global_colors_info=\u00bb{}\u00bb][et_pb_row _builder_version=\u00bb4.16&#8243; _module_preset=\u00bbdefault\u00bb max_width=\u00bb1230px\u00bb custom_margin=\u00bb||||false|false\u00bb custom_padding=\u00bb0px||0px||false|false\u00bb global_colors_info=\u00bb{}\u00bb][et_pb_column type=\u00bb4_4&#8243; _builder_version=\u00bb4.16&#8243; _module_preset=\u00bbdefault\u00bb global_colors_info=\u00bb{}\u00bb][dsm_breadcrumbs _builder_version=\u00bb4.16&#8243; _module_preset=\u00bb7726ac8d-7222-46bd-8a73-3088c2807996&#8243; global_colors_info=\u00bb{}\u00bb][\/dsm_breadcrumbs][\/et_pb_column][\/et_pb_row][\/et_pb_section][et_pb_section fb_built=\u00bb1&#8243; disabled_on=\u00bbon|on|on\u00bb admin_label=\u00bbproduto\u00bb _builder_version=\u00bb4.16&#8243; _module_preset=\u00bbdefault\u00bb background_color=\u00bb#000000&#8243; z_index=\u00bb3&#8243; custom_padding=\u00bb0px||||false|false\u00bb disabled=\u00bbon\u00bb global_colors_info=\u00bb{}\u00bb][et_pb_row disabled_on=\u00bbon|off|off\u00bb _builder_version=\u00bb4.16&#8243; _module_preset=\u00bbdefault\u00bb global_colors_info=\u00bb{}\u00bb][et_pb_column type=\u00bb4_4&#8243; _builder_version=\u00bb4.16&#8243; _module_preset=\u00bbdefault\u00bb global_colors_info=\u00bb{}\u00bb][et_pb_text _builder_version=\u00bb4.25.2&#8243; _module_preset=\u00bbdefault\u00bb text_font=\u00bbMontserrat|600|||||||\u00bb text_text_color=\u00bb#6caf3f\u00bb text_font_size=\u00bb19px\u00bb text_orientation=\u00bbcenter\u00bb global_colors_info=\u00bb{}\u00bb]<\/p>\n<p>AGRICULTURA | EXPORPL\u00c1S <strong>R1 GEN 2.0<\/strong><\/p>\n<p>[\/et_pb_text][et_pb_divider color=\u00bb#cccccc\u00bb divider_weight=\u00bb1px\u00bb _builder_version=\u00bb4.16&#8243; _module_preset=\u00bbdefault\u00bb z_index=\u00bb1&#8243; width=\u00bb250px\u00bb module_alignment=\u00bbcenter\u00bb locked=\u00bboff\u00bb global_colors_info=\u00bb{}\u00bb][\/et_pb_divider][et_pb_divider divider_weight=\u00bb4px\u00bb _builder_version=\u00bb4.16&#8243; _module_preset=\u00bbdefault\u00bb z_index=\u00bb1&#8243; width=\u00bb95px\u00bb module_alignment=\u00bbcenter\u00bb custom_margin=\u00bb-54px||||false|false\u00bb custom_padding=\u00bb0px||||false|false\u00bb locked=\u00bboff\u00bb global_colors_info=\u00bb{}\u00bb][\/et_pb_divider][\/et_pb_column][\/et_pb_row][\/et_pb_section][et_pb_section fb_built=\u00bb1&#8243; module_id=\u00bbproduct\u00bb _builder_version=\u00bb4.25.2&#8243; _module_preset=\u00bbdefault\u00bb background_color=\u00bb#000000&#8243; z_index=\u00bb3&#8243; custom_margin=\u00bb||||false|false\u00bb custom_margin_tablet=\u00bb||180px||false|false\u00bb custom_margin_phone=\u00bb||||false|false\u00bb custom_margin_last_edited=\u00bboff|desktop\u00bb custom_padding=\u00bb0px||||false|false\u00bb locked=\u00bboff\u00bb global_colors_info=\u00bb{}\u00bb][et_pb_row _builder_version=\u00bb4.25.2&#8243; _module_preset=\u00bbdefault\u00bb global_colors_info=\u00bb{}\u00bb][et_pb_column type=\u00bb4_4&#8243; _builder_version=\u00bb4.16&#8243; _module_preset=\u00bbdefault\u00bb global_colors_info=\u00bb{}\u00bb][et_pb_text _builder_version=\u00bb4.25.2&#8243; _module_preset=\u00bbdefault\u00bb text_font=\u00bbMontserrat|300|||||||\u00bb text_text_color=\u00bb#FFFFFF\u00bb text_font_size=\u00bb45px\u00bb text_line_height=\u00bb1em\u00bb header_text_color=\u00bb#FFFFFF\u00bb header_3_font=\u00bbMontserrat|600|||||||\u00bb header_3_text_color=\u00bb#FFFFFF\u00bb header_3_font_size=\u00bb45px\u00bb global_colors_info=\u00bb{}\u00bb]<\/p>\n<h3>EXPORPL\u00c1S<\/h3>\n<p><strong>R1<\/strong> GEN2.0<\/p>\n<p>[\/et_pb_text][et_pb_video src=\u00bbhttps:\/\/youtu.be\/W_cFGIIts2U\u00bb image_src=\u00bbhttps:\/\/exporplas.pt\/wp-content\/uploads\/2024\/06\/News_R1_GEN_2.jpg\u00bb play_icon_color=\u00bb#e02b20&#8243; font_icon=\u00bb&#xe0a3;||divi||400&#8243; use_icon_font_size=\u00bbon\u00bb icon_font_size=\u00bb60px\u00bb icon_font_size_tablet=\u00bb60px\u00bb icon_font_size_phone=\u00bb40px\u00bb icon_font_size_last_edited=\u00bbon|phone\u00bb _builder_version=\u00bb4.25.2&#8243; _module_preset=\u00bbdefault\u00bb module_alignment=\u00bbcenter\u00bb global_colors_info=\u00bb{}\u00bb][\/et_pb_video][\/et_pb_column][\/et_pb_row][\/et_pb_section][et_pb_section fb_built=\u00bb1&#8243; module_id=\u00bbproduct\u00bb _builder_version=\u00bb4.25.2&#8243; _module_preset=\u00bbdefault\u00bb background_color=\u00bb#000000&#8243; z_index=\u00bb3&#8243; custom_margin=\u00bb||||false|false\u00bb custom_margin_tablet=\u00bb||180px||false|false\u00bb custom_margin_phone=\u00bb||||false|false\u00bb custom_margin_last_edited=\u00bboff|desktop\u00bb custom_padding=\u00bb0px||||false|false\u00bb locked=\u00bboff\u00bb global_colors_info=\u00bb{}\u00bb][et_pb_row column_structure=\u00bb1_2,1_2&#8243; _builder_version=\u00bb4.16&#8243; _module_preset=\u00bbdefault\u00bb global_colors_info=\u00bb{}\u00bb][et_pb_column type=\u00bb1_2&#8243; _builder_version=\u00bb4.16&#8243; _module_preset=\u00bbdefault\u00bb global_colors_info=\u00bb{}\u00bb][et_pb_text _builder_version=\u00bb4.25.2&#8243; _module_preset=\u00bbdefault\u00bb text_text_color=\u00bb#FFFFFF\u00bb global_colors_info=\u00bb{}\u00bb]<\/p>\n<p>En Exporpl\u00e1s SA, no nos conformamos con los \u00e9xitos del pasado, sino que nos esforzamos continuamente por innovar y superar sus expectativas.<\/p>\n<p>El hilo de empacar <strong>R1 GEN2.0<\/strong> ofrece una resistencia y versatilidad imbatible para todas sus necesidades de empacado.<\/p>\n<p>Dise\u00f1ado para soportar condiciones y temperaturas extremas de empacado, nuestro hilo sobresale en aplicaciones de paja, heno y ensilado de alta densidad.<\/p>\n<p>Al superar a otras soluciones del mercado, el <strong>R1 GEN2.0<\/strong> produce fardos m\u00e1s densos, maximizando su rendimiento por fardo. Esto significa m\u00e1s productividad, costos reducidos y operaciones m\u00e1s fluidas en general.<\/p>\n<p><strong>\u00bfEst\u00e1s listo para lograr m\u00e1s con menos?<\/strong><\/p>\n<p>Compatible con m\u00e1quinas empacadoras Ultra HD y HD, es la mejor opci\u00f3n para la durabilidad y la eficiencia, lo que le brinda el mejor retorno de su inversi\u00f3n.<\/p>\n<p><strong>Experimente el rendimiento superior del R1 GEN2.0: la pr\u00f3xima generaci\u00f3n de hilo de empacar.<\/strong><\/p>\n<p>[\/et_pb_text][et_pb_text _builder_version=\u00bb4.16&#8243; _module_preset=\u00bbdefault\u00bb global_colors_info=\u00bb{}\u00bb]<\/p>\n<p><span style=\"text-decoration: underline;\"><strong><a href=\"mailto:info@exporplas.pt\">Para mas informaci\u00f3n contactenos<\/a><a href=\"mailto:info@exporplas.pt\">.<\/a><\/strong><\/span><\/p>\n<p>[\/et_pb_text][et_pb_button button_url=\u00bb@ET-DC@eyJkeW5hbWljIjp0cnVlLCJjb250ZW50IjoicG9zdF9saW5rX3VybF9wYWdlIiwic2V0dGluZ3MiOnsicG9zdF9pZCI6IjIyNTI5MyJ9fQ==@\u00bb button_text=\u00bbVOLVER\u00bb button_alignment=\u00bbleft\u00bb _builder_version=\u00bb4.25.2&#8243; _dynamic_attributes=\u00bbbutton_url\u00bb _module_preset=\u00bbdefault\u00bb custom_button=\u00bbon\u00bb button_text_size=\u00bb9px\u00bb button_text_color=\u00bb#ffffff\u00bb button_bg_color=\u00bb#6caf3f\u00bb button_border_width=\u00bb10px\u00bb button_border_color=\u00bbrgba(47,56,84,0)\u00bb button_border_radius=\u00bb60px\u00bb button_letter_spacing=\u00bb1px\u00bb button_font=\u00bb|700||on|||||\u00bb button_use_icon=\u00bboff\u00bb animation_style=\u00bbfade\u00bb hover_enabled=\u00bb0&#8243; locked=\u00bboff\u00bb global_colors_info=\u00bb{}\u00bb button_border_radius__hover=\u00bb66px\u00bb button_border_radius__hover_enabled=\u00bbon\u00bb button_letter_spacing__hover=\u00bb1px\u00bb button_letter_spacing__hover_enabled=\u00bbon\u00bb sticky_enabled=\u00bb0&#8243;][\/et_pb_button][\/et_pb_column][et_pb_column type=\u00bb1_2&#8243; _builder_version=\u00bb4.16&#8243; _module_preset=\u00bbdefault\u00bb global_colors_info=\u00bb{}\u00bb][et_pb_image src=\u00bbhttps:\/\/exporplas.pt\/wp-content\/uploads\/2024\/06\/R1_Gen_2_0_.png\u00bb title_text=\u00bbR1_Gen_2_0_\u00bb _builder_version=\u00bb4.25.2&#8243; _module_preset=\u00bbdefault\u00bb animation_style=\u00bbslide\u00bb animation_direction=\u00bbright\u00bb border_radii=\u00bbon|250px|250px|250px|250px\u00bb global_colors_info=\u00bb{}\u00bb][\/et_pb_image][\/et_pb_column][\/et_pb_row][\/et_pb_section]<\/p>\n","protected":false},"excerpt":{"rendered":"<p><div class=\"et_pb_module dsm_breadcrumbs dsm_breadcrumbs_0\">\n\t\t\t\t\n\t\t\t\t\n\t\t\t\t\n\t\t\t\t\n\t\t\t\t\n\t\t\t\t\n\t\t\t\t<div class=\"et_pb_module_inner\">\n\t\t\t\t\t<nav class=\"dsm_breadcrumbs_wrap\">\n\t\t\t\t<ul class=\"dsm_breadcrumbs\" itemscope itemtype=\"https:\/\/schema.org\/BreadcrumbList\">\t\t\t<li class=\"dsm_breadcrumbs_item dsm_home_item dsm_home_item_custom\" itemprop=\"itemListElement\" itemscope\n\t\t\titemtype=\"https:\/\/schema.org\/ListItem\">\n\t\t\t\t<a href=\"https:\/\/exporplas.pt\/es\/\" itemprop=\"item\" target=\"\">\n\t\t\t\t\t<span class='dsm_home_text_wrapper'>\n\t\t\t\t\t\t\t\t\t\t\t\t\t<span class=\"et-pb-icon dsm_home_icon\">\ue009<\/span>\n\t\t\t\t\t\t\t\t\t\t\t\t\t<span class=\"dsm_home_text\" itemprop=\"name\">\n\t\t\t\t\t\t\t\t \t\t\t\t\t\t\t<\/span>\n\t\t\t\t\t<\/span>\n\t\t\t\t<\/a>\n\t\t\t\t<meta itemprop=\"position\" content=\"1\" \/>\n\t\t\t<\/li>\n\n\t\t<li class=\"dsm_breadcrumbs_separator\"> <span class=\"et-pb-icon dsm_separator_icon\">5<\/span><\/li><\/ul>\n\t\t\t<\/nav>\n\t\t\t\t<\/div>\n\t\t\t<\/div>AGRICULTURA | EXPORPL\u00c1S R1 GEN 2.0EXPORPL\u00c1S R1 GEN2.0En Exporpl\u00e1s SA, no nos conformamos con los \u00e9xitos del pasado, sino que nos esforzamos continuamente por innovar y superar sus expectativas. El hilo de empacar R1 GEN2.0 ofrece una resistencia y versatilidad imbatible para todas sus necesidades de empacado. Dise\u00f1ado para soportar condiciones y temperaturas extremas de empacado, nuestro hilo sobresale en aplicaciones de paja, heno y ensilado de alta densidad. Al superar a otras soluciones del mercado, el R1 GEN2.0 produce fardos m\u00e1s densos, maximizando su rendimiento por fardo. Esto significa m\u00e1s productividad, costos reducidos y operaciones m\u00e1s fluidas en general. \u00bfEst\u00e1s listo para lograr m\u00e1s con menos? Compatible con m\u00e1quinas empacadoras Ultra HD y HD, es la mejor opci\u00f3n para la durabilidad y la eficiencia, lo que le brinda el mejor retorno de su inversi\u00f3n. Experimente el rendimiento superior del R1 GEN2.0: la pr\u00f3xima generaci\u00f3n de hilo de empacar.Para mas informaci\u00f3n contactenos.<\/p>\n","protected":false},"author":0,"featured_media":0,"parent":225922,"menu_order":0,"comment_status":"closed","ping_status":"closed","template":"","meta":{"_et_pb_use_builder":"on","_et_pb_old_content":"","_et_gb_content_width":"","footnotes":""},"class_list":["post-235264","page","type-page","status-publish","hentry"],"_links":{"self":[{"href":"https:\/\/exporplas.pt\/es\/wp-json\/wp\/v2\/pages\/235264","targetHints":{"allow":["GET"]}}],"collection":[{"href":"https:\/\/exporplas.pt\/es\/wp-json\/wp\/v2\/pages"}],"about":[{"href":"https:\/\/exporplas.pt\/es\/wp-json\/wp\/v2\/types\/page"}],"replies":[{"embeddable":true,"href":"https:\/\/exporplas.pt\/es\/wp-json\/wp\/v2\/comments?post=235264"}],"version-history":[{"count":0,"href":"https:\/\/exporplas.pt\/es\/wp-json\/wp\/v2\/pages\/235264\/revisions"}],"up":[{"embeddable":true,"href":"https:\/\/exporplas.pt\/es\/wp-json\/wp\/v2\/pages\/225922"}],"wp:attachment":[{"href":"https:\/\/exporplas.pt\/es\/wp-json\/wp\/v2\/media?parent=235264"}],"curies":[{"name":"wp","href":"https:\/\/api.w.org\/{rel}","templated":true}]}}