{"id":234009,"date":"2024-01-24T17:32:38","date_gmt":"2024-01-24T17:32:38","guid":{"rendered":"https:\/\/manage.exporplas\/politica-de-calidad\/"},"modified":"2024-12-09T17:03:17","modified_gmt":"2024-12-09T17:03:17","slug":"politica-de-calidad","status":"publish","type":"page","link":"https:\/\/exporplas.pt\/es\/politica-de-calidad\/","title":{"rendered":"Pol\u00edtica de Calidad"},"content":{"rendered":"<p>[et_pb_section fb_built=\u00bb1&#8243; _builder_version=\u00bb4.16&#8243; global_colors_info=\u00bb{}\u00bb][et_pb_row _builder_version=\u00bb4.16&#8243; background_size=\u00bbinitial\u00bb background_position=\u00bbtop_left\u00bb background_repeat=\u00bbrepeat\u00bb global_colors_info=\u00bb{}\u00bb][et_pb_column type=\u00bb4_4&#8243; _builder_version=\u00bb4.16&#8243; custom_padding=\u00bb|||\u00bb global_colors_info=\u00bb{}\u00bb custom_padding__hover=\u00bb|||\u00bb][et_pb_text _builder_version=\u00bb4.27.4&#8243; background_size=\u00bbinitial\u00bb background_position=\u00bbtop_left\u00bb background_repeat=\u00bbrepeat\u00bb global_colors_info=\u00bb{}\u00bb]<\/p>\n<h2>POL\u00cdTICA DE CALIDAD<\/h2>\n<p>Buscamos la excelencia en Calidad en todas las actividades que desarrollamos, con el objetivo de satisfacer a las partes interesadas, mejorar continuamente el Sistema de Gesti\u00f3n de la Calidad y cumplir con los requisitos de los clientes, as\u00ed como con los reglamentarios, estatutarios y normativos aplicables, y otros a los que la organizaci\u00f3n se adhiera y que sean relevantes para el producto. Para ello, el Grupo Exporpl\u00e1s se basa en los siguientes principios:<\/p>\n<p>&nbsp;<\/p>\n<ul>\n<li>Conocimiento de las necesidades de las diversas partes interesadas;<\/li>\n<li>B\u00fasqueda de la optimizaci\u00f3n de nuestros productos y servicios para garantizar una mejora continua;<\/li>\n<li>Capacidad de responder de manera adecuada, r\u00e1pida y cualitativa a las expectativas de los clientes;<\/li>\n<li>Capacitaci\u00f3n y valorizaci\u00f3n de nuestros recursos humanos;<\/li>\n<li>Mejora continua de las condiciones de trabajo;<\/li>\n<li>Promoci\u00f3n de la reducci\u00f3n de costes;<\/li>\n<li>Creaci\u00f3n de valor a\u00f1adido que garantice la continuidad y rentabilidad de la empresa;<\/li>\n<\/ul>\n<p>[\/et_pb_text][et_pb_text _builder_version=\u00bb4.27.4&#8243; background_size=\u00bbinitial\u00bb background_position=\u00bbtop_left\u00bb background_repeat=\u00bbrepeat\u00bb hover_enabled=\u00bb0&#8243; global_colors_info=\u00bb{}\u00bb sticky_enabled=\u00bb0&#8243;]<\/p>\n<p><em>29-11-2024<\/em><\/p>\n<p>[\/et_pb_text][\/et_pb_column][\/et_pb_row][\/et_pb_section]<\/p>\n","protected":false},"excerpt":{"rendered":"<p>POL\u00cdTICA DE CALIDAD Buscamos la excelencia en Calidad en todas las actividades que desarrollamos, con el objetivo de satisfacer a las partes interesadas, mejorar continuamente el Sistema de Gesti\u00f3n de la Calidad y cumplir con los requisitos de los clientes, as\u00ed como con los reglamentarios, estatutarios y normativos aplicables, y otros a los que la organizaci\u00f3n se adhiera y que sean relevantes para el producto. Para ello, el Grupo Exporpl\u00e1s se basa en los siguientes principios: &nbsp; Conocimiento de las necesidades de las diversas partes interesadas; B\u00fasqueda de la optimizaci\u00f3n de nuestros productos y servicios para garantizar una mejora continua; Capacidad de responder de manera adecuada, r\u00e1pida y cualitativa a las expectativas de los clientes; Capacitaci\u00f3n y valorizaci\u00f3n de nuestros recursos humanos; Mejora continua de las condiciones de trabajo; Promoci\u00f3n de la reducci\u00f3n de costes; Creaci\u00f3n de valor a\u00f1adido que garantice la continuidad y rentabilidad de la empresa; 29-11-2024<\/p>\n","protected":false},"author":0,"featured_media":0,"parent":0,"menu_order":0,"comment_status":"closed","ping_status":"closed","template":"","meta":{"_et_pb_use_builder":"on","_et_pb_old_content":"","_et_gb_content_width":"","footnotes":""},"class_list":["post-234009","page","type-page","status-publish","hentry"],"_links":{"self":[{"href":"https:\/\/exporplas.pt\/es\/wp-json\/wp\/v2\/pages\/234009","targetHints":{"allow":["GET"]}}],"collection":[{"href":"https:\/\/exporplas.pt\/es\/wp-json\/wp\/v2\/pages"}],"about":[{"href":"https:\/\/exporplas.pt\/es\/wp-json\/wp\/v2\/types\/page"}],"replies":[{"embeddable":true,"href":"https:\/\/exporplas.pt\/es\/wp-json\/wp\/v2\/comments?post=234009"}],"version-history":[{"count":0,"href":"https:\/\/exporplas.pt\/es\/wp-json\/wp\/v2\/pages\/234009\/revisions"}],"wp:attachment":[{"href":"https:\/\/exporplas.pt\/es\/wp-json\/wp\/v2\/media?parent=234009"}],"curies":[{"name":"wp","href":"https:\/\/api.w.org\/{rel}","templated":true}]}}