{"id":233946,"date":"2024-01-19T11:43:10","date_gmt":"2024-01-19T11:43:10","guid":{"rendered":"https:\/\/manage.exporplas\/criterios-de-evaluacion-de-rendimiento-de-proveedores\/"},"modified":"2026-02-10T16:33:58","modified_gmt":"2026-02-10T16:33:58","slug":"criterios-de-evaluacion-de-rendimiento-de-proveedores","status":"publish","type":"page","link":"https:\/\/exporplas.pt\/es\/criterios-de-evaluacion-de-rendimiento-de-proveedores\/","title":{"rendered":"Criterios de Evaluaci\u00f3n de Rendimiento de Proveedores"},"content":{"rendered":"<p>[et_pb_section fb_built=\u00bb1&#8243; _builder_version=\u00bb4.16&#8243; global_colors_info=\u00bb{}\u00bb][et_pb_row _builder_version=\u00bb4.16&#8243; background_size=\u00bbinitial\u00bb background_position=\u00bbtop_left\u00bb background_repeat=\u00bbrepeat\u00bb global_colors_info=\u00bb{}\u00bb][et_pb_column type=\u00bb4_4&#8243; _builder_version=\u00bb4.16&#8243; custom_padding=\u00bb|||\u00bb global_colors_info=\u00bb{}\u00bb custom_padding__hover=\u00bb|||\u00bb][et_pb_text _builder_version=\u00bb4.27.4&#8243; background_size=\u00bbinitial\u00bb background_position=\u00bbtop_left\u00bb background_repeat=\u00bbrepeat\u00bb hover_enabled=\u00bb0&#8243; global_colors_info=\u00bb{}\u00bb sticky_enabled=\u00bb0&#8243;]<\/p>\n<h2>Criterios de Evaluaci\u00f3n de Rendimiento de Proveedores.<span style=\"font-size: 16px;\">\u00a0<\/span><\/h2>\n<p>&nbsp;<\/p>\n<p>Estimados proveedores,<\/p>\n<p>Nos complace informarles sobre nuestros criterios de evaluaci\u00f3n de rendimiento de proveedores. Estos criterios est\u00e1n dise\u00f1ados para garantizar que trabajemos con proveedores que cumplan constantemente con nuestros altos est\u00e1ndares de calidad, servicio y confiabilidad.<br \/>Los indicadores clave de rendimiento que utilizaremos para evaluar a nuestros proveedores son los siguientes:<\/p>\n<ul>\n<li style=\"list-style-type: none;\">\n<ul>\n<li>Entrega a tiempo: Esperamos que los proveedores entreguen los productos a tiempo y en su totalidad. Cualquier retraso o discrepancia ser\u00e1 cuidadosamente revisado y podr\u00eda afectar nuestra relaci\u00f3n comercial futura.<\/li>\n<li>Respuesta a entregas urgentes: Reconocemos la importancia de una respuesta oportuna a entregas urgentes. Esperamos que nuestros proveedores hagan todo lo posible para atender solicitudes urgentes y proporcionar actualizaciones oportunas sobre el estado de estos pedidos.<\/li>\n<li>Calidad del producto: Exigimos una calidad sin concesiones de nuestros proveedores. Inspeccionaremos cuidadosamente todos los productos recibidos para asegurarnos de que cumplan con nuestras especificaciones y satisfagan las necesidades de nuestros clientes. Cualquier producto no conforme podr\u00e1 ser rechazado.<\/li>\n<li>Servicio al cliente: Valoramos nuestras relaciones con nuestros proveedores y esperamos que proporcionen un servicio al cliente proactivo y \u00fatil. Respuestas r\u00e1pidas a las solicitudes, resoluci\u00f3n de problemas eficiente y un compromiso con la satisfacci\u00f3n del cliente son elementos esenciales de nuestra asociaci\u00f3n.<\/li>\n<\/ul>\n<\/li>\n<\/ul>\n<p>Se realizar\u00e1n evaluaciones de rendimiento peri\u00f3dicas para evaluar a nuestros proveedores seg\u00fan estos criterios. Podremos proporcionar comentarios a nuestros proveedores para que puedan comprender nuestras expectativas y tomar medidas para mejorar su rendimiento.<br \/>Agradecemos el continuo compromiso de nuestros proveedores en la entrega de productos y servicios de alta calidad. Al trabajar juntos, podemos garantizar que EXPORPL\u00c1S S.A.\/OMNICOR LTD. contin\u00fae ofreciendo productos y servicios excepcionales a nuestros clientes.<br \/>Gracias por su atenci\u00f3n a este asunto.<\/p>\n<p>[\/et_pb_text][\/et_pb_column][\/et_pb_row][\/et_pb_section]<\/p>\n","protected":false},"excerpt":{"rendered":"<p>Criterios de Evaluaci\u00f3n de Rendimiento de Proveedores.\u00a0 &nbsp; Estimados proveedores, Nos complace informarles sobre nuestros criterios de evaluaci\u00f3n de rendimiento de proveedores. Estos criterios est\u00e1n dise\u00f1ados para garantizar que trabajemos con proveedores que cumplan constantemente con nuestros altos est\u00e1ndares de calidad, servicio y confiabilidad.Los indicadores clave de rendimiento que utilizaremos para evaluar a nuestros proveedores son los siguientes: Entrega a tiempo: Esperamos que los proveedores entreguen los productos a tiempo y en su totalidad. Cualquier retraso o discrepancia ser\u00e1 cuidadosamente revisado y podr\u00eda afectar nuestra relaci\u00f3n comercial futura. Respuesta a entregas urgentes: Reconocemos la importancia de una respuesta oportuna a entregas urgentes. Esperamos que nuestros proveedores hagan todo lo posible para atender solicitudes urgentes y proporcionar actualizaciones oportunas sobre el estado de estos pedidos. Calidad del producto: Exigimos una calidad sin concesiones de nuestros proveedores. Inspeccionaremos cuidadosamente todos los productos recibidos para asegurarnos de que cumplan con nuestras especificaciones y satisfagan las necesidades de nuestros clientes. Cualquier producto no conforme podr\u00e1 ser rechazado. Servicio al cliente: Valoramos nuestras relaciones con nuestros proveedores y esperamos que proporcionen un servicio al cliente proactivo y \u00fatil. Respuestas r\u00e1pidas a las solicitudes, resoluci\u00f3n de problemas eficiente y un compromiso con la satisfacci\u00f3n del cliente [&hellip;]<\/p>\n","protected":false},"author":0,"featured_media":0,"parent":0,"menu_order":0,"comment_status":"closed","ping_status":"closed","template":"","meta":{"_et_pb_use_builder":"on","_et_pb_old_content":"","_et_gb_content_width":"","footnotes":""},"class_list":["post-233946","page","type-page","status-publish","hentry"],"_links":{"self":[{"href":"https:\/\/exporplas.pt\/es\/wp-json\/wp\/v2\/pages\/233946","targetHints":{"allow":["GET"]}}],"collection":[{"href":"https:\/\/exporplas.pt\/es\/wp-json\/wp\/v2\/pages"}],"about":[{"href":"https:\/\/exporplas.pt\/es\/wp-json\/wp\/v2\/types\/page"}],"replies":[{"embeddable":true,"href":"https:\/\/exporplas.pt\/es\/wp-json\/wp\/v2\/comments?post=233946"}],"version-history":[{"count":4,"href":"https:\/\/exporplas.pt\/es\/wp-json\/wp\/v2\/pages\/233946\/revisions"}],"predecessor-version":[{"id":238314,"href":"https:\/\/exporplas.pt\/es\/wp-json\/wp\/v2\/pages\/233946\/revisions\/238314"}],"wp:attachment":[{"href":"https:\/\/exporplas.pt\/es\/wp-json\/wp\/v2\/media?parent=233946"}],"curies":[{"name":"wp","href":"https:\/\/api.w.org\/{rel}","templated":true}]}}