{"id":233451,"date":"2023-07-28T11:58:34","date_gmt":"2023-07-28T11:58:34","guid":{"rendered":"https:\/\/manage.exporplas\/carrera\/"},"modified":"2024-04-02T10:58:24","modified_gmt":"2024-04-02T10:58:24","slug":"carrera","status":"publish","type":"page","link":"https:\/\/exporplas.pt\/es\/carrera\/","title":{"rendered":"CARRERA"},"content":{"rendered":"<p>[et_pb_section fb_built=\u00bb1&#8243; fullwidth=\u00bbon\u00bb _builder_version=\u00bb4.21.0&#8243; _module_preset=\u00bbdefault\u00bb global_colors_info=\u00bb{}\u00bb][et_pb_fullwidth_slider show_arrows=\u00bboff\u00bb show_pagination=\u00bboff\u00bb _builder_version=\u00bb4.21.0&#8243; _module_preset=\u00bbdefault\u00bb height=\u00bb350px\u00bb height_tablet=\u00bb230px\u00bb height_phone=\u00bb130px\u00bb height_last_edited=\u00bbon|desktop\u00bb auto=\u00bbon\u00bb auto_speed=\u00bb6000&#8243; auto_ignore_hover=\u00bbon\u00bb hover_transition_duration=\u00bb3000ms\u00bb global_colors_info=\u00bb{}\u00bb][et_pb_slide _builder_version=\u00bb4.21.0&#8243; _module_preset=\u00bbdefault\u00bb background_enable_color=\u00bboff\u00bb background_image=\u00bbhttps:\/\/exporplas.pt\/wp-content\/uploads\/2023\/06\/Banners_RH_001.jpg\u00bb background_enable_image=\u00bbon\u00bb global_colors_info=\u00bb{}\u00bb sticky_transition=\u00bbon\u00bb][\/et_pb_slide][et_pb_slide _builder_version=\u00bb4.21.0&#8243; _module_preset=\u00bbdefault\u00bb background_enable_color=\u00bboff\u00bb background_image=\u00bbhttps:\/\/exporplas.pt\/wp-content\/uploads\/2023\/06\/Banners_RH_002.jpg\u00bb background_enable_image=\u00bbon\u00bb global_colors_info=\u00bb{}\u00bb sticky_transition=\u00bbon\u00bb][\/et_pb_slide][et_pb_slide _builder_version=\u00bb4.21.0&#8243; _module_preset=\u00bbdefault\u00bb background_enable_color=\u00bboff\u00bb background_image=\u00bbhttps:\/\/exporplas.pt\/wp-content\/uploads\/2023\/06\/Banners_RH_003_.jpg\u00bb background_enable_image=\u00bbon\u00bb global_colors_info=\u00bb{}\u00bb sticky_transition=\u00bbon\u00bb][\/et_pb_slide][et_pb_slide _builder_version=\u00bb4.21.0&#8243; _module_preset=\u00bbdefault\u00bb background_enable_color=\u00bboff\u00bb background_image=\u00bbhttps:\/\/exporplas.pt\/wp-content\/uploads\/2023\/06\/Banners_RH_004.jpg\u00bb background_enable_image=\u00bbon\u00bb global_colors_info=\u00bb{}\u00bb sticky_transition=\u00bbon\u00bb][\/et_pb_slide][et_pb_slide _builder_version=\u00bb4.21.0&#8243; _module_preset=\u00bbdefault\u00bb background_enable_color=\u00bboff\u00bb background_image=\u00bbhttps:\/\/exporplas.pt\/wp-content\/uploads\/2023\/06\/Banners_RH_005.jpg\u00bb background_enable_image=\u00bbon\u00bb global_colors_info=\u00bb{}\u00bb sticky_transition=\u00bbon\u00bb][\/et_pb_slide][\/et_pb_fullwidth_slider][\/et_pb_section][et_pb_section fb_built=\u00bb1&#8243; _builder_version=\u00bb4.21.0&#8243; _module_preset=\u00bbdefault\u00bb min_height=\u00bb376.1px\u00bb custom_margin=\u00bb||||false|false\u00bb custom_margin_last_edited=\u00bboff|desktop\u00bb custom_padding=\u00bb||0px|||\u00bb top_divider_height_tablet=\u00bb\u00bb top_divider_height_phone=\u00bb\u00bb top_divider_height_last_edited=\u00bbon|desktop\u00bb global_colors_info=\u00bb{}\u00bb][et_pb_row _builder_version=\u00bb4.21.0&#8243; _module_preset=\u00bbdefault\u00bb custom_margin=\u00bb||||false|false\u00bb custom_margin_last_edited=\u00bboff|desktop\u00bb animation_style=\u00bbslide\u00bb animation_direction=\u00bbbottom\u00bb animation_delay=\u00bb350ms\u00bb animation_intensity_slide=\u00bb15%\u00bb animation_starting_opacity=\u00bb5%\u00bb global_colors_info=\u00bb{}\u00bb][et_pb_column type=\u00bb4_4&#8243; _builder_version=\u00bb4.16&#8243; _module_preset=\u00bbdefault\u00bb global_colors_info=\u00bb{}\u00bb][et_pb_text _builder_version=\u00bb4.23.1&#8243; _module_preset=\u00bbad3c469a-73a4-4c1e-8e67-4ce21c3633ec\u00bb text_text_color=\u00bb#6caf3f\u00bb text_font_size=\u00bb19px\u00bb header_2_font=\u00bbMontserrat||||||||\u00bb header_2_text_align=\u00bbcenter\u00bb header_2_text_color=\u00bb#6caf3f\u00bb header_2_font_size=\u00bb45px\u00bb animation_style=\u00bbnone\u00bb header_2_font_size_tablet=\u00bb45px\u00bb header_2_font_size_phone=\u00bb28px\u00bb header_2_font_size_last_edited=\u00bbon|phone\u00bb global_colors_info=\u00bb{}\u00bb]<\/p>\n<h2>OUR BRAND IS OUR PEOPLE<\/h2>\n<p>[\/et_pb_text][et_pb_divider color=\u00bb#cccccc\u00bb divider_weight=\u00bb1px\u00bb _builder_version=\u00bb4.21.0&#8243; _module_preset=\u00bbdefault\u00bb z_index=\u00bb1&#8243; width=\u00bb250px\u00bb module_alignment=\u00bbcenter\u00bb global_colors_info=\u00bb{}\u00bb][\/et_pb_divider][et_pb_divider divider_weight=\u00bb4px\u00bb _builder_version=\u00bb4.21.0&#8243; _module_preset=\u00bbdefault\u00bb z_index=\u00bb1&#8243; width=\u00bb95px\u00bb module_alignment=\u00bbcenter\u00bb custom_margin=\u00bb-54px||||false|false\u00bb custom_padding=\u00bb0px||||false|false\u00bb global_colors_info=\u00bb{}\u00bb][\/et_pb_divider][et_pb_text _builder_version=\u00bb4.23.1&#8243; _module_preset=\u00bbdefault\u00bb text_font=\u00bbMontserrat||||||||\u00bb global_colors_info=\u00bb{}\u00bb]<\/p>\n<p style=\"text-align: center;\"><span class=\"TextRun SCXW140335171 BCX4\" lang=\"PT-PT\" xml:lang=\"PT-PT\" data-contrast=\"auto\"><span class=\"NormalTextRun SCXW140335171 BCX4\">En el Grupo EXPORPL\u00c1S, compartimos una pasi\u00f3n por la innovaci\u00f3n y un compromiso con la excelencia.\u00a0<\/span><\/span><span class=\"TextRun SCXW140335171 BCX4\" lang=\"PT-PT\" xml:lang=\"PT-PT\" data-contrast=\"auto\"><span class=\"NormalTextRun SCXW140335171 BCX4\">Nuestro equipo, nuestra gente, son el coraz\u00f3n y el alma de nuestro \u00e9xito.<\/span><\/span><span class=\"EOP SCXW140335171 BCX4\" data-ccp-props=\"{&quot;201341983&quot;:0,&quot;335559739&quot;:160,&quot;335559740&quot;:259}\">\u00a0<\/span><span class=\"NormalTextRun SCXW210419885 BCX4\">Buscamos talentos excepcionales para unir<\/span><span class=\"NormalTextRun SCXW210419885 BCX4\">s<\/span><span class=\"NormalTextRun SCXW210419885 BCX4\">e a nuestro equipo. <\/span><span class=\"NormalTextRun ContextualSpellingAndGrammarErrorV2Themed SCXW210419885 BCX4\">Si eres una persona motivada, apasionada por la excelencia y buscando un ambiente de trabajo din\u00e1mico y desafiante, \u00daNETE A NOSOTROS!<\/span><\/p>\n<p style=\"text-align: center;\"><span class=\"NormalTextRun SCXW210419885 BCX4\">Completa<\/span><span class=\"NormalTextRun SCXW210419885 BCX4\"> el formulario a continuaci\u00f3n y adjunta tu curr\u00edculum vitae para iniciar el proceso de selecci\u00f3n. Valoramos la diversidad de habilidades y ofrecemos oportunidades de desarrollo y crecimiento<\/span>.<\/p>\n<p style=\"text-align: center;\"><strong>\u00danete hoy a nuestro equipo y forma parte de una organizaci\u00f3n innovadora que est\u00e1 en constante crecimiento.<\/strong><\/p>\n<p>[\/et_pb_text][\/et_pb_column][\/et_pb_row][et_pb_row column_structure=\u00bb1_3,1_3,1_3&#8243; _builder_version=\u00bb4.24.2&#8243; _module_preset=\u00bbdefault\u00bb custom_margin=\u00bb50px||50px||false|false\u00bb custom_margin_last_edited=\u00bboff|desktop\u00bb animation_style=\u00bbslide\u00bb animation_direction=\u00bbbottom\u00bb animation_delay=\u00bb350ms\u00bb animation_intensity_slide=\u00bb15%\u00bb animation_starting_opacity=\u00bb5%\u00bb hover_enabled=\u00bb0&#8243; global_colors_info=\u00bb{}\u00bb make_equal=\u00bbon\u00bb sticky_enabled=\u00bb0&#8243;][et_pb_column type=\u00bb1_3&#8243; _builder_version=\u00bb4.21.0&#8243; _module_preset=\u00bbdefault\u00bb global_colors_info=\u00bb{}\u00bb background_color=\u00bb#f5f5f5&#8243;][et_pb_testimonial author=\u00bbCatarina Freitas\u00bb portrait_url=\u00bbhttps:\/\/exporplas.pt\/wp-content\/uploads\/2023\/06\/EXPORPLAS-sessao-2_5_CATARINA.jpg\u00bb quote_icon_color=\u00bb#6CAF3F\u00bb use_icon_font_size=\u00bbon\u00bb icon_font_size=\u00bb50px\u00bb icon_font_size_tablet=\u00bb40px\u00bb icon_font_size_phone=\u00bb\u00bb icon_font_size_last_edited=\u00bbon|phone\u00bb _builder_version=\u00bb4.24.2&#8243; _module_preset=\u00bbdefault\u00bb body_font=\u00bbMontserrat||on||||||\u00bb body_text_align=\u00bbcenter\u00bb body_font_size=\u00bb13px\u00bb author_font=\u00bbMontserrat|700|||||||\u00bb author_text_align=\u00bbcenter\u00bb author_text_color=\u00bb#6CAF3F\u00bb author_font_size=\u00bb13px\u00bb custom_padding=\u00bb60px||||false|false\u00bb custom_padding_tablet=\u00bb50px||||false|false\u00bb custom_padding_phone=\u00bb60px||||false|false\u00bb custom_padding_last_edited=\u00bbon|phone\u00bb body_text_align_tablet=\u00bbleft\u00bb body_text_align_phone=\u00bbcenter\u00bb body_text_align_last_edited=\u00bbon|desktop\u00bb global_colors_info=\u00bb{}\u00bb background_enable_color=\u00bboff\u00bb]<\/p>\n<p>EXPORPL\u00c1S es una empresa que apuesta por la innovaci\u00f3n y el desarrollo.<\/p>\n<p>[\/et_pb_testimonial][\/et_pb_column][et_pb_column type=\u00bb1_3&#8243; _builder_version=\u00bb4.21.0&#8243; _module_preset=\u00bbdefault\u00bb global_colors_info=\u00bb{}\u00bb background_color=\u00bb#f5f5f5&#8243;][et_pb_testimonial author=\u00bbV\u00edtor Correia \u00bb portrait_url=\u00bbhttps:\/\/exporplas.pt\/wp-content\/uploads\/2023\/12\/EXPORPLAS-sessao-2_3_VITOR.jpg\u00bb quote_icon_color=\u00bb#6CAF3F\u00bb use_icon_font_size=\u00bbon\u00bb icon_font_size=\u00bb50px\u00bb icon_font_size_tablet=\u00bb40px\u00bb icon_font_size_phone=\u00bb\u00bb icon_font_size_last_edited=\u00bbon|phone\u00bb _builder_version=\u00bb4.24.2&#8243; _module_preset=\u00bbdefault\u00bb body_font=\u00bbMontserrat||on||||||\u00bb body_text_align=\u00bbcenter\u00bb body_font_size=\u00bb13px\u00bb author_font=\u00bbMontserrat|700|||||||\u00bb author_text_align=\u00bbcenter\u00bb author_text_color=\u00bb#6CAF3F\u00bb author_font_size=\u00bb13px\u00bb custom_padding=\u00bb60px||||false|false\u00bb custom_padding_tablet=\u00bb50px||||false|false\u00bb custom_padding_phone=\u00bb60px||||false|false\u00bb custom_padding_last_edited=\u00bbon|phone\u00bb hover_enabled=\u00bb0&#8243; body_text_align_tablet=\u00bbleft\u00bb body_text_align_phone=\u00bbcenter\u00bb body_text_align_last_edited=\u00bbon|desktop\u00bb global_colors_info=\u00bb{}\u00bb background_enable_color=\u00bboff\u00bb sticky_enabled=\u00bb0&#8243;]<\/p>\n<p>EXPORPL\u00c1S me permite nuevos desaf\u00edos y crecer de manera sostenible.<\/p>\n<p>[\/et_pb_testimonial][\/et_pb_column][et_pb_column type=\u00bb1_3&#8243; _builder_version=\u00bb4.21.0&#8243; _module_preset=\u00bbdefault\u00bb global_colors_info=\u00bb{}\u00bb background_color=\u00bb#f5f5f5&#8243;][et_pb_testimonial author=\u00bbCarla Oliveira\u00bb portrait_url=\u00bbhttps:\/\/exporplas.pt\/wp-content\/uploads\/2023\/12\/EXPORPLAS-sessao-2_2_CARLA.jpg\u00bb quote_icon_color=\u00bb#6CAF3F\u00bb use_icon_font_size=\u00bbon\u00bb icon_font_size=\u00bb50px\u00bb icon_font_size_tablet=\u00bb40px\u00bb icon_font_size_phone=\u00bb\u00bb icon_font_size_last_edited=\u00bbon|phone\u00bb _builder_version=\u00bb4.24.2&#8243; _module_preset=\u00bbdefault\u00bb body_font=\u00bbMontserrat||on||||||\u00bb body_text_align=\u00bbcenter\u00bb body_font_size=\u00bb13px\u00bb author_font=\u00bbMontserrat|700|||||||\u00bb author_text_align=\u00bbcenter\u00bb author_text_color=\u00bb#6CAF3F\u00bb author_font_size=\u00bb13px\u00bb custom_padding=\u00bb60px||||false|false\u00bb custom_padding_tablet=\u00bb50px||||false|false\u00bb custom_padding_phone=\u00bb60px||||false|false\u00bb custom_padding_last_edited=\u00bbon|phone\u00bb body_text_align_tablet=\u00bbleft\u00bb body_text_align_phone=\u00bbcenter\u00bb body_text_align_last_edited=\u00bbon|desktop\u00bb global_colors_info=\u00bb{}\u00bb background_enable_color=\u00bboff\u00bb]<\/p>\n<p>Trabajar en EXPORPL\u00c1S es una experiencia din\u00e1mica e interactiva.<\/p>\n<p>[\/et_pb_testimonial][\/et_pb_column][\/et_pb_row][\/et_pb_section][et_pb_section fb_built=\u00bb1&#8243; disabled_on=\u00bboff|off|off\u00bb _builder_version=\u00bb4.21.0&#8243; _module_preset=\u00bbdefault\u00bb background_enable_color=\u00bboff\u00bb custom_margin=\u00bb||50px||false|false\u00bb custom_margin_tablet=\u00bb||180px||false|false\u00bb custom_margin_phone=\u00bb||170px||false|false\u00bb custom_margin_last_edited=\u00bbon|phone\u00bb custom_padding=\u00bb1px|||||\u00bb global_colors_info=\u00bb{}\u00bb][et_pb_row _builder_version=\u00bb4.21.0&#8243; _module_preset=\u00bbdefault\u00bb animation_style=\u00bbslide\u00bb animation_direction=\u00bbbottom\u00bb animation_delay=\u00bb350ms\u00bb animation_intensity_slide=\u00bb15%\u00bb animation_starting_opacity=\u00bb5%\u00bb global_colors_info=\u00bb{}\u00bb][et_pb_column type=\u00bb4_4&#8243; _builder_version=\u00bb4.21.0&#8243; _module_preset=\u00bbdefault\u00bb global_colors_info=\u00bb{}\u00bb][et_pb_text _builder_version=\u00bb4.21.0&#8243; _module_preset=\u00bbdefault\u00bb text_font=\u00bbMontserrat||||||||\u00bb header_2_font=\u00bbMontserrat||||||||\u00bb header_2_text_color=\u00bb#6CAF3F\u00bb header_2_font_size=\u00bb22px\u00bb global_colors_info=\u00bb{}\u00bb]<\/p>\n<h2 style=\"text-align: center;\">ENVIAR SOLICITUD<\/h2>\n<p>[\/et_pb_text][dsm_contact_form_7 cf7_library=\u00bb233512&#8243; show_validation=\u00bbon\u00bb file_padding=\u00bb||25px||false|false\u00bb _builder_version=\u00bb4.24.2&#8243; _module_preset=\u00bbdefault\u00bb custom_button_one=\u00bbon\u00bb button_one_text_size=\u00bb9px\u00bb button_one_text_color=\u00bb#ffffff\u00bb button_one_bg_color=\u00bb#6caf3f\u00bb button_one_border_width=\u00bb10px\u00bb button_one_border_color=\u00bbrgba(47,56,84,0)\u00bb button_one_border_radius=\u00bb60px\u00bb button_one_letter_spacing=\u00bb1px\u00bb button_one_font=\u00bb|700||on|||||\u00bb button_one_use_icon=\u00bboff\u00bb border_width_all_error_validation=\u00bb1px\u00bb border_width_all_validation_success=\u00bb1px\u00bb global_colors_info=\u00bb{}\u00bb button_one_border_radius__hover=\u00bb66px\u00bb button_one_border_radius__hover_enabled=\u00bbon|desktop\u00bb button_one_letter_spacing__hover=\u00bb1px\u00bb button_one_letter_spacing__hover_enabled=\u00bbon\u00bb][\/dsm_contact_form_7][\/et_pb_column][\/et_pb_row][\/et_pb_section]<\/p>\n","protected":false},"excerpt":{"rendered":"<p>OUR BRAND IS OUR PEOPLEEn el Grupo EXPORPL\u00c1S, compartimos una pasi\u00f3n por la innovaci\u00f3n y un compromiso con la excelencia.\u00a0Nuestro equipo, nuestra gente, son el coraz\u00f3n y el alma de nuestro \u00e9xito.\u00a0Buscamos talentos excepcionales para unirse a nuestro equipo. Si eres una persona motivada, apasionada por la excelencia y buscando un ambiente de trabajo din\u00e1mico y desafiante, \u00daNETE A NOSOTROS! Completa el formulario a continuaci\u00f3n y adjunta tu curr\u00edculum vitae para iniciar el proceso de selecci\u00f3n. Valoramos la diversidad de habilidades y ofrecemos oportunidades de desarrollo y crecimiento. \u00danete hoy a nuestro equipo y forma parte de una organizaci\u00f3n innovadora que est\u00e1 en constante crecimiento.EXPORPL\u00c1S es una empresa que apuesta por la innovaci\u00f3n y el desarrollo.EXPORPL\u00c1S me permite nuevos desaf\u00edos y crecer de manera sostenible.Trabajar en EXPORPL\u00c1S es una experiencia din\u00e1mica e interactiva.ENVIAR SOLICITUD<div class=\"et_pb_with_border et_pb_module dsm_contact_form_7 dsm_contact_form_7_0 et_hover_enabled\">\n\t\t\t\t\n\t\t\t\t\n\t\t\t\t\n\t\t\t\t\n\t\t\t\t\n\t\t\t\t\n\t\t\t\t<div class=\"et_pb_module_inner\">\n\t\t\t\t\t<div class=\"\">\n\t\t\t\t\n<div class=\"wpcf7 no-js\" id=\"wpcf7-f233512-o1\" lang=\"es-ES\" dir=\"ltr\" data-wpcf7-id=\"233512\">\n<div class=\"screen-reader-response\"><p role=\"status\" aria-live=\"polite\" aria-atomic=\"true\"><\/p> <ul><\/ul><\/div>\n<form action=\"\/es\/wp-json\/wp\/v2\/pages\/233451#wpcf7-f233512-o1\" method=\"post\" class=\"wpcf7-form init\" aria-label=\"Formulario de contacto\" enctype=\"multipart\/form-data\" novalidate=\"novalidate\" data-status=\"init\">\n<fieldset class=\"hidden-fields-container\"><input type=\"hidden\" name=\"_wpcf7\" value=\"233512\" \/><input type=\"hidden\" name=\"_wpcf7_version\" value=\"6.1.5\" \/><input type=\"hidden\" name=\"_wpcf7_locale\" value=\"es_ES\" \/><input type=\"hidden\" name=\"_wpcf7_unit_tag\" value=\"wpcf7-f233512-o1\" \/><input type=\"hidden\" name=\"_wpcf7_container_post\" value=\"0\" \/><input type=\"hidden\" name=\"_wpcf7_posted_data_hash\" value=\"\" \/>\n<\/fieldset>\n<p><label> Nombre Completo<br \/>\n<span class=\"wpcf7-form-control-wrap\" data-name=\"your-name\"><input size=\"40\" maxlength=\"400\" class=\"wpcf7-form-control wpcf7-text wpcf7-validates-as-required\" autocomplete=\"name\" aria-required=\"true\" aria-invalid=\"false\" value=\"\" type=\"text\" name=\"your-name\" \/><\/span> <\/label>\n<\/p>\n<p><label> Email<br \/>\n<span class=\"wpcf7-form-control-wrap\" data-name=\"your-email\"><input size=\"40\" maxlength=\"400\" class=\"wpcf7-form-control wpcf7-email wpcf7-validates-as-required wpcf7-text wpcf7-validates-as-email\" autocomplete=\"email\" aria-required=\"true\" aria-invalid=\"false\" value=\"\" type=\"email\" name=\"your-email\" \/><\/span> <\/label>\n<\/p>\n<p><label> Sujeto<br \/>\n<span class=\"wpcf7-form-control-wrap\" data-name=\"your-subject\"><input size=\"40\" maxlength=\"400\" class=\"wpcf7-form-control wpcf7-text wpcf7-validates-as-required\" aria-required=\"true\" aria-invalid=\"false\" value=\"\" type=\"text\" name=\"your-subject\" \/><\/span> <\/label>\n<\/p>\n<p><label> Mensaje<br \/>\n<span class=\"wpcf7-form-control-wrap\" data-name=\"your-message\"><textarea cols=\"40\" rows=\"10\" maxlength=\"2000\" class=\"wpcf7-form-control wpcf7-textarea\" aria-invalid=\"false\" name=\"your-message\"><\/textarea><\/span> <\/label>\n<\/p>\n<p><label> Adjuntar archivo<br \/>\n<span class=\"wpcf7-form-control-wrap\" data-name=\"file-736\"><input size=\"40\" class=\"wpcf7-form-control wpcf7-file\" accept=\"image\/*,.docx,.doc,.pdf\" aria-invalid=\"false\" type=\"file\" name=\"file-736\" \/><\/span> <\/label>\n<\/p>\n<p><button class=\"wpcf7-form-control wpcf7-submit has-spinner et_pb_button et_pb_bg_layout_light\" type=\"submit\" value=\"ENVIAR SOLICITUD\">ENVIAR SOLICITUD<\/button>\n<\/p><div class=\"wpcf7-response-output\" aria-hidden=\"true\"><\/div>\n<\/form>\n<\/div>\n\n\t\t\t<\/div>\n\t\t\t\t<\/div>\n\t\t\t<\/div><\/p>\n","protected":false},"author":0,"featured_media":0,"parent":0,"menu_order":0,"comment_status":"closed","ping_status":"closed","template":"","meta":{"_et_pb_use_builder":"on","_et_pb_old_content":"","_et_gb_content_width":"","footnotes":""},"class_list":["post-233451","page","type-page","status-publish","hentry"],"_links":{"self":[{"href":"https:\/\/exporplas.pt\/es\/wp-json\/wp\/v2\/pages\/233451","targetHints":{"allow":["GET"]}}],"collection":[{"href":"https:\/\/exporplas.pt\/es\/wp-json\/wp\/v2\/pages"}],"about":[{"href":"https:\/\/exporplas.pt\/es\/wp-json\/wp\/v2\/types\/page"}],"replies":[{"embeddable":true,"href":"https:\/\/exporplas.pt\/es\/wp-json\/wp\/v2\/comments?post=233451"}],"version-history":[{"count":0,"href":"https:\/\/exporplas.pt\/es\/wp-json\/wp\/v2\/pages\/233451\/revisions"}],"wp:attachment":[{"href":"https:\/\/exporplas.pt\/es\/wp-json\/wp\/v2\/media?parent=233451"}],"curies":[{"name":"wp","href":"https:\/\/api.w.org\/{rel}","templated":true}]}}