{"id":230438,"date":"2022-12-19T18:44:23","date_gmt":"2022-12-19T18:44:23","guid":{"rendered":"https:\/\/manage.exporplas\/?page_id=230438"},"modified":"2023-03-14T10:39:12","modified_gmt":"2023-03-14T10:39:12","slug":"evopack","status":"publish","type":"page","link":"https:\/\/exporplas.pt\/es\/evopack\/","title":{"rendered":"Evopack"},"content":{"rendered":"<p>[et_pb_section fb_built=\u00bb1&#8243; _builder_version=\u00bb4.16&#8243; _module_preset=\u00bbdefault\u00bb background_color=\u00bb#FFFFFF\u00bb background_color_gradient_start=\u00bb#ffffff\u00bb background_color_gradient_end=\u00bb#dddddd\u00bb z_index=\u00bb3&#8243; custom_margin=\u00bb||1px||false|false\u00bb custom_margin_tablet=\u00bb||180px||false|false\u00bb custom_margin_phone=\u00bb||170px||false|false\u00bb custom_margin_last_edited=\u00bbon|phone\u00bb custom_padding=\u00bb45px||45px||false|false\u00bb global_colors_info=\u00bb{}\u00bb][et_pb_row column_structure=\u00bb1_2,1_2&#8243; _builder_version=\u00bb4.17.4&#8243; _module_preset=\u00bbdefault\u00bb custom_padding=\u00bb0px|||||\u00bb locked=\u00bboff\u00bb global_colors_info=\u00bb{}\u00bb][et_pb_column type=\u00bb1_2&#8243; _builder_version=\u00bb4.16&#8243; _module_preset=\u00bbdefault\u00bb global_colors_info=\u00bb{}\u00bb][et_pb_image src=\u00bbhttps:\/\/exporplas.pt\/wp-content\/uploads\/2023\/01\/EVOPACK_ES_01.jpg\u00bb title_text=\u00bbEVOPACK_ES_01&#8243; _builder_version=\u00bb4.18.1&#8243; _module_preset=\u00bbdefault\u00bb global_colors_info=\u00bb{}\u00bb][\/et_pb_image][et_pb_text _builder_version=\u00bb4.18.1&#8243; _module_preset=\u00bbdefault\u00bb text_font=\u00bbMontserrat|300|||||||\u00bb header_font=\u00bbMontserrat||||||||\u00bb header_text_color=\u00bb#2e2aa8&#8243; header_2_font=\u00bbMontserrat|600|||||||\u00bb header_3_font=\u00bbMontserrat||||||||\u00bb header_3_line_height=\u00bb1.3em\u00bb header_4_font=\u00bbMontserrat|500|||||||\u00bb header_5_font=\u00bbMontserrat||||||||\u00bb header_6_font=\u00bbMontserrat||||||||\u00bb hover_enabled=\u00bb0&#8243; locked=\u00bboff\u00bb global_colors_info=\u00bb{}\u00bb sticky_enabled=\u00bb0&#8243;]<\/p>\n<h1><strong><span class=\"TextRun SCXW15629349 BCX4\" lang=\"PT-PT\" xml:lang=\"PT-PT\" data-contrast=\"auto\"><span class=\"NormalTextRun SCXW15629349 BCX4\">EVOPACK<sup style=\"font-size: 50%;\">\u00ae<\/sup><\/span><\/span><\/strong><\/h1>\n<h1><span class=\"TextRun SCXW15629349 BCX4\" lang=\"PT-PT\" xml:lang=\"PT-PT\" data-contrast=\"auto\"><span class=\"NormalTextRun SCXW15629349 BCX4\"><span class=\"NormalTextRun SCXW240597475 BCX4\">Malla<\/span><span class=\"NormalTextRun SCXW240597475 BCX4\"> de paletizaci\u00f3n<\/span><\/span><\/span><\/h1>\n<p>&nbsp;<\/p>\n<h3><strong>La evoluci\u00f3n del embalaje<\/strong><strong>:<\/strong><\/h3>\n<h3>Proteja sus productos, de forma sostenible.<\/h3>\n<p>&nbsp;<\/p>\n<p><strong>La malla de paletizaci\u00f3n es la soluci\u00f3n ideal para utilizar en el embalaje de cualquier producto que requiera circulaci\u00f3n de aire para conservar sus propiedades.<\/strong><span data-ccp-props=\"{&quot;201341983&quot;:0,&quot;335559739&quot;:160,&quot;335559740&quot;:259}\">\u00a0<\/span>\u00a0<\/p>\n<p><span data-contrast=\"auto\"><span class=\"NormalTextRun SCXW20338064 BCX4\">Con una amplia y diversa gama de aplicaciones, se utiliza <\/span><span class=\"NormalTextRun SCXW20338064 BCX4\">frecuentemente<\/span><span class=\"NormalTextRun SCXW20338064 BCX4\"> para frutas, vegetales, c\u00e9sped natural, madera, flores, etc<\/span>.<\/span><span data-ccp-props=\"{&quot;201341983&quot;:0,&quot;335559739&quot;:160,&quot;335559740&quot;:259}\">\u00a0<\/span>\u00a0<\/p>\n<p><strong><span class=\"NormalTextRun SCXW47600783 BCX4\">Garantiza la estabilidad de los pal\u00e9s y permite no utilizar cantoneras <\/span><span class=\"NormalTextRun SCXW47600783 BCX4\">debido a<\/span><span class=\"NormalTextRun SCXW47600783 BCX4\"> la facilidad con la que se adapta incluso a superficies irregulares<\/span>.<\/strong><\/p>\n<p><strong><\/strong><\/p>\n<ul>\n<li><span data-contrast=\"auto\">Dise\u00f1ado como una alternativa superior al film extensible;<\/span><\/li>\n<li><span data-contrast=\"auto\">Producido a partir de materias primas \u201cRespetuosas con el Medio Ambiente\u201d;<\/span><\/li>\n<li><span data-contrast=\"auto\">Permite la circulaci\u00f3n del aire;<\/span><\/li>\n<li><span data-contrast=\"auto\">Es bastante el\u00e1stica, permitiendo embalar muchas m\u00e1s cargas por rollo;<\/span><\/li>\n<li><span data-contrast=\"auto\">Compatible con m\u00e1quinas de paletizaci\u00f3n\/embalaje;<\/span><\/li>\n<li><span data-contrast=\"auto\">Cobertura total en todos los bordes y curvas, siendo por ello adecuada para cargas irregulares;<\/span><\/li>\n<li><span data-contrast=\"auto\">Mantiene su tensi\u00f3n;<\/span><\/li>\n<li><span data-contrast=\"auto\">F\u00e1cil de usar.<\/span><\/li>\n<\/ul>\n<p>[\/et_pb_text][\/et_pb_column][et_pb_column type=\u00bb1_2&#8243; _builder_version=\u00bb4.17.4&#8243; _module_preset=\u00bbdefault\u00bb global_colors_info=\u00bb{}\u00bb][et_pb_text _builder_version=\u00bb4.18.1&#8243; _module_preset=\u00bbdefault\u00bb header_font=\u00bbMontserrat||||||||\u00bb header_text_color=\u00bb#2e2aa8&#8243; header_2_font=\u00bbMontserrat|600|||||||\u00bb header_3_font=\u00bbMontserrat||||||||\u00bb header_3_line_height=\u00bb1.3em\u00bb header_4_font=\u00bbMontserrat|500|||||||\u00bb header_5_font=\u00bbMontserrat||||||||\u00bb header_6_font=\u00bbMontserrat||||||||\u00bb locked=\u00bboff\u00bb global_colors_info=\u00bb{}\u00bb]<\/p>\n<h3 style=\"text-align: left;\"><span class=\"TextRun SCXW78423567 BCX4\" lang=\"ES-ES\" xml:lang=\"ES-ES\" data-contrast=\"auto\"><span class=\"NormalTextRun SCXW78423567 BCX4\">Sostenibilidad<\/span><\/span><\/h3>\n<h1 style=\"text-align: left;\">\u00a0<\/h1>\n<h1 style=\"text-align: left;\"><strong><span class=\"TextRun SCXW163148689 BCX4\" lang=\"ES-ES\" xml:lang=\"ES-ES\" data-contrast=\"auto\"><span class=\"NormalTextRun SCXW163148689 BCX4\">Participe en la acci\u00f3n de reducci\u00f3n de los residuos de pl\u00e1sticos<\/span><\/span>.<\/strong><\/h1>\n<p>&nbsp;<\/p>\n<p><span data-contrast=\"auto\">Hoy en d\u00eda, tambi\u00e9n se considera una alternativa superior al tradicional film de embalaje, siendo una soluci\u00f3n incomparablemente m\u00e1s sostenible debido a la menor necesidad de pl\u00e1stico para envolver un pal\u00e9.<\/span><\/p>\n<p>&nbsp;<\/p>\n<p>&nbsp;<\/p>\n<h1><strong>Producto 100% reciclable.<\/strong><\/h1>\n<p>&nbsp;<\/p>\n<p>&nbsp;<\/p>\n<h3><span data-contrast=\"auto\">Reducci\u00f3n de m\u00e1s del 60% del consumo de pl\u00e1stico.<\/span><\/h3>\n<p>[\/et_pb_text][et_pb_image src=\u00bbhttps:\/\/exporplas.pt\/wp-content\/uploads\/2023\/01\/EVOPACK_ES_02.jpg\u00bb title_text=\u00bbEVOPACK_ES_02&#8243; _builder_version=\u00bb4.18.1&#8243; _module_preset=\u00bbdefault\u00bb global_colors_info=\u00bb{}\u00bb][\/et_pb_image][et_pb_text _builder_version=\u00bb4.18.1&#8243; _module_preset=\u00bbdefault\u00bb header_font=\u00bbMontserrat||||||||\u00bb header_2_font=\u00bbMontserrat|600|||||||\u00bb header_3_font=\u00bbMontserrat||||||||\u00bb header_3_line_height=\u00bb1.3em\u00bb header_4_font=\u00bbMontserrat|500|||||||\u00bb header_5_font=\u00bbMontserrat||||||||\u00bb header_6_font=\u00bbMontserrat||||||||\u00bb locked=\u00bboff\u00bb global_colors_info=\u00bb{}\u00bb]<\/p>\n<p><span data-contrast=\"auto\"><span class=\"NormalTextRun SCXW230152802 BCX4\">Ejemplo: Para cada 100 toneladas de film de <\/span><span class=\"NormalTextRun SCXW230152802 BCX4\">embalaje, usted<\/span><span class=\"NormalTextRun SCXW230152802 BCX4\"> necesita <\/span><span class=\"NormalTextRun SCXW230152802 BCX4\">apenas 40<\/span><span class=\"NormalTextRun SCXW230152802 BCX4\"> toneladas de EVOPACK<sup style=\"font-size: 50%;\">\u00ae<\/sup> para alcanzar el mismo rendimiento<\/span>.<\/span><\/p>\n<p><strong>Evopack<sup style=\"font-size: 50%;\">\u00ae<\/sup> | L<span class=\"NormalTextRun SCXW144631739 BCX4\">a soluci\u00f3n de embalaje <\/span><span class=\"NormalTextRun SCXW144631739 BCX4\">sostenible y<\/span><span class=\"NormalTextRun SCXW144631739 BCX4\"> multiuso para sus productos<\/span>.\u00a0<\/strong><\/p>\n<p>[\/et_pb_text][et_pb_button button_url=\u00bb@ET-DC@eyJkeW5hbWljIjp0cnVlLCJjb250ZW50IjoicG9zdF9saW5rX3VybF9wYWdlIiwic2V0dGluZ3MiOnsicG9zdF9pZCI6IjIyNDc3MSJ9fQ==@\u00bb button_text=\u00bbGama EVOPACK &#8211; Ver aqu\u00ed\u00bb button_alignment=\u00bbleft\u00bb _builder_version=\u00bb4.18.1&#8243; _dynamic_attributes=\u00bbbutton_url\u00bb _module_preset=\u00bbdefault\u00bb custom_button=\u00bbon\u00bb button_text_size=\u00bb10px\u00bb button_text_color=\u00bb#ffffff\u00bb button_bg_color=\u00bb#6caf3f\u00bb button_border_width=\u00bb10px\u00bb button_border_color=\u00bbrgba(47,56,84,0)\u00bb button_border_radius=\u00bb60px\u00bb button_letter_spacing=\u00bb1px\u00bb button_font=\u00bb|700||on|||||\u00bb button_use_icon=\u00bboff\u00bb animation_style=\u00bbfade\u00bb locked=\u00bboff\u00bb global_colors_info=\u00bb{}\u00bb button_border_radius__hover=\u00bb66px\u00bb button_border_radius__hover_enabled=\u00bbon\u00bb button_letter_spacing__hover=\u00bb1px\u00bb button_letter_spacing__hover_enabled=\u00bbon\u00bb][\/et_pb_button][\/et_pb_column][\/et_pb_row][\/et_pb_section]<\/p>\n","protected":false},"excerpt":{"rendered":"<p>EVOPACK\u00ae Malla de paletizaci\u00f3n &nbsp; La evoluci\u00f3n del embalaje: Proteja sus productos, de forma sostenible. &nbsp; La malla de paletizaci\u00f3n es la soluci\u00f3n ideal para utilizar en el embalaje de cualquier producto que requiera circulaci\u00f3n de aire para conservar sus propiedades.\u00a0\u00a0 Con una amplia y diversa gama de aplicaciones, se utiliza frecuentemente para frutas, vegetales, c\u00e9sped natural, madera, flores, etc.\u00a0\u00a0 Garantiza la estabilidad de los pal\u00e9s y permite no utilizar cantoneras debido a la facilidad con la que se adapta incluso a superficies irregulares. Dise\u00f1ado como una alternativa superior al film extensible; Producido a partir de materias primas \u201cRespetuosas con el Medio Ambiente\u201d; Permite la circulaci\u00f3n del aire; Es bastante el\u00e1stica, permitiendo embalar muchas m\u00e1s cargas por rollo; Compatible con m\u00e1quinas de paletizaci\u00f3n\/embalaje; Cobertura total en todos los bordes y curvas, siendo por ello adecuada para cargas irregulares; Mantiene su tensi\u00f3n; F\u00e1cil de usar. Sostenibilidad \u00a0 Participe en la acci\u00f3n de reducci\u00f3n de los residuos de pl\u00e1sticos. &nbsp; Hoy en d\u00eda, tambi\u00e9n se considera una alternativa superior al tradicional film de embalaje, siendo una soluci\u00f3n incomparablemente m\u00e1s sostenible debido a la menor necesidad de pl\u00e1stico para envolver un pal\u00e9. &nbsp; &nbsp; Producto 100% reciclable. &nbsp; &nbsp; Reducci\u00f3n de m\u00e1s del [&hellip;]<\/p>\n","protected":false},"author":0,"featured_media":0,"parent":0,"menu_order":0,"comment_status":"closed","ping_status":"closed","template":"","meta":{"_et_pb_use_builder":"on","_et_pb_old_content":"","_et_gb_content_width":"","footnotes":""},"class_list":["post-230438","page","type-page","status-publish","hentry"],"_links":{"self":[{"href":"https:\/\/exporplas.pt\/es\/wp-json\/wp\/v2\/pages\/230438","targetHints":{"allow":["GET"]}}],"collection":[{"href":"https:\/\/exporplas.pt\/es\/wp-json\/wp\/v2\/pages"}],"about":[{"href":"https:\/\/exporplas.pt\/es\/wp-json\/wp\/v2\/types\/page"}],"replies":[{"embeddable":true,"href":"https:\/\/exporplas.pt\/es\/wp-json\/wp\/v2\/comments?post=230438"}],"version-history":[{"count":0,"href":"https:\/\/exporplas.pt\/es\/wp-json\/wp\/v2\/pages\/230438\/revisions"}],"wp:attachment":[{"href":"https:\/\/exporplas.pt\/es\/wp-json\/wp\/v2\/media?parent=230438"}],"curies":[{"name":"wp","href":"https:\/\/api.w.org\/{rel}","templated":true}]}}