{"id":229710,"date":"2022-06-15T17:25:35","date_gmt":"2022-06-15T17:25:35","guid":{"rendered":"https:\/\/manage.exporplas\/greentech-amsterdam-2022\/"},"modified":"2023-01-13T17:39:38","modified_gmt":"2023-01-13T17:39:38","slug":"greentech-amsterdam-2022","status":"publish","type":"page","link":"https:\/\/exporplas.pt\/es\/greentech-amsterdam-2022\/","title":{"rendered":"GreenTech Amsterdam 2022"},"content":{"rendered":"<p>[et_pb_section fb_built=\u00bb1&#8243; _builder_version=\u00bb4.16&#8243; _module_preset=\u00bbdefault\u00bb background_color=\u00bb#FFFFFF\u00bb background_color_gradient_start=\u00bb#ffffff\u00bb background_color_gradient_end=\u00bb#dddddd\u00bb z_index=\u00bb3&#8243; custom_margin=\u00bb||1px||false|false\u00bb custom_margin_tablet=\u00bb||180px||false|false\u00bb custom_margin_phone=\u00bb||170px||false|false\u00bb custom_margin_last_edited=\u00bbon|phone\u00bb custom_padding=\u00bb45px||45px||false|false\u00bb global_colors_info=\u00bb{}\u00bb][et_pb_row column_structure=\u00bb1_2,1_2&#8243; _builder_version=\u00bb4.17.4&#8243; _module_preset=\u00bbdefault\u00bb custom_padding=\u00bb0px|||||\u00bb locked=\u00bboff\u00bb global_colors_info=\u00bb{}\u00bb][et_pb_column type=\u00bb1_2&#8243; _builder_version=\u00bb4.16&#8243; _module_preset=\u00bbdefault\u00bb global_colors_info=\u00bb{}\u00bb][et_pb_image src=\u00bbhttps:\/\/exporplas.pt\/wp-content\/uploads\/2022\/06\/GREENTECH_2022.png\u00bb title_text=\u00bbGREENTECH_2022&#8243; _builder_version=\u00bb4.17.4&#8243; _module_preset=\u00bbdefault\u00bb global_colors_info=\u00bb{}\u00bb][\/et_pb_image][et_pb_text _builder_version=\u00bb4.18.1&#8243; _module_preset=\u00bbdefault\u00bb text_font=\u00bb|300|||||||\u00bb text_text_color=\u00bb#1174ee\u00bb text_font_size=\u00bb35px\u00bb text_line_height=\u00bb1.2em\u00bb header_3_font=\u00bbMontserrat|600|||||||\u00bb header_3_text_color=\u00bb#6CAF3F\u00bb header_3_font_size=\u00bb35px\u00bb text_orientation=\u00bbcenter\u00bb hover_enabled=\u00bb0&#8243; text_font_size_tablet=\u00bb35px\u00bb text_font_size_phone=\u00bb35px\u00bb text_font_size_last_edited=\u00bbon|phone\u00bb header_font_size_tablet=\u00bb\u00bb header_font_size_phone=\u00bb30px\u00bb header_font_size_last_edited=\u00bbon|phone\u00bb header_3_font_size_tablet=\u00bb35px\u00bb header_3_font_size_phone=\u00bb26px\u00bb header_3_font_size_last_edited=\u00bbon|phone\u00bb global_colors_info=\u00bb{}\u00bb sticky_enabled=\u00bb0&#8243;]<\/p>\n<h3 style=\"text-align: left;\">EXPORPL\u00c1S EN GREENTECH AMSTERDAM<\/h3>\n<p>[\/et_pb_text][et_pb_text _builder_version=\u00bb4.18.1&#8243; _module_preset=\u00bbdefault\u00bb hover_enabled=\u00bb0&#8243; locked=\u00bboff\u00bb global_colors_info=\u00bb{}\u00bb header_font=\u00bbMontserrat||||||||\u00bb sticky_enabled=\u00bb0&#8243;]<\/p>\n<h1 style=\"text-align: left;\"><em>No es tan sencillo como podr\u00eda pensarse!<\/em><\/h1>\n<p>&nbsp;<\/p>\n<p>\u00bfSab\u00eda que el hilo hort\u00edcola, antes de ser utilizado, tiene que cumplir una serie de requisitos t\u00e9cnicos que, aunque parezcan simples, suponen toda la diferencia en su rendimiento? No es tan sencillo como podr\u00eda pensarse.[\/et_pb_text][et_pb_text _builder_version=\u00bb4.17.4&#8243; _module_preset=\u00bbdefault\u00bb locked=\u00bboff\u00bb global_colors_info=\u00bb{}\u00bb]Caracter\u00edsticas como la resistencia al desgaste, la capacidad de ca\u00edda libre, la suavidad y la flexibilidad o la estabilidad en la protecci\u00f3n contra los rayos UV, forman parte de la investigaci\u00f3n y del desarrollo continuos del departamento de I+D de EXPORPL\u00c1S.<\/p>\n<p>&nbsp;<\/p>\n<p><span class=\"TextRun SCXW225656868 BCX4\" lang=\"ES-ES\" xml:lang=\"ES-ES\" data-contrast=\"auto\"><span class=\"NormalTextRun SCXW225656868 BCX4\">Buscamos siempre mejorar el equilibrio entre todas las distintas propiedades que son fundamentales en la <\/span><\/span><span class=\"TextRun SCXW225656868 BCX4\" lang=\"ES-ES\" xml:lang=\"ES-ES\" data-contrast=\"auto\"><span class=\"NormalTextRun SCXW225656868 BCX4\">performance<\/span><\/span><span class=\"TextRun SCXW225656868 BCX4\" lang=\"ES-ES\" xml:lang=\"ES-ES\" data-contrast=\"auto\"><span class=\"NormalTextRun SCXW225656868 BCX4\"> de nuestra gama de productos<\/span><\/span>.[\/et_pb_text][\/et_pb_column][et_pb_column type=\u00bb1_2&#8243; _builder_version=\u00bb4.17.4&#8243; _module_preset=\u00bbdefault\u00bb global_colors_info=\u00bb{}\u00bb][et_pb_text _builder_version=\u00bb4.18.1&#8243; _module_preset=\u00bbdefault\u00bb hover_enabled=\u00bb0&#8243; locked=\u00bboff\u00bb global_colors_info=\u00bb{}\u00bb header_font=\u00bbMontserrat||||||||\u00bb sticky_enabled=\u00bb0&#8243;]<\/p>\n<h1 style=\"text-align: left;\">100% Reciclable<\/h1>\n<p>&nbsp;<\/p>\n<p><span class=\"NormalTextRun SCXW119871300 BCX4\">En esta edici\u00f3n de GREENTECH AMSTERDAM, tambi\u00e9n presentaremos una gama de productos transversales a varios sectores de actividad, la gama EVOPACK &#8211; una soluci\u00f3n <\/span><span class=\"NormalTextRun SCXW119871300 BCX4\">eficaz y<\/span><span class=\"NormalTextRun SCXW119871300 BCX4\"> respetuosa con el medio ambiente para proteger sus productos<\/span>.<br \/>\n<span class=\"NormalTextRun SCXW14015576 BCX4\">Nuestra gama <\/span><span class=\"NormalTextRun SCXW14015576 BCX4\">EVOPACK adem\u00e1s<\/span><span class=\"NormalTextRun SCXW14015576 BCX4\"> de <\/span><span class=\"NormalTextRun SCXW14015576 BCX4\">ser multiusos<\/span> <span class=\"NormalTextRun SCXW14015576 BCX4\">es tambi\u00e9n<\/span><span class=\"NormalTextRun SCXW14015576 BCX4\"> SOSTENIBLE<\/span>.<\/p>\n<p>&nbsp;<\/p>\n<h1 style=\"text-align: left;\"><span class=\"NormalTextRun SCXW225689646 BCX4\">\u00a1Nos <\/span><span class=\"SpellingError SCXW225689646 BCX4\">vemos<\/span> <span class=\"SpellingError SCXW225689646 BCX4\">all\u00ed<\/span>!<\/h1>\n<p>[\/et_pb_text][et_pb_image src=\u00bbhttps:\/\/exporplas.pt\/wp-content\/uploads\/2022\/06\/Stand1_Op.jpg\u00bb title_text=\u00bbStand1_Op\u00bb _builder_version=\u00bb4.17.4&#8243; _module_preset=\u00bbdefault\u00bb global_colors_info=\u00bb{}\u00bb][\/et_pb_image][et_pb_image src=\u00bbhttps:\/\/exporplas.pt\/wp-content\/uploads\/2022\/06\/Entrance1_Op.jpg\u00bb title_text=\u00bbEntrance1_Op\u00bb _builder_version=\u00bb4.17.4&#8243; _module_preset=\u00bbdefault\u00bb global_colors_info=\u00bb{}\u00bb][\/et_pb_image][\/et_pb_column][\/et_pb_row][\/et_pb_section]<\/p>\n","protected":false},"excerpt":{"rendered":"<p>EXPORPL\u00c1S EN GREENTECH AMSTERDAMNo es tan sencillo como podr\u00eda pensarse! &nbsp; \u00bfSab\u00eda que el hilo hort\u00edcola, antes de ser utilizado, tiene que cumplir una serie de requisitos t\u00e9cnicos que, aunque parezcan simples, suponen toda la diferencia en su rendimiento? No es tan sencillo como podr\u00eda pensarse.Caracter\u00edsticas como la resistencia al desgaste, la capacidad de ca\u00edda libre, la suavidad y la flexibilidad o la estabilidad en la protecci\u00f3n contra los rayos UV, forman parte de la investigaci\u00f3n y del desarrollo continuos del departamento de I+D de EXPORPL\u00c1S. &nbsp; Buscamos siempre mejorar el equilibrio entre todas las distintas propiedades que son fundamentales en la performance de nuestra gama de productos.100% Reciclable &nbsp; En esta edici\u00f3n de GREENTECH AMSTERDAM, tambi\u00e9n presentaremos una gama de productos transversales a varios sectores de actividad, la gama EVOPACK &#8211; una soluci\u00f3n eficaz y respetuosa con el medio ambiente para proteger sus productos. Nuestra gama EVOPACK adem\u00e1s de ser multiusos es tambi\u00e9n SOSTENIBLE. &nbsp; \u00a1Nos vemos all\u00ed!<\/p>\n","protected":false},"author":0,"featured_media":0,"parent":0,"menu_order":0,"comment_status":"closed","ping_status":"closed","template":"","meta":{"_et_pb_use_builder":"on","_et_pb_old_content":"","_et_gb_content_width":"","footnotes":""},"class_list":["post-229710","page","type-page","status-publish","hentry"],"_links":{"self":[{"href":"https:\/\/exporplas.pt\/es\/wp-json\/wp\/v2\/pages\/229710","targetHints":{"allow":["GET"]}}],"collection":[{"href":"https:\/\/exporplas.pt\/es\/wp-json\/wp\/v2\/pages"}],"about":[{"href":"https:\/\/exporplas.pt\/es\/wp-json\/wp\/v2\/types\/page"}],"replies":[{"embeddable":true,"href":"https:\/\/exporplas.pt\/es\/wp-json\/wp\/v2\/comments?post=229710"}],"version-history":[{"count":0,"href":"https:\/\/exporplas.pt\/es\/wp-json\/wp\/v2\/pages\/229710\/revisions"}],"wp:attachment":[{"href":"https:\/\/exporplas.pt\/es\/wp-json\/wp\/v2\/media?parent=229710"}],"curies":[{"name":"wp","href":"https:\/\/api.w.org\/{rel}","templated":true}]}}